{"id":288,"date":"2024-06-26T14:15:06","date_gmt":"2024-06-26T14:15:06","guid":{"rendered":"https:\/\/rfid-laundry-tag.com\/?post_type=product&#038;p=288"},"modified":"2024-06-26T14:15:06","modified_gmt":"2024-06-26T14:15:06","slug":"blank-white-nfc-sticker-ntag213","status":"publish","type":"product","link":"https:\/\/rfid-laundry-tag.com\/fr\/blank-white-nfc-sticker-ntag213\/","title":{"rendered":"Autocollant NFC blanc vierge-Ntag213"},"content":{"rendered":"<table>\n<tbody>\n<tr>\n<td data-spm-anchor-id=\"a2700.details.0.i52.34f549a07q0gF1\">Material<\/td>\n<td>Paper,thermal paper, PVC, PET etc<\/td>\n<\/tr>\n<tr>\n<td>NFC\u00a0Forum\u00a0compliance<\/td>\n<td>Type\u00a02\u00a0Tag<\/td>\n<\/tr>\n<tr>\n<td>Input\u00a0capacitance\u00a0[pF]<\/td>\n<td>50<\/td>\n<\/tr>\n<tr>\n<td>NFC\u00a0tag\u00a0type\u00a0baudrate\u00a0[kbit\/s]<\/td>\n<td>106<\/td>\n<\/tr>\n<tr>\n<td data-spm-anchor-id=\"a2700.details.0.i54.34f549a07q0gF1\">Product\u00a0description<\/td>\n<td data-spm-anchor-id=\"a2700.details.0.i53.34f549a07q0gF1\">Passive\u00a0NFC\u00a0tag\u00a0for\u00a0smart\u00a0inlays,labels\u00a0and\u00a0tags<\/td>\n<\/tr>\n<tr>\n<td>Ntag\u00a0chip<\/td>\n<td>NXP Ntag213<\/td>\n<\/tr>\n<tr>\n<td>User\u00a0memory\u00a0[Bytes]<\/td>\n<td>144<\/td>\n<\/tr>\n<tr>\n<td data-spm-anchor-id=\"a2700.details.0.i51.34f549a07q0gF1\">Operating\u00a0distance\u00a0up\u00a0to\u00a0[mm]\u00a0(1)<\/td>\n<td>100<\/td>\n<\/tr>\n<tr>\n<td>Package<\/td>\n<td>Wafer,\u00a0M0A8<\/td>\n<\/tr>\n<tr>\n<td>Temperature\u00a0range\u00a0[\u00b0C]<\/td>\n<td>-25\u00a0to\u00a0+70<\/td>\n<\/tr>\n<tr>\n<td colspan=\"2\">Security\u00a0features<\/td>\n<\/tr>\n<tr>\n<td>UID\u00a0ASCII\u00a0mirror\u00a0&amp;\u00a0NFC\u00a0counter\u00a0ASCII\u00a0mirror<\/td>\n<td>Yes<\/td>\n<\/tr>\n<tr>\n<td>Authentication\u00a0via\u00a0ECC<\/td>\n<td>Yes<\/td>\n<\/tr>\n<tr>\n<td>Access\u00a0keys<\/td>\n<td>32\u00a0bit<\/td>\n<\/tr>\n<tr>\n<td>Read\/Write\u00a0protection<\/td>\n<td>NFC<\/td>\n<\/tr>\n<tr>\n<td>Password\u00a0authentication\u00a0counter<\/td>\n<td>Yes<\/td>\n<\/tr>\n<\/tbody>\n<\/table>\n<p>&nbsp;<\/p>\n<p>The round NFC sticker, equipped with an NXP NTAG213 NFC chip, is designed as tamper-proof. Its delicate paper and antenna are both designed to be destroyed once peeled off the surface they&#8217;re adhered to. The antenna is imprinted directly onto the top layer of the matte white delicate paper. To maintain its tamper-proof feature, the paper layer is left unprotected without an overlay.<\/p>\n<div class=\"auto-hide-last-sibling-br paragraph_9dc5f paragraph-element\"><strong>The specifications are as follows:<\/strong><\/div>\n<ul class=\"auto-hide-last-sibling-br\">\n<li>Frequency: Operating at a frequency of 13.56 MHz, which is the standard for Near Field Communication (NFC).<\/li>\n<li>NFC Certification: They are certified by the NFC Forum, ensuring their compatibility and performance.<\/li>\n<li>NDEF Formatting: The inlays arrive pre-formatted with NDEF (NFC Data Exchange Format), facilitating easy data storage and communication.<\/li>\n<li>Chip: They are equipped with the NXP NTAG213 chip, popular for its optimal performance and vast compatibility.<\/li>\n<li>UID: The 7-byte UID (Unique Identifier) allows for unique identification of each sticker.<\/li>\n<li>NFC Memory: With a memory of 144 bytes, each sticker can store a reasonable amount of data.<\/li>\n<li>NFC Standards: Compliant with ISO 14443 Type A and NFC Forum &#8211; Type 2 standards, these stickers feature high connectivity and compatibility with a range of NFC-enabled devices.<\/li>\n<\/ul>\n<div class=\"auto-hide-last-sibling-br paragraph_9dc5f paragraph-element\">Blank white NFC Stickers can be used in a wide range of applications, including but not limited to:<\/div>\n<ol class=\"auto-hide-last-sibling-br\">\n<li>\n<div class=\"auto-hide-last-sibling-br paragraph_9dc5f paragraph-element\"><strong>Marketing<\/strong>: They can be attached to posters, flyers, or product packaging. When customers scan the sticker with their NFC-enabled device, they are directed to a webpage or app, allowing businesses to provide additional information or special offers.<\/div>\n<\/li>\n<li>\n<div class=\"auto-hide-last-sibling-br paragraph_9dc5f paragraph-element\"><strong>Authentication<\/strong>: Companies can use NFC stickers to combat counterfeiting. By embedding an NFC sticker onto a product or its packaging, the authenticity of the product can be verified through a specific app or webpage.<\/div>\n<\/li>\n<li>\n<div class=\"auto-hide-last-sibling-br paragraph_9dc5f paragraph-element\"><strong>Access Control<\/strong>: NFC stickers can be used in place of traditional access cards or key fobs. For example, they can be used to gain access to buildings, parking lots, or even certain features on a device.<\/div>\n<\/li>\n<li>\n<div class=\"auto-hide-last-sibling-br paragraph_9dc5f paragraph-element\"><strong>Contact Sharing<\/strong>: By encoding contact information on an NFC sticker, you can easily share details such as phone numbers, email addresses, and social media profiles.<\/div>\n<\/li>\n<li>\n<div class=\"auto-hide-last-sibling-br paragraph_9dc5f paragraph-element\"><strong>Smart Home Automation<\/strong>: NFC stickers can simplify daily routines. For example, you can set a sticker near your bedside that, when scanned, turns off the lights and sets your alarm for the next day.<\/div>\n<\/li>\n<\/ol>\n<div class=\"auto-hide-last-sibling-br paragraph_9dc5f paragraph-element\">Remember, these blank white NFC Stickers can be custom-programmed to suit your specific needs.<\/div>\n","protected":false},"excerpt":{"rendered":"<p>Les autocollants NFC blancs vierges Ntag213 sont un type d&#039;\u00e9tiquettes NFC dans lesquelles une puce NFC est incorpor\u00e9e dans divers mat\u00e9riaux comme le papier, le PET ou autres. Ils sont disponibles dans une gamme de tailles et de formes au choix. De plus, nous offrons la possibilit\u00e9 d&#039;imprimer ces autocollants NFC sur mesure avec votre logo unique, des graphiques ou m\u00eame un num\u00e9ro de s\u00e9rie.<\/p>","protected":false},"featured_media":289,"template":"","meta":{"_kad_post_transparent":"default","_kad_post_title":"","_kad_post_layout":"default","_kad_post_sidebar_id":"","_kad_post_content_style":"default","_kad_post_vertical_padding":"default","_kad_post_feature":"","_kad_post_feature_position":"","_kad_post_header":false,"_kad_post_footer":false,"_kad_post_classname":""},"product_brand":[],"product_cat":[54],"product_tag":[113,114,115],"class_list":{"0":"post-288","1":"product","2":"type-product","3":"status-publish","4":"has-post-thumbnail","6":"product_cat-hot-selling-rfid-tags","7":"product_tag-blank-white-nfc-sticker","8":"product_tag-nfc-label","9":"product_tag-ntag213-nfc-sticker","11":"first","12":"instock","13":"shipping-taxable","14":"product-type-simple","15":"entry","16":"content-bg","17":"loop-entry"},"_links":{"self":[{"href":"https:\/\/rfid-laundry-tag.com\/fr\/wp-json\/wp\/v2\/product\/288","targetHints":{"allow":["GET"]}}],"collection":[{"href":"https:\/\/rfid-laundry-tag.com\/fr\/wp-json\/wp\/v2\/product"}],"about":[{"href":"https:\/\/rfid-laundry-tag.com\/fr\/wp-json\/wp\/v2\/types\/product"}],"version-history":[{"count":0,"href":"https:\/\/rfid-laundry-tag.com\/fr\/wp-json\/wp\/v2\/product\/288\/revisions"}],"wp:featuredmedia":[{"embeddable":true,"href":"https:\/\/rfid-laundry-tag.com\/fr\/wp-json\/wp\/v2\/media\/289"}],"wp:attachment":[{"href":"https:\/\/rfid-laundry-tag.com\/fr\/wp-json\/wp\/v2\/media?parent=288"}],"wp:term":[{"taxonomy":"product_brand","embeddable":true,"href":"https:\/\/rfid-laundry-tag.com\/fr\/wp-json\/wp\/v2\/product_brand?post=288"},{"taxonomy":"product_cat","embeddable":true,"href":"https:\/\/rfid-laundry-tag.com\/fr\/wp-json\/wp\/v2\/product_cat?post=288"},{"taxonomy":"product_tag","embeddable":true,"href":"https:\/\/rfid-laundry-tag.com\/fr\/wp-json\/wp\/v2\/product_tag?post=288"}],"curies":[{"name":"wp","href":"https:\/\/api.w.org\/{rel}","templated":true}]}}