{"id":2860,"date":"2024-11-05T13:06:31","date_gmt":"2024-11-05T13:06:31","guid":{"rendered":"https:\/\/rfid-laundry-tag.com\/?post_type=product&#038;p=2860"},"modified":"2024-11-05T13:13:50","modified_gmt":"2024-11-05T13:13:50","slug":"rfid-keyfobs-abs-iso14443a","status":"publish","type":"product","link":"https:\/\/rfid-laundry-tag.com\/fr\/rfid-keyfobs-abs-iso14443a\/","title":{"rendered":"Porte-cl\u00e9s RFID ABS ISO14443A"},"content":{"rendered":"<h2>Porte-cl\u00e9s RFID ABS ISO14443A<\/h2>\n<table class=\"has-title all magic-13\">\n<tbody>\n<tr>\n<td colspan=\"1\" rowspan=\"2\">\n<div class=\"magic-14\">mat\u00e9riel<\/div>\n<\/td>\n<td colspan=\"1\" rowspan=\"1\">\n<div class=\"magic-15\">Mat\u00e9riau de l&#039;antenne : feuille d&#039;aluminium<\/div>\n<\/td>\n<\/tr>\n<tr>\n<td colspan=\"1\" rowspan=\"1\">\n<div class=\"magic-15\" data-spm-anchor-id=\"a2700.details.0.i43.3c939b1b0qFtg1\">mat\u00e9riau de surface : ABS\/cuir\/bois<\/div>\n<\/td>\n<\/tr>\n<tr>\n<td colspan=\"1\" rowspan=\"1\">\n<div class=\"magic-17\">taille<\/div>\n<\/td>\n<td colspan=\"1\" rowspan=\"1\">\n<div class=\"magic-15\" data-spm-anchor-id=\"a2700.details.0.i41.3c939b1b0qFtg1\">40,38*31,5 mm, 35,5*28 mm, 51,5*32 mm, ou personnalis\u00e9<\/div>\n<\/td>\n<\/tr>\n<tr>\n<td colspan=\"1\" rowspan=\"1\">\n<div class=\"magic-17\">Artisanat personnalis\u00e9<\/div>\n<\/td>\n<td colspan=\"1\" rowspan=\"1\">\n<div class=\"magic-15\">Impression s\u00e9rigraphique du logo \/ code UID, code s\u00e9rie ou personnalis\u00e9<\/div>\n<\/td>\n<\/tr>\n<tr>\n<td colspan=\"1\" rowspan=\"1\">\n<div class=\"magic-17\">Temp\u00e9rature de fonctionnement<\/div>\n<\/td>\n<td colspan=\"1\" rowspan=\"1\">\n<div class=\"magic-15\">-20\u00b0C~+90 \u00b0C<\/div>\n<\/td>\n<\/tr>\n<tr>\n<td colspan=\"1\" rowspan=\"1\">\n<div class=\"magic-17\">encoder<\/div>\n<\/td>\n<td colspan=\"1\" rowspan=\"1\">\n<div class=\"magic-15\">puce inscriptible disponible<\/div>\n<\/td>\n<\/tr>\n<tr>\n<td colspan=\"1\" rowspan=\"1\">\n<div class=\"magic-17\">options de couleur<\/div>\n<\/td>\n<td colspan=\"1\" rowspan=\"1\">\n<div class=\"magic-15\" data-spm-anchor-id=\"a2700.details.0.i42.3c939b1b0qFtg1\">Rouge, bleu, noir, violet, orange, jaune (peut \u00eatre personnalis\u00e9)<\/div>\n<\/td>\n<\/tr>\n<tr>\n<td colspan=\"1\" rowspan=\"1\">\n<div class=\"magic-17\">Distance de lecture<\/div>\n<\/td>\n<td colspan=\"1\" rowspan=\"1\">\n<div class=\"magic-15\">1 \u00e0 10 cm (selon le lecteur)<\/div>\n<\/td>\n<\/tr>\n<tr>\n<td colspan=\"1\" rowspan=\"1\">\n<div class=\"magic-17\">applications<\/div>\n<\/td>\n<td colspan=\"1\" rowspan=\"1\">\n<div class=\"magic-15\" data-spm-anchor-id=\"a2700.details.0.i40.3c939b1b0qFtg1\">syst\u00e8me d&#039;adh\u00e9sion\/salle de sport\/contr\u00f4le d&#039;acc\u00e8s\/paiement etc.<\/div>\n<\/td>\n<\/tr>\n<\/tbody>\n<\/table>\n<p><strong>Porte-cl\u00e9s RFID<\/strong> sont \u00e0 l&#039;avant-garde de la gestion d&#039;acc\u00e8s s\u00e9curis\u00e9e et pratique. Ces petits appareils l\u00e9gers utilisent <strong>identification par radiofr\u00e9quence<\/strong> La technologie RFID permet un acc\u00e8s rapide et transparent aux zones s\u00e9curis\u00e9es. Elle est couramment utilis\u00e9e dans divers secteurs, notamment l&#039;h\u00f4tellerie, les immeubles de bureaux et les propri\u00e9t\u00e9s r\u00e9sidentielles, pour les syst\u00e8mes de contr\u00f4le d&#039;acc\u00e8s s\u00e9curis\u00e9s.<\/p>\n<p>Dans cette description de produit, nous explorerons les caract\u00e9ristiques et les avantages de <strong>Porte-cl\u00e9s RFID<\/strong>, en se concentrant sur le <strong>ABS ISO14443A<\/strong> Sp\u00e9cification. Nous expliquerons pourquoi ces porte-cl\u00e9s sont le choix privil\u00e9gi\u00e9 des entreprises et des particuliers \u00e0 la recherche de solutions d&#039;acc\u00e8s efficaces, s\u00e9curis\u00e9es et faciles \u00e0 utiliser.<\/p>\n<p><strong>Porte-cl\u00e9s RFID<\/strong> sont \u00e0 l&#039;avant-garde de la gestion d&#039;acc\u00e8s s\u00e9curis\u00e9e et pratique. Ces petits appareils l\u00e9gers utilisent <strong>identification par radiofr\u00e9quence<\/strong> La technologie RFID permet un acc\u00e8s rapide et transparent aux zones s\u00e9curis\u00e9es. Elle est couramment utilis\u00e9e dans divers secteurs, notamment l&#039;h\u00f4tellerie, les immeubles de bureaux et les propri\u00e9t\u00e9s r\u00e9sidentielles, pour les syst\u00e8mes de contr\u00f4le d&#039;acc\u00e8s s\u00e9curis\u00e9s.<\/p>\n<h2><strong>Qu&#039;est-ce qu&#039;un porte-cl\u00e9s RFID ?<\/strong><\/h2>\n<p>Un <strong>Porte-cl\u00e9s RFID<\/strong> est un appareil compact et portable qui communique avec un <strong>Lecteur RFID<\/strong> pour accorder l&#039;acc\u00e8s \u00e0 une zone s\u00e9curis\u00e9e. Il contient g\u00e9n\u00e9ralement une petite puce \u00e9lectronique et une antenne int\u00e9gr\u00e9es dans un <strong>Bo\u00eetier en ABS<\/strong>. Le <strong>Fr\u00e9quence 13,56 MHz<\/strong> Les porte-cl\u00e9s RFID utilis\u00e9s par la norme ISO14443A garantissent une d\u00e9tection fiable et rapide, ce qui en fait une solution tr\u00e8s efficace pour les syst\u00e8mes de contr\u00f4le d&#039;acc\u00e8s.<\/p>\n<p>Contrairement aux cl\u00e9s ou aux cartes traditionnelles, une <strong>Porte-cl\u00e9s RFID<\/strong> ne n\u00e9cessite pas de contact physique avec le lecteur ; il fonctionne sur <strong>sans contact<\/strong> principes, le rendant \u00e0 la fois plus s\u00fbr et plus pratique. Les utilisateurs peuvent simplement approcher leur cl\u00e9 d&#039;un lecteur pour y acc\u00e9der, \u00e9liminant ainsi le besoin de d\u00e9verrouillage manuel ou de codes PIN.<\/p>\n<hr \/>\n<h2><strong>Principales caract\u00e9ristiques des porte-cl\u00e9s RFID<\/strong><\/h2>\n<h3><strong>1. Contr\u00f4le d&#039;acc\u00e8s s\u00e9curis\u00e9<\/strong><\/h3>\n<p>L\u2019un des plus grands avantages de l\u2019utilisation <strong>Porte-cl\u00e9s RFID<\/strong> est une s\u00e9curit\u00e9 renforc\u00e9e. Ces appareils offrent plusieurs niveaux de protection, notamment des protocoles de cryptage, emp\u00eachant les utilisateurs non autoris\u00e9s d&#039;y acc\u00e9der. <strong>13,56 MHz<\/strong> fr\u00e9quence utilis\u00e9e par <strong>Porte-cl\u00e9s ISO14443A<\/strong> assure une compatibilit\u00e9 \u00e9lev\u00e9e avec divers <strong>syst\u00e8mes de contr\u00f4le d&#039;acc\u00e8s<\/strong>, des serrures d\u2019h\u00f4tel aux portes d\u2019entr\u00e9e de bureau.<\/p>\n<p>En utilisant la technologie RFID, <strong>Porte-cl\u00e9s RFID<\/strong> offre <strong>entr\u00e9e sans cl\u00e9<\/strong>, r\u00e9duisant ainsi le risque de crochetage ou de duplication non autoris\u00e9e. Lorsqu&#039;il est int\u00e9gr\u00e9 dans <strong>contr\u00f4le d&#039;acc\u00e8s<\/strong> syst\u00e8mes, ces porte-cl\u00e9s servent de jeton s\u00e9curis\u00e9 pour v\u00e9rifier et authentifier les utilisateurs avec un minimum d&#039;effort.<\/p>\n<h3><strong>2. Construction ABS durable<\/strong><\/h3>\n<p>La construction de <strong>Porte-cl\u00e9s RFID<\/strong> est tout aussi important que leur fonctionnalit\u00e9. Ces porte-cl\u00e9s sont fabriqu\u00e9s \u00e0 partir de <strong>Plastique ABS<\/strong>, un mat\u00e9riau durable et l\u00e9ger qui peut r\u00e9sister \u00e0 diverses conditions environnementales. Que vous les utilisiez dans un environnement de bureau ou que vous les transportiez sur un porte-cl\u00e9s, ces porte-cl\u00e9s sont con\u00e7us pour durer.<\/p>\n<p>Le <strong>Bo\u00eetier en ABS<\/strong> prot\u00e8ge non seulement les composants internes mais garantit \u00e9galement que le porte-cl\u00e9s reste op\u00e9rationnel m\u00eame apr\u00e8s une utilisation prolong\u00e9e. Leur taille compacte et leur conception robuste les rendent r\u00e9sistants \u00e0 l&#039;usure, garantissant une solution durable pour les besoins de contr\u00f4le d&#039;acc\u00e8s.<\/p>\n<h3><strong>3. Int\u00e9gration facile avec les syst\u00e8mes RFID<\/strong><\/h3>\n<p><strong>Porte-cl\u00e9s RFID<\/strong> sont enti\u00e8rement compatibles avec la plupart <strong>Syst\u00e8mes RFID<\/strong>Que vous souhaitiez passer de cartes-cl\u00e9s traditionnelles \u00e0 un syst\u00e8me de contr\u00f4le d&#039;acc\u00e8s enti\u00e8rement nouveau, ces porte-cl\u00e9s s&#039;int\u00e8grent parfaitement \u00e0 l&#039;infrastructure existante. <strong>ISO14443A<\/strong> La norme est largement reconnue et utilis\u00e9e dans diverses industries, garantissant la compatibilit\u00e9 avec les lecteurs et les logiciels.<\/p>\n<p>En outre, de nombreux <strong>Porte-cl\u00e9s RFID<\/strong> sont <strong>r\u00e9inscriptible<\/strong>, permettant aux entreprises de modifier les identifiants d&#039;acc\u00e8s selon les besoins sans acheter de nouveaux porte-cl\u00e9s. <strong>flexibilit\u00e9<\/strong> fait des porte-cl\u00e9s RFID un excellent investissement \u00e0 long terme pour les organisations \u00e0 la recherche de solutions d&#039;acc\u00e8s \u00e9volutives.<\/p>\n<hr \/>\n<h2><strong>Pourquoi choisir les porte-cl\u00e9s RFID ISO14443A ?<\/strong><\/h2>\n<h3><strong>4. Haute fr\u00e9quence pour une r\u00e9ponse plus rapide<\/strong><\/h3>\n<p><strong>Porte-cl\u00e9s RFID 13,56 MHz<\/strong>, comme le <strong>ISO14443A<\/strong>, offrent une gamme de hautes fr\u00e9quences qui permet <strong>d\u00e9tection rapide<\/strong> et la communication avec le lecteur RFID. Cette gamme haute fr\u00e9quence garantit un acc\u00e8s rapide et efficace, am\u00e9liorant ainsi l&#039;exp\u00e9rience utilisateur.<\/p>\n<p>Lorsque vous approchez le porte-cl\u00e9s du lecteur, le syst\u00e8me identifie rapidement les informations d&#039;identification stock\u00e9es dans le porte-cl\u00e9s, ce qui permet d&#039;acc\u00e9der au syst\u00e8me en une fraction de seconde. Ce temps de r\u00e9ponse rapide est particuli\u00e8rement important dans les zones \u00e0 fort trafic, car il permet d&#039;\u00e9viter la formation de files d&#039;attente et d&#039;autoriser l&#039;entr\u00e9e et la sortie des personnes sans d\u00e9lai.<\/p>\n<h3><strong>5. Polyvalence dans de multiples applications<\/strong><\/h3>\n<p><strong>Porte-cl\u00e9s RFID<\/strong> sont tr\u00e8s polyvalents et peuvent \u00eatre utilis\u00e9s dans une vari\u00e9t\u00e9 d&#039;applications au-del\u00e0 des simples serrures de porte. Certaines utilisations courantes pour <strong>Porte-cl\u00e9s RFID<\/strong> inclure:<\/p>\n<ul>\n<li><strong>Acc\u00e8s aux chambres d&#039;h\u00f4tel :<\/strong> Les clients peuvent utiliser leur porte-cl\u00e9s pour d\u00e9verrouiller la porte de leur chambre d&#039;h\u00f4tel.<\/li>\n<li><strong>S\u00e9curit\u00e9 au travail :<\/strong> Les employ\u00e9s peuvent utiliser le porte-cl\u00e9s pour acc\u00e9der aux bureaux, aux salles de serveurs ou aux zones restreintes.<\/li>\n<li><strong>Paiement et identification :<\/strong> Certain <strong>Porte-cl\u00e9s RFID<\/strong> peut \u00e9galement \u00eatre utilis\u00e9 pour effectuer des paiements ou pour l&#039;identification dans les programmes d&#039;adh\u00e9sion.<\/li>\n<\/ul>\n<p>Gr\u00e2ce \u00e0 leur petite taille et \u00e0 leur portabilit\u00e9, ces porte-cl\u00e9s constituent une solution pratique pour un large \u00e9ventail d&#039;industries.<\/p>\n<h3><strong>6. Technologie sans contact pour plus de commodit\u00e9 et d&#039;hygi\u00e8ne<\/strong><\/h3>\n<p>Dans le monde d\u2019aujourd\u2019hui, <strong>technologie sans contact<\/strong> a suscit\u00e9 une attention consid\u00e9rable en raison des avantages qu\u2019il procure en mati\u00e8re d\u2019hygi\u00e8ne. <strong>Porte-cl\u00e9s RFID<\/strong> Les serrures sans contact sont sans contact, ce qui signifie que les utilisateurs n&#039;ont pas besoin de toucher physiquement une serrure ou un lecteur. Cela r\u00e9duit le risque de transfert de germes et de bact\u00e9ries, ce qui en fait un choix id\u00e9al pour les environnements tels que les h\u00f4pitaux, les \u00e9coles et les bureaux o\u00f9 l&#039;hygi\u00e8ne est essentielle.<\/p>\n<p>De plus, cela <strong>entr\u00e9e sans cl\u00e9<\/strong> Le syst\u00e8me ajoute de la commodit\u00e9. Les utilisateurs n&#039;ont pas besoin de chercher des cl\u00e9s ou de se souvenir des codes PIN : ils peuvent simplement transporter leurs <strong>Porte-cl\u00e9s RFID<\/strong> sur leur porte-cl\u00e9s ou dans leur poche, pr\u00eats \u00e0 l&#039;emploi d\u00e8s que n\u00e9cessaire.<\/p>\n<p>Ces <strong>Porte-cl\u00e9s RFID<\/strong> fonctionner \u00e0 un <strong>Fr\u00e9quence 13,56 MHz<\/strong>, les rendant compatibles avec la plupart <strong>Lecteurs RFID<\/strong> utilis\u00e9s dans les syst\u00e8mes de contr\u00f4le d&#039;acc\u00e8s modernes. Les porte-cl\u00e9s sont fabriqu\u00e9s \u00e0 partir de mat\u00e9riaux de haute qualit\u00e9 <strong>Plastique ABS<\/strong>, garantissant une conception durable et l\u00e9g\u00e8re, \u00e0 la fois portable et durable.<\/p>\n<hr \/>\n<h2><strong>Impact environnemental et durabilit\u00e9<\/strong><\/h2>\n<p>\u00c0 mesure que les organisations \u00e9voluent vers <strong>acc\u00e8s sans contact<\/strong> et des solutions de s\u00e9curit\u00e9, il est important de prendre en compte l&#039;impact environnemental de ces produits. <strong>Plastique ABS<\/strong> utilis\u00e9 dans <strong>Porte-cl\u00e9s RFID<\/strong> est un mat\u00e9riau largement recyclable. De plus, <strong>Syst\u00e8mes RFID<\/strong> contribuent eux-m\u00eames \u00e0 r\u00e9duire le besoin de cl\u00e9s physiques et de serrures traditionnelles, r\u00e9duisant ainsi encore davantage l\u2019empreinte environnementale globale.<\/p>\n<p>De plus, de nombreux <strong>Porte-cl\u00e9s RFID<\/strong> peut \u00eatre <strong>r\u00e9\u00e9crit<\/strong>, ce qui signifie qu&#039;il n&#039;est pas n\u00e9cessaire de les remplacer constamment. Cela r\u00e9duit les d\u00e9chets \u00e9lectroniques, ce qui en fait un choix durable pour les entreprises et les particuliers \u00e0 la recherche de solutions respectueuses de l&#039;environnement.<\/p>\n<hr \/>\n<h2><strong>Avis et commentaires des clients<\/strong><\/h2>\n<p>De nombreux clients appr\u00e9cient la commodit\u00e9 et la s\u00e9curit\u00e9 que <strong>Porte-cl\u00e9s RFID<\/strong> fournir. Voici un bref r\u00e9sum\u00e9 des commentaires courants\u00a0:<\/p>\n<ul>\n<li><strong>\u00ab Acc\u00e8s pratique et rapide ! \u00bb<\/strong> \u2013 De nombreux utilisateurs soulignent la rapidit\u00e9 et l\u2019efficacit\u00e9 de <strong>Porte-cl\u00e9s RFID<\/strong>Le temps de r\u00e9ponse rapide en fait un choix id\u00e9al pour les environnements tr\u00e8s fr\u00e9quent\u00e9s comme les immeubles de bureaux et les h\u00f4tels.<\/li>\n<li><strong>\u00ab Durable et fiable \u00bb<\/strong> \u2013 Les clients appr\u00e9cient \u00e9galement la <strong>construction durable<\/strong> des porte-cl\u00e9s, beaucoup notant qu&#039;ils ont r\u00e9sist\u00e9 \u00e0 des mois ou des ann\u00e9es d&#039;utilisation quotidienne.<\/li>\n<li><strong>\u00ab Id\u00e9al pour les h\u00f4tels \u00bb<\/strong> \u2013 Les entreprises d\u2019accueil appr\u00e9cient la facilit\u00e9 d\u2019utilisation <strong>Porte-cl\u00e9s RFID<\/strong> pour l&#039;acc\u00e8s des invit\u00e9s, \u00e9liminant ainsi le besoin de cl\u00e9s de chambre traditionnelles.<\/li>\n<\/ul>\n<hr \/>\n<h2><strong>FAQ<\/strong><\/h2>\n<h3><strong>1. Les porte-cl\u00e9s RFID peuvent-ils \u00eatre programm\u00e9s ?<\/strong><\/h3>\n<p>Oui, beaucoup <strong>Porte-cl\u00e9s RFID<\/strong> sont <strong>r\u00e9inscriptible<\/strong>, ce qui signifie que vous pouvez modifier les donn\u00e9es qui y sont stock\u00e9es, telles que les identifiants d&#039;acc\u00e8s.<\/p>\n<h3><strong>2. Jusqu&#039;\u00e0 quelle distance un porte-cl\u00e9s RFID peut-il transmettre ?<\/strong><\/h3>\n<p>La gamme d&#039;un <strong>Porte-cl\u00e9s RFID<\/strong> s&#039;\u00e9tend g\u00e9n\u00e9ralement de <strong>0 \u00e0 10 cm<\/strong> en fonction du lecteur et des conditions environnementales.<\/p>\n<h3><strong>3. Les porte-cl\u00e9s RFID sont-ils s\u00e9curis\u00e9s ?<\/strong><\/h3>\n<p>Oui, <strong>Porte-cl\u00e9s RFID<\/strong> sont tr\u00e8s s\u00e9curis\u00e9s. Ils incluent souvent un cryptage et d&#039;autres fonctionnalit\u00e9s de protection pour emp\u00eacher tout acc\u00e8s non autoris\u00e9.<\/p>\n<h3><strong>4. Quelles industries utilisent les porte-cl\u00e9s RFID ?<\/strong><\/h3>\n<p><strong>Porte-cl\u00e9s RFID<\/strong> sont utilis\u00e9s dans une vari\u00e9t\u00e9 d\u2019industries, notamment l\u2019h\u00f4tellerie, la sant\u00e9, les bureaux d\u2019entreprise et m\u00eame pour les cl\u00e9s de voiture.<\/p>\n<hr \/>\n<h2><strong>Conclusion : Pourquoi acheter des porte-cl\u00e9s RFID ?<\/strong><\/h2>\n<p>Investir dans <strong>Porte-cl\u00e9s RFID<\/strong> offre une s\u00e9curit\u00e9, une commodit\u00e9 et une durabilit\u00e9 am\u00e9lior\u00e9es pour les entreprises et les particuliers. Que vous cherchiez \u00e0 rationaliser votre <strong>syst\u00e8me de contr\u00f4le d&#039;acc\u00e8s<\/strong>, mettre en \u0153uvre <strong>entr\u00e9e sans cl\u00e9<\/strong> dans votre h\u00f4tel, ou am\u00e9liorez la s\u00e9curit\u00e9 dans votre bureau, <strong>Porte-cl\u00e9s RFID<\/strong> sont une solution pratique, \u00e0 la fois \u00e9conomique et fiable.<\/p>\n<p>Gr\u00e2ce \u00e0 leur technologie avanc\u00e9e, leur int\u00e9gration facile avec <strong>Syst\u00e8mes RFID<\/strong>, et une construction durable, <strong>Porte-cl\u00e9s RFID<\/strong> repr\u00e9sentent une solution d\u2019avenir aux d\u00e9fis de s\u00e9curit\u00e9 actuels.<\/p>\n<p>&nbsp;<\/p>","protected":false},"excerpt":{"rendered":"<p><strong>Porte-cl\u00e9s RFID<\/strong> L&#039;ABS ISO14443A offre des options de double fr\u00e9quence (13,56 MHz\/125 kHz), une conception durable, un UID programmable et des fonctionnalit\u00e9s de s\u00e9curit\u00e9 avanc\u00e9es telles que l&#039;anti-clonage et la communication crypt\u00e9e.<\/p>","protected":false},"featured_media":2861,"template":"","meta":{"_kad_post_transparent":"default","_kad_post_title":"","_kad_post_layout":"default","_kad_post_sidebar_id":"","_kad_post_content_style":"default","_kad_post_vertical_padding":"default","_kad_post_feature":"","_kad_post_feature_position":"","_kad_post_header":false,"_kad_post_footer":false,"_kad_post_classname":""},"product_brand":[],"product_cat":[54],"product_tag":[346,344,345,343,351,350],"class_list":{"0":"post-2860","1":"product","2":"type-product","3":"status-publish","4":"has-post-thumbnail","6":"product_cat-hot-selling-rfid-tags","7":"product_tag-nfc-key-tag","8":"product_tag-nfc-keychain","9":"product_tag-rfid-fob","10":"product_tag-rfid-keyfobs","11":"product_tag-rfid-keyfobs-abs","12":"product_tag-rfid-keyfobs-iso14443a","14":"first","15":"instock","16":"shipping-taxable","17":"product-type-simple","18":"entry","19":"content-bg","20":"loop-entry"},"_links":{"self":[{"href":"https:\/\/rfid-laundry-tag.com\/fr\/wp-json\/wp\/v2\/product\/2860","targetHints":{"allow":["GET"]}}],"collection":[{"href":"https:\/\/rfid-laundry-tag.com\/fr\/wp-json\/wp\/v2\/product"}],"about":[{"href":"https:\/\/rfid-laundry-tag.com\/fr\/wp-json\/wp\/v2\/types\/product"}],"version-history":[{"count":2,"href":"https:\/\/rfid-laundry-tag.com\/fr\/wp-json\/wp\/v2\/product\/2860\/revisions"}],"predecessor-version":[{"id":2863,"href":"https:\/\/rfid-laundry-tag.com\/fr\/wp-json\/wp\/v2\/product\/2860\/revisions\/2863"}],"wp:featuredmedia":[{"embeddable":true,"href":"https:\/\/rfid-laundry-tag.com\/fr\/wp-json\/wp\/v2\/media\/2861"}],"wp:attachment":[{"href":"https:\/\/rfid-laundry-tag.com\/fr\/wp-json\/wp\/v2\/media?parent=2860"}],"wp:term":[{"taxonomy":"product_brand","embeddable":true,"href":"https:\/\/rfid-laundry-tag.com\/fr\/wp-json\/wp\/v2\/product_brand?post=2860"},{"taxonomy":"product_cat","embeddable":true,"href":"https:\/\/rfid-laundry-tag.com\/fr\/wp-json\/wp\/v2\/product_cat?post=2860"},{"taxonomy":"product_tag","embeddable":true,"href":"https:\/\/rfid-laundry-tag.com\/fr\/wp-json\/wp\/v2\/product_tag?post=2860"}],"curies":[{"name":"wp","href":"https:\/\/api.w.org\/{rel}","templated":true}]}}