{"id":2853,"date":"2024-11-05T12:54:13","date_gmt":"2024-11-05T12:54:13","guid":{"rendered":"https:\/\/rfid-laundry-tag.com\/?post_type=product&#038;p=2853"},"modified":"2024-11-05T13:04:21","modified_gmt":"2024-11-05T13:04:21","slug":"proximity-abs-tk4100-key-fob","status":"publish","type":"product","link":"https:\/\/rfid-laundry-tag.com\/fr\/proximity-abs-tk4100-key-fob\/","title":{"rendered":"Porte-cl\u00e9s de proximit\u00e9 ABS TK4100"},"content":{"rendered":"<h2>Porte-cl\u00e9s de proximit\u00e9 ABS TK4100<\/h2>\n<table class=\"has-title all magic-13\">\n<tbody>\n<tr>\n<td colspan=\"1\" rowspan=\"2\">\n<div class=\"magic-14\">mat\u00e9riel<\/div>\n<\/td>\n<td colspan=\"1\" rowspan=\"1\">\n<div class=\"magic-15\">Mat\u00e9riau de l&#039;antenne : feuille d&#039;aluminium<\/div>\n<\/td>\n<\/tr>\n<tr>\n<td colspan=\"1\" rowspan=\"1\">\n<div class=\"magic-15\">mat\u00e9riau de surface : ABS\/cuir\/bois<\/div>\n<\/td>\n<\/tr>\n<tr>\n<td colspan=\"1\" rowspan=\"1\">\n<div class=\"magic-17\">taille<\/div>\n<\/td>\n<td colspan=\"1\" rowspan=\"1\">\n<div class=\"magic-15\" data-spm-anchor-id=\"a2700.details.0.i41.3c939b1b0qFtg1\">40,38*31,5 mm, 35,5*28 mm, 51,5*32 mm, ou personnalis\u00e9<\/div>\n<\/td>\n<\/tr>\n<tr>\n<td colspan=\"1\" rowspan=\"1\">\n<div class=\"magic-17\">Artisanat personnalis\u00e9<\/div>\n<\/td>\n<td colspan=\"1\" rowspan=\"1\">\n<div class=\"magic-15\">Impression s\u00e9rigraphique du logo \/ code UID, code s\u00e9rie ou personnalis\u00e9<\/div>\n<\/td>\n<\/tr>\n<tr>\n<td colspan=\"1\" rowspan=\"1\">\n<div class=\"magic-17\">Temp\u00e9rature de fonctionnement<\/div>\n<\/td>\n<td colspan=\"1\" rowspan=\"1\">\n<div class=\"magic-15\">-20\u00b0C~+90 \u00b0C<\/div>\n<\/td>\n<\/tr>\n<tr>\n<td colspan=\"1\" rowspan=\"1\">\n<div class=\"magic-17\">encoder<\/div>\n<\/td>\n<td colspan=\"1\" rowspan=\"1\">\n<div class=\"magic-15\">puce inscriptible disponible<\/div>\n<\/td>\n<\/tr>\n<tr>\n<td colspan=\"1\" rowspan=\"1\">\n<div class=\"magic-17\">options de couleur<\/div>\n<\/td>\n<td colspan=\"1\" rowspan=\"1\">\n<div class=\"magic-15\">Rouge, bleu, noir, violet, orange, jaune (peut \u00eatre personnalis\u00e9)<\/div>\n<\/td>\n<\/tr>\n<tr>\n<td colspan=\"1\" rowspan=\"1\">\n<div class=\"magic-17\">Distance de lecture<\/div>\n<\/td>\n<td colspan=\"1\" rowspan=\"1\">\n<div class=\"magic-15\">1 \u00e0 10 cm (selon le lecteur)<\/div>\n<\/td>\n<\/tr>\n<tr>\n<td colspan=\"1\" rowspan=\"1\">\n<div class=\"magic-17\">applications<\/div>\n<\/td>\n<td colspan=\"1\" rowspan=\"1\">\n<div class=\"magic-15\" data-spm-anchor-id=\"a2700.details.0.i40.3c939b1b0qFtg1\">syst\u00e8me d&#039;adh\u00e9sion\/salle de sport\/contr\u00f4le d&#039;acc\u00e8s\/paiement etc.<\/div>\n<\/td>\n<\/tr>\n<\/tbody>\n<\/table>\n<p>&nbsp;<\/p>\n<p>Chaque <strong>Porte-cl\u00e9s de proximit\u00e9 ABS TK4100<\/strong> est pr\u00e9programm\u00e9 avec un num\u00e9ro d&#039;identification num\u00e9rique unique, ce qui en fait un choix id\u00e9al pour une utilisation en RFID <strong>Syst\u00e8mes de contr\u00f4le d&#039;acc\u00e8s de proximit\u00e9<\/strong>Ces porte-cl\u00e9s sont con\u00e7us pour s&#039;int\u00e9grer parfaitement aux syst\u00e8mes qui g\u00e8rent l&#039;acc\u00e8s aux portes, aux serrures \u00e9lectriques et m\u00eame aux interphones vid\u00e9o, garantissant des capacit\u00e9s de d\u00e9verrouillage s\u00fbres et fiables.<\/p>\n<p>Les porte-cl\u00e9s sont construits avec des mat\u00e9riaux durables <strong>Mat\u00e9riau ABS<\/strong>, offrant <strong>\u00e9tanche<\/strong> protection pour assurer des performances durables dans divers environnements. Chaque porte-cl\u00e9s est attach\u00e9 \u00e0 un <strong>porte-cl\u00e9s en m\u00e9tal<\/strong>, ce qui les rend faciles \u00e0 transporter et \u00e0 attacher \u00e0 des porte-cl\u00e9s ou \u00e0 des cordons. Cela les rend pratiques pour les utilisateurs tout en conservant leur fonctionnalit\u00e9 dans des conditions difficiles.<\/p>\n<p>Ces porte-cl\u00e9s sont largement utilis\u00e9s dans <strong>syst\u00e8mes de contr\u00f4le d&#039;acc\u00e8s<\/strong>, permettant des fonctions telles que le d\u00e9verrouillage des portes, la gestion des mots de passe et les autorisations d&#039;acc\u00e8s. Ils sont <strong>compatible avec les dispositifs d&#039;acc\u00e8s EM ID standard<\/strong> ou <strong>Lecteurs d&#039;identification<\/strong>, ce qui les rend tr\u00e8s polyvalents pour diverses applications de contr\u00f4le d&#039;acc\u00e8s.<\/p>","protected":false},"excerpt":{"rendered":"<p>Le <strong>Porte-cl\u00e9s de proximit\u00e9 ABS TK4100<\/strong> est un porte-cl\u00e9s RFID hautement fiable, durable et s\u00e9curis\u00e9 adapt\u00e9 \u00e0 divers syst\u00e8mes de contr\u00f4le d&#039;acc\u00e8s. Pr\u00e9programm\u00e9 avec un identifiant unique, il est largement utilis\u00e9 pour <strong>d\u00e9verrouillage des portes<\/strong>, <strong>gestion des mots de passe<\/strong>, et plus encore. Fabriqu\u00e9 en mat\u00e9riau ABS imperm\u00e9able avec un porte-cl\u00e9s en m\u00e9tal, il est id\u00e9al pour une utilisation int\u00e9rieure et ext\u00e9rieure.<\/p>","protected":false},"featured_media":2855,"template":"","meta":{"_kad_post_transparent":"default","_kad_post_title":"","_kad_post_layout":"default","_kad_post_sidebar_id":"","_kad_post_content_style":"default","_kad_post_vertical_padding":"default","_kad_post_feature":"","_kad_post_feature_position":"","_kad_post_header":false,"_kad_post_footer":false,"_kad_post_classname":""},"product_brand":[],"product_cat":[54],"product_tag":[348,346,349,344,345,343],"class_list":{"0":"post-2853","1":"product","2":"type-product","3":"status-publish","4":"has-post-thumbnail","6":"product_cat-hot-selling-rfid-tags","7":"product_tag-nfc-key-fobs-ntag213","8":"product_tag-nfc-key-tag","9":"product_tag-nfc-key-tags","10":"product_tag-nfc-keychain","11":"product_tag-rfid-fob","12":"product_tag-rfid-keyfobs","14":"first","15":"instock","16":"shipping-taxable","17":"product-type-simple","18":"entry","19":"content-bg","20":"loop-entry"},"_links":{"self":[{"href":"https:\/\/rfid-laundry-tag.com\/fr\/wp-json\/wp\/v2\/product\/2853","targetHints":{"allow":["GET"]}}],"collection":[{"href":"https:\/\/rfid-laundry-tag.com\/fr\/wp-json\/wp\/v2\/product"}],"about":[{"href":"https:\/\/rfid-laundry-tag.com\/fr\/wp-json\/wp\/v2\/types\/product"}],"version-history":[{"count":2,"href":"https:\/\/rfid-laundry-tag.com\/fr\/wp-json\/wp\/v2\/product\/2853\/revisions"}],"predecessor-version":[{"id":2859,"href":"https:\/\/rfid-laundry-tag.com\/fr\/wp-json\/wp\/v2\/product\/2853\/revisions\/2859"}],"wp:featuredmedia":[{"embeddable":true,"href":"https:\/\/rfid-laundry-tag.com\/fr\/wp-json\/wp\/v2\/media\/2855"}],"wp:attachment":[{"href":"https:\/\/rfid-laundry-tag.com\/fr\/wp-json\/wp\/v2\/media?parent=2853"}],"wp:term":[{"taxonomy":"product_brand","embeddable":true,"href":"https:\/\/rfid-laundry-tag.com\/fr\/wp-json\/wp\/v2\/product_brand?post=2853"},{"taxonomy":"product_cat","embeddable":true,"href":"https:\/\/rfid-laundry-tag.com\/fr\/wp-json\/wp\/v2\/product_cat?post=2853"},{"taxonomy":"product_tag","embeddable":true,"href":"https:\/\/rfid-laundry-tag.com\/fr\/wp-json\/wp\/v2\/product_tag?post=2853"}],"curies":[{"name":"wp","href":"https:\/\/api.w.org\/{rel}","templated":true}]}}