{"id":2850,"date":"2024-11-05T12:42:51","date_gmt":"2024-11-05T12:42:51","guid":{"rendered":"https:\/\/rfid-laundry-tag.com\/?post_type=product&#038;p=2850"},"modified":"2024-11-05T12:49:55","modified_gmt":"2024-11-05T12:49:55","slug":"nfc-key-fobs-ntag213","status":"publish","type":"product","link":"https:\/\/rfid-laundry-tag.com\/fr\/nfc-key-fobs-ntag213\/","title":{"rendered":"Porte-cl\u00e9s NFC Ntag213"},"content":{"rendered":"<h2>Porte-cl\u00e9s NFC Ntag213<\/h2>\n<p>Les porte-cl\u00e9s NFC, tels que le Ntag213, r\u00e9volutionnent la fa\u00e7on dont nous interagissons avec notre environnement, en offrant des solutions s\u00e9curis\u00e9es et sans contact pour le contr\u00f4le d&#039;acc\u00e8s, l&#039;identification, etc. Que vous ayez besoin d&#039;un syst\u00e8me d&#039;entr\u00e9e sans cl\u00e9 pour votre bureau, votre h\u00f4tel ou votre v\u00e9hicule personnel, le porte-cl\u00e9s NFC Ntag213 offre une exp\u00e9rience fluide et fiable. Cette description du produit se penche sur les avantages, les fonctionnalit\u00e9s et les utilisations du porte-cl\u00e9s NFC Ntag213, offrant des d\u00e9tails complets pour ceux qui envisagent cette technologie avanc\u00e9e.<\/p>\n<hr \/>\n<h2>Pr\u00e9sentation du produit<\/h2>\n<p>Le <strong>Porte-cl\u00e9s NFC Ntag213<\/strong> est un appareil sans contact hautes performances qui exploite la technologie de communication en champ proche (NFC). Con\u00e7u pour \u00eatre compact, s\u00e9curis\u00e9 et convivial, ce porte-cl\u00e9s permet une large gamme d&#039;applications, notamment le contr\u00f4le d&#039;acc\u00e8s, les syst\u00e8mes de paiement et l&#039;authentification des produits. En mettant l&#039;accent sur la s\u00e9curit\u00e9, la facilit\u00e9 d&#039;utilisation et l&#039;efficacit\u00e9, le porte-cl\u00e9s Ntag213 offre des fonctionnalit\u00e9s sup\u00e9rieures pour les entreprises, les h\u00f4tels, les maisons et bien plus encore.<\/p>\n<h3>Pourquoi acheter le porte-cl\u00e9s NFC Ntag213\u00a0?<\/h3>\n<p>Le Ntag213 est bien plus qu&#039;un simple porte-cl\u00e9s : c&#039;est une solution d&#039;acc\u00e8s fiable et s\u00e9curis\u00e9e. Offrant une combinaison de performances de haute qualit\u00e9, de facilit\u00e9 d&#039;int\u00e9gration et de compatibilit\u00e9 avec les syst\u00e8mes existants, il constitue le choix id\u00e9al pour les entreprises qui cherchent \u00e0 mettre \u00e0 niveau leurs mesures de s\u00e9curit\u00e9 ou pour les particuliers qui recherchent un moyen plus efficace de g\u00e9rer leur acc\u00e8s. Voici pourquoi cet investissement en vaut la peine :<\/p>\n<ul>\n<li><strong>S\u00e9curit\u00e9 fiable :<\/strong> Dot\u00e9 d&#039;un cryptage int\u00e9gr\u00e9 et d&#039;un identifiant unique (UID), ce porte-cl\u00e9s garantit un acc\u00e8s s\u00e9curis\u00e9 sans risque de duplication ou d&#039;utilisation non autoris\u00e9e.<\/li>\n<li><strong>Durabilit\u00e9 \u00e0 long terme :<\/strong> Con\u00e7u pour un usage quotidien, le porte-cl\u00e9s NFC Ntag213 b\u00e9n\u00e9ficie d&#039;une longue dur\u00e9e de vie avec jusqu&#039;\u00e0 100 000 cycles d&#039;\u00e9criture et une dur\u00e9e de conservation des donn\u00e9es de 10 ans.<\/li>\n<li><strong>Compatibilit\u00e9 polyvalente :<\/strong> Sa compatibilit\u00e9 avec les deux <strong>Syst\u00e8mes RFID 13,56 MHz<\/strong> et <strong>Appareils compatibles NFC<\/strong> ce qui en fait une solution polyvalente pour une vari\u00e9t\u00e9 d&#039;applications.<\/li>\n<\/ul>\n<p>Plongeons plus en d\u00e9tail dans les principales fonctionnalit\u00e9s et avantages du porte-cl\u00e9s NFC Ntag213.<\/p>\n<hr \/>\n<h2>La technologie NFC : l\u2019\u00e9pine dorsale des solutions de s\u00e9curit\u00e9 modernes<\/h2>\n<p>La technologie NFC (Near-Field Communication) est la force motrice des syst\u00e8mes d&#039;acc\u00e8s sans contact. <strong>Ntag213<\/strong> est l&#039;une des \u00e9tiquettes NFC les plus populaires d\u00e9velopp\u00e9es par <strong>Semi-conducteurs NXP\u00ae<\/strong>, adh\u00e9rant \u00e0 la <strong>Forum NFC Tag Type 2<\/strong> norme. Cette conformit\u00e9 garantit que l&#039;appareil fonctionne parfaitement avec les smartphones, tablettes et lecteurs NFC d\u00e9di\u00e9s compatibles NFC.<\/p>\n<h3>Int\u00e9gration transparente avec les syst\u00e8mes de contr\u00f4le d&#039;acc\u00e8s<\/h3>\n<p>Qu&#039;il s&#039;agisse d&#039;un <strong>syst\u00e8me d&#039;entr\u00e9e d&#039;h\u00f4tel<\/strong>, <strong>entr\u00e9e sans cl\u00e9 au bureau<\/strong>, ou un syst\u00e8me de contr\u00f4le d&#039;acc\u00e8s personnel, la technologie NFC simplifie le processus. <strong>Porte-cl\u00e9s NFC Ntag213<\/strong> est un \u00e9l\u00e9ment essentiel des solutions d&#039;acc\u00e8s modernes, offrant une <strong>m\u00e9thode s\u00e9curis\u00e9e et sans contact<\/strong> pour d\u00e9verrouiller les portes, acc\u00e9der aux zones restreintes et m\u00eame effectuer des paiements. Gr\u00e2ce \u00e0 ses fonctions de proximit\u00e9 intuitives, les utilisateurs peuvent d\u00e9verrouiller les portes en tenant simplement le porte-cl\u00e9s \u00e0 proximit\u00e9 d&#039;un lecteur compatible NFC.<\/p>\n<h3>Confort d&#039;utilisation accru<\/h3>\n<p>La technologie NFC \u00e9limine le besoin de cl\u00e9s traditionnelles ou de cartes physiques, permettant un acc\u00e8s plus rapide et plus efficace. <strong>distance de lecture<\/strong> La longueur de l&#039;antenne jusqu&#039;\u00e0 100 mm (selon la g\u00e9om\u00e9trie de l&#039;antenne) permet de scanner facilement le porte-cl\u00e9s sans avoir besoin d&#039;un contact direct. Cette fonctionnalit\u00e9 offre un confort suppl\u00e9mentaire aux propri\u00e9taires d&#039;entreprise et aux utilisateurs.<\/p>\n<hr \/>\n<h2>Principales caract\u00e9ristiques du porte-cl\u00e9s NFC Ntag213<\/h2>\n<h3>1. <strong>Fonctionnalit\u00e9s de s\u00e9curit\u00e9 int\u00e9gr\u00e9es pour un acc\u00e8s s\u00e9curis\u00e9<\/strong><\/h3>\n<p>La s\u00e9curit\u00e9 est une priorit\u00e9 absolue en mati\u00e8re de contr\u00f4le d\u2019acc\u00e8s, et la <strong>Porte-cl\u00e9s NFC Ntag213<\/strong> offre exactement cela. Avec son <strong>UID unique de 7 octets<\/strong>, le dispositif garantit que chaque porte-cl\u00e9s est unique, emp\u00eachant toute duplication non autoris\u00e9e. <strong>protection par mot de passe<\/strong> et <strong>Signature d&#039;originalit\u00e9 bas\u00e9e sur ECC<\/strong> prot\u00e9gez davantage les donn\u00e9es et assurez-vous que le porte-cl\u00e9s ne peut pas \u00eatre falsifi\u00e9.<\/p>\n<ul>\n<li><strong>Protection par mot de passe<\/strong>:La possibilit\u00e9 de configurer un mot de passe 32 bits garantit que seuls les utilisateurs autoris\u00e9s peuvent acc\u00e9der au syst\u00e8me.<\/li>\n<li><strong>Signature de l&#039;ECC<\/strong>: Le <strong>Signature d&#039;originalit\u00e9 bas\u00e9e sur ECC<\/strong> offre une couche de s\u00e9curit\u00e9 suppl\u00e9mentaire, ce qui rend difficile pour les fraudeurs de contrefaire le porte-cl\u00e9s.<\/li>\n<\/ul>\n<h3>2. <strong>Utilisation multi-applications<\/strong><\/h3>\n<p>L\u2019un des avantages les plus significatifs de la <strong>Porte-cl\u00e9s NFC Ntag213<\/strong> est sa polyvalence. Il peut \u00eatre utilis\u00e9 pour diverses applications, notamment :<\/p>\n<ul>\n<li><strong>Contr\u00f4le d&#039;acc\u00e8s :<\/strong> Utilis\u00e9 pour d\u00e9verrouiller les portes dans les bureaux, les h\u00f4tels ou les maisons.<\/li>\n<li><strong>Syst\u00e8mes de paiement :<\/strong> Paiements s\u00e9curis\u00e9s et sans contact via l&#039;int\u00e9gration NFC mobile.<\/li>\n<li><strong>Authentification du produit :<\/strong> V\u00e9rifiez l\u2019authenticit\u00e9 des produits ou marchandises haut de gamme.<\/li>\n<li><strong>Publicit\u00e9 intelligente :<\/strong> Am\u00e9liorez vos campagnes de marketing hors domicile \u00e0 l\u2019aide de balises NFC int\u00e9gr\u00e9es dans les supports imprim\u00e9s.<\/li>\n<\/ul>\n<h3>3. <strong>Durabilit\u00e9 et long\u00e9vit\u00e9<\/strong><\/h3>\n<p>Avec un <strong>\u00e9criture d&#039;endurance de 100 000 cycles<\/strong> et un <strong>dur\u00e9e de conservation des donn\u00e9es de 10 ans<\/strong>, le <strong>Porte-cl\u00e9s NFC Ntag213<\/strong> est con\u00e7u pour durer. Qu&#039;il soit utilis\u00e9 quotidiennement dans un environnement de bureau tr\u00e8s fr\u00e9quent\u00e9 ou dans le cadre d&#039;une application \u00e0 faible trafic, ce porte-cl\u00e9s peut r\u00e9sister \u00e0 une utilisation \u00e0 long terme sans d\u00e9gradation des performances.<\/p>\n<h3>4. <strong>Conception compacte et l\u00e9g\u00e8re<\/strong><\/h3>\n<p>Le porte-cl\u00e9s Ntag213 est compact et l\u00e9ger, ce qui le rend facile \u00e0 transporter. <strong>compatible avec les porte-cl\u00e9s<\/strong>, permettant aux utilisateurs de l&#039;attacher \u00e0 leurs cl\u00e9s pour un acc\u00e8s pratique. <strong>faible encombrement<\/strong> le rend id\u00e9al pour les applications n\u00e9cessitant des solutions peu encombrantes, telles que des \u00e9tiquettes int\u00e9gr\u00e9es dans les \u00e9tiquettes de produits ou des cartes de jeu.<\/p>\n<hr \/>\n<h2>Impact environnemental et durabilit\u00e9<\/h2>\n<p>Alors que les entreprises et les consommateurs continuent de donner la priorit\u00e9 \u00e0 la durabilit\u00e9, <strong>Porte-cl\u00e9s NFC Ntag213<\/strong> est con\u00e7u dans un souci de responsabilit\u00e9 environnementale. <strong>faible consommation d&#039;\u00e9nergie<\/strong> et une durabilit\u00e9 \u00e0 long terme contribuent \u00e0 r\u00e9duire les d\u00e9chets et \u00e0 r\u00e9duire les remplacements au fil du temps. De plus, en tant que <strong>\u00e9tiquette RFID passive<\/strong>, le Ntag213 ne n\u00e9cessite pas de batterie pour fonctionner, minimisant ainsi encore plus son empreinte environnementale.<\/p>\n<hr \/>\n<h2>Comment utiliser le porte-cl\u00e9s NFC Ntag213<\/h2>\n<p>En utilisant le <strong>Porte-cl\u00e9s NFC Ntag213<\/strong> est simple et direct :<\/p>\n<ol>\n<li><strong>Programmation<\/strong>:Utilisez un logiciel ou des lecteurs NFC compatibles pour programmer le porte-cl\u00e9s avec les informations n\u00e9cessaires, telles que les identifiants d&#039;acc\u00e8s ou les informations de paiement.<\/li>\n<li><strong>Int\u00e9gration<\/strong>:Int\u00e9grez le porte-cl\u00e9s \u00e0 un syst\u00e8me de contr\u00f4le d&#039;acc\u00e8s ou \u00e0 un terminal de paiement compatible NFC.<\/li>\n<li><strong>Activation<\/strong>: Tenez le porte-cl\u00e9s pr\u00e8s d&#039;un lecteur NFC pour acc\u00e9der ou effectuer une transaction. <strong>sans contact<\/strong> l&#039;interaction assure une utilisation fluide et efficace.<\/li>\n<\/ol>\n<hr \/>\n<h2>Avis des clients<\/h2>\n<p>De nombreux utilisateurs ont fait l&#039;\u00e9loge du <strong>Porte-cl\u00e9s NFC Ntag213<\/strong> pour son <strong>facilit\u00e9 d&#039;utilisation<\/strong>, <strong>s\u00e9curit\u00e9<\/strong>, et <strong>fiabilit\u00e9<\/strong>. Voici quelques t\u00e9moignages de clients satisfaits :<\/p>\n<ul>\n<li><strong>John D., Responsable du bureau<\/strong>:\u00ab Le Ntag213 a rendu l&#039;acc\u00e8s \u00e0 notre immeuble de bureaux plus facile que jamais. Il est s\u00e9curis\u00e9, facile \u00e0 utiliser et je n&#039;ai plus \u00e0 m&#039;inqui\u00e9ter de perdre mes cl\u00e9s. \u00bb<\/li>\n<li><strong>Sarah T., propri\u00e9taire d&#039;h\u00f4tel<\/strong>\u00ab Nous avons mis en place le Ntag213 pour notre syst\u00e8me de cl\u00e9s d&#039;h\u00f4tel et cela a consid\u00e9rablement am\u00e9lior\u00e9 la satisfaction des clients. C&#039;est rapide, s\u00e9curis\u00e9 et tr\u00e8s pratique. \u00bb<\/li>\n<\/ul>\n<hr \/>\n<h2>FAQ<\/h2>\n<h3>Q1 : Puis-je programmer moi-m\u00eame le porte-cl\u00e9s Ntag213 ?<\/h3>\n<p>Oui, vous pouvez programmer le porte-cl\u00e9s Ntag213 \u00e0 l&#039;aide de lecteurs et de logiciels NFC compatibles. Cela facilite l&#039;int\u00e9gration du porte-cl\u00e9s \u00e0 vos syst\u00e8mes existants.<\/p>\n<h3>Q2 : Quelle est la dur\u00e9e de vie de la batterie du porte-cl\u00e9s Ntag213 ?<\/h3>\n<p>Le porte-cl\u00e9s Ntag213 ne n\u00e9cessite pas de pile car il fonctionne \u00e0 l&#039;aide <strong>technologie RFID passive<\/strong>, tirant son \u00e9nergie du lecteur NFC lorsqu&#039;il se trouve \u00e0 proximit\u00e9.<\/p>\n<h3>Q3 : Quelle est la port\u00e9e de lecture du porte-cl\u00e9s NFC Ntag213 ?<\/h3>\n<p>La plage de lecture typique est jusqu&#039;\u00e0 100 mm, en fonction de facteurs tels que la <strong>conception de l&#039;antenne du lecteur<\/strong> et l&#039;intensit\u00e9 du champ.<\/p>\n<hr \/>\n<h2>Conclusion : Pourquoi choisir le porte-cl\u00e9s NFC Ntag213 ?<\/h2>\n<p>Le <strong>Porte-cl\u00e9s NFC Ntag213<\/strong> offre une combinaison id\u00e9ale de s\u00e9curit\u00e9, de fiabilit\u00e9 et de confort d&#039;utilisation. <strong>technologie sans contact<\/strong>, <strong>conception compacte<\/strong>, et <strong>polyvalence multi-application<\/strong> Le Ntag213 est le choix id\u00e9al pour les syst\u00e8mes modernes de contr\u00f4le d&#039;acc\u00e8s, de paiement et d&#039;identification. Que vous soyez une entreprise cherchant \u00e0 am\u00e9liorer son infrastructure de s\u00e9curit\u00e9 ou un consommateur \u00e0 la recherche d&#039;une solution pratique et s\u00e9curis\u00e9e pour vos besoins d&#039;acc\u00e8s personnels, le Ntag213 est un investissement judicieux.<\/p>\n<p>S\u00e9curisez votre acc\u00e8s d\u00e8s aujourd&#039;hui avec le <strong>Porte-cl\u00e9s NFC Ntag213<\/strong>\u2014L\u2019avenir de la s\u00e9curit\u00e9 sans contact est ici.<\/p>","protected":false},"excerpt":{"rendered":"<p><strong>Porte-cl\u00e9s NFC Ntag213<\/strong> offre une combinaison id\u00e9ale de s\u00e9curit\u00e9, de fiabilit\u00e9 et de confort d&#039;utilisation. <strong>technologie sans contact<\/strong>, <strong>conception compacte<\/strong>, et <strong>polyvalence multi-application<\/strong> ce qui en fait le choix id\u00e9al pour les syst\u00e8mes modernes de contr\u00f4le d&#039;acc\u00e8s, de paiement et d&#039;identification.<\/p>","protected":false},"featured_media":2845,"template":"","meta":{"_kad_post_transparent":"default","_kad_post_title":"","_kad_post_layout":"default","_kad_post_sidebar_id":"","_kad_post_content_style":"default","_kad_post_vertical_padding":"default","_kad_post_feature":"","_kad_post_feature_position":"","_kad_post_header":false,"_kad_post_footer":false,"_kad_post_classname":""},"product_brand":[],"product_cat":[54],"product_tag":[348,346,349,344,345,343],"class_list":{"0":"post-2850","1":"product","2":"type-product","3":"status-publish","4":"has-post-thumbnail","6":"product_cat-hot-selling-rfid-tags","7":"product_tag-nfc-key-fobs-ntag213","8":"product_tag-nfc-key-tag","9":"product_tag-nfc-key-tags","10":"product_tag-nfc-keychain","11":"product_tag-rfid-fob","12":"product_tag-rfid-keyfobs","14":"first","15":"instock","16":"shipping-taxable","17":"product-type-simple","18":"entry","19":"content-bg","20":"loop-entry"},"_links":{"self":[{"href":"https:\/\/rfid-laundry-tag.com\/fr\/wp-json\/wp\/v2\/product\/2850","targetHints":{"allow":["GET"]}}],"collection":[{"href":"https:\/\/rfid-laundry-tag.com\/fr\/wp-json\/wp\/v2\/product"}],"about":[{"href":"https:\/\/rfid-laundry-tag.com\/fr\/wp-json\/wp\/v2\/types\/product"}],"version-history":[{"count":2,"href":"https:\/\/rfid-laundry-tag.com\/fr\/wp-json\/wp\/v2\/product\/2850\/revisions"}],"predecessor-version":[{"id":2852,"href":"https:\/\/rfid-laundry-tag.com\/fr\/wp-json\/wp\/v2\/product\/2850\/revisions\/2852"}],"wp:featuredmedia":[{"embeddable":true,"href":"https:\/\/rfid-laundry-tag.com\/fr\/wp-json\/wp\/v2\/media\/2845"}],"wp:attachment":[{"href":"https:\/\/rfid-laundry-tag.com\/fr\/wp-json\/wp\/v2\/media?parent=2850"}],"wp:term":[{"taxonomy":"product_brand","embeddable":true,"href":"https:\/\/rfid-laundry-tag.com\/fr\/wp-json\/wp\/v2\/product_brand?post=2850"},{"taxonomy":"product_cat","embeddable":true,"href":"https:\/\/rfid-laundry-tag.com\/fr\/wp-json\/wp\/v2\/product_cat?post=2850"},{"taxonomy":"product_tag","embeddable":true,"href":"https:\/\/rfid-laundry-tag.com\/fr\/wp-json\/wp\/v2\/product_tag?post=2850"}],"curies":[{"name":"wp","href":"https:\/\/api.w.org\/{rel}","templated":true}]}}