{"id":285,"date":"2024-06-26T10:45:44","date_gmt":"2024-06-26T10:45:44","guid":{"rendered":"https:\/\/rfid-laundry-tag.com\/?post_type=product&#038;p=285"},"modified":"2024-06-26T10:45:44","modified_gmt":"2024-06-26T10:45:44","slug":"rfid-nfc-inlay","status":"publish","type":"product","link":"https:\/\/rfid-laundry-tag.com\/fr\/rfid-nfc-inlay\/","title":{"rendered":"Incrustation RFID NFC"},"content":{"rendered":"<div><strong>Incrustations RFID NFC<\/strong> Il existe deux types d&#039;inlays, humides et secs. Un inlay RFID NFC humide est dot\u00e9 d&#039;un support collant, tandis qu&#039;un inlay sec n&#039;en a pas. Ils offrent une option d&#039;\u00e9tiquette fonctionnant \u00e0 13,56 MHz sp\u00e9cialement con\u00e7ue pour les fabricants d&#039;\u00e9quipement d&#039;origine (OEM). Des puces m\u00e9moire NFC ISO 15693 et 14443 sont disponibles pour ces inlays.<\/div>\n<div><\/div>\n<div class=\"text-title\"><strong><span class=\"magic-26\" style=\"font-family: Arial;\" data-spm-anchor-id=\"a2700.details.0.i47.6f4d7d7dnursE7\">Incrustation s\u00e8che<\/span><\/strong><\/div>\n<div class=\"text-content\"><span class=\"magic-6\" style=\"font-family: Arial;\">En termes simples, l&#039;incrustation s\u00e8che RFID est une combinaison de puce RFID et d&#039;antenne. Elle peut \u00eatre utilis\u00e9e pour fabriquer des autocollants NFC, des \u00e9tiquettes RFID, des tickets RFID et diverses \u00e9tiquettes RFID. <\/span><\/p>\n<div data-spm-anchor-id=\"a2700.details.0.i46.6f4d7d7dnursE7\"><span class=\"magic-6\" style=\"font-family: Arial;\"> L&#039;antenne \u00e0 incrustation s\u00e8che est grav\u00e9e en aluminium, ce qui est plus fin que la bobine en cuivre. La forme de l&#039;antenne peut \u00eatre personnalis\u00e9e et repens\u00e9e \u00e0 la demande.<\/span><\/p>\n<div><\/div>\n<\/div>\n<\/div>\n<div>\n<div class=\"text-title\"><strong><span class=\"magic-26\" style=\"font-family: Arial;\">Incrustation humide<\/span><\/strong><\/div>\n<div class=\"text-content\"><span class=\"magic-6\" style=\"font-family: Arial;\" data-spm-anchor-id=\"a2700.details.0.i49.6f4d7d7dnursE7\">L&#039;incrustation s\u00e8che RFID ajout\u00e9e avec un adh\u00e9sif est appel\u00e9e incrustation humide. Elle peut \u00eatre utilis\u00e9e directement comme \u00e9tiquette RFID ou autocollant NFC si vous n&#039;avez pas besoin d&#039;impression sur la surface. Le fait d&#039;\u00eatre coll\u00e9 sur les objets peut r\u00e9duire les co\u00fbts et atteindre le m\u00eame objectif. Elle est \u00e9galement largement utilis\u00e9e dans la fabrication d&#039;\u00e9tiquettes RFID. L&#039;antenne de l&#039;incrustation humide est une gravure en aluminium, qui est plus fine que la bobine de cuivre. La forme de l&#039;antenne peut \u00eatre personnalis\u00e9e et repens\u00e9e \u00e0 la demande.<\/span><\/p>\n<div><span class=\"magic-6\" style=\"font-family: Arial;\">\u00a0<\/span><\/div>\n<div data-spm-anchor-id=\"a2700.details.0.i48.6f4d7d7dnursE7\">\n<table class=\"hight-light-first-column all magic-14\">\n<tbody>\n<tr>\n<td colspan=\"1\" rowspan=\"1\">\n<div class=\"magic-15\"><b>Mat\u00e9riel<\/b><\/div>\n<\/td>\n<td colspan=\"1\" rowspan=\"1\">\n<div class=\"magic-16\" data-spm-anchor-id=\"a2700.details.0.i34.21f6414cWQ4Zrf\">Papier \/ Papier thermique \/ Tissu \/ PVC \/ PET \/ \u00c9poxy \/ Anti-m\u00e9tal<\/div>\n<\/td>\n<\/tr>\n<tr>\n<td colspan=\"1\" rowspan=\"1\">\n<div class=\"magic-15\"><b>Taille<\/b><\/div>\n<\/td>\n<td colspan=\"1\" rowspan=\"1\">\n<div class=\"magic-16\">Dia18mm, Dia20mm, Dia22mm, Dia25mm, 25*25mm, 30*30mm, 40*40mm, 50*50mm ou taille personnalis\u00e9e.<\/div>\n<\/td>\n<\/tr>\n<tr>\n<td colspan=\"1\" rowspan=\"1\">\n<div class=\"magic-15\"><b>Impression<\/b><\/div>\n<\/td>\n<td colspan=\"1\" rowspan=\"1\">\n<div class=\"magic-16\">Pas besoin d&#039;imprimer<\/div>\n<\/td>\n<\/tr>\n<tr>\n<td colspan=\"1\" rowspan=\"1\">\n<div class=\"magic-15\"><b>Puce disponible<\/b><\/div>\n<\/td>\n<td colspan=\"1\" rowspan=\"1\">\n<div class=\"magic-16\">MIFARE Classic\u00ae 1K; MIFARE Classic\u00ae 4K; MIFARE Ultralight\u00ae; MIFARE Ultralight\u00ae C;<\/p>\n<div>NTAG 213, Ntag215, NTAG 216 ou puce personnalis\u00e9e.I CODE SLIX etc<\/div>\n<\/div>\n<\/td>\n<\/tr>\n<tr>\n<td colspan=\"1\" rowspan=\"1\">\n<div class=\"magic-21\"><b>Protocole:<\/b><\/div>\n<\/td>\n<td colspan=\"4\" rowspan=\"1\">\n<div class=\"magic-22\">ISO\/CEI 14443 Type A<\/div>\n<\/td>\n<\/tr>\n<tr>\n<td colspan=\"1\" rowspan=\"1\">\n<div class=\"magic-26\"><b>Artisanat :<\/b><\/div>\n<\/td>\n<td colspan=\"4\" rowspan=\"1\">\n<div class=\"magic-22\" data-spm-anchor-id=\"a2700.details.0.i33.21f6414cWQ4Zrf\">Impression, code-barres, QR code, etc.<\/div>\n<\/td>\n<\/tr>\n<\/tbody>\n<\/table>\n<\/div>\n<\/div>\n<\/div>","protected":false},"excerpt":{"rendered":"<p>Les incrustations ou transpondeurs RFID HF\/NFC, un type de composant brut, peuvent \u00eatre transform\u00e9s en divers articles tels que des tickets, des badges, des \u00e9tiquettes ou des cartes. Simultan\u00e9ment, ces incrustations RFID HF NFC peuvent \u00eatre produites dans une gamme de tailles, personnalis\u00e9es pour r\u00e9pondre \u00e0 vos besoins sp\u00e9cifiques.<\/p>","protected":false},"featured_media":287,"template":"","meta":{"_kad_post_transparent":"default","_kad_post_title":"","_kad_post_layout":"default","_kad_post_sidebar_id":"","_kad_post_content_style":"default","_kad_post_vertical_padding":"default","_kad_post_feature":"","_kad_post_feature_position":"","_kad_post_header":false,"_kad_post_footer":false,"_kad_post_classname":""},"product_brand":[],"product_cat":[54],"product_tag":[112,111,110],"class_list":{"0":"post-285","1":"product","2":"type-product","3":"status-publish","4":"has-post-thumbnail","6":"product_cat-hot-selling-rfid-tags","7":"product_tag-13-56mhz-rfid-inlay","8":"product_tag-nfc-inlay","9":"product_tag-rfid-nfc-inlay","11":"first","12":"instock","13":"shipping-taxable","14":"product-type-simple","15":"entry","16":"content-bg","17":"loop-entry"},"_links":{"self":[{"href":"https:\/\/rfid-laundry-tag.com\/fr\/wp-json\/wp\/v2\/product\/285","targetHints":{"allow":["GET"]}}],"collection":[{"href":"https:\/\/rfid-laundry-tag.com\/fr\/wp-json\/wp\/v2\/product"}],"about":[{"href":"https:\/\/rfid-laundry-tag.com\/fr\/wp-json\/wp\/v2\/types\/product"}],"version-history":[{"count":0,"href":"https:\/\/rfid-laundry-tag.com\/fr\/wp-json\/wp\/v2\/product\/285\/revisions"}],"wp:featuredmedia":[{"embeddable":true,"href":"https:\/\/rfid-laundry-tag.com\/fr\/wp-json\/wp\/v2\/media\/287"}],"wp:attachment":[{"href":"https:\/\/rfid-laundry-tag.com\/fr\/wp-json\/wp\/v2\/media?parent=285"}],"wp:term":[{"taxonomy":"product_brand","embeddable":true,"href":"https:\/\/rfid-laundry-tag.com\/fr\/wp-json\/wp\/v2\/product_brand?post=285"},{"taxonomy":"product_cat","embeddable":true,"href":"https:\/\/rfid-laundry-tag.com\/fr\/wp-json\/wp\/v2\/product_cat?post=285"},{"taxonomy":"product_tag","embeddable":true,"href":"https:\/\/rfid-laundry-tag.com\/fr\/wp-json\/wp\/v2\/product_tag?post=285"}],"curies":[{"name":"wp","href":"https:\/\/api.w.org\/{rel}","templated":true}]}}