{"id":2843,"date":"2024-11-05T12:37:22","date_gmt":"2024-11-05T12:37:22","guid":{"rendered":"https:\/\/rfid-laundry-tag.com\/?post_type=product&#038;p=2843"},"modified":"2024-11-05T12:37:24","modified_gmt":"2024-11-05T12:37:24","slug":"rfid-keyfobs-mifare-s50-1k","status":"publish","type":"product","link":"https:\/\/rfid-laundry-tag.com\/fr\/rfid-keyfobs-mifare-s50-1k\/","title":{"rendered":"Porte-cl\u00e9s RFID Mifare S50 1K"},"content":{"rendered":"<h2>Porte-cl\u00e9s RFID Mifare S50 1K<\/h2>\n<p><span class=\"AnswerParser_TextContainer__z_Iiv\" data-testid=\"youchat-text\">Le polyvalent <strong>Porte-cl\u00e9s RFID<\/strong> repr\u00e9sente l&#039;\u00e9quilibre parfait entre confort et s\u00e9curit\u00e9 pour les syst\u00e8mes de contr\u00f4le d&#039;acc\u00e8s modernes. Disponibles en fr\u00e9quences 13,56 MHz et 125 kHz, ces appareils compacts offrent une identification fiable et une gestion transparente des acc\u00e8s pour diverses applications.<\/span><\/p>\n<p>NXP<sup>\u00ae<\/sup>\u00a0a d\u00e9velopp\u00e9 le MIFARE<sup>\u00ae<\/sup>\u00a0MF1ICS50 \u00e0 utiliser dans une carte \u00e0 puce sans contact selon la norme ISO\/IEC 14443 Type-A.<\/p>\n<p>Le circuit int\u00e9gr\u00e9 MIFARE MF1ICS50 est utilis\u00e9 dans des applications telles que la billetterie des transports publics, o\u00f9 les grandes villes ont adopt\u00e9 MIFARE comme solution de billetterie \u00e9lectronique de leur choix.<\/p>\n<p>Une fonction anti-collision intelligente permet d&#039;utiliser simultan\u00e9ment plusieurs cartes sur le terrain. L&#039;algorithme anti-collision s\u00e9lectionne chaque carte individuellement et garantit que l&#039;ex\u00e9cution d&#039;une transaction avec une carte s\u00e9lectionn\u00e9e est effectu\u00e9e correctement sans corruption de donn\u00e9es r\u00e9sultant d&#039;autres cartes sur le terrain.<\/p>\n<p>Le MF1ICS50 est con\u00e7u pour une int\u00e9gration simple et une utilisation pratique. Cela pourrait permettre de traiter des transactions de billetterie compl\u00e8tes en moins de 100 ms. Ainsi, l&#039;utilisateur de la carte MF1ICS50 n&#039;est pas oblig\u00e9 de s&#039;arr\u00eater au lecteur, ce qui permet un d\u00e9bit \u00e9lev\u00e9 aux portes d&#039;embarquement et des temps d&#039;embarquement r\u00e9duits dans les bus. La carte bas\u00e9e sur le produit MIFARE peut \u00e9galement rester dans le portefeuille pendant la transaction, m\u00eame s&#039;il contient des pi\u00e8ces de monnaie.<\/p>\n<h3>Caract\u00e9ristiques de la puce Mifare S50 1K<\/h3>\n<div id=\"featuresXsp\" class=\"features-list\">\n<div class=\"features-xsp\">\n<div class=\"collapse-mobile ste-list\">\n<h3>MIFARE, interface RF (ISO\/CEI 14443 A)<\/h3>\n<ul class=\"boxes\">\n<li>Transmission sans contact des donn\u00e9es et alimentation en \u00e9nergie (pas besoin de batterie)<\/li>\n<li>Distance de fonctionnement : jusqu&#039;\u00e0 100 mm (selon la g\u00e9om\u00e9trie de l&#039;antenne)<\/li>\n<li>Fr\u00e9quence de fonctionnement : 13,56 MHz<\/li>\n<li>Transfert de donn\u00e9es : 106 kbit\/s<\/li>\n<li>Int\u00e9grit\u00e9 des donn\u00e9es : CRC 16 bits, parit\u00e9, codage binaire, comptage de bits<\/li>\n<li>Anti-collision<\/li>\n<li>Transaction de billetterie typique : &lt; 100 ms (gestion des sauvegardes incluse)<\/li>\n<\/ul>\n<\/div>\n<div class=\"collapse-mobile ste-list\">\n<h3>EEPROM<\/h3>\n<ul class=\"boxes\">\n<li>1 Ko \u2013 4 Ko, organis\u00e9 en 16 secteurs avec 4 blocs de 16 octets chacun (un bloc est compos\u00e9 de 16 octets)<\/li>\n<li>Conditions d&#039;acc\u00e8s d\u00e9finissables par l&#039;utilisateur pour chaque bloc de m\u00e9moire<\/li>\n<li>Conservation des donn\u00e9es pendant 10 ans<\/li>\n<li>Endurance d&#039;\u00e9criture 100 000 \u2013 200 000 cycles<\/li>\n<\/ul>\n<\/div>\n<div class=\"collapse-mobile ste-list\">\n<h3>S\u00e9curit\u00e9<\/h3>\n<ul class=\"boxes\">\n<li>Authentification mutuelle en trois \u00e9tapes (ISO\/IEC DIS 9798-2)<\/li>\n<li>Un ensemble individuel de deux cl\u00e9s par secteur (par application) pour prendre en charge plusieurs applications avec hi\u00e9rarchie de cl\u00e9s<\/li>\n<li>Un num\u00e9ro de s\u00e9rie unique pour chaque appareil<\/li>\n<\/ul>\n<\/div>\n<div class=\"collapse-mobile ste-list\">\n<h3>Options de livraison<\/h3>\n<ul class=\"boxes\">\n<li>D\u00e9coupe sur plaquette<\/li>\n<li>Matrice bossel\u00e9e sur la plaquette<\/li>\n<li>Module de carte sans contact MOA4 ou MOA2<\/li>\n<\/ul>\n<\/div>\n<\/div>\n<\/div>\n<h2 class=\"AnswerParser_AnswerParserH2__SIHnF\">Pr\u00e9sentation du produit et sp\u00e9cifications techniques<\/h2>\n<p><span class=\"AnswerParser_TextContainer__z_Iiv\" data-testid=\"youchat-text\">Nos porte-cl\u00e9s RFID comprennent :<\/span><\/p>\n<ul class=\"AnswerParser_AnswerParserUnorderedList__P_1FW\">\n<li class=\"AnswerParser_ListItem__XqLOV\" translate=\"yes\">Options de double fr\u00e9quence : 13,56 MHz<\/li>\n<li class=\"AnswerParser_ListItem__XqLOV\" translate=\"yes\">Construction durable en ABS ou en cuir<\/li>\n<li class=\"AnswerParser_ListItem__XqLOV\" translate=\"yes\">Compatible avec les principaux syst\u00e8mes de contr\u00f4le d&#039;acc\u00e8s<\/li>\n<li class=\"AnswerParser_ListItem__XqLOV\" translate=\"yes\">UID programmable<\/li>\n<li class=\"AnswerParser_ListItem__XqLOV\" translate=\"yes\">Conception r\u00e9sistante \u00e0 l&#039;eau<\/li>\n<li class=\"AnswerParser_ListItem__XqLOV\" translate=\"yes\">Protection contre le blocage du signal<\/li>\n<\/ul>\n<h2 class=\"AnswerParser_AnswerParserH2__SIHnF\">Fonctionnalit\u00e9s de s\u00e9curit\u00e9 avanc\u00e9es<\/h2>\n<p><span class=\"AnswerParser_TextContainer__z_Iiv\" data-testid=\"youchat-text\">La s\u00e9curit\u00e9 est primordiale dans la conception de nos porte-cl\u00e9s :<\/span><\/p>\n<ul class=\"AnswerParser_AnswerParserUnorderedList__P_1FW\">\n<li class=\"AnswerParser_ListItem__XqLOV\" translate=\"yes\"><strong>Technologie anti-clonage<\/strong>: Emp\u00eache la duplication non autoris\u00e9e<\/li>\n<li class=\"AnswerParser_ListItem__XqLOV\" translate=\"yes\"><strong>Communication crypt\u00e9e<\/strong>:Transmission s\u00e9curis\u00e9e des donn\u00e9es<\/li>\n<li class=\"AnswerParser_ListItem__XqLOV\" translate=\"yes\"><strong>Identifiant unique<\/strong>:Chaque porte-cl\u00e9s poss\u00e8de un UID distinct<\/li>\n<li class=\"AnswerParser_ListItem__XqLOV\" translate=\"yes\"><strong>Protection du signal<\/strong>:Technologie de cage de Faraday disponible en option<\/li>\n<\/ul>\n<h2 class=\"AnswerParser_AnswerParserH2__SIHnF\">Applications et cas d&#039;utilisation<\/h2>\n<p><span class=\"AnswerParser_TextContainer__z_Iiv\" data-testid=\"youchat-text\">Ces polyvalents <strong>Porte-cl\u00e9s RFID Mifare S50 1K<\/strong> exceller dans :<\/span><\/p>\n<ul class=\"AnswerParser_AnswerParserUnorderedList__P_1FW\">\n<li class=\"AnswerParser_ListItem__XqLOV\" translate=\"yes\">Syst\u00e8mes de contr\u00f4le d&#039;acc\u00e8s aux portes<\/li>\n<li class=\"AnswerParser_ListItem__XqLOV\" translate=\"yes\">Acc\u00e8s aux chambres d&#039;h\u00f4tel<\/li>\n<li class=\"AnswerParser_ListItem__XqLOV\" translate=\"yes\">Entr\u00e9e sans cl\u00e9 du v\u00e9hicule<\/li>\n<li class=\"AnswerParser_ListItem__XqLOV\" translate=\"yes\">Suivi des pr\u00e9sences<\/li>\n<li class=\"AnswerParser_ListItem__XqLOV\" translate=\"yes\">Syst\u00e8mes de paiement<\/li>\n<li class=\"AnswerParser_ListItem__XqLOV\" translate=\"yes\">Gestion des adh\u00e9sions au club\/SPA<\/li>\n<li class=\"AnswerParser_ListItem__XqLOV\" translate=\"yes\">Contr\u00f4le d&#039;acc\u00e8s au parking<\/li>\n<\/ul>\n<h2 class=\"AnswerParser_AnswerParserH2__SIHnF\">Conception et durabilit\u00e9<\/h2>\n<p><span class=\"AnswerParser_TextContainer__z_Iiv\" data-testid=\"youchat-text\">Nos porte-cl\u00e9s sont con\u00e7us pour durer :<\/span><\/p>\n<ul class=\"AnswerParser_AnswerParserUnorderedList__P_1FW\">\n<li class=\"AnswerParser_ListItem__XqLOV\" translate=\"yes\">Bo\u00eetier ABS r\u00e9sistant aux chocs<\/li>\n<li class=\"AnswerParser_ListItem__XqLOV\" translate=\"yes\">Choix d&#039;options de cuir haut de gamme<\/li>\n<li class=\"AnswerParser_ListItem__XqLOV\" translate=\"yes\">Attache porte-cl\u00e9s renforc\u00e9e<\/li>\n<li class=\"AnswerParser_ListItem__XqLOV\" translate=\"yes\">Construction r\u00e9sistante aux intemp\u00e9ries<\/li>\n<li class=\"AnswerParser_ListItem__XqLOV\" translate=\"yes\">Disponible en plusieurs couleurs<\/li>\n<\/ul>\n<h2 class=\"AnswerParser_AnswerParserH2__SIHnF\">Tableau des sp\u00e9cifications techniques<\/h2>\n<div class=\"AnswerParser_TableContainer__Erb6v\" data-testid=\"table-container\">\n<table>\n<thead>\n<tr>\n<th style=\"text-align: left;\">Fonctionnalit\u00e9<\/th>\n<th style=\"text-align: left;\">Sp\u00e9cification<\/th>\n<\/tr>\n<\/thead>\n<tbody>\n<tr>\n<td>Options de fr\u00e9quence<\/td>\n<td>13,56 MHz<\/td>\n<\/tr>\n<tr>\n<td>Plage de lecture<\/td>\n<td>Jusqu&#039;\u00e0 5 cm<\/td>\n<\/tr>\n<tr>\n<td>M\u00e9moire<\/td>\n<td>1K (Mifare S50)<\/td>\n<\/tr>\n<tr>\n<td>Mat\u00e9riel<\/td>\n<td>ABS ou cuir<\/td>\n<\/tr>\n<tr>\n<td>Taille<\/td>\n<td>40 mm x 30 mm x 6 mm<\/td>\n<\/tr>\n<tr>\n<td>Temp\u00e9rature de fonctionnement<\/td>\n<td>-20\u00b0C \u00e0 +70\u00b0C<\/td>\n<\/tr>\n<\/tbody>\n<\/table>\n<\/div>\n<h2 class=\"AnswerParser_AnswerParserH2__SIHnF\">Options de personnalisation<\/h2>\n<p><span class=\"AnswerParser_TextContainer__z_Iiv\" data-testid=\"youchat-text\">Nous proposons une personnalisation compl\u00e8te :<\/span><\/p>\n<ul class=\"AnswerParser_AnswerParserUnorderedList__P_1FW\">\n<li class=\"AnswerParser_ListItem__XqLOV\" translate=\"yes\">Impression de logo<\/li>\n<li class=\"AnswerParser_ListItem__XqLOV\" translate=\"yes\">Couleurs personnalis\u00e9es<\/li>\n<li class=\"AnswerParser_ListItem__XqLOV\" translate=\"yes\">Codage du num\u00e9ro de s\u00e9rie<\/li>\n<li class=\"AnswerParser_ListItem__XqLOV\" translate=\"yes\">Emballage sp\u00e9cial<\/li>\n<li class=\"AnswerParser_ListItem__XqLOV\" translate=\"yes\">Quantit\u00e9s en vrac disponibles<\/li>\n<\/ul>\n<h3 class=\"AnswerParser_AnswerParserH3__Mpe4s\">Principaux avantages :<\/h3>\n<ol class=\"AnswerParser_AnswerParserOrderedList__kl_2Y\">\n<li class=\"AnswerParser_ListItem__XqLOV\" translate=\"yes\"><strong>Commodit\u00e9<\/strong>:Facile \u00e0 transporter et \u00e0 utiliser<\/li>\n<li class=\"AnswerParser_ListItem__XqLOV\" translate=\"yes\"><strong>Durabilit\u00e9<\/strong>:Construit pour durer<\/li>\n<li class=\"AnswerParser_ListItem__XqLOV\" translate=\"yes\"><strong>Versatilit\u00e9<\/strong>:Applications multiples<\/li>\n<li class=\"AnswerParser_ListItem__XqLOV\" translate=\"yes\"><strong>S\u00e9curit\u00e9<\/strong>:Cryptage avanc\u00e9<\/li>\n<li class=\"AnswerParser_ListItem__XqLOV\" translate=\"yes\"><strong>Personnalisation<\/strong>: Options flexibles<\/li>\n<\/ol>\n<blockquote><p><span class=\"AnswerParser_TextContainer__z_Iiv\" data-testid=\"youchat-text\">\u00ab Nos porte-cl\u00e9s RFID offrent l&#039;\u00e9quilibre parfait entre s\u00e9curit\u00e9 et commodit\u00e9 pour les besoins modernes de contr\u00f4le d&#039;acc\u00e8s. \u00bb<\/span><\/p><\/blockquote>\n<h2 class=\"AnswerParser_AnswerParserH2__SIHnF\">Installation et configuration<\/h2>\n<p><span class=\"AnswerParser_TextContainer__z_Iiv\" data-testid=\"youchat-text\">Processus de mise en \u0153uvre simple :<\/span><\/p>\n<ol class=\"AnswerParser_AnswerParserOrderedList__kl_2Y\">\n<li class=\"AnswerParser_ListItem__XqLOV\" translate=\"yes\">Choisissez le type de fr\u00e9quence<\/li>\n<li class=\"AnswerParser_ListItem__XqLOV\" translate=\"yes\">Identifiants uniques du programme<\/li>\n<li class=\"AnswerParser_ListItem__XqLOV\" translate=\"yes\">S&#039;inscrire au syst\u00e8me de contr\u00f4le d&#039;acc\u00e8s<\/li>\n<li class=\"AnswerParser_ListItem__XqLOV\" translate=\"yes\">Tester la fonctionnalit\u00e9<\/li>\n<li class=\"AnswerParser_ListItem__XqLOV\" translate=\"yes\">D\u00e9ployer aupr\u00e8s des utilisateurs<\/li>\n<\/ol>\n<h2 class=\"AnswerParser_AnswerParserH2__SIHnF\">Informations de commande<\/h2>\n<ul class=\"AnswerParser_AnswerParserUnorderedList__P_1FW\">\n<li class=\"AnswerParser_ListItem__XqLOV\" translate=\"yes\">Commande minimum : 200 pi\u00e8ces<\/li>\n<li class=\"AnswerParser_ListItem__XqLOV\" translate=\"yes\">Rabais en gros disponibles<\/li>\n<li class=\"AnswerParser_ListItem__XqLOV\" translate=\"yes\">Commandes d&#039;\u00e9chantillons bienvenues<\/li>\n<li class=\"AnswerParser_ListItem__XqLOV\" translate=\"yes\">D\u00e9lais de livraison rapides<\/li>\n<li class=\"AnswerParser_ListItem__XqLOV\" translate=\"yes\">Support technique inclus<\/li>\n<\/ul>\n<p><span class=\"AnswerParser_TextContainer__z_Iiv\" data-testid=\"youchat-text\">Contactez-nous d\u00e8s aujourd&#039;hui pour conna\u00eetre nos tarifs et discuter de la mani\u00e8re dont nos porte-cl\u00e9s RFID peuvent am\u00e9liorer votre syst\u00e8me de contr\u00f4le d&#039;acc\u00e8s. Des solutions personnalis\u00e9es et des tarifs de volume sont disponibles sur demande.<\/span><\/p>","protected":false},"excerpt":{"rendered":"<p>Porte-cl\u00e9s RFID Mifare S50 1K, notre <strong>Porte-cl\u00e9s RFID<\/strong> offrent des options de double fr\u00e9quence (13,56 MHz\/125 kHz), une conception durable, un UID programmable et des fonctionnalit\u00e9s de s\u00e9curit\u00e9 avanc\u00e9es telles que l&#039;anti-clonage et la communication crypt\u00e9e.<\/p>","protected":false},"featured_media":2844,"template":"","meta":{"_kad_post_transparent":"default","_kad_post_title":"","_kad_post_layout":"default","_kad_post_sidebar_id":"","_kad_post_content_style":"default","_kad_post_vertical_padding":"default","_kad_post_feature":"","_kad_post_feature_position":"","_kad_post_header":false,"_kad_post_footer":false,"_kad_post_classname":""},"product_brand":[],"product_cat":[54],"product_tag":[347,346,344,345,343],"class_list":{"0":"post-2843","1":"product","2":"type-product","3":"status-publish","4":"has-post-thumbnail","6":"product_cat-hot-selling-rfid-tags","7":"product_tag-mifare-key-fobs","8":"product_tag-nfc-key-tag","9":"product_tag-nfc-keychain","10":"product_tag-rfid-fob","11":"product_tag-rfid-keyfobs","13":"first","14":"instock","15":"shipping-taxable","16":"product-type-simple","17":"entry","18":"content-bg","19":"loop-entry"},"_links":{"self":[{"href":"https:\/\/rfid-laundry-tag.com\/fr\/wp-json\/wp\/v2\/product\/2843","targetHints":{"allow":["GET"]}}],"collection":[{"href":"https:\/\/rfid-laundry-tag.com\/fr\/wp-json\/wp\/v2\/product"}],"about":[{"href":"https:\/\/rfid-laundry-tag.com\/fr\/wp-json\/wp\/v2\/types\/product"}],"version-history":[{"count":2,"href":"https:\/\/rfid-laundry-tag.com\/fr\/wp-json\/wp\/v2\/product\/2843\/revisions"}],"predecessor-version":[{"id":2849,"href":"https:\/\/rfid-laundry-tag.com\/fr\/wp-json\/wp\/v2\/product\/2843\/revisions\/2849"}],"wp:featuredmedia":[{"embeddable":true,"href":"https:\/\/rfid-laundry-tag.com\/fr\/wp-json\/wp\/v2\/media\/2844"}],"wp:attachment":[{"href":"https:\/\/rfid-laundry-tag.com\/fr\/wp-json\/wp\/v2\/media?parent=2843"}],"wp:term":[{"taxonomy":"product_brand","embeddable":true,"href":"https:\/\/rfid-laundry-tag.com\/fr\/wp-json\/wp\/v2\/product_brand?post=2843"},{"taxonomy":"product_cat","embeddable":true,"href":"https:\/\/rfid-laundry-tag.com\/fr\/wp-json\/wp\/v2\/product_cat?post=2843"},{"taxonomy":"product_tag","embeddable":true,"href":"https:\/\/rfid-laundry-tag.com\/fr\/wp-json\/wp\/v2\/product_tag?post=2843"}],"curies":[{"name":"wp","href":"https:\/\/api.w.org\/{rel}","templated":true}]}}