{"id":2830,"date":"2024-11-04T15:27:11","date_gmt":"2024-11-04T15:27:11","guid":{"rendered":"https:\/\/rfid-laundry-tag.com\/?post_type=product&#038;p=2830"},"modified":"2024-11-04T15:36:34","modified_gmt":"2024-11-04T15:36:34","slug":"washable-laundry-rfid-tags-manufacturer","status":"publish","type":"product","link":"https:\/\/rfid-laundry-tag.com\/fr\/washable-laundry-rfid-tags-manufacturer\/","title":{"rendered":"Fabricant d&#039;\u00e9tiquettes RFID pour linge lavable"},"content":{"rendered":"<div>\n<div class=\"auto-hide-last-sibling-br paragraph_1252f paragraph-element\">\n<h1 class=\"AnswerParser_AnswerParserH1__6UNv6\">Fabricant d&#039;\u00e9tiquettes RFID pour linge lavable<\/h1>\n<h1 class=\"AnswerParser_AnswerParserH1__6UNv6\">\u00c9tiquettes RFID lavables pour linge<\/h1>\n<table width=\"637\">\n<tbody>\n<tr>\n<td width=\"328\">Nom de l&#039;article:<\/td>\n<td width=\"309\">\u00c9tiquettes RFID lavables pour linge<\/td>\n<\/tr>\n<tr>\n<td width=\"328\">Norme RFID\u00a0:<\/td>\n<td width=\"309\">ISO\/IEC 18000-6 TypeC (EPC Gen2)<\/td>\n<\/tr>\n<tr>\n<td width=\"328\">Taille poids:<\/td>\n<td width=\"309\">70 \u00d7 15 mm, 0,6 g<\/td>\n<\/tr>\n<tr>\n<td width=\"328\">Type de puce\u00a0:<\/td>\n<td width=\"309\">Impinj Monza 4QT, NXP U CODE 8, NXP U CODE 9<\/td>\n<\/tr>\n<tr>\n<td width=\"328\">M\u00e9moire CPE\u00a0:<\/td>\n<td width=\"309\">128 bits<\/td>\n<\/tr>\n<tr>\n<td width=\"328\">M\u00e9moire utilisateur\u00a0:<\/td>\n<td width=\"309\">512 bits<\/td>\n<\/tr>\n<tr>\n<td width=\"328\">Plage de lecture (2 W ERP FCC)\u00a0:<\/td>\n<td width=\"309\">8m<\/td>\n<\/tr>\n<tr>\n<td width=\"328\">Plage de lecture (ERP ETSI 2 W)\u00a0:<\/td>\n<td width=\"309\">8m<\/td>\n<\/tr>\n<tr>\n<td width=\"328\">Marquage\u00a0:<\/td>\n<td width=\"309\">Couture, adh\u00e9sif de marquage \u00e0 chaud<\/td>\n<\/tr>\n<tr>\n<td width=\"328\">Dur\u00e9e de vie estim\u00e9e\u00a0:<\/td>\n<td width=\"309\">200 cycles de lavage ou 3 ans, selon la premi\u00e8re \u00e9ventualit\u00e9<\/td>\n<\/tr>\n<tr>\n<td width=\"328\">M\u00e9thode de lavage\u00a0:<\/td>\n<td width=\"309\">Blanchisserie, Nettoyage \u00e0 sec<\/td>\n<\/tr>\n<tr>\n<td width=\"328\">Pression d&#039;extraction d&#039;eau\u00a0:<\/td>\n<td width=\"309\">60 barres<\/td>\n<\/tr>\n<tr>\n<td width=\"328\">R\u00e9sistance \u00e0 l&#039;eau:<\/td>\n<td width=\"309\">R\u00e9sistant \u00e0 l&#039;eau<\/td>\n<\/tr>\n<tr>\n<td width=\"328\">R\u00e9sistance chimique:<\/td>\n<td width=\"309\">D\u00e9tergent, adoucissant, agent de blanchiment (oxyg\u00e8ne\/chlore), alcalin<\/td>\n<\/tr>\n<tr>\n<td width=\"328\">Pr\u00e9-s\u00e9chage au Tumbler :<\/td>\n<td width=\"309\">125 \u00baC pendant 15-20 minutes<\/td>\n<\/tr>\n<tr>\n<td width=\"328\">Temp\u00e9rature de st\u00e9rilisation\u00a0:<\/td>\n<td width=\"309\">135\u00b0C pendant 15-20 minutes<\/td>\n<\/tr>\n<tr>\n<td width=\"328\">Temp\u00e9rature de lavage\u00a0:<\/td>\n<td width=\"309\">90\u00b0C, jusqu&#039;\u00e0 15min.<\/td>\n<\/tr>\n<tr>\n<td width=\"328\">Humidit\u00e9\/temp\u00e9rature de fonctionnement\u00a0:<\/td>\n<td width=\"309\">-20 \u00e0 110\u00b0C, 8 \u00e0 95%RH<\/td>\n<\/tr>\n<tr>\n<td width=\"328\">Humidit\u00e9\/temp\u00e9rature-stockage\u00a0:<\/td>\n<td width=\"309\">-40 \u00e0 110\u00b0C, 8 \u00e0 95%RH<\/td>\n<\/tr>\n<\/tbody>\n<\/table>\n<\/div>\n<div class=\"auto-hide-last-sibling-br paragraph_1252f paragraph-element\"><\/div>\n<\/div>\n<div class=\"auto-hide-last-sibling-br paragraph_1252f paragraph-element\">\n<div data-spm-anchor-id=\"a2700.details.0.i57.23b419c7xXORP0\"><span class=\"AnswerParser_TextContainer__z_Iiv\" data-testid=\"youchat-text\"><strong>\u00c9tiquettes RFID pour linge lavable<\/strong>\u00a0r\u00e9volutionnent la fa\u00e7on dont ces organisations suivent et g\u00e8rent leur linge, leurs uniformes et autres v\u00eatements. En tant que fabricant leader de ces \u00e9tiquettes innovantes, nous fournissons des solutions de haute qualit\u00e9, durables et fiables qui am\u00e9liorent l&#039;efficacit\u00e9 op\u00e9rationnelle et r\u00e9duisent les co\u00fbts.<\/span><span class=\"AnswerParser_TextContainer__z_Iiv\" data-testid=\"youchat-text\">Notre\u00a0<strong>\u00e9tiquettes de blanchisserie RFID lavables et imperm\u00e9ables<\/strong> sont con\u00e7ues pour r\u00e9sister aux rigueurs des processus de blanchisserie industrielle, garantissant que vos syst\u00e8mes de suivi et de gestion restent efficaces m\u00eame apr\u00e8s plusieurs cycles de lavage. Avec une dur\u00e9e de vie allant jusqu&#039;\u00e0 200 lavages ou trois ans, ces \u00e9tiquettes constituent un investissement intelligent pour toute op\u00e9ration de blanchisserie.<\/span><\/div>\n<\/div>\n<div data-spm-anchor-id=\"a2700.details.0.i57.23b419c7xXORP0\"><\/div>\n<div class=\"auto-hide-last-sibling-br paragraph_1252f paragraph-element\">\n<h2 class=\"AnswerParser_AnswerParserH2__SIHnF\">Aper\u00e7u du produit<\/h2>\n<h3 class=\"AnswerParser_AnswerParserH3__Mpe4s\">1. Que sont les \u00e9tiquettes RFID pour linge lavables ?<\/h3>\n<p><span class=\"AnswerParser_TextContainer__z_Iiv\" data-testid=\"youchat-text\">Les \u00e9tiquettes RFID pour linge lavable sont des \u00e9tiquettes sp\u00e9cialis\u00e9es con\u00e7ues pour le suivi des textiles dans les op\u00e9rations de blanchisserie. Elles utilisent la technologie RFID pour transmettre des donn\u00e9es aux lecteurs RFID, permettant ainsi le suivi et la gestion automatis\u00e9s des articles de blanchisserie. Ces \u00e9tiquettes sont essentielles pour les industries qui n\u00e9cessitent un contr\u00f4le pr\u00e9cis des stocks et une gestion efficace des v\u00eatements.<\/span><\/p>\n<h3 class=\"AnswerParser_AnswerParserH3__Mpe4s\">2. Principales caract\u00e9ristiques de nos \u00e9tiquettes RFID lavables pour linge<\/h3>\n<p><span class=\"AnswerParser_TextContainer__z_Iiv\" data-testid=\"youchat-text\">Nos \u00e9tiquettes de blanchisserie RFID sont dot\u00e9es de plusieurs fonctionnalit\u00e9s qui les rendent id\u00e9ales pour diverses applications de blanchisserie. Elles sont fabriqu\u00e9es \u00e0 partir de mat\u00e9riaux durables qui peuvent r\u00e9sister \u00e0 des temp\u00e9ratures \u00e9lev\u00e9es et \u00e0 des produits chimiques agressifs, garantissant ainsi long\u00e9vit\u00e9 et fiabilit\u00e9. Les \u00e9tiquettes sont \u00e9galement con\u00e7ues pour \u00eatre cousues ou coll\u00e9es sur des v\u00eatements, offrant ainsi une certaine flexibilit\u00e9 dans leur utilisation.<\/span><\/p>\n<h3 class=\"AnswerParser_AnswerParserH3__Mpe4s\">3. Avantages de l&#039;utilisation d&#039;\u00e9tiquettes RFID pour linge lavable<\/h3>\n<p><span class=\"AnswerParser_TextContainer__z_Iiv\" data-testid=\"youchat-text\">L&#039;int\u00e9gration d&#039;\u00e9tiquettes RFID dans vos op\u00e9rations de blanchisserie peut apporter des avantages consid\u00e9rables, notamment une meilleure pr\u00e9cision des stocks, une r\u00e9duction des co\u00fbts de main-d&#039;\u0153uvre et une s\u00e9curit\u00e9 renforc\u00e9e. En automatisant le processus de suivi, les entreprises peuvent rationaliser leur gestion du linge et se concentrer sur la fourniture d&#039;un meilleur service \u00e0 leurs clients.<\/span><\/p>\n<h3 class=\"AnswerParser_AnswerParserH3__Mpe4s\">4. Sp\u00e9cifications techniques<\/h3>\n<p><span class=\"AnswerParser_TextContainer__z_Iiv\" data-testid=\"youchat-text\">Nos \u00e9tiquettes de blanchisserie RFID lavables et imperm\u00e9ables sont conformes \u00e0 la norme ISO\/IEC 18000-6 Type C (EPC Gen2). Voici quelques sp\u00e9cifications cl\u00e9s :<\/span><\/p>\n<ul class=\"AnswerParser_AnswerParserUnorderedList__P_1FW\">\n<li class=\"AnswerParser_ListItem__XqLOV\" translate=\"yes\"><strong>Taille et poids<\/strong>: 70\u00d715 mm, 0,6 g<\/li>\n<li class=\"AnswerParser_ListItem__XqLOV\" translate=\"yes\"><strong>Type de puce<\/strong>: Impinj Monza 4QT, NXP U CODE 8, NXP U CODE 9<\/li>\n<li class=\"AnswerParser_ListItem__XqLOV\" translate=\"yes\"><strong>M\u00e9moire EPC<\/strong>: 128 bits<\/li>\n<li class=\"AnswerParser_ListItem__XqLOV\" translate=\"yes\"><strong>M\u00e9moire utilisateur<\/strong>: 512 bits<\/li>\n<li class=\"AnswerParser_ListItem__XqLOV\" translate=\"yes\"><strong>Plage de lecture<\/strong>:Jusqu&#039;\u00e0 8 m\u00e8tres<\/li>\n<li class=\"AnswerParser_ListItem__XqLOV\" translate=\"yes\"><strong>Dur\u00e9e de vie estim\u00e9e<\/strong>: 200 cycles de lavage ou 3 ans<\/li>\n<\/ul>\n<h3 class=\"AnswerParser_AnswerParserH3__Mpe4s\">5. Instructions d&#039;utilisation<\/h3>\n<p><span class=\"AnswerParser_TextContainer__z_Iiv\" data-testid=\"youchat-text\">Pour garantir des performances optimales de vos \u00e9tiquettes RFID pour linge lavable, suivez ces instructions d&#039;utilisation\u00a0:<\/span><\/p>\n<ul class=\"AnswerParser_AnswerParserUnorderedList__P_1FW\">\n<li class=\"AnswerParser_ListItem__XqLOV\" translate=\"yes\"><strong>Marquage<\/strong>:Les \u00e9tiquettes peuvent \u00eatre cousues sur les v\u00eatements ou fix\u00e9es \u00e0 l&#039;aide d&#039;un adh\u00e9sif \u00e0 chaud.<\/li>\n<li class=\"AnswerParser_ListItem__XqLOV\" translate=\"yes\"><strong>La lessive<\/strong>:Convient aux processus de blanchisserie et de nettoyage \u00e0 sec.<\/li>\n<li class=\"AnswerParser_ListItem__XqLOV\" translate=\"yes\"><strong>R\u00e9sistance \u00e0 l&#039;eau<\/strong>:Con\u00e7u pour r\u00e9sister \u00e0 des pressions d&#039;extraction d&#039;eau allant jusqu&#039;\u00e0 60 bars.<\/li>\n<\/ul>\n<h3 class=\"AnswerParser_AnswerParserH3__Mpe4s\">6. Impact environnemental<\/h3>\n<p><span class=\"AnswerParser_TextContainer__z_Iiv\" data-testid=\"youchat-text\">Nos \u00e9tiquettes de blanchisserie RFID sont con\u00e7ues dans un souci de durabilit\u00e9. Elles sont fabriqu\u00e9es \u00e0 partir de mat\u00e9riaux r\u00e9sistants aux produits chimiques de blanchisserie courants, ce qui r\u00e9duit le besoin de remplacements fr\u00e9quents. Cela permet non seulement de r\u00e9duire les d\u00e9chets, mais contribue \u00e9galement \u00e0 une blanchisserie plus durable.<\/span><\/p>\n<h3 class=\"AnswerParser_AnswerParserH3__Mpe4s\">7. Avis des clients<\/h3>\n<p><span class=\"AnswerParser_TextContainer__z_Iiv\" data-testid=\"youchat-text\">Nos clients ont toujours fait l&#039;\u00e9loge de nos \u00e9tiquettes de blanchisserie RFID lavables pour leur durabilit\u00e9 et leur efficacit\u00e9. Beaucoup ont signal\u00e9 des am\u00e9liorations significatives dans leurs processus de gestion du linge, citant une r\u00e9duction des pertes et une efficacit\u00e9 accrue. Voici ce que l&#039;un de nos clients avait \u00e0 dire :<\/span><\/p>\n<blockquote><p><span class=\"AnswerParser_TextContainer__z_Iiv\" data-testid=\"youchat-text\">\u00ab Depuis que nous utilisons ces \u00e9tiquettes RFID, la pr\u00e9cision de nos stocks s\u2019est consid\u00e9rablement am\u00e9lior\u00e9e. Nous pouvons d\u00e9sormais suivre chaque v\u00eatement en toute simplicit\u00e9 ! \u00bb<\/span><\/p><\/blockquote>\n<h3 class=\"AnswerParser_AnswerParserH3__Mpe4s\">8. FAQ<\/h3>\n<p><span class=\"AnswerParser_TextContainer__z_Iiv\" data-testid=\"youchat-text\"><strong>Q\u00a0:\u00a0Combien de temps durent les \u00e9tiquettes de blanchisserie RFID\u00a0?<\/strong><br \/>\nR : Nos \u00e9tiquettes sont con\u00e7ues pour durer jusqu&#039;\u00e0 200 cycles de lavage ou trois ans, selon la premi\u00e8re \u00e9ventualit\u00e9.<\/span><\/p>\n<p><span class=\"AnswerParser_TextContainer__z_Iiv\" data-testid=\"youchat-text\"><strong>Q\u00a0:\u00a0Ces \u00e9tiquettes peuvent-elles r\u00e9sister \u00e0 des temp\u00e9ratures \u00e9lev\u00e9es\u00a0?<\/strong><br \/>\nR : Oui, nos \u00e9tiquettes de linge RFID peuvent supporter des temp\u00e9ratures \u00e9lev\u00e9es pendant les processus de lavage et de s\u00e9chage.<\/span><\/p>\n<p><span class=\"AnswerParser_TextContainer__z_Iiv\" data-testid=\"youchat-text\"><strong>Q : Comment puis-je commander ces \u00e9tiquettes ?<\/strong><br \/>\nR : Veuillez remplir le formulaire de demande ci-dessous et indiquez-nous le type de lecteur RFID ou de configuration d&#039;antenne dont vous avez besoin.<\/span><\/p>\n<h3 class=\"AnswerParser_AnswerParserH3__Mpe4s\">9. Produits connexes<\/h3>\n<p><span class=\"AnswerParser_TextContainer__z_Iiv\" data-testid=\"youchat-text\">En plus de nos \u00e9tiquettes de blanchisserie RFID lavables, nous proposons une gamme de produits connexes, notamment des lecteurs et des antennes RFID, pour compl\u00e9ter votre syst\u00e8me de gestion du linge. Nos solutions sont con\u00e7ues pour fonctionner de mani\u00e8re transparente ensemble, vous offrant ainsi un syst\u00e8me de suivi et de gestion complet.<\/span><\/p>\n<h3 class=\"AnswerParser_AnswerParserH3__Mpe4s\">10. Contactez-nous<\/h3>\n<p><span class=\"AnswerParser_TextContainer__z_Iiv\" data-testid=\"youchat-text\">Pour plus d&#039;informations sur nos \u00e9tiquettes RFID pour linge lavable ou pour discuter de vos besoins sp\u00e9cifiques, veuillez\u00a0<strong>Contactez-nous<\/strong>Notre \u00e9quipe est pr\u00eate \u00e0 vous accompagner dans la recherche des meilleures solutions pour vos op\u00e9rations de blanchisserie.<\/span><\/p>\n<hr \/>\n<p><span class=\"AnswerParser_TextContainer__z_Iiv\" data-testid=\"youchat-text\">En choisissant notre\u00a0<strong>\u00c9tiquettes RFID pour linge lavable<\/strong>, vous investissez dans une solution qui non seulement am\u00e9liore votre efficacit\u00e9 op\u00e9rationnelle, mais contribue \u00e9galement \u00e0 un avenir plus durable. Gr\u00e2ce \u00e0 notre engagement envers la qualit\u00e9 et la satisfaction de nos clients, vous pouvez nous faire confiance pour vous fournir les meilleures solutions RFID pour vos besoins de gestion de blanchisserie. N&#039;h\u00e9sitez pas \u00e0 nous contacter et \u00e0 d\u00e9couvrir comment nos produits peuvent transformer vos op\u00e9rations de blanchisserie d\u00e8s aujourd&#039;hui !<\/span><\/p>\n<p>&nbsp;<\/p>\n<\/div>\n<div class=\"auto-hide-last-sibling-br paragraph_1252f paragraph-element\"><\/div>","protected":false},"excerpt":{"rendered":"<p>D\u00e9couvrez notre <strong>\u00c9tiquettes de blanchisserie RFID lavables<\/strong>!Parfait pour le suivi du linge et des uniformes, durable, imperm\u00e9able et con\u00e7u pour une gestion transparente du linge.<\/p>","protected":false},"featured_media":2825,"template":"","meta":{"_kad_post_transparent":"default","_kad_post_title":"","_kad_post_layout":"default","_kad_post_sidebar_id":"","_kad_post_content_style":"default","_kad_post_vertical_padding":"default","_kad_post_feature":"","_kad_post_feature_position":"","_kad_post_header":false,"_kad_post_footer":false,"_kad_post_classname":""},"product_brand":[],"product_cat":[16],"product_tag":[340,31,65,30,341],"class_list":{"0":"post-2830","1":"product","2":"type-product","3":"status-publish","4":"has-post-thumbnail","6":"product_cat-uhf-rfid-laundry-tags","7":"product_tag-rfid-chips","8":"product_tag-rfid-tag-for-linen-laundry","9":"product_tag-textile-rfid-laundry-tags","10":"product_tag-uhf-rfid-laundry-tag","11":"product_tag-washable-laundry-rfid-tags-manufacturer","13":"first","14":"instock","15":"featured","16":"shipping-taxable","17":"product-type-simple","18":"entry","19":"content-bg","20":"loop-entry"},"_links":{"self":[{"href":"https:\/\/rfid-laundry-tag.com\/fr\/wp-json\/wp\/v2\/product\/2830","targetHints":{"allow":["GET"]}}],"collection":[{"href":"https:\/\/rfid-laundry-tag.com\/fr\/wp-json\/wp\/v2\/product"}],"about":[{"href":"https:\/\/rfid-laundry-tag.com\/fr\/wp-json\/wp\/v2\/types\/product"}],"version-history":[{"count":2,"href":"https:\/\/rfid-laundry-tag.com\/fr\/wp-json\/wp\/v2\/product\/2830\/revisions"}],"predecessor-version":[{"id":2832,"href":"https:\/\/rfid-laundry-tag.com\/fr\/wp-json\/wp\/v2\/product\/2830\/revisions\/2832"}],"wp:featuredmedia":[{"embeddable":true,"href":"https:\/\/rfid-laundry-tag.com\/fr\/wp-json\/wp\/v2\/media\/2825"}],"wp:attachment":[{"href":"https:\/\/rfid-laundry-tag.com\/fr\/wp-json\/wp\/v2\/media?parent=2830"}],"wp:term":[{"taxonomy":"product_brand","embeddable":true,"href":"https:\/\/rfid-laundry-tag.com\/fr\/wp-json\/wp\/v2\/product_brand?post=2830"},{"taxonomy":"product_cat","embeddable":true,"href":"https:\/\/rfid-laundry-tag.com\/fr\/wp-json\/wp\/v2\/product_cat?post=2830"},{"taxonomy":"product_tag","embeddable":true,"href":"https:\/\/rfid-laundry-tag.com\/fr\/wp-json\/wp\/v2\/product_tag?post=2830"}],"curies":[{"name":"wp","href":"https:\/\/api.w.org\/{rel}","templated":true}]}}