{"id":281,"date":"2024-06-26T09:42:03","date_gmt":"2024-06-26T09:42:03","guid":{"rendered":"https:\/\/rfid-laundry-tag.com\/?post_type=product&#038;p=281"},"modified":"2024-07-16T16:25:37","modified_gmt":"2024-07-16T16:25:37","slug":"uhf-rfid-wet-inlay","status":"publish","type":"product","link":"https:\/\/rfid-laundry-tag.com\/fr\/uhf-rfid-wet-inlay\/","title":{"rendered":"Incrustation humide RFID UHF"},"content":{"rendered":"<table class=\"all magic-1\" style=\"font-family: var(--global-body-font-family);\">\n<tbody>\n<tr>\n<td colspan=\"1\" rowspan=\"1\">\n<div class=\"magic-2\" data-spm-anchor-id=\"a2700.details.0.i124.27902306LbjcO6\"><b>Nom du produit<\/b><\/div>\n<\/td>\n<td colspan=\"1\" rowspan=\"1\">\n<div class=\"magic-3\">Incrustation humide RFID UHF<\/div>\n<\/td>\n<\/tr>\n<tr>\n<td colspan=\"1\" rowspan=\"1\">\n<div class=\"magic-2\"><b data-spm-anchor-id=\"a2700.pc-decorate.0.i1.2adc3333pGXB5C\">Mat\u00e9riel<\/b><\/div>\n<\/td>\n<td colspan=\"1\" rowspan=\"1\">\n<div class=\"magic-3\">Papier couch\u00e9, PET, etc.<\/div>\n<\/td>\n<\/tr>\n<tr>\n<td colspan=\"1\" rowspan=\"1\">\n<div class=\"magic-2\"><b>\u00c9br\u00e9cher<\/b><\/div>\n<\/td>\n<td colspan=\"1\" rowspan=\"1\">\n<div class=\"magic-3\">Alien H9<\/div>\n<\/td>\n<\/tr>\n<tr>\n<td colspan=\"1\" rowspan=\"1\">\n<div class=\"magic-2\"><b data-spm-anchor-id=\"a2700.pc-decorate.0.i7.2adc3333pGXB5C\">Couleur<\/b><\/div>\n<\/td>\n<td colspan=\"1\" rowspan=\"1\">\n<div class=\"magic-3\">Blanc<\/div>\n<\/td>\n<\/tr>\n<tr>\n<td colspan=\"1\" rowspan=\"1\">\n<div class=\"magic-2\"><b>M\u00e9moire utilisateur<\/b><\/div>\n<\/td>\n<td colspan=\"1\" rowspan=\"1\">\n<div class=\"magic-3\">688 bits<\/div>\n<\/td>\n<\/tr>\n<tr>\n<td colspan=\"1\" rowspan=\"1\">\n<div class=\"magic-2\"><b>M\u00e9moire EPC<\/b><\/div>\n<\/td>\n<td colspan=\"1\" rowspan=\"1\">\n<div class=\"magic-3\" data-spm-anchor-id=\"a2700.details.0.i125.27902306LbjcO6\">496 bits<\/div>\n<\/td>\n<\/tr>\n<tr>\n<td colspan=\"1\" rowspan=\"1\">\n<div class=\"magic-2\"><b data-spm-anchor-id=\"a2700.pc-decorate.0.i18.2adc3333pGXB5C\">Protocole<\/b><\/div>\n<\/td>\n<td colspan=\"1\" rowspan=\"1\">\n<div class=\"magic-3\">EPC mondial Classe 1 Gen2 ISO\/IEC 18000-6C<\/div>\n<\/td>\n<\/tr>\n<tr>\n<td colspan=\"1\" rowspan=\"1\">\n<div class=\"magic-2\"><b data-spm-anchor-id=\"a2700.pc-decorate.0.i9.74c33333KAtYOv\">Fr\u00e9quence<\/b><\/div>\n<\/td>\n<td colspan=\"1\" rowspan=\"1\">\n<div class=\"magic-3\">860-960Mhz<\/div>\n<\/td>\n<\/tr>\n<tr>\n<td colspan=\"1\" rowspan=\"1\">\n<div class=\"magic-2\"><b>Gamme de lecteurs<\/b><\/div>\n<\/td>\n<td colspan=\"1\" rowspan=\"1\">\n<div class=\"magic-3\">6\u00a0M (cela d\u00e9pend de l&#039;environnement et de la distance de lecture-\u00e9criture)<\/div>\n<\/td>\n<\/tr>\n<tr>\n<td colspan=\"1\" rowspan=\"1\">\n<div class=\"magic-2\"><b data-spm-anchor-id=\"a2700.pc-decorate.0.i17.6f873333hkY330\">M\u00e9thode de travail<\/b><\/div>\n<\/td>\n<td colspan=\"1\" rowspan=\"1\">\n<div class=\"magic-3\">Passif<\/div>\n<\/td>\n<\/tr>\n<tr>\n<td colspan=\"1\" rowspan=\"1\">\n<div class=\"magic-2\"><b>Travail de recyclage<\/b><\/div>\n<\/td>\n<td colspan=\"1\" rowspan=\"1\">\n<div class=\"magic-3\">&gt;100000 fois<\/div>\n<\/td>\n<\/tr>\n<tr>\n<td colspan=\"1\" rowspan=\"1\">\n<div class=\"magic-2\"><b data-spm-anchor-id=\"a2700.pc-decorate.0.i51.200a3333J5VKbe\">Application<\/b><\/div>\n<\/td>\n<td colspan=\"1\" rowspan=\"1\">\n<div class=\"magic-3\">Tra\u00e7abilit\u00e9 anti-contrefa\u00e7on, transmission de donn\u00e9es<\/div>\n<\/td>\n<\/tr>\n<\/tbody>\n<\/table>\n<div><\/div>\n<div class=\"auto-hide-last-sibling-br paragraph_9dc5f paragraph-element\">Applications, y compris, mais sans s&#039;y limiter\u00a0:<\/div>\n<ol class=\"auto-hide-last-sibling-br\">\n<li>\n<div class=\"auto-hide-last-sibling-br paragraph_9dc5f paragraph-element\">Gestion des stocks : ces \u00e9tiquettes peuvent \u00eatre utilis\u00e9es pour suivre les niveaux de stock dans les entrep\u00f4ts et les magasins de d\u00e9tail, rendant le processus de gestion des stocks plus efficace et plus pr\u00e9cis.<\/div>\n<\/li>\n<li>\n<div class=\"auto-hide-last-sibling-br paragraph_9dc5f paragraph-element\">Gestion de la cha\u00eene d&#039;approvisionnement : en \u00e9tiquetant les articles avec des \u00e9tiquettes RFID, les entreprises peuvent suivre le mouvement et l&#039;\u00e9tat des marchandises tout au long de la cha\u00eene d&#039;approvisionnement, de la production \u00e0 la vente, am\u00e9liorant ainsi la transparence et l&#039;efficacit\u00e9 op\u00e9rationnelle.<\/div>\n<\/li>\n<li>\n<div class=\"auto-hide-last-sibling-br paragraph_9dc5f paragraph-element\">Gestion logistique : les \u00e9tiquettes RFID simplifient le processus de suivi des exp\u00e9ditions et de gestion des marchandises pendant le transport. Elles fournissent des informations en temps r\u00e9el sur l&#039;emplacement et le statut des marchandises, r\u00e9duisant ainsi les erreurs et les retards.<\/div>\n<\/li>\n<li>\n<div class=\"auto-hide-last-sibling-br paragraph_9dc5f paragraph-element\">Cosm\u00e9tiques : les marques peuvent utiliser des \u00e9tiquettes RFID pour v\u00e9rifier l&#039;authenticit\u00e9, contribuant ainsi \u00e0 pr\u00e9venir la contrefa\u00e7on et \u00e0 garantir que les consommateurs re\u00e7oivent des produits authentiques.<\/div>\n<\/li>\n<li>\n<div class=\"auto-hide-last-sibling-br paragraph_9dc5f paragraph-element\">Soins de sant\u00e9 : les \u00e9tiquettes RFID peuvent suivre les \u00e9quipements m\u00e9dicaux essentiels, g\u00e9rer les stocks de produits pharmaceutiques et les dossiers des patients, apportant ainsi des am\u00e9liorations cruciales aux soins aux patients et \u00e0 la gestion des h\u00f4pitaux.<\/div>\n<\/li>\n<li>\n<div class=\"auto-hide-last-sibling-br paragraph_9dc5f paragraph-element\">V\u00eatements : Dans l&#039;industrie de la mode, les \u00e9tiquettes RFID peuvent g\u00e9rer les stocks, lutter contre le vol, g\u00e9rer les exp\u00e9riences en cabine d&#039;essayage et fournir des donn\u00e9es pour une analyse d\u00e9taill\u00e9e du comportement des clients.<\/div>\n<\/li>\n<li>\n<div class=\"auto-hide-last-sibling-br paragraph_9dc5f paragraph-element\">Bijoux : les incrustations RFID constituent un moyen efficace de suivre les objets de grande valeur comme les bijoux. Elles peuvent \u00e9galement aider \u00e0 authentifier les bijoux et \u00e0 pr\u00e9venir le vol.<\/div>\n<\/li>\n<li>\n<div class=\"auto-hide-last-sibling-br paragraph_9dc5f paragraph-element\">Suivi des actifs : les entreprises utilisent des \u00e9tiquettes RFID pour suivre leurs actifs, notamment les \u00e9quipements, les v\u00e9hicules et autres objets de valeur, minimisant ainsi les pertes et am\u00e9liorant la gestion globale des actifs.<\/div>\n<\/li>\n<\/ol>\n<div class=\"auto-hide-last-sibling-br paragraph_9dc5f paragraph-element\">En r\u00e9sum\u00e9, les inlays RFID UHF et les \u00e9tiquettes RFID UHF contribuent de mani\u00e8re significative \u00e0 am\u00e9liorer l\u2019efficacit\u00e9 op\u00e9rationnelle, la pr\u00e9cision et la s\u00e9curit\u00e9 dans divers secteurs.<\/div>","protected":false},"excerpt":{"rendered":"<p>Les inlays RFID UHF et les \u00e9tiquettes RFID UHF jouent en effet un r\u00f4le crucial dans de nombreux secteurs en raison de leurs performances robustes et de leur vaste application<\/p>","protected":false},"featured_media":282,"template":"","meta":{"_kad_post_transparent":"default","_kad_post_title":"","_kad_post_layout":"default","_kad_post_sidebar_id":"","_kad_post_content_style":"default","_kad_post_vertical_padding":"default","_kad_post_feature":"","_kad_post_feature_position":"","_kad_post_header":false,"_kad_post_footer":false,"_kad_post_classname":""},"product_brand":[],"product_cat":[54,189],"product_tag":[108,107],"class_list":{"0":"post-281","1":"product","2":"type-product","3":"status-publish","4":"has-post-thumbnail","6":"product_cat-hot-selling-rfid-tags","7":"product_cat-rfid-inlay","8":"product_tag-rfid-inlay","9":"product_tag-uhf-rfid-wet-inlay","11":"first","12":"instock","13":"shipping-taxable","14":"product-type-simple","15":"entry","16":"content-bg","17":"loop-entry"},"_links":{"self":[{"href":"https:\/\/rfid-laundry-tag.com\/fr\/wp-json\/wp\/v2\/product\/281","targetHints":{"allow":["GET"]}}],"collection":[{"href":"https:\/\/rfid-laundry-tag.com\/fr\/wp-json\/wp\/v2\/product"}],"about":[{"href":"https:\/\/rfid-laundry-tag.com\/fr\/wp-json\/wp\/v2\/types\/product"}],"version-history":[{"count":1,"href":"https:\/\/rfid-laundry-tag.com\/fr\/wp-json\/wp\/v2\/product\/281\/revisions"}],"predecessor-version":[{"id":721,"href":"https:\/\/rfid-laundry-tag.com\/fr\/wp-json\/wp\/v2\/product\/281\/revisions\/721"}],"wp:featuredmedia":[{"embeddable":true,"href":"https:\/\/rfid-laundry-tag.com\/fr\/wp-json\/wp\/v2\/media\/282"}],"wp:attachment":[{"href":"https:\/\/rfid-laundry-tag.com\/fr\/wp-json\/wp\/v2\/media?parent=281"}],"wp:term":[{"taxonomy":"product_brand","embeddable":true,"href":"https:\/\/rfid-laundry-tag.com\/fr\/wp-json\/wp\/v2\/product_brand?post=281"},{"taxonomy":"product_cat","embeddable":true,"href":"https:\/\/rfid-laundry-tag.com\/fr\/wp-json\/wp\/v2\/product_cat?post=281"},{"taxonomy":"product_tag","embeddable":true,"href":"https:\/\/rfid-laundry-tag.com\/fr\/wp-json\/wp\/v2\/product_tag?post=281"}],"curies":[{"name":"wp","href":"https:\/\/api.w.org\/{rel}","templated":true}]}}