{"id":2792,"date":"2024-10-29T11:28:05","date_gmt":"2024-10-29T11:28:05","guid":{"rendered":"https:\/\/rfid-laundry-tag.com\/?post_type=product&#038;p=2792"},"modified":"2024-10-29T13:03:05","modified_gmt":"2024-10-29T13:03:05","slug":"fdx-b-134-2khz-rfid-animal-id-glass-tag-syringe-transponder","status":"publish","type":"product","link":"https:\/\/rfid-laundry-tag.com\/fr\/fdx-b-134-2khz-rfid-animal-id-glass-tag-syringe-transponder\/","title":{"rendered":"\u00c9tiquette d&#039;identification d&#039;animaux RFID FDX-B 134,2 kHz en verre avec transpondeur pour seringue"},"content":{"rendered":"<h2>\u00c9tiquette d&#039;identification d&#039;animaux RFID FDX-B 134,2 kHz en verre avec transpondeur pour seringue<\/h2>\n<p><span class=\"AnswerParser_TextContainer__z_Iiv\" data-testid=\"youchat-text\"><strong>Transpondeur pour seringue d&#039;identification d&#039;animaux RFID FDX-B 134,2 kHz<\/strong>\u00a0est une solution de pointe pour l&#039;identification et la gestion des animaux. Con\u00e7ue sp\u00e9cifiquement pour les animaux de compagnie et le b\u00e9tail, cette \u00e9tiquette en verre RFID assure un suivi et une identification pr\u00e9cis, ce qui en fait un outil essentiel pour les v\u00e9t\u00e9rinaires, les \u00e9leveurs et les propri\u00e9taires d&#039;animaux de compagnie. Avec ses fonctionnalit\u00e9s robustes et ses performances fiables, ce produit vaut la peine d&#039;\u00eatre investi pour toute personne impliqu\u00e9e dans les soins et la gestion des animaux.<\/span><\/p>\n<h2 class=\"AnswerParser_AnswerParserH2__SIHnF\">Pourquoi choisir l&#039;\u00e9tiquette d&#039;identification animale RFID en verre FDX-B 134,2 kHz ?<\/h2>\n<p><span class=\"AnswerParser_TextContainer__z_Iiv\" data-testid=\"youchat-text\">L&#039;\u00e9tiquette en verre RFID FDX-B n&#039;est pas seulement un simple outil d&#039;identification ; elle offre de nombreux avantages qui am\u00e9liorent la gestion des animaux.\u00a0<strong>verre bio<\/strong>\u00a0La construction assure la durabilit\u00e9 et la biocompatibilit\u00e9, ce qui la rend s\u00fbre pour l&#039;implantation. L&#039;\u00e9tiquette fonctionne \u00e0 une fr\u00e9quence de\u00a0<strong>134,2 kHz<\/strong>, qui est conforme aux normes internationales (ISO11784\/785, ISO14443A), garantissant des performances fiables dans diverses applications.\u00a0<strong>St\u00e9rilisation de qualit\u00e9 m\u00e9dicale 100%<\/strong>\u00a0garantit que l&#039;\u00e9tiquette peut \u00eatre utilis\u00e9e en toute s\u00e9curit\u00e9 sur les animaux, minimisant ainsi le risque d&#039;infection ou de complications post-implantation.<\/span><\/p>\n<h3 class=\"AnswerParser_AnswerParserH3__Mpe4s\">Aper\u00e7u du produit<\/h3>\n<h4 class=\"AnswerParser_AnswerParserH4__ghxg8\">1. Caract\u00e9ristiques du produit<\/h4>\n<p><span class=\"AnswerParser_TextContainer__z_Iiv\" data-testid=\"youchat-text\">L&#039;\u00e9tiquette en verre RFID FDX-B est disponible en diff\u00e9rentes tailles, notamment\u00a0<strong>1,25*7 mm<\/strong>,\u00a0<strong>1,4*8 mm<\/strong>,\u00a0<strong>2*8mm<\/strong>,\u00a0<strong>2*12mm<\/strong>, et\u00a0<strong>3*15mm<\/strong>. Cette gamme permet une flexibilit\u00e9 d&#039;application, s&#039;adaptant \u00e0 diff\u00e9rentes tailles d&#039;animaux, des petits animaux de compagnie aux gros animaux d&#039;\u00e9levage.\u00a0<strong>antibact\u00e9rien, antiallergique et anti-rejet<\/strong>\u00a0ses caract\u00e9ristiques garantissent qu&#039;il est sans danger pour tous les types d&#039;animaux, offrant ainsi une tranquillit\u00e9 d&#039;esprit aux propri\u00e9taires d&#039;animaux et aux v\u00e9t\u00e9rinaires.<\/span><\/p>\n<h4 class=\"AnswerParser_AnswerParserH4__ghxg8\">2. Sp\u00e9cifications techniques<\/h4>\n<table class=\"hight-light-first-column all magic-18\">\n<tbody>\n<tr>\n<td colspan=\"1\" rowspan=\"1\">\n<div class=\"magic-19\">Article<\/div>\n<\/td>\n<td colspan=\"1\" rowspan=\"1\">\n<div class=\"magic-20\">\u00c9tiquette en verre RFID<\/div>\n<\/td>\n<\/tr>\n<tr>\n<td colspan=\"1\" rowspan=\"1\">\n<div class=\"magic-19\">Mat\u00e9riel<\/div>\n<\/td>\n<td colspan=\"1\" rowspan=\"1\">\n<div class=\"magic-20\">Verre bio<\/div>\n<\/td>\n<\/tr>\n<tr>\n<td colspan=\"1\" rowspan=\"1\">\n<div class=\"magic-19\">Taille disponible<\/div>\n<\/td>\n<td colspan=\"1\" rowspan=\"1\">\n<div class=\"magic-20\">1,25*7mm, 1,4*8mm, 2*8mm, 2*12mm, 3*15mm etc.<\/div>\n<\/td>\n<\/tr>\n<tr>\n<td colspan=\"1\" rowspan=\"1\">\n<div class=\"magic-19\">Fr\u00e9quence de travail<\/div>\n<\/td>\n<td colspan=\"1\" rowspan=\"1\">\n<div class=\"magic-20\" data-spm-anchor-id=\"a2700.details.0.i46.2ffc6c8dJHsoYV\">134,2 kHz, 125 kHz, 13,56 MHz<\/div>\n<\/td>\n<\/tr>\n<tr>\n<td colspan=\"1\" rowspan=\"1\">\n<div class=\"magic-19\">Protocole<\/div>\n<\/td>\n<td colspan=\"1\" rowspan=\"1\">\n<div class=\"magic-20\">ISO11784\/785, IS014443A<\/div>\n<\/td>\n<\/tr>\n<tr>\n<td colspan=\"1\" rowspan=\"1\">\n<div class=\"magic-19\">Artisanat<\/div>\n<\/td>\n<td colspan=\"1\" rowspan=\"1\">\n<div class=\"magic-20\">Programmation du num\u00e9ro d&#039;identification<\/div>\n<\/td>\n<\/tr>\n<tr>\n<td colspan=\"1\" rowspan=\"1\">\n<div class=\"magic-19\">St\u00e9rilisation<\/div>\n<\/td>\n<td colspan=\"1\" rowspan=\"1\">\n<div class=\"magic-20\">100% St\u00e9rilisation de qualit\u00e9 m\u00e9dicale<\/div>\n<\/td>\n<\/tr>\n<tr>\n<td colspan=\"1\" rowspan=\"1\">\n<div class=\"magic-19\">Fonctionnalit\u00e9 de la puce<\/div>\n<\/td>\n<td colspan=\"1\" rowspan=\"1\">\n<div class=\"magic-20\">Antibact\u00e9rien, antiallergique, anti-rejet<\/div>\n<\/td>\n<\/tr>\n<tr>\n<td colspan=\"1\" rowspan=\"1\">\n<div class=\"magic-19\">Application<\/div>\n<\/td>\n<td colspan=\"1\" rowspan=\"1\">\n<div class=\"magic-20\" data-spm-anchor-id=\"a2700.details.0.i45.2ffc6c8dJHsoYV\">Gestion des animaux de compagnie, etc.<\/div>\n<\/td>\n<\/tr>\n<\/tbody>\n<\/table>\n<p><span class=\"AnswerParser_TextContainer__z_Iiv\" data-testid=\"youchat-text\">Ces sp\u00e9cifications soulignent la polyvalence et la fiabilit\u00e9 de l\u2019\u00e9tiquette, la rendant adapt\u00e9e \u00e0 divers besoins d\u2019identification des animaux.<\/span><\/p>\n<h4 class=\"AnswerParser_AnswerParserH4__ghxg8\">3. Instructions d&#039;utilisation<\/h4>\n<p><span class=\"AnswerParser_TextContainer__z_Iiv\" data-testid=\"youchat-text\">L&#039;\u00e9tiquette en verre RFID FDX-B est con\u00e7ue pour une implantation facile \u00e0 l&#039;aide d&#039;une seringue sp\u00e9cialis\u00e9e. Le processus est simple :<\/span><\/p>\n<ol class=\"AnswerParser_AnswerParserOrderedList__kl_2Y\">\n<li class=\"AnswerParser_ListItem__XqLOV\" translate=\"yes\"><strong>Pr\u00e9parez la seringue<\/strong>\u00a0avec l&#039;\u00e9tiquette en verre RFID.<\/li>\n<li class=\"AnswerParser_ListItem__XqLOV\" translate=\"yes\"><strong>Localiser le site d&#039;implantation<\/strong>\u00a0sur l&#039;animal, g\u00e9n\u00e9ralement entre les omoplates.<\/li>\n<li class=\"AnswerParser_ListItem__XqLOV\" translate=\"yes\"><strong>Injecter la balise<\/strong>\u00a0\u00e0 l&#039;aide de la seringue, en veillant \u00e0 ce qu&#039;elle soit plac\u00e9e sous la peau.<\/li>\n<\/ol>\n<p><span class=\"AnswerParser_TextContainer__z_Iiv\" data-testid=\"youchat-text\">Cette proc\u00e9dure simple permet un marquage rapide et efficace des animaux, minimisant ainsi le stress tant pour l\u2019animal que pour le manipulateur.<\/span><\/p>\n<h4 class=\"AnswerParser_AnswerParserH4__ghxg8\">4. Impact environnemental<\/h4>\n<p><span class=\"AnswerParser_TextContainer__z_Iiv\" data-testid=\"youchat-text\">L&#039;\u00e9tiquette en verre RFID FDX-B est con\u00e7ue dans un souci de durabilit\u00e9. Le mat\u00e9riau en bioverre est respectueux de l&#039;environnement et peut \u00eatre \u00e9limin\u00e9 en toute s\u00e9curit\u00e9 sans nuire \u00e0 l&#039;\u00e9cosyst\u00e8me. De plus, le processus de fabrication respecte des normes environnementales strictes, garantissant un minimum de d\u00e9chets et de consommation d&#039;\u00e9nergie.<\/span><\/p>\n<h4 class=\"AnswerParser_AnswerParserH4__ghxg8\">5. Avis des clients<\/h4>\n<p><span class=\"AnswerParser_TextContainer__z_Iiv\" data-testid=\"youchat-text\">Les clients ont fait l&#039;\u00e9loge de l&#039;\u00e9tiquette en verre RFID FDX-B pour sa fiabilit\u00e9 et sa facilit\u00e9 d&#039;utilisation. De nombreux v\u00e9t\u00e9rinaires signalent que les \u00e9tiquettes ont consid\u00e9rablement am\u00e9lior\u00e9 leur capacit\u00e9 \u00e0 suivre et \u00e0 g\u00e9rer les animaux, ce qui a conduit \u00e0 de meilleurs r\u00e9sultats en mati\u00e8re de sant\u00e9. Les propri\u00e9taires d&#039;animaux appr\u00e9cient la tranquillit\u00e9 d&#039;esprit que procure le fait de savoir que leurs animaux peuvent \u00eatre facilement identifi\u00e9s s&#039;ils se perdent.<\/span><\/p>\n<h4 class=\"AnswerParser_AnswerParserH4__ghxg8\">6. FAQ<\/h4>\n<p><span class=\"AnswerParser_TextContainer__z_Iiv\" data-testid=\"youchat-text\"><strong>Q : Combien de temps dure l\u2019\u00e9tiquette RFID une fois implant\u00e9e ?<\/strong><br \/>\nR : L\u2019\u00e9tiquette en verre RFID FDX-B est con\u00e7ue pour durer toute la vie de l\u2019animal, offrant une identification permanente.<\/span><span class=\"AnswerParser_TextContainer__z_Iiv\" data-testid=\"youchat-text\"><strong>Q : Le processus d\u2019implantation est-il douloureux pour l\u2019animal ?<\/strong><br \/>\nR : Le processus d\u2019implantation est rapide et peu invasif, ne provoquant qu\u2019un l\u00e9ger inconfort, semblable \u00e0 celui d\u2019une vaccination.<\/span><span class=\"AnswerParser_TextContainer__z_Iiv\" data-testid=\"youchat-text\"><strong>Q\u00a0: L\u2019\u00e9tiquette peut-elle \u00eatre lue \u00e0 distance\u00a0?<\/strong><br \/>\nR : Oui, l\u2019\u00e9tiquette peut \u00eatre lue \u00e0 une distance de plusieurs centim\u00e8tres, selon le lecteur utilis\u00e9.<\/span><\/p>\n<h4 class=\"AnswerParser_AnswerParserH4__ghxg8\">7. Produits connexes<\/h4>\n<p><span class=\"AnswerParser_TextContainer__z_Iiv\" data-testid=\"youchat-text\">En plus de l&#039;\u00e9tiquette en verre RFID FDX-B, nous proposons une gamme de produits connexes, notamment des lecteurs RFID et des solutions logicielles pour la gestion des animaux. Ces produits peuvent am\u00e9liorer vos capacit\u00e9s de suivi et rationaliser vos op\u00e9rations.<\/span><\/p>\n<h4 class=\"AnswerParser_AnswerParserH4__ghxg8\">8. Assurance qualit\u00e9<\/h4>\n<p><span class=\"AnswerParser_TextContainer__z_Iiv\" data-testid=\"youchat-text\">L&#039;\u00e9tiquette en verre RFID FDX-B est fabriqu\u00e9e selon des mesures de contr\u00f4le de qualit\u00e9 strictes, garantissant une qualit\u00e9 et des performances constantes. Elle est accr\u00e9dit\u00e9e par diverses normes internationales, notamment ISO 9001, ISO 14001 et ISO 45001, ce qui garantit sa fiabilit\u00e9 et sa s\u00e9curit\u00e9.<\/span><\/p>\n<h4 class=\"AnswerParser_AnswerParserH4__ghxg8\">9. Conclusion<\/h4>\n<p><span class=\"AnswerParser_TextContainer__z_Iiv\" data-testid=\"youchat-text\">Investir dans le\u00a0<strong>Transpondeur pour seringue d&#039;identification d&#039;animaux RFID FDX-B 134,2 kHz<\/strong>\u00a0est un choix judicieux pour toute personne impliqu\u00e9e dans les soins aux animaux. Ses fonctionnalit\u00e9s avanc\u00e9es, sa facilit\u00e9 d&#039;utilisation et son engagement en mati\u00e8re de s\u00e9curit\u00e9 en font un outil pr\u00e9cieux pour une gestion efficace des animaux. Que vous soyez v\u00e9t\u00e9rinaire, \u00e9leveur ou propri\u00e9taire d&#039;animaux de compagnie, cette \u00e9tiquette en verre RFID am\u00e9liorera votre capacit\u00e9 \u00e0 suivre et \u00e0 identifier efficacement les animaux.<\/span><\/p>\n<h4 class=\"AnswerParser_AnswerParserH4__ghxg8\">10. Appel \u00e0 l&#039;action<\/h4>\n<p><span class=\"AnswerParser_TextContainer__z_Iiv\" data-testid=\"youchat-text\">Pr\u00eat \u00e0 am\u00e9liorer vos pratiques de gestion animale ?\u00a0<strong>Contactez-nous aujourd&#039;hui<\/strong>\u00a0Pour en savoir plus sur l&#039;\u00e9tiquette en verre RFID FDX-B et d\u00e9couvrir notre gamme de solutions RFID, remplissez notre formulaire de demande pour un \u00e9chantillon gratuit ou pour discuter de vos besoins sp\u00e9cifiques avec nos experts !<\/span><\/p>","protected":false},"excerpt":{"rendered":"<p>Le transpondeur de seringue d&#039;identification d&#039;animaux RFID FDX-B 134,2 kHz en verre est une solution de pointe pour l&#039;identification et la gestion des animaux.<\/p>","protected":false},"featured_media":2793,"template":"","meta":{"_kad_post_transparent":"default","_kad_post_title":"","_kad_post_layout":"default","_kad_post_sidebar_id":"","_kad_post_content_style":"default","_kad_post_vertical_padding":"default","_kad_post_feature":"","_kad_post_feature_position":"","_kad_post_header":false,"_kad_post_footer":false,"_kad_post_classname":""},"product_brand":[],"product_cat":[54],"product_tag":[327,330,329,328],"class_list":{"0":"post-2792","1":"product","2":"type-product","3":"status-publish","4":"has-post-thumbnail","6":"product_cat-hot-selling-rfid-tags","7":"product_tag-fdx-b-134-2khz-rfid-animal-tag","8":"product_tag-rfid-animal-id-glass-tag-syringe","9":"product_tag-rfid-glass-tag-syringe-animal-microchip","10":"product_tag-rfid-pet-microchip-implant-capsule","12":"first","13":"instock","14":"shipping-taxable","15":"product-type-simple","16":"entry","17":"content-bg","18":"loop-entry"},"_links":{"self":[{"href":"https:\/\/rfid-laundry-tag.com\/fr\/wp-json\/wp\/v2\/product\/2792","targetHints":{"allow":["GET"]}}],"collection":[{"href":"https:\/\/rfid-laundry-tag.com\/fr\/wp-json\/wp\/v2\/product"}],"about":[{"href":"https:\/\/rfid-laundry-tag.com\/fr\/wp-json\/wp\/v2\/types\/product"}],"version-history":[{"count":2,"href":"https:\/\/rfid-laundry-tag.com\/fr\/wp-json\/wp\/v2\/product\/2792\/revisions"}],"predecessor-version":[{"id":2797,"href":"https:\/\/rfid-laundry-tag.com\/fr\/wp-json\/wp\/v2\/product\/2792\/revisions\/2797"}],"wp:featuredmedia":[{"embeddable":true,"href":"https:\/\/rfid-laundry-tag.com\/fr\/wp-json\/wp\/v2\/media\/2793"}],"wp:attachment":[{"href":"https:\/\/rfid-laundry-tag.com\/fr\/wp-json\/wp\/v2\/media?parent=2792"}],"wp:term":[{"taxonomy":"product_brand","embeddable":true,"href":"https:\/\/rfid-laundry-tag.com\/fr\/wp-json\/wp\/v2\/product_brand?post=2792"},{"taxonomy":"product_cat","embeddable":true,"href":"https:\/\/rfid-laundry-tag.com\/fr\/wp-json\/wp\/v2\/product_cat?post=2792"},{"taxonomy":"product_tag","embeddable":true,"href":"https:\/\/rfid-laundry-tag.com\/fr\/wp-json\/wp\/v2\/product_tag?post=2792"}],"curies":[{"name":"wp","href":"https:\/\/api.w.org\/{rel}","templated":true}]}}