{"id":2790,"date":"2024-10-29T10:34:39","date_gmt":"2024-10-29T10:34:39","guid":{"rendered":"https:\/\/rfid-laundry-tag.com\/?post_type=product&#038;p=2790"},"modified":"2024-10-29T10:49:45","modified_gmt":"2024-10-29T10:49:45","slug":"rfid-pet-microchip-implant-capsule","status":"publish","type":"product","link":"https:\/\/rfid-laundry-tag.com\/fr\/rfid-pet-microchip-implant-capsule\/","title":{"rendered":"Capsule d&#039;implant de micropuce RFID pour animaux de compagnie"},"content":{"rendered":"<p><span class=\"AnswerParser_TextContainer__z_Iiv\" data-testid=\"youchat-text\"><strong>Capsule d&#039;implant de micropuce RFID pour animaux de compagnie<\/strong>\u00a0offre une solution fiable et efficace aux propri\u00e9taires d&#039;animaux de compagnie qui souhaitent suivre leurs animaux. Ce produit innovant est con\u00e7u pour fournir une m\u00e9thode d&#039;identification permanente \u00e0 la fois s\u00fbre et efficace. Gr\u00e2ce \u00e0 sa technologie de pointe et \u00e0 ses mat\u00e9riaux de qualit\u00e9 m\u00e9dicale, cette micropuce est un incontournable pour les propri\u00e9taires d&#039;animaux de compagnie responsables.<\/span><\/p>\n<h2 class=\"AnswerParser_AnswerParserH2__SIHnF\">Pourquoi choisir la capsule d&#039;implant de micropuce RFID pour animaux de compagnie ?<\/h2>\n<p><span class=\"AnswerParser_TextContainer__z_Iiv\" data-testid=\"youchat-text\">La capsule d&#039;implant de micropuce RFID pour animaux de compagnie n&#039;est pas seulement un produit ; c&#039;est un engagement envers la s\u00e9curit\u00e9 de votre animal. En implantant cette micropuce, vous vous assurez que votre animal peut \u00eatre facilement identifi\u00e9 s&#039;il se perd. La micropuce est petite, durable et fabriqu\u00e9e \u00e0 partir de\u00a0<strong>verre bio<\/strong>, ce qui le rend s\u00fbr pour l&#039;implantation. Avec une vari\u00e9t\u00e9 de tailles disponibles, y compris\u00a0<strong>1,25*7 mm<\/strong>,\u00a0<strong>2*12mm<\/strong>, et plus encore, il peut \u00eatre utilis\u00e9 pour les animaux de toutes tailles, des petits poissons aux grands chiens.<\/span><\/p>\n<h3 class=\"AnswerParser_AnswerParserH3__Mpe4s\">Principaux avantages :<\/h3>\n<ul class=\"AnswerParser_AnswerParserUnorderedList__P_1FW\">\n<li class=\"AnswerParser_ListItem__XqLOV\" translate=\"yes\"><strong>Identification permanente<\/strong>:Contrairement aux colliers ou aux m\u00e9dailles, la puce \u00e9lectronique ne peut pas \u00eatre perdue ou retir\u00e9e.<\/li>\n<li class=\"AnswerParser_ListItem__XqLOV\" translate=\"yes\"><strong>St\u00e9rilisation de qualit\u00e9 m\u00e9dicale<\/strong>: Chaque capsule subit\u00a0<strong>St\u00e9rilisation de qualit\u00e9 m\u00e9dicale 100%<\/strong>, garantissant la s\u00e9curit\u00e9 lors de l&#039;implantation.<\/li>\n<li class=\"AnswerParser_ListItem__XqLOV\" translate=\"yes\"><strong>Caract\u00e9ristiques antibact\u00e9riennes et antiallergiques<\/strong>:La puce est con\u00e7ue pour minimiser le risque d\u2019infection et de r\u00e9actions allergiques.<\/li>\n<\/ul>\n<h2 class=\"AnswerParser_AnswerParserH2__SIHnF\">Caract\u00e9ristiques du produit<\/h2>\n<h3 class=\"AnswerParser_AnswerParserH3__Mpe4s\">1. Technologie avanc\u00e9e<\/h3>\n<p><span class=\"AnswerParser_TextContainer__z_Iiv\" data-testid=\"youchat-text\">La capsule d&#039;implant \u00e0 micropuce RFID pour animaux de compagnie fonctionne \u00e0 une fr\u00e9quence de\u00a0<strong>134,2 kHz<\/strong>, conform\u00e9ment \u00e0 la\u00a0<strong>ISO11784\/785<\/strong>\u00a0et\u00a0<strong>ISO14443A<\/strong>\u00a0protocoles. Cela garantit la compatibilit\u00e9 avec divers lecteurs RFID, facilitant ainsi la num\u00e9risation et la r\u00e9cup\u00e9ration des informations de votre animal.<\/span><\/p>\n<h3 class=\"AnswerParser_AnswerParserH3__Mpe4s\">2. Mat\u00e9riau durable et s\u00fbr<\/h3>\n<p><span class=\"AnswerParser_TextContainer__z_Iiv\" data-testid=\"youchat-text\">Construit \u00e0 partir de\u00a0<strong>verre bio<\/strong>, la micropuce est con\u00e7ue pour r\u00e9sister aux rigueurs du mode de vie d&#039;un animal.\u00a0<strong>rev\u00eatement en paryl\u00e8ne<\/strong>\u00a0emp\u00eache la migration une fois implant\u00e9e, garantissant que la puce reste solidement en place.<\/span><\/p>\n<h3 class=\"AnswerParser_AnswerParserH3__Mpe4s\">3. Options de taille<\/h3>\n<p><span class=\"AnswerParser_TextContainer__z_Iiv\" data-testid=\"youchat-text\">Disponible en plusieurs tailles, la capsule d&#039;implant \u00e0 micropuce RFID pour animaux de compagnie s&#039;adresse \u00e0 diff\u00e9rents animaux :<\/span><\/p>\n<ul class=\"AnswerParser_AnswerParserUnorderedList__P_1FW\">\n<li class=\"AnswerParser_ListItem__XqLOV\" translate=\"yes\"><strong>1,25*7 mm<\/strong>:Id\u00e9al pour les petits animaux comme les poissons et les souris.<\/li>\n<li class=\"AnswerParser_ListItem__XqLOV\" translate=\"yes\"><strong>2*12mm<\/strong>:Couramment utilis\u00e9 pour les chiens, les chats et les grands animaux.<\/li>\n<\/ul>\n<h3 class=\"AnswerParser_AnswerParserH3__Mpe4s\">4. Implantation facile<\/h3>\n<p><span class=\"AnswerParser_TextContainer__z_Iiv\" data-testid=\"youchat-text\">La micropuce peut \u00eatre facilement implant\u00e9e \u00e0 l&#039;aide d&#039;une seringue, ce qui rend le processus rapide et indolore pour votre animal.\u00a0<strong>injecteur<\/strong>\u00a0est con\u00e7u pour la pr\u00e9cision, garantissant que la puce est plac\u00e9e correctement.<\/span><\/p>\n<h3 class=\"AnswerParser_AnswerParserH3__Mpe4s\">5. Num\u00e9ro d&#039;identification programmable<\/h3>\n<p><span class=\"AnswerParser_TextContainer__z_Iiv\" data-testid=\"youchat-text\">Chaque micropuce est dot\u00e9e d&#039;un num\u00e9ro d&#039;identification unique qui peut \u00eatre programm\u00e9 pour \u00eatre li\u00e9 aux informations de votre animal, notamment ses ant\u00e9c\u00e9dents m\u00e9dicaux et les coordonn\u00e9es de son propri\u00e9taire. Cette fonctionnalit\u00e9 augmente les chances de retrouver votre animal si celui-ci dispara\u00eet.<\/span><\/p>\n<h2 class=\"AnswerParser_AnswerParserH2__SIHnF\">Impact environnemental<\/h2>\n<p><span class=\"AnswerParser_TextContainer__z_Iiv\" data-testid=\"youchat-text\">La capsule d&#039;implant \u00e0 micropuce RFID pour animaux de compagnie est con\u00e7ue dans un souci de durabilit\u00e9. Les mat\u00e9riaux utilis\u00e9s sont respectueux de l&#039;environnement et le processus de fabrication respecte des normes strictes\u00a0<strong>ISO 9001<\/strong>\u00a0et\u00a0<strong>ISO 14001<\/strong>\u00a0normes. Cet engagement envers la qualit\u00e9 et la durabilit\u00e9 garantit que vous faites un choix responsable pour votre animal de compagnie et la plan\u00e8te.<\/span><\/p>\n<h2 class=\"AnswerParser_AnswerParserH2__SIHnF\">Avis des clients<\/h2>\n<p><span class=\"AnswerParser_TextContainer__z_Iiv\" data-testid=\"youchat-text\">De nombreux propri\u00e9taires d&#039;animaux ont trouv\u00e9 la tranquillit\u00e9 d&#039;esprit apr\u00e8s avoir implant\u00e9 la capsule \u00e0 puce \u00e9lectronique RFID pour animaux de compagnie dans leurs animaux. Voici quelques t\u00e9moignages :<\/span><\/p>\n<ul class=\"AnswerParser_AnswerParserUnorderedList__P_1FW\">\n<li class=\"AnswerParser_ListItem__XqLOV\" translate=\"yes\"><strong>Sarah T.<\/strong>\u00ab J&#039;avais peur que mon chat se perde, mais maintenant je me sens beaucoup mieux en sachant qu&#039;il a une puce \u00e9lectronique. C&#039;est un petit prix \u00e0 payer pour sa s\u00e9curit\u00e9 ! \u00bb<\/li>\n<li class=\"AnswerParser_ListItem__XqLOV\" translate=\"yes\"><strong>Jean D.<\/strong>:\u00ab Le processus d&#039;implantation a \u00e9t\u00e9 rapide et facile. Je recommande vivement ce produit \u00e0 tous les propri\u00e9taires d&#039;animaux de compagnie. \u00bb<\/li>\n<\/ul>\n<h2 class=\"AnswerParser_AnswerParserH2__SIHnF\">FAQ<\/h2>\n<h3 class=\"AnswerParser_AnswerParserH3__Mpe4s\">Comment fonctionne la puce \u00e9lectronique RFID pour animaux de compagnie ?<\/h3>\n<p><span class=\"AnswerParser_TextContainer__z_Iiv\" data-testid=\"youchat-text\">La puce \u00e9lectronique utilise une technologie d&#039;identification par radiofr\u00e9quence pour transmettre le num\u00e9ro d&#039;identification unique de votre animal \u00e0 un scanner. Ces informations peuvent ensuite \u00eatre li\u00e9es \u00e0 vos coordonn\u00e9es.<\/span><\/p>\n<h3 class=\"AnswerParser_AnswerParserH3__Mpe4s\">Le processus d\u2019implantation est-il douloureux pour mon animal ?<\/h3>\n<p><span class=\"AnswerParser_TextContainer__z_Iiv\" data-testid=\"youchat-text\">L&#039;implantation est similaire \u00e0 une vaccination de routine et est g\u00e9n\u00e9ralement rapide et indolore. La plupart des animaux de compagnie ressentent un inconfort minime.<\/span><\/p>\n<h3 class=\"AnswerParser_AnswerParserH3__Mpe4s\">La puce \u00e9lectronique peut-elle \u00eatre retir\u00e9e ?<\/h3>\n<p><span class=\"AnswerParser_TextContainer__z_Iiv\" data-testid=\"youchat-text\">Non, la puce \u00e9lectronique RFID pour animaux de compagnie est con\u00e7ue pour \u00eatre une forme d&#039;identification permanente. Elle ne peut pas \u00eatre retir\u00e9e une fois implant\u00e9e.<\/span><\/p>\n<h3 class=\"AnswerParser_AnswerParserH3__Mpe4s\">Que faire si mon animal se perd ?<\/h3>\n<p><span class=\"AnswerParser_TextContainer__z_Iiv\" data-testid=\"youchat-text\">Si votre animal est retrouv\u00e9 et scann\u00e9, le num\u00e9ro d&#039;identification unique donnera acc\u00e8s \u00e0 vos coordonn\u00e9es, permettant ainsi des retrouvailles rapides.<\/span><\/p>\n<h2 class=\"AnswerParser_AnswerParserH2__SIHnF\">Conclusion<\/h2>\n<p><span class=\"AnswerParser_TextContainer__z_Iiv\" data-testid=\"youchat-text\">Investir dans le\u00a0<strong>Capsule d&#039;implant de micropuce RFID pour animaux de compagnie<\/strong>\u00a0est une mesure proactive pour assurer la s\u00e9curit\u00e9 et le bien-\u00eatre de votre animal de compagnie. Gr\u00e2ce \u00e0 sa technologie avanc\u00e9e, \u00e0 ses mat\u00e9riaux durables et \u00e0 sa facilit\u00e9 d&#039;utilisation, cette micropuce est un outil essentiel pour un propri\u00e9taire d&#039;animal de compagnie responsable. N&#039;attendez pas qu&#039;il soit trop tard : assurez d\u00e8s aujourd&#039;hui l&#039;avenir de votre animal de compagnie gr\u00e2ce \u00e0 cette solution d&#039;identification fiable.<\/span><span class=\"AnswerParser_TextContainer__z_Iiv\" data-testid=\"youchat-text\">Pour plus d&#039;informations ou pour passer une commande, veuillez remplir notre formulaire de demande. Votre animal m\u00e9rite le meilleur !<\/span><\/p>","protected":false},"excerpt":{"rendered":"<p>La capsule d&#039;implant \u00e0 micropuce RFID pour animaux de compagnie offre une identification animale fiable et humaine avec une conception en bioverre durable, garantissant s\u00e9curit\u00e9 et pr\u00e9cision pour diverses esp\u00e8ces.<\/p>","protected":false},"featured_media":2787,"template":"","meta":{"_kad_post_transparent":"default","_kad_post_title":"","_kad_post_layout":"default","_kad_post_sidebar_id":"","_kad_post_content_style":"default","_kad_post_vertical_padding":"default","_kad_post_feature":"","_kad_post_feature_position":"","_kad_post_header":false,"_kad_post_footer":false,"_kad_post_classname":""},"product_brand":[],"product_cat":[54],"product_tag":[327,326,329,328],"class_list":{"0":"post-2790","1":"product","2":"type-product","3":"status-publish","4":"has-post-thumbnail","6":"product_cat-hot-selling-rfid-tags","7":"product_tag-fdx-b-134-2khz-rfid-animal-tag","8":"product_tag-rfid-animal-id-glass-tag","9":"product_tag-rfid-glass-tag-syringe-animal-microchip","10":"product_tag-rfid-pet-microchip-implant-capsule","12":"first","13":"instock","14":"shipping-taxable","15":"product-type-simple","16":"entry","17":"content-bg","18":"loop-entry"},"_links":{"self":[{"href":"https:\/\/rfid-laundry-tag.com\/fr\/wp-json\/wp\/v2\/product\/2790","targetHints":{"allow":["GET"]}}],"collection":[{"href":"https:\/\/rfid-laundry-tag.com\/fr\/wp-json\/wp\/v2\/product"}],"about":[{"href":"https:\/\/rfid-laundry-tag.com\/fr\/wp-json\/wp\/v2\/types\/product"}],"version-history":[{"count":1,"href":"https:\/\/rfid-laundry-tag.com\/fr\/wp-json\/wp\/v2\/product\/2790\/revisions"}],"predecessor-version":[{"id":2791,"href":"https:\/\/rfid-laundry-tag.com\/fr\/wp-json\/wp\/v2\/product\/2790\/revisions\/2791"}],"wp:featuredmedia":[{"embeddable":true,"href":"https:\/\/rfid-laundry-tag.com\/fr\/wp-json\/wp\/v2\/media\/2787"}],"wp:attachment":[{"href":"https:\/\/rfid-laundry-tag.com\/fr\/wp-json\/wp\/v2\/media?parent=2790"}],"wp:term":[{"taxonomy":"product_brand","embeddable":true,"href":"https:\/\/rfid-laundry-tag.com\/fr\/wp-json\/wp\/v2\/product_brand?post=2790"},{"taxonomy":"product_cat","embeddable":true,"href":"https:\/\/rfid-laundry-tag.com\/fr\/wp-json\/wp\/v2\/product_cat?post=2790"},{"taxonomy":"product_tag","embeddable":true,"href":"https:\/\/rfid-laundry-tag.com\/fr\/wp-json\/wp\/v2\/product_tag?post=2790"}],"curies":[{"name":"wp","href":"https:\/\/api.w.org\/{rel}","templated":true}]}}