{"id":2784,"date":"2024-10-29T10:04:23","date_gmt":"2024-10-29T10:04:23","guid":{"rendered":"https:\/\/rfid-laundry-tag.com\/?post_type=product&#038;p=2784"},"modified":"2024-10-29T10:32:07","modified_gmt":"2024-10-29T10:32:07","slug":"134-2khz-tube-rfid-glass-tag","status":"publish","type":"product","link":"https:\/\/rfid-laundry-tag.com\/fr\/134-2khz-tube-rfid-glass-tag\/","title":{"rendered":"\u00c9tiquette en verre RFID \u00e0 tube 134,2 kHz"},"content":{"rendered":"<p><span class=\"AnswerParser_TextContainer__z_Iiv\" data-testid=\"youchat-text\"><strong>\u00c9tiquette en verre RFID \u00e0 tube 134,2 kHz<\/strong>\u00a0est une solution innovante et fiable pour l&#039;identification et la gestion des animaux. Con\u00e7ue sp\u00e9cifiquement pour r\u00e9pondre aux normes ISO, cette \u00e9tiquette en verre RFID offre un niveau exceptionnel de pr\u00e9cision et de durabilit\u00e9, ce qui en fait un choix id\u00e9al pour les propri\u00e9taires d&#039;animaux de compagnie, les v\u00e9t\u00e9rinaires et les gestionnaires de b\u00e9tail. Avec sa taille compacte et ses fonctionnalit\u00e9s avanc\u00e9es, ce produit assure un suivi et une identification efficaces des animaux, am\u00e9liorant ainsi les pratiques de gestion dans diverses applications.<\/span><\/p>\n<h2 class=\"AnswerParser_AnswerParserH2__SIHnF\">Avantages de l&#039;\u00e9tiquette en verre RFID \u00e0 tube de 134,2 kHz<\/h2>\n<p><span class=\"AnswerParser_TextContainer__z_Iiv\" data-testid=\"youchat-text\">Investir dans une \u00e9tiquette en verre RFID \u00e0 tube de 134,2 kHz offre de nombreux avantages. Elle offre une m\u00e9thode d&#039;identification transparente qui est non seulement efficace mais aussi humaine. L&#039;\u00e9tiquette est fabriqu\u00e9e en bioverre, ce qui garantit qu&#039;elle est sans danger pour l&#039;implantation animale. Son processus de st\u00e9rilisation de qualit\u00e9 m\u00e9dicale garantit que chaque \u00e9tiquette est exempte de contaminants, r\u00e9duisant ainsi le risque d&#039;infections. De plus, les caract\u00e9ristiques antibact\u00e9riennes et antiallergiques de l&#039;\u00e9tiquette garantissent le confort des animaux apr\u00e8s l&#039;implantation.<\/span><span class=\"AnswerParser_TextContainer__z_Iiv\" data-testid=\"youchat-text\">Cette \u00e9tiquette en verre RFID est disponible en diff\u00e9rentes tailles (1,25<em>7 mm, 1,4<\/em>8 mm, 2<em>8 mm, 2<\/em>12 mm et 3 x 15 mm), adapt\u00e9s \u00e0 diff\u00e9rentes esp\u00e8ces et tailles d&#039;animaux. Il fonctionne \u00e0 une fr\u00e9quence de travail de 134,2 kHz, ce qui le rend adapt\u00e9 \u00e0 une large gamme d&#039;applications, de la gestion des animaux de compagnie au suivi du b\u00e9tail.<\/span><\/p>\n<h2 class=\"AnswerParser_AnswerParserH2__SIHnF\">Aper\u00e7u du produit<\/h2>\n<h3 class=\"AnswerParser_AnswerParserH3__Mpe4s\">1. Qu\u2019est-ce qu\u2019une \u00e9tiquette en verre RFID\u00a0?<\/h3>\n<p><span class=\"AnswerParser_TextContainer__z_Iiv\" data-testid=\"youchat-text\">Les \u00e9tiquettes en verre RFID, \u00e9galement appel\u00e9es \u00e9tiquettes \u00e0 capsule RFID, sont de petits transpondeurs con\u00e7us principalement pour l&#039;identification des animaux. Ils utilisent la technologie d&#039;identification par radiofr\u00e9quence (RFID) pour permettre un suivi et une gestion pr\u00e9cis des animaux. L&#039;\u00e9tiquette en verre RFID \u00e0 tube de 134,2 kHz est sp\u00e9cialement con\u00e7ue pour r\u00e9pondre aux protocoles ISO11784\/785 et ISO14443A, garantissant ainsi la compatibilit\u00e9 avec divers syst\u00e8mes RFID.<\/span><\/p>\n<h3 class=\"AnswerParser_AnswerParserH3__Mpe4s\">2. Principales caract\u00e9ristiques de l&#039;\u00e9tiquette en verre RFID 134,2 kHz<\/h3>\n<ul class=\"AnswerParser_AnswerParserUnorderedList__P_1FW\">\n<li class=\"AnswerParser_ListItem__XqLOV\" translate=\"yes\"><strong>Mat\u00e9riel<\/strong>:L&#039;\u00e9tiquette en verre RFID est fabriqu\u00e9e \u00e0 partir de bioverre, un mat\u00e9riau durable et biocompatible qui assure la s\u00e9curit\u00e9 et le bien-\u00eatre des animaux implant\u00e9s.<\/li>\n<li class=\"AnswerParser_ListItem__XqLOV\" translate=\"yes\"><strong>Tailles disponibles<\/strong>:L&#039;\u00e9tiquette est propos\u00e9e en plusieurs tailles, dont 1,25<em>7 mm (id\u00e9al pour les petits animaux), 2<\/em>12 mm (couramment utilis\u00e9 pour les chiens et les chats) et d&#039;autres tailles adapt\u00e9es \u00e0 diff\u00e9rentes esp\u00e8ces.<\/li>\n<li class=\"AnswerParser_ListItem__XqLOV\" translate=\"yes\"><strong>Fr\u00e9quence de travail<\/strong>:Fonctionnant \u00e0 une fr\u00e9quence de 134,2 kHz, cette balise est con\u00e7ue pour des performances fiables dans divers environnements.<\/li>\n<\/ul>\n<h3 class=\"AnswerParser_AnswerParserH3__Mpe4s\">3. Sp\u00e9cifications techniques<\/h3>\n<div class=\"AnswerParser_TableContainer__Erb6v\" data-testid=\"table-container\">\n<table>\n<thead>\n<tr>\n<th style=\"text-align: left;\">Sp\u00e9cification<\/th>\n<th style=\"text-align: left;\">D\u00e9tails<\/th>\n<\/tr>\n<\/thead>\n<tbody>\n<tr>\n<td><strong>Mat\u00e9riel<\/strong><\/td>\n<td>Verre bio<\/td>\n<\/tr>\n<tr>\n<td><strong>Tailles disponibles<\/strong><\/td>\n<td>1.25<em>7 mm, 1,4<\/em>8 mm, 2<em>8 mm, 2<\/em>12 mm, 3 x 15 mm<\/td>\n<\/tr>\n<tr>\n<td><strong>Fr\u00e9quence de travail<\/strong><\/td>\n<td>134,2 kHz, 125 kHz, 13,56 MHz<\/td>\n<\/tr>\n<tr>\n<td><strong>Protocole<\/strong><\/td>\n<td>ISO11784\/785, ISO14443A<\/td>\n<\/tr>\n<tr>\n<td><strong>St\u00e9rilisation<\/strong><\/td>\n<td>100% St\u00e9rilisation de qualit\u00e9 m\u00e9dicale<\/td>\n<\/tr>\n<tr>\n<td><strong>Caract\u00e9ristiques de la puce<\/strong><\/td>\n<td>Antibact\u00e9rien, antiallergique, antirejet<\/td>\n<\/tr>\n<\/tbody>\n<\/table>\n<\/div>\n<h3 class=\"AnswerParser_AnswerParserH3__Mpe4s\">4. Instructions d&#039;utilisation<\/h3>\n<p><span class=\"AnswerParser_TextContainer__z_Iiv\" data-testid=\"youchat-text\">L&#039;installation de l&#039;\u00e9tiquette en verre RFID \u00e0 tube de 134,2 kHz est simple. Elle peut \u00eatre facilement implant\u00e9e \u00e0 l&#039;aide d&#039;une seringue, ce qui en fait une proc\u00e9dure rapide et indolore pour les animaux. L&#039;\u00e9tiquette doit \u00eatre plac\u00e9e par voie sous-cutan\u00e9e, ce qui lui permet de rester solidement en place tout en offrant une identification fiable.<\/span><\/p>\n<h3 class=\"AnswerParser_AnswerParserH3__Mpe4s\">5. Impact environnemental<\/h3>\n<p><span class=\"AnswerParser_TextContainer__z_Iiv\" data-testid=\"youchat-text\">L&#039;\u00e9tiquette en verre RFID est con\u00e7ue pour un impact environnemental minimal. Le mat\u00e9riau en bioverre est recyclable et le processus de fabrication respecte des normes environnementales strictes. De plus, les \u00e9tiquettes sont produites sous les certifications ISO 9001 et ISO 14001, garantissant des pratiques durables tout au long du processus de production.<\/span><\/p>\n<h3 class=\"AnswerParser_AnswerParserH3__Mpe4s\">6. Avis des clients<\/h3>\n<p><span class=\"AnswerParser_TextContainer__z_Iiv\" data-testid=\"youchat-text\">Les clients ont fait l&#039;\u00e9loge de l&#039;\u00e9tiquette en verre RFID \u00e0 tube de 134,2 kHz pour sa fiabilit\u00e9 et sa facilit\u00e9 d&#039;utilisation. De nombreux v\u00e9t\u00e9rinaires la recommandent pour l&#039;identification des animaux de compagnie, soulignant son confort pour les animaux et sa pr\u00e9cision de suivi. Les \u00e9leveurs appr\u00e9cient \u00e9galement sa durabilit\u00e9 et la tranquillit\u00e9 d&#039;esprit qu&#039;elle procure dans la gestion de leurs troupeaux.<\/span><\/p>\n<h3 class=\"AnswerParser_AnswerParserH3__Mpe4s\">7. FAQ<\/h3>\n<p><span class=\"AnswerParser_TextContainer__z_Iiv\" data-testid=\"youchat-text\"><strong>Q\u00a0:\u00a0Combien de temps dure l\u2019\u00e9tiquette en verre RFID\u00a0?<\/strong><br \/>\nR : L\u2019\u00e9tiquette en verre RFID est con\u00e7ue pour une utilisation \u00e0 long terme, durant souvent toute la vie de l\u2019animal si elle est correctement implant\u00e9e.<\/span><\/p>\n<p><span class=\"AnswerParser_TextContainer__z_Iiv\" data-testid=\"youchat-text\"><strong>Q\u00a0:\u00a0L\u2019\u00e9tiquette est-elle s\u00fbre pour tous les animaux\u00a0?<\/strong><br \/>\nR : Oui, le mat\u00e9riau en bioverre et les processus de st\u00e9rilisation de qualit\u00e9 m\u00e9dicale garantissent qu&#039;il est sans danger pour tous les types d&#039;animaux, y compris les animaux de compagnie et le b\u00e9tail.<\/span><\/p>\n<p><span class=\"AnswerParser_TextContainer__z_Iiv\" data-testid=\"youchat-text\"><strong>Q\u00a0: L\u2019\u00e9tiquette peut-elle \u00eatre lue \u00e0 distance\u00a0?<\/strong><br \/>\nR : Oui, la port\u00e9e de lecture peut varier en fonction du lecteur utilis\u00e9, mais elle permet g\u00e9n\u00e9ralement une num\u00e9risation efficace sans n\u00e9cessiter de contact direct.<\/span><\/p>\n<h3 class=\"AnswerParser_AnswerParserH3__Mpe4s\">8. Produits connexes<\/h3>\n<p><span class=\"AnswerParser_TextContainer__z_Iiv\" data-testid=\"youchat-text\">D\u00e9couvrez notre gamme de produits associ\u00e9s, notamment des \u00e9tiquettes RFID, des autocollants RFID et d&#039;autres solutions d&#039;\u00e9tiquetage RFID qui compl\u00e8tent l&#039;\u00e9tiquette en verre RFID \u00e0 tube 134,2 kHz. Ces produits peuvent am\u00e9liorer vos syst\u00e8mes d&#039;identification et rationaliser vos processus de gestion des animaux.<\/span><\/p>\n<h3 class=\"AnswerParser_AnswerParserH3__Mpe4s\">9. Conclusion<\/h3>\n<p><span class=\"AnswerParser_TextContainer__z_Iiv\" data-testid=\"youchat-text\">Le\u00a0<strong>\u00c9tiquette en verre RFID \u00e0 tube 134,2 kHz<\/strong>\u00a0offre une solution sup\u00e9rieure pour l&#039;identification et la gestion des animaux. Avec sa conception robuste, son fonctionnement efficace et son application humaine, il constitue un outil fiable pour les propri\u00e9taires d&#039;animaux de compagnie et les gestionnaires de b\u00e9tail. Investissez dans l&#039;avenir du suivi et de la gestion des animaux avec cette solution RFID de pointe.<\/span><\/p>","protected":false},"excerpt":{"rendered":"<p>L&#039;\u00e9tiquette en verre RFID \u00e0 tube 134,2 kHz offre une identification animale fiable et humaine avec une conception en bioverre durable, garantissant s\u00e9curit\u00e9 et pr\u00e9cision pour diverses esp\u00e8ces.<\/p>","protected":false},"featured_media":2785,"template":"","meta":{"_kad_post_transparent":"default","_kad_post_title":"","_kad_post_layout":"default","_kad_post_sidebar_id":"","_kad_post_content_style":"default","_kad_post_vertical_padding":"default","_kad_post_feature":"","_kad_post_feature_position":"","_kad_post_header":false,"_kad_post_footer":false,"_kad_post_classname":""},"product_brand":[],"product_cat":[54],"product_tag":[327,326,328],"class_list":{"0":"post-2784","1":"product","2":"type-product","3":"status-publish","4":"has-post-thumbnail","6":"product_cat-hot-selling-rfid-tags","7":"product_tag-fdx-b-134-2khz-rfid-animal-tag","8":"product_tag-rfid-animal-id-glass-tag","9":"product_tag-rfid-pet-microchip-implant-capsule","11":"first","12":"instock","13":"shipping-taxable","14":"product-type-simple","15":"entry","16":"content-bg","17":"loop-entry"},"_links":{"self":[{"href":"https:\/\/rfid-laundry-tag.com\/fr\/wp-json\/wp\/v2\/product\/2784","targetHints":{"allow":["GET"]}}],"collection":[{"href":"https:\/\/rfid-laundry-tag.com\/fr\/wp-json\/wp\/v2\/product"}],"about":[{"href":"https:\/\/rfid-laundry-tag.com\/fr\/wp-json\/wp\/v2\/types\/product"}],"version-history":[{"count":1,"href":"https:\/\/rfid-laundry-tag.com\/fr\/wp-json\/wp\/v2\/product\/2784\/revisions"}],"predecessor-version":[{"id":2789,"href":"https:\/\/rfid-laundry-tag.com\/fr\/wp-json\/wp\/v2\/product\/2784\/revisions\/2789"}],"wp:featuredmedia":[{"embeddable":true,"href":"https:\/\/rfid-laundry-tag.com\/fr\/wp-json\/wp\/v2\/media\/2785"}],"wp:attachment":[{"href":"https:\/\/rfid-laundry-tag.com\/fr\/wp-json\/wp\/v2\/media?parent=2784"}],"wp:term":[{"taxonomy":"product_brand","embeddable":true,"href":"https:\/\/rfid-laundry-tag.com\/fr\/wp-json\/wp\/v2\/product_brand?post=2784"},{"taxonomy":"product_cat","embeddable":true,"href":"https:\/\/rfid-laundry-tag.com\/fr\/wp-json\/wp\/v2\/product_cat?post=2784"},{"taxonomy":"product_tag","embeddable":true,"href":"https:\/\/rfid-laundry-tag.com\/fr\/wp-json\/wp\/v2\/product_tag?post=2784"}],"curies":[{"name":"wp","href":"https:\/\/api.w.org\/{rel}","templated":true}]}}