{"id":2775,"date":"2024-10-24T16:17:52","date_gmt":"2024-10-24T16:17:52","guid":{"rendered":"https:\/\/rfid-laundry-tag.com\/?post_type=product&#038;p=2775"},"modified":"2024-10-29T09:32:48","modified_gmt":"2024-10-29T09:32:48","slug":"waterproof-washable-uhf-textile-rfid-laundry-tag-with-hole","status":"publish","type":"product","link":"https:\/\/rfid-laundry-tag.com\/fr\/waterproof-washable-uhf-textile-rfid-laundry-tag-with-hole\/","title":{"rendered":"\u00c9tiquette de blanchisserie textile UHF RFID lavable et imperm\u00e9able avec trou"},"content":{"rendered":"<h1><strong>\u00c9tiquette de blanchisserie textile UHF RFID lavable et imperm\u00e9able avec trou<\/strong><\/h1>\n<p><strong>\u00c9tiquette de blanchisserie RFID textile UHF lavable et imperm\u00e9able avec trou,<\/strong>un produit r\u00e9volutionnaire con\u00e7u pour am\u00e9liorer le suivi et la gestion des articles de blanchisserie. Con\u00e7ue pour \u00eatre durable et facile \u00e0 utiliser, cette \u00e9tiquette RFID est essentielle pour maintenir l&#039;efficacit\u00e9 op\u00e9rationnelle dans divers environnements, des blanchisseries industrielles aux h\u00f4pitaux et h\u00f4tels. Lisez la suite pour d\u00e9couvrir les nombreux avantages de l&#039;int\u00e9gration de ces \u00e9tiquettes dans vos op\u00e9rations de blanchisserie.<\/p>\n<table class=\"all magic-7\">\n<tbody>\n<tr>\n<td colspan=\"1\" rowspan=\"1\">\n<div class=\"magic-8\" data-spm-anchor-id=\"a2700.details.0.i41.3a7a13dayRHcNe\">Norme RFID\u00a0:<\/div>\n<\/td>\n<td colspan=\"1\" rowspan=\"1\">\n<div class=\"magic-9\">ISO\/IEC 18000-6 TypeC (EPC Gen2)<\/div>\n<\/td>\n<\/tr>\n<tr>\n<td colspan=\"1\" rowspan=\"1\">\n<div class=\"magic-8\">Taille poids:<\/div>\n<\/td>\n<td colspan=\"1\" rowspan=\"1\">\n<div class=\"magic-9\">70\u00d715 mm, 0,7 g<\/div>\n<\/td>\n<\/tr>\n<tr>\n<td colspan=\"1\" rowspan=\"1\">\n<div class=\"magic-8\">Type de puce\u00a0:<\/div>\n<\/td>\n<td colspan=\"1\" rowspan=\"1\">\n<div class=\"magic-9\">Code U 9 de NXP<\/div>\n<\/td>\n<\/tr>\n<tr>\n<td colspan=\"1\" rowspan=\"1\">\n<div class=\"magic-8\">M\u00e9moire CPE\u00a0:<\/div>\n<\/td>\n<td colspan=\"1\" rowspan=\"1\">\n<div class=\"magic-9\">128 bits<\/div>\n<\/td>\n<\/tr>\n<tr>\n<td colspan=\"1\" rowspan=\"1\">\n<div class=\"magic-8\">M\u00e9moire utilisateur\u00a0:<\/div>\n<\/td>\n<td colspan=\"1\" rowspan=\"1\">\n<div class=\"magic-9\">96 bits<\/div>\n<\/td>\n<\/tr>\n<tr>\n<td colspan=\"1\" rowspan=\"1\">\n<div class=\"magic-8\">Plage de lecture (lecteur fixe)\u00a0:<\/div>\n<\/td>\n<td colspan=\"1\" rowspan=\"1\">\n<div class=\"magic-9\">10 m<\/div>\n<\/td>\n<\/tr>\n<tr>\n<td colspan=\"1\" rowspan=\"1\">\n<div class=\"magic-8\">Plage de lecture (lecteur portable) :<\/div>\n<\/td>\n<td colspan=\"1\" rowspan=\"1\">\n<div class=\"magic-9\">8m<\/div>\n<\/td>\n<\/tr>\n<tr>\n<td colspan=\"1\" rowspan=\"1\">\n<div class=\"magic-8\">Marquage\u00a0:<\/div>\n<\/td>\n<td colspan=\"1\" rowspan=\"1\">\n<div class=\"magic-9\">Couture, thermocollage<\/div>\n<\/td>\n<\/tr>\n<tr>\n<td colspan=\"1\" rowspan=\"1\">\n<div class=\"magic-8\">Dur\u00e9e de vie estim\u00e9e\u00a0:<\/div>\n<\/td>\n<td colspan=\"1\" rowspan=\"1\">\n<div class=\"magic-9\">200 cycles de lavage ou 3 ans, selon la premi\u00e8re \u00e9ventualit\u00e9<\/div>\n<\/td>\n<\/tr>\n<tr>\n<td colspan=\"1\" rowspan=\"1\">\n<div class=\"magic-8\">M\u00e9thode de lavage\u00a0:<\/div>\n<\/td>\n<td colspan=\"1\" rowspan=\"1\">\n<div class=\"magic-9\">Blanchisserie, Nettoyage \u00e0 sec<\/div>\n<\/td>\n<\/tr>\n<tr>\n<td colspan=\"1\" rowspan=\"1\">\n<div class=\"magic-8\">Pression d&#039;extraction d&#039;eau\u00a0:<\/div>\n<\/td>\n<td colspan=\"1\" rowspan=\"1\">\n<div class=\"magic-9\">60 barres<\/div>\n<\/td>\n<\/tr>\n<tr>\n<td colspan=\"1\" rowspan=\"1\">\n<div class=\"magic-8\">R\u00e9sistance \u00e0 l&#039;eau:<\/div>\n<\/td>\n<td colspan=\"1\" rowspan=\"1\">\n<div class=\"magic-9\">R\u00e9sistant \u00e0 l&#039;eau<\/div>\n<\/td>\n<\/tr>\n<tr>\n<td colspan=\"1\" rowspan=\"1\">\n<div class=\"magic-8\">R\u00e9sistance chimique:<\/div>\n<\/td>\n<td colspan=\"1\" rowspan=\"1\">\n<div class=\"magic-9\">D\u00e9tergent, adoucissant, agent de blanchiment (oxyg\u00e8ne\/chlore), alcalin<\/div>\n<\/td>\n<\/tr>\n<tr>\n<td colspan=\"1\" rowspan=\"1\">\n<div class=\"magic-8\">Pr\u00e9-s\u00e9chage au Tumbler :<\/div>\n<\/td>\n<td colspan=\"1\" rowspan=\"1\">\n<div class=\"magic-9\">125 \u00baC pendant 15-20 minutes<\/div>\n<\/td>\n<\/tr>\n<tr>\n<td colspan=\"1\" rowspan=\"1\">\n<div class=\"magic-8\" data-spm-anchor-id=\"a2700.details.0.i43.3a7a13dayRHcNe\">Temp\u00e9rature de st\u00e9rilisation\u00a0:<\/div>\n<\/td>\n<td colspan=\"1\" rowspan=\"1\">\n<div class=\"magic-9\">135\u00b0C pendant 15-20 minutes<\/div>\n<\/td>\n<\/tr>\n<tr>\n<td colspan=\"1\" rowspan=\"1\">\n<div class=\"magic-8\">Temp\u00e9rature de lavage\u00a0:<\/div>\n<\/td>\n<td colspan=\"1\" rowspan=\"1\">\n<div class=\"magic-9\">90\u00b0C, jusqu&#039;\u00e0 15min.<\/div>\n<\/td>\n<\/tr>\n<tr>\n<td colspan=\"1\" rowspan=\"1\">\n<div class=\"magic-8\">Humidit\u00e9\/temp\u00e9rature de fonctionnement\u00a0:<\/div>\n<\/td>\n<td colspan=\"1\" rowspan=\"1\">\n<div class=\"magic-9\" data-spm-anchor-id=\"a2700.details.0.i42.3a7a13dayRHcNe\">-20 \u00e0 110\u00b0C, 8 \u00e0 95%RH<\/div>\n<\/td>\n<\/tr>\n<tr>\n<td colspan=\"1\" rowspan=\"1\">\n<div class=\"magic-8\">Humidit\u00e9\/temp\u00e9rature-stockage\u00a0:<\/div>\n<\/td>\n<td colspan=\"1\" rowspan=\"1\">\n<div class=\"magic-9\">-40 \u00e0 110\u00b0C, 8 \u00e0 95%RH<\/div>\n<\/td>\n<\/tr>\n<\/tbody>\n<\/table>\n<h3>Pourquoi choisir des \u00e9tiquettes de blanchisserie RFID textiles UHF lavables et imperm\u00e9ables ?<\/h3>\n<p>Investir dans des \u00e9tiquettes de blanchisserie RFID offre une multitude d&#039;avantages, permettant aux entreprises de rationaliser leurs processus. Voici quelques raisons convaincantes d&#039;envisager l&#039;achat d&#039;\u00e9tiquettes de blanchisserie RFID\u00a0<strong>\u00c9tiquette de blanchisserie RFID<\/strong>\u00a0pour vos op\u00e9rations de blanchisserie :<\/p>\n<ul>\n<li><strong>Suivi et gestion am\u00e9lior\u00e9s\u00a0:<\/strong>\u00a0Dites adieu aux objets perdus ou \u00e9gar\u00e9s. La technologie UHF garantit que chaque v\u00eatement ou linge peut \u00eatre suivi avec pr\u00e9cision, r\u00e9duisant ainsi les erreurs manuelles et am\u00e9liorant la gestion des stocks.<\/li>\n<li><strong>Durabilit\u00e9 et fiabilit\u00e9 :<\/strong>\u00a0Con\u00e7ues pour r\u00e9sister \u00e0 des conditions de blanchisserie rigoureuses, ces \u00e9tiquettes RFID peuvent supporter des temp\u00e9ratures \u00e9lev\u00e9es et plusieurs cycles de lavage (jusqu&#039;\u00e0 200), ce qui en fait une solution id\u00e9ale pour les applications de blanchisserie commerciales et industrielles.<\/li>\n<li><strong>Polyvalence d&#039;utilisation :<\/strong>\u00a0Avec la possibilit\u00e9 d&#039;\u00eatre cousus ou thermocoll\u00e9s sur divers textiles, ces\u00a0<strong>\u00e9tiquettes RFID lavables<\/strong>\u00a0sont parfaits pour les h\u00f4tels, les h\u00f4pitaux et tout \u00e9tablissement n\u00e9cessitant une gestion stricte du linge.<\/li>\n<\/ul>\n<h3>Principales caract\u00e9ristiques de l&#039;\u00e9tiquette de blanchisserie RFID textile UHF lavable et imperm\u00e9able<\/h3>\n<h4>1. Technologie RFID avanc\u00e9e<\/h4>\n<p>Notre\u00a0<strong>\u00c9tiquettes de blanchisserie RFID<\/strong>\u00a0sont conformes \u00e0 la norme ISO\/IEC 18000-6 Type C (EPC Gen2), garantissant ainsi qu&#039;ils r\u00e9pondent aux normes industrielles en mati\u00e8re de performances et de fiabilit\u00e9. L&#039;int\u00e9gration de la technologie UHF de pointe permet une transmission rapide des donn\u00e9es et des processus de suivi efficaces.<\/p>\n<h4>2. Taille et poids<\/h4>\n<p>Avec des dimensions de\u00a0<strong>70\u00d715 mm<\/strong>\u00a0et une conception l\u00e9g\u00e8re de seulement\u00a0<strong>0,7 g<\/strong>, ces \u00e9tiquettes sont faciles \u00e0 int\u00e9grer dans n&#039;importe quel v\u00eatement sans ajouter de volume ou d&#039;inconfort. La taille compacte permet une int\u00e9gration transparente dans divers textiles, que ce soit pour\u00a0<strong>uniformes, draps ou autres articles de lessive<\/strong>.<\/p>\n<h4>3. Port\u00e9e de lecture \u00e9lev\u00e9e<\/h4>\n<p>Le\u00a0<strong>plage de lecture<\/strong>\u00a0est un facteur critique pour des syst\u00e8mes RFID efficaces. Nos \u00e9tiquettes peuvent atteindre une\u00a0<strong>distance de lecture jusqu&#039;\u00e0 10 m\u00e8tres avec des lecteurs fixes<\/strong>\u00a0et\u00a0<strong>8 m\u00e8tres avec lecteurs portables<\/strong>Cette gamme \u00e9tendue optimise le processus de suivi, permettant des contr\u00f4les d&#039;inventaire efficaces et une gestion du flux de travail dans des environnements de blanchisserie anim\u00e9s.<\/p>\n<h4>4. Durable dans des conditions difficiles<\/h4>\n<p>Con\u00e7us pour durer, ces\u00a0<strong>\u00e9tiquettes RFID \u00e9tanches<\/strong>\u00a0peut supporter des processus de nettoyage rigoureux, notamment :<\/p>\n<ul>\n<li><strong>Temp\u00e9rature de lavage\u00a0:<\/strong>\u00a0Jusqu&#039;\u00e0\u00a0<strong>90\u00b0C<\/strong>\u00a0pendant 15 minutes, en assurant un nettoyage en profondeur.<\/li>\n<li><strong>Temp\u00e9rature de st\u00e9rilisation\u00a0:<\/strong>\u00a0Capable de r\u00e9sister aux processus de st\u00e9rilisation \u00e0\u00a0<strong>135\u00b0C<\/strong>\u00a0pendant 15 \u00e0 20 minutes, ce qui les rend adapt\u00e9s aux environnements m\u00e9dicaux.<\/li>\n<li><strong>R\u00e9sistance chimique:<\/strong>\u00a0R\u00e9sistant aux produits chimiques de lessive courants tels que les d\u00e9tergents, les assouplissants et l&#039;eau de Javel, garantissant long\u00e9vit\u00e9 et performances constantes.<\/li>\n<\/ul>\n<h4>5. Consid\u00e9rations environnementales<\/h4>\n<p>Ces \u00e9tiquettes sont con\u00e7ues pour r\u00e9sister\u00a0<strong>pressions d&#039;extraction d&#039;eau \u00e9lev\u00e9es<\/strong>\u00a0jusqu&#039;\u00e0\u00a0<strong>60 barres<\/strong>, garantissant qu&#039;ils restent fonctionnels m\u00eame dans les conditions de lavage les plus exigeantes. Les mat\u00e9riaux utilis\u00e9s sont respectueux de l&#039;environnement, ce qui augmente encore leur valeur.<\/p>\n<h4>6. Dur\u00e9e de vie et instructions d&#039;utilisation<\/h4>\n<p>Avec une dur\u00e9e de vie estim\u00e9e de\u00a0<strong>200 cycles de lavage ou 3 ans<\/strong>\u00a0(selon la premi\u00e8re \u00e9ventualit\u00e9), nos \u00e9tiquettes de blanchisserie RFID sont con\u00e7ues pour durer. Elles peuvent passer en toute transparence des environnements de blanchisserie aux environnements de nettoyage \u00e0 sec, ce qui les rend polyvalentes pour divers besoins op\u00e9rationnels.<\/p>\n<h3>Produits connexes<\/h3>\n<p>Pour compl\u00e9ter notre\u00a0<strong>\u00e9tiquettes de blanchisserie RFID UHF textiles imperm\u00e9ables et lavables<\/strong>, pensez \u00e0 explorer ces produits connexes\u00a0:<\/p>\n<ul>\n<li><strong>Lecteurs RFID :<\/strong>\u00a0Des outils essentiels pour lire et suivre efficacement les \u00e9tiquettes RFID au sein de votre exploitation.<\/li>\n<li><strong>Fournitures d&#039;\u00e9tiquetage :<\/strong>\u00a0Options de couture, de thermoscellage ou de fixation d&#039;\u00e9tiquettes RFID sur diff\u00e9rents textiles.<\/li>\n<li><strong>Solutions logicielles :<\/strong>\u00a0Logiciel de gestion RFID pour suivre les stocks et am\u00e9liorer votre syst\u00e8me de gestion du linge.<\/li>\n<\/ul>\n<h3>Impact environnemental et avantages pour l&#039;industrie<\/h3>\n<ol>\n<li><strong>R\u00e9duction des d\u00e9chets :<\/strong>\u00a0En suivant efficacement le linge et les v\u00eatements, ces \u00e9tiquettes aident \u00e0 r\u00e9duire le gaspillage d&#039;articles perdus ou \u00e9gar\u00e9s, contribuant ainsi \u00e0 des pratiques plus durables dans l&#039;industrie de la blanchisserie.<\/li>\n<li><strong>Gestion optimis\u00e9e des ressources :<\/strong>\u00a0Un suivi efficace conduit \u00e0 des op\u00e9rations de blanchisserie optimis\u00e9es, garantissant que tout le linge et les v\u00eatements sont maintenus \u00e0 une qualit\u00e9 optimale, prolongeant ainsi leur dur\u00e9e de vie et r\u00e9duisant les co\u00fbts de remplacement.<\/li>\n<li><strong>Am\u00e9lioration de la satisfaction client :<\/strong>\u00a0Une gestion efficace des stocks signifie que les clients re\u00e7oivent leur linge en temps opportun et de mani\u00e8re organis\u00e9e, ce qui am\u00e9liore l&#039;exp\u00e9rience client dans des secteurs tels que l&#039;h\u00f4tellerie et les soins de sant\u00e9.<\/li>\n<\/ol>\n<h3>Avis et exp\u00e9riences clients<\/h3>\n<p>Nos clients ont signal\u00e9 des am\u00e9liorations significatives dans leurs op\u00e9rations de blanchisserie apr\u00e8s avoir mis en place nos \u00e9tiquettes de blanchisserie RFID UHF lavables et imperm\u00e9ables. Voici quelques t\u00e9moignages :<\/p>\n<ul>\n<li><strong>\u00ab Depuis que nous utilisons ces \u00e9tiquettes RFID pour le linge, nous avons consid\u00e9rablement r\u00e9duit le temps pass\u00e9 \u00e0 rechercher les articles \u00e9gar\u00e9s. Notre efficacit\u00e9 s&#039;est am\u00e9lior\u00e9e et notre personnel peut se concentrer sur la fourniture d&#039;un service de qualit\u00e9 \u00bb,<\/strong>\u00a0explique Linda, directrice d&#039;un h\u00f4tel local.<\/li>\n<li><strong>\u00ab La durabilit\u00e9 de ces \u00e9tiquettes est impressionnante. Elles r\u00e9sistent \u00e0 nos cycles de lavage rigoureux et fonctionnent toujours parfaitement. Je les recommande vivement pour tout service de blanchisserie commerciale \u00bb,<\/strong>\u00a0d\u00e9clare Mark, directeur des op\u00e9rations dans une blanchisserie industrielle.<\/li>\n<\/ul>\n<h3>Questions fr\u00e9quemment pos\u00e9es (FAQ)<\/h3>\n<h4>1. Quelle est la plage de temp\u00e9rature de fonctionnement de ces \u00e9tiquettes RFID ?<\/h4>\n<p>Les \u00e9tiquettes RFID peuvent fonctionner dans une plage de temp\u00e9ratures de\u00a0<strong>-20 \u00e0 110\u00b0C<\/strong>\u00a0et tol\u00e9rer\u00a0<strong>8 \u00e0 95% humidit\u00e9 relative<\/strong>, garantissant qu&#039;ils peuvent fonctionner dans des environnements vari\u00e9s.<\/p>\n<h4>2. Comment dois-je attacher les \u00e9tiquettes de linge RFID aux v\u00eatements ?<\/h4>\n<p>Les \u00e9tiquettes peuvent \u00eatre attach\u00e9es par\u00a0<strong>couture ou thermocollage<\/strong>, offrant une flexibilit\u00e9 en fonction de vos besoins op\u00e9rationnels et de vos types de v\u00eatements.<\/p>\n<h4>3. Ces \u00e9tiquettes peuvent-elles \u00eatre utilis\u00e9es pour le nettoyage \u00e0 sec ?<\/h4>\n<p>Oui, ces \u00e9tiquettes RFID sont suffisamment polyvalentes pour \u00eatre utilis\u00e9es dans les deux\u00a0<strong>param\u00e8tres de blanchisserie et de nettoyage \u00e0 sec<\/strong>.<\/p>\n<h4>4. Comment maximiser la dur\u00e9e de vie de mes \u00e9tiquettes de linge RFID ?<\/h4>\n<p>Pour assurer la long\u00e9vit\u00e9, respectez les instructions de lavage et de s\u00e9chage fournies et \u00e9vitez l&#039;exposition \u00e0 des produits chimiques extr\u00eames en dehors des d\u00e9tergents et assouplissants standards.<\/p>\n<h3>Conclusion : Transformez votre gestion du linge gr\u00e2ce \u00e0 la technologie RFID<\/h3>\n<p>Le\u00a0<strong>\u00c9tiquette de blanchisserie textile UHF RFID lavable et imperm\u00e9able avec trou<\/strong>\u00a0est plus qu&#039;un simple accessoire de lessive ; c&#039;est un outil essentiel pour la lessive moderne\u00a0<strong>gestion du linge<\/strong>En investissant dans des \u00e9tiquettes durables, fiables et faciles \u00e0 utiliser, vous pouvez rationaliser les op\u00e9rations, r\u00e9duire les pertes et am\u00e9liorer l\u2019efficacit\u00e9 globale de vos services de blanchisserie.<\/p>","protected":false},"excerpt":{"rendered":"<p>\u00c9tiquette de blanchisserie textile RFID UHF lavable et imperm\u00e9able avec trou, con\u00e7ue pour la durabilit\u00e9 et le suivi efficace dans les applications de blanchisserie industrielle.<\/p>","protected":false},"featured_media":2776,"template":"","meta":{"_kad_post_transparent":"default","_kad_post_title":"","_kad_post_layout":"default","_kad_post_sidebar_id":"","_kad_post_content_style":"default","_kad_post_vertical_padding":"default","_kad_post_feature":"","_kad_post_feature_position":"","_kad_post_header":false,"_kad_post_footer":false,"_kad_post_classname":""},"product_brand":[],"product_cat":[19],"product_tag":[324,65,30,325],"class_list":{"0":"post-2775","1":"product","2":"type-product","3":"status-publish","4":"has-post-thumbnail","6":"product_cat-textile-rfid-laundry-tag","7":"product_tag-rfid-laundry-tag","8":"product_tag-textile-rfid-laundry-tags","9":"product_tag-uhf-rfid-laundry-tag","10":"product_tag-washable-rfid-laundry-tag","12":"first","13":"instock","14":"featured","15":"shipping-taxable","16":"product-type-simple","17":"entry","18":"content-bg","19":"loop-entry"},"_links":{"self":[{"href":"https:\/\/rfid-laundry-tag.com\/fr\/wp-json\/wp\/v2\/product\/2775","targetHints":{"allow":["GET"]}}],"collection":[{"href":"https:\/\/rfid-laundry-tag.com\/fr\/wp-json\/wp\/v2\/product"}],"about":[{"href":"https:\/\/rfid-laundry-tag.com\/fr\/wp-json\/wp\/v2\/types\/product"}],"version-history":[{"count":3,"href":"https:\/\/rfid-laundry-tag.com\/fr\/wp-json\/wp\/v2\/product\/2775\/revisions"}],"predecessor-version":[{"id":2782,"href":"https:\/\/rfid-laundry-tag.com\/fr\/wp-json\/wp\/v2\/product\/2775\/revisions\/2782"}],"wp:featuredmedia":[{"embeddable":true,"href":"https:\/\/rfid-laundry-tag.com\/fr\/wp-json\/wp\/v2\/media\/2776"}],"wp:attachment":[{"href":"https:\/\/rfid-laundry-tag.com\/fr\/wp-json\/wp\/v2\/media?parent=2775"}],"wp:term":[{"taxonomy":"product_brand","embeddable":true,"href":"https:\/\/rfid-laundry-tag.com\/fr\/wp-json\/wp\/v2\/product_brand?post=2775"},{"taxonomy":"product_cat","embeddable":true,"href":"https:\/\/rfid-laundry-tag.com\/fr\/wp-json\/wp\/v2\/product_cat?post=2775"},{"taxonomy":"product_tag","embeddable":true,"href":"https:\/\/rfid-laundry-tag.com\/fr\/wp-json\/wp\/v2\/product_tag?post=2775"}],"curies":[{"name":"wp","href":"https:\/\/api.w.org\/{rel}","templated":true}]}}