{"id":277,"date":"2024-06-26T08:06:00","date_gmt":"2024-06-26T08:06:00","guid":{"rendered":"https:\/\/rfid-laundry-tag.com\/?post_type=product&#038;p=277"},"modified":"2024-06-26T08:06:01","modified_gmt":"2024-06-26T08:06:01","slug":"on-metal-uhf-rfid-sticker","status":"publish","type":"product","link":"https:\/\/rfid-laundry-tag.com\/fr\/on-metal-uhf-rfid-sticker\/","title":{"rendered":"Autocollant RFID UHF sur m\u00e9tal"},"content":{"rendered":"<table style=\"border-collapse: collapse; width: 370.82pt;\" border=\"0\" width=\"618\" cellspacing=\"0\" cellpadding=\"0\">\n<tbody>\n<tr style=\"height: 17.40pt;\">\n<td class=\"et2\" style=\"height: 17.40pt; width: 127.80pt;\" width=\"213\" height=\"29\">Nom de l&#039;article<\/td>\n<td class=\"et3\" style=\"width: 243.00pt;\" width=\"405\">Autocollant RFID UHF sur m\u00e9tal<\/td>\n<\/tr>\n<tr style=\"height: 41.00pt;\">\n<td class=\"et4\" style=\"height: 41.00pt; width: 127.80pt;\" width=\"213\" height=\"68\">Mat\u00e9riel<\/td>\n<td class=\"et5\" style=\"width: 243.00pt;\" width=\"405\">Papier couch\u00e9 + mousse EFVA<\/td>\n<\/tr>\n<tr style=\"height: 25.00pt;\">\n<td class=\"et4\" style=\"height: 25.00pt; width: 127.80pt;\" width=\"213\" height=\"41\">Taille<\/td>\n<td class=\"et5\" style=\"width: 243.00pt;\" width=\"405\">90*25*1,2 mm, 60*25*1,2 mm, 70*30, etc.<\/td>\n<\/tr>\n<tr style=\"height: 17.40pt;\">\n<td class=\"et4\" style=\"height: 17.40pt; width: 127.80pt;\" width=\"213\" height=\"29\">\u00c9br\u00e9cher<\/td>\n<td class=\"et5\" style=\"width: 243.00pt;\" width=\"405\">Monza R6, U9 etc.<\/td>\n<\/tr>\n<tr style=\"height: 40.00pt;\">\n<td class=\"et4\" style=\"height: 40.00pt; width: 127.80pt;\" width=\"213\" height=\"66\">Protocole<\/td>\n<td class=\"et5\" style=\"width: 243.00pt;\" width=\"405\">ISO\/CEI 18000-6C<\/td>\n<\/tr>\n<tr style=\"height: 17.40pt;\">\n<td class=\"et4\" style=\"height: 17.40pt; width: 127.80pt;\" width=\"213\" height=\"29\">Fr\u00e9quence<\/td>\n<td class=\"et5\" style=\"width: 243.00pt;\" width=\"405\">902-928 MHz<\/td>\n<\/tr>\n<tr style=\"height: 63.00pt;\">\n<td class=\"et4\" style=\"height: 63.00pt; width: 127.80pt;\" width=\"213\" height=\"105\">Personnalisation<\/td>\n<td class=\"et5\" style=\"width: 243.00pt;\" width=\"405\">Impression et codage de logos<\/td>\n<\/tr>\n<tr style=\"height: 60.00pt;\">\n<td class=\"et6\" style=\"height: 60.00pt; width: 127.80pt;\" width=\"213\" height=\"100\">Application<\/td>\n<td class=\"et7\" style=\"width: 243.00pt;\" width=\"405\">\u00e9tag\u00e8re d&#039;entrep\u00f4t, suivi des actifs informatiques\/conteneurs m\u00e9talliques\/\u00e9quipements et appareils<\/td>\n<\/tr>\n<\/tbody>\n<\/table>\n<p>&nbsp;<\/p>\n<p>Bien plus l\u00e9g\u00e8res, plus flexibles, imprimables et polyvalentes que la plupart des \u00e9tiquettes RFID en m\u00e9tal dur, ces \u00e9tiquettes offrent toutes ces fonctionnalit\u00e9s \u00e0 un co\u00fbt consid\u00e9rablement inf\u00e9rieur. Avec ces \u00e9tiquettes RFID anti-m\u00e9tal, vous \u00eates assur\u00e9 d&#039;une efficacit\u00e9 et d&#039;un prix abordables sans compromettre les performances.<\/p>\n<div class=\"auto-hide-last-sibling-br paragraph_9dc5f paragraph-element\">L&#039;\u00e9tiquette RFID imprimable sur m\u00e9tal offre de nombreuses fonctionnalit\u00e9s notables qui en font un choix id\u00e9al pour diverses applications\u00a0:<\/div>\n<ol class=\"auto-hide-last-sibling-br\">\n<li>\n<div class=\"auto-hide-last-sibling-br paragraph_9dc5f paragraph-element\">Performances RFID parfaites sur les surfaces m\u00e9talliques : l&#039;\u00e9tiquette est sp\u00e9cialement con\u00e7ue pour offrir des performances optimales lorsqu&#039;elle est fix\u00e9e \u00e0 des entit\u00e9s m\u00e9talliques.<\/div>\n<\/li>\n<li>\n<div class=\"auto-hide-last-sibling-br paragraph_9dc5f paragraph-element\">Ultra-petit et ultra-mince : avec une \u00e9paisseur de seulement 1 mm, l&#039;\u00e9tiquette RFID est incroyablement compacte, ce qui la rend id\u00e9ale pour l&#039;impression par transfert thermique.<\/div>\n<\/li>\n<li>\n<div class=\"auto-hide-last-sibling-br paragraph_9dc5f paragraph-element\">Flexibilit\u00e9 : L&#039;\u00e9tiquette est con\u00e7ue pour \u00eatre flexible, ce qui signifie qu&#039;elle peut s&#039;adapter aux surfaces courbes sans aucun probl\u00e8me.<\/div>\n<\/li>\n<li>\n<div class=\"auto-hide-last-sibling-br paragraph_9dc5f paragraph-element\">Longue port\u00e9e de lecture : une fois fix\u00e9e sur une surface m\u00e9tallique, l&#039;\u00e9tiquette offre une port\u00e9e de lecture impressionnante allant jusqu&#039;\u00e0 8 m\u00e8tres, offrant une excellente tra\u00e7abilit\u00e9.<\/div>\n<\/li>\n<li>\n<div class=\"auto-hide-last-sibling-br paragraph_9dc5f paragraph-element\">Prise en charge des fr\u00e9quences : l&#039;\u00e9tiquette prend en charge les fr\u00e9quences FCC (Federal Communications Commission) et ETSI (European Telecommunications Standards Institute), ce qui la rend adaptable \u00e0 une utilisation dans diff\u00e9rentes r\u00e9gions.<\/div>\n<\/li>\n<li>\n<div class=\"auto-hide-last-sibling-br paragraph_9dc5f paragraph-element\">Protection sup\u00e9rieure : avec un indice IP68, l&#039;\u00e9tiquette RFID est \u00e9tanche \u00e0 la poussi\u00e8re et peut supporter une immersion dans l&#039;eau, ce qui en fait un excellent choix pour les environnements difficiles ou les applications o\u00f9 la r\u00e9sistance aux conditions difficiles est n\u00e9cessaire.<\/div>\n<\/li>\n<\/ol>\n<div class=\"auto-hide-last-sibling-br paragraph_9dc5f paragraph-element\">Ces caract\u00e9ristiques se combinent pour faire de l&#039;\u00e9tiquette RFID imprimable sur m\u00e9tal un outil puissant et polyvalent pour le suivi et la gestion des actifs sur les surfaces m\u00e9talliques.<\/div>","protected":false},"excerpt":{"rendered":"<div class=\"auto-hide-last-sibling-br paragraph_9dc5f paragraph-element\">L&#039;\u00e9tiquette UHF anti-m\u00e9tal ultra-mince et flexible mesure moins de 1,2 mm d&#039;\u00e9paisseur. Offrant une solution fiable pour l&#039;impression sur place d&#039;\u00e9tiquettes d&#039;actifs RFID, ces \u00e9tiquettes peuvent \u00eatre facilement imprim\u00e9es et cod\u00e9es \u00e0 l&#039;aide d&#039;une imprimante RFID comme la SATO CL4NX ou la Toshiba SX-5. Ce type d&#039;\u00e9tiquette RFID est souple et flexible, ce qui le rend parfaitement adapt\u00e9 aux surfaces m\u00e9talliques plates ou l\u00e9g\u00e8rement incurv\u00e9es. Qu&#039;il s&#039;agisse d&#039;un actif informatique, d&#039;un dispositif m\u00e9dical, d&#039;un tuyau m\u00e9tallique ou d&#039;un conteneur m\u00e9tallique, cette \u00e9tiquette est la solution id\u00e9ale. Elle allie hautes performances et rentabilit\u00e9 dans un seul et m\u00eame package.<\/div>","protected":false},"featured_media":278,"template":"","meta":{"_kad_post_transparent":"default","_kad_post_title":"","_kad_post_layout":"default","_kad_post_sidebar_id":"","_kad_post_content_style":"default","_kad_post_vertical_padding":"default","_kad_post_feature":"","_kad_post_feature_position":"","_kad_post_header":false,"_kad_post_footer":false,"_kad_post_classname":""},"product_brand":[],"product_cat":[54],"product_tag":[105],"class_list":{"0":"post-277","1":"product","2":"type-product","3":"status-publish","4":"has-post-thumbnail","6":"product_cat-hot-selling-rfid-tags","7":"product_tag-on-metal-uhf-rfid-sticker","9":"first","10":"instock","11":"shipping-taxable","12":"product-type-simple","13":"entry","14":"content-bg","15":"loop-entry"},"_links":{"self":[{"href":"https:\/\/rfid-laundry-tag.com\/fr\/wp-json\/wp\/v2\/product\/277","targetHints":{"allow":["GET"]}}],"collection":[{"href":"https:\/\/rfid-laundry-tag.com\/fr\/wp-json\/wp\/v2\/product"}],"about":[{"href":"https:\/\/rfid-laundry-tag.com\/fr\/wp-json\/wp\/v2\/types\/product"}],"version-history":[{"count":0,"href":"https:\/\/rfid-laundry-tag.com\/fr\/wp-json\/wp\/v2\/product\/277\/revisions"}],"wp:featuredmedia":[{"embeddable":true,"href":"https:\/\/rfid-laundry-tag.com\/fr\/wp-json\/wp\/v2\/media\/278"}],"wp:attachment":[{"href":"https:\/\/rfid-laundry-tag.com\/fr\/wp-json\/wp\/v2\/media?parent=277"}],"wp:term":[{"taxonomy":"product_brand","embeddable":true,"href":"https:\/\/rfid-laundry-tag.com\/fr\/wp-json\/wp\/v2\/product_brand?post=277"},{"taxonomy":"product_cat","embeddable":true,"href":"https:\/\/rfid-laundry-tag.com\/fr\/wp-json\/wp\/v2\/product_cat?post=277"},{"taxonomy":"product_tag","embeddable":true,"href":"https:\/\/rfid-laundry-tag.com\/fr\/wp-json\/wp\/v2\/product_tag?post=277"}],"curies":[{"name":"wp","href":"https:\/\/api.w.org\/{rel}","templated":true}]}}