{"id":2766,"date":"2024-10-24T15:10:58","date_gmt":"2024-10-24T15:10:58","guid":{"rendered":"https:\/\/rfid-laundry-tag.com\/?post_type=product&#038;p=2766"},"modified":"2024-10-24T15:25:26","modified_gmt":"2024-10-24T15:25:26","slug":"nfc-inlay-for-mlfare-ultralight-ev1-chip","status":"publish","type":"product","link":"https:\/\/rfid-laundry-tag.com\/fr\/nfc-inlay-for-mlfare-ultralight-ev1-chip\/","title":{"rendered":"Inlay NFC pour puce MlFARE Ultralight EV1"},"content":{"rendered":"<div><\/div>\n<div>\n<div class=\"text-content\">\n<h2>Inlay NFC pour puce MlFARE Ultralight EV1<\/h2>\n<div><\/div>\n<div data-spm-anchor-id=\"a2700.details.0.i48.6f4d7d7dnursE7\">\n<table class=\"hight-light-first-column all magic-14\">\n<tbody>\n<tr>\n<td colspan=\"1\" rowspan=\"1\">\n<div class=\"magic-15\"><b>Mat\u00e9riel<\/b><\/div>\n<\/td>\n<td colspan=\"1\" rowspan=\"1\">\n<div class=\"magic-16\" data-spm-anchor-id=\"a2700.details.0.i34.21f6414cWQ4Zrf\">Papier \/ Papier thermique \/ Tissu \/ PVC \/ PET<\/div>\n<\/td>\n<\/tr>\n<tr>\n<td colspan=\"1\" rowspan=\"1\">\n<div class=\"magic-15\"><b>Taille<\/b><\/div>\n<\/td>\n<td colspan=\"1\" rowspan=\"1\">\n<div class=\"magic-16\">18*56mm, 25*25mm, 30*30mm, 40*40mm, Dia18mm, Dia20mm, Dia22mm, Dia25mm, ou taille personnalis\u00e9e.<\/div>\n<\/td>\n<\/tr>\n<tr>\n<td colspan=\"1\" rowspan=\"1\">\n<div class=\"magic-15\"><b>Impression<\/b><\/div>\n<\/td>\n<td colspan=\"1\" rowspan=\"1\">\n<div class=\"magic-16\">Pas besoin d&#039;imprimer<\/div>\n<\/td>\n<\/tr>\n<tr>\n<td colspan=\"1\" rowspan=\"1\">\n<div class=\"magic-15\"><b>Puce disponible<\/b><\/div>\n<\/td>\n<td colspan=\"1\" rowspan=\"1\">\n<div class=\"magic-16\">\n<p><strong>NXP Mifare Ultralight ev1 <\/strong><\/p>\n<\/div>\n<\/td>\n<\/tr>\n<tr>\n<td colspan=\"1\" rowspan=\"1\">\n<div class=\"magic-21\"><b>Protocole:<\/b><\/div>\n<\/td>\n<td colspan=\"4\" rowspan=\"1\">\n<div class=\"magic-22\">ISO\/CEI 14443 Type A<\/div>\n<\/td>\n<\/tr>\n<tr>\n<td colspan=\"1\" rowspan=\"1\">\n<div class=\"magic-26\"><b>Artisanat :<\/b><\/div>\n<\/td>\n<td colspan=\"4\" rowspan=\"1\">\n<div class=\"magic-22\" data-spm-anchor-id=\"a2700.details.0.i33.21f6414cWQ4Zrf\">Impression, code-barres, QR code, etc.<\/div>\n<\/td>\n<\/tr>\n<\/tbody>\n<\/table>\n<\/div>\n<\/div>\n<p>&nbsp;<\/p>\n<p>Le MIFARE Ultralight EV1 succ\u00e8de au circuit int\u00e9gr\u00e9 de billetterie MIFARE Ultralight et est enti\u00e8rement r\u00e9trocompatible. Ses fonctionnalit\u00e9s et son jeu de commandes am\u00e9lior\u00e9s permettent des impl\u00e9mentations plus efficaces et offrent davantage de flexibilit\u00e9 dans la conception des syst\u00e8mes.<\/p>\n<p>Les sp\u00e9cifications m\u00e9caniques et \u00e9lectriques du MIFARE Ultralight EV1 sont adapt\u00e9es pour r\u00e9pondre aux exigences des fabricants d&#039;inlays et de billets papier.<\/p>\n<h3>Transfert d&#039;\u00e9nergie et de donn\u00e9es sans contact<\/h3>\n<p>Dans un MIFARE<sup>\u00ae<\/sup>\u00a0syst\u00e8me, le MF0ULx1 est connect\u00e9 \u00e0 une bobine avec quelques spires. Le MF0ULx1 s&#039;adapte aux formats de ticket TFC.0 (Edmondson) et TFC.1 (ISO).<\/p>\n<p>La puce MF0ULx1, dot\u00e9e d&#039;un condensateur de r\u00e9sonance int\u00e9gr\u00e9 de 17 pF, prend en charge les formats de ticket TFC.1 et TFC.0.<\/p>\n<h3>Anti-collision<\/h3>\n<p>Une fonction anti-collision intelligente permet \u00e0 plusieurs cartes de fonctionner simultan\u00e9ment sur le terrain. L&#039;algorithme anti-collision s\u00e9lectionne chaque carte individuellement. Il garantit que l&#039;ex\u00e9cution d&#039;une transaction avec une carte s\u00e9lectionn\u00e9e est effectu\u00e9e correctement sans interf\u00e9rence d&#039;une autre carte sur le terrain.<\/p>\n<h3>Int\u00e9gration simple et confort d&#039;utilisation<\/h3>\n<p>Le MF0ULx1 est con\u00e7u pour une int\u00e9gration simple et une commodit\u00e9 d&#039;utilisation, ce qui permet de g\u00e9rer des transactions de billetterie compl\u00e8tes en moins de 35 ms.<\/p>\n<h3>S\u00e9curit\u00e9 de l&#039;inlay NFC pour la puce MlFARE Ultralight EV1<\/h3>\n<ul>\n<li>UID de 7 octets programm\u00e9 par le fabricant pour chaque appareil<\/li>\n<li>Zone programmable une seule fois (OTP) 32 bits d\u00e9finissable par l&#039;utilisateur<\/li>\n<li>3 compteurs unidirectionnels ind\u00e9pendants de 24 bits<\/li>\n<li>Fonction de verrouillage en lecture seule programmable sur le terrain par page (par 2 pages pour la section de m\u00e9moire \u00e9tendue)<\/li>\n<li>Signature d&#039;originalit\u00e9 bas\u00e9e sur ECC<\/li>\n<li>Protection par mot de passe 32 bits pour emp\u00eacher les op\u00e9rations de m\u00e9moire involontaires<\/li>\n<\/ul>\n<div class=\"text-content\">\n<h2 class=\"AnswerParser_AnswerParserH2__SIHnF\">Comprendre les inlays NFC : les bases<\/h2>\n<p><span class=\"AnswerParser_TextContainer__z_Iiv\" data-testid=\"youchat-text\">Les incrustations NFC sont\u00a0<strong>\u00e9tiquettes fines \u00e0 haute fr\u00e9quence<\/strong>\u00a0qui utilisent\u00a0<strong>Technologie RFID<\/strong>\u00a0pour permettre\u00a0<strong>communication sans contact<\/strong>\u00a0entre les appareils. Ces incrustations sont g\u00e9n\u00e9ralement int\u00e9gr\u00e9es dans divers mat\u00e9riaux, notamment du papier, du plastique ou d&#039;autres substrats, ce qui leur permet d&#039;\u00eatre incorpor\u00e9es dans des \u00e9tiquettes, des cartes ou m\u00eame des supports promotionnels. Cette technologie fonctionne sur le principe de l&#039;induction \u00e9lectromagn\u00e9tique, permettant \u00e0 des appareils tels que les smartphones de communiquer avec des \u00e9tiquettes compatibles NFC simplement en \u00e9tant \u00e0 proximit\u00e9.<\/span><span class=\"AnswerParser_TextContainer__z_Iiv\" data-testid=\"youchat-text\">Les principaux composants d\u2019un inlay NFC comprennent un\u00a0<strong>\u00e9br\u00e9cher<\/strong>\u00a0(comme le\u00a0<strong>MIFARE Ultralight EV1<\/strong>\u00a0ou\u00a0<strong>NXP NTAG213<\/strong>) et un\u00a0<strong>antenne<\/strong>Ensemble, ils facilitent l\u2019\u00e9change de donn\u00e9es et le transfert d\u2019\u00e9nergie, faisant des incrustations NFC une solution polyvalente pour une multitude d\u2019applications.<\/span><\/p>\n<h2 class=\"AnswerParser_AnswerParserH2__SIHnF\">Principales caract\u00e9ristiques de l&#039;inlay NFC pour la puce MlFARE Ultralight EV1<\/h2>\n<p><span class=\"AnswerParser_TextContainer__z_Iiv\" data-testid=\"youchat-text\">L\u2019une des caract\u00e9ristiques remarquables des inlays NFC est leur\u00a0<strong>compatibilit\u00e9<\/strong>\u00a0avec diverses normes NFC, notamment\u00a0<strong>ISO 14443<\/strong>\u00a0et\u00a0<strong>ISO 15693<\/strong>. Cela garantit qu&#039;ils peuvent \u00eatre utilis\u00e9s sur une large gamme d&#039;appareils et d&#039;applications.\u00a0<strong>MIFARE Ultralight EV1<\/strong>\u00a0est particuli\u00e8rement remarquable pour sa compatibilit\u00e9 descendante avec les versions pr\u00e9c\u00e9dentes, ce qui en fait un choix flexible pour les entreprises cherchant \u00e0 mettre \u00e0 niveau leurs syst\u00e8mes sans une refonte compl\u00e8te.<\/span><span class=\"AnswerParser_TextContainer__z_Iiv\" data-testid=\"youchat-text\">De plus, les inlays NFC sont souvent dot\u00e9s de fonctionnalit\u00e9s avanc\u00e9es telles que :<\/span><\/p>\n<ul class=\"AnswerParser_AnswerParserUnorderedList__P_1FW\">\n<li class=\"AnswerParser_ListItem__XqLOV\" translate=\"yes\"><strong>Technologie anti-collision<\/strong>:Cela permet \u00e0 plusieurs tags NFC de fonctionner simultan\u00e9ment sans interf\u00e9rence, garantissant ainsi des transactions fluides.<\/li>\n<li class=\"AnswerParser_ListItem__XqLOV\" translate=\"yes\"><strong>Fonctionnalit\u00e9s de s\u00e9curit\u00e9<\/strong>:De nombreux inlays NFC, tels que ceux de\u00a0<strong>Avery Dennison<\/strong>, incluent le cryptage et la protection par mot de passe, offrant une couche de s\u00e9curit\u00e9 suppl\u00e9mentaire contre les acc\u00e8s non autoris\u00e9s.<\/li>\n<li class=\"AnswerParser_ListItem__XqLOV\" translate=\"yes\"><strong>Int\u00e9gration conviviale<\/strong>:Con\u00e7us pour une mise en \u0153uvre rapide, les inlays NFC peuvent \u00eatre int\u00e9gr\u00e9s aux syst\u00e8mes existants avec un minimum d&#039;effort, permettant aux entreprises de rationaliser efficacement leurs op\u00e9rations.<\/li>\n<\/ul>\n<h2 class=\"AnswerParser_AnswerParserH2__SIHnF\">Avantages de l&#039;utilisation de l&#039;inlay NFC pour la puce MlFARE Ultralight EV1<\/h2>\n<p><span class=\"AnswerParser_TextContainer__z_Iiv\" data-testid=\"youchat-text\">Investir dans les inlays NFC offre de nombreux avantages pour les entreprises :<\/span><\/p>\n<ul class=\"AnswerParser_AnswerParserUnorderedList__P_1FW\">\n<li class=\"AnswerParser_ListItem__XqLOV\" translate=\"yes\"><strong>Exp\u00e9rience client am\u00e9lior\u00e9e<\/strong>:La technologie NFC simplifie l&#039;interaction entre les clients et les produits, permettant un acc\u00e8s rapide aux informations ou aux transactions d&#039;un simple toucher de leur smartphone.<\/li>\n<li class=\"AnswerParser_ListItem__XqLOV\" translate=\"yes\"><strong>Des solutions rentables<\/strong>:Les inlays NFC sont g\u00e9n\u00e9ralement plus abordables que les syst\u00e8mes RFID traditionnels, ce qui en fait une option int\u00e9ressante pour les entreprises de toutes tailles.<\/li>\n<li class=\"AnswerParser_ListItem__XqLOV\" translate=\"yes\"><strong>Engagement accru<\/strong>:Avec des capacit\u00e9s de stockage d&#039;URL, d&#039;informations sur les produits ou de contenu promotionnel, les incrustations NFC encouragent les clients \u00e0 s&#039;engager plus profond\u00e9ment avec les marques et les produits.<\/li>\n<\/ul>\n<h2 class=\"AnswerParser_AnswerParserH2__SIHnF\">Applications de la technologie NFC<\/h2>\n<p><span class=\"AnswerParser_TextContainer__z_Iiv\" data-testid=\"youchat-text\">Les inlays NFC deviennent omnipr\u00e9sents dans divers secteurs, notamment :<\/span><\/p>\n<ul class=\"AnswerParser_AnswerParserUnorderedList__P_1FW\">\n<li class=\"AnswerParser_ListItem__XqLOV\" translate=\"yes\"><strong>Vente au d\u00e9tail<\/strong>:Des \u00e9tiquettes intelligentes qui fournissent des informations sur les produits aux programmes de fid\u00e9lit\u00e9 qui r\u00e9compensent les clients d&#039;un simple toucher, les incrustations NFC r\u00e9volutionnent les exp\u00e9riences de vente au d\u00e9tail.<\/li>\n<li class=\"AnswerParser_ListItem__XqLOV\" translate=\"yes\"><strong>Gestion d&#039;\u00e9v\u00e9nements<\/strong>:Les bracelets ou badges NFC permettent une entr\u00e9e transparente aux \u00e9v\u00e9nements, permettant un suivi et une gestion faciles des participants.<\/li>\n<li class=\"AnswerParser_ListItem__XqLOV\" translate=\"yes\"><strong>Emballage intelligent<\/strong>:Les marques utilisent des incrustations NFC dans les emballages pour fournir aux consommateurs du contenu interactif, tel que des recettes ou des instructions d&#039;utilisation des produits.<\/li>\n<\/ul>\n<h2 class=\"AnswerParser_AnswerParserH2__SIHnF\">Comparaison de diff\u00e9rents inlays NFC : NTAG213, NTAG215, NTAG216<\/h2>\n<p><span class=\"AnswerParser_TextContainer__z_Iiv\" data-testid=\"youchat-text\">Lors de la s\u00e9lection d&#039;un inlay NFC, il est essentiel de comprendre les diff\u00e9rences entre les options populaires telles que\u00a0<strong>NTAG213<\/strong>,\u00a0<strong>NTAG215<\/strong>, et\u00a0<strong>NTAG216<\/strong>.<\/span><\/p>\n<div class=\"AnswerParser_TableContainer__Erb6v\" data-testid=\"table-container\">\n<table>\n<thead>\n<tr>\n<th>Fonctionnalit\u00e9<\/th>\n<th>NTAG213<\/th>\n<th>NTAG215<\/th>\n<th>NTAG216<\/th>\n<\/tr>\n<\/thead>\n<tbody>\n<tr>\n<td>Taille de la m\u00e9moire<\/td>\n<td>144 octets<\/td>\n<td>504 octets<\/td>\n<td>888 octets<\/td>\n<\/tr>\n<tr>\n<td>ID utilisateur<\/td>\n<td>7 octets<\/td>\n<td>7 octets<\/td>\n<td>7 octets<\/td>\n<\/tr>\n<tr>\n<td>Plage de lecture<\/td>\n<td>Jusqu&#039;\u00e0 10 cm<\/td>\n<td>Jusqu&#039;\u00e0 10 cm<\/td>\n<td>Jusqu&#039;\u00e0 10 cm<\/td>\n<\/tr>\n<tr>\n<td>Fonctionnalit\u00e9s de s\u00e9curit\u00e9<\/td>\n<td>Basique<\/td>\n<td>Avanc\u00e9<\/td>\n<td>Avanc\u00e9<\/td>\n<\/tr>\n<\/tbody>\n<\/table>\n<\/div>\n<p><span class=\"AnswerParser_TextContainer__z_Iiv\" data-testid=\"youchat-text\">Chacune de ces incrustations poss\u00e8de des caract\u00e9ristiques uniques qui r\u00e9pondent \u00e0 diff\u00e9rents besoins d\u2019application, permettant aux entreprises de s\u00e9lectionner l\u2019option la plus appropri\u00e9e en fonction de leurs besoins.<\/span><\/p>\n<h2 class=\"AnswerParser_AnswerParserH2__SIHnF\">Int\u00e9gration des inlays NFC dans le commerce de d\u00e9tail<\/h2>\n<p><span class=\"AnswerParser_TextContainer__z_Iiv\" data-testid=\"youchat-text\">Les incrustations NFC sont parfaites pour am\u00e9liorer la\u00a0<strong>environnement de vente au d\u00e9tail<\/strong>\u00a0en fournissant des solutions innovantes telles que :<\/span><\/p>\n<ul class=\"AnswerParser_AnswerParserUnorderedList__P_1FW\">\n<li class=\"AnswerParser_ListItem__XqLOV\" translate=\"yes\"><strong>Paiement sans contact<\/strong>:Les clients peuvent effectuer des achats rapidement et en toute s\u00e9curit\u00e9 \u00e0 l\u2019aide de leurs smartphones.<\/li>\n<li class=\"AnswerParser_ListItem__XqLOV\" translate=\"yes\"><strong>Authentification du produit<\/strong>:Les incrustations NFC peuvent fournir un identifiant unique pour chaque produit, contribuant ainsi \u00e0 lutter contre la contrefa\u00e7on et \u00e0 garantir l&#039;authenticit\u00e9.<\/li>\n<li class=\"AnswerParser_ListItem__XqLOV\" translate=\"yes\"><strong>Marketing interactif<\/strong>:L\u2019utilisation de tags NFC dans la publicit\u00e9 peut conduire \u00e0 un engagement accru des clients via des offres promotionnelles ou des informations d\u00e9taill\u00e9es sur les produits.<\/li>\n<\/ul>\n<h2 class=\"AnswerParser_AnswerParserH2__SIHnF\">Caract\u00e9ristiques de s\u00e9curit\u00e9 des inlays NFC<\/h2>\n<p><span class=\"AnswerParser_TextContainer__z_Iiv\" data-testid=\"youchat-text\">La s\u00e9curit\u00e9 est primordiale dans le paysage num\u00e9rique actuel. Les inlays NFC sont \u00e9quip\u00e9s de diverses fonctionnalit\u00e9s de s\u00e9curit\u00e9, notamment :<\/span><\/p>\n<ul class=\"AnswerParser_AnswerParserUnorderedList__P_1FW\">\n<li class=\"AnswerParser_ListItem__XqLOV\" translate=\"yes\"><strong>UID de 7 octets programm\u00e9 par le fabricant<\/strong>:Chaque inlay NFC poss\u00e8de un identifiant unique, garantissant que les transactions sont s\u00e9curis\u00e9es et tra\u00e7ables.<\/li>\n<li class=\"AnswerParser_ListItem__XqLOV\" translate=\"yes\"><strong>Protection par mot de passe 32 bits<\/strong>:Cela emp\u00eache les acc\u00e8s non autoris\u00e9s et les op\u00e9rations de m\u00e9moire involontaires, offrant ainsi aux entreprises une tranquillit\u00e9 d&#039;esprit.<\/li>\n<li class=\"AnswerParser_ListItem__XqLOV\" translate=\"yes\"><strong>Signature d&#039;originalit\u00e9 bas\u00e9e sur ECC<\/strong>:Cela garantit que les produits sont authentiques et non falsifi\u00e9s.<\/li>\n<\/ul>\n<h2 class=\"AnswerParser_AnswerParserH2__SIHnF\">Impact environnemental et durabilit\u00e9<\/h2>\n<p><span class=\"AnswerParser_TextContainer__z_Iiv\" data-testid=\"youchat-text\">Les entreprises accordant de plus en plus d\u2019importance au d\u00e9veloppement durable, les inlays NFC se distinguent comme des solutions respectueuses de l\u2019environnement. De nombreux inlays NFC sont fabriqu\u00e9s \u00e0 partir de mat\u00e9riaux recyclables, ce qui r\u00e9duit les d\u00e9chets et l\u2019impact environnemental. De plus, leur int\u00e9gration dans les syst\u00e8mes existants peut conduire \u00e0 une efficacit\u00e9 am\u00e9lior\u00e9e, contribuant ainsi \u00e0 une approche plus durable des op\u00e9rations commerciales.<\/span><\/p>\n<h2 class=\"AnswerParser_AnswerParserH2__SIHnF\">Avis clients et \u00e9tudes de cas<\/h2>\n<p><span class=\"AnswerParser_TextContainer__z_Iiv\" data-testid=\"youchat-text\">Les retours des clients utilisant des inlays NFC sont extr\u00eamement positifs. Nombre d&#039;entre eux font \u00e9tat d&#039;une satisfaction accrue de la client\u00e8le en raison de la facilit\u00e9 d&#039;utilisation et d&#039;un engagement accru. Par exemple, les entreprises du secteur de la vente au d\u00e9tail ont constat\u00e9 des am\u00e9liorations significatives dans la participation aux programmes de fid\u00e9lit\u00e9 et les indicateurs d&#039;interaction avec les clients apr\u00e8s la mise en \u0153uvre de la technologie NFC.<\/span><\/p>\n<h3 class=\"AnswerParser_AnswerParserH3__Mpe4s\">\u00c9tude de cas : inlays NFC d&#039;Avery Dennison<\/h3>\n<p><span class=\"AnswerParser_TextContainer__z_Iiv\" data-testid=\"youchat-text\">Les inlays NFC d&#039;Avery Dennison ont \u00e9t\u00e9 int\u00e9gr\u00e9s avec succ\u00e8s dans divers environnements de vente au d\u00e9tail, offrant des solutions efficaces pour l&#039;acc\u00e8s aux informations sur les produits et l&#039;interaction avec les clients. Les d\u00e9taillants utilisant les produits Avery Dennison ont signal\u00e9 une augmentation de 30% de l&#039;engagement client et de 20% des ventes lors des campagnes promotionnelles.<\/span><\/p>\n<h2 class=\"AnswerParser_AnswerParserH2__SIHnF\">FAQ sur les inlays NFC<\/h2>\n<p><span class=\"AnswerParser_TextContainer__z_Iiv\" data-testid=\"youchat-text\"><strong>1. Qu&#039;est-ce qu&#039;un inlay NFC ?<\/strong><br \/>\nUn inlay NFC est une \u00e9tiquette fine et sans contact qui utilise la technologie NFC pour permettre la communication entre les appareils. Il se compose g\u00e9n\u00e9ralement d&#039;une puce et d&#039;une antenne, facilitant le transfert de donn\u00e9es et l&#039;\u00e9change d&#039;\u00e9nergie.<\/span><\/p>\n<p><span class=\"AnswerParser_TextContainer__z_Iiv\" data-testid=\"youchat-text\"><strong>2. Comment fonctionnent les inlays NFC ?<\/strong><br \/>\nLes inlays NFC fonctionnent sur le principe de l&#039;induction \u00e9lectromagn\u00e9tique, permettant aux appareils comme les smartphones de communiquer avec les tags lorsqu&#039;ils sont \u00e0 proximit\u00e9.<\/span><\/p>\n<p><span class=\"AnswerParser_TextContainer__z_Iiv\" data-testid=\"youchat-text\"><strong>3. Les inlays NFC sont-ils s\u00e9curis\u00e9s ?<\/strong><br \/>\nOui, de nombreux inlays NFC sont dot\u00e9s de fonctionnalit\u00e9s de s\u00e9curit\u00e9 int\u00e9gr\u00e9es, notamment la protection par mot de passe et le cryptage, garantissant des transactions et un transfert de donn\u00e9es s\u00e9curis\u00e9s.<\/span><\/p>\n<p><span class=\"AnswerParser_TextContainer__z_Iiv\" data-testid=\"youchat-text\"><strong>4. Les inlays NFC peuvent-ils \u00eatre utilis\u00e9s pour les paiements ?<\/strong><br \/>\nAbsolument ! Les inlays NFC sont largement utilis\u00e9s dans les syst\u00e8mes de paiement sans contact, rendant les transactions rapides et s\u00e9curis\u00e9es pour les clients.<\/span><\/p>\n<p><span class=\"AnswerParser_TextContainer__z_Iiv\" data-testid=\"youchat-text\"><strong>5. O\u00f9 puis-je acheter des inlays NFC ?<\/strong><br \/>\nLes inlays NFC peuvent \u00eatre achet\u00e9s aupr\u00e8s de divers fournisseurs, notamment\u00a0<strong>Avery Dennison<\/strong>, et sont disponibles dans diff\u00e9rents types et sp\u00e9cifications pour r\u00e9pondre \u00e0 divers besoins d&#039;application.<\/span><\/p>\n<h3 class=\"AnswerParser_AnswerParserH3__Mpe4s\">Conclusion<\/h3>\n<p><span class=\"AnswerParser_TextContainer__z_Iiv\" data-testid=\"youchat-text\">En conclusion, les inlays NFC sont un produit fiable et \u00e0 la pointe de la technologie qui r\u00e9pond \u00e0 une vari\u00e9t\u00e9 de besoins d&#039;application dans de nombreux secteurs. Avec leur rentabilit\u00e9, leurs fonctionnalit\u00e9s de s\u00e9curit\u00e9 et leur facilit\u00e9 d&#039;int\u00e9gration, investir dans la technologie NFC est un choix judicieux pour les entreprises qui cherchent \u00e0 am\u00e9liorer l&#039;exp\u00e9rience client et \u00e0 rationaliser leurs op\u00e9rations. Pour en savoir plus sur les inlays NFC et d\u00e9couvrir nos recommandations de produits, veuillez remplir le formulaire de demande d\u00e8s aujourd&#039;hui !<\/span><\/p>\n<p>&nbsp;<\/p>\n<\/div>\n<\/div>","protected":false},"excerpt":{"rendered":"<p>Am\u00e9liorez votre exp\u00e9rience de vente au d\u00e9tail avec des incrustations NFC pour des paiements s\u00e9curis\u00e9s, l&#039;authentification des produits et des solutions de marketing interactives.<\/p>","protected":false},"featured_media":2767,"template":"","meta":{"_kad_post_transparent":"default","_kad_post_title":"","_kad_post_layout":"default","_kad_post_sidebar_id":"","_kad_post_content_style":"default","_kad_post_vertical_padding":"default","_kad_post_feature":"","_kad_post_feature_position":"","_kad_post_header":false,"_kad_post_footer":false,"_kad_post_classname":""},"product_brand":[],"product_cat":[189],"product_tag":[322,114,323,108],"class_list":{"0":"post-2766","1":"product","2":"type-product","3":"status-publish","4":"has-post-thumbnail","6":"product_cat-rfid-inlay","7":"product_tag-nfc-inlay-mifare-ultralight-ev1","8":"product_tag-nfc-label","9":"product_tag-nfc-sticker","10":"product_tag-rfid-inlay","12":"first","13":"instock","14":"shipping-taxable","15":"product-type-simple","16":"entry","17":"content-bg","18":"loop-entry"},"_links":{"self":[{"href":"https:\/\/rfid-laundry-tag.com\/fr\/wp-json\/wp\/v2\/product\/2766","targetHints":{"allow":["GET"]}}],"collection":[{"href":"https:\/\/rfid-laundry-tag.com\/fr\/wp-json\/wp\/v2\/product"}],"about":[{"href":"https:\/\/rfid-laundry-tag.com\/fr\/wp-json\/wp\/v2\/types\/product"}],"version-history":[{"count":1,"href":"https:\/\/rfid-laundry-tag.com\/fr\/wp-json\/wp\/v2\/product\/2766\/revisions"}],"predecessor-version":[{"id":2770,"href":"https:\/\/rfid-laundry-tag.com\/fr\/wp-json\/wp\/v2\/product\/2766\/revisions\/2770"}],"wp:featuredmedia":[{"embeddable":true,"href":"https:\/\/rfid-laundry-tag.com\/fr\/wp-json\/wp\/v2\/media\/2767"}],"wp:attachment":[{"href":"https:\/\/rfid-laundry-tag.com\/fr\/wp-json\/wp\/v2\/media?parent=2766"}],"wp:term":[{"taxonomy":"product_brand","embeddable":true,"href":"https:\/\/rfid-laundry-tag.com\/fr\/wp-json\/wp\/v2\/product_brand?post=2766"},{"taxonomy":"product_cat","embeddable":true,"href":"https:\/\/rfid-laundry-tag.com\/fr\/wp-json\/wp\/v2\/product_cat?post=2766"},{"taxonomy":"product_tag","embeddable":true,"href":"https:\/\/rfid-laundry-tag.com\/fr\/wp-json\/wp\/v2\/product_tag?post=2766"}],"curies":[{"name":"wp","href":"https:\/\/api.w.org\/{rel}","templated":true}]}}