{"id":2761,"date":"2024-10-21T16:41:28","date_gmt":"2024-10-21T16:41:28","guid":{"rendered":"https:\/\/rfid-laundry-tag.com\/?post_type=product&#038;p=2761"},"modified":"2024-10-21T16:54:52","modified_gmt":"2024-10-21T16:54:52","slug":"iso15693-i-code-slix-patrol-nfc-tag","status":"publish","type":"product","link":"https:\/\/rfid-laundry-tag.com\/fr\/iso15693-i-code-slix-patrol-nfc-tag\/","title":{"rendered":"\u00c9tiquette NFC patrouille ISO15693 I CODE SLIX"},"content":{"rendered":"<h1>\u00c9tiquette NFC patrouille ISO15693 I CODE SLIX<\/h1>\n<p>Le\u00a0<strong>\u00c9tiquette NFC ICODE SLI X Patrol<\/strong>\u00a0est con\u00e7u pour ceux qui exigent fiabilit\u00e9 et performance dans des environnements difficiles. Cette solution avanc\u00e9e\u00a0<strong>\u00c9tiquette NFC<\/strong>\u00a0est parfait pour les applications de patrouille, permettant une communication transparente avec les appareils compatibles NFC. Con\u00e7u pour r\u00e9sister \u00e0 l&#039;\u00e9preuve du temps et aux conditions difficiles, il offre une incroyable\u00a0<strong>IP65<\/strong>\u00a0Il est certifi\u00e9 CE, garantissant qu&#039;il reste fonctionnel m\u00eame lorsqu&#039;il est expos\u00e9 \u00e0 l&#039;humidit\u00e9 et \u00e0 la poussi\u00e8re. Avec ses options de personnalisation et sa grande durabilit\u00e9, l&#039;ICODE SLI X est un outil essentiel pour le personnel de s\u00e9curit\u00e9, le suivi des actifs et diverses applications industrielles.<\/p>\n<h2 class=\"AnswerParser_AnswerParserH2__SIHnF\">Caract\u00e9ristiques et avantages de l&#039;\u00e9tiquette NFC ICODE SLI X<\/h2>\n<ul class=\"AnswerParser_AnswerParserUnorderedList__P_1FW\">\n<li class=\"AnswerParser_ListItem__XqLOV\" translate=\"yes\"><strong>Construction durable<\/strong>:Fabriqu\u00e9 \u00e0 partir de\u00a0<strong>ABS<\/strong>\u00a0mat\u00e9riau, l&#039;ICODE SLI X est r\u00e9sistant aux dommages physiques et aux facteurs environnementaux.<\/li>\n<li class=\"AnswerParser_ListItem__XqLOV\" translate=\"yes\"><strong>Tailles polyvalentes<\/strong>: Disponible en\u00a0<strong>25 mm, 30 mm et 52 mm<\/strong>\u00a0options de diam\u00e8tre, cette \u00e9tiquette peut \u00eatre personnalis\u00e9e pour r\u00e9pondre \u00e0 des besoins d&#039;application sp\u00e9cifiques.<\/li>\n<li class=\"AnswerParser_ListItem__XqLOV\" translate=\"yes\"><strong>Haute performance<\/strong>: Fonctionnant \u00e0\u00a0<strong>13,56 MHz<\/strong>, la balise offre des performances sup\u00e9rieures en mati\u00e8re de transfert de donn\u00e9es, permettant une communication rapide et fiable.<\/li>\n<\/ul>\n<table class=\"all magic-8\">\n<tbody>\n<tr>\n<td colspan=\"1\" rowspan=\"1\">\n<div class=\"magic-9\" data-spm-anchor-id=\"a2700.details.0.i71.50be21afmO5Aid\">\u00c9br\u00e9cher<\/div>\n<\/td>\n<td colspan=\"1\" rowspan=\"1\">\n<div class=\"magic-10\">ICODE SLI X (personnalis\u00e9)<\/div>\n<\/td>\n<\/tr>\n<tr>\n<td colspan=\"1\" rowspan=\"1\">\n<div class=\"magic-9\">Dimensions<\/div>\n<\/td>\n<td colspan=\"1\" rowspan=\"1\">\n<div class=\"magic-10\" data-spm-anchor-id=\"a2700.details.0.i73.50be21afmO5Aid\">25 mm, 30 mm, 52 mm de diam\u00e8tre (personnalis\u00e9)<\/div>\n<\/td>\n<\/tr>\n<tr>\n<td colspan=\"1\" rowspan=\"1\">\n<div class=\"magic-9\">\u00c9paisseur<\/div>\n<\/td>\n<td colspan=\"1\" rowspan=\"1\">\n<div class=\"magic-10\">3 mm, taille du trou : 5 mm de diam\u00e8tre<\/div>\n<\/td>\n<\/tr>\n<tr>\n<td colspan=\"1\" rowspan=\"1\">\n<div class=\"magic-9\">Mat\u00e9riel<\/div>\n<\/td>\n<td colspan=\"1\" rowspan=\"1\">\n<div class=\"magic-10\">ABS<\/div>\n<\/td>\n<\/tr>\n<tr>\n<td colspan=\"1\" rowspan=\"1\">\n<div class=\"magic-9\">Indice de protection IP<\/div>\n<\/td>\n<td colspan=\"1\" rowspan=\"1\">\n<div class=\"magic-10\">IP 65<\/div>\n<\/td>\n<\/tr>\n<tr>\n<td colspan=\"1\" rowspan=\"1\">\n<div class=\"magic-9\">Temp\u00e9rature d&#039;application<\/div>\n<\/td>\n<td colspan=\"1\" rowspan=\"1\">\n<div class=\"magic-10\">-40~80\u00b0<\/div>\n<\/td>\n<\/tr>\n<tr>\n<td colspan=\"1\" rowspan=\"1\">\n<div class=\"magic-9\">Temp\u00e9rature de fonctionnement<\/div>\n<\/td>\n<td colspan=\"1\" rowspan=\"1\">\n<div class=\"magic-10\" data-spm-anchor-id=\"a2700.details.0.i72.50be21afmO5Aid\">-40~70\u00b0C<\/div>\n<\/td>\n<\/tr>\n<tr>\n<td colspan=\"1\" rowspan=\"1\">\n<div class=\"magic-9\">M\u00e9moire<\/div>\n<\/td>\n<td colspan=\"1\" rowspan=\"1\">\n<div class=\"magic-10\">1K bits (d\u00e9pend de la puce)<\/div>\n<\/td>\n<\/tr>\n<tr>\n<td colspan=\"1\" rowspan=\"1\">\n<div class=\"magic-9\">Gamme de fr\u00e9quences avec les meilleures performances<\/div>\n<\/td>\n<td colspan=\"1\" rowspan=\"1\">\n<div class=\"magic-10\">13,56 MHz<\/div>\n<\/td>\n<\/tr>\n<tr>\n<td colspan=\"1\" rowspan=\"1\">\n<div class=\"magic-9\">La vie en IC<\/div>\n<\/td>\n<td colspan=\"1\" rowspan=\"1\">\n<div class=\"magic-10\">Endurance d&#039;\u00e9criture de 100 000 cyclesR\u00e9tention des dates<\/div>\n<\/td>\n<\/tr>\n<\/tbody>\n<\/table>\n<p>&nbsp;<\/p>\n<h3 class=\"AnswerParser_AnswerParserH3__Mpe4s\">1. Compatibilit\u00e9 et fonctionnalit\u00e9 des balises NFC<\/h3>\n<p><span class=\"AnswerParser_TextContainer__z_Iiv\" data-testid=\"youchat-text\">Le\u00a0<strong>\u00c9tiquette NFC ICODE SLI X<\/strong>\u00a0est compatible avec une large gamme de\u00a0<strong>Appareils compatibles NFC<\/strong>, y compris les smartphones et les tablettes. Cette compatibilit\u00e9 permet aux utilisateurs de\u00a0<strong>lire NFC<\/strong>\u00a0tags utilisant leurs appareils, qu&#039;ils utilisent un\u00a0<strong>iPhone<\/strong>\u00a0ou un\u00a0<strong>Andro\u00efde<\/strong>\u00a0t\u00e9l\u00e9phone. L&#039;int\u00e9gration de\u00a0<strong>Technologie NFC<\/strong>\u00a0signifie que les utilisateurs peuvent rapidement connecter leurs appareils \u00e0 l&#039;\u00e9tiquette pour un acc\u00e8s instantan\u00e9 aux donn\u00e9es, ce qui la rend id\u00e9ale pour les cartes de visite, les syst\u00e8mes d&#039;entr\u00e9e s\u00e9curis\u00e9s ou le partage d&#039;informations.<\/span><span class=\"AnswerParser_TextContainer__z_Iiv\" data-testid=\"youchat-text\">L&#039;\u00e9tiquette est con\u00e7ue pour \u00eatre utilis\u00e9e dans diverses applications, permettant aux entreprises de rationaliser leurs op\u00e9rations et d&#039;am\u00e9liorer la communication. Que vous l&#039;utilisiez dans le cadre d&#039;un\u00a0<strong>syst\u00e8me de patrouille<\/strong>\u00a0ou pour le suivi des actifs, l&#039;ICODE SLI X fournit une solution fiable qui peut s&#039;av\u00e9rer inestimable dans les op\u00e9rations quotidiennes.<\/span><\/p>\n<h3 class=\"AnswerParser_AnswerParserH3__Mpe4s\">2. Performances des \u00e9tiquettes NFC sur m\u00e9tal<\/h3>\n<p><span class=\"AnswerParser_TextContainer__z_Iiv\" data-testid=\"youchat-text\">L\u2019une des caract\u00e9ristiques remarquables de l\u2019ICODE SLI X est sa capacit\u00e9 \u00e0 fonctionner efficacement comme un\u00a0<strong>\u00e9tiquette NFC sur m\u00e9tal<\/strong>Les tags NFC traditionnels ont souvent du mal avec les surfaces m\u00e9talliques en raison des interf\u00e9rences, mais ce tag utilise des\u00a0<strong>technologie anti-m\u00e9tal<\/strong>\u00a0pour garantir des performances fiables. Cela signifie que vous pouvez le fixer en toute s\u00e9curit\u00e9 sur des surfaces m\u00e9talliques sans perte de fonctionnalit\u00e9, ce qui le rend parfait pour les environnements industriels ou les points de contr\u00f4le de s\u00e9curit\u00e9.<\/span><span class=\"AnswerParser_TextContainer__z_Iiv\" data-testid=\"youchat-text\">Lorsqu&#039;il est fix\u00e9 au m\u00e9tal, l&#039;ICODE SLI X maintient une connexion solide avec les appareils NFC, permettant un transfert de donn\u00e9es transparent sans n\u00e9cessiter d&#039;\u00e9quipement suppl\u00e9mentaire. Cette fonctionnalit\u00e9 est particuli\u00e8rement avantageuse pour les entreprises qui cherchent \u00e0 mettre en \u0153uvre\u00a0<strong>solutions sans contact<\/strong>\u00a0dans des environnements difficiles.<\/span><\/p>\n<h3 class=\"AnswerParser_AnswerParserH3__Mpe4s\">3. Options de personnalisation pour diverses applications<\/h3>\n<p><span class=\"AnswerParser_TextContainer__z_Iiv\" data-testid=\"youchat-text\">La personnalisation est essentielle lorsqu&#039;il s&#039;agit de mettre en \u0153uvre la technologie NFC dans divers secteurs. L&#039;ICODE SLI X peut \u00eatre adapt\u00e9 pour r\u00e9pondre \u00e0 des exigences sp\u00e9cifiques, notamment en termes de taille et de capacit\u00e9 de m\u00e9moire. Avec des options pour\u00a0<strong>25 mm, 30 mm et 52 mm<\/strong>\u00a0diam\u00e8tres, les entreprises peuvent choisir la taille parfaite pour leurs besoins.<\/span><span class=\"AnswerParser_TextContainer__z_Iiv\" data-testid=\"youchat-text\">De plus, la capacit\u00e9 de m\u00e9moire peut \u00eatre ajust\u00e9e, permettant de r\u00e9pondre \u00e0 diff\u00e9rents besoins de stockage de donn\u00e9es. Que vous ayez besoin d&#039;un simple\u00a0<strong>Autocollant NFC<\/strong>\u00a0pour une carte de visite ou une solution plus complexe pour le suivi des actifs, l&#039;ICODE SLI X peut \u00eatre personnalis\u00e9 pour offrir la bonne fonctionnalit\u00e9.<\/span><\/p>\n<h3 class=\"AnswerParser_AnswerParserH3__Mpe4s\">4. Conception respectueuse de l&#039;environnement<\/h3>\n<p><span class=\"AnswerParser_TextContainer__z_Iiv\" data-testid=\"youchat-text\">Avec un\u00a0<strong>IP65<\/strong>\u00a0L&#039;\u00e9tiquette ICODE SLI X est con\u00e7ue pour r\u00e9sister \u00e0 l&#039;exposition \u00e0 la poussi\u00e8re et \u00e0 l&#039;humidit\u00e9, ce qui la rend adapt\u00e9e \u00e0 une utilisation en ext\u00e9rieur et dans l&#039;industrie. L&#039;\u00e9tiquette peut fonctionner \u00e0 des temp\u00e9ratures allant de\u00a0<strong>-40\u00b0C \u00e0 80\u00b0C<\/strong>, garantissant des performances constantes dans des conditions extr\u00eames.<\/span><span class=\"AnswerParser_TextContainer__z_Iiv\" data-testid=\"youchat-text\">Cette robustesse signifie que les entreprises peuvent compter sur l&#039;ICODE SLI X pour\u00a0<strong>utilisation \u00e0 long terme<\/strong>, r\u00e9duisant ainsi le besoin de remplacements fr\u00e9quents et, en fin de compte, permettant de r\u00e9aliser des \u00e9conomies. La durabilit\u00e9 de l&#039;\u00e9tiquette lui permet de survivre dans les environnements les plus difficiles, ce qui en fait un investissement judicieux pour toute op\u00e9ration.<\/span><\/p>\n<h3 class=\"AnswerParser_AnswerParserH3__Mpe4s\">5. Installation et utilisation faciles<\/h3>\n<p><span class=\"AnswerParser_TextContainer__z_Iiv\" data-testid=\"youchat-text\">L&#039;installation de l&#039;ICODE SLI X est simple, gr\u00e2ce \u00e0 sa conception dot\u00e9e d&#039;un\u00a0<strong>trou de vis<\/strong>\u00a0pour une fixation s\u00fbre. Que vous choisissiez de le coller avec un\u00a0<strong>adh\u00e9sif NFC<\/strong>\u00a0en le soutenant ou en le vissant en place, le processus d&#039;installation est simple et efficace.<\/span><span class=\"AnswerParser_TextContainer__z_Iiv\" data-testid=\"youchat-text\">Une fois install\u00e9e, l&#039;utilisation de la balise est tout aussi simple. Les utilisateurs peuvent simplement\u00a0<strong>appuyez sur l&#039;\u00e9tiquette<\/strong>\u00a0avec leur\u00a0<strong>T\u00e9l\u00e9phone compatible NFC<\/strong>\u00a0pour acc\u00e9der aux informations ou ex\u00e9cuter des commandes. Cette facilit\u00e9 d&#039;utilisation fait de l&#039;ICODE SLI X un choix id\u00e9al pour les entreprises qui cherchent \u00e0 mettre en \u0153uvre\u00a0<strong>communication sans fil<\/strong>\u00a0sans les complexit\u00e9s des syst\u00e8mes traditionnels.<\/span><\/p>\n<h3 class=\"AnswerParser_AnswerParserH3__Mpe4s\">6. FAQ sur la balise NFC ICODE SLI X<\/h3>\n<p><span class=\"AnswerParser_TextContainer__z_Iiv\" data-testid=\"youchat-text\"><strong>Q\u00a0:\u00a0Le ICODE SLI X peut-il \u00eatre utilis\u00e9 pour les paiements sans contact\u00a0?<\/strong><br \/>\nR : Bien que l&#039;ICODE SLI X soit con\u00e7u pour le transfert et la communication de donn\u00e9es, il peut \u00eatre int\u00e9gr\u00e9 dans des syst\u00e8mes prenant en charge les paiements sans contact, mais il ne s&#039;agit pas d&#039;un appareil de traitement des paiements \u00e0 part enti\u00e8re.<\/span><\/p>\n<p><span class=\"AnswerParser_TextContainer__z_Iiv\" data-testid=\"youchat-text\"><strong>Q\u00a0:\u00a0L&#039;ICODE SLI X est-il \u00e9tanche\u00a0?<\/strong><br \/>\nR : L&#039;ICODE SLI X est class\u00e9 IP65, ce qui le rend r\u00e9sistant \u00e0 la poussi\u00e8re et aux \u00e9claboussures d&#039;eau, mais pas totalement \u00e9tanche. Il est adapt\u00e9 \u00e0 une utilisation en ext\u00e9rieur dans diverses conditions m\u00e9t\u00e9orologiques.<\/span><\/p>\n<p><span class=\"AnswerParser_TextContainer__z_Iiv\" data-testid=\"youchat-text\"><strong>Q : Quelle est la dur\u00e9e de vie de la batterie ?<\/strong><br \/>\nR : Les tags NFC comme l&#039;ICODE SLI X n&#039;ont pas de batterie ; ils tirent leur \u00e9nergie de l&#039;appareil compatible NFC lorsqu&#039;ils sont touch\u00e9s, garantissant ainsi une fonctionnalit\u00e9 durable avec un minimum de maintenance.<\/span><\/p>","protected":false},"excerpt":{"rendered":"<p>Le <strong>\u00c9tiquette NFC ICODE SLI X Patrol<\/strong> se distingue comme une solution RFID fiable et polyvalente pour les besoins de communication sur m\u00e9tal en service et en patrouille.<\/p>","protected":false},"featured_media":2763,"template":"","meta":{"_kad_post_transparent":"default","_kad_post_title":"","_kad_post_layout":"default","_kad_post_sidebar_id":"","_kad_post_content_style":"default","_kad_post_vertical_padding":"default","_kad_post_feature":"","_kad_post_feature_position":"","_kad_post_header":false,"_kad_post_footer":false,"_kad_post_classname":""},"product_brand":[],"product_cat":[54],"product_tag":[133,320,321],"class_list":{"0":"post-2761","1":"product","2":"type-product","3":"status-publish","4":"has-post-thumbnail","6":"product_cat-hot-selling-rfid-tags","7":"product_tag-i-code-slix-nfc-tag","8":"product_tag-iso15693-nfc-tag","9":"product_tag-patrol-nfc-tag","11":"first","12":"instock","13":"shipping-taxable","14":"product-type-simple","15":"entry","16":"content-bg","17":"loop-entry"},"_links":{"self":[{"href":"https:\/\/rfid-laundry-tag.com\/fr\/wp-json\/wp\/v2\/product\/2761","targetHints":{"allow":["GET"]}}],"collection":[{"href":"https:\/\/rfid-laundry-tag.com\/fr\/wp-json\/wp\/v2\/product"}],"about":[{"href":"https:\/\/rfid-laundry-tag.com\/fr\/wp-json\/wp\/v2\/types\/product"}],"version-history":[{"count":1,"href":"https:\/\/rfid-laundry-tag.com\/fr\/wp-json\/wp\/v2\/product\/2761\/revisions"}],"predecessor-version":[{"id":2765,"href":"https:\/\/rfid-laundry-tag.com\/fr\/wp-json\/wp\/v2\/product\/2761\/revisions\/2765"}],"wp:featuredmedia":[{"embeddable":true,"href":"https:\/\/rfid-laundry-tag.com\/fr\/wp-json\/wp\/v2\/media\/2763"}],"wp:attachment":[{"href":"https:\/\/rfid-laundry-tag.com\/fr\/wp-json\/wp\/v2\/media?parent=2761"}],"wp:term":[{"taxonomy":"product_brand","embeddable":true,"href":"https:\/\/rfid-laundry-tag.com\/fr\/wp-json\/wp\/v2\/product_brand?post=2761"},{"taxonomy":"product_cat","embeddable":true,"href":"https:\/\/rfid-laundry-tag.com\/fr\/wp-json\/wp\/v2\/product_cat?post=2761"},{"taxonomy":"product_tag","embeddable":true,"href":"https:\/\/rfid-laundry-tag.com\/fr\/wp-json\/wp\/v2\/product_tag?post=2761"}],"curies":[{"name":"wp","href":"https:\/\/api.w.org\/{rel}","templated":true}]}}