{"id":2742,"date":"2024-10-11T16:12:50","date_gmt":"2024-10-11T16:12:50","guid":{"rendered":"https:\/\/rfid-laundry-tag.com\/?post_type=product&#038;p=2742"},"modified":"2024-10-29T14:33:03","modified_gmt":"2024-10-29T14:33:03","slug":"epoxy-menu-nfc-tags","status":"publish","type":"product","link":"https:\/\/rfid-laundry-tag.com\/fr\/epoxy-menu-nfc-tags\/","title":{"rendered":"\u00c9tiquettes NFC pour menu \u00e9poxy"},"content":{"rendered":"<p><span class=\"AnswerParser_TextContainer__z_Iiv\" data-testid=\"youchat-text\"><strong>\u00c9tiquettes NFC pour menu \u00e9poxy<\/strong>\u00a0Les technologies de pointe NFC et QR code transforment la fa\u00e7on dont les clients interagissent avec les menus. Ces \u00e9tiquettes innovantes permettent aux clients de parcourir et de commander rapidement directement depuis leur smartphone, am\u00e9liorant ainsi leur exp\u00e9rience culinaire tout en rationalisant les op\u00e9rations des restaurants, caf\u00e9s et bars. Avec des designs personnalisables et des fonctionnalit\u00e9s robustes, ces \u00e9tiquettes sont indispensables pour tout \u00e9tablissement moderne.<\/span><\/p>\n<h2 class=\"AnswerParser_AnswerParserH2__SIHnF\">Aper\u00e7u du produit<\/h2>\n<h3 class=\"AnswerParser_AnswerParserH3__Mpe4s\">1. Que sont les tags NFC Epoxy Menu ?<\/h3>\n<p><span class=\"AnswerParser_TextContainer__z_Iiv\" data-testid=\"youchat-text\">Les \u00e9tiquettes NFC pour menus \u00e9poxy sont des outils num\u00e9riques avanc\u00e9s con\u00e7us pour faciliter l&#039;acc\u00e8s aux menus et la commande en toute transparence. Fabriqu\u00e9es \u00e0 partir de mat\u00e9riaux durables comme le PVC et \u00e9quip\u00e9es de puces NFC, ces \u00e9tiquettes peuvent \u00eatre personnalis\u00e9es avec des logos, des num\u00e9ros de s\u00e9rie et m\u00eame des codes QR dynamiques. Leur surface adh\u00e9sive \u00e9poxy assure long\u00e9vit\u00e9 et r\u00e9silience, ce qui les rend adapt\u00e9es \u00e0 divers environnements.<\/span><\/p>\n<h3 class=\"AnswerParser_AnswerParserH3__Mpe4s\">2. Principales caract\u00e9ristiques des \u00e9tiquettes NFC de menu \u00e9poxy<\/h3>\n<ul class=\"AnswerParser_AnswerParserUnorderedList__P_1FW\">\n<li class=\"AnswerParser_ListItem__XqLOV\" translate=\"yes\"><strong>Durabilit\u00e9<\/strong>:La surface en r\u00e9sine \u00e9poxy offre une protection exceptionnelle contre l&#039;huile, l&#039;eau, les rayures et les rayons UV, garantissant que les \u00e9tiquettes restent fonctionnelles et visuellement attrayantes au fil du temps.<\/li>\n<li class=\"AnswerParser_ListItem__XqLOV\" translate=\"yes\"><strong>Versatilit\u00e9<\/strong>:Avec des tailles disponibles en ronde (\u042460 mm, \u042475 mm, \u0424100 mm) et carr\u00e9e (80x80 mm), ces \u00e9tiquettes peuvent \u00eatre adapt\u00e9es pour s&#039;adapter \u00e0 n&#039;importe quelle esth\u00e9tique de conception ou exigence de marque.<\/li>\n<li class=\"AnswerParser_ListItem__XqLOV\" translate=\"yes\"><strong>Compatibilit\u00e9<\/strong>:La couche anti-m\u00e9tal permet \u00e0 ces \u00e9tiquettes de fonctionner efficacement sur des surfaces m\u00e9talliques et non m\u00e9talliques, ce qui les rend id\u00e9ales pour diverses applications.<\/li>\n<\/ul>\n<h3 class=\"AnswerParser_AnswerParserH3__Mpe4s\">3. Sp\u00e9cifications techniques<\/h3>\n<table class=\"has-title all magic-15\">\n<tbody>\n<tr>\n<td colspan=\"1\" rowspan=\"1\">\n<div class=\"magic-16\" data-spm-anchor-id=\"a2700.details.0.i39.7beebf0eKrXqHT\"><span class=\"magic-17\">Article<\/span><\/div>\n<\/td>\n<td colspan=\"1\" rowspan=\"1\">\n<div class=\"magic-18\"><span class=\"magic-17\">\u00c9tiquettes NFC pour menu \u00e9poxy <\/span><\/div>\n<\/td>\n<\/tr>\n<tr>\n<td colspan=\"1\" rowspan=\"1\">\n<div class=\"magic-16\"><span class=\"magic-17\">Caract\u00e9ristiques sp\u00e9ciales<\/span><\/div>\n<\/td>\n<td colspan=\"1\" rowspan=\"1\">\n<div class=\"magic-18\"><span class=\"magic-17\">Imperm\u00e9able \/ R\u00e9sistant aux intemp\u00e9ries<\/span><\/div>\n<\/td>\n<\/tr>\n<tr>\n<td colspan=\"1\" rowspan=\"1\">\n<div class=\"magic-16\"><span class=\"magic-17\">Interface de communication<\/span><\/div>\n<\/td>\n<td colspan=\"1\" rowspan=\"1\">\n<div class=\"magic-18\"><span class=\"magic-17\">NFC<\/span><\/div>\n<\/td>\n<\/tr>\n<tr>\n<td colspan=\"1\" rowspan=\"1\">\n<div class=\"magic-16\"><span class=\"magic-17\">Fr\u00e9quence<\/span><\/div>\n<\/td>\n<td colspan=\"1\" rowspan=\"1\">\n<div class=\"magic-18\"><span class=\"magic-17\">13,56 MHz<\/span><\/div>\n<\/td>\n<\/tr>\n<tr>\n<td colspan=\"1\" rowspan=\"1\">\n<div class=\"magic-16\"><span class=\"magic-17\">Mat\u00e9riel<\/span><\/div>\n<\/td>\n<td colspan=\"1\" rowspan=\"1\">\n<div class=\"magic-18\">\u00c9poxy + PET\/PVC + incrustation NFC + couche anti-m\u00e9tal + adh\u00e9sif 3M<\/div>\n<\/td>\n<\/tr>\n<tr>\n<td colspan=\"1\" rowspan=\"1\">\n<div class=\"magic-16\">Taille<\/div>\n<\/td>\n<td colspan=\"1\" rowspan=\"1\">\n<div class=\"magic-18\">Rond : \u042460mm, \u042475mm, \u0424100mm ; Carr\u00e9 : 80x80mm ou personnalis\u00e9<\/div>\n<\/td>\n<\/tr>\n<tr>\n<td colspan=\"1\" rowspan=\"1\">\n<div class=\"magic-16\"><span class=\"magic-17\">Protocole<\/span><\/div>\n<\/td>\n<td colspan=\"1\" rowspan=\"1\">\n<div class=\"magic-18\"><span class=\"magic-17\">ISO 14443A<\/span><\/div>\n<\/td>\n<\/tr>\n<tr>\n<td colspan=\"1\" rowspan=\"1\">\n<div class=\"magic-16\"><span class=\"magic-17\">\u00c9br\u00e9cher<\/span><\/div>\n<\/td>\n<td colspan=\"1\" rowspan=\"1\">\n<div class=\"magic-18\">NTAG213, NTAG215, NTAG216 (autres puces disponibles)<\/div>\n<\/td>\n<\/tr>\n<tr>\n<td colspan=\"1\" rowspan=\"1\">\n<div class=\"magic-16\"><span class=\"magic-17\">M\u00e9moire<\/span><\/div>\n<\/td>\n<td colspan=\"1\" rowspan=\"1\">\n<div class=\"magic-18\"><span class=\"magic-17\">144 octets, 504 octets, 888 octets, etc.<\/span><\/div>\n<\/td>\n<\/tr>\n<tr>\n<td colspan=\"1\" rowspan=\"1\">\n<div class=\"magic-16\"><span class=\"magic-17\">Distance de lecture<\/span><\/div>\n<\/td>\n<td colspan=\"1\" rowspan=\"1\">\n<div class=\"magic-18\"><span class=\"magic-17\">3 \u00e0 15 cm selon la taille du lecteur et de l&#039;\u00e9tiquette<\/span><\/div>\n<\/td>\n<\/tr>\n<tr>\n<td colspan=\"1\" rowspan=\"1\">\n<div class=\"magic-16\"><span class=\"magic-17\">Impression<\/span><\/div>\n<\/td>\n<td colspan=\"1\" rowspan=\"1\">\n<div class=\"magic-18\"><span class=\"magic-17\">Impression\/Offset\/S\u00e9rigraphie CMJN 4C<\/span><\/div>\n<\/td>\n<\/tr>\n<tr>\n<td colspan=\"1\" rowspan=\"1\">\n<div class=\"magic-16\"><span class=\"magic-17\">Artisanat<\/span><\/div>\n<\/td>\n<td colspan=\"1\" rowspan=\"1\">\n<div class=\"magic-18\"><span class=\"magic-17\">Code laser\\Encre UV\\Num\u00e9ro de s\u00e9rie\\Gaufrage\\Impression thermique<\/span><\/div>\n<\/td>\n<\/tr>\n<tr>\n<td colspan=\"1\" rowspan=\"1\">\n<div class=\"magic-16\"><span class=\"magic-17\">Surface<\/span><\/div>\n<\/td>\n<td colspan=\"1\" rowspan=\"1\">\n<div class=\"magic-18\"><span class=\"magic-17\">Brillant \/ Mat \/ Givr\u00e9 \/ Transparent<\/span><\/div>\n<\/td>\n<\/tr>\n<tr>\n<td colspan=\"1\" rowspan=\"1\">\n<div class=\"magic-16\"><span class=\"magic-17\">Fonction<\/span><\/div>\n<\/td>\n<td colspan=\"1\" rowspan=\"1\">\n<div class=\"magic-18\"><span class=\"magic-17\" data-spm-anchor-id=\"a2700.details.0.i40.7beebf0eKrXqHT\">M\u00e9dias sociaux NFC, gestion logistique, gestion d&#039;actifs, gestion de la cha\u00eene d&#039;approvisionnement, gestion des v\u00e9hicules, contr\u00f4le de la production, gestion d&#039;entrep\u00f4t, gestion de produits, v\u00e9rification de produits, suivi des actifs, suivi de la manutention des bagages, gestion des stocks, paiement, bracelet, etc. Laminage, surface d&#039;impression fiable et lisse.<\/span><\/div>\n<\/td>\n<\/tr>\n<tr>\n<td colspan=\"1\" rowspan=\"1\">\n<div class=\"magic-16\"><span class=\"magic-17\">Poids de carte de taille standard<\/span><\/div>\n<\/td>\n<td colspan=\"1\" rowspan=\"1\">\n<div class=\"magic-18\"><span class=\"magic-17\">120*120*4mm 0,058KG\/PCS\u00a0 \u00a0<\/span><\/p>\n<div data-spm-anchor-id=\"a2700.pc-decorate.0.i47.51c0333312LtHT\"><span class=\"magic-17\">Chaque paquet d&#039;autocollants avec un sac transparent Opp,\u00a0\u00a0<\/span><\/div>\n<div data-spm-anchor-id=\"a2700.pc-decorate.0.i114.51c0333312LtHT\"><span class=\"magic-17\">320 pi\u00e8ces\/dessin anim\u00e9<\/span><\/div>\n<\/div>\n<\/td>\n<\/tr>\n<\/tbody>\n<\/table>\n<h3 class=\"AnswerParser_AnswerParserH3__Mpe4s\">4. Options de personnalisation<\/h3>\n<p><span class=\"AnswerParser_TextContainer__z_Iiv\" data-testid=\"youchat-text\">L&#039;une des caract\u00e9ristiques les plus remarquables des \u00e9tiquettes NFC Epoxy Menu est leur capacit\u00e9 de personnalisation. Les entreprises peuvent imprimer leurs logos, leurs identifiants uniques et m\u00eame des codes QR dynamiques qui renvoient \u00e0 des promotions ou des menus sp\u00e9cifiques. Ce niveau de personnalisation am\u00e9liore non seulement la visibilit\u00e9 de la marque, mais engage \u00e9galement les clients d&#039;une mani\u00e8re unique.<\/span><\/p>\n<h3 class=\"AnswerParser_AnswerParserH3__Mpe4s\">5. Applications dans le secteur de l&#039;h\u00f4tellerie<\/h3>\n<p><span class=\"AnswerParser_TextContainer__z_Iiv\" data-testid=\"youchat-text\">Les \u00e9tiquettes NFC Epoxy Menu sont parfaites pour diverses applications, notamment\u00a0:<\/span><\/p>\n<ul class=\"AnswerParser_AnswerParserUnorderedList__P_1FW\">\n<li class=\"AnswerParser_ListItem__XqLOV\" translate=\"yes\"><strong>Menus num\u00e9riques<\/strong>:Les clients peuvent acc\u00e9der au menu en appuyant simplement leur smartphone contre l&#039;\u00e9tiquette ou en scannant le code QR, r\u00e9duisant ainsi le besoin de menus physiques.<\/li>\n<li class=\"AnswerParser_ListItem__XqLOV\" translate=\"yes\"><strong>Paiement rapide<\/strong>:Rationalisez le processus de paiement en int\u00e9grant des liens de paiement directement dans les tags NFC.<\/li>\n<li class=\"AnswerParser_ListItem__XqLOV\" translate=\"yes\"><strong>Liens vers les r\u00e9seaux sociaux<\/strong>:Encouragez les clients \u00e0 partager leurs exp\u00e9riences en cr\u00e9ant des liens vers des pages de m\u00e9dias sociaux ou des plateformes d\u2019\u00e9valuation.<\/li>\n<\/ul>\n<h3 class=\"AnswerParser_AnswerParserH3__Mpe4s\">6. Impact environnemental<\/h3>\n<p><span class=\"AnswerParser_TextContainer__z_Iiv\" data-testid=\"youchat-text\">L&#039;utilisation d&#039;\u00e9tiquettes NFC pour menus en \u00e9poxy peut r\u00e9duire consid\u00e9rablement le gaspillage de papier associ\u00e9 aux menus traditionnels. En optant pour des solutions num\u00e9riques, les entreprises contribuent \u00e0 la durabilit\u00e9 environnementale tout en am\u00e9liorant le confort des clients.<\/span><\/p>\n<h3 class=\"AnswerParser_AnswerParserH3__Mpe4s\">7. Avis et commentaires des clients<\/h3>\n<p><span class=\"AnswerParser_TextContainer__z_Iiv\" data-testid=\"youchat-text\">Les clients ont fait l&#039;\u00e9loge du\u00a0<strong>\u00c9tiquettes NFC pour menu \u00e9poxy<\/strong>\u00a0pour leur durabilit\u00e9 et leur facilit\u00e9 d&#039;utilisation. De nombreux clients ont remarqu\u00e9 que les \u00e9tiquettes ont am\u00e9lior\u00e9 leur exp\u00e9rience culinaire en offrant un acc\u00e8s rapide aux menus et en r\u00e9duisant les temps d&#039;attente. La possibilit\u00e9 de mettre \u00e0 jour les \u00e9l\u00e9ments du menu en temps r\u00e9el a \u00e9galement \u00e9t\u00e9 soulign\u00e9e comme un avantage significatif.<\/span><\/p>\n<h3 class=\"AnswerParser_AnswerParserH3__Mpe4s\">8. FAQ<\/h3>\n<p><span class=\"AnswerParser_TextContainer__z_Iiv\" data-testid=\"youchat-text\"><strong>Q\u00a0: Comment installer les tags NFC du menu Epoxy\u00a0?<\/strong><br \/>\nR : D\u00e9collez simplement le support de l&#039;adh\u00e9sif 3M et collez l&#039;\u00e9tiquette sur une surface propre et s\u00e8che. Assurez-vous qu&#039;elle est plac\u00e9e \u00e0 un endroit o\u00f9 les clients peuvent facilement y acc\u00e9der.<\/span><span class=\"AnswerParser_TextContainer__z_Iiv\" data-testid=\"youchat-text\"><strong>Q\u00a0:\u00a0Puis-je mettre \u00e0 jour les informations sur les tags NFC\u00a0?<\/strong><br \/>\nR : Oui ! Les informations peuvent \u00eatre mises \u00e0 jour \u00e0 tout moment, ce qui vous permet de maintenir votre menu \u00e0 jour sans avoir besoin de nouvelles balises.<\/span><span class=\"AnswerParser_TextContainer__z_Iiv\" data-testid=\"youchat-text\"><strong>Q : Quelle est la quantit\u00e9 minimum de commande ?<\/strong><br \/>\nR : La quantit\u00e9 minimum de commande est de 100 pi\u00e8ces, avec de meilleurs prix disponibles pour les commandes de 500 pi\u00e8ces ou plus.<\/span><\/p>\n<h3 class=\"AnswerParser_AnswerParserH3__Mpe4s\">9. Pourquoi choisir les \u00e9tiquettes NFC de menu \u00e9poxy ?<\/h3>\n<p><span class=\"AnswerParser_TextContainer__z_Iiv\" data-testid=\"youchat-text\">Investir dans\u00a0<strong>\u00c9tiquettes NFC pour menu \u00e9poxy<\/strong>\u00a0signifie investir dans un avenir o\u00f9 l&#039;exp\u00e9rience client est prioritaire. Ces \u00e9tiquettes am\u00e9liorent non seulement l&#039;efficacit\u00e9 op\u00e9rationnelle, mais apportent \u00e9galement une touche de modernit\u00e9 aux exp\u00e9riences culinaires traditionnelles. Avec leurs fonctionnalit\u00e9s robustes et leurs options personnalisables, elles constituent un outil essentiel pour tout \u00e9tablissement cherchant \u00e0 garder une longueur d&#039;avance sur le march\u00e9 concurrentiel de l&#039;h\u00f4tellerie.<\/span><\/p>\n<h3 class=\"AnswerParser_AnswerParserH3__Mpe4s\">10. Commencez d\u00e8s aujourd\u2019hui\u00a0!<\/h3>\n<p><span class=\"AnswerParser_TextContainer__z_Iiv\" data-testid=\"youchat-text\">Pr\u00eat \u00e0 rehausser votre exp\u00e9rience culinaire ?\u00a0<strong>Contactez-nous aujourd&#039;hui<\/strong>\u00a0pour demander un \u00e9chantillon gratuit de nos \u00e9tiquettes NFC pour menus en \u00e9poxy et constater par vous-m\u00eame la diff\u00e9rence. Gr\u00e2ce \u00e0 notre engagement envers la qualit\u00e9 et la satisfaction du client, nous sommes l\u00e0 pour vous aider \u00e0 chaque \u00e9tape du processus.<\/span><\/p>","protected":false},"excerpt":{"rendered":"<p>R\u00e9novez votre salle \u00e0 manger avec les \u00e9tiquettes NFC Epoxy Menu ! Permettant un acc\u00e8s rapide au menu et aux commandes via les smartphones, am\u00e9liorant ainsi l&#039;exp\u00e9rience client et optimisant les op\u00e9rations du restaurant.<\/p>","protected":false},"featured_media":2800,"template":"","meta":{"_kad_post_transparent":"default","_kad_post_title":"","_kad_post_layout":"default","_kad_post_sidebar_id":"","_kad_post_content_style":"default","_kad_post_vertical_padding":"default","_kad_post_feature":"","_kad_post_feature_position":"","_kad_post_header":false,"_kad_post_footer":false,"_kad_post_classname":""},"product_brand":[],"product_cat":[54],"product_tag":[277,333,217,332,331],"class_list":{"0":"post-2742","1":"product","2":"type-product","3":"status-publish","4":"has-post-thumbnail","6":"product_cat-hot-selling-rfid-tags","7":"product_tag-menu-nfc-tags","8":"product_tag-nfc-epoxy-sticker","9":"product_tag-nfc-tags","10":"product_tag-restaurant-desk-nfc-menu-tag","11":"product_tag-table-nfc-tags","13":"first","14":"instock","15":"shipping-taxable","16":"product-type-simple","17":"entry","18":"content-bg","19":"loop-entry"},"_links":{"self":[{"href":"https:\/\/rfid-laundry-tag.com\/fr\/wp-json\/wp\/v2\/product\/2742","targetHints":{"allow":["GET"]}}],"collection":[{"href":"https:\/\/rfid-laundry-tag.com\/fr\/wp-json\/wp\/v2\/product"}],"about":[{"href":"https:\/\/rfid-laundry-tag.com\/fr\/wp-json\/wp\/v2\/types\/product"}],"version-history":[{"count":1,"href":"https:\/\/rfid-laundry-tag.com\/fr\/wp-json\/wp\/v2\/product\/2742\/revisions"}],"predecessor-version":[{"id":2801,"href":"https:\/\/rfid-laundry-tag.com\/fr\/wp-json\/wp\/v2\/product\/2742\/revisions\/2801"}],"wp:featuredmedia":[{"embeddable":true,"href":"https:\/\/rfid-laundry-tag.com\/fr\/wp-json\/wp\/v2\/media\/2800"}],"wp:attachment":[{"href":"https:\/\/rfid-laundry-tag.com\/fr\/wp-json\/wp\/v2\/media?parent=2742"}],"wp:term":[{"taxonomy":"product_brand","embeddable":true,"href":"https:\/\/rfid-laundry-tag.com\/fr\/wp-json\/wp\/v2\/product_brand?post=2742"},{"taxonomy":"product_cat","embeddable":true,"href":"https:\/\/rfid-laundry-tag.com\/fr\/wp-json\/wp\/v2\/product_cat?post=2742"},{"taxonomy":"product_tag","embeddable":true,"href":"https:\/\/rfid-laundry-tag.com\/fr\/wp-json\/wp\/v2\/product_tag?post=2742"}],"curies":[{"name":"wp","href":"https:\/\/api.w.org\/{rel}","templated":true}]}}