{"id":2714,"date":"2024-09-28T14:57:16","date_gmt":"2024-09-28T14:57:16","guid":{"rendered":"https:\/\/rfid-laundry-tag.com\/?post_type=product&#038;p=2714"},"modified":"2024-09-28T15:13:47","modified_gmt":"2024-09-28T15:13:47","slug":"custom-laundry-rfid-tag","status":"publish","type":"product","link":"https:\/\/rfid-laundry-tag.com\/fr\/custom-laundry-rfid-tag\/","title":{"rendered":"\u00c9tiquette RFID de blanchisserie personnalis\u00e9e"},"content":{"rendered":"<div>\n<div class=\"auto-hide-last-sibling-br paragraph_1252f paragraph-element\">\n<table width=\"637\">\n<tbody>\n<tr>\n<td width=\"328\">Nom de l&#039;article:<\/td>\n<td width=\"309\"><strong>\u00c9tiquette RFID de blanchisserie personnalis\u00e9e<\/strong><\/td>\n<\/tr>\n<tr>\n<td width=\"328\">Norme RFID\u00a0:<\/td>\n<td width=\"309\">ISO\/IEC 18000-6 TypeC (EPC Gen2)<\/td>\n<\/tr>\n<tr>\n<td width=\"328\">Taille poids:<\/td>\n<td width=\"309\">70 \u00d7 15 mm, 0,6 g<\/td>\n<\/tr>\n<tr>\n<td width=\"328\">Type de puce\u00a0:<\/td>\n<td width=\"309\">Impinj Monza 4QT, NXP U CODE 8, NXP U CODE 9<\/td>\n<\/tr>\n<tr>\n<td width=\"328\">M\u00e9moire CPE\u00a0:<\/td>\n<td width=\"309\">128 bits<\/td>\n<\/tr>\n<tr>\n<td width=\"328\">M\u00e9moire utilisateur\u00a0:<\/td>\n<td width=\"309\">512 bits<\/td>\n<\/tr>\n<tr>\n<td width=\"328\">Plage de lecture (2 W ERP FCC)\u00a0:<\/td>\n<td width=\"309\">8m<\/td>\n<\/tr>\n<tr>\n<td width=\"328\">Plage de lecture (ERP ETSI 2 W)\u00a0:<\/td>\n<td width=\"309\">8m<\/td>\n<\/tr>\n<tr>\n<td width=\"328\">Marquage\u00a0:<\/td>\n<td width=\"309\">Couture, adh\u00e9sif de marquage \u00e0 chaud<\/td>\n<\/tr>\n<tr>\n<td width=\"328\">Dur\u00e9e de vie estim\u00e9e\u00a0:<\/td>\n<td width=\"309\">200 cycles de lavage ou 3 ans, selon la premi\u00e8re \u00e9ventualit\u00e9<\/td>\n<\/tr>\n<tr>\n<td width=\"328\">M\u00e9thode de lavage\u00a0:<\/td>\n<td width=\"309\">Blanchisserie, Nettoyage \u00e0 sec<\/td>\n<\/tr>\n<tr>\n<td width=\"328\">Pression d&#039;extraction d&#039;eau\u00a0:<\/td>\n<td width=\"309\">60 barres<\/td>\n<\/tr>\n<tr>\n<td width=\"328\">R\u00e9sistance \u00e0 l&#039;eau:<\/td>\n<td width=\"309\">R\u00e9sistant \u00e0 l&#039;eau<\/td>\n<\/tr>\n<tr>\n<td width=\"328\">R\u00e9sistance chimique:<\/td>\n<td width=\"309\">D\u00e9tergent, adoucissant, agent de blanchiment (oxyg\u00e8ne\/chlore), alcalin<\/td>\n<\/tr>\n<tr>\n<td width=\"328\">Pr\u00e9-s\u00e9chage au Tumbler :<\/td>\n<td width=\"309\">125 \u00baC pendant 15-20 minutes<\/td>\n<\/tr>\n<tr>\n<td width=\"328\">Temp\u00e9rature de st\u00e9rilisation\u00a0:<\/td>\n<td width=\"309\">135\u00b0C pendant 15-20 minutes<\/td>\n<\/tr>\n<tr>\n<td width=\"328\">Temp\u00e9rature de lavage\u00a0:<\/td>\n<td width=\"309\">90\u00b0C, jusqu&#039;\u00e0 15min.<\/td>\n<\/tr>\n<tr>\n<td width=\"328\">Humidit\u00e9\/temp\u00e9rature de fonctionnement\u00a0:<\/td>\n<td width=\"309\">-20 \u00e0 110\u00b0C, 8 \u00e0 95%RH<\/td>\n<\/tr>\n<tr>\n<td width=\"328\">Humidit\u00e9\/temp\u00e9rature-stockage\u00a0:<\/td>\n<td width=\"309\">-40 \u00e0 110\u00b0C, 8 \u00e0 95%RH<\/td>\n<\/tr>\n<\/tbody>\n<\/table>\n<\/div>\n<\/div>\n<div class=\"auto-hide-last-sibling-br paragraph_1252f paragraph-element\">\n<h2 class=\"AnswerParser_AnswerParserH2__SIHnF\">Pourquoi choisir une \u00e9tiquette RFID de blanchisserie personnalis\u00e9e\u00a0?<\/h2>\n<p><span class=\"AnswerParser_TextContainer__z_Iiv\" data-testid=\"youchat-text\">Investir dans un\u00a0<strong>\u00c9tiquette RFID de blanchisserie personnalis\u00e9e<\/strong>\u00a0am\u00e9liore l&#039;efficacit\u00e9 op\u00e9rationnelle, r\u00e9duit les pertes et am\u00e9liore le contr\u00f4le des stocks. En automatisant le processus de suivi, les entreprises peuvent \u00e9conomiser du temps et des ressources tout en garantissant des enregistrements pr\u00e9cis des articles textiles. La durabilit\u00e9 et la r\u00e9sistance chimique de ces \u00e9tiquettes les rendent id\u00e9ales pour divers environnements de blanchisserie, offrant une tranquillit\u00e9 d&#039;esprit aux utilisateurs.<\/span><\/p>\n<h2 class=\"AnswerParser_AnswerParserH2__SIHnF\">Caract\u00e9ristiques de l&#039;\u00e9tiquette RFID de blanchisserie personnalis\u00e9e<\/h2>\n<h3 class=\"AnswerParser_AnswerParserH3__Mpe4s\">1. Conception durable et lavable<\/h3>\n<p><span class=\"AnswerParser_TextContainer__z_Iiv\" data-testid=\"youchat-text\">Le\u00a0<strong>\u00c9tiquette RFID de blanchisserie personnalis\u00e9e<\/strong>\u00a0est sp\u00e9cialement con\u00e7u pour r\u00e9sister aux rigueurs du lavage commercial. Avec une taille de 70 \u00d7 15 mm et un poids de seulement 0,6 g, il est l\u00e9ger mais suffisamment robuste pour supporter jusqu&#039;\u00e0 200 cycles de lavage ou trois ans d&#039;utilisation. Fabriqu\u00e9e \u00e0 partir de mat\u00e9riaux imperm\u00e9ables et r\u00e9sistants aux produits chimiques, cette \u00e9tiquette peut survivre dans des environnements difficiles, notamment l&#039;exposition aux d\u00e9tergents, aux assouplissants et \u00e0 l&#039;eau de Javel.<\/span><\/p>\n<h3 class=\"AnswerParser_AnswerParserH3__Mpe4s\">2. Technologie RFID avanc\u00e9e<\/h3>\n<p><span class=\"AnswerParser_TextContainer__z_Iiv\" data-testid=\"youchat-text\">Fonctionnant sur la norme ISO\/IEC 18000-6 Type C (EPC Gen2), ce\u00a0<strong>\u00c9tiquette de blanchisserie RFID<\/strong>\u00a0Le lecteur de codes-barres Impinj Monza 4QT est dot\u00e9 d&#039;une port\u00e9e de lecture impressionnante de 8 m\u00e8tres, ce qui permet de suivre facilement les articles de linge sans avoir besoin d&#039;une ligne de vue directe. Les types de puces avanc\u00e9s, notamment Impinj Monza 4QT et NXP U CODE 8\/9, permettent une transmission de donn\u00e9es efficace et des performances fiables, m\u00eame dans des conditions difficiles.<\/span><\/p>\n<h3 class=\"AnswerParser_AnswerParserH3__Mpe4s\">3. Options de marquage polyvalentes<\/h3>\n<p><span class=\"AnswerParser_TextContainer__z_Iiv\" data-testid=\"youchat-text\">Le\u00a0<strong>\u00c9tiquette RFID de blanchisserie personnalis\u00e9e<\/strong>\u00a0propose des solutions d&#039;\u00e9tiquetage flexibles, notamment des m\u00e9thodes de couture et d&#039;estampage \u00e0 chaud. Cette polyvalence permet une int\u00e9gration facile dans divers articles textiles, garantissant que les \u00e9tiquettes restent solidement fix\u00e9es tout au long de leur cycle de vie.<\/span><\/p>\n<h3 class=\"AnswerParser_AnswerParserH3__Mpe4s\">4. R\u00e9sistance chimique et thermique<\/h3>\n<p><span class=\"AnswerParser_TextContainer__z_Iiv\" data-testid=\"youchat-text\">Con\u00e7u pour r\u00e9sister \u00e0 des temp\u00e9ratures \u00e9lev\u00e9es, le\u00a0<strong>\u00c9tiquette RFID<\/strong>\u00a0Ces \u00e9tiquettes r\u00e9sistent \u00e0 des temp\u00e9ratures de lavage allant jusqu&#039;\u00e0 90\u00b0C pendant 15 minutes et \u00e0 une st\u00e9rilisation \u00e0 135\u00b0C pendant 15 \u00e0 20 minutes. Avec une pression d&#039;extraction d&#039;eau de 60 bars, ces \u00e9tiquettes sont con\u00e7ues pour r\u00e9sister aux environnements de lavage difficiles, ce qui les rend adapt\u00e9es aux applications de blanchisserie industrielle.<\/span><\/p>\n<h3 class=\"AnswerParser_AnswerParserH3__Mpe4s\">5. Gestion am\u00e9lior\u00e9e des stocks<\/h3>\n<p><span class=\"AnswerParser_TextContainer__z_Iiv\" data-testid=\"youchat-text\">Utilisation\u00a0<strong>Suivi du linge par RFID<\/strong>\u00a0La technologie permet aux entreprises de rationaliser leurs op\u00e9rations de blanchisserie. Les \u00e9tiquettes facilitent la gestion efficace des stocks, aident \u00e0 pr\u00e9venir les pertes et garantissent que tous les articles sont comptabilis\u00e9s. Ce niveau de suivi est essentiel pour les \u00e9tablissements de sant\u00e9, les h\u00f4tels et autres organisations ayant des volumes de blanchisserie \u00e9lev\u00e9s.<\/span><\/p>\n<h3 class=\"AnswerParser_AnswerParserH3__Mpe4s\">6. Impact environnemental<\/h3>\n<p><span class=\"AnswerParser_TextContainer__z_Iiv\" data-testid=\"youchat-text\">Le\u00a0<strong>\u00c9tiquette RFID de blanchisserie personnalis\u00e9e<\/strong>\u00a0Les \u00e9tiquettes RFID sont non seulement durables mais aussi respectueuses de l&#039;environnement. En r\u00e9duisant le besoin de suivi manuel et en minimisant les pertes de textiles, elles contribuent \u00e0 des pratiques de blanchisserie plus durables. La mise en \u0153uvre de la technologie RFID peut conduire \u00e0 une r\u00e9duction des d\u00e9chets et \u00e0 une am\u00e9lioration des efforts de recyclage.<\/span><\/div>\n<div><\/div>\n<div>\n<h2 class=\"AnswerParser_AnswerParserH2__SIHnF\">Instructions d&#039;utilisation<\/h2>\n<ol class=\"AnswerParser_AnswerParserOrderedList__kl_2Y\">\n<li class=\"AnswerParser_ListItem__XqLOV\" translate=\"yes\"><strong>Marquage<\/strong>: Choisissez votre m\u00e9thode d&#039;\u00e9tiquetage pr\u00e9f\u00e9r\u00e9e (couture ou marquage \u00e0 chaud) pour attacher l&#039;\u00e9tiquette RFID en toute s\u00e9curit\u00e9 \u00e0 votre v\u00eatement ou \u00e0 votre linge.<\/li>\n<li class=\"AnswerParser_ListItem__XqLOV\" translate=\"yes\"><strong>La lessive<\/strong>:Suivez les instructions de lavage en vous assurant que l&#039;\u00e9tiquette est expos\u00e9e aux temp\u00e9ratures et aux param\u00e8tres chimiques recommand\u00e9s.<\/li>\n<li class=\"AnswerParser_ListItem__XqLOV\" translate=\"yes\"><strong>Suivi<\/strong>:Utilisez un lecteur RFID pour suivre et g\u00e9rer efficacement votre inventaire de linge, garantissant des enregistrements pr\u00e9cis et minimisant les pertes.<\/li>\n<\/ol>\n<h2 class=\"AnswerParser_AnswerParserH2__SIHnF\">Avis des clients<\/h2>\n<p><span class=\"AnswerParser_TextContainer__z_Iiv\" data-testid=\"youchat-text\">\u00ab En utilisant le\u00a0<strong>\u00c9tiquette RFID de blanchisserie personnalis\u00e9e<\/strong>\u00a0a transform\u00e9 nos op\u00e9rations de blanchisserie. Nous pouvons suivre notre linge de mani\u00e8re transparente et avons constat\u00e9 une r\u00e9duction significative des pertes. \u00bb \u2013 Sarah, directrice de l&#039;h\u00f4tel<\/span><span class=\"AnswerParser_TextContainer__z_Iiv\" data-testid=\"youchat-text\">\u00ab Cette solution RFID est durable et r\u00e9siste sans probl\u00e8me \u00e0 nos processus de blanchisserie industrielle. Je la recommande vivement ! \u00bb \u2013 Mark, directeur des op\u00e9rations<\/span><\/p>\n<h2 class=\"AnswerParser_AnswerParserH2__SIHnF\">Questions fr\u00e9quemment pos\u00e9es (FAQ)<\/h2>\n<p><span class=\"AnswerParser_TextContainer__z_Iiv\" data-testid=\"youchat-text\"><strong>Q : Quelle est la dur\u00e9e de vie de l\u2019\u00e9tiquette RFID ?<\/strong><br \/>\nA : Le\u00a0<strong>\u00c9tiquette RFID de blanchisserie personnalis\u00e9e<\/strong>\u00a0est con\u00e7u pour durer jusqu&#039;\u00e0 200 cycles de lavage ou trois ans, selon la premi\u00e8re \u00e9ventualit\u00e9.<\/span><\/div>\n<div><span class=\"AnswerParser_TextContainer__z_Iiv\" data-testid=\"youchat-text\"><strong>Q\u00a0: L\u2019\u00e9tiquette peut-elle r\u00e9sister \u00e0 des temp\u00e9ratures \u00e9lev\u00e9es\u00a0?<\/strong><br \/>\nR : Oui, l\u2019\u00e9tiquette est con\u00e7ue pour r\u00e9sister \u00e0 des temp\u00e9ratures de lavage jusqu\u2019\u00e0 90 \u00b0C et \u00e0 des temp\u00e9ratures de st\u00e9rilisation de 135 \u00b0C.<\/span><\/div>\n<div><span class=\"AnswerParser_TextContainer__z_Iiv\" data-testid=\"youchat-text\"><strong>Q : Comment attacher l\u2019\u00e9tiquette RFID \u00e0 mes textiles ?<\/strong><br \/>\nR : L&#039;\u00e9tiquette peut \u00eatre cousue dans le tissu ou fix\u00e9e \u00e0 l&#039;aide d&#039;un adh\u00e9sif \u00e0 chaud, selon vos pr\u00e9f\u00e9rences.<\/span><\/div>\n<div><span class=\"AnswerParser_TextContainer__z_Iiv\" data-testid=\"youchat-text\"><strong>Q\u00a0: L\u2019\u00e9tiquette RFID est-elle \u00e9tanche\u00a0?<\/strong><br \/>\nR : Oui, l\u2019\u00e9tiquette est \u00e9tanche et peut r\u00e9sister \u00e0 l\u2019exposition \u00e0 divers produits chimiques et conditions de lavage.<\/span><\/p>\n<h3 class=\"AnswerParser_AnswerParserH3__Mpe4s\">Produits connexes<\/h3>\n<ul class=\"AnswerParser_AnswerParserUnorderedList__P_1FW\">\n<li class=\"AnswerParser_ListItem__XqLOV\" translate=\"yes\"><strong>\u00c9tiquettes en lin RFID<\/strong>:Id\u00e9al pour le suivi du linge dans les h\u00f4tels et les \u00e9tablissements de sant\u00e9.<\/li>\n<li class=\"AnswerParser_ListItem__XqLOV\" translate=\"yes\"><strong>\u00c9tiquettes RFID lavables<\/strong>:Parfait pour les v\u00eatements qui n\u00e9cessitent un lavage et un suivi fr\u00e9quents.<\/li>\n<li class=\"AnswerParser_ListItem__XqLOV\" translate=\"yes\"><strong>Solutions de blanchisserie industrielle<\/strong>:Solutions RFID sur mesure pour les op\u00e9rations de blanchisserie \u00e0 volume \u00e9lev\u00e9.<\/li>\n<\/ul>\n<\/div>\n<div data-spm-anchor-id=\"a2700.details.0.i57.23b419c7xXORP0\">\n<div class=\"auto-hide-last-sibling-br paragraph_1252f paragraph-element\"><\/div>\n<\/div>\n<div class=\"auto-hide-last-sibling-br paragraph_1252f paragraph-element\"><\/div>","protected":false},"excerpt":{"rendered":"<p>\u00c9tiquetez vos v\u00eatements en toute s\u00e9curit\u00e9 avec des \u00e9tiquettes durables <strong>\u00c9tiquettes RFID pour le linge<\/strong>, con\u00e7u pour les temp\u00e9ratures \u00e9lev\u00e9es, imperm\u00e9able et id\u00e9al pour un suivi efficace du linge.<\/p>","protected":false},"featured_media":2715,"template":"","meta":{"_kad_post_transparent":"default","_kad_post_title":"","_kad_post_layout":"default","_kad_post_sidebar_id":"","_kad_post_content_style":"default","_kad_post_vertical_padding":"default","_kad_post_feature":"","_kad_post_feature_position":"","_kad_post_header":false,"_kad_post_footer":false,"_kad_post_classname":""},"product_brand":[],"product_cat":[19],"product_tag":[315,297,31,30],"class_list":{"0":"post-2714","1":"product","2":"type-product","3":"status-publish","4":"has-post-thumbnail","6":"product_cat-textile-rfid-laundry-tag","7":"product_tag-custom-laundry-rfid-tag","8":"product_tag-rfid-chips-for-uniform","9":"product_tag-rfid-tag-for-linen-laundry","10":"product_tag-uhf-rfid-laundry-tag","12":"first","13":"instock","14":"featured","15":"shipping-taxable","16":"product-type-simple","17":"entry","18":"content-bg","19":"loop-entry"},"_links":{"self":[{"href":"https:\/\/rfid-laundry-tag.com\/fr\/wp-json\/wp\/v2\/product\/2714","targetHints":{"allow":["GET"]}}],"collection":[{"href":"https:\/\/rfid-laundry-tag.com\/fr\/wp-json\/wp\/v2\/product"}],"about":[{"href":"https:\/\/rfid-laundry-tag.com\/fr\/wp-json\/wp\/v2\/types\/product"}],"version-history":[{"count":1,"href":"https:\/\/rfid-laundry-tag.com\/fr\/wp-json\/wp\/v2\/product\/2714\/revisions"}],"predecessor-version":[{"id":2716,"href":"https:\/\/rfid-laundry-tag.com\/fr\/wp-json\/wp\/v2\/product\/2714\/revisions\/2716"}],"wp:featuredmedia":[{"embeddable":true,"href":"https:\/\/rfid-laundry-tag.com\/fr\/wp-json\/wp\/v2\/media\/2715"}],"wp:attachment":[{"href":"https:\/\/rfid-laundry-tag.com\/fr\/wp-json\/wp\/v2\/media?parent=2714"}],"wp:term":[{"taxonomy":"product_brand","embeddable":true,"href":"https:\/\/rfid-laundry-tag.com\/fr\/wp-json\/wp\/v2\/product_brand?post=2714"},{"taxonomy":"product_cat","embeddable":true,"href":"https:\/\/rfid-laundry-tag.com\/fr\/wp-json\/wp\/v2\/product_cat?post=2714"},{"taxonomy":"product_tag","embeddable":true,"href":"https:\/\/rfid-laundry-tag.com\/fr\/wp-json\/wp\/v2\/product_tag?post=2714"}],"curies":[{"name":"wp","href":"https:\/\/api.w.org\/{rel}","templated":true}]}}