{"id":268,"date":"2024-06-21T15:32:44","date_gmt":"2024-06-21T15:32:44","guid":{"rendered":"https:\/\/rfid-laundry-tag.com\/?post_type=product&#038;p=268"},"modified":"2024-06-28T10:04:38","modified_gmt":"2024-06-28T10:04:38","slug":"uhf-rfid-label-alien-h9","status":"publish","type":"product","link":"https:\/\/rfid-laundry-tag.com\/fr\/uhf-rfid-label-alien-h9\/","title":{"rendered":"\u00c9tiquette RFID UHF Alien H9"},"content":{"rendered":"<h2>\u00c9tiquette RFID UHF Alien H9<\/h2>\n<p><span style=\"font-family: inherit; font-size: 24px; font-weight: bold;\">\u00c9tiquette RFID UHF pour le suivi des stocks<\/span><\/p>\n<div class=\"J_module\">\n<div class=\"ife-detail-decorate-table\">\n<table class=\"all magic-10\">\n<tbody>\n<tr>\n<td colspan=\"1\" rowspan=\"1\">\n<div class=\"magic-11\">\u00c9br\u00e9cher<\/div>\n<\/td>\n<td colspan=\"1\" rowspan=\"1\">\n<div class=\"magic-12\">Alien H9<\/div>\n<\/td>\n<\/tr>\n<tr>\n<td colspan=\"1\" rowspan=\"1\">\n<div class=\"magic-11\">Fr\u00e9quence<\/div>\n<\/td>\n<td colspan=\"1\" rowspan=\"1\">\n<div class=\"magic-12\">860 \u00e0 960 MHz<\/div>\n<\/td>\n<\/tr>\n<tr>\n<td colspan=\"1\" rowspan=\"1\">\n<div class=\"magic-11\">Mat\u00e9riel<\/div>\n<\/td>\n<td colspan=\"1\" rowspan=\"1\">\n<div class=\"magic-12\">Papier couch\u00e9 \/ PET \/ Papier synth\u00e9tique \/ Papier thermique \/ personnalisation<\/div>\n<\/td>\n<\/tr>\n<tr>\n<td colspan=\"1\" rowspan=\"1\">\n<div class=\"magic-11\">Mode de fonctionnement<\/div>\n<\/td>\n<td colspan=\"1\" rowspan=\"1\">\n<div class=\"magic-12\">Passif<\/div>\n<\/td>\n<\/tr>\n<tr>\n<td colspan=\"1\" rowspan=\"1\">\n<div class=\"magic-11\">La vie en IC<\/div>\n<\/td>\n<td colspan=\"1\" rowspan=\"1\">\n<div class=\"magic-12\">100 000 cycles de programmation, 10 ans de conservation des donn\u00e9es<\/div>\n<\/td>\n<\/tr>\n<tr>\n<td colspan=\"1\" rowspan=\"1\">\n<div class=\"magic-11\">Temp\u00e9rature\/humidit\u00e9 de fonctionnement<\/div>\n<\/td>\n<td colspan=\"1\" rowspan=\"1\">\n<div class=\"magic-12\">-25~50\u2103\/20%~80% HR<\/div>\n<\/td>\n<\/tr>\n<tr>\n<td colspan=\"1\" rowspan=\"1\">\n<div class=\"magic-11\">Temp\u00e9rature\/humidit\u00e9 de stockage<\/div>\n<\/td>\n<td colspan=\"1\" rowspan=\"1\">\n<div class=\"magic-12\">+23\u00b0C\u00b15\u00b0C\/ 50%\u00b110% HR (sans condensation).<\/div>\n<\/td>\n<\/tr>\n<tr>\n<td colspan=\"1\" rowspan=\"1\">\n<div class=\"magic-11\">Antenne<\/div>\n<\/td>\n<td colspan=\"1\" rowspan=\"1\">\n<div class=\"magic-12\">Gravure sur aluminium, 94,8 x 8,1 mm<\/div>\n<\/td>\n<\/tr>\n<tr>\n<td colspan=\"1\" rowspan=\"1\">\n<div class=\"magic-11\">Taille de l&#039;\u00e9tiquette\/de l&#039;incrustation humide<\/div>\n<\/td>\n<td colspan=\"1\" rowspan=\"1\">\n<div class=\"magic-12\">98*15mm ou personnalisation<\/div>\n<\/td>\n<\/tr>\n<tr>\n<td colspan=\"1\" rowspan=\"1\">\n<div class=\"magic-11\">Impression<\/div>\n<\/td>\n<td colspan=\"1\" rowspan=\"1\">\n<div class=\"magic-12\">Impression couleur, logo, code-barres, code QR, etc.<\/div>\n<\/td>\n<\/tr>\n<tr>\n<td colspan=\"1\" rowspan=\"1\">\n<div class=\"magic-11\">\u00c9chantillon<\/div>\n<\/td>\n<td colspan=\"1\" rowspan=\"1\">\n<div class=\"magic-12\">L&#039;\u00e9chantillon est gratuit pour votre test de qualit\u00e9<\/div>\n<\/td>\n<\/tr>\n<tr>\n<td colspan=\"1\" rowspan=\"1\">\n<div class=\"magic-11\">Protocole<\/div>\n<\/td>\n<td colspan=\"1\" rowspan=\"1\">\n<div class=\"magic-12\">ISO\/CEI 18000-6C EPC Classe 1 Gen2<\/div>\n<\/td>\n<\/tr>\n<tr>\n<td colspan=\"1\" rowspan=\"1\">\n<div class=\"magic-11\">Conditionnement<\/div>\n<\/td>\n<td colspan=\"1\" rowspan=\"1\">\n<div class=\"magic-12\">1000-5000 pi\u00e8ces\/rouleau, 4 rouleaux\/carton<\/div>\n<\/td>\n<\/tr>\n<tr>\n<td colspan=\"1\" rowspan=\"1\">\n<div class=\"magic-11\">Lieu d&#039;origine<\/div>\n<\/td>\n<td colspan=\"1\" rowspan=\"1\">\n<div class=\"magic-12\">Chengdu, Chine<\/div>\n<\/td>\n<\/tr>\n<tr>\n<td colspan=\"1\" rowspan=\"4\">\n<div class=\"magic-11\">Application\/Solution<\/div>\n<\/td>\n<td colspan=\"1\" rowspan=\"1\">\n<div class=\"magic-12\">Contr\u00f4le d&#039;admission s\u00e9curis\u00e9\/Paiement sans esp\u00e8ces Programmes d&#039;adh\u00e9sion et de fid\u00e9lit\u00e9<\/div>\n<\/td>\n<\/tr>\n<tr>\n<td colspan=\"1\" rowspan=\"1\">\n<div class=\"magic-12\" data-spm-anchor-id=\"a2700.details.0.i80.59c943e8HVzkHD\">Acc\u00e8s aux \u00e9v\u00e9nements et image de marque\/r\u00e9seaux sociaux\/vente au d\u00e9tail<\/div>\n<\/td>\n<\/tr>\n<tr>\n<td colspan=\"1\" rowspan=\"1\">\n<div class=\"magic-12\">Environnement\/Jeux et jouets Localisation\/Electronique\/Salons professionnels<\/div>\n<\/td>\n<\/tr>\n<tr>\n<td colspan=\"1\" rowspan=\"1\">\n<div class=\"magic-12\">Ev\u00e9nements\/Demande d&#039;appel\/Cartes de visite<\/div>\n<\/td>\n<\/tr>\n<\/tbody>\n<\/table>\n<p>&nbsp;<\/p>\n<\/div>\n<\/div>\n<div class=\"J_module\">\n<div><\/div>\n<div class=\"auto-hide-last-sibling-br paragraph_9dc5f paragraph-element\">Les \u00e9tiquettes RFID UHF (\u00e9tiquettes d&#039;identification par radiofr\u00e9quence \u00e0 ultra haute fr\u00e9quence) sont en effet des outils polyvalents avec de vastes applications dans divers secteurs.<\/div>\n<div class=\"auto-hide-last-sibling-br paragraph_9dc5f paragraph-element\">Identification : Ces \u00e9tiquettes peuvent facilement stocker des donn\u00e9es personnelles, ce qui est utile dans les sc\u00e9narios de v\u00e9rification d&#039;identit\u00e9, ce qui en fait un choix fiable pour diverses institutions qui n\u00e9cessitent des m\u00e9thodes d&#039;identification s\u00fbres et efficaces.<\/div>\n<div><\/div>\n<div class=\"auto-hide-last-sibling-br paragraph_9dc5f paragraph-element\">Transports publics et billetterie \u00e9v\u00e9nementielle : les \u00e9tiquettes RFID UHF sont couramment utilis\u00e9es dans les syst\u00e8mes de billetterie automatis\u00e9s tels que les jetons de m\u00e9tro ou de bus, ainsi que dans la billetterie \u00e9v\u00e9nementielle, o\u00f9 elles permettent une entr\u00e9e rapide et efficace.<\/div>\n<div><\/div>\n<div class=\"auto-hide-last-sibling-br paragraph_9dc5f paragraph-element\">T\u00e9l\u00e9p\u00e9age : l&#039;utilisation d&#039;\u00e9tiquettes RFID UHF permet ici un paiement rapide des p\u00e9ages sans n\u00e9cessiter l&#039;arr\u00eat des v\u00e9hicules, r\u00e9duisant ainsi consid\u00e9rablement le trafic et am\u00e9liorant le confort de l&#039;utilisateur.<\/div>\n<div><\/div>\n<div class=\"auto-hide-last-sibling-br paragraph_9dc5f paragraph-element\">Gestion des actifs : les \u00e9tiquettes peuvent \u00eatre appos\u00e9es sur les actifs, permettant ainsi le suivi, la localisation et la mise \u00e0 jour des informations en temps r\u00e9el, am\u00e9liorant ainsi la gestion des stocks et r\u00e9duisant les pertes ou les vols.<\/div>\n<div><\/div>\n<div class=\"auto-hide-last-sibling-br paragraph_9dc5f paragraph-element\">Biblioth\u00e8ques et locations : ils sont utilis\u00e9s pour suivre les livres ou autres articles qui entrent et sortent d&#039;une biblioth\u00e8que, rendant le processus d&#039;emprunt et de retour plus efficace. Ils peuvent \u00e9galement \u00eatre appliqu\u00e9s aux services de location pour une meilleure gestion des articles lou\u00e9s.<\/div>\n<div><\/div>\n<div class=\"auto-hide-last-sibling-br paragraph_9dc5f paragraph-element\">Syst\u00e8me de fid\u00e9lit\u00e9 : les \u00e9tiquettes RFID UHF peuvent \u00eatre utilis\u00e9es dans les cartes de fid\u00e9lit\u00e9 ou de r\u00e9compense pour les entreprises, am\u00e9liorant ainsi la fid\u00e9lisation des clients et offrant une excellente exp\u00e9rience utilisateur.<\/div>\n<div><\/div>\n<div class=\"auto-hide-last-sibling-br paragraph_9dc5f paragraph-element\">Gestion du contr\u00f4le d&#039;acc\u00e8s : dans les endroits qui n\u00e9cessitent un acc\u00e8s s\u00e9curis\u00e9 comme les bureaux, les zones r\u00e9sidentielles ou certains espaces publics, ces \u00e9tiquettes peuvent \u00eatre utilis\u00e9es pour un contr\u00f4le d&#039;acc\u00e8s efficace, ajoutant une couche de s\u00e9curit\u00e9 suppl\u00e9mentaire.<\/div>\n<div><\/div>\n<div class=\"auto-hide-last-sibling-br paragraph_9dc5f paragraph-element\">De plus, nos services de programmation et de codage personnalis\u00e9s peuvent r\u00e9pondre aux besoins sp\u00e9cifiques du client, faisant des \u00e9tiquettes RFID UHF une solution tr\u00e8s rentable et pratique pour de nombreuses entreprises et services.<\/div>\n<div><\/div>\n<\/div>\n<div><\/div>\n<div><strong>Pourquoi nous choisir ?<\/strong><\/div>\n<div><\/div>\n<div>Nous sommes le principal fournisseur de technologie RFID avec plus de 11 ans d&#039;exp\u00e9rience, apportant une efficacit\u00e9, une fiabilit\u00e9 et une pr\u00e9cision avanc\u00e9es aux cha\u00eenes d&#039;approvisionnement mondiales de nos clients avec des produits, des solutions et des technologies de pointe. En tant que fabricant au niveau mondial, nous proposons \u00e0 nos clients une plate-forme de technologies fondamentales, notamment le contr\u00f4le d&#039;acc\u00e8s, le marquage des animaux, la communication en champ proche (NFC), divers lecteurs et solutions RFID. Nos solutions comprennent des cadres d&#039;application hautement configurables et des interfaces utilisateur \u00e9l\u00e9gantes avec des analyses avanc\u00e9es, permettant une veille \u00e9conomique de bout en bout et une visibilit\u00e9 des donn\u00e9es dans de nombreux secteurs.<\/div>","protected":false},"excerpt":{"rendered":"<p>L&#039;\u00e9tiquette RFID UHF peut \u00eatre largement utilis\u00e9e dans l&#039;identification, les transports publics, la billetterie d&#039;\u00e9v\u00e9nements, la collecte \u00e9lectronique des p\u00e9ages, la gestion des actifs, les biblioth\u00e8ques et la location, les syst\u00e8mes de fid\u00e9lit\u00e9 et la gestion du contr\u00f4le d&#039;acc\u00e8s, etc. Nous fournissons des services de programmation et d&#039;encodage qui correspondent exactement aux exigences de programmation ou d&#039;encodage du client.<\/p>","protected":false},"featured_media":270,"template":"","meta":{"_kad_post_transparent":"default","_kad_post_title":"","_kad_post_layout":"default","_kad_post_sidebar_id":"","_kad_post_content_style":"default","_kad_post_vertical_padding":"default","_kad_post_feature":"","_kad_post_feature_position":"","_kad_post_header":false,"_kad_post_footer":false,"_kad_post_classname":""},"product_brand":[],"product_cat":[54],"product_tag":[102,100,98],"class_list":{"0":"post-268","1":"product","2":"type-product","3":"status-publish","4":"has-post-thumbnail","6":"product_cat-hot-selling-rfid-tags","7":"product_tag-paper-uhf-rfid-sticker","8":"product_tag-rfid-label","9":"product_tag-uhf-rfid-label","11":"first","12":"instock","13":"shipping-taxable","14":"product-type-simple","15":"entry","16":"content-bg","17":"loop-entry"},"_links":{"self":[{"href":"https:\/\/rfid-laundry-tag.com\/fr\/wp-json\/wp\/v2\/product\/268","targetHints":{"allow":["GET"]}}],"collection":[{"href":"https:\/\/rfid-laundry-tag.com\/fr\/wp-json\/wp\/v2\/product"}],"about":[{"href":"https:\/\/rfid-laundry-tag.com\/fr\/wp-json\/wp\/v2\/types\/product"}],"version-history":[{"count":0,"href":"https:\/\/rfid-laundry-tag.com\/fr\/wp-json\/wp\/v2\/product\/268\/revisions"}],"wp:featuredmedia":[{"embeddable":true,"href":"https:\/\/rfid-laundry-tag.com\/fr\/wp-json\/wp\/v2\/media\/270"}],"wp:attachment":[{"href":"https:\/\/rfid-laundry-tag.com\/fr\/wp-json\/wp\/v2\/media?parent=268"}],"wp:term":[{"taxonomy":"product_brand","embeddable":true,"href":"https:\/\/rfid-laundry-tag.com\/fr\/wp-json\/wp\/v2\/product_brand?post=268"},{"taxonomy":"product_cat","embeddable":true,"href":"https:\/\/rfid-laundry-tag.com\/fr\/wp-json\/wp\/v2\/product_cat?post=268"},{"taxonomy":"product_tag","embeddable":true,"href":"https:\/\/rfid-laundry-tag.com\/fr\/wp-json\/wp\/v2\/product_tag?post=268"}],"curies":[{"name":"wp","href":"https:\/\/api.w.org\/{rel}","templated":true}]}}