{"id":2641,"date":"2024-09-22T15:06:11","date_gmt":"2024-09-22T15:06:11","guid":{"rendered":"https:\/\/rfid-laundry-tag.com\/?post_type=product&#038;p=2641"},"modified":"2024-09-22T15:36:05","modified_gmt":"2024-09-22T15:36:05","slug":"on-heavy-duty-nfc-tag-for-patrol","status":"publish","type":"product","link":"https:\/\/rfid-laundry-tag.com\/fr\/on-heavy-duty-nfc-tag-for-patrol\/","title":{"rendered":"Sur une \u00e9tiquette NFC robuste pour patrouille"},"content":{"rendered":"<p>Une gestion efficace des patrouilles est essentielle pour la s\u00e9curit\u00e9 et l&#039;efficacit\u00e9 des op\u00e9rations dans divers secteurs tels que les b\u00e2timents, les usines et les entrep\u00f4ts.\u00a0<strong>Sur une \u00e9tiquette NFC robuste pour patrouille<\/strong>\u00a0est con\u00e7u pour am\u00e9liorer les processus de surveillance du personnel de patrouille, en garantissant des enregistrements complets et une responsabilisation sans pr\u00e9c\u00e9dent. Cette technologie innovante simplifie non seulement le suivi des patrouilles, mais cr\u00e9e \u00e9galement un environnement propice \u00e0 la s\u00e9curit\u00e9 et \u00e0 l&#039;efficacit\u00e9 op\u00e9rationnelle.<\/p>\n<h2>\u00a0Introduction aux \u00e9tiquettes NFC robustes<\/h2>\n<p>Dans un environnement qui exige constamment responsabilit\u00e9 et pr\u00e9cision,\u00a0<strong>Sur les \u00e9tiquettes NFC robustes<\/strong>\u00a0fournissent une solution fiable pour la gestion des patrouilles. Ces balises permettent aux gestionnaires et aux dirigeants de garder un \u0153il sur les activit\u00e9s de patrouille, garantissant que chaque \u00e9tape est surveill\u00e9e et enregistr\u00e9e avec pr\u00e9cision. En utilisant\u00a0<strong>NFC m\u00e9tallique<\/strong>\u00a0technologie, ces \u00e9tiquettes sont con\u00e7ues pour adh\u00e9rer aux surfaces dans les environnements les plus exigeants.<\/p>\n<p>Le\u00a0<strong>\u00c9tiquette NFC<\/strong>\u00a0dessert de nombreux secteurs d&#039;activit\u00e9, contribuant \u00e0 combler le foss\u00e9 entre les syst\u00e8mes de suivi manuels et les processus de surveillance automatis\u00e9s et efficaces. En int\u00e9grant une technologie aussi avanc\u00e9e dans vos op\u00e9rations de s\u00e9curit\u00e9, vous pouvez vous attendre \u00e0 un niveau de service et d&#039;efficacit\u00e9 in\u00e9gal\u00e9.<\/p>\n<h2>Principales caract\u00e9ristiques des tags NFC<\/h2>\n<p><strong>Sur les \u00e9tiquettes NFC robustes<\/strong>\u00a0se composent de plusieurs caract\u00e9ristiques cl\u00e9s qui les distinguent sur le march\u00e9\u00a0:<\/p>\n<ul>\n<li><strong>Construction durable :<\/strong>\u00a0Con\u00e7ues pour une utilisation intensive, ces \u00e9tiquettes peuvent r\u00e9sister \u00e0 des conditions difficiles et sont con\u00e7ues pour \u00eatre fix\u00e9es sur n&#039;importe quelle surface m\u00e9tallique. Leur conception robuste r\u00e9siste \u00e0 l&#039;usure, garantissant des performances durables.<\/li>\n<li><strong>Technologie NTAG avanc\u00e9e :<\/strong>\u00a0L\u2019incorporation de la\u00a0<strong>ntag213<\/strong>\u00a0La puce garantit des taux de transfert de donn\u00e9es rapides et un fonctionnement efficace. Avec une capacit\u00e9 de m\u00e9moire de 180 octets, l&#039;\u00e9tiquette est capable de stocker les donn\u00e9es n\u00e9cessaires \u00e0 un suivi efficace.<\/li>\n<li><strong>Compatibilit\u00e9 avec les surfaces m\u00e9talliques :<\/strong>\u00a0Le\u00a0<strong>anti-m\u00e9tal<\/strong>\u00a0Cette fonctionnalit\u00e9 permet \u00e0 ces \u00e9tiquettes de fonctionner efficacement lorsqu&#039;elles sont plac\u00e9es sur n&#039;importe quelle surface m\u00e9tallique, garantissant ainsi leur fiabilit\u00e9 dans divers environnements op\u00e9rationnels.<\/li>\n<\/ul>\n<h2>Avantages de l&#039;utilisation des \u00e9tiquettes NFC dans les op\u00e9rations de patrouille<\/h2>\n<p>Ex\u00e9cution\u00a0<strong>NFC<\/strong>\u00a0La technologie au sein des op\u00e9rations de patrouille apporte de nombreux avantages :<\/p>\n<ul>\n<li><strong>Suivi en temps r\u00e9el :<\/strong>\u00a0Les gestionnaires peuvent observer les itin\u00e9raires et les horaires des patrouilles en temps r\u00e9el, ce qui contribue consid\u00e9rablement \u00e0 am\u00e9liorer les protocoles de s\u00e9curit\u00e9 et \u00e0 garantir que chaque patrouille est effectu\u00e9e comme pr\u00e9vu.<\/li>\n<li><strong>Tenue efficace des dossiers :<\/strong>\u00a0Le\u00a0<strong>\u00c9tiquette NFC<\/strong>\u00a0permet une journalisation facile des activit\u00e9s de patrouille, contribuant ainsi \u00e0 minimiser les erreurs humaines et \u00e0 rationaliser les t\u00e2ches administratives associ\u00e9es \u00e0 la cr\u00e9ation de rapports.<\/li>\n<\/ul>\n<p>Investir dans\u00a0<strong>NFC sur m\u00e9tal<\/strong>\u00a0Les balises se traduisent par une meilleure gestion des ressources et des mesures de r\u00e9ponse en mati\u00e8re de s\u00e9curit\u00e9 renforc\u00e9es.<\/p>\n<h2>Comment installer des tags NFC<\/h2>\n<p>Installation du\u00a0<strong>Sur les \u00e9tiquettes NFC robustes<\/strong>\u00a0c&#039;est simple. Voici comment proc\u00e9der\u00a0:<\/p>\n<ol>\n<li><strong>Pr\u00e9paration de la surface :<\/strong>\u00a0Assurez-vous que la surface m\u00e9tallique choisie est propre et exempte de poussi\u00e8re ou d\u2019humidit\u00e9 pour obtenir une forte adh\u00e9rence.<\/li>\n<li><strong>Positionnement de l&#039;\u00e9tiquette :<\/strong>\u00a0D\u00e9terminez l&#039;emplacement optimal de l&#039;\u00e9tiquette. Utilisez un\u00a0<strong>trou de vis<\/strong>\u00a0si n\u00e9cessaire pour une solution plus permanente, ou utilisez le support adh\u00e9sif pour une application facile.<\/li>\n<li><strong>Test de la balise\u00a0:<\/strong>\u00a0Une fois appliqu\u00e9, assurez-vous de v\u00e9rifier la plage de lecture et la fonctionnalit\u00e9 pour garantir un bon fonctionnement.<\/li>\n<\/ol>\n<p>Une installation appropri\u00e9e assurera la long\u00e9vit\u00e9 et am\u00e9liorera l\u2019efficacit\u00e9 de votre syst\u00e8me de gestion de patrouille.<\/p>\n<p><img fetchpriority=\"high\" decoding=\"async\" class=\"alignnone wp-image-2646\" src=\"https:\/\/rfid-laundry-tag.com\/wp-content\/uploads\/2024\/09\/7_H17fee47b9eae43d5a80c5a2bc6771f13t-300x300.jpg\" alt=\"NFC TAGS\" width=\"489\" height=\"489\" srcset=\"https:\/\/rfid-laundry-tag.com\/wp-content\/uploads\/2024\/09\/7_H17fee47b9eae43d5a80c5a2bc6771f13t-300x300.jpg 300w, https:\/\/rfid-laundry-tag.com\/wp-content\/uploads\/2024\/09\/7_H17fee47b9eae43d5a80c5a2bc6771f13t-150x150.jpg 150w, https:\/\/rfid-laundry-tag.com\/wp-content\/uploads\/2024\/09\/7_H17fee47b9eae43d5a80c5a2bc6771f13t-768x768.jpg 768w, https:\/\/rfid-laundry-tag.com\/wp-content\/uploads\/2024\/09\/7_H17fee47b9eae43d5a80c5a2bc6771f13t-12x12.jpg 12w, https:\/\/rfid-laundry-tag.com\/wp-content\/uploads\/2024\/09\/7_H17fee47b9eae43d5a80c5a2bc6771f13t-600x600.jpg 600w, https:\/\/rfid-laundry-tag.com\/wp-content\/uploads\/2024\/09\/7_H17fee47b9eae43d5a80c5a2bc6771f13t-100x100.jpg 100w, https:\/\/rfid-laundry-tag.com\/wp-content\/uploads\/2024\/09\/7_H17fee47b9eae43d5a80c5a2bc6771f13t.jpg 1000w\" sizes=\"(max-width: 489px) 100vw, 489px\" \/><\/p>\n<h2>Sp\u00e9cifications techniques des \u00e9tiquettes NFC On Heavy Duty<\/h2>\n<p>Vous trouverez ci-dessous les sp\u00e9cifications techniques importantes pour le\u00a0<strong>Sur les \u00e9tiquettes NFC robustes<\/strong>:<\/p>\n<div>\n<div class=\"overflow-x-auto custom-scrollbar custom-scrollbar-wide mb-2\">\n<table class=\"w-fit !mb-2 !max-w-none\">\n<thead>\n<tr>\n<th style=\"text-align: left;\">Fonctionnalit\u00e9<\/th>\n<th style=\"text-align: left;\">Sp\u00e9cification<\/th>\n<\/tr>\n<\/thead>\n<tbody>\n<tr>\n<td>Taille<\/td>\n<td>25 mm, 30 mm<\/td>\n<\/tr>\n<tr>\n<td>\u00c9br\u00e9cher<\/td>\n<td>NTAG213<\/td>\n<\/tr>\n<tr>\n<td>Fr\u00e9quence<\/td>\n<td>13,56 MHz<\/td>\n<\/tr>\n<tr>\n<td>Protocole<\/td>\n<td>ISO\/CEI 14443A<\/td>\n<\/tr>\n<tr>\n<td>M\u00e9moire<\/td>\n<td>180 octets<\/td>\n<\/tr>\n<tr>\n<td>Temp\u00e9rature de fonctionnement<\/td>\n<td>-20 \u00e0 65 degr\u00e9s C<\/td>\n<\/tr>\n<tr>\n<td>D\u00e9lai de mise en \u0153uvre<\/td>\n<td>7 jours ouvrables<\/td>\n<\/tr>\n<tr>\n<td>Conservation des donn\u00e9es<\/td>\n<td>\u226510 ans<\/td>\n<\/tr>\n<tr>\n<td>Plage de lecture<\/td>\n<td>0-10 cm<\/td>\n<\/tr>\n<\/tbody>\n<\/table>\n<\/div>\n<\/div>\n<p>La compr\u00e9hension de ces sp\u00e9cifications aide les utilisateurs \u00e0 d\u00e9terminer la meilleure balise pour leurs besoins sp\u00e9cifiques.<\/p>\n<h2>Impact environnemental des tags NFC<\/h2>\n<p>L&#039;impact environnemental de l&#039;utilisation\u00a0<strong>Technologie NFC<\/strong>\u00a0est une pr\u00e9occupation croissante. Heureusement, ces \u00e9tiquettes sont con\u00e7ues dans un souci de durabilit\u00e9 :<\/p>\n<ul>\n<li><strong>Mat\u00e9riaux utilis\u00e9s :<\/strong>\u00a0Les mat\u00e9riaux utilis\u00e9s dans la fabrication\u00a0<strong>NFC m\u00e9tallique<\/strong>\u00a0les \u00e9tiquettes sont choisies pour leur long\u00e9vit\u00e9 et leur recyclabilit\u00e9.<\/li>\n<li><strong>R\u00e9duction des d\u00e9chets :<\/strong>\u00a0En \u00e9liminant le besoin de journaux papier et de tenue de registres manuels, les organisations peuvent r\u00e9duire consid\u00e9rablement leur empreinte carbone en mati\u00e8re de d\u00e9chets papier.<\/li>\n<\/ul>\n<p>Embrasser\u00a0<strong>\u00c9tiquettes NFC<\/strong>\u00a0non seulement am\u00e9liore la s\u00e9curit\u00e9, mais s&#039;aligne \u00e9galement sur des pratiques op\u00e9rationnelles respectueuses de l&#039;environnement.<\/p>\n<h3>Exp\u00e9riences et avis clients<\/h3>\n<p>Applications concr\u00e8tes de la\u00a0<strong>\u00c9tiquette NFC<\/strong>\u00a0peuvent influencer les d\u00e9cisions d&#039;achat. Nous nous penchons ici sur les t\u00e9moignages et les exp\u00e9riences des clients.<\/p>\n<h2>FAQ sur les \u00e9tiquettes NFC ultra-r\u00e9sistantes<\/h2>\n<p><strong>Q\u00a0: Ces tags NFC peuvent-ils \u00eatre utilis\u00e9s dans des conditions tr\u00e8s chaudes ou tr\u00e8s froides\u00a0?<\/strong><br \/>\nR : Oui, la plage de temp\u00e9rature de fonctionnement de -20 \u00e0 65 degr\u00e9s C les rend adapt\u00e9s \u00e0 divers environnements.<\/p>\n<p><strong>Q\u00a0:\u00a0Combien de temps durent les donn\u00e9es sur l&#039;\u00e9tiquette\u00a0?<\/strong><br \/>\nR : La p\u00e9riode de conservation des donn\u00e9es est d\u2019au moins 10 ans, garantissant une fiabilit\u00e9 \u00e0 long terme.<\/p>\n<p>Si vous avez d\u2019autres questions, n\u2019h\u00e9sitez pas \u00e0 nous contacter pour obtenir des \u00e9claircissements.<\/p>\n<p>En conclusion, le\u00a0<strong>Sur les \u00e9tiquettes NFC robustes pour les patrouilles<\/strong>\u00a0sont un outil indispensable pour les organisations modernes qui cherchent \u00e0 am\u00e9liorer leurs pratiques de s\u00e9curit\u00e9 et de gestion. Gr\u00e2ce \u00e0 leur technologie avanc\u00e9e, leur durabilit\u00e9 et leur adaptabilit\u00e9, ces \u00e9tiquettes offrent des am\u00e9liorations op\u00e9rationnelles significatives.<\/p>","protected":false},"excerpt":{"rendered":"<p>Am\u00e9liorez l&#039;efficacit\u00e9 de vos patrouilles avec notre balise NFC robuste On, con\u00e7ue pour les surfaces m\u00e9talliques. Durable, fiable et parfaite pour une gestion simplifi\u00e9e de la s\u00e9curit\u00e9.<\/p>","protected":false},"featured_media":2642,"template":"","meta":{"_kad_post_transparent":"default","_kad_post_title":"","_kad_post_layout":"default","_kad_post_sidebar_id":"","_kad_post_content_style":"default","_kad_post_vertical_padding":"default","_kad_post_feature":"","_kad_post_feature_position":"","_kad_post_header":false,"_kad_post_footer":false,"_kad_post_classname":""},"product_brand":[],"product_cat":[54],"product_tag":[305,216,290],"class_list":{"0":"post-2641","1":"product","2":"type-product","3":"status-publish","4":"has-post-thumbnail","6":"product_cat-hot-selling-rfid-tags","7":"product_tag-heavy-duty-nfc-tags","8":"product_tag-nfc-patrol-tag","9":"product_tag-nfc-tag","11":"first","12":"instock","13":"shipping-taxable","14":"product-type-simple","15":"entry","16":"content-bg","17":"loop-entry"},"_links":{"self":[{"href":"https:\/\/rfid-laundry-tag.com\/fr\/wp-json\/wp\/v2\/product\/2641","targetHints":{"allow":["GET"]}}],"collection":[{"href":"https:\/\/rfid-laundry-tag.com\/fr\/wp-json\/wp\/v2\/product"}],"about":[{"href":"https:\/\/rfid-laundry-tag.com\/fr\/wp-json\/wp\/v2\/types\/product"}],"version-history":[{"count":1,"href":"https:\/\/rfid-laundry-tag.com\/fr\/wp-json\/wp\/v2\/product\/2641\/revisions"}],"predecessor-version":[{"id":2647,"href":"https:\/\/rfid-laundry-tag.com\/fr\/wp-json\/wp\/v2\/product\/2641\/revisions\/2647"}],"wp:featuredmedia":[{"embeddable":true,"href":"https:\/\/rfid-laundry-tag.com\/fr\/wp-json\/wp\/v2\/media\/2642"}],"wp:attachment":[{"href":"https:\/\/rfid-laundry-tag.com\/fr\/wp-json\/wp\/v2\/media?parent=2641"}],"wp:term":[{"taxonomy":"product_brand","embeddable":true,"href":"https:\/\/rfid-laundry-tag.com\/fr\/wp-json\/wp\/v2\/product_brand?post=2641"},{"taxonomy":"product_cat","embeddable":true,"href":"https:\/\/rfid-laundry-tag.com\/fr\/wp-json\/wp\/v2\/product_cat?post=2641"},{"taxonomy":"product_tag","embeddable":true,"href":"https:\/\/rfid-laundry-tag.com\/fr\/wp-json\/wp\/v2\/product_tag?post=2641"}],"curies":[{"name":"wp","href":"https:\/\/api.w.org\/{rel}","templated":true}]}}