{"id":2638,"date":"2024-09-22T14:53:50","date_gmt":"2024-09-22T14:53:50","guid":{"rendered":"https:\/\/rfid-laundry-tag.com\/?post_type=product&#038;p=2638"},"modified":"2024-09-22T14:53:51","modified_gmt":"2024-09-22T14:53:51","slug":"on-metal-nfc-screw-tag-for-checkpoint-security","status":"publish","type":"product","link":"https:\/\/rfid-laundry-tag.com\/fr\/on-metal-nfc-screw-tag-for-checkpoint-security\/","title":{"rendered":"\u00c9tiquette \u00e0 vis NFC sur m\u00e9tal pour la s\u00e9curit\u00e9 des points de contr\u00f4le"},"content":{"rendered":"<p><strong>\u00c9tiquette \u00e0 vis NFC sur m\u00e9tal pour la s\u00e9curit\u00e9 des points de contr\u00f4le :<\/strong>\u00a0Assurez la s\u00e9curit\u00e9 de vos points de contr\u00f4le avec notre \u00e9tiquette \u00e0 vis NFC On-Metal durable. Con\u00e7ue avec NTAG213 pour un transfert de donn\u00e9es fiable sur des surfaces m\u00e9talliques, elle s&#039;int\u00e8gre parfaitement \u00e0 vos protocoles de s\u00e9curit\u00e9, offrant un acc\u00e8s rapide et un suivi en temps r\u00e9el pour am\u00e9liorer la s\u00e9curit\u00e9 et l&#039;efficacit\u00e9.<\/p>\n<h2>Caract\u00e9ristiques de l&#039;\u00e9tiquette \u00e0 vis NFC sur m\u00e9tal<\/h2>\n<p>Le\u00a0<strong>\u00c9tiquette \u00e0 vis NFC sur m\u00e9tal<\/strong>\u00a0est con\u00e7u avec plusieurs caract\u00e9ristiques notables qui en font une solution polyvalente\u00a0:<\/p>\n<ul>\n<li><strong>Durabilit\u00e9<\/strong>:Construit avec un\u00a0<strong>Coque en ABS<\/strong>\u00a0capable de r\u00e9sister aux environnements difficiles, cette \u00e9tiquette r\u00e9siste \u00e0 la poussi\u00e8re, \u00e0 l&#039;eau et \u00e0 la corrosion chimique, ce qui lui conf\u00e8re une\u00a0<strong>IP67<\/strong>\u00a0niveau de protection.<\/li>\n<li><strong>Haute performance<\/strong>: La balise utilise\u00a0<strong>NTAG213<\/strong>\u00a0technologie permettant des vitesses de lecture rapides, avec des taux de transfert de donn\u00e9es allant jusqu&#039;\u00e0\u00a0<strong>106 kbit\/s<\/strong>, permettant des op\u00e9rations efficaces dans des environnements tr\u00e8s fr\u00e9quent\u00e9s.<\/li>\n<li><strong>Technologie anti-m\u00e9tal<\/strong>: Le\u00a0<strong>anti-m\u00e9tal<\/strong>\u00a0La fonction garantit que l&#039;\u00e9tiquette fonctionne efficacement m\u00eame lorsqu&#039;elle est fix\u00e9e sur des surfaces m\u00e9talliques, qui interf\u00e9reraient normalement avec les signaux NFC.<\/li>\n<\/ul>\n<p>Ces caract\u00e9ristiques rendent l&#039;\u00e9tiquette \u00e0 vis NFC On-Metal id\u00e9ale pour les applications dans la logistique, le contr\u00f4le de pr\u00e9sence et d&#039;autres secteurs o\u00f9 la durabilit\u00e9 et les performances sont primordiales.<\/p>\n<h2>Sp\u00e9cifications techniques<\/h2>\n<div>\n<div class=\"overflow-x-auto custom-scrollbar custom-scrollbar-wide mb-2\">\n<table class=\"w-fit !mb-2 !max-w-none\">\n<thead>\n<tr>\n<th>Sp\u00e9cification<\/th>\n<th>D\u00e9tails<\/th>\n<\/tr>\n<\/thead>\n<tbody>\n<tr>\n<td><strong>\u00c9br\u00e9cher<\/strong><\/td>\n<td>NTAG213<\/td>\n<\/tr>\n<tr>\n<td><strong>M\u00e9moire<\/strong><\/td>\n<td>144\/504\/888\/1K octets<\/td>\n<\/tr>\n<tr>\n<td><strong>Protocole<\/strong><\/td>\n<td>ISO 14443A<\/td>\n<\/tr>\n<tr>\n<td><strong>Fr\u00e9quence<\/strong><\/td>\n<td>13,56 MHz<\/td>\n<\/tr>\n<tr>\n<td><strong>Options de couleur<\/strong><\/td>\n<td>Noir, Blanc, Jaune<\/td>\n<\/tr>\n<tr>\n<td><strong>Diam\u00e8tre<\/strong><\/td>\n<td>25\/30\/35\/40\/52 mm (tailles personnalis\u00e9es disponibles)<\/td>\n<\/tr>\n<tr>\n<td><strong>\u00c9paisseur<\/strong><\/td>\n<td>5 mm<\/td>\n<\/tr>\n<tr>\n<td><strong>Poids<\/strong><\/td>\n<td>3 g<\/td>\n<\/tr>\n<tr>\n<td><strong>Temp\u00e9rature de fonctionnement<\/strong><\/td>\n<td>-25\u00b0C \u00e0 70\u00b0C<\/td>\n<\/tr>\n<tr>\n<td><strong>Effa\u00e7abilit\u00e9<\/strong><\/td>\n<td>&gt; 100 000 effacements<\/td>\n<\/tr>\n<tr>\n<td><strong>Distance de lecture<\/strong><\/td>\n<td>2-20 cm (selon l&#039;environnement)<\/td>\n<\/tr>\n<\/tbody>\n<\/table>\n<\/div>\n<\/div>\n<p>Dot\u00e9 de ces capacit\u00e9s, le tag \u00e0 vis NFC On-Metal constitue un outil puissant pour divers\u00a0<strong>Applications NFC<\/strong>.<\/p>\n<h2>Applications dans diff\u00e9rentes industries<\/h2>\n<p>La polyvalence de l&#039;\u00e9tiquette \u00e0 vis NFC On-Metal lui permet d&#039;\u00eatre utilis\u00e9e dans de nombreux secteurs :<\/p>\n<ul>\n<li><strong>Contr\u00f4le d&#039;acc\u00e8s<\/strong>:G\u00e9rez facilement les points d&#039;entr\u00e9e dans des emplacements s\u00e9curis\u00e9s en attachant\u00a0<strong>\u00c9tiquettes NFC<\/strong>\u00a0aux portes ou aux portails. Les \u00e9tiquettes peuvent \u00eatre li\u00e9es aux profils des utilisateurs pour une authentification transparente.<\/li>\n<li><strong>Logistique et gestion des stocks<\/strong>:Simplifiez le suivi des marchandises en pla\u00e7ant des \u00e9tiquettes sur les conteneurs m\u00e9talliques. La durabilit\u00e9 de ces \u00e9tiquettes garantit qu&#039;elles r\u00e9sistent aux rigueurs de la fabrication et de l&#039;exp\u00e9dition.<\/li>\n<li><strong>Transports en commun<\/strong>: Am\u00e9liorez l&#039;exp\u00e9rience utilisateur en utilisant des tags NFC On-Metal pour les syst\u00e8mes de billetterie, permettant aux usagers de v\u00e9rifier leur statut ou de recharger leurs comptes facilement.<\/li>\n<\/ul>\n<p>En mettant en \u0153uvre ces balises, les entreprises peuvent rationaliser leurs op\u00e9rations et am\u00e9liorer consid\u00e9rablement la prestation de services.<\/p>\n<h2>Avantages de l&#039;utilisation de NTAG213, NTAG215 et NTAG216<\/h2>\n<p>Les puces NTAG213, NTAG215 et NTAG216 de NXP Semiconductors offrent des avantages distincts :<\/p>\n<ol>\n<li><strong>Segmentation<\/strong>:Les utilisateurs peuvent segmenter la m\u00e9moire pour plusieurs applications, ce qui rend les balises flexibles en termes de fonctionnalit\u00e9s.<\/li>\n<li><strong>Fonctionnalit\u00e9s de s\u00e9curit\u00e9<\/strong>:\u00c9quip\u00e9 de\u00a0<em><strong>Signatures d&#039;originalit\u00e9 bas\u00e9es sur ECC<\/strong><\/em>\u00a0et\u00a0<strong>protection par mot de passe<\/strong>, ces balises prot\u00e8gent les donn\u00e9es contre tout acc\u00e8s non autoris\u00e9 et garantissent leur int\u00e9grit\u00e9.<\/li>\n<li><strong>Haute capacit\u00e9 et performance<\/strong>:Les options de m\u00e9moire \u00e9tendues le rendent adapt\u00e9 aux applications n\u00e9cessitant un stockage de donn\u00e9es important tout en conservant des capacit\u00e9s de lecture rapides.<\/li>\n<\/ol>\n<p>Ces avantages permettent aux entreprises de personnaliser leurs solutions en fonction de besoins op\u00e9rationnels sp\u00e9cifiques.<\/p>\n<h2>Instructions d&#039;installation et d&#039;utilisation<\/h2>\n<p>L&#039;installation de l&#039;\u00e9tiquette \u00e0 vis NFC On-Metal est simple\u00a0:<\/p>\n<ol>\n<li><strong>S\u00e9lectionnez un emplacement<\/strong>: Choisissez une surface plane sur l&#039;objet m\u00e9tallique o\u00f9 l&#039;\u00e9tiquette sera plac\u00e9e. Assurez-vous que\u00a0<strong>surface<\/strong>\u00a0est propre et sec.<\/li>\n<li><strong>Fixer avec des vis<\/strong>:Utilisez des vis \u00e0 travers les vis fournies\u00a0<em>trous de vis<\/em>\u00a0sur l&#039;\u00e9tiquette pour une fixation permanente.<\/li>\n<li><strong>Option adh\u00e9sive<\/strong>:Alternativement, l&#039;\u00e9tiquette peut \u00eatre fix\u00e9e \u00e0 l&#039;aide d&#039;un adh\u00e9sif puissant si vous le pr\u00e9f\u00e9rez.<\/li>\n<\/ol>\n<p>Une fois install\u00e9es, les \u00e9tiquettes peuvent \u00eatre facilement scann\u00e9es avec des appareils compatibles NFC, permettant un acc\u00e8s imm\u00e9diat aux informations stock\u00e9es sur l&#039;\u00e9tiquette.<\/p>\n<h2>FAQ sur les \u00e9tiquettes NFC sur m\u00e9tal<\/h2>\n<p><strong>Q\u00a0:\u00a0Le tag \u00e0 vis NFC On-Metal peut-il fonctionner sur toutes les surfaces m\u00e9talliques\u00a0?<\/strong><br \/>\nR : Oui, gr\u00e2ce \u00e0 sa sp\u00e9cialisation\u00a0<strong>technologie anti-m\u00e9tal<\/strong>, l&#039;\u00e9tiquette fonctionne efficacement sur diverses surfaces m\u00e9talliques sans interf\u00e9rence.<\/p>\n<p><strong>Q\u00a0: Comment programmer ou \u00e9crire des donn\u00e9es sur la balise NTAG213\u00a0?<\/strong><br \/>\nR : La programmation peut \u00eatre r\u00e9alis\u00e9e \u00e0 l&#039;aide d&#039;appareils compatibles NFC avec l&#039;application appropri\u00e9e. Pour des applications plus complexes, envisagez d&#039;utiliser un logiciel d&#039;\u00e9criture NFC d\u00e9di\u00e9.<\/p>\n<p><strong>Q\u00a0: Quelle est la plage de temp\u00e9rature de fonctionnement de ces \u00e9tiquettes\u00a0?<\/strong><br \/>\nA : Les \u00e9tiquettes fonctionnent efficacement \u00e0 des temp\u00e9ratures allant de\u00a0<strong>-25\u00b0C \u00e0 70\u00b0C<\/strong>.<\/p>\n<h2>Consid\u00e9rations environnementales<\/h2>\n<p>Le\u00a0<strong>\u00c9tiquette \u00e0 vis NFC sur m\u00e9tal<\/strong>\u00a0est con\u00e7u dans un souci de durabilit\u00e9. Sa construction robuste minimise le besoin de remplacement, r\u00e9duisant ainsi les d\u00e9chets. De plus, lorsqu&#039;ils sont \u00e9limin\u00e9s correctement, les \u00e9l\u00e9ments utilis\u00e9s dans la fabrication de ces \u00e9tiquettes sont recyclables.<\/p>","protected":false},"excerpt":{"rendered":"<p>Am\u00e9liorez vos op\u00e9rations avec l&#039;\u00e9tiquette \u00e0 vis NFC On-Metal. Durable, polyvalente et \u00e9quip\u00e9e de la technologie NFC pour un transfert de donn\u00e9es fluide sur les surfaces m\u00e9talliques.<\/p>","protected":false},"featured_media":2639,"template":"","meta":{"_kad_post_transparent":"default","_kad_post_title":"","_kad_post_layout":"default","_kad_post_sidebar_id":"","_kad_post_content_style":"default","_kad_post_vertical_padding":"default","_kad_post_feature":"","_kad_post_feature_position":"","_kad_post_header":false,"_kad_post_footer":false,"_kad_post_classname":""},"product_brand":[],"product_cat":[54],"product_tag":[305,216,304],"class_list":{"0":"post-2638","1":"product","2":"type-product","3":"status-publish","4":"has-post-thumbnail","6":"product_cat-hot-selling-rfid-tags","7":"product_tag-heavy-duty-nfc-tags","8":"product_tag-nfc-patrol-tag","9":"product_tag-nfc-screw-tag","11":"first","12":"instock","13":"shipping-taxable","14":"product-type-simple","15":"entry","16":"content-bg","17":"loop-entry"},"_links":{"self":[{"href":"https:\/\/rfid-laundry-tag.com\/fr\/wp-json\/wp\/v2\/product\/2638","targetHints":{"allow":["GET"]}}],"collection":[{"href":"https:\/\/rfid-laundry-tag.com\/fr\/wp-json\/wp\/v2\/product"}],"about":[{"href":"https:\/\/rfid-laundry-tag.com\/fr\/wp-json\/wp\/v2\/types\/product"}],"version-history":[{"count":1,"href":"https:\/\/rfid-laundry-tag.com\/fr\/wp-json\/wp\/v2\/product\/2638\/revisions"}],"predecessor-version":[{"id":2640,"href":"https:\/\/rfid-laundry-tag.com\/fr\/wp-json\/wp\/v2\/product\/2638\/revisions\/2640"}],"wp:featuredmedia":[{"embeddable":true,"href":"https:\/\/rfid-laundry-tag.com\/fr\/wp-json\/wp\/v2\/media\/2639"}],"wp:attachment":[{"href":"https:\/\/rfid-laundry-tag.com\/fr\/wp-json\/wp\/v2\/media?parent=2638"}],"wp:term":[{"taxonomy":"product_brand","embeddable":true,"href":"https:\/\/rfid-laundry-tag.com\/fr\/wp-json\/wp\/v2\/product_brand?post=2638"},{"taxonomy":"product_cat","embeddable":true,"href":"https:\/\/rfid-laundry-tag.com\/fr\/wp-json\/wp\/v2\/product_cat?post=2638"},{"taxonomy":"product_tag","embeddable":true,"href":"https:\/\/rfid-laundry-tag.com\/fr\/wp-json\/wp\/v2\/product_tag?post=2638"}],"curies":[{"name":"wp","href":"https:\/\/api.w.org\/{rel}","templated":true}]}}