{"id":2581,"date":"2024-09-19T13:02:28","date_gmt":"2024-09-19T13:02:28","guid":{"rendered":"https:\/\/rfid-laundry-tag.com\/?post_type=product&#038;p=2581"},"modified":"2024-09-19T13:40:21","modified_gmt":"2024-09-19T13:40:21","slug":"on-metal-nfc-screw-tag-ntag213","status":"publish","type":"product","link":"https:\/\/rfid-laundry-tag.com\/fr\/on-metal-nfc-screw-tag-ntag213\/","title":{"rendered":"\u00c9tiquette \u00e0 vis NFC sur m\u00e9tal Ntag213"},"content":{"rendered":"<p>Le <strong>\u00c9tiquette \u00e0 vis NFC sur m\u00e9tal<\/strong> est une \u00e9tiquette NFC tr\u00e8s r\u00e9sistante con\u00e7ue sp\u00e9cifiquement pour une utilisation industrielle. <strong>Construction en ABS ou en PVC<\/strong> assure qu&#039;il est <strong>\u00e9tanche<\/strong> et <strong>r\u00e9sistant \u00e0 la chaleur<\/strong>, ce qui le rend adapt\u00e9 aux environnements exigeants tels qu&#039;une humidit\u00e9 \u00e9lev\u00e9e ou des temp\u00e9ratures extr\u00eames.<\/p>\n<h3>Principales caract\u00e9ristiques:<\/h3>\n<ul>\n<li><strong>Type de puce<\/strong>:NXP NTAG213 (compatible avec tous les appareils mobiles)<\/li>\n<li><strong>Forme<\/strong>: Rond<\/li>\n<li><strong>Taille<\/strong>: 30 mm de diam\u00e8tre, plus 2,5 mm d&#039;\u00e9paisseur<\/li>\n<li><strong>Taille de l&#039;antenne<\/strong>: 25 mm<\/li>\n<li><strong>M\u00e9moire totale<\/strong>: 144 octets<\/li>\n<li><strong>M\u00e9moire format\u00e9e<\/strong>: 137 octets<\/li>\n<li><strong>Fr\u00e9quence de fonctionnement<\/strong>: 13,56 MHz<\/li>\n<\/ul>\n<h3>Id\u00e9al pour :<\/h3>\n<ul>\n<li>Utiliser sur des surfaces m\u00e9talliques sans interf\u00e9rence.<\/li>\n<li>Longue distance de lecture m\u00eame dans des environnements industriels difficiles.<\/li>\n<li>Compatibilit\u00e9 avec tous les appareils compatibles NFC (par exemple, smartphones, tablettes).<\/li>\n<\/ul>\n<p>Cette balise est \u00e9galement personnalisable, offrant diff\u00e9rents types de puces et <strong>Options d&#039;impression d&#039;identification<\/strong>Il peut \u00eatre fix\u00e9 \u00e0 l&#039;aide d&#039;une vis ou d&#039;un adh\u00e9sif, assurant une fixation s\u00fbre aux objets m\u00e9talliques.<\/p>\n<h3 class=\"AnswerParser_AnswerParserH3__Mpe4s\">Sp\u00e9cifications techniques<\/h3>\n<div class=\"AnswerParser_TableContainer__Erb6v\" data-testid=\"table-container\">\n<table>\n<thead>\n<tr>\n<th>Fonctionnalit\u00e9<\/th>\n<th>Sp\u00e9cification<\/th>\n<\/tr>\n<\/thead>\n<tbody>\n<tr>\n<td>Diam\u00e8tre<\/td>\n<td>30 mm<\/td>\n<\/tr>\n<tr>\n<td>\u00c9paisseur<\/td>\n<td>3 mm<\/td>\n<\/tr>\n<tr>\n<td>Trou de vis<\/td>\n<td>3 mm<\/td>\n<\/tr>\n<tr>\n<td>Type de puce<\/td>\n<td>NTAG213<\/td>\n<\/tr>\n<tr>\n<td>M\u00e9moire<\/td>\n<td>144 octets<\/td>\n<\/tr>\n<tr>\n<td>Fr\u00e9quence<\/td>\n<td>13,56 MHz (HF)<\/td>\n<\/tr>\n<\/tbody>\n<\/table>\n<\/div>\n<h2 class=\"AnswerParser_AnswerParserH2__SIHnF\">Puce Ntag213 : technologie NFC de pointe<\/h2>\n<p><span class=\"AnswerParser_TextContainer__z_Iiv\" data-testid=\"youchat-text\">Au c\u0153ur de notre \u00e9tiquette \u00e0 vis NFC On-Metal se trouve la puissante puce Ntag213, qui offre :<\/span><\/p>\n<ul class=\"AnswerParser_AnswerParserUnorderedList__P_1FW\">\n<li class=\"AnswerParser_ListItem__XqLOV\" translate=\"yes\">144 octets de m\u00e9moire utilisateur<\/li>\n<li class=\"AnswerParser_ListItem__XqLOV\" translate=\"yes\">Vitesses de lecture et d&#039;\u00e9criture rapides<\/li>\n<li class=\"AnswerParser_ListItem__XqLOV\" translate=\"yes\">Compatibilit\u00e9 avec tous les appareils compatibles NFC<\/li>\n<\/ul>\n<p><span class=\"AnswerParser_TextContainer__z_Iiv\" data-testid=\"youchat-text\">Cette puce avanc\u00e9e garantit que vos donn\u00e9es sont transmises rapidement et de mani\u00e8re fiable, ce qui la rend parfaite pour une large gamme d&#039;applications NFC.<\/span><\/p>\n<h2 class=\"AnswerParser_AnswerParserH2__SIHnF\">Performances sur m\u00e9tal : surmonter les probl\u00e8mes d&#039;interf\u00e9rence<\/h2>\n<p><span class=\"AnswerParser_TextContainer__z_Iiv\" data-testid=\"youchat-text\">Les \u00e9tiquettes NFC traditionnelles ont souvent du mal \u00e0 se fixer sur des surfaces m\u00e9talliques en raison des interf\u00e9rences de signal. Nos \u00e9tiquettes NFC \u00e0 vis sur m\u00e9tal sont sp\u00e9cialement con\u00e7ues pour :<\/span><\/p>\n<ul class=\"AnswerParser_AnswerParserUnorderedList__P_1FW\">\n<li class=\"AnswerParser_ListItem__XqLOV\" translate=\"yes\">Maintenir des performances optimales sur les surfaces m\u00e9talliques<\/li>\n<li class=\"AnswerParser_ListItem__XqLOV\" translate=\"yes\">Fournir des plages de lecture coh\u00e9rentes<\/li>\n<li class=\"AnswerParser_ListItem__XqLOV\" translate=\"yes\">\u00c9limine le besoin d&#039;entretoises ou d&#039;adh\u00e9sifs suppl\u00e9mentaires<\/li>\n<\/ul>\n<p><span class=\"AnswerParser_TextContainer__z_Iiv\" data-testid=\"youchat-text\">En utilisant une technologie anti-m\u00e9tal avanc\u00e9e, ces \u00e9tiquettes garantissent une communication fiable m\u00eame lorsqu&#039;elles sont fix\u00e9es directement sur des objets m\u00e9talliques.<\/span><\/p>\n<h2 class=\"AnswerParser_AnswerParserH2__SIHnF\">Int\u00e9gration facile : compatible avec votre infrastructure NFC existante<\/h2>\n<p><span class=\"AnswerParser_TextContainer__z_Iiv\" data-testid=\"youchat-text\">Nos \u00e9tiquettes NFC \u00e0 vis sur m\u00e9tal sont con\u00e7ues pour s&#039;int\u00e9grer parfaitement \u00e0 votre \u00e9cosyst\u00e8me NFC actuel. Elles sont :<\/span><\/p>\n<ul class=\"AnswerParser_AnswerParserUnorderedList__P_1FW\">\n<li class=\"AnswerParser_ListItem__XqLOV\" translate=\"yes\">Compatible avec tous les lecteurs NFC standards<\/li>\n<li class=\"AnswerParser_ListItem__XqLOV\" translate=\"yes\">Facilement programmable \u00e0 l&#039;aide de smartphones compatibles NFC<\/li>\n<li class=\"AnswerParser_ListItem__XqLOV\" translate=\"yes\">Convient aux appareils Android et iOS<\/li>\n<\/ul>\n<p><span class=\"AnswerParser_TextContainer__z_Iiv\" data-testid=\"youchat-text\">Cette polyvalence garantit que vous pouvez impl\u00e9menter ces balises sans avoir recours \u00e0 des mises \u00e0 niveau d\u2019infrastructure co\u00fbteuses.<\/span><\/p>\n<h2 class=\"AnswerParser_AnswerParserH2__SIHnF\">Options de personnalisation : adaptez vos balises \u00e0 vos besoins<\/h2>\n<p><span class=\"AnswerParser_TextContainer__z_Iiv\" data-testid=\"youchat-text\">Nous comprenons que chaque entreprise a des exigences uniques. C&#039;est pourquoi nous proposons une gamme d&#039;options de personnalisation pour nos \u00e9tiquettes NFC \u00e0 vis sur m\u00e9tal :<\/span><\/p>\n<ul class=\"AnswerParser_AnswerParserUnorderedList__P_1FW\">\n<li class=\"AnswerParser_ListItem__XqLOV\" translate=\"yes\">Impression personnalis\u00e9e avec votre logo ou votre marque<\/li>\n<li class=\"AnswerParser_ListItem__XqLOV\" translate=\"yes\">Diff\u00e9rentes options de couleurs pour correspondre \u00e0 votre esth\u00e9tique<\/li>\n<li class=\"AnswerParser_ListItem__XqLOV\" translate=\"yes\">Encodage personnalis\u00e9 avec vos donn\u00e9es sp\u00e9cifiques<\/li>\n<\/ul>\n<p><span class=\"AnswerParser_TextContainer__z_Iiv\" data-testid=\"youchat-text\">Notre \u00e9quipe d&#039;experts est pr\u00eate \u00e0 vous aider \u00e0 cr\u00e9er la solution NFC parfaite pour les besoins de votre entreprise.<\/span><\/p>\n<h2 class=\"AnswerParser_AnswerParserH2__SIHnF\">Impact environnemental : solutions NFC durables<\/h2>\n<p><span class=\"AnswerParser_TextContainer__z_Iiv\" data-testid=\"youchat-text\">Dans le monde actuel soucieux de l&#039;environnement, nous nous engageons \u00e0 fournir des solutions NFC durables. Nos \u00e9tiquettes NFC \u00e0 vis sur m\u00e9tal :<\/span><\/p>\n<ul class=\"AnswerParser_AnswerParserUnorderedList__P_1FW\">\n<li class=\"AnswerParser_ListItem__XqLOV\" translate=\"yes\">Sont fabriqu\u00e9s \u00e0 partir de mat\u00e9riaux recyclables<\/li>\n<li class=\"AnswerParser_ListItem__XqLOV\" translate=\"yes\">Avoir une longue dur\u00e9e de vie, r\u00e9duisant les d\u00e9chets<\/li>\n<li class=\"AnswerParser_ListItem__XqLOV\" translate=\"yes\">Contribuer aux syst\u00e8mes sans papier, r\u00e9duisant ainsi l&#039;impact environnemental global<\/li>\n<\/ul>\n<p><span class=\"AnswerParser_TextContainer__z_Iiv\" data-testid=\"youchat-text\">En choisissant nos \u00e9tiquettes, vous investissez non seulement dans une technologie de pointe, mais \u00e9galement dans un avenir plus durable.<\/span><\/p>\n<h2 class=\"AnswerParser_AnswerParserH2__SIHnF\">Solution \u00e9conomique : maximisez votre retour sur investissement<\/h2>\n<p><span class=\"AnswerParser_TextContainer__z_Iiv\" data-testid=\"youchat-text\">Bien que le co\u00fbt initial des \u00e9tiquettes \u00e0 vis NFC sur m\u00e9tal puisse \u00eatre plus \u00e9lev\u00e9 que celui des \u00e9tiquettes autocollantes traditionnelles, elles offrent des avantages significatifs \u00e0 long terme :<\/span><\/p>\n<ul class=\"AnswerParser_AnswerParserUnorderedList__P_1FW\">\n<li class=\"AnswerParser_ListItem__XqLOV\" translate=\"yes\">Co\u00fbts de remplacement r\u00e9duits gr\u00e2ce \u00e0 une durabilit\u00e9 sup\u00e9rieure<\/li>\n<li class=\"AnswerParser_ListItem__XqLOV\" translate=\"yes\">Am\u00e9lioration de l&#039;efficacit\u00e9 dans le suivi et la gestion des actifs<\/li>\n<li class=\"AnswerParser_ListItem__XqLOV\" translate=\"yes\">Potentiel de rationalisation des op\u00e9rations et d\u2019\u00e9conomies de co\u00fbts<\/li>\n<\/ul>\n<p><span class=\"AnswerParser_TextContainer__z_Iiv\" data-testid=\"youchat-text\">Investir dans nos tags NFC de haute qualit\u00e9 peut g\u00e9n\u00e9rer des retours sur investissement substantiels au fil du temps.<\/span><\/p>\n<h2 class=\"AnswerParser_AnswerParserH2__SIHnF\">Instructions d&#039;installation et d&#039;utilisation faciles<\/h2>\n<p><span class=\"AnswerParser_TextContainer__z_Iiv\" data-testid=\"youchat-text\">La mise en route de nos \u00e9tiquettes \u00e0 vis NFC sur m\u00e9tal est simple\u00a0:<\/span><\/p>\n<ol class=\"AnswerParser_AnswerParserOrderedList__kl_2Y\">\n<li class=\"AnswerParser_ListItem__XqLOV\" translate=\"yes\">Nettoyez la surface m\u00e9tallique sur laquelle vous allez fixer l&#039;\u00e9tiquette<\/li>\n<li class=\"AnswerParser_ListItem__XqLOV\" translate=\"yes\">Utilisez le trou de vis de 3 mm pour fixer solidement l&#039;\u00e9tiquette<\/li>\n<li class=\"AnswerParser_ListItem__XqLOV\" translate=\"yes\">Programmez l&#039;\u00e9tiquette \u00e0 l&#039;aide de votre appareil compatible NFC<\/li>\n<li class=\"AnswerParser_ListItem__XqLOV\" translate=\"yes\">Commencez \u00e0 utiliser votre tag NFC nouvellement install\u00e9\u00a0!<\/li>\n<\/ol>\n<p><span class=\"AnswerParser_TextContainer__z_Iiv\" data-testid=\"youchat-text\">Pour des instructions d\u00e9taill\u00e9es et des guides de programmation, consultez votre bo\u00eete de r\u00e9ception apr\u00e8s l&#039;achat pour notre manuel d&#039;utilisation complet.<\/span><\/p>\n<h2 class=\"AnswerParser_AnswerParserH2__SIHnF\">Questions fr\u00e9quemment pos\u00e9es<\/h2>\n<p><span class=\"AnswerParser_TextContainer__z_Iiv\" data-testid=\"youchat-text\"><strong>Q\u00a0: Ces \u00e9tiquettes peuvent-elles \u00eatre utilis\u00e9es sur des surfaces non m\u00e9talliques\u00a0?<\/strong>\u00a0<\/span><\/p>\n<p><span class=\"AnswerParser_TextContainer__z_Iiv\" data-testid=\"youchat-text\">R : Oui, bien qu\u2019optimis\u00e9es pour les surfaces m\u00e9talliques, nos \u00e9tiquettes fonctionnent aussi bien sur les mat\u00e9riaux non m\u00e9talliques.<\/span><\/p>\n<p><span class=\"AnswerParser_TextContainer__z_Iiv\" data-testid=\"youchat-text\"><strong>Q\u00a0: Quelle est la port\u00e9e de lecture de ces tags NFC\u00a0?<\/strong>\u00a0<\/span><\/p>\n<p><span class=\"AnswerParser_TextContainer__z_Iiv\" data-testid=\"youchat-text\">R : La port\u00e9e de lecture typique est jusqu&#039;\u00e0 5 cm, selon le dispositif de lecture utilis\u00e9.<\/span><\/p>\n<p><span class=\"AnswerParser_TextContainer__z_Iiv\" data-testid=\"youchat-text\"><strong>Q\u00a0:\u00a0Ces \u00e9tiquettes sont-elles \u00e9tanches\u00a0?<\/strong>\u00a0<\/span><\/p>\n<p><span class=\"AnswerParser_TextContainer__z_Iiv\" data-testid=\"youchat-text\">R : Oui, la construction m\u00e9tallique les rend tr\u00e8s r\u00e9sistants \u00e0 l\u2019eau et aux autres liquides.<\/span><\/p>","protected":false},"excerpt":{"rendered":"<p>Le <strong>\u00c9tiquette \u00e0 vis NFC sur m\u00e9tal<\/strong> est une \u00e9tiquette NFC hautement durable con\u00e7ue sp\u00e9cifiquement pour une utilisation industrielle.<\/p>","protected":false},"featured_media":2582,"template":"","meta":{"_kad_post_transparent":"default","_kad_post_title":"","_kad_post_layout":"default","_kad_post_sidebar_id":"","_kad_post_content_style":"default","_kad_post_vertical_padding":"default","_kad_post_feature":"","_kad_post_feature_position":"","_kad_post_header":false,"_kad_post_footer":false,"_kad_post_classname":""},"product_brand":[],"product_cat":[54],"product_tag":[295,216,290,294],"class_list":{"0":"post-2581","1":"product","2":"type-product","3":"status-publish","4":"has-post-thumbnail","6":"product_cat-hot-selling-rfid-tags","7":"product_tag-nfc-disc-tag","8":"product_tag-nfc-patrol-tag","9":"product_tag-nfc-tag","10":"product_tag-on-metal-nfc-screw-tag","12":"first","13":"instock","14":"shipping-taxable","15":"product-type-simple","16":"entry","17":"content-bg","18":"loop-entry"},"_links":{"self":[{"href":"https:\/\/rfid-laundry-tag.com\/fr\/wp-json\/wp\/v2\/product\/2581","targetHints":{"allow":["GET"]}}],"collection":[{"href":"https:\/\/rfid-laundry-tag.com\/fr\/wp-json\/wp\/v2\/product"}],"about":[{"href":"https:\/\/rfid-laundry-tag.com\/fr\/wp-json\/wp\/v2\/types\/product"}],"version-history":[{"count":1,"href":"https:\/\/rfid-laundry-tag.com\/fr\/wp-json\/wp\/v2\/product\/2581\/revisions"}],"predecessor-version":[{"id":2586,"href":"https:\/\/rfid-laundry-tag.com\/fr\/wp-json\/wp\/v2\/product\/2581\/revisions\/2586"}],"wp:featuredmedia":[{"embeddable":true,"href":"https:\/\/rfid-laundry-tag.com\/fr\/wp-json\/wp\/v2\/media\/2582"}],"wp:attachment":[{"href":"https:\/\/rfid-laundry-tag.com\/fr\/wp-json\/wp\/v2\/media?parent=2581"}],"wp:term":[{"taxonomy":"product_brand","embeddable":true,"href":"https:\/\/rfid-laundry-tag.com\/fr\/wp-json\/wp\/v2\/product_brand?post=2581"},{"taxonomy":"product_cat","embeddable":true,"href":"https:\/\/rfid-laundry-tag.com\/fr\/wp-json\/wp\/v2\/product_cat?post=2581"},{"taxonomy":"product_tag","embeddable":true,"href":"https:\/\/rfid-laundry-tag.com\/fr\/wp-json\/wp\/v2\/product_tag?post=2581"}],"curies":[{"name":"wp","href":"https:\/\/api.w.org\/{rel}","templated":true}]}}