{"id":2571,"date":"2024-09-17T13:42:59","date_gmt":"2024-09-17T13:42:59","guid":{"rendered":"https:\/\/rfid-laundry-tag.com\/?post_type=product&#038;p=2571"},"modified":"2024-09-17T13:43:00","modified_gmt":"2024-09-17T13:43:00","slug":"custom-guard-nfc-token-on-metal","status":"publish","type":"product","link":"https:\/\/rfid-laundry-tag.com\/fr\/custom-guard-nfc-token-on-metal\/","title":{"rendered":"Jeton NFC de protection personnalis\u00e9 sur m\u00e9tal"},"content":{"rendered":"<h3>Jeton NFC de protection personnalis\u00e9 sur m\u00e9tal<\/h3>\n<h3>Principales caract\u00e9ristiques:<\/h3>\n<ul>\n<li><strong>Type de puce<\/strong>:NTAG213, connu pour sa capacit\u00e9 de m\u00e9moire importante, adapt\u00e9e \u00e0 une vari\u00e9t\u00e9 d&#039;applications.<\/li>\n<li><strong>Fonctionnalit\u00e9 sur m\u00e9tal<\/strong>:\u00c9quip\u00e9 d&#039;une couche d&#039;isolation anti-m\u00e9tal de 0,2 mm d&#039;\u00e9paisseur, permettant un fonctionnement NFC fiable sur les surfaces m\u00e9talliques.<\/li>\n<li><strong>Mat\u00e9riel<\/strong>:Fabriqu\u00e9 en plastique PVC lisse et robuste, con\u00e7u pour \u00eatre r\u00e9sistant \u00e0 l&#039;eau et sp\u00e9cifiquement personnalisable avec des logos ou des illustrations ; \u00e9galement disponible en noir.<\/li>\n<li><strong>Adh\u00e9sif<\/strong>:Livr\u00e9 avec du ruban adh\u00e9sif 3M 9448A, un adh\u00e9sif acrylique l\u00e9ger qui offre une forte adh\u00e9rence sur diverses surfaces ; une option sans colle est \u00e9galement disponible.<\/li>\n<li><strong>Options de taille<\/strong>:Disponible dans diff\u00e9rentes formes telles que circulaire (25 mm, 30 mm, 35 mm) et carr\u00e9e (30 mm x 30 mm), avec des tailles personnalis\u00e9es possibles.<\/li>\n<li><strong>Modes de fonctionnement<\/strong>:Prend en charge les fonctions de lecture et d&#039;\u00e9criture pour le stockage et la r\u00e9cup\u00e9ration des donn\u00e9es.<\/li>\n<li><strong>Lire la distance<\/strong>:Capable de lire \u00e0 des distances de 1 \u00e0 30 cm, selon les conditions d&#039;utilisation sp\u00e9cifiques.<\/li>\n<li><strong>Options d&#039;artisanat<\/strong>:Finitions personnalisables, y compris brillant, mat, hologramme et options de num\u00e9rotation laser ou de codes QR.<\/li>\n<\/ul>\n<h3>Applications :<\/h3>\n<ul>\n<li><strong>Contr\u00f4le d&#039;acc\u00e8s<\/strong>:Id\u00e9al pour surveiller et contr\u00f4ler l&#039;acc\u00e8s dans divers environnements.<\/li>\n<li><strong>Automation<\/strong>:Peut \u00eatre utilis\u00e9 dans des syst\u00e8mes automatis\u00e9s \u00e0 des fins de suivi et d\u2019identification.<\/li>\n<li><strong>Gestion des stocks<\/strong>:Utile pour g\u00e9rer les stocks et l&#039;inventaire avec identification en temps r\u00e9el des articles \u00e9tiquet\u00e9s.<\/li>\n<li><strong>Tours de garde<\/strong>:Sp\u00e9cialement con\u00e7u pour une utilisation dans les syst\u00e8mes de rondes de garde, garantissant un suivi efficace du personnel de s\u00e9curit\u00e9.<\/li>\n<\/ul>\n<p>Ce type de jeton NFC combine parfaitement fonctionnalit\u00e9 et facilit\u00e9 d&#039;utilisation, ce qui en fait un excellent choix pour diverses applications NFC dans la s\u00e9curit\u00e9 et la gestion des actifs.<\/p>","protected":false},"excerpt":{"rendered":"<p>Les jetons NFC sur m\u00e9tal ont r\u00e9volutionn\u00e9 la fa\u00e7on dont nous interagissons avec la technologie, en particulier dans le domaine de la s\u00e9curit\u00e9 et de la gestion des actifs.<\/p>","protected":false},"featured_media":2572,"template":"","meta":{"_kad_post_transparent":"default","_kad_post_title":"","_kad_post_layout":"default","_kad_post_sidebar_id":"","_kad_post_content_style":"default","_kad_post_vertical_padding":"default","_kad_post_feature":"","_kad_post_feature_position":"","_kad_post_header":false,"_kad_post_footer":false,"_kad_post_classname":""},"product_brand":[],"product_cat":[54],"product_tag":[],"class_list":{"0":"post-2571","1":"product","2":"type-product","3":"status-publish","4":"has-post-thumbnail","6":"product_cat-hot-selling-rfid-tags","8":"first","9":"instock","10":"shipping-taxable","11":"product-type-simple","12":"entry","13":"content-bg","14":"loop-entry"},"_links":{"self":[{"href":"https:\/\/rfid-laundry-tag.com\/fr\/wp-json\/wp\/v2\/product\/2571","targetHints":{"allow":["GET"]}}],"collection":[{"href":"https:\/\/rfid-laundry-tag.com\/fr\/wp-json\/wp\/v2\/product"}],"about":[{"href":"https:\/\/rfid-laundry-tag.com\/fr\/wp-json\/wp\/v2\/types\/product"}],"version-history":[{"count":2,"href":"https:\/\/rfid-laundry-tag.com\/fr\/wp-json\/wp\/v2\/product\/2571\/revisions"}],"predecessor-version":[{"id":2575,"href":"https:\/\/rfid-laundry-tag.com\/fr\/wp-json\/wp\/v2\/product\/2571\/revisions\/2575"}],"wp:featuredmedia":[{"embeddable":true,"href":"https:\/\/rfid-laundry-tag.com\/fr\/wp-json\/wp\/v2\/media\/2572"}],"wp:attachment":[{"href":"https:\/\/rfid-laundry-tag.com\/fr\/wp-json\/wp\/v2\/media?parent=2571"}],"wp:term":[{"taxonomy":"product_brand","embeddable":true,"href":"https:\/\/rfid-laundry-tag.com\/fr\/wp-json\/wp\/v2\/product_brand?post=2571"},{"taxonomy":"product_cat","embeddable":true,"href":"https:\/\/rfid-laundry-tag.com\/fr\/wp-json\/wp\/v2\/product_cat?post=2571"},{"taxonomy":"product_tag","embeddable":true,"href":"https:\/\/rfid-laundry-tag.com\/fr\/wp-json\/wp\/v2\/product_tag?post=2571"}],"curies":[{"name":"wp","href":"https:\/\/api.w.org\/{rel}","templated":true}]}}