{"id":2567,"date":"2024-09-16T05:27:07","date_gmt":"2024-09-16T05:27:07","guid":{"rendered":"https:\/\/rfid-laundry-tag.com\/?post_type=product&#038;p=2567"},"modified":"2024-09-16T05:27:07","modified_gmt":"2024-09-16T05:27:07","slug":"custom-printing-on-metal-nfc-sticker-ntag213","status":"publish","type":"product","link":"https:\/\/rfid-laundry-tag.com\/fr\/custom-printing-on-metal-nfc-sticker-ntag213\/","title":{"rendered":"Autocollant NFC personnalis\u00e9 avec impression sur m\u00e9tal NTAG213"},"content":{"rendered":"<p><strong>Autocollant NFC sur m\u00e9tal<\/strong>\u00a0\u00e9quip\u00e9 de la fiabilit\u00e9\u00a0<strong>Puce NFC NTAG213<\/strong>Ces autocollants innovants sont con\u00e7us pour fonctionner parfaitement sur des surfaces m\u00e9talliques, offrant ainsi une mani\u00e8re dynamique d&#039;engager les clients, de partager rapidement des informations et d&#039;am\u00e9liorer les strat\u00e9gies marketing. Que vous souhaitiez mettre en valeur votre logo, fournir des informations sur un produit ou stimuler l&#039;interactivit\u00e9 des clients, nos autocollants NFC sur m\u00e9tal sont la solution que vous recherchiez.<\/p>\n<table class=\"has-title is-zebra hight-light-first-column all magic-22\">\n<tbody>\n<tr>\n<td colspan=\"1\" rowspan=\"1\">\n<div class=\"magic-23\" data-spm-anchor-id=\"a2700.details.0.i46.640212393xXGMO\">Nom du produit<\/div>\n<\/td>\n<td colspan=\"4\" rowspan=\"1\">\n<div class=\"magic-24\">Autocollant NFC personnalis\u00e9 avec impression sur m\u00e9tal NTAG213<\/div>\n<\/td>\n<\/tr>\n<tr>\n<td colspan=\"1\" rowspan=\"1\">\n<div class=\"magic-23\">Fr\u00e9quence de travail<\/div>\n<\/td>\n<td colspan=\"4\" rowspan=\"1\">\n<div class=\"magic-24\">13,56 MHz<\/div>\n<\/td>\n<\/tr>\n<tr>\n<td colspan=\"1\" rowspan=\"1\">\n<div class=\"magic-23\">Protocole<\/div>\n<\/td>\n<td colspan=\"4\" rowspan=\"1\">\n<div class=\"magic-24\">\u00a0Forum NFC de type 2 sur la norme ISO14443A<\/div>\n<\/td>\n<\/tr>\n<tr>\n<td colspan=\"1\" rowspan=\"1\">\n<div class=\"magic-23\">Mat\u00e9riel<\/div>\n<\/td>\n<td colspan=\"4\" rowspan=\"1\">\n<div class=\"magic-27\">Papier ou PET blanc ou PVC souple\/dur<\/div>\n<\/td>\n<\/tr>\n<tr>\n<td colspan=\"1\" rowspan=\"1\">\n<div class=\"magic-23\">CI<\/div>\n<\/td>\n<td colspan=\"4\" rowspan=\"1\">\n<div class=\"magic-27\">NXP Ntag213<\/div>\n<\/td>\n<\/tr>\n<tr>\n<td colspan=\"1\" rowspan=\"1\">\n<div class=\"magic-23\">Antenne<\/div>\n<\/td>\n<td colspan=\"4\" rowspan=\"1\">\n<div class=\"magic-27\">Antenne grav\u00e9e<\/div>\n<\/td>\n<\/tr>\n<tr>\n<td colspan=\"1\" rowspan=\"1\">\n<div class=\"magic-23\">Stockage des donn\u00e9es<\/div>\n<\/td>\n<td colspan=\"4\" rowspan=\"1\">\n<div class=\"magic-27\">20 ans<\/div>\n<\/td>\n<\/tr>\n<tr>\n<td colspan=\"1\" rowspan=\"1\">\n<div class=\"magic-23\">Dur\u00e9e de vie de la puce<\/div>\n<\/td>\n<td colspan=\"4\" rowspan=\"1\">\n<div class=\"magic-27\">\u00c9crire l&#039;endurance sur 100 000 cycles<\/div>\n<\/td>\n<\/tr>\n<tr>\n<td colspan=\"1\" rowspan=\"1\">\n<div class=\"magic-23\">Temp\u00e9rature de stockage<\/div>\n<\/td>\n<td colspan=\"4\" rowspan=\"1\">\n<div class=\"magic-27\">-40~+85\u00b0C<\/div>\n<\/td>\n<\/tr>\n<tr>\n<td colspan=\"1\" rowspan=\"1\">\n<div class=\"magic-23\">Temp\u00e9rature de fonctionnement<\/div>\n<\/td>\n<td colspan=\"4\" rowspan=\"1\">\n<div class=\"magic-27\">-20~+75\u00b0C<\/div>\n<\/td>\n<\/tr>\n<tr>\n<td colspan=\"1\" rowspan=\"1\">\n<div class=\"magic-23\">Humidit\u00e9 de stockage<\/div>\n<\/td>\n<td colspan=\"4\" rowspan=\"1\">\n<div class=\"magic-27\">5%\uff5e95%<\/div>\n<\/td>\n<\/tr>\n<tr>\n<td colspan=\"1\" rowspan=\"1\">\n<div class=\"magic-23\">Mode d&#039;installation<\/div>\n<\/td>\n<td colspan=\"4\" rowspan=\"1\">\n<div class=\"magic-27\">Adh\u00e9rer aux objets que nous souhaitons identifier<\/div>\n<\/td>\n<\/tr>\n<tr>\n<td colspan=\"1\" rowspan=\"1\">\n<div class=\"magic-23\">Mode de fonctionnement<\/div>\n<\/td>\n<td colspan=\"4\" rowspan=\"1\">\n<div class=\"magic-27\">Passif (\u00e9tiquettes RFID passives)<\/div>\n<\/td>\n<\/tr>\n<tr>\n<td colspan=\"1\" rowspan=\"1\">\n<div class=\"magic-23\">Service personnalis\u00e9<\/div>\n<\/td>\n<td colspan=\"4\" rowspan=\"1\">\n<div class=\"magic-27\">Pr\u00e9programm\u00e9 : EPC<br \/>\nImpression : logo, UID laser, lettres, code-barres, QR, chiffres, slogan<\/div>\n<\/td>\n<\/tr>\n<tr>\n<td colspan=\"1\" rowspan=\"1\">\n<div class=\"magic-23\">Application<\/div>\n<\/td>\n<td colspan=\"4\" rowspan=\"1\">\n<div class=\"magic-27\">\n<div data-spm-anchor-id=\"a2700.pc-decorate.0.i167.373e3333414ktv\">Paiements sans contact<\/div>\n<div data-spm-anchor-id=\"a2700.pc-decorate.0.i167.373e3333414ktv\">r\u00e9seaux sociaux<\/div>\n<div data-spm-anchor-id=\"a2700.pc-decorate.0.i168.373e3333414ktv\">appareils actifs t\u00e9l\u00e9phones portables, tablettes, ordinateurs<\/div>\n<div data-spm-anchor-id=\"a2700.pc-decorate.0.i168.373e3333414ktv\">Logistique, Retail Mode, bijoux et cosm\u00e9tiques<\/div>\n<div data-spm-anchor-id=\"a2700.pc-decorate.0.i168.373e3333414ktv\">Inspections des machines et \u00e9quipements<\/div>\n<div data-spm-anchor-id=\"a2700.pc-decorate.0.i168.373e3333414ktv\">Identification et contr\u00f4le d&#039;acc\u00e8s\u2026<\/div>\n<\/div>\n<\/td>\n<\/tr>\n<\/tbody>\n<\/table>\n<h2>Pourquoi choisir les autocollants NFC On-Metal Ntag213 ?<\/h2>\n<p>Investir dans des autocollants NFC sur m\u00e9tal augmente non seulement la visibilit\u00e9 de votre marque, mais am\u00e9liore \u00e9galement l&#039;exp\u00e9rience utilisateur.\u00a0<strong>NTAG213<\/strong>\u00a0puce, ces autocollants peuvent stocker et transmettre des donn\u00e9es efficacement. Ils sont livr\u00e9s avec une\u00a0<strong>144 octets<\/strong>\u00a0capacit\u00e9 de stockage, offrant suffisamment d&#039;espace pour les informations essentielles telles que les URL de sites Web, les coordonn\u00e9es ou les offres promotionnelles.<\/p>\n<h3>Principaux avantages des autocollants NFC sur m\u00e9tal<\/h3>\n<ul>\n<li><strong>Personnalisation polyvalente<\/strong>: Personnalisez chaque autocollant avec des logos, des codes-barres ou du texte imprim\u00e9 en CMJN et en noir. Nos autocollants peuvent \u00eatre personnalis\u00e9s pour r\u00e9pondre \u00e0 vos besoins de marque.<\/li>\n<li><strong>Durabilit\u00e9<\/strong>:Con\u00e7us pour r\u00e9sister \u00e0 diverses conditions environnementales, ces autocollants sont con\u00e7us avec une couche de ferrite pour des performances exceptionnelles sur les surfaces m\u00e9talliques.<\/li>\n<li><strong>Facilit\u00e9 d&#039;utilisation<\/strong>:Interaction simple et rapide \u2013 appuyez simplement sur l&#039;autocollant avec votre\u00a0<strong>iPhone<\/strong>\u00a0ou\u00a0<strong>Andro\u00efde<\/strong>\u00a0appareil pour un acc\u00e8s instantan\u00e9 \u00e0 votre contenu sp\u00e9cifi\u00e9.<\/li>\n<\/ul>\n<h2>Comprendre la technologie NFC NTAG213<\/h2>\n<p>La puce NFC NTAG213 est l&#039;une des solutions les plus fiables du secteur NFC, sp\u00e9cialement con\u00e7ue pour assurer la compatibilit\u00e9 avec les appareils iOS et Android. Avec une capacit\u00e9 de m\u00e9moire de\u00a0<strong>144 octets<\/strong>, il contient suffisamment de donn\u00e9es pour les cas d&#039;utilisation essentiels. Ce qui distingue le NTAG213, ce sont ses fonctionnalit\u00e9s anti-collision am\u00e9lior\u00e9es, permettant \u00e0 plusieurs tags NFC de fonctionner simultan\u00e9ment sans conflits.<\/p>\n<p>Lorsque les utilisateurs placent leur smartphone contre un autocollant NFC en m\u00e9tal, ils sont instantan\u00e9ment connect\u00e9s au contenu num\u00e9rique souhait\u00e9 sans avoir \u00e0 t\u00e9l\u00e9charger d&#039;applications.\u00a0<strong>pr\u00eat \u00e0 l&#039;emploi<\/strong>\u00a0La fonctionnalit\u00e9 r\u00e9duit les barri\u00e8res \u00e0 l&#039;interaction, ce qui en fait un outil id\u00e9al pour les entreprises qui cherchent \u00e0 engager efficacement les consommateurs.<\/p>\n<h2>Options de personnalisation pour les autocollants sur m\u00e9tal<\/h2>\n<p>L&#039;un des aspects les plus attrayants des autocollants NFC sur m\u00e9tal est la gamme d&#039;options de personnalisation disponibles. Des formes et des tailles aux choix d&#039;impression, vous pouvez d\u00e9velopper un produit qui r\u00e9sonne avec l&#039;image de votre marque.<\/p>\n<ul>\n<li><strong>Motifs imprim\u00e9s<\/strong>: Utilisez des techniques d&#039;impression de haute qualit\u00e9 pour mettre en valeur des logos dynamiques, des lettres \u00e9l\u00e9gantes et des codes-barres uniques. Choisissez entre des finitions brillantes ou mates pour s&#039;adapter \u00e0 l&#039;esth\u00e9tique de votre produit.<\/li>\n<li><strong>Choix des mat\u00e9riaux<\/strong>:Nos autocollants sur m\u00e9tal peuvent \u00eatre imprim\u00e9s sur divers mat\u00e9riaux, notamment\u00a0<strong>PVC<\/strong>,\u00a0<strong>ANIMAL DE COMPAGNIE<\/strong>, ou\u00a0<strong>Papier<\/strong>, permettant une flexibilit\u00e9 d&#039;utilisation et d&#039;application.<\/li>\n<\/ul>\n<p>Ce niveau de personnalisation garantit que vos autocollants NFC fonctionnent non seulement bien, mais servent \u00e9galement de repr\u00e9sentation visuelle de votre marque.<\/p>\n<h2>Avantages des autocollants NFC anti-m\u00e9tal<\/h2>\n<p>Les autocollants NFC con\u00e7us pour \u00eatre utilis\u00e9s sur des surfaces m\u00e9talliques sont confront\u00e9s \u00e0 des d\u00e9fis uniques. Les autocollants traditionnels \u00e9chouent souvent dans cet environnement, mais nos autocollants NFC anti-m\u00e9tal offrent une solution sup\u00e9rieure :<\/p>\n<ul>\n<li><strong>Couche de ferrite<\/strong>:La couche de ferrite int\u00e9gr\u00e9e permet de contrer efficacement les interf\u00e9rences de signal qui se produisent g\u00e9n\u00e9ralement lorsque des autocollants sont appliqu\u00e9s sur du m\u00e9tal, garantissant ainsi une transmission de donn\u00e9es fluide.<\/li>\n<li><strong>Performances am\u00e9lior\u00e9es<\/strong>:Ces autocollants maintiennent une excellente port\u00e9e de communication et une excellente stabilit\u00e9, favorisant la satisfaction de l&#039;utilisateur et r\u00e9duisant la frustration.<\/li>\n<\/ul>\n<p>En choisissant nos autocollants NFC anti-m\u00e9tal, vous pouvez offrir une exp\u00e9rience ininterrompue \u00e0 vos clients, am\u00e9liorant ainsi l&#039;efficacit\u00e9 de vos campagnes.<\/p>\n<h2>Choisir l&#039;adh\u00e9sif adapt\u00e9 \u00e0 vos besoins<\/h2>\n<p>Il est essentiel de choisir le bon adh\u00e9sif pour vos autocollants NFC sur m\u00e9tal afin de garantir leur long\u00e9vit\u00e9 et leur durabilit\u00e9. Diff\u00e9rentes applications peuvent n\u00e9cessiter diff\u00e9rents types d&#039;adh\u00e9sifs :<\/p>\n<ul>\n<li><strong>Adh\u00e9sif \u00e0 forte adh\u00e9rence<\/strong>:Pour les applications impliquant une exposition \u00e0 l\u2019humidit\u00e9 ou \u00e0 des temp\u00e9ratures variables, un adh\u00e9sif \u00e0 forte adh\u00e9rence est n\u00e9cessaire.<\/li>\n<li><strong>Adh\u00e9sif amovible<\/strong>:Si vous avez besoin d\u2019une application temporaire, pensez aux adh\u00e9sifs amovibles qui permettent un repositionnement ou un retrait facile sans laisser de r\u00e9sidus.<\/li>\n<\/ul>\n<p>En prenant le temps de choisir le bon adh\u00e9sif, vous garantissez la long\u00e9vit\u00e9 et l&#039;efficacit\u00e9 de vos stickers NFC.<\/p>\n<h2>Applications des autocollants NFC sur m\u00e9tal<\/h2>\n<p>La polyvalence des autocollants NFC sur m\u00e9tal signifie qu&#039;ils peuvent \u00eatre utilis\u00e9s dans divers secteurs. Voici quelques applications importantes :<\/p>\n<ul>\n<li><strong>Marketing de d\u00e9tail<\/strong>:Les promotions instantan\u00e9es, les mises \u00e0 jour et les informations sur les produits sont accessibles simplement en appuyant sur un autocollant sur l&#039;\u00e9cran d&#039;un produit.<\/li>\n<li><strong>Gestion d&#039;\u00e9v\u00e9nements<\/strong>:Incorporez des autocollants NFC dans les laissez-passer et les badges d&#039;\u00e9v\u00e9nement pour un acc\u00e8s rapide aux horaires, aux biographies et aux opportunit\u00e9s de r\u00e9seautage.<\/li>\n<li><strong>Suivi des actifs<\/strong>:Les organisations peuvent utiliser ces autocollants pour rationaliser la gestion des stocks. Collez-les sur l&#039;\u00e9quipement pour faciliter l&#039;identification et la surveillance de l&#039;\u00e9tat.<\/li>\n<\/ul>\n<p>Les applications potentielles sont infinies et parfaitement positionn\u00e9es pour am\u00e9liorer l\u2019exp\u00e9rience utilisateur et l\u2019engagement commercial.<\/p>\n<h2>Comparaison avec d&#039;autres tags NFC<\/h2>\n<p>Lorsque l&#039;on envisage des produits NFC, il est essentiel de comprendre comment\u00a0<strong>Tags NFC sur m\u00e9tal<\/strong>\u00a0diff\u00e9rer des autres options.<\/p>\n<ul>\n<li><strong>Performance<\/strong>:Contrairement aux tags NFC standard, les autocollants sur m\u00e9tal offrent des performances sup\u00e9rieures sur les surfaces m\u00e9talliques en raison de leur conception sp\u00e9cifique et de leur support en ferrite.<\/li>\n<li><strong>Capacit\u00e9<\/strong>: Alors que\u00a0<strong>NTAG215<\/strong>\u00a0offres\u00a0<strong>504 octets<\/strong>\u00a0de m\u00e9moire, le NTAG213 est plus que suffisant pour la plupart des applications qui n\u00e9cessitent des liens URL de base ou un petit texte, ce qui en fait un choix \u00e9conomique et efficace.<\/li>\n<\/ul>\n<p>Comprendre ces diff\u00e9rences cl\u00e9s aide les entreprises \u00e0 choisir la solution NFC adapt\u00e9e \u00e0 leurs besoins sp\u00e9cifiques.<\/p>\n<h2>Questions fr\u00e9quemment pos\u00e9es<\/h2>\n<p>Voici quelques questions courantes sur nos autocollants NFC sur m\u00e9tal\u00a0:<\/p>\n<ol>\n<li><strong>Quels appareils sont compatibles avec les autocollants NFC ?<\/strong>\n<ul>\n<li>Les deux\u00a0<strong>iPhone<\/strong>\u00a0et\u00a0<strong>Andro\u00efde<\/strong>\u00a0les appareils prennent en charge la technologie NFC, permettant un large \u00e9ventail d&#039;interactions.<\/li>\n<\/ul>\n<\/li>\n<li><strong>Quelle quantit\u00e9 de donn\u00e9es une puce NFC NTAG213 peut-elle stocker ?<\/strong>\n<ul>\n<li>La puce NTAG213 a une capacit\u00e9 de stockage de\u00a0<strong>144 octets<\/strong>, adapt\u00e9 \u00e0 un texte court ou \u00e0 des liens.<\/li>\n<\/ul>\n<\/li>\n<li><strong>Les autocollants peuvent-ils \u00eatre imprim\u00e9s avec des motifs personnalis\u00e9s ?<\/strong>\n<ul>\n<li>Absolument ! Nos autocollants peuvent \u00eatre personnalis\u00e9s avec vos logos, codes-barres ou tout autre motif d&#039;impression de votre choix.<\/li>\n<\/ul>\n<\/li>\n<\/ol>","protected":false},"excerpt":{"rendered":"<p>D\u00e9couvrez l&#039;autocollant NFC sur m\u00e9tal polyvalent NTAG213. Personnalisez-le pour la marque, profitez de la durabilit\u00e9 et d\u00e9bloquez des interactions instantan\u00e9es avec les smartphones\u00a0!<\/p>","protected":false},"featured_media":2568,"template":"","meta":{"_kad_post_transparent":"default","_kad_post_title":"","_kad_post_layout":"default","_kad_post_sidebar_id":"","_kad_post_content_style":"default","_kad_post_vertical_padding":"default","_kad_post_feature":"","_kad_post_feature_position":"","_kad_post_header":false,"_kad_post_footer":false,"_kad_post_classname":""},"product_brand":[],"product_cat":[54],"product_tag":[290,291,289],"class_list":{"0":"post-2567","1":"product","2":"type-product","3":"status-publish","4":"has-post-thumbnail","6":"product_cat-hot-selling-rfid-tags","7":"product_tag-nfc-tag","8":"product_tag-ntag213-nfc-label","9":"product_tag-on-metal-nfc-sticker-ntag213","11":"first","12":"instock","13":"shipping-taxable","14":"product-type-simple","15":"entry","16":"content-bg","17":"loop-entry"},"_links":{"self":[{"href":"https:\/\/rfid-laundry-tag.com\/fr\/wp-json\/wp\/v2\/product\/2567","targetHints":{"allow":["GET"]}}],"collection":[{"href":"https:\/\/rfid-laundry-tag.com\/fr\/wp-json\/wp\/v2\/product"}],"about":[{"href":"https:\/\/rfid-laundry-tag.com\/fr\/wp-json\/wp\/v2\/types\/product"}],"version-history":[{"count":2,"href":"https:\/\/rfid-laundry-tag.com\/fr\/wp-json\/wp\/v2\/product\/2567\/revisions"}],"predecessor-version":[{"id":2570,"href":"https:\/\/rfid-laundry-tag.com\/fr\/wp-json\/wp\/v2\/product\/2567\/revisions\/2570"}],"wp:featuredmedia":[{"embeddable":true,"href":"https:\/\/rfid-laundry-tag.com\/fr\/wp-json\/wp\/v2\/media\/2568"}],"wp:attachment":[{"href":"https:\/\/rfid-laundry-tag.com\/fr\/wp-json\/wp\/v2\/media?parent=2567"}],"wp:term":[{"taxonomy":"product_brand","embeddable":true,"href":"https:\/\/rfid-laundry-tag.com\/fr\/wp-json\/wp\/v2\/product_brand?post=2567"},{"taxonomy":"product_cat","embeddable":true,"href":"https:\/\/rfid-laundry-tag.com\/fr\/wp-json\/wp\/v2\/product_cat?post=2567"},{"taxonomy":"product_tag","embeddable":true,"href":"https:\/\/rfid-laundry-tag.com\/fr\/wp-json\/wp\/v2\/product_tag?post=2567"}],"curies":[{"name":"wp","href":"https:\/\/api.w.org\/{rel}","templated":true}]}}