{"id":2559,"date":"2024-09-16T05:02:04","date_gmt":"2024-09-16T05:02:04","guid":{"rendered":"https:\/\/rfid-laundry-tag.com\/?post_type=product&#038;p=2559"},"modified":"2024-09-16T05:02:05","modified_gmt":"2024-09-16T05:02:05","slug":"custom-on-metal-nfc-sticker","status":"publish","type":"product","link":"https:\/\/rfid-laundry-tag.com\/fr\/custom-on-metal-nfc-sticker\/","title":{"rendered":"Autocollant NFC personnalis\u00e9 sur m\u00e9tal"},"content":{"rendered":"<h1>Autocollant NFC personnalis\u00e9 sur m\u00e9tal<\/h1>\n<table class=\"is-zebra all magic-11\">\n<tbody>\n<tr>\n<td colspan=\"1\" rowspan=\"1\">\n<div class=\"magic-12\">\n<div class=\"magic-7\" data-spm-anchor-id=\"a2700.details.0.i36.1f0c15c2i7ObkG\"><b class=\"magic-13\" data-spm-anchor-id=\"a2700.pc-decorate.0.i38.639a3333UiH69N\">Nom du produit<\/b><\/div>\n<\/div>\n<\/td>\n<td colspan=\"1\" rowspan=\"1\">\n<div class=\"magic-14\">Autocollant NFC anti-m\u00e9tal<\/div>\n<\/td>\n<td colspan=\"1\" rowspan=\"1\">\n<div class=\"magic-15\">\n<div class=\"magic-7\"><b class=\"magic-13\" data-spm-anchor-id=\"a2700.pc-decorate.0.i36.639a3333UiH69N\">Protocole de puce<\/b><\/div>\n<\/div>\n<\/td>\n<td colspan=\"1\" rowspan=\"1\">\n<div class=\"magic-16\">ISO\/14443 A<\/div>\n<\/td>\n<\/tr>\n<tr>\n<td colspan=\"1\" rowspan=\"1\">\n<div class=\"magic-12\">\n<div class=\"magic-7\"><b class=\"magic-13\" data-spm-anchor-id=\"a2700.pc-decorate.0.i4.10f43333bOcIYi\">Mod\u00e8le de puce<\/b><\/div>\n<\/div>\n<\/td>\n<td colspan=\"3\" rowspan=\"1\">\n<div class=\"magic-17\">NTAG\u00ae 213\/NTAG\u00ae 215\/NTAG\u00ae 216<\/div>\n<\/td>\n<\/tr>\n<tr>\n<td colspan=\"1\" rowspan=\"1\">\n<div class=\"magic-12\">\n<div class=\"magic-7\"><b class=\"magic-13\">Stockage\/Utilisateurs<\/b><\/div>\n<\/div>\n<\/td>\n<td colspan=\"1\" rowspan=\"1\">\n<div class=\"magic-14\">144\/504\/888<\/div>\n<\/td>\n<td colspan=\"1\" rowspan=\"1\">\n<div class=\"magic-15\">\n<div class=\"magic-7\" data-spm-anchor-id=\"a2700.pc-decorate.0.i73.639a3333UiH69N\"><b>Fr\u00e9quence de la puce<\/b><\/div>\n<\/div>\n<\/td>\n<td colspan=\"1\" rowspan=\"1\">\n<div class=\"magic-16\">13,56 MHz<\/div>\n<\/td>\n<\/tr>\n<tr>\n<td colspan=\"1\" rowspan=\"1\">\n<div class=\"magic-12\">\n<div class=\"magic-7\" data-spm-anchor-id=\"a2700.pc-decorate.0.i154.639a3333UiH69N\"><b class=\"magic-13\" data-spm-anchor-id=\"a2700.pc-decorate.0.i91.639a3333UiH69N\">taille du produit<\/b><\/div>\n<\/div>\n<\/td>\n<td colspan=\"3\" rowspan=\"1\">\n<div class=\"magic-17\">Diam\u00e8tre 25 mm, diam\u00e8tre 30 mm, 30 x 30 mm, 40 x 25 mm, 35 x 25 mm ou personnalis\u00e9<\/div>\n<\/td>\n<\/tr>\n<tr>\n<td colspan=\"1\" rowspan=\"1\">\n<div class=\"magic-12\">\n<div class=\"magic-7\" data-spm-anchor-id=\"a2700.pc-decorate.0.i98.639a3333UiH69N\"><b class=\"magic-13\">Effacer et \u00e9crire les heures<\/b><\/div>\n<\/div>\n<\/td>\n<td colspan=\"1\" rowspan=\"1\">\n<div class=\"magic-14\">\u2265100 000 fois<\/div>\n<\/td>\n<td colspan=\"1\" rowspan=\"1\">\n<div class=\"magic-15\">\n<div class=\"magic-7\"><b class=\"magic-13\">Distance de d\u00e9tection<\/b><\/div>\n<\/div>\n<\/td>\n<td colspan=\"1\" rowspan=\"1\">\n<div class=\"magic-16\">Dans les 10 cm<\/div>\n<\/td>\n<\/tr>\n<tr>\n<td colspan=\"1\" rowspan=\"1\">\n<div class=\"magic-12\">\n<div class=\"magic-7\"><b>Conditionnement<\/b><\/div>\n<\/div>\n<\/td>\n<td colspan=\"3\" rowspan=\"1\">\n<div class=\"magic-20\">1000-5000 pi\u00e8ces\/rouleau, 4 rouleaux\/carton<\/div>\n<\/td>\n<\/tr>\n<tr>\n<td colspan=\"1\" rowspan=\"1\">\n<div class=\"magic-23\"><b>Description du produit<\/b><\/div>\n<\/td>\n<td colspan=\"3\" rowspan=\"1\">\n<div class=\"magic-20\">\u00c9tiquette NFC passive pour inlays, \u00e9tiquettes et tags intelligents<\/div>\n<\/td>\n<\/tr>\n<tr>\n<td colspan=\"1\" rowspan=\"1\">\n<div class=\"magic-26\">\n<div class=\"magic-7\" data-spm-anchor-id=\"a2700.pc-decorate.0.i15.458b3333cr4pua\"><b class=\"magic-13\" data-spm-anchor-id=\"a2700.pc-decorate.0.i14.458b3333cr4pua\"><br \/>\nApplication<\/b><\/div>\n<\/div>\n<\/td>\n<td colspan=\"3\" rowspan=\"1\">\n<div class=\"magic-27\" data-spm-anchor-id=\"a2700.details.0.i34.1f0c15c2i7ObkG\">Contr\u00f4le d&#039;admission s\u00e9curis\u00e9\/Paiement sans esp\u00e8ces Programmes d&#039;adh\u00e9sion et de fid\u00e9lit\u00e9<br \/>\nAcc\u00e8s aux \u00e9v\u00e9nements et image de marque\/r\u00e9seaux sociaux\/vente au d\u00e9tail<br \/>\nEnvironnement\/Jeux et jouets Localisation\/Electronique\/Salons professionnels<br \/>\nEv\u00e9nements\/Demande d&#039;appel\/Cartes de visite<\/div>\n<\/td>\n<\/tr>\n<\/tbody>\n<\/table>\n<h2 class=\"AnswerParser_AnswerParserH2__SIHnF\"><img fetchpriority=\"high\" decoding=\"async\" class=\"alignnone size-full wp-image-2560\" src=\"https:\/\/rfid-laundry-tag.com\/wp-content\/uploads\/2024\/09\/on-metal-NFC-sticker.jpg\" alt=\"\" width=\"790\" height=\"956\" srcset=\"https:\/\/rfid-laundry-tag.com\/wp-content\/uploads\/2024\/09\/on-metal-NFC-sticker.jpg 790w, https:\/\/rfid-laundry-tag.com\/wp-content\/uploads\/2024\/09\/on-metal-NFC-sticker-248x300.jpg 248w, https:\/\/rfid-laundry-tag.com\/wp-content\/uploads\/2024\/09\/on-metal-NFC-sticker-768x929.jpg 768w, https:\/\/rfid-laundry-tag.com\/wp-content\/uploads\/2024\/09\/on-metal-NFC-sticker-10x12.jpg 10w, https:\/\/rfid-laundry-tag.com\/wp-content\/uploads\/2024\/09\/on-metal-NFC-sticker-600x726.jpg 600w\" sizes=\"(max-width: 790px) 100vw, 790px\" \/>Que sont les autocollants NFC On-Metal ?<\/h2>\n<p><span class=\"AnswerParser_TextContainer__z_Iiv\" data-testid=\"youchat-text\"><strong>Autocollants NFC sur m\u00e9tal<\/strong>\u00a0sont sp\u00e9cialement con\u00e7us pour adh\u00e9rer aux surfaces m\u00e9talliques tout en conservant des performances optimales. Ces autocollants int\u00e8grent\u00a0<strong>Technologie NFC<\/strong>, permettant aux appareils de communiquer sans fil lorsqu&#039;ils sont \u00e0 proximit\u00e9. Une puce NFC est int\u00e9gr\u00e9e \u00e0 chaque autocollant, comme le\u00a0<strong>NTAG213<\/strong>\u00a0ou\u00a0<strong>NTAG215<\/strong>, qui permet une vari\u00e9t\u00e9 de fonctionnalit\u00e9s, notamment le transfert de donn\u00e9es, les paiements sans contact et le d\u00e9verrouillage des appareils.<\/span><span class=\"AnswerParser_TextContainer__z_Iiv\" data-testid=\"youchat-text\">La polyvalence de ces autocollants signifie qu&#039;ils peuvent \u00eatre fix\u00e9s sur des smartphones, des tablettes, des ordinateurs et d&#039;autres supports m\u00e9talliques, ce qui les rend id\u00e9aux pour une large gamme d&#039;applications.<\/span><\/p>\n<h2 class=\"AnswerParser_AnswerParserH2__SIHnF\">Comment fonctionnent les autocollants NFC sur m\u00e9tal\u00a0?<\/h2>\n<p><span class=\"AnswerParser_TextContainer__z_Iiv\" data-testid=\"youchat-text\">Les autocollants NFC sur m\u00e9tal fonctionnent \u00e0 l&#039;aide\u00a0<strong>Communication en champ proche (NFC)<\/strong>\u00a0technologie qui permet une communication sans fil \u00e0 courte port\u00e9e entre les appareils. Voici comment fonctionne le processus\u00a0:<\/span><\/p>\n<ol class=\"AnswerParser_AnswerParserOrderedList__kl_2Y\">\n<li class=\"AnswerParser_ListItem__XqLOV\" translate=\"yes\"><strong>Activation<\/strong>:Lorsqu&#039;un appareil compatible NFC, tel qu&#039;un\u00a0<strong>Andro\u00efde<\/strong>\u00a0t\u00e9l\u00e9phone intelligent ou\u00a0<strong>iPhone<\/strong>s&#039;approche de l&#039;autocollant NFC, l&#039;appareil active l&#039;autocollant.<\/li>\n<li class=\"AnswerParser_ListItem__XqLOV\" translate=\"yes\"><strong>\u00c9change de donn\u00e9es<\/strong>:La puce NFC int\u00e9gr\u00e9e \u00e0 l&#039;autocollant transmet des donn\u00e9es \u00e0 l&#039;appareil. Ces donn\u00e9es peuvent inclure des URL, des informations de contact ou des commandes permettant d&#039;effectuer des actions sp\u00e9cifiques.<\/li>\n<li class=\"AnswerParser_ListItem__XqLOV\" translate=\"yes\"><strong>Ex\u00e9cution de l&#039;action<\/strong>:Une fois les donn\u00e9es re\u00e7ues, l&#039;appareil peut ex\u00e9cuter l&#039;action correspondante, comme ouvrir un site Web ou ajouter un contact.<\/li>\n<\/ol>\n<p><span class=\"AnswerParser_TextContainer__z_Iiv\" data-testid=\"youchat-text\">Cette interaction transparente am\u00e9liore l\u2019exp\u00e9rience utilisateur et offre un moyen pratique d\u2019acc\u00e9der aux informations ou aux services.<\/span><\/p>\n<h2 class=\"AnswerParser_AnswerParserH2__SIHnF\">Avantages des autocollants NFC personnalisables sur m\u00e9tal<\/h2>\n<p><span class=\"AnswerParser_TextContainer__z_Iiv\" data-testid=\"youchat-text\">L&#039;utilisation d&#039;autocollants NFC personnalisables sur m\u00e9tal offre de nombreux avantages :<\/span><\/p>\n<ul class=\"AnswerParser_AnswerParserUnorderedList__P_1FW\">\n<li class=\"AnswerParser_ListItem__XqLOV\" translate=\"yes\"><strong>Connectivit\u00e9 am\u00e9lior\u00e9e<\/strong>:Ces autocollants permettent des connexions rapides et faciles entre les appareils, permettant un acc\u00e8s instantan\u00e9 aux informations et aux services.<\/li>\n<li class=\"AnswerParser_ListItem__XqLOV\" translate=\"yes\"><strong>Conception personnalisable<\/strong>:Avec des options pour les logos, le texte et les codes QR, les entreprises peuvent cr\u00e9er une identit\u00e9 unique tout en int\u00e9grant la technologie NFC dans leurs produits.<\/li>\n<li class=\"AnswerParser_ListItem__XqLOV\" translate=\"yes\"><strong>Durabilit\u00e9<\/strong>:Con\u00e7us pour r\u00e9sister \u00e0 diverses conditions, ces autocollants sont fabriqu\u00e9s avec des mat\u00e9riaux tels que le PET et le PVC, garantissant qu&#039;ils restent fonctionnels m\u00eame dans des environnements difficiles.<\/li>\n<\/ul>\n<p><span class=\"AnswerParser_TextContainer__z_Iiv\" data-testid=\"youchat-text\">Ces avantages font des autocollants NFC sur m\u00e9tal une option attrayante pour les entreprises et les particuliers cherchant \u00e0 am\u00e9liorer leurs produits avec des fonctionnalit\u00e9s NFC.<\/span><\/p>\n<h2 class=\"AnswerParser_AnswerParserH2__SIHnF\">Options de personnalisation disponibles<\/h2>\n<p><span class=\"AnswerParser_TextContainer__z_Iiv\" data-testid=\"youchat-text\">L&#039;une des caract\u00e9ristiques les plus remarquables des autocollants NFC sur m\u00e9tal est leur possibilit\u00e9 de personnalisation. Les clients peuvent choisir parmi une vari\u00e9t\u00e9 de formes et de tailles, ainsi que les am\u00e9liorations suivantes\u00a0:<\/span><\/p>\n<ul class=\"AnswerParser_AnswerParserUnorderedList__P_1FW\">\n<li class=\"AnswerParser_ListItem__XqLOV\" translate=\"yes\"><strong>Logo et image de marque<\/strong>:Incorporez le logo de votre entreprise ou des \u00e9l\u00e9ments de marque pour cr\u00e9er une apparence coh\u00e9rente.<\/li>\n<li class=\"AnswerParser_ListItem__XqLOV\" translate=\"yes\"><strong>Codes QR<\/strong>:Ajoutez des codes QR pour une num\u00e9risation facile et un acc\u00e8s \u00e0 des informations suppl\u00e9mentaires.<\/li>\n<li class=\"AnswerParser_ListItem__XqLOV\" translate=\"yes\"><strong>Couleur et finition<\/strong>: Choisissez parmi des finitions brillantes ou mates en impression CMJN pour obtenir l&#039;esth\u00e9tique souhait\u00e9e.<\/li>\n<\/ul>\n<p><span class=\"AnswerParser_TextContainer__z_Iiv\" data-testid=\"youchat-text\">Ces options de personnalisation permettent aux utilisateurs d&#039;adapter les autocollants \u00e0 leurs besoins sp\u00e9cifiques et \u00e0 leurs exigences de marque.<\/span><\/p>\n<h2 class=\"AnswerParser_AnswerParserH2__SIHnF\">Applications des autocollants NFC sur m\u00e9tal<\/h2>\n<p><span class=\"AnswerParser_TextContainer__z_Iiv\" data-testid=\"youchat-text\">Les autocollants NFC sur m\u00e9tal peuvent \u00eatre utilis\u00e9s dans une multitude d\u2019applications, notamment\u00a0:<\/span><\/p>\n<ul class=\"AnswerParser_AnswerParserUnorderedList__P_1FW\">\n<li class=\"AnswerParser_ListItem__XqLOV\" translate=\"yes\"><strong>Emballage du produit<\/strong>: Am\u00e9liorez l&#039;emballage des produits avec des fonctionnalit\u00e9s NFC, permettant aux clients d&#039;acc\u00e9der \u00e0 des informations d\u00e9taill\u00e9es ou \u00e0 des offres promotionnelles simplement en appuyant sur leur smartphone.<\/li>\n<li class=\"AnswerParser_ListItem__XqLOV\" translate=\"yes\"><strong>Gestion d&#039;actifs<\/strong>:Les entreprises peuvent utiliser des autocollants NFC pour suivre et g\u00e9rer leurs actifs, facilitant ainsi la surveillance des stocks et r\u00e9duisant les pertes.<\/li>\n<li class=\"AnswerParser_ListItem__XqLOV\" translate=\"yes\"><strong>Marketing et promotions<\/strong>: Engagez les clients avec des campagnes marketing interactives qui utilisent des autocollants NFC pour fournir un acc\u00e8s instantan\u00e9 au contenu ou aux r\u00e9compenses.<\/li>\n<\/ul>\n<p><span class=\"AnswerParser_TextContainer__z_Iiv\" data-testid=\"youchat-text\">Ces applications d\u00e9montrent la polyvalence et l\u2019efficacit\u00e9 des autocollants NFC sur m\u00e9tal pour am\u00e9liorer l\u2019exp\u00e9rience utilisateur et l\u2019efficacit\u00e9 op\u00e9rationnelle.<\/span><\/p>\n<h2 class=\"AnswerParser_AnswerParserH2__SIHnF\">Instructions d&#039;installation et d&#039;utilisation<\/h2>\n<p><span class=\"AnswerParser_TextContainer__z_Iiv\" data-testid=\"youchat-text\">L&#039;installation d&#039;autocollants NFC sur m\u00e9tal est un processus simple et direct\u00a0:<\/span><\/p>\n<ol class=\"AnswerParser_AnswerParserOrderedList__kl_2Y\">\n<li class=\"AnswerParser_ListItem__XqLOV\" translate=\"yes\"><strong>Nettoyer la surface<\/strong>: Assurez-vous que la surface m\u00e9tallique est propre et s\u00e8che avant l&#039;application pour une adh\u00e9rence optimale.<\/li>\n<li class=\"AnswerParser_ListItem__XqLOV\" translate=\"yes\"><strong>Peler et coller<\/strong>:D\u00e9collez soigneusement le support de l&#039;autocollant et appuyez-le fermement sur la surface souhait\u00e9e.<\/li>\n<li class=\"AnswerParser_ListItem__XqLOV\" translate=\"yes\"><strong>Testez la fonctionnalit\u00e9 NFC<\/strong>:Utilisez un appareil compatible NFC pour tester l\u2019autocollant et vous assurer qu\u2019il fonctionne comme pr\u00e9vu.<\/li>\n<\/ol>\n<p><span class=\"AnswerParser_TextContainer__z_Iiv\" data-testid=\"youchat-text\">En suivant ces \u00e9tapes, les utilisateurs peuvent utiliser efficacement les autocollants NFC sur m\u00e9tal aux fins pr\u00e9vues.<\/span><\/p>\n<h2 class=\"AnswerParser_AnswerParserH2__SIHnF\">Caract\u00e9ristiques de s\u00e9curit\u00e9 des autocollants NFC<\/h2>\n<p><span class=\"AnswerParser_TextContainer__z_Iiv\" data-testid=\"youchat-text\">La s\u00e9curit\u00e9 est un \u00e9l\u00e9ment essentiel \u00e0 prendre en compte lors de l&#039;utilisation de la technologie NFC. Les autocollants NFC sur m\u00e9tal sont \u00e9quip\u00e9s de plusieurs fonctionnalit\u00e9s pour am\u00e9liorer la s\u00e9curit\u00e9 :<\/span><\/p>\n<ul class=\"AnswerParser_AnswerParserUnorderedList__P_1FW\">\n<li class=\"AnswerParser_ListItem__XqLOV\" translate=\"yes\"><strong>Cryptage des donn\u00e9es<\/strong>:De nombreuses puces NFC prennent en charge le cryptage, garantissant que les donn\u00e9es transmises entre l&#039;autocollant et le lecteur sont s\u00e9curis\u00e9es.<\/li>\n<li class=\"AnswerParser_ListItem__XqLOV\" translate=\"yes\"><strong>R\u00e9sistance \u00e0 l&#039;effraction<\/strong>:Certains autocollants sont con\u00e7us pour montrer des signes visibles de falsification si quelqu&#039;un tente de les retirer ou de les modifier.<\/li>\n<li class=\"AnswerParser_ListItem__XqLOV\" translate=\"yes\"><strong>Port\u00e9e limit\u00e9e<\/strong>:La courte port\u00e9e de la technologie NFC minimise le risque d\u2019acc\u00e8s non autoris\u00e9, car les appareils doivent \u00eatre \u00e0 proximit\u00e9 pour interagir.<\/li>\n<\/ul>\n<p><span class=\"AnswerParser_TextContainer__z_Iiv\" data-testid=\"youchat-text\">Ces fonctionnalit\u00e9s de s\u00e9curit\u00e9 font des autocollants NFC sur m\u00e9tal un choix fiable pour diverses applications.<\/span><\/p>\n<h2 class=\"AnswerParser_AnswerParserH2__SIHnF\">Impact environnemental des autocollants NFC sur m\u00e9tal<\/h2>\n<p><span class=\"AnswerParser_TextContainer__z_Iiv\" data-testid=\"youchat-text\">La production et l&#039;utilisation d&#039;autocollants NFC sur m\u00e9tal peuvent avoir un impact positif sur l&#039;environnement si elles sont g\u00e9r\u00e9es de mani\u00e8re responsable. De nombreux fabricants produisent d\u00e9sormais\u00a0<strong>autocollants NFC recyclables<\/strong>, contribuant ainsi \u00e0 r\u00e9duire les d\u00e9chets plastiques. De plus, en permettant les transactions sans contact et le partage d\u2019informations, la technologie NFC peut contribuer \u00e0 r\u00e9duire la d\u00e9pendance aux mat\u00e9riaux papier, contribuant ainsi davantage aux efforts de d\u00e9veloppement durable.<\/span><\/p>\n<h2 class=\"AnswerParser_AnswerParserH2__SIHnF\">FAQ sur les autocollants NFC personnalisables sur m\u00e9tal<\/h2>\n<p><span class=\"AnswerParser_TextContainer__z_Iiv\" data-testid=\"youchat-text\"><strong>Q\u00a0:\u00a0Les autocollants NFC sur m\u00e9tal peuvent-ils \u00eatre r\u00e9utilis\u00e9s\u00a0?<\/strong><br \/>\nR : Alors que la plupart des autocollants NFC sur m\u00e9tal sont con\u00e7us pour une utilisation unique, certaines options r\u00e9inscriptibles permettent des utilisations multiples, en fonction de la puce NFC utilis\u00e9e.<\/span><\/p>\n<p><span class=\"AnswerParser_TextContainer__z_Iiv\" data-testid=\"youchat-text\"><strong>Q\u00a0: Quels appareils sont compatibles avec les autocollants NFC sur m\u00e9tal\u00a0?<\/strong><br \/>\nR : Les autocollants NFC sur m\u00e9tal sont compatibles avec la plupart des appareils compatibles NFC, y compris les smartphones Android et les iPhones.<\/span><\/p>\n<p><span class=\"AnswerParser_TextContainer__z_Iiv\" data-testid=\"youchat-text\"><strong>Q : Ces autocollants sont-ils imperm\u00e9ables ?<\/strong><br \/>\nR : Oui, les autocollants NFC sur m\u00e9tal sont con\u00e7us pour \u00eatre r\u00e9sistants \u00e0 l\u2019eau, ce qui les rend adapt\u00e9s aux applications int\u00e9rieures et ext\u00e9rieures.<\/span><\/p>","protected":false},"excerpt":{"rendered":"<p>Les autocollants NFC sur m\u00e9tal sont sp\u00e9cialement con\u00e7us pour adh\u00e9rer aux surfaces m\u00e9talliques tout en conservant des performances optimales. Chaque autocollant int\u00e8gre une puce NFC, telle que la NTAG213 ou la NTAG215.<\/p>","protected":false},"featured_media":2561,"template":"","meta":{"_kad_post_transparent":"default","_kad_post_title":"","_kad_post_layout":"default","_kad_post_sidebar_id":"","_kad_post_content_style":"default","_kad_post_vertical_padding":"default","_kad_post_feature":"","_kad_post_feature_position":"","_kad_post_header":false,"_kad_post_footer":false,"_kad_post_classname":""},"product_brand":[],"product_cat":[54],"product_tag":[288,286,287],"class_list":{"0":"post-2559","1":"product","2":"type-product","3":"status-publish","4":"has-post-thumbnail","6":"product_cat-hot-selling-rfid-tags","7":"product_tag-on-metal-nfc-label","8":"product_tag-on-metal-nfc-sticker","9":"product_tag-on-metal-nfc-tag","11":"first","12":"instock","13":"shipping-taxable","14":"product-type-simple","15":"entry","16":"content-bg","17":"loop-entry"},"_links":{"self":[{"href":"https:\/\/rfid-laundry-tag.com\/fr\/wp-json\/wp\/v2\/product\/2559","targetHints":{"allow":["GET"]}}],"collection":[{"href":"https:\/\/rfid-laundry-tag.com\/fr\/wp-json\/wp\/v2\/product"}],"about":[{"href":"https:\/\/rfid-laundry-tag.com\/fr\/wp-json\/wp\/v2\/types\/product"}],"version-history":[{"count":2,"href":"https:\/\/rfid-laundry-tag.com\/fr\/wp-json\/wp\/v2\/product\/2559\/revisions"}],"predecessor-version":[{"id":2566,"href":"https:\/\/rfid-laundry-tag.com\/fr\/wp-json\/wp\/v2\/product\/2559\/revisions\/2566"}],"wp:featuredmedia":[{"embeddable":true,"href":"https:\/\/rfid-laundry-tag.com\/fr\/wp-json\/wp\/v2\/media\/2561"}],"wp:attachment":[{"href":"https:\/\/rfid-laundry-tag.com\/fr\/wp-json\/wp\/v2\/media?parent=2559"}],"wp:term":[{"taxonomy":"product_brand","embeddable":true,"href":"https:\/\/rfid-laundry-tag.com\/fr\/wp-json\/wp\/v2\/product_brand?post=2559"},{"taxonomy":"product_cat","embeddable":true,"href":"https:\/\/rfid-laundry-tag.com\/fr\/wp-json\/wp\/v2\/product_cat?post=2559"},{"taxonomy":"product_tag","embeddable":true,"href":"https:\/\/rfid-laundry-tag.com\/fr\/wp-json\/wp\/v2\/product_tag?post=2559"}],"curies":[{"name":"wp","href":"https:\/\/api.w.org\/{rel}","templated":true}]}}