{"id":204,"date":"2024-06-18T09:26:05","date_gmt":"2024-06-18T09:26:05","guid":{"rendered":"https:\/\/rfid-laundry-tag.com\/?post_type=product&#038;p=204"},"modified":"2024-09-26T03:20:13","modified_gmt":"2024-09-26T03:20:13","slug":"textile-fabric-rfid-laundry-tags","status":"publish","type":"product","link":"https:\/\/rfid-laundry-tag.com\/fr\/textile-fabric-rfid-laundry-tags\/","title":{"rendered":"\u00c9tiquettes de blanchisserie RFID en tissu textile"},"content":{"rendered":"<div>\n<div class=\"auto-hide-last-sibling-br paragraph_1252f paragraph-element\">\n<table width=\"637\">\n<tbody>\n<tr>\n<td width=\"328\">Nom de l&#039;article:<\/td>\n<td width=\"309\"><strong>\u00c9tiquettes de blanchisserie RFID en tissu textile<\/strong><\/td>\n<\/tr>\n<tr>\n<td width=\"328\">Norme RFID\u00a0:<\/td>\n<td width=\"309\">ISO\/IEC 18000-6 TypeC (EPC Gen2)<\/td>\n<\/tr>\n<tr>\n<td width=\"328\">Taille poids:<\/td>\n<td width=\"309\">70 \u00d7 15 mm, 0,6 g<\/td>\n<\/tr>\n<tr>\n<td width=\"328\">Type de puce\u00a0:<\/td>\n<td width=\"309\">Impinj Monza 4QT, NXP U CODE 8, NXP U CODE 9<\/td>\n<\/tr>\n<tr>\n<td width=\"328\">M\u00e9moire CPE\u00a0:<\/td>\n<td width=\"309\">128 bits<\/td>\n<\/tr>\n<tr>\n<td width=\"328\">M\u00e9moire utilisateur\u00a0:<\/td>\n<td width=\"309\">512 bits<\/td>\n<\/tr>\n<tr>\n<td width=\"328\">Plage de lecture (2 W ERP FCC)\u00a0:<\/td>\n<td width=\"309\">8m<\/td>\n<\/tr>\n<tr>\n<td width=\"328\">Plage de lecture (ERP ETSI 2 W)\u00a0:<\/td>\n<td width=\"309\">8m<\/td>\n<\/tr>\n<tr>\n<td width=\"328\">Marquage\u00a0:<\/td>\n<td width=\"309\">Couture, adh\u00e9sif de marquage \u00e0 chaud<\/td>\n<\/tr>\n<tr>\n<td width=\"328\">Dur\u00e9e de vie estim\u00e9e\u00a0:<\/td>\n<td width=\"309\">200 cycles de lavage ou 3 ans, selon la premi\u00e8re \u00e9ventualit\u00e9<\/td>\n<\/tr>\n<tr>\n<td width=\"328\">M\u00e9thode de lavage\u00a0:<\/td>\n<td width=\"309\">Blanchisserie, Nettoyage \u00e0 sec<\/td>\n<\/tr>\n<tr>\n<td width=\"328\">Pression d&#039;extraction d&#039;eau\u00a0:<\/td>\n<td width=\"309\">60 barres<\/td>\n<\/tr>\n<tr>\n<td width=\"328\">R\u00e9sistance \u00e0 l&#039;eau:<\/td>\n<td width=\"309\">R\u00e9sistant \u00e0 l&#039;eau<\/td>\n<\/tr>\n<tr>\n<td width=\"328\">R\u00e9sistance chimique:<\/td>\n<td width=\"309\">D\u00e9tergent, adoucissant, agent de blanchiment (oxyg\u00e8ne\/chlore), alcalin<\/td>\n<\/tr>\n<tr>\n<td width=\"328\">Pr\u00e9-s\u00e9chage au Tumbler :<\/td>\n<td width=\"309\">125 \u00baC pendant 15-20 minutes<\/td>\n<\/tr>\n<tr>\n<td width=\"328\">Temp\u00e9rature de st\u00e9rilisation\u00a0:<\/td>\n<td width=\"309\">135\u00b0C pendant 15-20 minutes<\/td>\n<\/tr>\n<tr>\n<td width=\"328\">Temp\u00e9rature de lavage\u00a0:<\/td>\n<td width=\"309\">90\u00b0C, jusqu&#039;\u00e0 15min.<\/td>\n<\/tr>\n<tr>\n<td width=\"328\">Humidit\u00e9\/temp\u00e9rature de fonctionnement\u00a0:<\/td>\n<td width=\"309\">-20 \u00e0 110\u00b0C, 8 \u00e0 95%RH<\/td>\n<\/tr>\n<tr>\n<td width=\"328\">Humidit\u00e9\/temp\u00e9rature-stockage\u00a0:<\/td>\n<td width=\"309\">-40 \u00e0 110\u00b0C, 8 \u00e0 95%RH<\/td>\n<\/tr>\n<\/tbody>\n<\/table>\n<\/div>\n<div class=\"auto-hide-last-sibling-br paragraph_1252f paragraph-element\"><\/div>\n<\/div>\n<div data-spm-anchor-id=\"a2700.details.0.i57.23b419c7xXORP0\">\n<div class=\"auto-hide-last-sibling-br paragraph_1252f paragraph-element\">\n<h2>Caract\u00e9ristiques des \u00e9tiquettes de blanchisserie RFID en tissu textile<\/h2>\n<h3>1. Durable et lavable<\/h3>\n<p>Notre\u00a0<strong>\u00e9tiquettes RFID lavables<\/strong>\u00a0sont soigneusement con\u00e7us pour r\u00e9sister aux conditions de lavage les plus difficiles. Ils peuvent supporter jusqu&#039;\u00e0\u00a0<strong>200 cycles de lavage<\/strong>, r\u00e9sistant aux temp\u00e9ratures \u00e9lev\u00e9es pendant les processus de lavage et de s\u00e9chage. Les mat\u00e9riaux durables et la technologie utilis\u00e9s garantissent que ces\u00a0<strong>les \u00e9tiquettes peuvent \u00eatre cousues<\/strong>\u00a0dans divers articles, y compris le linge et les v\u00eatements, sans compromettre leur int\u00e9grit\u00e9. Qu&#039;il s&#039;agisse d&#039;un lavage \u00e0 chaud \u00e0\u00a0<strong>90\u00b0C<\/strong>\u00a0ou st\u00e9rilisation \u00e0\u00a0<strong>135\u00b0C<\/strong>, ces \u00e9tiquettes sont con\u00e7ues pour r\u00e9sister aux exigences du lavage industriel.<\/p>\n<h3>2. Int\u00e9gration transparente avec les syst\u00e8mes RFID<\/h3>\n<p>Le\u00a0<strong>Technologie RFID UHF<\/strong>\u00a0int\u00e9gr\u00e9 dans les \u00e9tiquettes de blanchisserie permet une int\u00e9gration transparente avec les syst\u00e8mes de gestion de blanchisserie existants. Que vous utilisiez\u00a0<strong>Lecteurs RFID<\/strong>\u00a0pour un suivi automatis\u00e9 ou leur int\u00e9gration dans un syst\u00e8me plus \u00e9tendu\u00a0<strong>gestion des stocks<\/strong>\u00a0syst\u00e8me, ces \u00e9tiquettes offrent la compatibilit\u00e9 n\u00e9cessaire pour des op\u00e9rations rationalis\u00e9es. La port\u00e9e de lecture fiable allant jusqu&#039;\u00e0\u00a0<strong>8 m\u00e8tres<\/strong>\u00a0assure un suivi pr\u00e9cis, en gardant votre inventaire de linge sous contr\u00f4le.<\/p>\n<h3>3. Capacit\u00e9s de suivi et de gestion am\u00e9lior\u00e9es<\/h3>\n<p>Avec\u00a0<strong>\u00c9tiquettes de blanchisserie RFID<\/strong>, vous \u00eates en mesure de suivre chaque pi\u00e8ce de linge \u00e0 travers chaque \u00e9tape du processus\u00a0<strong>processus de blanchisserie<\/strong>. Une identification et un suivi efficaces des stocks permettent d&#039;obtenir des informations exploitables, am\u00e9liorant ainsi le contr\u00f4le global des stocks. Vous pouvez suivre le mouvement de chaque\u00a0<strong>article textile<\/strong>, garantissant ainsi qu&#039;ils soient rapidement restitu\u00e9s aux personnes ou aux emplacements appropri\u00e9s. Cette visibilit\u00e9 est essentielle pour maintenir la satisfaction des clients dans des secteurs tels que l&#039;h\u00f4tellerie et la sant\u00e9.<\/p>\n<h3>4. R\u00e9sistance chimique robuste<\/h3>\n<p>Notre\u00a0<strong>\u00e9tiquettes de linge en tissu<\/strong>\u00a0sont con\u00e7us pour tol\u00e9rer divers produits chimiques g\u00e9n\u00e9ralement utilis\u00e9s dans les blanchisseries industrielles. Ils peuvent r\u00e9sister aux d\u00e9tergents, aux assouplissants et \u00e0 l&#039;eau de Javel, y compris les variantes \u00e0 l&#039;oxyg\u00e8ne et au chlore. Cette r\u00e9silience chimique prolonge la dur\u00e9e de vie des \u00e9tiquettes et garantit des performances fiables, m\u00eame dans les environnements de blanchisserie les plus difficiles.<\/p>\n<h3>5. Plusieurs options de marquage<\/h3>\n<p>Les \u00e9tiquettes de blanchisserie RFID textiles offrent une polyvalence\u00a0<strong>options de marquage<\/strong>Les clients peuvent choisir entre\u00a0<strong>couture<\/strong>\u00a0les \u00e9tiquettes directement dans les v\u00eatements ou en utilisant\u00a0<strong>adh\u00e9sif pour marquage \u00e0 chaud<\/strong>\u00a0pour une fixation s\u00fbre. Cette adaptabilit\u00e9 permet une int\u00e9gration facile dans les textiles existants sans perturber leur fonction ou leur apparence.<\/p>\n<h3 class=\"wp-block-heading\">Installation d&#039;\u00e9tiquettes de blanchisserie RFID sur tissu textile<\/h3>\n<p><strong>Marquage des points<\/strong>: A coudre dans l&#039;ourlet d&#039;un textile. Cousez l&#039;\u00e9tiquette de linge loin des lignes de pliage.<br \/>\n<strong>Thermoscellage<\/strong>: A thermosceller directement sur le textile \u00e0 +200\u00b0C (392\u00b0F), pendant 12~14s.<br \/>\n<strong>Dans une pochette<\/strong>: A coudre comme une \u00e9tiquette d&#039;entretien standard. Cousez l&#039;\u00e9tiquette de linge loin des lignes de pliage.<\/p>\n<h2>Avantages de la gestion du linge par RFID<\/h2>\n<h3>Efficacit\u00e9 op\u00e9rationnelle am\u00e9lior\u00e9e<\/h3>\n<p>Incorporation\u00a0<strong>\u00c9tiquettes RFID<\/strong>\u00a0dans votre\u00a0<strong>gestion du linge<\/strong>\u00a0Les processus automatis\u00e9s am\u00e9liorent consid\u00e9rablement l&#039;efficacit\u00e9 op\u00e9rationnelle. Les syst\u00e8mes de suivi automatis\u00e9s \u00e9liminent le besoin de processus manuels \u00e0 forte intensit\u00e9 de main-d&#039;\u0153uvre, r\u00e9duisant ainsi le temps de travail et les co\u00fbts associ\u00e9s au suivi des articles. Cela permet aux employ\u00e9s de se concentrer sur les t\u00e2ches principales qui ajoutent de la valeur \u00e0 l&#039;entreprise, am\u00e9liorant ainsi la productivit\u00e9 globale.<\/p>\n<h3>Suivi sup\u00e9rieur des actifs<\/h3>\n<p>Gr\u00e2ce \u00e0 la technologie RFID, vous pouvez suivre chaque pi\u00e8ce de linge tout au long de son cycle de vie, du traitement initial \u00e0 la remise en service. Cette capacit\u00e9 de suivi des actifs sup\u00e9rieure permet d&#039;\u00e9viter les pertes et de garantir que tous les articles sont comptabilis\u00e9s, ce qui est particuli\u00e8rement important dans les environnements \u00e0 volume \u00e9lev\u00e9 comme les h\u00f4pitaux et les h\u00f4tels.<\/p>\n<h3>Conformit\u00e9 aux normes de l&#039;industrie<\/h3>\n<p>Les \u00e9tiquettes RFID pour blanchisserie sont con\u00e7ues pour r\u00e9pondre aux normes industrielles les plus strictes en mati\u00e8re de durabilit\u00e9 et de performance. Leur conception robuste convient aux environnements \u00e0 forte demande, ce qui les rend id\u00e9ales pour les applications commerciales. En choisissant nos \u00e9tiquettes RFID pour textiles, vous alignez vos op\u00e9rations de blanchisserie sur les meilleures pratiques, garantissant ainsi que votre entreprise reste comp\u00e9titive.<\/p>\n<hr \/>\n<h2>T\u00e9moignages de clients<\/h2>\n<blockquote><p>\u00ab Nous avons consid\u00e9rablement r\u00e9duit le nombre de pertes de linge depuis que nous avons mis en place les \u00e9tiquettes RFID pour le linge. Le syst\u00e8me de suivi a transform\u00e9 notre gestion du linge ! \u00bb \u2014\u00a0<em>Mary T., Responsable des installations<\/em><\/p><\/blockquote>\n<blockquote><p>\u00ab Non seulement les \u00e9tiquettes RFID r\u00e9sistent aux lavages, mais elles ont consid\u00e9rablement am\u00e9lior\u00e9 nos d\u00e9lais d&#039;ex\u00e9cution. \u00bb \u2014\u00a0<em>John D., Directeur des op\u00e9rations<\/em><\/p><\/blockquote>\n<hr \/>\n<h2>Questions fr\u00e9quemment pos\u00e9es (FAQ)<\/h2>\n<p><strong>Q\u00a0:\u00a0Combien de temps durent les \u00e9tiquettes de blanchisserie RFID\u00a0?<\/strong><br \/>\nA : Notre\u00a0<strong>\u00c9tiquettes de blanchisserie RFID<\/strong>\u00a0ont une dur\u00e9e de vie estim\u00e9e de\u00a0<strong>200 cycles de lavage ou 3 ans<\/strong>, selon les conditions d&#039;utilisation.<\/p>\n<p><strong>Q\u00a0:\u00a0Ces \u00e9tiquettes peuvent-elles r\u00e9sister \u00e0 des temp\u00e9ratures \u00e9lev\u00e9es\u00a0?<\/strong><br \/>\nR : Oui, ces \u00e9tiquettes sont con\u00e7ues pour r\u00e9sister \u00e0 des temp\u00e9ratures de lavage allant jusqu&#039;\u00e0\u00a0<strong>90\u00b0C<\/strong>, st\u00e9rilisation \u00e0\u00a0<strong>135\u00b0C<\/strong>, et des conditions de pr\u00e9-s\u00e9chage, ce qui les rend parfaits pour les blanchisseries industrielles.<\/p>\n<p><strong>Q\u00a0:\u00a0Les \u00e9tiquettes sont-elles r\u00e9sistantes aux produits chimiques\u00a0?<\/strong><br \/>\nR : Absolument. Ces \u00e9tiquettes r\u00e9sistent aux produits chimiques de lessive courants, notamment les d\u00e9tergents, les assouplissants et l&#039;eau de Javel.<\/p>\n<h3>Conclusion<\/h3>\n<div class=\"auto-hide-last-sibling-br paragraph_1252f paragraph-element\"><strong>\u00c9tiquettes de blanchisserie RFID en tissu textile<\/strong> sont des \u00e9tiquettes RFID sp\u00e9cifiquement con\u00e7ues pour les textiles soumis \u00e0 des processus de lavage industriel intensifs, englobant la st\u00e9rilisation et le repassage.<\/div>\n<div class=\"auto-hide-last-sibling-br paragraph_1252f paragraph-element\">Ces <strong>\u00c9tiquettes de blanchisserie RFID en tissu textile<\/strong> Les \u00e9tiquettes de blanchisserie sont fondamentales pour l&#039;identification, le tra\u00e7age et la gestion efficaces du linge et des textiles. Pour les entreprises qui d\u00e9pendent d&#039;une circulation continue de textiles propres, d&#039;uniformes, de v\u00eatements de travail, de v\u00eatements m\u00e9dicaux ou de produits de nettoyage, ces \u00e9tiquettes de blanchisserie peuvent am\u00e9liorer consid\u00e9rablement les performances des syst\u00e8mes automatis\u00e9s. Elles facilitent le suivi plus rapide et plus pr\u00e9cis d&#039;un grand nombre d&#039;articles individuels, am\u00e9liorant ainsi le contr\u00f4le des stocks et r\u00e9duisant les pertes. Cela permet des \u00e9conomies de temps et d&#039;argent consid\u00e9rables, ainsi qu&#039;une productivit\u00e9 accrue pour ces \u00e9tablissements.<\/div>\n<\/div>\n<\/div>\n<div class=\"auto-hide-last-sibling-br paragraph_1252f paragraph-element\">\n<div class=\"auto-hide-last-sibling-br paragraph_1252f paragraph-element\"><strong>\u00c9tiquette textile RFID<\/strong> Les uniformes de blanchisserie sont indispensables dans de nombreux secteurs d&#039;activit\u00e9, car ils favorisent un suivi efficace des actifs, une gestion des stocks et une am\u00e9lioration de l&#039;efficacit\u00e9 op\u00e9rationnelle globale. Voici un aper\u00e7u de leur application dans divers secteurs :<\/div>\n<div><\/div>\n<p>&nbsp;<\/p>\n<\/div>\n<div class=\"auto-hide-last-sibling-br paragraph_1252f paragraph-element\"><\/div>","protected":false},"excerpt":{"rendered":"<p>Les \u00e9tiquettes de blanchisserie RFID en tissu textile, fabriqu\u00e9es avec la technologie UHF avanc\u00e9e (860-960 MHz), sont conformes aux normes mondiales telles que EPC Class1 Gen2 et ISO 18000. Ces \u00e9tiquettes de blanchisserie UHF en tissu textile offrent un m\u00e9lange de flexibilit\u00e9 et de robustesse qui peut supporter plus de 200 cycles de lavage et une pression allant jusqu&#039;\u00e0 60 bars. La caract\u00e9ristique remarquable de l&#039;\u00e9tiquette de blanchisserie en tissu RFID UHF est sa capacit\u00e9 \u00e0 permettre une lecture de masse \u00e0 quelques m\u00e8tres de distance, servant d&#039;instrument tr\u00e8s efficace pour la gestion du linge.<\/p>","protected":false},"featured_media":2675,"template":"","meta":{"_kad_post_transparent":"default","_kad_post_title":"","_kad_post_layout":"default","_kad_post_sidebar_id":"","_kad_post_content_style":"default","_kad_post_vertical_padding":"default","_kad_post_feature":"","_kad_post_feature_position":"","_kad_post_header":false,"_kad_post_footer":false,"_kad_post_classname":""},"product_brand":[],"product_cat":[19],"product_tag":[297,31,65,30],"class_list":{"0":"post-204","1":"product","2":"type-product","3":"status-publish","4":"has-post-thumbnail","6":"product_cat-textile-rfid-laundry-tag","7":"product_tag-rfid-chips-for-uniform","8":"product_tag-rfid-tag-for-linen-laundry","9":"product_tag-textile-rfid-laundry-tags","10":"product_tag-uhf-rfid-laundry-tag","12":"first","13":"instock","14":"featured","15":"shipping-taxable","16":"product-type-simple","17":"entry","18":"content-bg","19":"loop-entry"},"_links":{"self":[{"href":"https:\/\/rfid-laundry-tag.com\/fr\/wp-json\/wp\/v2\/product\/204","targetHints":{"allow":["GET"]}}],"collection":[{"href":"https:\/\/rfid-laundry-tag.com\/fr\/wp-json\/wp\/v2\/product"}],"about":[{"href":"https:\/\/rfid-laundry-tag.com\/fr\/wp-json\/wp\/v2\/types\/product"}],"version-history":[{"count":3,"href":"https:\/\/rfid-laundry-tag.com\/fr\/wp-json\/wp\/v2\/product\/204\/revisions"}],"predecessor-version":[{"id":2678,"href":"https:\/\/rfid-laundry-tag.com\/fr\/wp-json\/wp\/v2\/product\/204\/revisions\/2678"}],"wp:featuredmedia":[{"embeddable":true,"href":"https:\/\/rfid-laundry-tag.com\/fr\/wp-json\/wp\/v2\/media\/2675"}],"wp:attachment":[{"href":"https:\/\/rfid-laundry-tag.com\/fr\/wp-json\/wp\/v2\/media?parent=204"}],"wp:term":[{"taxonomy":"product_brand","embeddable":true,"href":"https:\/\/rfid-laundry-tag.com\/fr\/wp-json\/wp\/v2\/product_brand?post=204"},{"taxonomy":"product_cat","embeddable":true,"href":"https:\/\/rfid-laundry-tag.com\/fr\/wp-json\/wp\/v2\/product_cat?post=204"},{"taxonomy":"product_tag","embeddable":true,"href":"https:\/\/rfid-laundry-tag.com\/fr\/wp-json\/wp\/v2\/product_tag?post=204"}],"curies":[{"name":"wp","href":"https:\/\/api.w.org\/{rel}","templated":true}]}}