{"id":193,"date":"2024-06-16T05:59:05","date_gmt":"2024-06-16T05:59:05","guid":{"rendered":"https:\/\/rfid-laundry-tag.com\/?post_type=product&#038;p=193"},"modified":"2024-09-23T09:29:31","modified_gmt":"2024-09-23T09:29:31","slug":"rfid-chips-in-clothing","status":"publish","type":"product","link":"https:\/\/rfid-laundry-tag.com\/fr\/rfid-chips-in-clothing\/","title":{"rendered":"Puces RFID dans les v\u00eatements"},"content":{"rendered":"<div class=\"J_module\">\n<div class=\"ife-detail-decorate-table\">\n<table class=\"hight-light-first-column all magic-14\">\n<tbody>\n<tr>\n<td colspan=\"1\" rowspan=\"1\">\n<div class=\"magic-15\" data-spm-anchor-id=\"a2700.details.0.i95.236a58c1ycsfva\">Nom de la production :<\/div>\n<\/td>\n<td colspan=\"1\" rowspan=\"1\">\n<div class=\"magic-16\"><strong>Puces RFID dans les v\u00eatements<\/strong><\/div>\n<\/td>\n<\/tr>\n<tr>\n<td colspan=\"1\" rowspan=\"1\">\n<div class=\"magic-15\"><span class=\"magic-17\">Mat\u00e9riel:<\/span><\/div>\n<\/td>\n<td colspan=\"1\" rowspan=\"1\">\n<div class=\"magic-16\">Polyester\/Composition\/Satin\/Coton\/Non-tiss\u00e9\/PET etc.<\/div>\n<\/td>\n<\/tr>\n<tr>\n<td colspan=\"1\" rowspan=\"1\">\n<div class=\"magic-15\"><span class=\"magic-17\">Taille:<\/span><\/div>\n<\/td>\n<td colspan=\"1\" rowspan=\"1\">\n<div class=\"magic-16\"><span class=\"magic-17\">80*38mm\/60*30mm ou personnalis\u00e9<\/span><\/div>\n<\/td>\n<\/tr>\n<tr>\n<td colspan=\"1\" rowspan=\"1\">\n<div class=\"magic-15\"><span class=\"magic-17\">Taper:<\/span><\/div>\n<\/td>\n<td colspan=\"1\" rowspan=\"1\">\n<div class=\"magic-16\"><span class=\"magic-17\">Passif, RFID<\/span><\/div>\n<\/td>\n<\/tr>\n<tr>\n<td colspan=\"1\" rowspan=\"1\">\n<div class=\"magic-15\">Protocole RF :<\/div>\n<\/td>\n<td colspan=\"1\" rowspan=\"1\">\n<div class=\"magic-16\">ISO 18000-6C; EPC Classe 1 Gen 2<\/div>\n<\/td>\n<\/tr>\n<tr>\n<td colspan=\"1\" rowspan=\"1\">\n<div class=\"magic-15\"><span class=\"magic-17\">Fr\u00e9quence:<\/span><\/div>\n<\/td>\n<td colspan=\"1\" rowspan=\"1\">\n<div class=\"magic-16\"><span class=\"magic-17\">860 \u00e0 960 MHz<\/span><\/div>\n<\/td>\n<\/tr>\n<tr>\n<td colspan=\"1\" rowspan=\"1\">\n<div class=\"magic-15\">\u00c9br\u00e9cher<\/div>\n<\/td>\n<td colspan=\"1\" rowspan=\"1\">\n<div class=\"magic-16\">Alien Higgs, Monza 3, Monza 4D, Monza 4QT, Monza R6, Monza R6-P, Impinj M730, Impinj M750 etc.<\/div>\n<\/td>\n<\/tr>\n<tr>\n<td colspan=\"1\" rowspan=\"1\">\n<div class=\"magic-15\"><span class=\"magic-17\">Distance de lecture :<\/span><\/div>\n<\/td>\n<td colspan=\"1\" rowspan=\"1\">\n<div class=\"magic-16\"><span class=\"magic-17\">UHF : 1~10m (d\u00e9pend du lecteur et de l&#039;antenne)<\/span><\/div>\n<\/td>\n<\/tr>\n<tr>\n<td colspan=\"1\" rowspan=\"1\">\n<div class=\"magic-15\"><span class=\"magic-17\">Voie fixe :<\/span><\/div>\n<\/td>\n<td colspan=\"1\" rowspan=\"1\">\n<div class=\"magic-16\"><span class=\"magic-17\">Coudre \/ repasser<\/span><\/div>\n<\/td>\n<\/tr>\n<tr>\n<td colspan=\"1\" rowspan=\"1\">\n<div class=\"magic-15\"><span class=\"magic-17\">Impression:<\/span><\/div>\n<\/td>\n<td colspan=\"1\" rowspan=\"1\">\n<div class=\"magic-16\"><span class=\"magic-17\">Impression, codage, num\u00e9ro de s\u00e9rie, conception, etc.<\/span><\/div>\n<\/td>\n<\/tr>\n<tr>\n<td colspan=\"1\" rowspan=\"1\">\n<div class=\"magic-15\"><span class=\"magic-17\">Dur\u00e9e de vie du CI :<\/span><\/div>\n<\/td>\n<td colspan=\"1\" rowspan=\"1\">\n<div class=\"magic-16\" data-spm-anchor-id=\"a2700.details.0.i94.236a58c1ycsfva\"><span class=\"magic-17\">100 000 cycles de programmation<br \/>\nConservation des donn\u00e9es pendant 10 ans<\/span><\/div>\n<\/td>\n<\/tr>\n<tr>\n<td colspan=\"1\" rowspan=\"1\">\n<div class=\"magic-15\"><span class=\"magic-17\">Disponibilit\u00e9 des \u00e9chantillons :<\/span><\/div>\n<\/td>\n<td colspan=\"1\" rowspan=\"1\">\n<div class=\"magic-16\"><span class=\"magic-17\">Des \u00e9chantillons gratuits sont disponibles sur demande<\/span><\/div>\n<\/td>\n<\/tr>\n<tr>\n<td colspan=\"1\" rowspan=\"1\">\n<div class=\"magic-15\"><span class=\"magic-17\">Applications :\u00a0<\/span><\/div>\n<\/td>\n<td colspan=\"1\" rowspan=\"1\">\n<div class=\"magic-16\"><span class=\"magic-17\">\u00b7 Gestion des stocks<br \/>\n\u00b7 Cha\u00eene d&#039;approvisionnement<br \/>\n\u00b7 Vente au d\u00e9tail<\/span><\/div>\n<\/td>\n<\/tr>\n<tr>\n<td colspan=\"1\" rowspan=\"1\">\n<div class=\"magic-15\"><span class=\"magic-17\">Utiliser<\/span><\/div>\n<\/td>\n<td colspan=\"1\" rowspan=\"1\">\n<div class=\"magic-16\"><span class=\"magic-17\">V\u00eatement, habillement, sacs, chaussures, etc.<\/span><\/div>\n<\/td>\n<\/tr>\n<\/tbody>\n<\/table>\n<\/div>\n<\/div>\n<div class=\"J_module\">\n<div class=\"detail-decorate-json-renderer-container\">\n<div class=\"magic-1\">\n<div class=\"magic-5\">\n<div class=\"magic-6\">\n<div>\n<h2 class=\"AnswerParser_AnswerParserH2__SIHnF\">La puissance de la technologie RFID dans le suivi des v\u00eatements<\/h2>\n<p><span class=\"AnswerParser_TextContainer__z_Iiv\" data-testid=\"youchat-text\">La technologie RFID (Radio Frequency Identification) a r\u00e9volutionn\u00e9 la gestion des stocks dans de nombreux secteurs et fait d\u00e9sormais des vagues dans le secteur de l&#039;habillement. Nos \u00e9tiquettes d&#039;entretien RFID UHF exploitent cette technologie puissante pour offrir des capacit\u00e9s de suivi in\u00e9gal\u00e9es pour vos v\u00eatements.<\/span><span class=\"AnswerParser_TextContainer__z_Iiv\" data-testid=\"youchat-text\">Ces \u00e9tiquettes utilisent des signaux de radiofr\u00e9quence pour communiquer avec les lecteurs RFID, ce qui permet une identification rapide et pr\u00e9cise des v\u00eatements sans avoir \u00e0 les scanner en visibilit\u00e9 directe. Cela signifie que vous pouvez facilement suivre plusieurs articles simultan\u00e9ment, r\u00e9duisant ainsi consid\u00e9rablement le temps et les efforts n\u00e9cessaires aux contr\u00f4les d&#039;inventaire.<\/span><\/div>\n<\/div>\n<div>\n<div class=\"auto-hide-last-sibling-br paragraph_1252f paragraph-element\">\n<div class=\"auto-hide-last-sibling-br paragraph_1252f paragraph-element\">\n<div class=\"auto-hide-last-sibling-br paragraph_1252f paragraph-element\">\n<div class=\"auto-hide-last-sibling-br paragraph_1252f paragraph-element\">Se d\u00e9marquer de la concurrence et g\u00e9rer efficacement les stocks sont des d\u00e9fis majeurs pour les marques de v\u00eatements. L&#039;introduction des \u00e9tiquettes RFID pour v\u00eatements peut r\u00e9soudre ces probl\u00e8mes, aidant les entreprises non seulement \u00e0 am\u00e9liorer leur image de marque et leur valeur, mais \u00e9galement \u00e0 acc\u00e9l\u00e9rer leurs op\u00e9rations de cha\u00eene d&#039;approvisionnement mondiale.<\/div>\n<p>&nbsp;<\/p>\n<div class=\"auto-hide-last-sibling-br paragraph_1252f paragraph-element\">Notre gamme de produits s&#039;\u00e9tend des \u00e9tiquettes aux motifs graphiques aux emballages respectueux de l&#039;environnement \u00e9quip\u00e9s d&#039;une identification par radiofr\u00e9quence (RFID). Ces offres renforcent l&#039;attrait des v\u00eatements pour les consommateurs et optimisent les processus d&#039;inventaire et de stockage. Simultan\u00e9ment, elles renforcent la s\u00e9curit\u00e9 des produits et permettent aux d\u00e9taillants de consacrer plus de temps \u00e0 leurs clients.<\/div>\n<p>&nbsp;<\/p>\n<div class=\"auto-hide-last-sibling-br paragraph_1252f paragraph-element\">De cette fa\u00e7on, les \u00e9tiquettes RFID pour v\u00eatements servent d\u2019outil \u00e0 double usage : elles amplifient l\u2019attrait de la marque et garantissent l\u2019efficacit\u00e9 op\u00e9rationnelle.<\/div>\n<\/div>\n<\/div>\n<div>\n<h2 class=\"AnswerParser_AnswerParserH2__SIHnF\">Applications dans le secteur de la vente au d\u00e9tail et au-del\u00e0<\/h2>\n<p><span class=\"AnswerParser_TextContainer__z_Iiv\" data-testid=\"youchat-text\">La polyvalence de nos \u00e9tiquettes d&#039;entretien RFID les rend adapt\u00e9es \u00e0 une large gamme d&#039;applications :<\/span><\/p>\n<ol class=\"AnswerParser_AnswerParserOrderedList__kl_2Y\">\n<li class=\"AnswerParser_ListItem__XqLOV\" translate=\"yes\"><strong>Magasins de d\u00e9tail<\/strong>:Rationalisez la gestion des stocks et am\u00e9liorez la visibilit\u00e9 des produits.<\/li>\n<li class=\"AnswerParser_ListItem__XqLOV\" translate=\"yes\"><strong>Services de blanchisserie<\/strong>:Suivez facilement les v\u00eatements individuels tout au long des cycles de lavage.<\/li>\n<li class=\"AnswerParser_ListItem__XqLOV\" translate=\"yes\"><strong>Uniformes et v\u00eatements de travail<\/strong>:G\u00e9rez efficacement de grandes quantit\u00e9s d\u2019articles similaires.<\/li>\n<li class=\"AnswerParser_ListItem__XqLOV\" translate=\"yes\"><strong>Industrie h\u00f4teli\u00e8re<\/strong>: Gardez une trace du linge de maison, des serviettes et des uniformes du personnel.<\/li>\n<li class=\"AnswerParser_ListItem__XqLOV\" translate=\"yes\"><strong>Tenue m\u00e9dicale<\/strong>:Assurer un nettoyage et une distribution ad\u00e9quats des v\u00eatements de soins de sant\u00e9.<\/li>\n<li class=\"AnswerParser_ListItem__XqLOV\" translate=\"yes\"><strong>Location de costumes<\/strong>:Simplifiez le processus de paiement et de retour pour les entreprises de location.<\/li>\n<\/ol>\n<\/div>\n<div class=\"auto-hide-last-sibling-br paragraph_1252f paragraph-element\">\n<div class=\"auto-hide-last-sibling-br paragraph_1252f paragraph-element\">\n<h2 class=\"AnswerParser_AnswerParserH2__SIHnF\">Am\u00e9liorez la visibilit\u00e9 de votre cha\u00eene d&#039;approvisionnement<\/h2>\n<p><span class=\"AnswerParser_TextContainer__z_Iiv\" data-testid=\"youchat-text\">En int\u00e9grant nos \u00e9tiquettes d&#039;entretien RFID \u00e0 vos v\u00eatements, vous b\u00e9n\u00e9ficiez d&#039;une visibilit\u00e9 sans pr\u00e9c\u00e9dent sur votre cha\u00eene d&#039;approvisionnement. Suivez vos v\u00eatements de la fabrication \u00e0 la vente, et m\u00eame \u00e0 travers plusieurs cycles de lavage dans les blanchisseries industrielles.<\/span><span class=\"AnswerParser_TextContainer__z_Iiv\" data-testid=\"youchat-text\">Cette visibilit\u00e9 am\u00e9lior\u00e9e vous permet de :<\/span><\/p>\n<ul class=\"AnswerParser_AnswerParserUnorderedList__P_1FW\">\n<li class=\"AnswerParser_ListItem__XqLOV\" translate=\"yes\">R\u00e9duire les pertes et les r\u00e9tr\u00e9cissements<\/li>\n<li class=\"AnswerParser_ListItem__XqLOV\" translate=\"yes\">Am\u00e9liorer l&#039;efficacit\u00e9 du remplacement des produits<\/li>\n<li class=\"AnswerParser_ListItem__XqLOV\" translate=\"yes\">Optimiser les niveaux de stock<\/li>\n<li class=\"AnswerParser_ListItem__XqLOV\" translate=\"yes\">Am\u00e9liorer la satisfaction client gr\u00e2ce \u00e0 une meilleure disponibilit\u00e9 des produits<\/li>\n<\/ul>\n<h2 class=\"AnswerParser_AnswerParserH2__SIHnF\">Installation et utilisation faciles<\/h2>\n<p><span class=\"AnswerParser_TextContainer__z_Iiv\" data-testid=\"youchat-text\">Nos \u00e9tiquettes d&#039;entretien RFID sont con\u00e7ues pour s&#039;int\u00e9grer parfaitement \u00e0 vos v\u00eatements :<\/span><\/p>\n<ol class=\"AnswerParser_AnswerParserOrderedList__kl_2Y\">\n<li class=\"AnswerParser_ListItem__XqLOV\" translate=\"yes\"><strong>Option de couture<\/strong>: M\u00e9thode de fixation traditionnelle pour plus de durabilit\u00e9.<\/li>\n<li class=\"AnswerParser_ListItem__XqLOV\" translate=\"yes\"><strong>Application thermocollante<\/strong>:Installation rapide et facile gr\u00e2ce \u00e0 la technologie de transfert de chaleur.<\/li>\n<\/ol>\n<p><span class=\"AnswerParser_TextContainer__z_Iiv\" data-testid=\"youchat-text\">Les deux m\u00e9thodes garantissent que l\u2019\u00e9tiquette reste solidement attach\u00e9e tout au long du cycle de vie du v\u00eatement.<\/span><\/p>\n<div class=\"auto-hide-last-sibling-br paragraph_1252f paragraph-element\"><strong>Voici quelques exemples de la mani\u00e8re dont les marques de v\u00eatements haut de gamme ont mis en \u0153uvre avec succ\u00e8s les \u00e9tiquettes RFID UHF\u00a0:<\/strong><\/div>\n<ol class=\"auto-hide-last-sibling-br\">\n<li>\n<div class=\"auto-hide-last-sibling-br paragraph_1252f paragraph-element\"><strong>Prada<\/strong>:Cette c\u00e9l\u00e8bre marque de luxe italienne a adopt\u00e9 les \u00e9tiquettes RFID en 2001, permettant l&#039;enregistrement d\u00e9taill\u00e9 d&#039;informations telles que le style, la taille, la couleur et le prix. Il est int\u00e9ressant de noter que lorsque les consommateurs portant des v\u00eatements Prada passent dans leurs magasins, les tenues correspondantes sont affich\u00e9es sur les mannequins en magasin, imitant un d\u00e9fil\u00e9 de haute couture \u00e0 Milan. Cette utilisation innovante de la technologie RFID am\u00e9liore la satisfaction post-achat des consommateurs Prada.<\/div>\n<\/li>\n<li>\n<div class=\"auto-hide-last-sibling-br paragraph_1252f paragraph-element\"><strong>H&amp;M<\/strong>:Cette marque internationale a commenc\u00e9 \u00e0 utiliser la technologie RFID en 2014. Dans les 1 800 magasins pr\u00e9vus, la technologie RFID permet le suivi automatique des cat\u00e9gories de produits, des quantit\u00e9s et de la consommation.<\/div>\n<\/li>\n<li>\n<div class=\"auto-hide-last-sibling-br paragraph_1252f paragraph-element\"><strong>ZARA<\/strong>:Au premier semestre 2016, Inditex, la soci\u00e9t\u00e9 m\u00e8re de ZARA, a d\u00e9clar\u00e9 que l&#039;application de la technologie RFID avait am\u00e9lior\u00e9 la gestion des stocks et des approvisionnements pour environ 70% de ses marques. Cette mise en \u0153uvre a entra\u00een\u00e9 une augmentation des ventes de 11,1% et une augmentation des b\u00e9n\u00e9fices de 7,5%, soit un total de 1,26 milliard d&#039;euros.<\/div>\n<\/li>\n<li>\n<div class=\"auto-hide-last-sibling-br paragraph_1252f paragraph-element\"><strong>Uniqlo<\/strong>:En 2017, Uniqlo a annonc\u00e9 son intention de d\u00e9ployer des \u00e9tiquettes RFID UHF dans 3 000 magasins \u00e0 travers le monde, devenant ainsi le premier d\u00e9taillant japonais \u00e0 utiliser des \u00e9tiquettes \u00e9lectroniques dans le monde entier.<\/div>\n<\/li>\n<\/ol>\n<div class=\"auto-hide-last-sibling-br paragraph_1252f paragraph-element\">Ce ne sont l\u00e0 que quelques exemples de la mani\u00e8re dont les plus grandes marques de v\u00eatements exploitent les \u00e9tiquettes RFID. En 2019, pratiquement toutes les marques de renomm\u00e9e mondiale ont appliqu\u00e9 des \u00e9tiquettes RFID sur leurs v\u00eatements, ce qui a donn\u00e9 lieu \u00e0 plus de 20 milliards de v\u00eatements \u00e9tiquet\u00e9s, un nombre qui continue de cro\u00eetre de mani\u00e8re appr\u00e9ciable. Parmi les autres marques notables qui ont adopt\u00e9 cette technologie, citons NIKE et Walmart.<\/div>\n<\/div>\n<\/div>\n<\/div>\n<h2 class=\"AnswerParser_AnswerParserH2__SIHnF\">Contactez-nous pour une solution personnalis\u00e9e<\/h2>\n<p><span class=\"AnswerParser_TextContainer__z_Iiv\" data-testid=\"youchat-text\">Pr\u00eat \u00e0 r\u00e9volutionner la gestion de vos v\u00eatements avec nos \u00e9tiquettes d&#039;entretien RFID UHF ? Nous sommes l\u00e0 pour vous aider \u00e0 trouver la solution parfaite pour vos besoins.<\/span><\/p>\n<ul class=\"AnswerParser_AnswerParserUnorderedList__P_1FW\">\n<li class=\"AnswerParser_ListItem__XqLOV\" translate=\"yes\"><strong>\u00c9chantillons gratuits<\/strong>:Demandez des \u00e9chantillons gratuits \u00e0 tester dans votre environnement.<\/li>\n<li class=\"AnswerParser_ListItem__XqLOV\" translate=\"yes\"><strong>Personnalisation<\/strong>:Faites-nous part de vos besoins sp\u00e9cifiques pour une solution sur mesure.<\/li>\n<li class=\"AnswerParser_ListItem__XqLOV\" translate=\"yes\"><strong>Consultation d&#039;experts<\/strong>:Notre \u00e9quipe de sp\u00e9cialistes RFID est pr\u00eate \u00e0 r\u00e9pondre \u00e0 vos questions.<\/li>\n<\/ul>\n<p><span class=\"AnswerParser_TextContainer__z_Iiv\" data-testid=\"youchat-text\">Ne laissez pas une gestion inefficace des stocks freiner votre activit\u00e9. Adoptez l&#039;avenir du suivi des v\u00eatements gr\u00e2ce \u00e0 nos \u00e9tiquettes d&#039;entretien RFID innovantes. Remplissez notre formulaire de demande d\u00e8s aujourd&#039;hui pour commencer votre parcours vers une gestion des v\u00eatements plus intelligente et plus efficace.<\/span><span class=\"AnswerParser_TextContainer__z_Iiv\" data-testid=\"youchat-text\">Produits connexes:<\/span><\/p>\n<ul class=\"AnswerParser_AnswerParserUnorderedList__P_1FW\">\n<li class=\"AnswerParser_ListItem__XqLOV\" translate=\"yes\">\u00c9tiquettes RFID pour la vente au d\u00e9tail<\/li>\n<li class=\"AnswerParser_ListItem__XqLOV\" translate=\"yes\">\u00c9tiquettes d&#039;entretien compatibles NFC<\/li>\n<li class=\"AnswerParser_ListItem__XqLOV\" translate=\"yes\">Dispositifs de suivi des actifs Bluetooth Low Energy (BLE)<\/li>\n<\/ul>\n<p><span class=\"AnswerParser_TextContainer__z_Iiv\" data-testid=\"youchat-text\">D\u00e9couvrez la puissance de la technologie RFID dans votre activit\u00e9 de confection. Contactez-nous d\u00e8s maintenant pour d\u00e9couvrir comment nos \u00e9tiquettes RFID lavables peuvent transformer vos op\u00e9rations et vous donner un avantage concurrentiel dans le monde en \u00e9volution rapide de la mode et du textile.<\/span><\/p>\n<\/div>\n<div class=\"magic-6\">\n<div><\/div>\n<\/div>\n<\/div>\n<\/div>\n<\/div>\n<\/div>","protected":false},"excerpt":{"rendered":"<p>Le processus d\u00e9marre avec l&#039;application de puces RFID sur les v\u00eatements sur des pi\u00e8ces individuelles. Ces \u00e9tiquettes peuvent \u00eatre scann\u00e9es \u00e0 diff\u00e9rents points de la cha\u00eene d&#039;approvisionnement, permettant le suivi des stocks en temps r\u00e9el, la v\u00e9rification de l&#039;emplacement et le suivi des mouvements des composants et des produits finis. Ce syst\u00e8me fournit un m\u00e9canisme complet et instantan\u00e9 pour g\u00e9rer et surveiller les stocks et les produits.<\/p>","protected":false},"featured_media":177,"template":"","meta":{"_kad_post_transparent":"default","_kad_post_title":"","_kad_post_layout":"default","_kad_post_sidebar_id":"","_kad_post_content_style":"default","_kad_post_vertical_padding":"default","_kad_post_feature":"","_kad_post_feature_position":"","_kad_post_header":false,"_kad_post_footer":false,"_kad_post_classname":""},"product_brand":[],"product_cat":[81,53],"product_tag":[87,93,83],"class_list":{"0":"post-193","1":"product","2":"type-product","3":"status-publish","4":"has-post-thumbnail","6":"product_cat-rfid-wash-care-clothing-label","7":"product_cat-rfid-clothes-tag","8":"product_tag-fabric-uhf-rfid-wash-care-tag","9":"product_tag-rfid-chips-in-clothing","10":"product_tag-rfid-wash-care-label","12":"first","13":"instock","14":"shipping-taxable","15":"product-type-simple","16":"entry","17":"content-bg","18":"loop-entry"},"_links":{"self":[{"href":"https:\/\/rfid-laundry-tag.com\/fr\/wp-json\/wp\/v2\/product\/193","targetHints":{"allow":["GET"]}}],"collection":[{"href":"https:\/\/rfid-laundry-tag.com\/fr\/wp-json\/wp\/v2\/product"}],"about":[{"href":"https:\/\/rfid-laundry-tag.com\/fr\/wp-json\/wp\/v2\/types\/product"}],"version-history":[{"count":2,"href":"https:\/\/rfid-laundry-tag.com\/fr\/wp-json\/wp\/v2\/product\/193\/revisions"}],"predecessor-version":[{"id":2652,"href":"https:\/\/rfid-laundry-tag.com\/fr\/wp-json\/wp\/v2\/product\/193\/revisions\/2652"}],"wp:featuredmedia":[{"embeddable":true,"href":"https:\/\/rfid-laundry-tag.com\/fr\/wp-json\/wp\/v2\/media\/177"}],"wp:attachment":[{"href":"https:\/\/rfid-laundry-tag.com\/fr\/wp-json\/wp\/v2\/media?parent=193"}],"wp:term":[{"taxonomy":"product_brand","embeddable":true,"href":"https:\/\/rfid-laundry-tag.com\/fr\/wp-json\/wp\/v2\/product_brand?post=193"},{"taxonomy":"product_cat","embeddable":true,"href":"https:\/\/rfid-laundry-tag.com\/fr\/wp-json\/wp\/v2\/product_cat?post=193"},{"taxonomy":"product_tag","embeddable":true,"href":"https:\/\/rfid-laundry-tag.com\/fr\/wp-json\/wp\/v2\/product_tag?post=193"}],"curies":[{"name":"wp","href":"https:\/\/api.w.org\/{rel}","templated":true}]}}