{"id":190,"date":"2024-06-16T05:17:47","date_gmt":"2024-06-16T05:17:47","guid":{"rendered":"https:\/\/rfid-laundry-tag.com\/?post_type=product&#038;p=190"},"modified":"2024-07-06T08:07:23","modified_gmt":"2024-07-06T08:07:23","slug":"paper-rfid-clothes-tag","status":"publish","type":"product","link":"https:\/\/rfid-laundry-tag.com\/fr\/paper-rfid-clothes-tag\/","title":{"rendered":"\u00c9tiquette de v\u00eatements RFID en papier"},"content":{"rendered":"<table class=\"has-title all magic-1\">\n<tbody>\n<tr>\n<td colspan=\"1\" rowspan=\"1\">\n<div class=\"magic-2\" data-spm-anchor-id=\"a2700.details.0.i84.7cea6afbA2IkLB\">Nom de l&#039;article<\/div>\n<\/td>\n<td colspan=\"1\" rowspan=\"1\">\n<div class=\"magic-3\">\u00c9tiquette de v\u00eatements RFID en papier<\/div>\n<\/td>\n<\/tr>\n<tr>\n<td colspan=\"1\" rowspan=\"1\">\n<div class=\"magic-2\">Taille<\/div>\n<\/td>\n<td colspan=\"1\" rowspan=\"1\">\n<div class=\"magic-3\">90x40mm ou personnalis\u00e9<\/div>\n<\/td>\n<\/tr>\n<tr>\n<td colspan=\"1\" rowspan=\"1\">\n<div class=\"magic-2\">Fr\u00e9quence<\/div>\n<\/td>\n<td colspan=\"1\" rowspan=\"1\">\n<div class=\"magic-3\">860-960Mhz<\/div>\n<\/td>\n<\/tr>\n<tr>\n<td colspan=\"1\" rowspan=\"1\">\n<div class=\"magic-2\">Type de circuit int\u00e9gr\u00e9 (puce)<\/div>\n<\/td>\n<td colspan=\"1\" rowspan=\"1\">\n<div class=\"magic-3\">NXP Ucode 8 ou 9<\/div>\n<\/td>\n<\/tr>\n<tr>\n<td colspan=\"1\" rowspan=\"1\">\n<div class=\"magic-2\">Protocole<\/div>\n<\/td>\n<td colspan=\"1\" rowspan=\"1\">\n<div class=\"magic-3\">ISO18000 6C<\/div>\n<\/td>\n<\/tr>\n<tr>\n<td colspan=\"1\" rowspan=\"1\">\n<div class=\"magic-4\">M\u00e9moire<\/div>\n<\/td>\n<td colspan=\"1\" rowspan=\"1\">\n<div class=\"magic-3\">EPC 96 bits<\/div>\n<\/td>\n<\/tr>\n<tr>\n<td colspan=\"1\" rowspan=\"1\">\n<div class=\"magic-2\">Mat\u00e9riel<\/div>\n<\/td>\n<td colspan=\"1\" rowspan=\"1\">\n<div class=\"magic-3\">Papier, PET, ETC.<\/div>\n<\/td>\n<\/tr>\n<tr>\n<td colspan=\"1\" rowspan=\"1\">\n<div class=\"magic-2\">Impression<\/div>\n<\/td>\n<td colspan=\"1\" rowspan=\"1\">\n<div class=\"magic-3\" data-spm-anchor-id=\"a2700.details.0.i85.7cea6afbA2IkLB\">Logo, code QR, code-barres, num\u00e9ro de s\u00e9rie<\/div>\n<\/td>\n<\/tr>\n<tr>\n<td colspan=\"1\" rowspan=\"1\">\n<div class=\"magic-2\">Temp\u00e9rature de fonctionnement<\/div>\n<\/td>\n<td colspan=\"1\" rowspan=\"1\">\n<div class=\"magic-3\">-30 \u00b0C \u2013 +80 \u00b0C<\/div>\n<\/td>\n<\/tr>\n<tr>\n<td colspan=\"1\" rowspan=\"1\">\n<div class=\"magic-2\">Lire la distance<\/div>\n<\/td>\n<td colspan=\"1\" rowspan=\"1\">\n<div class=\"magic-3\">Jusqu&#039;\u00e0 15 m<\/div>\n<\/td>\n<\/tr>\n<tr>\n<td colspan=\"1\" rowspan=\"1\">\n<div class=\"magic-5\">S&#039;applique \u00e0<\/div>\n<\/td>\n<td colspan=\"1\" rowspan=\"1\">\n<div class=\"magic-3\">Linges et v\u00eatements<\/div>\n<\/td>\n<\/tr>\n<tr>\n<td colspan=\"1\" rowspan=\"1\">\n<div class=\"magic-4\">Indice IP<\/div>\n<\/td>\n<td colspan=\"1\" rowspan=\"1\">\n<div class=\"magic-3\">IP67<\/div>\n<\/td>\n<\/tr>\n<tr>\n<td colspan=\"1\" rowspan=\"1\">\n<div class=\"magic-4\">Couleur<\/div>\n<\/td>\n<td colspan=\"1\" rowspan=\"1\">\n<div class=\"magic-3\">Blanc<\/div>\n<\/td>\n<\/tr>\n<\/tbody>\n<\/table>\n<div><\/div>\n<div>Fabriqu\u00e9es \u00e0 partir de papier avec une puce RFID UHF centrale, ces \u00e9tiquettes facilitent la num\u00e9risation \u00e0 distance. Actuellement disponibles dans une gamme de mod\u00e8les et de dimensions, nos \u00e9tiquettes RFID peuvent \u00e9galement \u00eatre orn\u00e9es d&#039;illustrations personnalis\u00e9es. Cette fonctionnalit\u00e9 permet aux \u00e9tiquettes de servir de supports de marque sans compromettre leur objectif principal.<\/div>\n<div><\/div>\n<div class=\"auto-hide-last-sibling-br paragraph_1252f paragraph-element\">Les \u00e9tiquettes RFID pour v\u00eatements jouent un r\u00f4le essentiel dans le secteur de la vente au d\u00e9tail, remplissant une multitude de fonctions allant de la gestion des stocks et de la pr\u00e9vention du vol \u00e0 l&#039;optimisation de la cha\u00eene d&#039;approvisionnement.<\/div>\n<p>&nbsp;<\/p>\n<div class=\"auto-hide-last-sibling-br paragraph_1252f paragraph-element\">Pour g\u00e9rer plus efficacement leurs stocks, les d\u00e9taillants apposent une \u00e9tiquette RFID sur chaque article vestimentaire. Ces \u00e9tiquettes peuvent \u00eatre scann\u00e9es rapidement et avec pr\u00e9cision \u00e0 l&#039;aide de lecteurs RFID, ce qui am\u00e9liore consid\u00e9rablement la rapidit\u00e9 et l&#039;efficacit\u00e9 des inventaires.<\/div>\n<p>&nbsp;<\/p>\n<div class=\"auto-hide-last-sibling-br paragraph_1252f paragraph-element\">Voici quelques avantages notables de l\u2019utilisation d\u2019\u00e9tiquettes de v\u00eatements RFID\u00a0:<\/div>\n<div class=\"auto-hide-last-sibling-br paragraph_1252f paragraph-element\">Pr\u00e9vention des pertes : ces \u00e9tiquettes constituent une mesure de pr\u00e9vention efficace contre le vol. Si un article \u00e9tiquet\u00e9 passe devant une sortie sans \u00eatre d\u00e9sactiv\u00e9, une alarme se d\u00e9clenche, avertissant le personnel du magasin d&#039;un \u00e9ventuel incident de vol.<\/div>\n<p>&nbsp;<\/p>\n<div class=\"auto-hide-last-sibling-br paragraph_1252f paragraph-element\">Optimisation de la cha\u00eene d&#039;approvisionnement : les \u00e9tiquettes RFID permettent une meilleure visibilit\u00e9 et un meilleur suivi des articles d&#039;habillement tout au long de la cha\u00eene d&#039;approvisionnement. Cette surveillance en temps r\u00e9el permet aux fabricants, distributeurs et d\u00e9taillants d&#039;am\u00e9liorer la logistique et le contr\u00f4le des stocks.<\/div>\n<div class=\"auto-hide-last-sibling-br paragraph_1252f paragraph-element\">Placement des \u00e9tiquettes : la polyvalence est un atout majeur des \u00e9tiquettes RFID. Elles peuvent \u00eatre cousues sur le v\u00eatement, ins\u00e9r\u00e9es dans une \u00e9tiquette ou une \u00e9tiquette volante, ou incorpor\u00e9es dans des \u00e9tiquettes de s\u00e9curit\u00e9 sp\u00e9cialis\u00e9es.<\/div>\n<div class=\"auto-hide-last-sibling-br paragraph_1252f paragraph-element\">Variantes d&#039;\u00e9tiquettes : les \u00e9tiquettes RFID existent en diff\u00e9rentes variantes, notamment des \u00e9tiquettes passives et actives. Les \u00e9tiquettes passives d\u00e9pendent de l&#039;\u00e9nergie du lecteur RFID pour transmettre les donn\u00e9es. En revanche, les \u00e9tiquettes actives disposent de leur propre source d&#039;alimentation, ce qui leur permet de transmettre des donn\u00e9es sur de plus longues distances.<\/div>\n<div class=\"auto-hide-last-sibling-br paragraph_1252f paragraph-element\">S\u00e9curit\u00e9 des donn\u00e9es : la confidentialit\u00e9 des clients est une priorit\u00e9 pour les syst\u00e8mes RFID. Pour emp\u00eacher tout acc\u00e8s non autoris\u00e9 aux informations sensibles, des protocoles de cryptage et d&#039;authentification sont couramment utilis\u00e9s.<\/div>\n<div><\/div>\n<div>\n<div class=\"auto-hide-last-sibling-br paragraph_1252f paragraph-element\">Les \u00e9tiquettes volantes en papier RFID UHF ont le potentiel passionnant de r\u00e9volutionner les op\u00e9rations au sein d&#039;industries telles que la gestion de la vente au d\u00e9tail de v\u00eatements, la gestion des stocks de v\u00eatements et la gestion de la cha\u00eene d&#039;approvisionnement de v\u00eatements.<\/div>\n<p>&nbsp;<\/p>\n<div class=\"auto-hide-last-sibling-br paragraph_1252f paragraph-element\">La mise en \u0153uvre de ces \u00e9tiquettes permet d&#039;augmenter consid\u00e9rablement l&#039;efficacit\u00e9 : vous n&#039;avez plus besoin d&#039;allouer des heures de travail manuel pour effectuer les inventaires ou suivre les exp\u00e9ditions. La technologie RFID s&#039;en charge pour vous, avec pr\u00e9cision et rapidit\u00e9, permettant \u00e0 votre \u00e9quipe de se concentrer sur d&#039;autres t\u00e2ches essentielles.<\/div>\n<p>&nbsp;<\/p>\n<div class=\"auto-hide-last-sibling-br paragraph_1252f paragraph-element\">La pr\u00e9cision accrue est un autre avantage important de nos \u00e9tiquettes RFID. Le risque d&#039;erreur humaine dans le suivi manuel et la saisie de donn\u00e9es est efficacement limit\u00e9 gr\u00e2ce \u00e0 ces \u00e9tiquettes automatis\u00e9es. Cette pr\u00e9cision accrue dans la collecte de donn\u00e9es conduit \u00e0 des informations plus pr\u00e9cises, facilitant une prise de d\u00e9cision efficace dans vos op\u00e9rations commerciales.<\/div>\n<p>&nbsp;<\/p>\n<div class=\"auto-hide-last-sibling-br paragraph_1252f paragraph-element\">Une efficacit\u00e9 et une pr\u00e9cision accrues optimisent vos op\u00e9rations et augmentent votre rentabilit\u00e9. En investissant dans nos \u00e9tiquettes volantes en papier RFID UHF, vous am\u00e9liorez non seulement votre efficacit\u00e9 op\u00e9rationnelle actuelle, mais vous assurez \u00e9galement une croissance durable et rentable de votre entreprise \u00e0 long terme.<\/div>\n<\/div>\n<p>&nbsp;<\/p>\n<p>&nbsp;<\/p>","protected":false},"excerpt":{"rendered":"<div class=\"auto-hide-last-sibling-br paragraph_1252f paragraph-element\">\n<div class=\"auto-hide-last-sibling-br paragraph_1252f paragraph-element\">\u00a0Les \u00e9tiquettes RFID en papier pour v\u00eatements offrent une solution dynamique pour surveiller et contr\u00f4ler les stocks dans le secteur de l&#039;habillement. Principalement utilis\u00e9es dans les magasins de d\u00e9tail et les usines de confection, ces \u00e9tiquettes permettent un tra\u00e7age efficace des articles d&#039;habillement.<\/div>\n<p>&nbsp;<\/p>\n<div class=\"auto-hide-last-sibling-br paragraph_1252f paragraph-element\"><\/div>\n<\/div>","protected":false},"featured_media":191,"template":"","meta":{"_kad_post_transparent":"default","_kad_post_title":"","_kad_post_layout":"default","_kad_post_sidebar_id":"","_kad_post_content_style":"default","_kad_post_vertical_padding":"default","_kad_post_feature":"","_kad_post_feature_position":"","_kad_post_header":false,"_kad_post_footer":false,"_kad_post_classname":""},"product_brand":[],"product_cat":[53],"product_tag":[92,89,91],"class_list":{"0":"post-190","1":"product","2":"type-product","3":"status-publish","4":"has-post-thumbnail","6":"product_cat-rfid-clothes-tag","7":"product_tag-paper-rfid-clothes-tag","8":"product_tag-rfid-clothing-tags","9":"product_tag-uhf-rfid-paper-hang-tags","11":"first","12":"instock","13":"shipping-taxable","14":"product-type-simple","15":"entry","16":"content-bg","17":"loop-entry"},"_links":{"self":[{"href":"https:\/\/rfid-laundry-tag.com\/fr\/wp-json\/wp\/v2\/product\/190","targetHints":{"allow":["GET"]}}],"collection":[{"href":"https:\/\/rfid-laundry-tag.com\/fr\/wp-json\/wp\/v2\/product"}],"about":[{"href":"https:\/\/rfid-laundry-tag.com\/fr\/wp-json\/wp\/v2\/types\/product"}],"version-history":[{"count":0,"href":"https:\/\/rfid-laundry-tag.com\/fr\/wp-json\/wp\/v2\/product\/190\/revisions"}],"wp:featuredmedia":[{"embeddable":true,"href":"https:\/\/rfid-laundry-tag.com\/fr\/wp-json\/wp\/v2\/media\/191"}],"wp:attachment":[{"href":"https:\/\/rfid-laundry-tag.com\/fr\/wp-json\/wp\/v2\/media?parent=190"}],"wp:term":[{"taxonomy":"product_brand","embeddable":true,"href":"https:\/\/rfid-laundry-tag.com\/fr\/wp-json\/wp\/v2\/product_brand?post=190"},{"taxonomy":"product_cat","embeddable":true,"href":"https:\/\/rfid-laundry-tag.com\/fr\/wp-json\/wp\/v2\/product_cat?post=190"},{"taxonomy":"product_tag","embeddable":true,"href":"https:\/\/rfid-laundry-tag.com\/fr\/wp-json\/wp\/v2\/product_tag?post=190"}],"curies":[{"name":"wp","href":"https:\/\/api.w.org\/{rel}","templated":true}]}}