{"id":187,"date":"2024-06-15T17:37:43","date_gmt":"2024-06-15T17:37:43","guid":{"rendered":"https:\/\/rfid-laundry-tag.com\/?post_type=product&#038;p=187"},"modified":"2024-06-15T17:40:32","modified_gmt":"2024-06-15T17:40:32","slug":"uhf-rfid-paper-hang-tags","status":"publish","type":"product","link":"https:\/\/rfid-laundry-tag.com\/fr\/uhf-rfid-paper-hang-tags\/","title":{"rendered":"\u00c9tiquettes volantes en papier RFID UHF"},"content":{"rendered":"<table class=\"has-title all magic-1\">\n<tbody>\n<tr>\n<td colspan=\"1\" rowspan=\"1\">\n<div class=\"magic-2\" data-spm-anchor-id=\"a2700.details.0.i84.7cea6afbA2IkLB\">Nom de l&#039;article<\/div>\n<\/td>\n<td colspan=\"1\" rowspan=\"1\">\n<div class=\"magic-3\">\u00c9tiquettes volantes en papier RFID UHF<\/div>\n<\/td>\n<\/tr>\n<tr>\n<td colspan=\"1\" rowspan=\"1\">\n<div class=\"magic-2\">Taille<\/div>\n<\/td>\n<td colspan=\"1\" rowspan=\"1\">\n<div class=\"magic-3\">90x40mm ou personnalis\u00e9<\/div>\n<\/td>\n<\/tr>\n<tr>\n<td colspan=\"1\" rowspan=\"1\">\n<div class=\"magic-2\">Fr\u00e9quence<\/div>\n<\/td>\n<td colspan=\"1\" rowspan=\"1\">\n<div class=\"magic-3\">860-960Mhz<\/div>\n<\/td>\n<\/tr>\n<tr>\n<td colspan=\"1\" rowspan=\"1\">\n<div class=\"magic-2\">Type de circuit int\u00e9gr\u00e9 (puce)<\/div>\n<\/td>\n<td colspan=\"1\" rowspan=\"1\">\n<div class=\"magic-3\">NXP Ucode 8 ou 9<\/div>\n<\/td>\n<\/tr>\n<tr>\n<td colspan=\"1\" rowspan=\"1\">\n<div class=\"magic-2\">Protocole<\/div>\n<\/td>\n<td colspan=\"1\" rowspan=\"1\">\n<div class=\"magic-3\">ISO18000 6C<\/div>\n<\/td>\n<\/tr>\n<tr>\n<td colspan=\"1\" rowspan=\"1\">\n<div class=\"magic-4\">M\u00e9moire<\/div>\n<\/td>\n<td colspan=\"1\" rowspan=\"1\">\n<div class=\"magic-3\">EPC 96 bits<\/div>\n<\/td>\n<\/tr>\n<tr>\n<td colspan=\"1\" rowspan=\"1\">\n<div class=\"magic-2\">Mat\u00e9riel<\/div>\n<\/td>\n<td colspan=\"1\" rowspan=\"1\">\n<div class=\"magic-3\">Papier, PET, ETC.<\/div>\n<\/td>\n<\/tr>\n<tr>\n<td colspan=\"1\" rowspan=\"1\">\n<div class=\"magic-2\">Impression<\/div>\n<\/td>\n<td colspan=\"1\" rowspan=\"1\">\n<div class=\"magic-3\" data-spm-anchor-id=\"a2700.details.0.i85.7cea6afbA2IkLB\">Logo, code QR, code-barres, num\u00e9ro de s\u00e9rie<\/div>\n<\/td>\n<\/tr>\n<tr>\n<td colspan=\"1\" rowspan=\"1\">\n<div class=\"magic-2\">Temp\u00e9rature de fonctionnement<\/div>\n<\/td>\n<td colspan=\"1\" rowspan=\"1\">\n<div class=\"magic-3\">-30 \u00b0C \u2013 +80 \u00b0C<\/div>\n<\/td>\n<\/tr>\n<tr>\n<td colspan=\"1\" rowspan=\"1\">\n<div class=\"magic-2\">Lire la distance<\/div>\n<\/td>\n<td colspan=\"1\" rowspan=\"1\">\n<div class=\"magic-3\">Jusqu&#039;\u00e0 15 m<\/div>\n<\/td>\n<\/tr>\n<tr>\n<td colspan=\"1\" rowspan=\"1\">\n<div class=\"magic-5\">S&#039;applique \u00e0<\/div>\n<\/td>\n<td colspan=\"1\" rowspan=\"1\">\n<div class=\"magic-3\">Linges et v\u00eatements<\/div>\n<\/td>\n<\/tr>\n<tr>\n<td colspan=\"1\" rowspan=\"1\">\n<div class=\"magic-4\">Indice IP<\/div>\n<\/td>\n<td colspan=\"1\" rowspan=\"1\">\n<div class=\"magic-3\">IP67<\/div>\n<\/td>\n<\/tr>\n<tr>\n<td colspan=\"1\" rowspan=\"1\">\n<div class=\"magic-4\">Couleur<\/div>\n<\/td>\n<td colspan=\"1\" rowspan=\"1\">\n<div class=\"magic-3\">Blanc<\/div>\n<\/td>\n<\/tr>\n<\/tbody>\n<\/table>\n<p>&nbsp;<\/p>\n<p>Les \u00e9tiquettes volantes en papier UHF RFID constituent une m\u00e9thode s\u00e9curis\u00e9e d&#039;identification des articles. Elles peuvent \u00eatre d\u00e9ploy\u00e9es pour emp\u00eacher la contrefa\u00e7on et contr\u00f4ler l&#039;acc\u00e8s aux zones restreintes, am\u00e9liorant ainsi \u00e0 la fois la s\u00e9curit\u00e9 et la pr\u00e9cision de vos op\u00e9rations commerciales. Choisissez nos \u00e9tiquettes volantes UHF RFID pour v\u00eatements afin de rationaliser votre gestion des stocks et de renforcer la s\u00e9curit\u00e9 de votre magasin.<\/p>\n<p>Avec des applications telles que la gestion de la vente au d\u00e9tail de v\u00eatements, la gestion des stocks de v\u00eatements et la gestion de la cha\u00eene d&#039;approvisionnement de v\u00eatements, nos \u00e9tiquettes volantes en papier RFID UHF apportent non seulement de l&#039;efficacit\u00e9 \u00e0 vos op\u00e9rations, mais am\u00e9liorent \u00e9galement la pr\u00e9cision, ce qui conduit \u00e0 une meilleure prise de d\u00e9cision et \u00e0 une meilleure rentabilit\u00e9.<\/p>","protected":false},"excerpt":{"rendered":"<div class=\"auto-hide-last-sibling-br paragraph_1252f paragraph-element\">Les \u00e9tiquettes en papier UHF RFID offrent une solution abordable pour le suivi et la gestion des stocks dans l&#039;industrie de la mode. Ces \u00e9tiquettes sont g\u00e9n\u00e9ralement utilis\u00e9es dans les magasins de v\u00eatements et les entrep\u00f4ts de fabrication pour assurer un suivi efficace des articles vestimentaires.<\/div>\n<div class=\"auto-hide-last-sibling-br paragraph_1252f paragraph-element\">Les \u00e9tiquettes sont fabriqu\u00e9es \u00e0 partir de papier dot\u00e9 d&#039;une puce RFID UHF en leur centre, permettant des lectures \u00e0 distance. Nos \u00e9tiquettes en papier RFID sont disponibles dans une large gamme de formes et de tailles et peuvent \u00eatre personnalis\u00e9es avec le graphisme de votre choix, offrant des opportunit\u00e9s de marquage tout en conservant leur fonctionnalit\u00e9.<\/div>","protected":false},"featured_media":188,"template":"","meta":{"_kad_post_transparent":"default","_kad_post_title":"","_kad_post_layout":"default","_kad_post_sidebar_id":"","_kad_post_content_style":"default","_kad_post_vertical_padding":"default","_kad_post_feature":"","_kad_post_feature_position":"","_kad_post_header":false,"_kad_post_footer":false,"_kad_post_classname":""},"product_brand":[],"product_cat":[53],"product_tag":[89,90,91],"class_list":{"0":"post-187","1":"product","2":"type-product","3":"status-publish","4":"has-post-thumbnail","6":"product_cat-rfid-clothes-tag","7":"product_tag-rfid-clothing-tags","8":"product_tag-rfid-paper-hang-tags","9":"product_tag-uhf-rfid-paper-hang-tags","11":"first","12":"instock","13":"shipping-taxable","14":"product-type-simple","15":"entry","16":"content-bg","17":"loop-entry"},"_links":{"self":[{"href":"https:\/\/rfid-laundry-tag.com\/fr\/wp-json\/wp\/v2\/product\/187","targetHints":{"allow":["GET"]}}],"collection":[{"href":"https:\/\/rfid-laundry-tag.com\/fr\/wp-json\/wp\/v2\/product"}],"about":[{"href":"https:\/\/rfid-laundry-tag.com\/fr\/wp-json\/wp\/v2\/types\/product"}],"version-history":[{"count":1,"href":"https:\/\/rfid-laundry-tag.com\/fr\/wp-json\/wp\/v2\/product\/187\/revisions"}],"predecessor-version":[{"id":189,"href":"https:\/\/rfid-laundry-tag.com\/fr\/wp-json\/wp\/v2\/product\/187\/revisions\/189"}],"wp:featuredmedia":[{"embeddable":true,"href":"https:\/\/rfid-laundry-tag.com\/fr\/wp-json\/wp\/v2\/media\/188"}],"wp:attachment":[{"href":"https:\/\/rfid-laundry-tag.com\/fr\/wp-json\/wp\/v2\/media?parent=187"}],"wp:term":[{"taxonomy":"product_brand","embeddable":true,"href":"https:\/\/rfid-laundry-tag.com\/fr\/wp-json\/wp\/v2\/product_brand?post=187"},{"taxonomy":"product_cat","embeddable":true,"href":"https:\/\/rfid-laundry-tag.com\/fr\/wp-json\/wp\/v2\/product_cat?post=187"},{"taxonomy":"product_tag","embeddable":true,"href":"https:\/\/rfid-laundry-tag.com\/fr\/wp-json\/wp\/v2\/product_tag?post=187"}],"curies":[{"name":"wp","href":"https:\/\/api.w.org\/{rel}","templated":true}]}}