{"id":185,"date":"2024-06-15T17:36:34","date_gmt":"2024-06-15T17:36:34","guid":{"rendered":"https:\/\/rfid-laundry-tag.com\/?post_type=product&#038;p=185"},"modified":"2024-06-15T17:36:34","modified_gmt":"2024-06-15T17:36:34","slug":"uhf-paper-rfid-clothing-label-tags","status":"publish","type":"product","link":"https:\/\/rfid-laundry-tag.com\/fr\/uhf-paper-rfid-clothing-label-tags\/","title":{"rendered":"\u00c9tiquettes RFID UHF en papier pour v\u00eatements"},"content":{"rendered":"<table class=\"has-title all magic-1\">\n<tbody>\n<tr>\n<td colspan=\"1\" rowspan=\"1\">\n<div class=\"magic-2\" data-spm-anchor-id=\"a2700.details.0.i84.7cea6afbA2IkLB\">Nom de l&#039;article<\/div>\n<\/td>\n<td colspan=\"1\" rowspan=\"1\">\n<div class=\"magic-3\">\u00c9tiquettes RFID UHF en papier pour v\u00eatements<\/div>\n<\/td>\n<\/tr>\n<tr>\n<td colspan=\"1\" rowspan=\"1\">\n<div class=\"magic-2\">Taille<\/div>\n<\/td>\n<td colspan=\"1\" rowspan=\"1\">\n<div class=\"magic-3\">90x40mm ou personnalis\u00e9<\/div>\n<\/td>\n<\/tr>\n<tr>\n<td colspan=\"1\" rowspan=\"1\">\n<div class=\"magic-2\">Fr\u00e9quence<\/div>\n<\/td>\n<td colspan=\"1\" rowspan=\"1\">\n<div class=\"magic-3\">860-960Mhz<\/div>\n<\/td>\n<\/tr>\n<tr>\n<td colspan=\"1\" rowspan=\"1\">\n<div class=\"magic-2\">Type de circuit int\u00e9gr\u00e9 (puce)<\/div>\n<\/td>\n<td colspan=\"1\" rowspan=\"1\">\n<div class=\"magic-3\">NXP Ucode 8 ou 9<\/div>\n<\/td>\n<\/tr>\n<tr>\n<td colspan=\"1\" rowspan=\"1\">\n<div class=\"magic-2\">Protocole<\/div>\n<\/td>\n<td colspan=\"1\" rowspan=\"1\">\n<div class=\"magic-3\">ISO18000 6C<\/div>\n<\/td>\n<\/tr>\n<tr>\n<td colspan=\"1\" rowspan=\"1\">\n<div class=\"magic-4\">M\u00e9moire<\/div>\n<\/td>\n<td colspan=\"1\" rowspan=\"1\">\n<div class=\"magic-3\">EPC 96 bits<\/div>\n<\/td>\n<\/tr>\n<tr>\n<td colspan=\"1\" rowspan=\"1\">\n<div class=\"magic-2\">Mat\u00e9riel<\/div>\n<\/td>\n<td colspan=\"1\" rowspan=\"1\">\n<div class=\"magic-3\">Papier, PET, ETC.<\/div>\n<\/td>\n<\/tr>\n<tr>\n<td colspan=\"1\" rowspan=\"1\">\n<div class=\"magic-2\">Impression<\/div>\n<\/td>\n<td colspan=\"1\" rowspan=\"1\">\n<div class=\"magic-3\" data-spm-anchor-id=\"a2700.details.0.i85.7cea6afbA2IkLB\">Logo, code QR, code-barres, num\u00e9ro de s\u00e9rie<\/div>\n<\/td>\n<\/tr>\n<tr>\n<td colspan=\"1\" rowspan=\"1\">\n<div class=\"magic-2\">Temp\u00e9rature de fonctionnement<\/div>\n<\/td>\n<td colspan=\"1\" rowspan=\"1\">\n<div class=\"magic-3\">-30 \u00b0C \u2013 +80 \u00b0C<\/div>\n<\/td>\n<\/tr>\n<tr>\n<td colspan=\"1\" rowspan=\"1\">\n<div class=\"magic-2\">Lire la distance<\/div>\n<\/td>\n<td colspan=\"1\" rowspan=\"1\">\n<div class=\"magic-3\">Jusqu&#039;\u00e0 15 m<\/div>\n<\/td>\n<\/tr>\n<tr>\n<td colspan=\"1\" rowspan=\"1\">\n<div class=\"magic-5\">S&#039;applique \u00e0<\/div>\n<\/td>\n<td colspan=\"1\" rowspan=\"1\">\n<div class=\"magic-3\">Linges et v\u00eatements<\/div>\n<\/td>\n<\/tr>\n<tr>\n<td colspan=\"1\" rowspan=\"1\">\n<div class=\"magic-4\">Indice IP<\/div>\n<\/td>\n<td colspan=\"1\" rowspan=\"1\">\n<div class=\"magic-3\">IP67<\/div>\n<\/td>\n<\/tr>\n<tr>\n<td colspan=\"1\" rowspan=\"1\">\n<div class=\"magic-4\">Couleur<\/div>\n<\/td>\n<td colspan=\"1\" rowspan=\"1\">\n<div class=\"magic-3\">Blanc<\/div>\n<\/td>\n<\/tr>\n<\/tbody>\n<\/table>\n<p>&nbsp;<\/p>\n<p><strong>\u00c9tiquettes volantes RFID UHF pour v\u00eatements<\/strong> Les \u00e9tiquettes RFID UHF pour v\u00eatements servent de m\u00e9thode s\u00e9curis\u00e9e d&#039;identification des articles. Elles peuvent \u00eatre d\u00e9ploy\u00e9es pour emp\u00eacher la contrefa\u00e7on et contr\u00f4ler l&#039;acc\u00e8s aux zones restreintes, am\u00e9liorant ainsi \u00e0 la fois la s\u00e9curit\u00e9 et la pr\u00e9cision de vos op\u00e9rations commerciales. Choisissez nos \u00e9tiquettes RFID UHF pour v\u00eatements afin de rationaliser votre gestion des stocks et de renforcer la s\u00e9curit\u00e9 de votre magasin.<\/p>\n<p>Avec plusieurs applications s&#039;\u00e9tendant au suivi des actifs, \u00e0 la gestion des stocks de v\u00eatements, \u00e0 la cha\u00eene d&#039;approvisionnement de v\u00eatements et \u00e0 la gestion de la vente au d\u00e9tail de v\u00eatements, nos \u00e9tiquettes volantes en papier RFID UHF peuvent consid\u00e9rablement am\u00e9liorer vos capacit\u00e9s de suivi et de tra\u00e7abilit\u00e9, optimisant ainsi vos op\u00e9rations commerciales.<\/p>","protected":false},"excerpt":{"rendered":"<p>Les \u00e9tiquettes RFID UHF en papier pour v\u00eatements sont des \u00e9tiquettes minuscules sp\u00e9cialement con\u00e7ues pour le suivi des v\u00eatements et des articles d&#039;habillement. Elles int\u00e8grent la technologie RFID \u00e0 ultra-haute fr\u00e9quence (UHF), garantissant des performances de suivi optimales. Les \u00e9tiquettes RFID UHF pour v\u00eatements sont sp\u00e9cialement formul\u00e9es pour le secteur de la vente au d\u00e9tail de la mode. Ces \u00e9tiquettes RFID en papier, qui ont des puces RFID (identification par radiofr\u00e9quence) int\u00e9gr\u00e9es, sont fix\u00e9es aux v\u00eatements, ce qui leur permet d&#039;\u00eatre scann\u00e9es par un lecteur RFID UHF.<\/p>\n<div class=\"auto-hide-last-sibling-br paragraph_1252f paragraph-element\">Ces \u00e9tiquettes jouent un r\u00f4le essentiel dans le suivi et la gestion des stocks dans les magasins de d\u00e9tail, les entrep\u00f4ts et les centres de distribution. Elles permettent un suivi des stocks en temps r\u00e9el, permettant aux entreprises de vente au d\u00e9tail de surveiller avec pr\u00e9cision les niveaux de stock, de minimiser les ruptures de stock et, en fin de compte, d&#039;augmenter les ventes.<\/div>","protected":false},"featured_media":186,"template":"","meta":{"_kad_post_transparent":"default","_kad_post_title":"","_kad_post_layout":"default","_kad_post_sidebar_id":"","_kad_post_content_style":"default","_kad_post_vertical_padding":"default","_kad_post_feature":"","_kad_post_feature_position":"","_kad_post_header":false,"_kad_post_footer":false,"_kad_post_classname":""},"product_brand":[],"product_cat":[53],"product_tag":[89,90,88],"class_list":{"0":"post-185","1":"product","2":"type-product","3":"status-publish","4":"has-post-thumbnail","6":"product_cat-rfid-clothes-tag","7":"product_tag-rfid-clothing-tags","8":"product_tag-rfid-paper-hang-tags","9":"product_tag-uhf-paper-rfid-clothing-label-tags","11":"first","12":"instock","13":"shipping-taxable","14":"product-type-simple","15":"entry","16":"content-bg","17":"loop-entry"},"_links":{"self":[{"href":"https:\/\/rfid-laundry-tag.com\/fr\/wp-json\/wp\/v2\/product\/185","targetHints":{"allow":["GET"]}}],"collection":[{"href":"https:\/\/rfid-laundry-tag.com\/fr\/wp-json\/wp\/v2\/product"}],"about":[{"href":"https:\/\/rfid-laundry-tag.com\/fr\/wp-json\/wp\/v2\/types\/product"}],"version-history":[{"count":0,"href":"https:\/\/rfid-laundry-tag.com\/fr\/wp-json\/wp\/v2\/product\/185\/revisions"}],"wp:featuredmedia":[{"embeddable":true,"href":"https:\/\/rfid-laundry-tag.com\/fr\/wp-json\/wp\/v2\/media\/186"}],"wp:attachment":[{"href":"https:\/\/rfid-laundry-tag.com\/fr\/wp-json\/wp\/v2\/media?parent=185"}],"wp:term":[{"taxonomy":"product_brand","embeddable":true,"href":"https:\/\/rfid-laundry-tag.com\/fr\/wp-json\/wp\/v2\/product_brand?post=185"},{"taxonomy":"product_cat","embeddable":true,"href":"https:\/\/rfid-laundry-tag.com\/fr\/wp-json\/wp\/v2\/product_cat?post=185"},{"taxonomy":"product_tag","embeddable":true,"href":"https:\/\/rfid-laundry-tag.com\/fr\/wp-json\/wp\/v2\/product_tag?post=185"}],"curies":[{"name":"wp","href":"https:\/\/api.w.org\/{rel}","templated":true}]}}