{"id":183,"date":"2024-06-15T17:11:39","date_gmt":"2024-06-15T17:11:39","guid":{"rendered":"https:\/\/rfid-laundry-tag.com\/?post_type=product&#038;p=183"},"modified":"2024-06-15T17:22:58","modified_gmt":"2024-06-15T17:22:58","slug":"fabric-uhf-rfid-wash-care-tag","status":"publish","type":"product","link":"https:\/\/rfid-laundry-tag.com\/fr\/fabric-uhf-rfid-wash-care-tag\/","title":{"rendered":"\u00c9tiquette d&#039;entretien de lavage RFID UHF en tissu"},"content":{"rendered":"<div class=\"J_module\">\n<div class=\"ife-detail-decorate-table\">\n<table class=\"hight-light-first-column all magic-14\">\n<tbody>\n<tr>\n<td colspan=\"1\" rowspan=\"1\">\n<div class=\"magic-15\" data-spm-anchor-id=\"a2700.details.0.i95.236a58c1ycsfva\">Nom de la production :<\/div>\n<\/td>\n<td colspan=\"1\" rowspan=\"1\">\n<div class=\"magic-16\">\u00c9tiquette d&#039;entretien de lavage RFID UHF en tissu<\/div>\n<\/td>\n<\/tr>\n<tr>\n<td colspan=\"1\" rowspan=\"1\">\n<div class=\"magic-15\"><span class=\"magic-17\">Mat\u00e9riel:<\/span><\/div>\n<\/td>\n<td colspan=\"1\" rowspan=\"1\">\n<div class=\"magic-16\">Polyester\/Composition\/Satin\/Coton\/Non-tiss\u00e9\/PET etc.<\/div>\n<\/td>\n<\/tr>\n<tr>\n<td colspan=\"1\" rowspan=\"1\">\n<div class=\"magic-15\"><span class=\"magic-17\">Taille:<\/span><\/div>\n<\/td>\n<td colspan=\"1\" rowspan=\"1\">\n<div class=\"magic-16\"><span class=\"magic-17\">80*38mm\/60*30mm ou personnalis\u00e9<\/span><\/div>\n<\/td>\n<\/tr>\n<tr>\n<td colspan=\"1\" rowspan=\"1\">\n<div class=\"magic-15\"><span class=\"magic-17\">Taper:<\/span><\/div>\n<\/td>\n<td colspan=\"1\" rowspan=\"1\">\n<div class=\"magic-16\"><span class=\"magic-17\">Passif, RFID<\/span><\/div>\n<\/td>\n<\/tr>\n<tr>\n<td colspan=\"1\" rowspan=\"1\">\n<div class=\"magic-15\">Protocole RF :<\/div>\n<\/td>\n<td colspan=\"1\" rowspan=\"1\">\n<div class=\"magic-16\">ISO 18000-6C; EPC Classe 1 Gen 2<\/div>\n<\/td>\n<\/tr>\n<tr>\n<td colspan=\"1\" rowspan=\"1\">\n<div class=\"magic-15\"><span class=\"magic-17\">Fr\u00e9quence:<\/span><\/div>\n<\/td>\n<td colspan=\"1\" rowspan=\"1\">\n<div class=\"magic-16\"><span class=\"magic-17\">860 \u00e0 960 MHz<\/span><\/div>\n<\/td>\n<\/tr>\n<tr>\n<td colspan=\"1\" rowspan=\"1\">\n<div class=\"magic-15\">\u00c9br\u00e9cher<\/div>\n<\/td>\n<td colspan=\"1\" rowspan=\"1\">\n<div class=\"magic-16\">Alien Higgs, Monza 3, Monza 4D, Monza 4QT, Monza R6, Monza R6-P, Impinj M730, Impinj M750 etc.<\/div>\n<\/td>\n<\/tr>\n<tr>\n<td colspan=\"1\" rowspan=\"1\">\n<div class=\"magic-15\"><span class=\"magic-17\">Distance de lecture :<\/span><\/div>\n<\/td>\n<td colspan=\"1\" rowspan=\"1\">\n<div class=\"magic-16\"><span class=\"magic-17\">UHF : 1~10m (d\u00e9pend du lecteur et de l&#039;antenne)<\/span><\/div>\n<\/td>\n<\/tr>\n<tr>\n<td colspan=\"1\" rowspan=\"1\">\n<div class=\"magic-15\"><span class=\"magic-17\">Voie fixe :<\/span><\/div>\n<\/td>\n<td colspan=\"1\" rowspan=\"1\">\n<div class=\"magic-16\"><span class=\"magic-17\">Coudre \/ repasser<\/span><\/div>\n<\/td>\n<\/tr>\n<tr>\n<td colspan=\"1\" rowspan=\"1\">\n<div class=\"magic-15\"><span class=\"magic-17\">Impression:<\/span><\/div>\n<\/td>\n<td colspan=\"1\" rowspan=\"1\">\n<div class=\"magic-16\"><span class=\"magic-17\">Impression, codage, num\u00e9ro de s\u00e9rie, conception, etc.<\/span><\/div>\n<\/td>\n<\/tr>\n<tr>\n<td colspan=\"1\" rowspan=\"1\">\n<div class=\"magic-15\"><span class=\"magic-17\">Dur\u00e9e de vie du CI :<\/span><\/div>\n<\/td>\n<td colspan=\"1\" rowspan=\"1\">\n<div class=\"magic-16\" data-spm-anchor-id=\"a2700.details.0.i94.236a58c1ycsfva\"><span class=\"magic-17\">100 000 cycles de programmation<br \/>\nConservation des donn\u00e9es pendant 10 ans<\/span><\/div>\n<\/td>\n<\/tr>\n<tr>\n<td colspan=\"1\" rowspan=\"1\">\n<div class=\"magic-15\"><span class=\"magic-17\">Disponibilit\u00e9 des \u00e9chantillons :<\/span><\/div>\n<\/td>\n<td colspan=\"1\" rowspan=\"1\">\n<div class=\"magic-16\"><span class=\"magic-17\">Des \u00e9chantillons gratuits sont disponibles sur demande<\/span><\/div>\n<\/td>\n<\/tr>\n<tr>\n<td colspan=\"1\" rowspan=\"1\">\n<div class=\"magic-15\"><span class=\"magic-17\">Applications :\u00a0<\/span><\/div>\n<\/td>\n<td colspan=\"1\" rowspan=\"1\">\n<div class=\"magic-16\"><span class=\"magic-17\">\u00b7 Gestion des stocks<br \/>\n\u00b7 Cha\u00eene d&#039;approvisionnement<br \/>\n\u00b7 Vente au d\u00e9tail<\/span><\/div>\n<\/td>\n<\/tr>\n<tr>\n<td colspan=\"1\" rowspan=\"1\">\n<div class=\"magic-15\"><span class=\"magic-17\">Utiliser<\/span><\/div>\n<\/td>\n<td colspan=\"1\" rowspan=\"1\">\n<div class=\"magic-16\"><span class=\"magic-17\">V\u00eatement, habillement, sacs, chaussures, etc.<\/span><\/div>\n<\/td>\n<\/tr>\n<\/tbody>\n<\/table>\n<\/div>\n<\/div>\n<div class=\"J_module\">\n<div class=\"detail-decorate-json-renderer-container\">\n<div class=\"magic-1\">\n<div class=\"magic-5\">\n<div class=\"magic-6\">\n<div><\/div>\n<\/div>\n<div>\n<div class=\"auto-hide-last-sibling-br paragraph_1252f paragraph-element\">\n<div class=\"auto-hide-last-sibling-br paragraph_1252f paragraph-element\">\n<div class=\"auto-hide-last-sibling-br paragraph_1252f paragraph-element\">\n<div class=\"auto-hide-last-sibling-br paragraph_1252f paragraph-element\">Notre<strong> \u00c9tiquette d&#039;entretien de lavage RFID UHF en tissu<\/strong> est une solution r\u00e9volutionnaire qui associe les \u00e9tiquettes d&#039;entretien des v\u00eatements traditionnelles \u00e0 la technologie RFID de pointe. Con\u00e7ues pour \u00eatre conformes aux normes ISO18000-6C EPC Classe 1 Gen2, ces \u00e9tiquettes encapsulent une incrustation RFID passive UHF 860-960 MHz.<\/div>\n<p><br class=\"container_e695a wrapper_ad07b undefined\" \/><\/p>\n<div class=\"auto-hide-last-sibling-br paragraph_1252f paragraph-element\"><strong>Points forts:<\/strong><\/div>\n<p><br class=\"container_e695a wrapper_ad07b undefined\" \/><\/p>\n<ol class=\"auto-hide-last-sibling-br\">\n<li>Vari\u00e9t\u00e9 de mat\u00e9riaux : Ces \u00e9tiquettes peuvent \u00eatre fabriqu\u00e9es \u00e0 partir de nombreux mat\u00e9riaux, y compris des tissus tiss\u00e9s et des rubans, offrant une flexibilit\u00e9 de conception et d&#039;utilisation.<\/li>\n<li>Durabilit\u00e9 : Un attribut fondamental de ces \u00e9tiquettes est leur r\u00e9silience. Elles r\u00e9sistent au repassage et au lavage, ce qui garantit une performance et une lisibilit\u00e9 continues, m\u00eame apr\u00e8s des cycles de lavage r\u00e9p\u00e9t\u00e9s.<\/li>\n<li>Impression de surface : nous pouvons imprimer sur la surface de ces \u00e9tiquettes, leur permettant d&#039;afficher des informations conventionnelles telles que les instructions d&#039;entretien, la taille, le contenu du tissu, le nom de la marque, etc.<\/li>\n<li>Polyvalence des tailles et des emballages : nos \u00e9tiquettes d&#039;entretien RFID sont disponibles dans une large gamme de tailles pour s&#039;adapter \u00e0 diff\u00e9rents styles de v\u00eatements et exigences d&#039;utilisation. Elles offrent \u00e9galement des options d&#039;emballage flexibles pour un large \u00e9ventail d&#039;applications.<\/li>\n<li>Couture sur les v\u00eatements : une fois cousues sur les v\u00eatements, ces \u00e9tiquettes RFID remplacent efficacement les \u00e9tiquettes de lavage traditionnelles. Elles resteront attach\u00e9es au v\u00eatement pendant toute sa dur\u00e9e de vie, offrant ainsi un suivi et une gestion efficaces \u00e0 long terme.<\/li>\n<\/ol>\n<p><br class=\"container_e695a wrapper_ad07b undefined\" \/><\/p>\n<div class=\"auto-hide-last-sibling-br paragraph_1252f paragraph-element\"><strong>Avantages :<\/strong><\/div>\n<p><br class=\"container_e695a wrapper_ad07b undefined\" \/><\/p>\n<ul class=\"auto-hide-last-sibling-br\">\n<li>Nous apportons une vaste exp\u00e9rience dans la fabrication RFID, garantissant des solutions de produits sur mesure pour nos clients.<\/li>\n<li>Nous promettons une ex\u00e9cution rapide des commandes, m\u00eame pour les commandes de gros volume.<\/li>\n<li>Nous sommes experts dans la gestion des processus de donn\u00e9es variables, notamment les codes QR, les codes-barres, la num\u00e9rotation s\u00e9quentielle et l&#039;encodage des puces.<\/li>\n<li>Nous r\u00e9pondons aux demandes uniques des clients en proposant une gamme d&#039;\u00e9tiquettes d&#039;entretien RFID allant du satin ultra-doux et du nylon robuste au taffetas \u00e9l\u00e9gant, \u00e0 la soie de luxe et m\u00eame aux \u00e9tiquettes de lavage imperm\u00e9ables.<\/li>\n<\/ul>\n<\/div>\n<\/div>\n<p>&nbsp;<\/p>\n<\/div>\n<\/div>\n<div class=\"magic-6\">\n<div><\/div>\n<\/div>\n<\/div>\n<\/div>\n<\/div>\n<\/div>","protected":false},"excerpt":{"rendered":"<p>L&#039;\u00e9tiquette d&#039;entretien UHF RFID pour tissu est con\u00e7ue pour durer tout au long du cycle de vie d&#039;un v\u00eatement, offrant un suivi efficace de chaque article de la production au stockage, \u00e0 la vente et potentiellement m\u00eame apr\u00e8s la vente. Leur r\u00e9sistance exceptionnelle aux cycles de lavage rigoureux, au repassage et \u00e0 l&#039;usure quotidienne fait de ces \u00e9tiquettes RFID une r\u00e9ponse robuste aux d\u00e9fis traditionnels des stocks.<\/p>","protected":false},"featured_media":184,"template":"","meta":{"_kad_post_transparent":"default","_kad_post_title":"","_kad_post_layout":"default","_kad_post_sidebar_id":"","_kad_post_content_style":"default","_kad_post_vertical_padding":"default","_kad_post_feature":"","_kad_post_feature_position":"","_kad_post_header":false,"_kad_post_footer":false,"_kad_post_classname":""},"product_brand":[],"product_cat":[81],"product_tag":[87,85,83],"class_list":{"0":"post-183","1":"product","2":"type-product","3":"status-publish","4":"has-post-thumbnail","6":"product_cat-rfid-wash-care-clothing-label","7":"product_tag-fabric-uhf-rfid-wash-care-tag","8":"product_tag-laundry-rfid-wash-care-label","9":"product_tag-rfid-wash-care-label","11":"first","12":"instock","13":"shipping-taxable","14":"product-type-simple","15":"entry","16":"content-bg","17":"loop-entry"},"_links":{"self":[{"href":"https:\/\/rfid-laundry-tag.com\/fr\/wp-json\/wp\/v2\/product\/183","targetHints":{"allow":["GET"]}}],"collection":[{"href":"https:\/\/rfid-laundry-tag.com\/fr\/wp-json\/wp\/v2\/product"}],"about":[{"href":"https:\/\/rfid-laundry-tag.com\/fr\/wp-json\/wp\/v2\/types\/product"}],"version-history":[{"count":0,"href":"https:\/\/rfid-laundry-tag.com\/fr\/wp-json\/wp\/v2\/product\/183\/revisions"}],"wp:featuredmedia":[{"embeddable":true,"href":"https:\/\/rfid-laundry-tag.com\/fr\/wp-json\/wp\/v2\/media\/184"}],"wp:attachment":[{"href":"https:\/\/rfid-laundry-tag.com\/fr\/wp-json\/wp\/v2\/media?parent=183"}],"wp:term":[{"taxonomy":"product_brand","embeddable":true,"href":"https:\/\/rfid-laundry-tag.com\/fr\/wp-json\/wp\/v2\/product_brand?post=183"},{"taxonomy":"product_cat","embeddable":true,"href":"https:\/\/rfid-laundry-tag.com\/fr\/wp-json\/wp\/v2\/product_cat?post=183"},{"taxonomy":"product_tag","embeddable":true,"href":"https:\/\/rfid-laundry-tag.com\/fr\/wp-json\/wp\/v2\/product_tag?post=183"}],"curies":[{"name":"wp","href":"https:\/\/api.w.org\/{rel}","templated":true}]}}