{"id":181,"date":"2024-06-15T17:00:44","date_gmt":"2024-06-15T17:00:44","guid":{"rendered":"https:\/\/rfid-laundry-tag.com\/?post_type=product&#038;p=181"},"modified":"2024-08-14T15:40:24","modified_gmt":"2024-08-14T15:40:24","slug":"satin-uhf-rfid-wash-label","status":"publish","type":"product","link":"https:\/\/rfid-laundry-tag.com\/fr\/satin-uhf-rfid-wash-label\/","title":{"rendered":"\u00c9tiquette de lavage RFID UHF satin\u00e9e"},"content":{"rendered":"<div class=\"J_module\">\n<div class=\"ife-detail-decorate-table\">\n<table class=\"hight-light-first-column all magic-14\">\n<tbody>\n<tr>\n<td colspan=\"1\" rowspan=\"1\">\n<div class=\"magic-15\" data-spm-anchor-id=\"a2700.details.0.i95.236a58c1ycsfva\">Nom de la production :<\/div>\n<\/td>\n<td colspan=\"1\" rowspan=\"1\">\n<div class=\"magic-16\">\u00c9tiquette de lavage RFID UHF satin\u00e9e<\/div>\n<\/td>\n<\/tr>\n<tr>\n<td colspan=\"1\" rowspan=\"1\">\n<div class=\"magic-15\"><span class=\"magic-17\">Mat\u00e9riel:<\/span><\/div>\n<\/td>\n<td colspan=\"1\" rowspan=\"1\">\n<div class=\"magic-16\">Polyester\/Composition\/Satin\/Coton\/Non-tiss\u00e9\/PET etc.<\/div>\n<\/td>\n<\/tr>\n<tr>\n<td colspan=\"1\" rowspan=\"1\">\n<div class=\"magic-15\"><span class=\"magic-17\">Taille:<\/span><\/div>\n<\/td>\n<td colspan=\"1\" rowspan=\"1\">\n<div class=\"magic-16\"><span class=\"magic-17\">80*38mm\/60*30mm ou personnalis\u00e9<\/span><\/div>\n<\/td>\n<\/tr>\n<tr>\n<td colspan=\"1\" rowspan=\"1\">\n<div class=\"magic-15\"><span class=\"magic-17\">Taper:<\/span><\/div>\n<\/td>\n<td colspan=\"1\" rowspan=\"1\">\n<div class=\"magic-16\"><span class=\"magic-17\">Passif, RFID<\/span><\/div>\n<\/td>\n<\/tr>\n<tr>\n<td colspan=\"1\" rowspan=\"1\">\n<div class=\"magic-15\">Protocole RF :<\/div>\n<\/td>\n<td colspan=\"1\" rowspan=\"1\">\n<div class=\"magic-16\">ISO 18000-6C; EPC Classe 1 Gen 2<\/div>\n<\/td>\n<\/tr>\n<tr>\n<td colspan=\"1\" rowspan=\"1\">\n<div class=\"magic-15\"><span class=\"magic-17\">Fr\u00e9quence:<\/span><\/div>\n<\/td>\n<td colspan=\"1\" rowspan=\"1\">\n<div class=\"magic-16\"><span class=\"magic-17\">860 \u00e0 960 MHz<\/span><\/div>\n<\/td>\n<\/tr>\n<tr>\n<td colspan=\"1\" rowspan=\"1\">\n<div class=\"magic-15\">\u00c9br\u00e9cher<\/div>\n<\/td>\n<td colspan=\"1\" rowspan=\"1\">\n<div class=\"magic-16\">Alien Higgs, Monza 3, Monza 4D, Monza 4QT, Monza R6, Monza R6-P, Impinj M730, Impinj M750 etc.<\/div>\n<\/td>\n<\/tr>\n<tr>\n<td colspan=\"1\" rowspan=\"1\">\n<div class=\"magic-15\"><span class=\"magic-17\">Distance de lecture :<\/span><\/div>\n<\/td>\n<td colspan=\"1\" rowspan=\"1\">\n<div class=\"magic-16\"><span class=\"magic-17\">UHF : 1~10m (d\u00e9pend du lecteur et de l&#039;antenne)<\/span><\/div>\n<\/td>\n<\/tr>\n<tr>\n<td colspan=\"1\" rowspan=\"1\">\n<div class=\"magic-15\"><span class=\"magic-17\">Voie fixe :<\/span><\/div>\n<\/td>\n<td colspan=\"1\" rowspan=\"1\">\n<div class=\"magic-16\"><span class=\"magic-17\">Coudre \/ repasser<\/span><\/div>\n<\/td>\n<\/tr>\n<tr>\n<td colspan=\"1\" rowspan=\"1\">\n<div class=\"magic-15\"><span class=\"magic-17\">Impression:<\/span><\/div>\n<\/td>\n<td colspan=\"1\" rowspan=\"1\">\n<div class=\"magic-16\"><span class=\"magic-17\">Impression, codage, num\u00e9ro de s\u00e9rie, conception, etc.<\/span><\/div>\n<\/td>\n<\/tr>\n<tr>\n<td colspan=\"1\" rowspan=\"1\">\n<div class=\"magic-15\"><span class=\"magic-17\">Dur\u00e9e de vie du CI :<\/span><\/div>\n<\/td>\n<td colspan=\"1\" rowspan=\"1\">\n<div class=\"magic-16\" data-spm-anchor-id=\"a2700.details.0.i94.236a58c1ycsfva\"><span class=\"magic-17\">100 000 cycles de programmation<br \/>\nConservation des donn\u00e9es pendant 10 ans<\/span><\/div>\n<\/td>\n<\/tr>\n<tr>\n<td colspan=\"1\" rowspan=\"1\">\n<div class=\"magic-15\"><span class=\"magic-17\">Disponibilit\u00e9 des \u00e9chantillons :<\/span><\/div>\n<\/td>\n<td colspan=\"1\" rowspan=\"1\">\n<div class=\"magic-16\"><span class=\"magic-17\">Des \u00e9chantillons gratuits sont disponibles sur demande<\/span><\/div>\n<\/td>\n<\/tr>\n<tr>\n<td colspan=\"1\" rowspan=\"1\">\n<div class=\"magic-15\"><span class=\"magic-17\">Applications :\u00a0<\/span><\/div>\n<\/td>\n<td colspan=\"1\" rowspan=\"1\">\n<div class=\"magic-16\"><span class=\"magic-17\">\u00b7 Gestion des stocks<br \/>\n\u00b7 Cha\u00eene d&#039;approvisionnement<br \/>\n\u00b7 Vente au d\u00e9tail<\/span><\/div>\n<\/td>\n<\/tr>\n<tr>\n<td colspan=\"1\" rowspan=\"1\">\n<div class=\"magic-15\"><span class=\"magic-17\">Utiliser<\/span><\/div>\n<\/td>\n<td colspan=\"1\" rowspan=\"1\">\n<div class=\"magic-16\"><span class=\"magic-17\">V\u00eatement, habillement, sacs, chaussures, etc.<\/span><\/div>\n<\/td>\n<\/tr>\n<\/tbody>\n<\/table>\n<\/div>\n<\/div>\n<div class=\"J_module\">\n<div class=\"detail-decorate-json-renderer-container\">\n<div class=\"magic-1\">\n<div class=\"magic-5\">\n<div class=\"magic-6\">\n<div><\/div>\n<\/div>\n<div>\n<div class=\"auto-hide-last-sibling-br paragraph_1252f paragraph-element\">\n<div class=\"auto-hide-last-sibling-br paragraph_1252f paragraph-element\">\n<div class=\"auto-hide-last-sibling-br paragraph_1252f paragraph-element\">L&#039;\u00e9tiquette de lavage RFID UHF Satin est une innovation r\u00e9volutionnaire qui r\u00e9unit le meilleur des deux mondes : les \u00e9tiquettes d&#039;entretien des v\u00eatements conventionnelles et la technologie RFID avanc\u00e9e. Ces \u00e9tiquettes sont con\u00e7ues pour \u00eatre conformes aux normes ISO18000-6C EPC Classe 1 Gen2 et encapsulent une incrustation RFID passive UHF 860-960 MHz.<\/div>\n<div><\/div>\n<div class=\"auto-hide-last-sibling-br paragraph_1252f paragraph-element\"><strong>Principales caract\u00e9ristiques des \u00e9tiquettes d\u2019entretien RFID\u00a0:<\/strong><\/div>\n<ol class=\"auto-hide-last-sibling-br\">\n<li>\n<div class=\"auto-hide-last-sibling-br paragraph_1252f paragraph-element\"><strong>Vari\u00e9t\u00e9 de mat\u00e9riaux :<\/strong>\u00a0Ces \u00e9tiquettes d&#039;entretien peuvent \u00eatre fabriqu\u00e9es \u00e0 partir de divers mat\u00e9riaux allant des tissus tiss\u00e9s aux rubans, offrant une flexibilit\u00e9 de conception et d&#039;application.<\/div>\n<\/li>\n<li>\n<div class=\"auto-hide-last-sibling-br paragraph_1252f paragraph-element\"><strong>Durabilit\u00e9:<\/strong>\u00a0L&#039;une des caract\u00e9ristiques d\u00e9terminantes de ces \u00e9tiquettes d&#039;entretien est leur r\u00e9sistance. Elles sont r\u00e9sistantes au repassage et au lavage, ce qui garantit qu&#039;elles conservent leur performance et leur lisibilit\u00e9, m\u00eame apr\u00e8s des cycles de lavage rigoureux.<\/div>\n<\/li>\n<li>\n<div class=\"auto-hide-last-sibling-br paragraph_1252f paragraph-element\"><strong>Impression de surface :<\/strong>\u00a0Ces \u00e9tiquettes peuvent \u00e9galement prendre en charge l\u2019impression en surface, ce qui permet l\u2019inclusion d\u2019informations traditionnelles trouv\u00e9es sur les \u00e9tiquettes des v\u00eatements, telles que les instructions d\u2019entretien, la taille, le contenu du mat\u00e9riau, le nom de la marque, etc.<\/div>\n<\/li>\n<li>\n<div class=\"auto-hide-last-sibling-br paragraph_1252f paragraph-element\"><strong>Flexibilit\u00e9 de taille et d&#039;emballage :<\/strong>\u00a0Les \u00e9tiquettes d&#039;entretien RFID sont disponibles dans une large gamme de tailles pour s&#039;adapter \u00e0 diff\u00e9rents types de v\u00eatements et \u00e0 diff\u00e9rentes exigences d&#039;utilisation. De plus, elles offrent des mat\u00e9riaux d&#039;emballage flexibles pour des applications polyvalentes.<\/div>\n<\/li>\n<li>\n<div class=\"auto-hide-last-sibling-br paragraph_1252f paragraph-element\"><strong>Coudre des v\u00eatements :<\/strong>\u00a0Enfin, une fois cousues sur les v\u00eatements, ces \u00e9tiquettes RFID peuvent remplacer efficacement les \u00e9tiquettes de lavage conventionnelles. Elles resteront attach\u00e9es au v\u00eatement aussi longtemps qu&#039;il durera, permettant ainsi un suivi et une gestion efficaces \u00e0 long terme.<\/div>\n<\/li>\n<\/ol>\n<div class=\"auto-hide-last-sibling-br paragraph_1252f paragraph-element\"><strong>Avantages:<\/strong><br class=\"container_e695a wrapper_ad07b undefined\" \/>Notre expertise compl\u00e8te dans la fabrication RFID garantit des solutions de produits personnalis\u00e9es \u00e0 nos clients.<br class=\"container_e695a wrapper_ad07b undefined\" \/>Nous garantissons une ex\u00e9cution rapide des commandes, m\u00eame pour les demandes de gros volume.<br class=\"container_e695a wrapper_ad07b undefined\" \/>Nous excellons dans la gestion des processus de donn\u00e9es variables, qui incluent les codes QR, les codes-barres, la num\u00e9rotation s\u00e9quentielle et l\u2019encodage des puces, entre autres.<br class=\"container_e695a wrapper_ad07b undefined\" \/>Nous sommes \u00e9quip\u00e9s pour r\u00e9pondre aux besoins uniques de nos clients, en proposant une vari\u00e9t\u00e9 d&#039;\u00e9tiquettes d&#039;entretien RFID. Notre offre s&#039;\u00e9tend des \u00e9tiquettes d&#039;entretien RFID en satin ultra-doux et des \u00e9tiquettes d&#039;entretien RFID en nylon robuste, aux \u00e9tiquettes d&#039;entretien RFID en taffetas lisse, aux \u00e9tiquettes d&#039;entretien RFID en soie luxueuse et m\u00eame aux \u00e9tiquettes d&#039;entretien de lavage imperm\u00e9ables.<\/div>\n<\/div>\n<p>&nbsp;<\/p>\n<\/div>\n<\/div>\n<div class=\"magic-6\">\n<div><\/div>\n<\/div>\n<\/div>\n<\/div>\n<\/div>\n<\/div>","protected":false},"excerpt":{"rendered":"<p>L&#039;\u00e9tiquette de lavage RFID UHF satin\u00e9e est con\u00e7ue pour durer tout au long de la dur\u00e9e de vie d&#039;un v\u00eatement, facilitant le suivi optimis\u00e9 de chaque article depuis sa cr\u00e9ation jusqu&#039;\u00e0 son stockage et sa vente, et potentiellement m\u00eame le suivi apr\u00e8s l&#039;achat.<\/p>","protected":false},"featured_media":182,"template":"","meta":{"_kad_post_transparent":"default","_kad_post_title":"","_kad_post_layout":"default","_kad_post_sidebar_id":"","_kad_post_content_style":"default","_kad_post_vertical_padding":"default","_kad_post_feature":"","_kad_post_feature_position":"","_kad_post_header":false,"_kad_post_footer":false,"_kad_post_classname":""},"product_brand":[],"product_cat":[81],"product_tag":[85,83,86],"class_list":{"0":"post-181","1":"product","2":"type-product","3":"status-publish","4":"has-post-thumbnail","6":"product_cat-rfid-wash-care-clothing-label","7":"product_tag-laundry-rfid-wash-care-label","8":"product_tag-rfid-wash-care-label","9":"product_tag-satin-uhf-rfid-wash-label","11":"first","12":"instock","13":"shipping-taxable","14":"product-type-simple","15":"entry","16":"content-bg","17":"loop-entry"},"_links":{"self":[{"href":"https:\/\/rfid-laundry-tag.com\/fr\/wp-json\/wp\/v2\/product\/181","targetHints":{"allow":["GET"]}}],"collection":[{"href":"https:\/\/rfid-laundry-tag.com\/fr\/wp-json\/wp\/v2\/product"}],"about":[{"href":"https:\/\/rfid-laundry-tag.com\/fr\/wp-json\/wp\/v2\/types\/product"}],"version-history":[{"count":1,"href":"https:\/\/rfid-laundry-tag.com\/fr\/wp-json\/wp\/v2\/product\/181\/revisions"}],"predecessor-version":[{"id":1298,"href":"https:\/\/rfid-laundry-tag.com\/fr\/wp-json\/wp\/v2\/product\/181\/revisions\/1298"}],"wp:featuredmedia":[{"embeddable":true,"href":"https:\/\/rfid-laundry-tag.com\/fr\/wp-json\/wp\/v2\/media\/182"}],"wp:attachment":[{"href":"https:\/\/rfid-laundry-tag.com\/fr\/wp-json\/wp\/v2\/media?parent=181"}],"wp:term":[{"taxonomy":"product_brand","embeddable":true,"href":"https:\/\/rfid-laundry-tag.com\/fr\/wp-json\/wp\/v2\/product_brand?post=181"},{"taxonomy":"product_cat","embeddable":true,"href":"https:\/\/rfid-laundry-tag.com\/fr\/wp-json\/wp\/v2\/product_cat?post=181"},{"taxonomy":"product_tag","embeddable":true,"href":"https:\/\/rfid-laundry-tag.com\/fr\/wp-json\/wp\/v2\/product_tag?post=181"}],"curies":[{"name":"wp","href":"https:\/\/api.w.org\/{rel}","templated":true}]}}