{"id":1785,"date":"2024-09-02T08:15:43","date_gmt":"2024-09-02T08:15:43","guid":{"rendered":"https:\/\/rfid-laundry-tag.com\/?post_type=product&#038;p=1785"},"modified":"2024-09-08T04:11:02","modified_gmt":"2024-09-08T04:11:02","slug":"uhf-rfid-label-tag-led-flash-light-location-for-library-management","status":"publish","type":"product","link":"https:\/\/rfid-laundry-tag.com\/fr\/uhf-rfid-label-tag-led-flash-light-location-for-library-management\/","title":{"rendered":"\u00c9tiquette RFID UHF avec lumi\u00e8re flash LED pour la gestion des biblioth\u00e8ques"},"content":{"rendered":"<div data-elementor-type=\"product-post\" data-elementor-id=\"1785\" class=\"elementor elementor-1785\" data-elementor-settings=\"{&quot;ha_cmc_init_switcher&quot;:&quot;no&quot;}\" data-elementor-post-type=\"product\">\n\t\t\t\t<div class=\"elementor-element elementor-element-1c13a178 e-flex e-con-boxed e-con e-parent\" data-id=\"1c13a178\" data-element_type=\"container\" data-e-type=\"container\" data-settings=\"{&quot;_ha_eqh_enable&quot;:false}\">\n\t\t\t\t\t<div class=\"e-con-inner\">\n\t\t\t\t<div class=\"elementor-element elementor-element-7e836d6a elementor-widget elementor-widget-text-editor\" data-id=\"7e836d6a\" data-element_type=\"widget\" data-e-type=\"widget\" data-widget_type=\"text-editor.default\">\n\t\t\t\t<div class=\"elementor-widget-container\">\n\t\t\t\t\t\t\t\t\t<p><span style=\"color: #000000;\">Les \u00e9tiquettes UHF RFID Tag LED Flash Light sont une solution innovante qui combine la puissance de la technologie RFID avec un indicateur LED visuel, am\u00e9liorant l&#039;efficacit\u00e9 de la gestion des stocks et des actifs. Ces \u00e9tiquettes sont enti\u00e8rement personnalisables, vous permettant de choisir les dimensions, la couleur de la lumi\u00e8re LED et plus encore pour r\u00e9pondre \u00e0 vos besoins sp\u00e9cifiques. Avec des tailles disponibles de 18x75 mm et 14x96 mm et une \u00e9paisseur \u00e9l\u00e9gante de seulement 0,2 mm, ces \u00e9tiquettes sont fabriqu\u00e9es \u00e0 partir d&#039;un mat\u00e9riau PET robuste, garantissant une durabilit\u00e9 m\u00eame dans des environnements difficiles.<\/span><\/p><p><span style=\"color: #000000;\">Fonctionnant dans la gamme de fr\u00e9quences de 900 \u00e0 928 MHz, ces \u00e9tiquettes offrent des performances optimales, ce qui les rend id\u00e9ales pour divers secteurs. Les sp\u00e9cifications de m\u00e9moire incluent TID 96 bits, EPC 160 bits et USER 1312 bits, offrant un stockage de donn\u00e9es suffisant \u00e0 des fins de suivi et d&#039;identification. Con\u00e7ues pour r\u00e9sister \u00e0 des temp\u00e9ratures de fonctionnement de -20 \u00b0C \u00e0 70 \u00b0C, ces \u00e9tiquettes RFID UHF \u00e0 LED flash conviennent \u00e0 une large gamme d&#039;applications, notamment le suivi des actifs, la gestion des stocks, etc.<\/span><\/p><table class=\"all magic-10\"><tbody><tr><td colspan=\"1\" rowspan=\"1\"><div class=\"magic-11\" data-spm-anchor-id=\"a2700.details.0.i38.105812c6mFAirA\"><span style=\"color: #000000;\">\u00c9br\u00e9cher<\/span><\/div><\/td><td colspan=\"1\" rowspan=\"1\"><div class=\"magic-12\"><span style=\"color: #000000;\">Personnalis\u00e9<\/span><\/div><\/td><\/tr><tr><td colspan=\"1\" rowspan=\"1\"><div class=\"magic-11\" data-spm-anchor-id=\"a2700.details.0.i47.105812c6mFAirA\"><span style=\"color: #000000;\">Dimensions<\/span><\/div><\/td><td colspan=\"1\" rowspan=\"1\"><div class=\"magic-12\"><span style=\"color: #000000;\">18*75mm, 14*96mm, 100*10mm<\/span><\/div><\/td><\/tr><tr><td colspan=\"1\" rowspan=\"1\"><div class=\"magic-11\"><span style=\"color: #000000;\">\u00c9paisseur<\/span><\/div><\/td><td colspan=\"1\" rowspan=\"1\"><div class=\"magic-12\"><span style=\"color: #000000;\">0,2 mm<\/span><\/div><\/td><\/tr><tr><td colspan=\"1\" rowspan=\"1\"><div class=\"magic-11\"><span style=\"color: #000000;\">Mat\u00e9riel<\/span><\/div><\/td><td colspan=\"1\" rowspan=\"1\"><div class=\"magic-12\"><span style=\"color: #000000;\">ANIMAL DE COMPAGNIE<\/span><\/div><\/td><\/tr><tr><td colspan=\"1\" rowspan=\"1\"><div class=\"magic-11\"><span style=\"color: #000000;\">Indice IP<\/span><\/div><\/td><td colspan=\"1\" rowspan=\"1\"><div class=\"magic-12\"><span style=\"color: #000000;\">N \/ A<\/span><\/div><\/td><\/tr><tr><td colspan=\"1\" rowspan=\"1\"><div class=\"magic-11\"><span style=\"color: #000000;\">Temp\u00e9rature d&#039;application<\/span><\/div><\/td><td colspan=\"1\" rowspan=\"1\"><div class=\"magic-12\"><span style=\"color: #000000;\">-20~70\u2103<\/span><\/div><\/td><\/tr><tr><td colspan=\"1\" rowspan=\"1\"><div class=\"magic-11\"><span style=\"color: #000000;\">Temp\u00e9rature de fonctionnement<\/span><\/div><\/td><td colspan=\"1\" rowspan=\"1\"><div class=\"magic-12\"><span style=\"color: #000000;\">-20~70\u2103<\/span><\/div><\/td><\/tr><tr><td colspan=\"1\" rowspan=\"1\"><div class=\"magic-11\"><span style=\"color: #000000;\">M\u00e9moire<\/span><\/div><\/td><td colspan=\"1\" rowspan=\"1\"><div class=\"magic-12\"><span style=\"color: #000000;\">TID 96 bits ; EPC 160 bits ; UTILISATEUR 1312 bits<\/span><\/div><\/td><\/tr><tr><td colspan=\"1\" rowspan=\"1\"><div class=\"magic-11\"><span style=\"color: #000000;\">Gamme de fr\u00e9quences avec les meilleures performances<\/span><\/div><\/td><td colspan=\"1\" rowspan=\"1\"><div class=\"magic-12\"><span style=\"color: #000000;\">900-928 MHz (personnalis\u00e9)<\/span><\/div><\/td><\/tr><tr><td colspan=\"1\" rowspan=\"1\"><div class=\"magic-11\"><span style=\"color: #000000;\">La vie en IC<\/span><\/div><\/td><td colspan=\"1\" rowspan=\"1\" data-spm-anchor-id=\"a2700.details.0.i45.105812c6mFAirA\"><div class=\"magic-12\" data-spm-anchor-id=\"a2700.details.0.i39.105812c6mFAirA\"><span style=\"color: #000000;\">\u00c9crire une endurance de 100 000 cycles<\/span><br \/><span style=\"color: #000000;\">Conservation des donn\u00e9es pendant 10 ans<\/span><\/div><\/td><\/tr><tr><td colspan=\"1\" rowspan=\"1\"><div class=\"magic-11\"><span style=\"color: #000000;\">Protocole<\/span><\/div><\/td><td colspan=\"1\" rowspan=\"1\"><div class=\"magic-12\" data-spm-anchor-id=\"a2700.details.0.i46.105812c6mFAirA\"><span style=\"color: #000000;\">ISO\/CEI 18000-6C<\/span><\/div><\/td><\/tr><\/tbody><\/table><p><a href=\"https:\/\/rfid-laundry-tag.com\/fr\/produit\/uhf-rfid-label-tag-led-flash-light-location-for-library-management\/\"><img fetchpriority=\"high\" decoding=\"async\" class=\"alignnone size-full wp-image-1795\" src=\"https:\/\/rfid-laundry-tag.com\/wp-content\/uploads\/2024\/09\/4_H368fba2542f847448067aa52a880c6fdM.jpg\" alt=\"\" width=\"750\" height=\"750\" srcset=\"https:\/\/rfid-laundry-tag.com\/wp-content\/uploads\/2024\/09\/4_H368fba2542f847448067aa52a880c6fdM.jpg 750w, https:\/\/rfid-laundry-tag.com\/wp-content\/uploads\/2024\/09\/4_H368fba2542f847448067aa52a880c6fdM-300x300.jpg 300w, https:\/\/rfid-laundry-tag.com\/wp-content\/uploads\/2024\/09\/4_H368fba2542f847448067aa52a880c6fdM-150x150.jpg 150w, https:\/\/rfid-laundry-tag.com\/wp-content\/uploads\/2024\/09\/4_H368fba2542f847448067aa52a880c6fdM-12x12.jpg 12w, https:\/\/rfid-laundry-tag.com\/wp-content\/uploads\/2024\/09\/4_H368fba2542f847448067aa52a880c6fdM-600x600.jpg 600w, https:\/\/rfid-laundry-tag.com\/wp-content\/uploads\/2024\/09\/4_H368fba2542f847448067aa52a880c6fdM-100x100.jpg 100w\" sizes=\"(max-width: 750px) 100vw, 750px\" \/><\/a><\/p><p><span style=\"color: #000000;\">La fonction LED unique ajoute un composant visuel \u00e0 l&#039;\u00e9tiquette RFID, permettant une identification rapide et facile, acc\u00e9l\u00e9rant consid\u00e9rablement les processus o\u00f9 une confirmation visuelle rapide est n\u00e9cessaire. Les \u00e9tiquettes sont compatibles avec les protocoles ISO\/IEC 18000-6C, garantissant une int\u00e9gration transparente avec les syst\u00e8mes RFID existants. Avec une endurance d&#039;\u00e9criture de 100 000 cycles et une conservation des donn\u00e9es jusqu&#039;\u00e0 10 ans, ces \u00e9tiquettes offrent une solution fiable et durable pour vos besoins de suivi. Que vous ayez besoin de g\u00e9rer l&#039;inventaire, de suivre les actifs ou de mettre en \u0153uvre un syst\u00e8me d&#039;identification plus efficace, les \u00e9tiquettes LED RFID offrent une solution polyvalente et robuste adapt\u00e9e \u00e0 vos besoins.<\/span><\/p><p><span style=\"color: #000000;\">L&#039;\u00e9tiquette LED RFID est une \u00e9tiquette adh\u00e9sive avanc\u00e9e qui int\u00e8gre la technologie RFID avec un indicateur LED visuel, offrant une solution innovante pour le suivi des actifs et la gestion des stocks. Chaque \u00e9tiquette est \u00e9quip\u00e9e d&#039;un transpondeur radiofr\u00e9quence et d&#039;une antenne, permettant une communication transparente avec les lecteurs RF. La caract\u00e9ristique remarquable de cette \u00e9tiquette est le composant LED, qui s&#039;allume lors de l&#039;activation, offrant une identification visuelle rapide et claire des articles.<\/span><\/p><p><span style=\"color: #000000;\">Ces \u00e9tiquettes LED sont polyvalentes et peuvent \u00eatre utilis\u00e9es dans une multitude d&#039;applications, telles que la gestion des stocks, le suivi des actifs et la logistique de la cha\u00eene d&#039;approvisionnement. La nature personnalisable de l&#039;\u00e9tiquette LED permet d&#039;ajuster la taille, la couleur de la lumi\u00e8re LED et la capacit\u00e9 de m\u00e9moire pour r\u00e9pondre \u00e0 des besoins op\u00e9rationnels sp\u00e9cifiques. Qu&#039;elles soient utilis\u00e9es dans des entrep\u00f4ts, des environnements de vente au d\u00e9tail ou des environnements industriels, ces \u00e9tiquettes contribuent \u00e0 rationaliser les processus en fournissant une double m\u00e9thode d&#039;identification (num\u00e9risation RFID et confirmation visuelle), ce qui les rend indispensables pour am\u00e9liorer la pr\u00e9cision et l&#039;efficacit\u00e9 du suivi des actifs de valeur.<\/span><\/p>\t\t\t\t\t\t\t\t<\/div>\n\t\t\t\t<\/div>\n\t\t\t\t\t<\/div>\n\t\t\t\t<\/div>\n\t\t\t\t<\/div>","protected":false},"excerpt":{"rendered":"<p>\u00c9tiquette RFID UHF avec flash LED et indicateurs visuels pour un suivi efficace des stocks. PET durable, 900-928 MHz, -20\u00b0C \u00e0 70\u00b0C, parfait pour diverses applications.<\/p>","protected":false},"featured_media":1786,"template":"","meta":{"_kad_post_transparent":"default","_kad_post_title":"","_kad_post_layout":"default","_kad_post_sidebar_id":"","_kad_post_content_style":"default","_kad_post_vertical_padding":"default","_kad_post_feature":"","_kad_post_feature_position":"","_kad_post_header":false,"_kad_post_footer":false,"_kad_post_classname":""},"product_brand":[],"product_cat":[54],"product_tag":[275,98,269],"class_list":{"0":"post-1785","1":"product","2":"type-product","3":"status-publish","4":"has-post-thumbnail","6":"product_cat-hot-selling-rfid-tags","7":"product_tag-led-light-rfid-label","8":"product_tag-uhf-rfid-label","9":"product_tag-uhf-rfid-label-tag-led-flash-light","11":"first","12":"instock","13":"shipping-taxable","14":"product-type-simple","15":"entry","16":"content-bg","17":"loop-entry"},"_links":{"self":[{"href":"https:\/\/rfid-laundry-tag.com\/fr\/wp-json\/wp\/v2\/product\/1785","targetHints":{"allow":["GET"]}}],"collection":[{"href":"https:\/\/rfid-laundry-tag.com\/fr\/wp-json\/wp\/v2\/product"}],"about":[{"href":"https:\/\/rfid-laundry-tag.com\/fr\/wp-json\/wp\/v2\/types\/product"}],"version-history":[{"count":5,"href":"https:\/\/rfid-laundry-tag.com\/fr\/wp-json\/wp\/v2\/product\/1785\/revisions"}],"predecessor-version":[{"id":1911,"href":"https:\/\/rfid-laundry-tag.com\/fr\/wp-json\/wp\/v2\/product\/1785\/revisions\/1911"}],"wp:featuredmedia":[{"embeddable":true,"href":"https:\/\/rfid-laundry-tag.com\/fr\/wp-json\/wp\/v2\/media\/1786"}],"wp:attachment":[{"href":"https:\/\/rfid-laundry-tag.com\/fr\/wp-json\/wp\/v2\/media?parent=1785"}],"wp:term":[{"taxonomy":"product_brand","embeddable":true,"href":"https:\/\/rfid-laundry-tag.com\/fr\/wp-json\/wp\/v2\/product_brand?post=1785"},{"taxonomy":"product_cat","embeddable":true,"href":"https:\/\/rfid-laundry-tag.com\/fr\/wp-json\/wp\/v2\/product_cat?post=1785"},{"taxonomy":"product_tag","embeddable":true,"href":"https:\/\/rfid-laundry-tag.com\/fr\/wp-json\/wp\/v2\/product_tag?post=1785"}],"curies":[{"name":"wp","href":"https:\/\/api.w.org\/{rel}","templated":true}]}}