{"id":176,"date":"2024-06-15T16:46:13","date_gmt":"2024-06-15T16:46:13","guid":{"rendered":"https:\/\/rfid-laundry-tag.com\/?post_type=product&#038;p=176"},"modified":"2024-06-15T16:46:13","modified_gmt":"2024-06-15T16:46:13","slug":"nylon-rfid-wash-care-clothing-label","status":"publish","type":"product","link":"https:\/\/rfid-laundry-tag.com\/fr\/nylon-rfid-wash-care-clothing-label\/","title":{"rendered":"\u00c9tiquette RFID en nylon pour v\u00eatements d&#039;entretien et de lavage"},"content":{"rendered":"<div class=\"J_module\">\n<div class=\"ife-detail-decorate-table\">\n<table class=\"hight-light-first-column all magic-14\">\n<tbody>\n<tr>\n<td colspan=\"1\" rowspan=\"1\">\n<div class=\"magic-15\" data-spm-anchor-id=\"a2700.details.0.i95.236a58c1ycsfva\">Nom de la production :<\/div>\n<\/td>\n<td colspan=\"1\" rowspan=\"1\">\n<div class=\"magic-16\">\u00c9tiquette RFID en nylon pour v\u00eatements d&#039;entretien et de lavage<\/div>\n<\/td>\n<\/tr>\n<tr>\n<td colspan=\"1\" rowspan=\"1\">\n<div class=\"magic-15\"><span class=\"magic-17\">Mat\u00e9riel:<\/span><\/div>\n<\/td>\n<td colspan=\"1\" rowspan=\"1\">\n<div class=\"magic-16\">Polyester\/Composition\/Satin\/Coton\/Non-tiss\u00e9\/PET etc.<\/div>\n<\/td>\n<\/tr>\n<tr>\n<td colspan=\"1\" rowspan=\"1\">\n<div class=\"magic-15\"><span class=\"magic-17\">Taille:<\/span><\/div>\n<\/td>\n<td colspan=\"1\" rowspan=\"1\">\n<div class=\"magic-16\"><span class=\"magic-17\">80*38mm\/60*30mm ou personnalis\u00e9<\/span><\/div>\n<\/td>\n<\/tr>\n<tr>\n<td colspan=\"1\" rowspan=\"1\">\n<div class=\"magic-15\"><span class=\"magic-17\">Taper:<\/span><\/div>\n<\/td>\n<td colspan=\"1\" rowspan=\"1\">\n<div class=\"magic-16\"><span class=\"magic-17\">Passif, RFID<\/span><\/div>\n<\/td>\n<\/tr>\n<tr>\n<td colspan=\"1\" rowspan=\"1\">\n<div class=\"magic-15\">Protocole RF :<\/div>\n<\/td>\n<td colspan=\"1\" rowspan=\"1\">\n<div class=\"magic-16\">ISO 18000-6C; EPC Classe 1 Gen 2<\/div>\n<\/td>\n<\/tr>\n<tr>\n<td colspan=\"1\" rowspan=\"1\">\n<div class=\"magic-15\"><span class=\"magic-17\">Fr\u00e9quence:<\/span><\/div>\n<\/td>\n<td colspan=\"1\" rowspan=\"1\">\n<div class=\"magic-16\"><span class=\"magic-17\">860 \u00e0 960 MHz<\/span><\/div>\n<\/td>\n<\/tr>\n<tr>\n<td colspan=\"1\" rowspan=\"1\">\n<div class=\"magic-15\">\u00c9br\u00e9cher<\/div>\n<\/td>\n<td colspan=\"1\" rowspan=\"1\">\n<div class=\"magic-16\">Impinj Monza R6\/R6-P, NXP UCODE8\/UCODE9 etc.<\/div>\n<\/td>\n<\/tr>\n<tr>\n<td colspan=\"1\" rowspan=\"1\">\n<div class=\"magic-15\"><span class=\"magic-17\">Distance de lecture :<\/span><\/div>\n<\/td>\n<td colspan=\"1\" rowspan=\"1\">\n<div class=\"magic-16\"><span class=\"magic-17\">UHF : 1~10m (d\u00e9pend du lecteur et de l&#039;antenne)<\/span><\/div>\n<\/td>\n<\/tr>\n<tr>\n<td colspan=\"1\" rowspan=\"1\">\n<div class=\"magic-15\"><span class=\"magic-17\">Voie fixe :<\/span><\/div>\n<\/td>\n<td colspan=\"1\" rowspan=\"1\">\n<div class=\"magic-16\"><span class=\"magic-17\">Coudre \/ repasser<\/span><\/div>\n<\/td>\n<\/tr>\n<tr>\n<td colspan=\"1\" rowspan=\"1\">\n<div class=\"magic-15\"><span class=\"magic-17\">Impression:<\/span><\/div>\n<\/td>\n<td colspan=\"1\" rowspan=\"1\">\n<div class=\"magic-16\"><span class=\"magic-17\">Impression, codage, num\u00e9ro de s\u00e9rie, conception, etc.<\/span><\/div>\n<\/td>\n<\/tr>\n<tr>\n<td colspan=\"1\" rowspan=\"1\">\n<div class=\"magic-15\"><span class=\"magic-17\">Dur\u00e9e de vie du CI :<\/span><\/div>\n<\/td>\n<td colspan=\"1\" rowspan=\"1\">\n<div class=\"magic-16\" data-spm-anchor-id=\"a2700.details.0.i94.236a58c1ycsfva\"><span class=\"magic-17\">100 000 cycles de programmation<br \/>\nConservation des donn\u00e9es pendant 10 ans<\/span><\/div>\n<\/td>\n<\/tr>\n<tr>\n<td colspan=\"1\" rowspan=\"1\">\n<div class=\"magic-15\"><span class=\"magic-17\">Disponibilit\u00e9 des \u00e9chantillons :<\/span><\/div>\n<\/td>\n<td colspan=\"1\" rowspan=\"1\">\n<div class=\"magic-16\"><span class=\"magic-17\">Des \u00e9chantillons gratuits sont disponibles sur demande<\/span><\/div>\n<\/td>\n<\/tr>\n<tr>\n<td colspan=\"1\" rowspan=\"1\">\n<div class=\"magic-15\"><span class=\"magic-17\">Applications :\u00a0<\/span><\/div>\n<\/td>\n<td colspan=\"1\" rowspan=\"1\">\n<div class=\"magic-16\"><span class=\"magic-17\">\u00b7 Gestion des stocks<br \/>\n\u00b7 Cha\u00eene d&#039;approvisionnement<br \/>\n\u00b7 Vente au d\u00e9tail<\/span><\/div>\n<\/td>\n<\/tr>\n<tr>\n<td colspan=\"1\" rowspan=\"1\">\n<div class=\"magic-15\"><span class=\"magic-17\">Utiliser<\/span><\/div>\n<\/td>\n<td colspan=\"1\" rowspan=\"1\">\n<div class=\"magic-16\"><span class=\"magic-17\">V\u00eatement, habillement, sacs, chaussures, etc.<\/span><\/div>\n<\/td>\n<\/tr>\n<\/tbody>\n<\/table>\n<\/div>\n<\/div>\n<div class=\"J_module\">\n<div class=\"detail-decorate-json-renderer-container\">\n<div class=\"magic-1\">\n<div class=\"magic-5\">\n<div class=\"magic-6\">\n<div class=\"magic-7\"><span class=\"magic-10\">UCODE est une marque d\u00e9pos\u00e9e de NXP BV et est utilis\u00e9e sous licence.<\/span><\/div>\n<div><\/div>\n<\/div>\n<div>\n<div class=\"auto-hide-last-sibling-br paragraph_1252f paragraph-element\">Les articles de mode tels que les v\u00eatements sont soumis \u00e0 divers facteurs d&#039;influence qui peuvent affecter les ventes, notamment les variations saisonni\u00e8res, la situation g\u00e9ographique, les pr\u00e9f\u00e9rences des clients, les tendances de la mode et les prix. Le r\u00f4le des \u00e9tiquettes d&#039;entretien RFID devient ici crucial car elles permettent aux entreprises de v\u00eatements de surveiller la dynamique des ventes en temps r\u00e9el.<\/div>\n<p><br class=\"container_e695a wrapper_ad07b undefined\" \/><\/p>\n<div class=\"auto-hide-last-sibling-br paragraph_1252f paragraph-element\">\n<div class=\"auto-hide-last-sibling-br paragraph_1252f paragraph-element\"><strong>Caract\u00e9ristiques de l&#039;\u00e9tiquette d&#039;entretien des v\u00eatements en nylon RFID :<\/strong><\/div>\n<p><br class=\"container_e695a wrapper_ad07b undefined\" \/><\/p>\n<ol class=\"auto-hide-last-sibling-br\">\n<li>\n<div class=\"auto-hide-last-sibling-br paragraph_1252f paragraph-element\"><strong>Mat\u00e9riel:<\/strong>\u00a0L&#039;\u00e9tiquette est fabriqu\u00e9e en nylon, un mat\u00e9riau solide et durable qui peut r\u00e9sister \u00e0 des temp\u00e9ratures \u00e9lev\u00e9es, \u00e0 la pression et \u00e0 une manipulation brutale, garantissant l&#039;int\u00e9grit\u00e9 de l&#039;\u00e9tiquette quelle que soit la nature de la manipulation du v\u00eatement et de la proc\u00e9dure de lavage.<\/div>\n<\/li>\n<li>\n<div class=\"auto-hide-last-sibling-br paragraph_1252f paragraph-element\"><strong>Suivi des donn\u00e9es :<\/strong>\u00a0Dot\u00e9 de la technologie RFID, il permet le suivi en temps r\u00e9el et la collecte de donn\u00e9es pertinentes telles que l&#039;historique, l&#039;emplacement et le statut du produit, fournissant ainsi des informations pr\u00e9cieuses pour les entreprises de v\u00eatements.<\/div>\n<\/li>\n<li>\n<div class=\"auto-hide-last-sibling-br paragraph_1252f paragraph-element\"><strong>Fonctionnalit\u00e9:<\/strong>\u00a0L&#039;\u00e9tiquette RFID fonctionne dans divers environnements difficiles et peut \u00e9galement identifier plusieurs \u00e9tiquettes simultan\u00e9ment, m\u00eame sur des articles \u00e0 d\u00e9placement rapide.<\/div>\n<\/li>\n<li>\n<div class=\"auto-hide-last-sibling-br paragraph_1252f paragraph-element\"><strong>Persistance:<\/strong>\u00a0Contrairement aux \u00e9tiquettes volantes traditionnelles, les \u00e9tiquettes RFID sont g\u00e9n\u00e9ralement cousues ou blanchies dans le v\u00eatement, ce qui r\u00e9duit les risques de chute pendant le transport ou la manutention.<\/div>\n<\/li>\n<li>\n<div class=\"auto-hide-last-sibling-br paragraph_1252f paragraph-element\"><strong>Vert et s\u00fbr :<\/strong>\u00a0Les \u00e9tiquettes sont \u00e9cologiques et s\u00fbres, car elles ont le moins d\u2019impact sur l\u2019environnement apr\u00e8s leur \u00e9limination.<\/div>\n<\/li>\n<\/ol>\n<p><br class=\"container_e695a wrapper_ad07b undefined\" \/><\/p>\n<div class=\"auto-hide-last-sibling-br paragraph_1252f paragraph-element\"><strong>Applications de l&#039;\u00e9tiquette d&#039;entretien des v\u00eatements en nylon RFID :<\/strong><\/div>\n<p><br class=\"container_e695a wrapper_ad07b undefined\" \/><\/p>\n<ol class=\"auto-hide-last-sibling-br\">\n<li>\n<div class=\"auto-hide-last-sibling-br paragraph_1252f paragraph-element\"><strong>Gestion des stocks :<\/strong>\u00a0Les \u00e9tiquettes aident \u00e0 suivre l&#039;inventaire en temps r\u00e9el, rendant le processus de gestion des stocks efficace pour les entreprises.<\/div>\n<\/li>\n<li>\n<div class=\"auto-hide-last-sibling-br paragraph_1252f paragraph-element\"><strong>Cha\u00eene d&#039;approvisionnement:<\/strong>\u00a0Ils contribuent \u00e0 optimiser l\u2019ensemble de la cha\u00eene d\u2019approvisionnement, depuis la rationalisation des processus de fabrication jusqu\u2019\u00e0 un entreposage et une logistique plus efficaces.<\/div>\n<\/li>\n<li>\n<div class=\"auto-hide-last-sibling-br paragraph_1252f paragraph-element\"><strong>Gestion de la vente au d\u00e9tail :<\/strong>\u00a0Dans les commerces de d\u00e9tail, ces \u00e9tiquettes am\u00e9liorent le processus de paiement en acc\u00e9l\u00e9rant le processus de num\u00e9risation et en r\u00e9duisant les files d\u2019attente.<\/div>\n<\/li>\n<li>\n<div class=\"auto-hide-last-sibling-br paragraph_1252f paragraph-element\"><strong>Antivol :<\/strong>\u00a0Lorsqu&#039;ils sont int\u00e9gr\u00e9s au syst\u00e8me de s\u00e9curit\u00e9 des magasins, ils peuvent servir d&#039;outils antivol.<\/div>\n<\/li>\n<li>\n<div class=\"auto-hide-last-sibling-br paragraph_1252f paragraph-element\"><strong>Authenticit\u00e9 du produit :<\/strong>\u00a0Les \u00e9tiquettes peuvent \u00eatre utilis\u00e9es pour assurer et v\u00e9rifier l\u2019authenticit\u00e9 du produit, emp\u00eachant ainsi la contrefa\u00e7on.<\/div>\n<\/li>\n<li>\n<div class=\"auto-hide-last-sibling-br paragraph_1252f paragraph-element\"><strong>Utilisation grand public :<\/strong>\u00a0Pour le consommateur final, ces \u00e9tiquettes contiennent des informations pr\u00e9cieuses sur le produit et son entretien. De plus, le fait que l&#039;\u00e9tiquette reste sur le v\u00eatement pendant toute sa dur\u00e9e de vie permet un meilleur suivi apr\u00e8s-vente.<\/div>\n<\/li>\n<\/ol>\n<p><br class=\"container_e695a wrapper_ad07b undefined\" \/><\/p>\n<div class=\"auto-hide-last-sibling-br paragraph_1252f paragraph-element\">Ces \u00e9tiquettes r\u00e9volutionnent la mani\u00e8re dont les v\u00eatements sont trait\u00e9s depuis l&#039;atelier de production jusqu&#039;au magasin de d\u00e9tail, puis jusqu&#039;au consommateur final, devenant ainsi partie int\u00e9grante de l&#039;industrie du v\u00eatement.<\/div>\n<\/div>\n<\/div>\n<div class=\"magic-6\">\n<div><\/div>\n<\/div>\n<\/div>\n<\/div>\n<\/div>\n<\/div>","protected":false},"excerpt":{"rendered":"<p>L&#039;\u00e9tiquette d&#039;entretien en nylon RFID est une avanc\u00e9e r\u00e9volutionnaire dans l&#039;industrie du textile et de l&#039;habillement. La RFID, l&#039;une des avanc\u00e9es technologiques les plus prometteuses, facilite de nombreuses applications dans ce secteur. Elle joue un r\u00f4le crucial dans les processus de fabrication, le maintien du contr\u00f4le des stocks, la gestion des entrep\u00f4ts, la rationalisation de la distribution et de la logistique, le suivi automatique des objets et l&#039;optimisation de la gestion de la cha\u00eene d&#039;approvisionnement. Cette approche innovante a consid\u00e9rablement am\u00e9lior\u00e9 l&#039;efficacit\u00e9 et la productivit\u00e9 dans le secteur du textile et de l&#039;habillement.<\/p>","protected":false},"featured_media":177,"template":"","meta":{"_kad_post_transparent":"default","_kad_post_title":"","_kad_post_layout":"default","_kad_post_sidebar_id":"","_kad_post_content_style":"default","_kad_post_vertical_padding":"default","_kad_post_feature":"","_kad_post_feature_position":"","_kad_post_header":false,"_kad_post_footer":false,"_kad_post_classname":""},"product_brand":[],"product_cat":[81],"product_tag":[84,82,83],"class_list":{"0":"post-176","1":"product","2":"type-product","3":"status-publish","4":"has-post-thumbnail","6":"product_cat-rfid-wash-care-clothing-label","7":"product_tag-heat-transfer-laundry-rfid-wash-care-label","8":"product_tag-rfid-wash-care-clothing-label","9":"product_tag-rfid-wash-care-label","11":"first","12":"instock","13":"shipping-taxable","14":"product-type-simple","15":"entry","16":"content-bg","17":"loop-entry"},"_links":{"self":[{"href":"https:\/\/rfid-laundry-tag.com\/fr\/wp-json\/wp\/v2\/product\/176","targetHints":{"allow":["GET"]}}],"collection":[{"href":"https:\/\/rfid-laundry-tag.com\/fr\/wp-json\/wp\/v2\/product"}],"about":[{"href":"https:\/\/rfid-laundry-tag.com\/fr\/wp-json\/wp\/v2\/types\/product"}],"version-history":[{"count":0,"href":"https:\/\/rfid-laundry-tag.com\/fr\/wp-json\/wp\/v2\/product\/176\/revisions"}],"wp:featuredmedia":[{"embeddable":true,"href":"https:\/\/rfid-laundry-tag.com\/fr\/wp-json\/wp\/v2\/media\/177"}],"wp:attachment":[{"href":"https:\/\/rfid-laundry-tag.com\/fr\/wp-json\/wp\/v2\/media?parent=176"}],"wp:term":[{"taxonomy":"product_brand","embeddable":true,"href":"https:\/\/rfid-laundry-tag.com\/fr\/wp-json\/wp\/v2\/product_brand?post=176"},{"taxonomy":"product_cat","embeddable":true,"href":"https:\/\/rfid-laundry-tag.com\/fr\/wp-json\/wp\/v2\/product_cat?post=176"},{"taxonomy":"product_tag","embeddable":true,"href":"https:\/\/rfid-laundry-tag.com\/fr\/wp-json\/wp\/v2\/product_tag?post=176"}],"curies":[{"name":"wp","href":"https:\/\/api.w.org\/{rel}","templated":true}]}}