{"id":171,"date":"2024-06-15T13:49:12","date_gmt":"2024-06-15T13:49:12","guid":{"rendered":"https:\/\/rfid-laundry-tag.com\/?post_type=product&#038;p=171"},"modified":"2024-06-15T14:14:22","modified_gmt":"2024-06-15T14:14:22","slug":"uhf-rfid-silicone-washing-labels","status":"publish","type":"product","link":"https:\/\/rfid-laundry-tag.com\/fr\/uhf-rfid-silicone-washing-labels\/","title":{"rendered":"\u00c9tiquettes de lavage en silicone RFID UHF"},"content":{"rendered":"<table style=\"border-collapse: collapse; width: 711px; height: 751px;\" border=\"0\" width=\"537\" cellspacing=\"0\" cellpadding=\"0\">\n<tbody>\n<tr style=\"height: 14.40pt;\">\n<td class=\"et2\" style=\"height: 14.40pt; width: 136.80pt;\" width=\"228\" height=\"24\">Mat\u00e9riel<\/td>\n<td class=\"et2\" style=\"width: 185.40pt;\" width=\"309\">Silicone<\/td>\n<\/tr>\n<tr style=\"height: 14.40pt;\">\n<td class=\"et3\" style=\"height: 14.40pt; width: 136.80pt;\" width=\"228\" height=\"24\">Taille<\/td>\n<td class=\"et3\" style=\"width: 185.40pt;\" width=\"309\">55x12mm, 56x20mm, 85x27mm<\/td>\n<\/tr>\n<tr style=\"height: 14.40pt;\">\n<td class=\"et3\" style=\"height: 14.40pt; width: 136.80pt;\" width=\"228\" height=\"24\">Fr\u00e9quence<\/td>\n<td class=\"et3\" style=\"width: 185.40pt;\" width=\"309\">860-960Mhz<\/td>\n<\/tr>\n<tr style=\"height: 27.60pt;\">\n<td class=\"et3\" style=\"height: 27.60pt; width: 136.80pt;\" width=\"228\" height=\"46\">Type de circuit int\u00e9gr\u00e9 (puce)<\/td>\n<td class=\"et3\" style=\"width: 185.40pt;\" width=\"309\">U7\/U8 (Alien H3 et Impinj Monza R6 sont disponibles)<\/td>\n<\/tr>\n<tr style=\"height: 27.60pt;\">\n<td class=\"et3\" style=\"height: 27.60pt; width: 136.80pt;\" width=\"228\" height=\"46\">Protocole<\/td>\n<td class=\"et3\" style=\"width: 185.40pt;\" width=\"309\">EPC Classe mondiale 1 Gen2 et ISO18000-6C<\/td>\n<\/tr>\n<tr style=\"height: 14.40pt;\">\n<td class=\"et3\" style=\"height: 14.40pt; width: 136.80pt;\" width=\"228\" height=\"24\">M\u00e9moire<\/td>\n<td class=\"et3\" style=\"width: 185.40pt;\" width=\"309\">128 bits<\/td>\n<\/tr>\n<tr style=\"height: 14.40pt;\">\n<td class=\"et3\" style=\"height: 14.40pt; width: 136.80pt;\" width=\"228\" height=\"24\">Facteur de forme de la balise<\/td>\n<td class=\"et3\" style=\"width: 185.40pt;\" width=\"309\">Flexible<\/td>\n<\/tr>\n<tr style=\"height: 14.40pt;\">\n<td class=\"et3\" style=\"height: 14.40pt; width: 136.80pt;\" width=\"228\" height=\"24\">Anti-collision<\/td>\n<td class=\"et3\" style=\"width: 185.40pt;\" width=\"309\">Oui<\/td>\n<\/tr>\n<tr style=\"height: 14.40pt;\">\n<td class=\"et3\" style=\"height: 14.40pt; width: 136.80pt;\" width=\"228\" height=\"24\">Temp\u00e9rature de fonctionnement<\/td>\n<td class=\"et3\" style=\"width: 185.40pt;\" width=\"309\">-25 \u00b0C \/ +200 \u00b0C<\/td>\n<\/tr>\n<tr style=\"height: 14.40pt;\">\n<td class=\"et3\" style=\"height: 14.40pt; width: 136.80pt;\" width=\"228\" height=\"24\">Lire la distance<\/td>\n<td class=\"et3\" style=\"width: 185.40pt;\" width=\"309\">1-7m<\/td>\n<\/tr>\n<tr style=\"height: 14.40pt;\">\n<td class=\"et3\" style=\"height: 14.40pt; width: 136.80pt;\" width=\"228\" height=\"24\">S&#039;applique \u00e0<\/td>\n<td class=\"et3\" style=\"width: 185.40pt;\" width=\"309\">Linges et v\u00eatements<\/td>\n<\/tr>\n<tr style=\"height: 14.40pt;\">\n<td class=\"et3\" style=\"height: 14.40pt; width: 136.80pt;\" width=\"228\" height=\"24\">Indice IP<\/td>\n<td class=\"et3\" style=\"width: 185.40pt;\" width=\"309\">IP68<\/td>\n<\/tr>\n<tr style=\"height: 14.40pt;\">\n<td class=\"et3\" style=\"height: 14.40pt; width: 136.80pt;\" width=\"228\" height=\"24\">Couleur<\/td>\n<td class=\"et3\" style=\"width: 185.40pt;\" width=\"309\">Blanc\/bleu ou personnalis\u00e9<\/td>\n<\/tr>\n<tr style=\"height: 17.40pt;\">\n<td class=\"et4\" style=\"height: 17.40pt; width: 322.20pt;\" colspan=\"2\" width=\"537\" height=\"29\">La lessive<\/td>\n<\/tr>\n<tr style=\"height: 27.60pt;\">\n<td class=\"et3\" style=\"height: 27.60pt; width: 136.80pt;\" width=\"228\" height=\"46\">R\u00e9siste \u00e0 l&#039;exposition \u00e0<\/td>\n<td class=\"et3\" style=\"width: 185.40pt;\" width=\"309\">l&#039;eau et tous les produits chimiques courants dans la blanchisserie commerciale et le nettoyage \u00e0 sec<\/td>\n<\/tr>\n<tr style=\"height: 14.40pt;\">\n<td class=\"et3\" style=\"height: 14.40pt; width: 136.80pt;\" width=\"228\" height=\"24\">Cycles de lavage<\/td>\n<td class=\"et3\" style=\"width: 185.40pt;\" width=\"309\">Jusqu&#039;\u00e0 200 cycles de lavage commercial<\/td>\n<\/tr>\n<tr style=\"height: 27.60pt;\">\n<td class=\"et3\" style=\"height: 27.60pt; width: 136.80pt;\" width=\"228\" height=\"46\">La lessive<\/td>\n<td class=\"et3\" style=\"width: 185.40pt;\" width=\"309\">150 \u00baC pendant 15-20 minutes \u2013 150 cycles<\/td>\n<\/tr>\n<tr style=\"height: 27.60pt;\">\n<td class=\"et3\" style=\"height: 27.60pt; width: 136.80pt;\" width=\"228\" height=\"46\">S\u00e9chage<\/td>\n<td class=\"et3\" style=\"width: 185.40pt;\" width=\"309\">95 \u00b0C (jusqu&#039;\u00e0 60 min.), 130 \u00b0C (jusqu&#039;\u00e0 30 min.)<\/td>\n<\/tr>\n<tr style=\"height: 14.40pt;\">\n<td class=\"et3\" style=\"height: 14.40pt; width: 136.80pt;\" width=\"228\" height=\"24\">Finisseur de tunnel<\/td>\n<td class=\"et3\" style=\"width: 185.40pt;\" width=\"309\">200\u00b0C pendant 30min<\/td>\n<\/tr>\n<tr style=\"height: 14.40pt;\">\n<td class=\"et3\" style=\"height: 14.40pt; width: 136.80pt;\" width=\"228\" height=\"24\">Repassage<\/td>\n<td class=\"et3\" style=\"width: 185.40pt;\" width=\"309\">250 \u00b0C (jusqu&#039;\u00e0 60 secondes)<\/td>\n<\/tr>\n<\/tbody>\n<\/table>\n<div><\/div>\n<div><\/div>\n<div class=\"auto-hide-last-sibling-br paragraph_1252f paragraph-element\"><strong>Les \u00e9tiquettes de lavage en silicone UHF RFID offrent les caract\u00e9ristiques cl\u00e9s suivantes\u00a0:<\/strong><\/div>\n<ol class=\"auto-hide-last-sibling-br\">\n<li>\n<div class=\"auto-hide-last-sibling-br paragraph_1252f paragraph-element\">Mince, doux et flexible : sa conception l\u00e9g\u00e8re et mall\u00e9able assure un ajustement confortable sur n&#039;importe quel mat\u00e9riau textile.<\/div>\n<\/li>\n<li>\n<div class=\"auto-hide-last-sibling-br paragraph_1252f paragraph-element\">R\u00e9silient : Les \u00e9tiquettes sont imperm\u00e9ables et r\u00e9sistantes aux solutions chimiques, ce qui garantit qu&#039;elles conservent leur fonctionnalit\u00e9 quels que soient les environnements auxquels elles sont soumises.<\/div>\n<\/li>\n<li>\n<div class=\"auto-hide-last-sibling-br paragraph_1252f paragraph-element\">Longue dur\u00e9e : offre une durabilit\u00e9 jusqu&#039;\u00e0 200 cycles de lavage, de s\u00e9chage, de nettoyage et de repassage, offrant des performances constantes.<\/div>\n<\/li>\n<li>\n<div class=\"auto-hide-last-sibling-br paragraph_1252f paragraph-element\">R\u00e9sistance exceptionnelle : r\u00e9siste aux temp\u00e9ratures \u00e9lev\u00e9es et aux environnements difficiles. L&#039;\u00e9tiquette de blanchisserie RFID, fonctionnant dans la gamme de fr\u00e9quences 860~960 MHz, est sp\u00e9cialement con\u00e7ue pour supporter les processus de nettoyage \u00e0 haute pression et \u00e0 haute temp\u00e9rature.<\/div>\n<\/li>\n<li>\n<div class=\"auto-hide-last-sibling-br paragraph_1252f paragraph-element\">Large application : Id\u00e9al pour une utilisation dans des conditions difficiles qui n\u00e9cessitent une r\u00e9sistance \u00e9lev\u00e9e \u00e0 la chaleur, \u00e0 la corrosion et \u00e0 l&#039;usure, telles que les buanderies et les lavages industriels.<\/div>\n<\/li>\n<li>\n<div class=\"auto-hide-last-sibling-br paragraph_1252f paragraph-element\">Int\u00e9gration facile : S&#039;int\u00e8gre facilement dans divers textiles, notamment les chemises, les v\u00eatements de travail, les draps et autres produits textiles.<\/div>\n<\/li>\n<li>\n<div class=\"auto-hide-last-sibling-br paragraph_1252f paragraph-element\">Vari\u00e9t\u00e9 de choix : propose une gamme d&#039;\u00e9tiquettes de blanchisserie RFID, notamment des \u00e9tiquettes de blanchisserie RFID PPS, des \u00e9tiquettes de blanchisserie RFID en silicone et des \u00e9tiquettes de blanchisserie RFID en tissu.<\/div>\n<\/li>\n<li>\n<div class=\"auto-hide-last-sibling-br paragraph_1252f paragraph-element\">Utilisation \u00e9tendue : largement utilis\u00e9 dans les secteurs de la vente au d\u00e9tail de v\u00eatements, des draps d&#039;h\u00f4tel, du nettoyage \u00e0 sec d&#039;uniformes m\u00e9dicaux et de la blanchisserie industrielle.<\/div>\n<\/li>\n<li>\n<div class=\"auto-hide-last-sibling-br paragraph_1252f paragraph-element\">Gestion efficace : la technologie RFID pr\u00e9sente des performances sup\u00e9rieures en mati\u00e8re de gestion efficace, d\u2019optimisation des stocks et de r\u00e9duction des erreurs humaines lors des processus de lavage et de facturation.<\/div>\n<\/li>\n<\/ol>\n<div class=\"auto-hide-last-sibling-br paragraph_1252f paragraph-element\">En r\u00e9sum\u00e9, ces \u00e9tiquettes sont adapt\u00e9es aux conditions de blanchisserie difficiles, offrant durabilit\u00e9, efficacit\u00e9 et un large \u00e9ventail d&#039;applications. Elles offrent une solution intelligente pour g\u00e9rer et suivre efficacement les articles de blanchisserie dans divers secteurs.<\/div>\n<div><\/div>\n<p data-spm-anchor-id=\"a2700.details.0.i116.60201a70jOXdOd\"><strong>Application :<\/strong><\/p>\n<ul>\n<li>Gestion du suivi des draps d&#039;h\u00f4tel<\/li>\n<li>Usine\/entrep\u00f4t\/h\u00f4tel\/h\u00f4pital\/parc d&#039;attractions<\/li>\n<li data-spm-anchor-id=\"a2700.details.0.i115.60201a70jOXdOd\"><span data-spm-anchor-id=\"a2700.details.0.i120.60201a70jOXdOd\">Uniformes d&#039;h\u00f4pital<\/span><\/li>\n<li data-spm-anchor-id=\"a2700.details.0.i118.60201a70jOXdOd\">Linge de maison\/ Palettes\/ Sacs en toile<\/li>\n<li>Nettoyeurs \u00e0 sec<\/li>\n<li>Utilisation en drap d&#039;h\u00f4tel\/Fix\u00e9 sur textile\/V\u00eatement de travail.<\/li>\n<li>Usine de confection, usine de tissus.<\/li>\n<\/ul>\n<p>&nbsp;<\/p>","protected":false},"excerpt":{"rendered":"<p>Les \u00e9tiquettes de lavage en silicone UHF RFID sont des \u00e9tiquettes exclusives capables de r\u00e9sister \u00e0 des m\u00e9thodes de lavage rigoureuses. Elles sont particuli\u00e8rement adapt\u00e9es aux v\u00eatements et aux articles en tissu qui subissent un nettoyage r\u00e9gulier. Ces \u00e9tiquettes sont fabriqu\u00e9es en silicone robuste, ce qui garantit leur durabilit\u00e9. De plus, elles int\u00e8grent une puce RFID UHF (Ultra High Frequency), qui peut \u00eatre programm\u00e9e avec des donn\u00e9es pertinentes sur le v\u00eatement ou le textile. Cela fait de ces \u00e9tiquettes une option pratique et efficace pour la gestion et le suivi des articles de lessive.<\/p>","protected":false},"featured_media":173,"template":"","meta":{"_kad_post_transparent":"default","_kad_post_title":"","_kad_post_layout":"default","_kad_post_sidebar_id":"","_kad_post_content_style":"default","_kad_post_vertical_padding":"default","_kad_post_feature":"","_kad_post_feature_position":"","_kad_post_header":false,"_kad_post_footer":false,"_kad_post_classname":""},"product_brand":[],"product_cat":[20,16],"product_tag":[63,62,61,79],"class_list":{"0":"post-171","1":"product","2":"type-product","3":"status-publish","4":"has-post-thumbnail","6":"product_cat-silicone-rfid-laundry-tag","7":"product_cat-uhf-rfid-laundry-tags","8":"product_tag-rfid-washing-tag","9":"product_tag-silicone-rfid-laundry-tag","10":"product_tag-silicone-washable-rfid-laundry-tag","11":"product_tag-uhf-rfid-silicone-washing-labels","13":"first","14":"instock","15":"shipping-taxable","16":"product-type-simple","17":"entry","18":"content-bg","19":"loop-entry"},"_links":{"self":[{"href":"https:\/\/rfid-laundry-tag.com\/fr\/wp-json\/wp\/v2\/product\/171","targetHints":{"allow":["GET"]}}],"collection":[{"href":"https:\/\/rfid-laundry-tag.com\/fr\/wp-json\/wp\/v2\/product"}],"about":[{"href":"https:\/\/rfid-laundry-tag.com\/fr\/wp-json\/wp\/v2\/types\/product"}],"version-history":[{"count":0,"href":"https:\/\/rfid-laundry-tag.com\/fr\/wp-json\/wp\/v2\/product\/171\/revisions"}],"wp:featuredmedia":[{"embeddable":true,"href":"https:\/\/rfid-laundry-tag.com\/fr\/wp-json\/wp\/v2\/media\/173"}],"wp:attachment":[{"href":"https:\/\/rfid-laundry-tag.com\/fr\/wp-json\/wp\/v2\/media?parent=171"}],"wp:term":[{"taxonomy":"product_brand","embeddable":true,"href":"https:\/\/rfid-laundry-tag.com\/fr\/wp-json\/wp\/v2\/product_brand?post=171"},{"taxonomy":"product_cat","embeddable":true,"href":"https:\/\/rfid-laundry-tag.com\/fr\/wp-json\/wp\/v2\/product_cat?post=171"},{"taxonomy":"product_tag","embeddable":true,"href":"https:\/\/rfid-laundry-tag.com\/fr\/wp-json\/wp\/v2\/product_tag?post=171"}],"curies":[{"name":"wp","href":"https:\/\/api.w.org\/{rel}","templated":true}]}}