{"id":167,"date":"2024-06-15T13:14:42","date_gmt":"2024-06-15T13:14:42","guid":{"rendered":"https:\/\/rfid-laundry-tag.com\/?post_type=product&#038;p=167"},"modified":"2024-09-26T03:38:23","modified_gmt":"2024-09-26T03:38:23","slug":"textile-uhf-rfid-linen-tags","status":"publish","type":"product","link":"https:\/\/rfid-laundry-tag.com\/fr\/textile-uhf-rfid-linen-tags\/","title":{"rendered":"\u00c9tiquettes textiles RFID UHF pour linge"},"content":{"rendered":"<div>\n<div class=\"auto-hide-last-sibling-br paragraph_1252f paragraph-element\">\n<table width=\"637\">\n<tbody>\n<tr>\n<td width=\"328\">Nom de l&#039;article:<\/td>\n<td width=\"309\"><strong>\u00c9tiquettes textiles RFID UHF pour linge<\/strong><\/td>\n<\/tr>\n<tr>\n<td width=\"328\">Norme RFID\u00a0:<\/td>\n<td width=\"309\">ISO\/IEC 18000-6 TypeC (EPC Gen2)<\/td>\n<\/tr>\n<tr>\n<td width=\"328\">Taille poids:<\/td>\n<td width=\"309\">70 \u00d7 15 mm, 0,6 g<\/td>\n<\/tr>\n<tr>\n<td width=\"328\">Type de puce\u00a0:<\/td>\n<td width=\"309\">Impinj Monza 4QT,NXP U CODE 9<\/td>\n<\/tr>\n<tr>\n<td width=\"328\">M\u00e9moire CPE\u00a0:<\/td>\n<td width=\"309\">128 bits<\/td>\n<\/tr>\n<tr>\n<td width=\"328\">M\u00e9moire utilisateur\u00a0:<\/td>\n<td width=\"309\">512 bits<\/td>\n<\/tr>\n<tr>\n<td width=\"328\">Plage de lecture (2 W ERP FCC)\u00a0:<\/td>\n<td width=\"309\">8m<\/td>\n<\/tr>\n<tr>\n<td width=\"328\">Plage de lecture (ERP ETSI 2 W)\u00a0:<\/td>\n<td width=\"309\">8m<\/td>\n<\/tr>\n<tr>\n<td width=\"328\">Marquage\u00a0:<\/td>\n<td width=\"309\">Couture, adh\u00e9sif de marquage \u00e0 chaud<\/td>\n<\/tr>\n<tr>\n<td width=\"328\">Dur\u00e9e de vie estim\u00e9e\u00a0:<\/td>\n<td width=\"309\">200 cycles de lavage ou 3 ans, selon la premi\u00e8re \u00e9ventualit\u00e9<\/td>\n<\/tr>\n<tr>\n<td width=\"328\">M\u00e9thode de lavage\u00a0:<\/td>\n<td width=\"309\">Blanchisserie, Nettoyage \u00e0 sec<\/td>\n<\/tr>\n<tr>\n<td width=\"328\">Pression d&#039;extraction d&#039;eau\u00a0:<\/td>\n<td width=\"309\">60 barres<\/td>\n<\/tr>\n<tr>\n<td width=\"328\">R\u00e9sistance \u00e0 l&#039;eau:<\/td>\n<td width=\"309\">R\u00e9sistant \u00e0 l&#039;eau<\/td>\n<\/tr>\n<tr>\n<td width=\"328\">R\u00e9sistance chimique:<\/td>\n<td width=\"309\">D\u00e9tergent, adoucissant, agent de blanchiment (oxyg\u00e8ne\/chlore), alcalin<\/td>\n<\/tr>\n<tr>\n<td width=\"328\">Pr\u00e9-s\u00e9chage au Tumbler :<\/td>\n<td width=\"309\">125 \u00baC pendant 15-20 minutes<\/td>\n<\/tr>\n<tr>\n<td width=\"328\">Temp\u00e9rature de st\u00e9rilisation\u00a0:<\/td>\n<td width=\"309\">135\u00b0C pendant 15-20 minutes<\/td>\n<\/tr>\n<tr>\n<td width=\"328\">Temp\u00e9rature de lavage\u00a0:<\/td>\n<td width=\"309\">90\u00b0C, jusqu&#039;\u00e0 15min.<\/td>\n<\/tr>\n<tr>\n<td width=\"328\">Humidit\u00e9\/temp\u00e9rature de fonctionnement\u00a0:<\/td>\n<td width=\"309\">-20 \u00e0 110\u00b0C, 8 \u00e0 95%RH<\/td>\n<\/tr>\n<tr>\n<td width=\"328\">Humidit\u00e9\/temp\u00e9rature-stockage\u00a0:<\/td>\n<td width=\"309\">-40 \u00e0 110\u00b0C, 8 \u00e0 95%RH<\/td>\n<\/tr>\n<\/tbody>\n<\/table>\n<\/div>\n<\/div>\n<div class=\"auto-hide-last-sibling-br paragraph_1252f paragraph-element\"><\/div>\n<div>\n<div class=\"auto-hide-last-sibling-br paragraph_1252f paragraph-element\">\n<h3>Principales caract\u00e9ristiques des \u00e9tiquettes en lin RFID UHF<\/h3>\n<ul>\n<li><strong>Durabilit\u00e9<\/strong>:Les \u00e9tiquettes sont con\u00e7ues pour r\u00e9sister aux processus de blanchisserie industrielle. Capables de supporter des temp\u00e9ratures extr\u00eames, des d\u00e9tergents et des conditions de s\u00e9chage, elles sont con\u00e7ues pour une utilisation intensive.<\/li>\n<li><strong>Nature lavable<\/strong>: Ces\u00a0<strong>\u00e9tiquettes RFID lavables<\/strong>\u00a0conservent leur int\u00e9grit\u00e9 m\u00eame apr\u00e8s des lavages r\u00e9p\u00e9t\u00e9s, ce qui les rend id\u00e9ales pour tout syst\u00e8me de gestion textile. Elles peuvent supporter jusqu&#039;\u00e0\u00a0<strong>200 cycles de lavage<\/strong>\u00a0sans perdre de fonctionnalit\u00e9.<\/li>\n<li><strong>RFID haute performance<\/strong>:Utilisant des technologies de pointe\u00a0<strong>Technologie UHF<\/strong>, ces \u00e9tiquettes offrent une distance de lecture robuste, facilitant le suivi et la gestion efficaces des textiles.<\/li>\n<\/ul>\n<\/div>\n<h3>Principaux avantages des \u00e9tiquettes RFID pour linge<\/h3>\n<p>L\u2019un des avantages les plus remarquables du textile\u00a0<strong>\u00c9tiquettes RFID pour linge<\/strong>\u00a0est leur capacit\u00e9 \u00e0 am\u00e9liorer la pr\u00e9cision de la gestion des stocks. En automatisant le processus de suivi, les entreprises peuvent r\u00e9duire consid\u00e9rablement le risque d&#039;articles manquants ou \u00e9gar\u00e9s. De plus, ces \u00e9tiquettes am\u00e9liorent la visibilit\u00e9 des actifs, permettant aux laveries de maintenir la transparence de leurs op\u00e9rations.<\/p>\n<p>Un autre avantage essentiel est le potentiel d\u2019\u00e9conomies. Gr\u00e2ce au suivi automatis\u00e9, les co\u00fbts de main-d\u2019\u0153uvre associ\u00e9s aux contr\u00f4les manuels des stocks diminuent consid\u00e9rablement. La fiabilit\u00e9 \u00e0 long terme de ces \u00e9tiquettes ajoute \u00e9galement de la valeur, car elles peuvent \u00eatre r\u00e9utilis\u00e9es sur plusieurs cycles de blanchisserie, ce qui permet aux entreprises de maximiser leur investissement.<\/p>\n<\/div>\n<div class=\"auto-hide-last-sibling-br paragraph_1252f paragraph-element\">\n<div data-spm-anchor-id=\"a2700.details.0.i57.23b419c7xXORP0\">Cette durabilit\u00e9 impressionnante s&#039;accompagne d&#039;une garantie de maintien des remarquables attributs de suivi et d&#039;inventaire tout au long de la dur\u00e9e de vie du linge, des v\u00eatements et d&#039;autres articles textiles. Ainsi, ils constituent un outil efficace et fiable pour assurer un suivi transparent, une maintenance rapide et une gestion efficace des stocks de divers produits en tissu dans divers environnements, maximisant leur cycle de vie et facilitant le bon fonctionnement des op\u00e9rations.<\/div>\n<\/div>\n<div data-spm-anchor-id=\"a2700.details.0.i57.23b419c7xXORP0\">\n<h3>Durabilit\u00e9 et lavabilit\u00e9 des \u00e9tiquettes RFID<\/h3>\n<p>Quand il s&#039;agit de\u00a0<strong>durabilit\u00e9<\/strong>Les \u00e9tiquettes RFID sont dot\u00e9es d&#039;une conception robuste capable de r\u00e9sister aux d\u00e9fis pos\u00e9s par le lavage commercial. Capables de supporter des temp\u00e9ratures \u00e9lev\u00e9es et des expositions \u00e0 des produits chimiques agressifs, tels que l&#039;eau de Javel et les assouplissants, elles sont optimis\u00e9es pour les processus de lavage et de s\u00e9chage.<\/p>\n<p>Le\u00a0<strong>nature lavable<\/strong>\u00a0Ces \u00e9tiquettes s&#039;int\u00e8grent parfaitement \u00e0 vos articles de lessive existants. Cette adaptabilit\u00e9 permet une fixation facile aux v\u00eatements et au linge par couture ou par application adh\u00e9sive, \u00e9vitant ainsi toute perturbation de la fonctionnalit\u00e9 ou de l&#039;apparence de vos articles textiles.<\/p>\n<\/div>\n<div data-spm-anchor-id=\"a2700.details.0.i57.23b419c7xXORP0\"><\/div>\n<h3 class=\"wp-block-heading\">Installation<\/h3>\n<p><strong>Marquage des points<\/strong>: A coudre dans l&#039;ourlet d&#039;un textile. Cousez l&#039;\u00e9tiquette de linge loin des lignes de pliage.<br \/>\n<strong>Thermoscellage<\/strong>: A thermosceller directement sur le textile \u00e0 +200\u00b0C (392\u00b0F), pendant 12~14s.<br \/>\n<strong>Dans une pochette<\/strong>: A coudre comme une \u00e9tiquette d&#039;entretien standard. Cousez l&#039;\u00e9tiquette de linge loin des lignes de pliage.<\/p>\n<div class=\"auto-hide-last-sibling-br paragraph_1252f paragraph-element\">\n<h2 class=\"auto-hide-last-sibling-br paragraph_1252f paragraph-element\"><strong>Utilisations de l&#039;\u00e9tiquette de blanchisserie UHF RFID lavable en tissu textile<\/strong><\/h2>\n<ol class=\"auto-hide-last-sibling-br\">\n<li>Blanchisserie industrielle : rationalise les processus de nettoyage et la logistique de distribution du linge uniforme.<\/li>\n<li>Secteur de l&#039;h\u00f4tellerie : Am\u00e9liore la gestion des syst\u00e8mes de blanchisserie pour le mobilier et les serviettes d&#039;h\u00f4tel.<\/li>\n<li>Secteur de la sant\u00e9 : Aide \u00e0 l\u2019organisation et \u00e0 l\u2019entretien des tenues hospitali\u00e8res et de soins de sant\u00e9.<\/li>\n<\/ol>\n<h3>Consid\u00e9rations environnementales<\/h3>\n<p>En utilisant\u00a0<strong>\u00c9tiquettes RFID pour linge<\/strong>\u00a0contribue \u00e9galement \u00e0 la durabilit\u00e9 environnementale. La possibilit\u00e9 de r\u00e9utiliser et de suivre le linge contribue \u00e0 r\u00e9duire les d\u00e9chets, garantissant ainsi que les articles sont utilis\u00e9s efficacement tout au long de leur cycle de vie. De plus, la durabilit\u00e9 de ces \u00e9tiquettes signifie moins de remplacements, minimisant ainsi l&#039;empreinte environnementale associ\u00e9e \u00e0 la production et \u00e0 l&#039;\u00e9limination constantes.<\/p>\n<h3>FAQ sur les \u00e9tiquettes RFID pour linge<\/h3>\n<p><strong>Q\u00a0:\u00a0Combien de cycles de lavage les \u00e9tiquettes peuvent-elles supporter\u00a0?<\/strong><br \/>\nA : Notre\u00a0<strong>\u00c9tiquettes RFID pour linge<\/strong>\u00a0sont con\u00e7us pour conserver leur fonctionnalit\u00e9 m\u00eame apr\u00e8s\u00a0<strong>200 cycles de lavage<\/strong>, ce qui les rend tr\u00e8s durables pour une utilisation \u00e0 long terme.<\/p>\n<p><strong>Q\u00a0: Les \u00e9tiquettes peuvent-elles \u00eatre cousues sur n\u2019importe quel tissu\u00a0?<\/strong><br \/>\nR : Oui, les \u00e9tiquettes peuvent \u00eatre parfaitement int\u00e9gr\u00e9es \u00e0 divers mat\u00e9riaux textiles, garantissant qu&#039;elles restent attach\u00e9es pendant plusieurs processus de blanchisserie.<\/p>\n<p><strong>Q : La technologie RFID est-elle fiable pour le suivi du linge ?<\/strong><br \/>\nR : Absolument ! Les \u00e9tiquettes RFID offrent une pr\u00e9cision de suivi in\u00e9gal\u00e9e, minimisant les pertes et contribuant \u00e0 une gestion efficace des stocks.<\/p>\n<h3>Conclusion<\/h3>\n<p>En conclusion,\u00a0<strong>\u00c9tiquettes textiles RFID UHF pour linge<\/strong>\u00a0repr\u00e9sentent l&#039;avenir de la gestion du linge. En am\u00e9liorant l&#039;efficacit\u00e9 du suivi, la durabilit\u00e9 et la rentabilit\u00e9, ils constituent des outils essentiels pour toute entreprise d\u00e9pendant du linge et des v\u00eatements. Dot\u00e9es d&#039;une technologie de pointe et de performances robustes, ces \u00e9tiquettes RFID sont con\u00e7ues pour r\u00e9pondre aux exigences des op\u00e9rations de blanchisserie modernes.<\/p>\n<\/div>","protected":false},"excerpt":{"rendered":"<p>Les \u00e9tiquettes textiles UHF RFID pour linge peuvent \u00e9galement \u00eatre appel\u00e9es \u00e9tiquettes textiles RFID RAIN pour le linge. Elles ont \u00e9t\u00e9 soigneusement con\u00e7ues pour fonctionner de mani\u00e8re constante dans les conditions difficiles du traitement du linge, telles que la st\u00e9rilisation, l&#039;exposition \u00e0 la chaleur, le nettoyage, le s\u00e9chage et le repassage. Ces \u00e9tiquettes sont non seulement capables de r\u00e9sister \u00e0 des centaines de cycles de lavage, mais elles conservent \u00e9galement d&#039;excellentes performances RFID constantes m\u00eame apr\u00e8s d&#039;innombrables cycles de lavage.<\/p>","protected":false},"featured_media":168,"template":"","meta":{"_kad_post_transparent":"default","_kad_post_title":"","_kad_post_layout":"default","_kad_post_sidebar_id":"","_kad_post_content_style":"default","_kad_post_vertical_padding":"default","_kad_post_feature":"","_kad_post_feature_position":"","_kad_post_header":false,"_kad_post_footer":false,"_kad_post_classname":""},"product_brand":[],"product_cat":[19],"product_tag":[31,312,65,30],"class_list":{"0":"post-167","1":"product","2":"type-product","3":"status-publish","4":"has-post-thumbnail","6":"product_cat-textile-rfid-laundry-tag","7":"product_tag-rfid-tag-for-linen-laundry","8":"product_tag-rfid-tags","9":"product_tag-textile-rfid-laundry-tags","10":"product_tag-uhf-rfid-laundry-tag","12":"first","13":"instock","14":"featured","15":"shipping-taxable","16":"product-type-simple","17":"entry","18":"content-bg","19":"loop-entry"},"_links":{"self":[{"href":"https:\/\/rfid-laundry-tag.com\/fr\/wp-json\/wp\/v2\/product\/167","targetHints":{"allow":["GET"]}}],"collection":[{"href":"https:\/\/rfid-laundry-tag.com\/fr\/wp-json\/wp\/v2\/product"}],"about":[{"href":"https:\/\/rfid-laundry-tag.com\/fr\/wp-json\/wp\/v2\/types\/product"}],"version-history":[{"count":3,"href":"https:\/\/rfid-laundry-tag.com\/fr\/wp-json\/wp\/v2\/product\/167\/revisions"}],"predecessor-version":[{"id":2680,"href":"https:\/\/rfid-laundry-tag.com\/fr\/wp-json\/wp\/v2\/product\/167\/revisions\/2680"}],"wp:featuredmedia":[{"embeddable":true,"href":"https:\/\/rfid-laundry-tag.com\/fr\/wp-json\/wp\/v2\/media\/168"}],"wp:attachment":[{"href":"https:\/\/rfid-laundry-tag.com\/fr\/wp-json\/wp\/v2\/media?parent=167"}],"wp:term":[{"taxonomy":"product_brand","embeddable":true,"href":"https:\/\/rfid-laundry-tag.com\/fr\/wp-json\/wp\/v2\/product_brand?post=167"},{"taxonomy":"product_cat","embeddable":true,"href":"https:\/\/rfid-laundry-tag.com\/fr\/wp-json\/wp\/v2\/product_cat?post=167"},{"taxonomy":"product_tag","embeddable":true,"href":"https:\/\/rfid-laundry-tag.com\/fr\/wp-json\/wp\/v2\/product_tag?post=167"}],"curies":[{"name":"wp","href":"https:\/\/api.w.org\/{rel}","templated":true}]}}