{"id":1669,"date":"2024-08-31T09:24:58","date_gmt":"2024-08-31T09:24:58","guid":{"rendered":"https:\/\/rfid-laundry-tag.com\/?post_type=product&#038;p=1669"},"modified":"2024-09-16T05:07:30","modified_gmt":"2024-09-16T05:07:30","slug":"uhf-rfid-laundry-button-heat-resistant-pps-tag","status":"publish","type":"product","link":"https:\/\/rfid-laundry-tag.com\/fr\/uhf-rfid-laundry-button-heat-resistant-pps-tag\/","title":{"rendered":"\u00c9tiquette PPS r\u00e9sistante \u00e0 la chaleur pour bouton de blanchisserie RFID UHF"},"content":{"rendered":"<div class=\"J_module\">\n<div class=\"ife-detail-decorate-table\">\n<table class=\"has-title all magic-6\">\n<tbody>\n<tr>\n<td colspan=\"1\" rowspan=\"1\">\n<div class=\"magic-7\" data-spm-anchor-id=\"a2700.details.0.i45.77607d98vZbcDU\"><span class=\"magic-8\" style=\"color: #363535;\">Nom de l&#039;article<\/span><\/div>\n<\/td>\n<td colspan=\"1\" rowspan=\"1\">\n<div class=\"magic-9\"><span class=\"magic-8\">\u00c9tiquette PPS r\u00e9sistante \u00e0 la chaleur pour bouton de blanchisserie RFID UHF<\/span><\/div>\n<\/td>\n<\/tr>\n<tr>\n<td colspan=\"1\" rowspan=\"1\">\n<div class=\"magic-7\"><span class=\"magic-10\" data-spm-anchor-id=\"a2700.pc-decorate.0.i10.28d333330XLbTD\"><span class=\"magic-8\">Mat\u00e9riel<\/span><\/span><\/div>\n<\/td>\n<td colspan=\"1\" rowspan=\"1\">\n<div class=\"magic-9\"><span class=\"magic-8\">PPS<\/span><\/div>\n<\/td>\n<\/tr>\n<tr>\n<td colspan=\"1\" rowspan=\"1\">\n<div class=\"magic-7\"><span class=\"magic-8\">Couleur<\/span><\/div>\n<\/td>\n<td colspan=\"1\" rowspan=\"1\">\n<div class=\"magic-9\"><span class=\"magic-8\">Noir<\/span><\/div>\n<\/td>\n<\/tr>\n<tr>\n<td colspan=\"1\" rowspan=\"1\">MOQ<\/td>\n<td colspan=\"1\" rowspan=\"1\">500 pi\u00e8ces<\/td>\n<\/tr>\n<tr>\n<td colspan=\"1\" rowspan=\"1\">\n<div class=\"magic-7\"><span class=\"magic-8\">Fabricant\/puce<\/span><\/div>\n<\/td>\n<td colspan=\"1\" rowspan=\"1\">\n<div class=\"magic-9\"><span class=\"magic-8\">NXP UCODE 8, UCODE 9, Alien H3, Higgs 9, etc.<\/span><\/div>\n<\/td>\n<\/tr>\n<tr>\n<td colspan=\"1\" rowspan=\"1\">\n<div class=\"magic-7\"><span class=\"magic-8\">Fr\u00e9quence<\/span><\/div>\n<\/td>\n<td colspan=\"1\" rowspan=\"1\">\n<div class=\"magic-9\"><span class=\"magic-8\">860-960 MHz\/<\/span><\/div>\n<\/td>\n<\/tr>\n<tr>\n<td colspan=\"1\" rowspan=\"1\">\n<div class=\"magic-7\"><span class=\"magic-8\">M\u00e9moire<\/span><\/div>\n<\/td>\n<td colspan=\"1\" rowspan=\"1\">\n<div class=\"magic-9\"><span class=\"magic-8\">96 bits\/128 bits<\/span><\/div>\n<\/td>\n<\/tr>\n<tr>\n<td colspan=\"1\" rowspan=\"1\">\n<div class=\"magic-7\"><span class=\"magic-8\">Lire la distance<\/span><\/div>\n<\/td>\n<td colspan=\"1\" rowspan=\"1\">\n<div class=\"magic-9\"><span class=\"magic-8\">1-6m<\/span><\/div>\n<\/td>\n<\/tr>\n<tr>\n<td colspan=\"1\" rowspan=\"1\">\n<div class=\"magic-7\"><span class=\"magic-8\">En mode travail<\/span><\/div>\n<\/td>\n<td colspan=\"1\" rowspan=\"1\">\n<div class=\"magic-9\"><span class=\"magic-8\">passif<\/span><\/div>\n<\/td>\n<\/tr>\n<tr>\n<td colspan=\"1\" rowspan=\"1\">\n<div class=\"magic-7\"><span class=\"magic-8\">Temp\u00e9rature de fonctionnement<\/span><\/div>\n<\/td>\n<td colspan=\"1\" rowspan=\"1\">\n<div class=\"magic-9\"><span class=\"magic-8\">-25 \u2103 ~ + 110 \u2103<\/span><\/div>\n<\/td>\n<\/tr>\n<tr>\n<td colspan=\"1\" rowspan=\"1\">\n<div class=\"magic-7\"><span class=\"magic-8\">Temp\u00e9rature de stockage<\/span><\/div>\n<\/td>\n<td colspan=\"1\" rowspan=\"1\">\n<div class=\"magic-9\"><span class=\"magic-8\">-40 \u2103 ~ + 85 \u2103<\/span><\/div>\n<\/td>\n<\/tr>\n<tr>\n<td colspan=\"1\" rowspan=\"1\">\n<div class=\"magic-7\">\n<div><span class=\"magic-8\">\u00a0<\/span><\/div>\n<p><span class=\"magic-8\">R\u00e9sistance \u00e0 la temp\u00e9rature \u00e0 court terme<\/span><\/p>\n<\/div>\n<\/td>\n<td colspan=\"1\" rowspan=\"1\">\n<div class=\"magic-9\"><span class=\"magic-8\">lavage : 90\u2103, 15 minutes\u00a0; pr\u00e9-s\u00e9chage du convertisseur\u00a0: 180 \u2103, 30 minutes, 200 fois\u00a0; repassage : 180 \u2103, 10 secondes, 200 fois ; haut<br \/>\nst\u00e9rilisation \u00e0 temp\u00e9rature\u00a0: 135 \u2103, 20 minutes<\/span><\/div>\n<\/td>\n<\/tr>\n<tr>\n<td colspan=\"1\" rowspan=\"1\">\n<div class=\"magic-7\"><span class=\"magic-8\">Caract\u00e9ristiques<\/span><\/div>\n<\/td>\n<td colspan=\"1\" rowspan=\"1\">\n<div class=\"magic-9\"><span class=\"magic-8\">imperm\u00e9able, lavable, r\u00e9sistance aux hautes temp\u00e9ratures<\/span><\/div>\n<\/td>\n<\/tr>\n<tr>\n<td colspan=\"1\" rowspan=\"1\">\n<div class=\"magic-7\"><span class=\"magic-8\">Vie<\/span><\/div>\n<\/td>\n<td colspan=\"1\" rowspan=\"1\">\n<div class=\"magic-9\"><span class=\"magic-8\">laver 200 fois ou 3 ans<\/span><\/div>\n<\/td>\n<\/tr>\n<tr>\n<td colspan=\"1\" rowspan=\"1\">\n<div class=\"magic-7\"><span class=\"magic-8\">Applications<\/span><\/div>\n<\/td>\n<td colspan=\"1\" rowspan=\"1\">\n<div class=\"magic-9\"><span class=\"magic-8\">gestion et suivi du linge<\/span><\/div>\n<\/td>\n<\/tr>\n<\/tbody>\n<\/table>\n<\/div>\n<\/div>\n<div class=\"J_module\">\n<div class=\"detail-decorate-json-renderer-container\">\n<div class=\"magic-1\">\n<div class=\"magic-2\">\n<div class=\"magic-3\">\n<div><\/div>\n<div class=\"magic-4\">\n<div><strong>\u00c9tiquette de bouton RFID<\/strong><\/div>\n<div><\/div>\n<\/div>\n<\/div>\n<div>\n<div class=\"auto-hide-last-sibling-br paragraph_1252f paragraph-element\">Les \u00e9tiquettes de blanchisserie r\u00e9sistantes aux hautes temp\u00e9ratures PPS constituent une excellente solution de suivi pour les environnements commerciaux tels que les cantines et les restaurants o\u00f9 de grands volumes de vaisselle sont constamment manipul\u00e9s.<\/div>\n<\/div>\n<\/div>\n<div id=\"featuresXsp\" class=\"features-list toggle-opacity in\">\n<div class=\"features-xsp\">\n<div class=\"collapse-mobile ste-list\">\n<div class=\"collapse-mobile ste-list\"><\/div>\n<\/div>\n<\/div>\n<\/div>\n<div class=\"magic-2\">\n<div>\n<div class=\"auto-hide-last-sibling-br paragraph_1252f paragraph-element\">\n<h4>D\u00e9tails de l&#039;article<\/h4>\n<ul>\n<li><strong>Nom:<\/strong>\u00a0\u00c9tiquette PPS r\u00e9sistante \u00e0 la chaleur pour bouton de blanchisserie RFID UHF<\/li>\n<li><strong>Mat\u00e9riel:<\/strong>\u00a0PPS (Polyph\u00e9nyl\u00e8ne sulfure)<\/li>\n<li><strong>Couleur:<\/strong>\u00a0Noir<\/li>\n<li><strong>Quantit\u00e9 minimum de commande (MOQ) :<\/strong>\u00a0500 pi\u00e8ces<\/li>\n<\/ul>\n<h4>Caract\u00e9ristiques<\/h4>\n<ul>\n<li><strong>Options du fabricant\/de la puce\u00a0:<\/strong>\n<ul>\n<li>NXP UCODE 8, UCODE 8m<\/li>\n<li>NXP UCODE 9<\/li>\n<li>Higgs\u2122 9 extraterrestre<\/li>\n<\/ul>\n<\/li>\n<li><strong>Fr\u00e9quence:<\/strong>\u00a0860-960 MHz<\/li>\n<li><strong>Options de m\u00e9moire\u00a0:<\/strong>\n<ul>\n<li>96 bits<\/li>\n<li>128 bits<\/li>\n<\/ul>\n<\/li>\n<li><strong>Distance de lecture :<\/strong>\u00a01 \u00e0 6 m\u00e8tres<\/li>\n<li><strong>Mode de travail:<\/strong>\u00a0Passif<\/li>\n<li><strong>Temp\u00e9rature de fonctionnement :<\/strong>\u00a0-25\u00b0C \u00e0 +110\u00b0C<\/li>\n<li><strong>Temp\u00e9rature de stockage :<\/strong>\u00a0-40\u00b0C \u00e0 +85\u00b0C<\/li>\n<\/ul>\n<h4>R\u00e9sistance \u00e0 la temp\u00e9rature \u00e0 court terme<\/h4>\n<ul>\n<li><strong>Lavage:<\/strong>\u00a090\u00b0C pendant 15 minutes<\/li>\n<li><strong>Pr\u00e9-s\u00e9chage du convertisseur :<\/strong>\u00a0180\u00b0C pendant 30 minutes (200 cycles)<\/li>\n<li><strong>Repassage:<\/strong>\u00a0180\u00b0C pendant 10 secondes (200 cycles)<\/li>\n<li><strong>St\u00e9rilisation \u00e0 haute temp\u00e9rature :<\/strong>\u00a0135\u00b0C pendant 20 minutes<\/li>\n<\/ul>\n<h4>Caract\u00e9ristiques principales<\/h4>\n<ul>\n<li>Imperm\u00e9able et lavable<\/li>\n<li>R\u00e9sistance aux hautes temp\u00e9ratures<\/li>\n<li>Adapt\u00e9 aux conditions de blanchisserie industrielle<\/li>\n<li>Con\u00e7u pour durer : 200 cycles de lavage ou 3 ans<\/li>\n<\/ul>\n<h4>Applications<\/h4>\n<ul>\n<li><strong>Utilisations principales :<\/strong>\u00a0Gestion et suivi du linge dans les environnements commerciaux (ex : cantines, restaurants)<\/li>\n<li><strong>\u00c9tiquetage polyvalent :<\/strong>\u00a0Peut \u00eatre appos\u00e9 sur divers articles textiles comme des chaussettes, des chemises et des serviettes pour minimiser les pertes.<\/li>\n<\/ul>\n<h4>Caract\u00e9ristiques de la puce<\/h4>\n<ul>\n<li><strong>NXP UCODE 8\/8m :<\/strong>\n<ul>\n<li>Sensibilit\u00e9 de lecture : -23 dBm<\/li>\n<li>Sensibilit\u00e9 d&#039;\u00e9criture : -18 dBm<\/li>\n<li>Des fonctionnalit\u00e9s innovantes pour la gestion des stocks<\/li>\n<\/ul>\n<\/li>\n<li><strong>NXP UCODE 9\u00a0:<\/strong>\n<ul>\n<li>Sensibilit\u00e9 de lecture : -24 dBm<\/li>\n<li>Sensibilit\u00e9 d&#039;\u00e9criture : -22 dBm<\/li>\n<li>Endurance de 100\u00a0000 cycles d&#039;\u00e9criture<\/li>\n<\/ul>\n<\/li>\n<li><strong>Higgs\u2122 extraterrestre 9 :<\/strong>\n<ul>\n<li>1024 bits de m\u00e9moire NVM\/RAM<\/li>\n<li>Conforme aux normes GS1 Classe 1 Gen 2 et ISO\/IEC 18000-6C<\/li>\n<\/ul>\n<\/li>\n<\/ul>\n<p>Ces \u00e9tiquettes offrent une solution robuste pour le suivi du linge dans les applications de blanchisserie, garantissant des performances et une durabilit\u00e9 \u00e9lev\u00e9es dans des environnements exigeants.<\/p>\n<\/div>\n<div class=\"auto-hide-last-sibling-br paragraph_1252f paragraph-element\"><\/div>\n<\/div>\n<\/div>\n<\/div>\n<\/div>\n<\/div>","protected":false},"excerpt":{"rendered":"<p>\u00c9tiquette PPS r\u00e9sistante \u00e0 la chaleur pour bouton de blanchisserie RFID UHF pour un suivi efficace, r\u00e9siste aux temp\u00e9ratures \u00e9lev\u00e9es, est \u00e9tanche et id\u00e9ale pour la gestion de la blanchisserie commerciale<\/p>","protected":false},"featured_media":1670,"template":"","meta":{"_kad_post_transparent":"default","_kad_post_title":"","_kad_post_layout":"default","_kad_post_sidebar_id":"","_kad_post_content_style":"default","_kad_post_vertical_padding":"default","_kad_post_feature":"","_kad_post_feature_position":"","_kad_post_header":false,"_kad_post_footer":false,"_kad_post_classname":""},"product_brand":[],"product_cat":[21,16],"product_tag":[226,35,225,30],"class_list":{"0":"post-1669","1":"product","2":"type-product","3":"status-publish","4":"has-post-thumbnail","6":"product_cat-pps-rfid-laundry-tag","7":"product_cat-uhf-rfid-laundry-tags","8":"product_tag-heat-resistant-pps-rfid-tag","9":"product_tag-rfid-button","10":"product_tag-uhf-rfid-laundry-button","11":"product_tag-uhf-rfid-laundry-tag","13":"first","14":"instock","15":"shipping-taxable","16":"product-type-simple","17":"entry","18":"content-bg","19":"loop-entry"},"_links":{"self":[{"href":"https:\/\/rfid-laundry-tag.com\/fr\/wp-json\/wp\/v2\/product\/1669","targetHints":{"allow":["GET"]}}],"collection":[{"href":"https:\/\/rfid-laundry-tag.com\/fr\/wp-json\/wp\/v2\/product"}],"about":[{"href":"https:\/\/rfid-laundry-tag.com\/fr\/wp-json\/wp\/v2\/types\/product"}],"version-history":[{"count":2,"href":"https:\/\/rfid-laundry-tag.com\/fr\/wp-json\/wp\/v2\/product\/1669\/revisions"}],"predecessor-version":[{"id":1672,"href":"https:\/\/rfid-laundry-tag.com\/fr\/wp-json\/wp\/v2\/product\/1669\/revisions\/1672"}],"wp:featuredmedia":[{"embeddable":true,"href":"https:\/\/rfid-laundry-tag.com\/fr\/wp-json\/wp\/v2\/media\/1670"}],"wp:attachment":[{"href":"https:\/\/rfid-laundry-tag.com\/fr\/wp-json\/wp\/v2\/media?parent=1669"}],"wp:term":[{"taxonomy":"product_brand","embeddable":true,"href":"https:\/\/rfid-laundry-tag.com\/fr\/wp-json\/wp\/v2\/product_brand?post=1669"},{"taxonomy":"product_cat","embeddable":true,"href":"https:\/\/rfid-laundry-tag.com\/fr\/wp-json\/wp\/v2\/product_cat?post=1669"},{"taxonomy":"product_tag","embeddable":true,"href":"https:\/\/rfid-laundry-tag.com\/fr\/wp-json\/wp\/v2\/product_tag?post=1669"}],"curies":[{"name":"wp","href":"https:\/\/api.w.org\/{rel}","templated":true}]}}