{"id":163,"date":"2024-06-15T11:55:44","date_gmt":"2024-06-15T11:55:44","guid":{"rendered":"https:\/\/rfid-laundry-tag.com\/?post_type=product&#038;p=163"},"modified":"2024-06-15T12:33:50","modified_gmt":"2024-06-15T12:33:50","slug":"laundry-tag-rfid-silicon","status":"publish","type":"product","link":"https:\/\/rfid-laundry-tag.com\/fr\/laundry-tag-rfid-silicon\/","title":{"rendered":"\u00c9tiquette de blanchisserie RFID en silicone"},"content":{"rendered":"<table style=\"font-family: var(--global-body-font-family);\" width=\"537\">\n<tbody>\n<tr>\n<td width=\"228\">Nom<\/td>\n<td width=\"309\">\u00c9tiquette de blanchisserie RFID en silicone<\/td>\n<\/tr>\n<tr>\n<td width=\"228\">Mode<\/td>\n<td width=\"309\">SL-01<\/td>\n<\/tr>\n<tr>\n<td width=\"228\">Mat\u00e9riel<\/td>\n<td width=\"309\">Silicone<\/td>\n<\/tr>\n<tr>\n<td width=\"228\">Couleur<\/td>\n<td width=\"309\">Blanc (ou personnalis\u00e9)<\/td>\n<\/tr>\n<tr>\n<td width=\"228\">Taille<\/td>\n<td width=\"309\">55 mm * 12 mm, 2,5 mm d&#039;\u00e9paisseur<\/td>\n<\/tr>\n<tr>\n<td width=\"228\">\u00c9br\u00e9cher<\/td>\n<td width=\"309\">915 MHz NXP U code 9, Alien H3, H9, etc.<\/td>\n<\/tr>\n<tr>\n<td width=\"228\">Temp\u00e9rature de fonctionnement<\/td>\n<td width=\"309\">\u2013 25\u00baC \u00e0 +75\u00baC<\/td>\n<\/tr>\n<tr>\n<td width=\"228\">Cycle de lavage<\/td>\n<td width=\"309\">200 fois<\/td>\n<\/tr>\n<tr>\n<td width=\"228\">Imperm\u00e9able<\/td>\n<td width=\"309\">Oui<\/td>\n<\/tr>\n<tr>\n<td width=\"228\">R\u00e9sistance chimique<\/td>\n<td width=\"309\">Oui<\/td>\n<\/tr>\n<\/tbody>\n<\/table>\n<p data-spm-anchor-id=\"a2700.details.0.i116.60201a70jOXdOd\">\n<p data-spm-anchor-id=\"a2700.details.0.i116.60201a70jOXdOd\"><strong>Application :<\/strong><\/p>\n<ol class=\"auto-hide-last-sibling-br\">\n<li>\n<div class=\"auto-hide-last-sibling-br paragraph_1252f paragraph-element\">Lavables et r\u00e9utilisables : ces \u00e9tiquettes sont con\u00e7ues pour r\u00e9sister \u00e0 plusieurs cycles de lavage, ce qui en fait une solution \u00e9conomique pour une utilisation \u00e0 long terme.<\/div>\n<\/li>\n<li>\n<div class=\"auto-hide-last-sibling-br paragraph_1252f paragraph-element\">Con\u00e7us pour des conditions de blanchisserie difficiles : ils sont sp\u00e9cifiquement con\u00e7us pour r\u00e9sister aux conditions difficiles dans lesquelles se d\u00e9roulent les op\u00e9rations de blanchisserie.<\/div>\n<\/li>\n<li>\n<div class=\"auto-hide-last-sibling-br paragraph_1252f paragraph-element\">Propri\u00e9t\u00e9s r\u00e9sistantes : Ces \u00e9tiquettes sont r\u00e9sistantes \u00e0 l&#039;humidit\u00e9, peuvent tol\u00e9rer des temp\u00e9ratures \u00e9lev\u00e9es et r\u00e9sistent \u00e0 divers produits chimiques, garantissant un fonctionnement sans entrave dans diverses conditions.<\/div>\n<\/li>\n<li>\n<div class=\"auto-hide-last-sibling-br paragraph_1252f paragraph-element\">Mat\u00e9riau en silicone respectueux de l&#039;environnement : Fabriqu\u00e9es en silicone respectueux de l&#039;environnement, ces \u00e9tiquettes sont inoffensives pour le corps humain et l&#039;environnement, conform\u00e9ment \u00e0 une consommation consciente et \u00e0 des pratiques durables.<\/div>\n<\/li>\n<li>\n<div class=\"auto-hide-last-sibling-br paragraph_1252f paragraph-element\">Applications larges : Ces \u00e9tiquettes peuvent \u00eatre utilis\u00e9es de mani\u00e8re pratique pour g\u00e9rer les v\u00eatements, am\u00e9liorer les contr\u00f4les de s\u00e9curit\u00e9 et optimiser les op\u00e9rations dans les blanchisseries (y compris les blanchisseries de qualit\u00e9 industrielle), offrant une efficacit\u00e9 et un contr\u00f4le sup\u00e9rieurs.<\/div>\n<\/li>\n<\/ol>\n<div class=\"auto-hide-last-sibling-br paragraph_1252f paragraph-element\">L&#039;\u00e9tiquette de blanchisserie RFID en silicone, fonctionnant dans la gamme de fr\u00e9quences 860~960 MHz, est sp\u00e9cialement con\u00e7ue pour r\u00e9sister aux temp\u00e9ratures \u00e9lev\u00e9es et aux pressions intenses typiques des processus de nettoyage. Son utilisation \u00e0 grande \u00e9chelle peut \u00eatre trouv\u00e9e dans des environnements rigoureux qui exigent une r\u00e9sistance aux niveaux de chaleur \u00e9lev\u00e9s, \u00e0 la corrosion et \u00e0 l&#039;usure, notamment les blanchisseries, les op\u00e9rations de nettoyage industriel et autres.<\/div>\n<p>&nbsp;<\/p>\n<div class=\"auto-hide-last-sibling-br paragraph_1252f paragraph-element\">Ces \u00e9tiquettes RFID pour linge ont la capacit\u00e9 unique de s&#039;int\u00e9grer parfaitement \u00e0 une vari\u00e9t\u00e9 d&#039;articles textiles, notamment des chemises, des uniformes de travail, du linge de lit et d&#039;autres produits \u00e0 base de tissu. \u00c0 ce titre, elles offrent une solution puissante et efficace pour le suivi et la gestion d&#039;une vaste gamme de produits textiles dans divers secteurs.<\/div>\n<p>&nbsp;<\/p>","protected":false},"excerpt":{"rendered":"<p>Les \u00e9tiquettes de blanchisserie en silicone RFID sont g\u00e9n\u00e9ralement utilis\u00e9es dans les op\u00e9rations \u00e0 haute intensit\u00e9 telles que les processus de blanchisserie industrielle, la gestion du linge d&#039;h\u00f4tel et le suivi des uniformes m\u00e9dicaux. Ces \u00e9tiquettes sont connues pour leur flexibilit\u00e9 et leur r\u00e9sistance aux temp\u00e9ratures \u00e9lev\u00e9es, con\u00e7ues pour r\u00e9sister \u00e0 plus de 200 cycles de lavage, garantissant des performances fiables m\u00eame dans les conditions les plus exigeantes.<\/p>","protected":false},"featured_media":164,"template":"","meta":{"_kad_post_transparent":"default","_kad_post_title":"","_kad_post_layout":"default","_kad_post_sidebar_id":"","_kad_post_content_style":"default","_kad_post_vertical_padding":"default","_kad_post_feature":"","_kad_post_feature_position":"","_kad_post_header":false,"_kad_post_footer":false,"_kad_post_classname":""},"product_brand":[],"product_cat":[20,16],"product_tag":[76,62,61],"class_list":{"0":"post-163","1":"product","2":"type-product","3":"status-publish","4":"has-post-thumbnail","6":"product_cat-silicone-rfid-laundry-tag","7":"product_cat-uhf-rfid-laundry-tags","8":"product_tag-laundry-tag-rfid-silicon","9":"product_tag-silicone-rfid-laundry-tag","10":"product_tag-silicone-washable-rfid-laundry-tag","12":"first","13":"instock","14":"shipping-taxable","15":"product-type-simple","16":"entry","17":"content-bg","18":"loop-entry"},"_links":{"self":[{"href":"https:\/\/rfid-laundry-tag.com\/fr\/wp-json\/wp\/v2\/product\/163","targetHints":{"allow":["GET"]}}],"collection":[{"href":"https:\/\/rfid-laundry-tag.com\/fr\/wp-json\/wp\/v2\/product"}],"about":[{"href":"https:\/\/rfid-laundry-tag.com\/fr\/wp-json\/wp\/v2\/types\/product"}],"version-history":[{"count":0,"href":"https:\/\/rfid-laundry-tag.com\/fr\/wp-json\/wp\/v2\/product\/163\/revisions"}],"wp:featuredmedia":[{"embeddable":true,"href":"https:\/\/rfid-laundry-tag.com\/fr\/wp-json\/wp\/v2\/media\/164"}],"wp:attachment":[{"href":"https:\/\/rfid-laundry-tag.com\/fr\/wp-json\/wp\/v2\/media?parent=163"}],"wp:term":[{"taxonomy":"product_brand","embeddable":true,"href":"https:\/\/rfid-laundry-tag.com\/fr\/wp-json\/wp\/v2\/product_brand?post=163"},{"taxonomy":"product_cat","embeddable":true,"href":"https:\/\/rfid-laundry-tag.com\/fr\/wp-json\/wp\/v2\/product_cat?post=163"},{"taxonomy":"product_tag","embeddable":true,"href":"https:\/\/rfid-laundry-tag.com\/fr\/wp-json\/wp\/v2\/product_tag?post=163"}],"curies":[{"name":"wp","href":"https:\/\/api.w.org\/{rel}","templated":true}]}}