{"id":159,"date":"2024-06-15T08:13:31","date_gmt":"2024-06-15T08:13:31","guid":{"rendered":"https:\/\/rfid-laundry-tag.com\/?post_type=product&#038;p=159"},"modified":"2024-08-14T16:18:47","modified_gmt":"2024-08-14T16:18:47","slug":"nfc-laundry-token-ntag216","status":"publish","type":"product","link":"https:\/\/rfid-laundry-tag.com\/fr\/nfc-laundry-token-ntag216\/","title":{"rendered":"Jeton de blanchisserie NFC-NTAG216"},"content":{"rendered":"<div class=\"J_module\">\n<div class=\"ife-detail-decorate-table\">\n<table class=\"has-title all magic-6\">\n<tbody>\n<tr>\n<td colspan=\"1\" rowspan=\"1\">\n<div class=\"magic-7\" data-spm-anchor-id=\"a2700.details.0.i45.77607d98vZbcDU\"><span class=\"magic-8\" style=\"color: #363535;\">Nom de l&#039;article<\/span><\/div>\n<\/td>\n<td colspan=\"1\" rowspan=\"1\">\n<div class=\"magic-9\">Jeton de blanchisserie NFC \u2013 NTAG216<\/div>\n<\/td>\n<\/tr>\n<tr>\n<td colspan=\"1\" rowspan=\"1\">\n<div class=\"magic-7\"><span class=\"magic-10\" data-spm-anchor-id=\"a2700.pc-decorate.0.i10.28d333330XLbTD\"><span class=\"magic-8\">Mat\u00e9riel<\/span><\/span><\/div>\n<\/td>\n<td colspan=\"1\" rowspan=\"1\">\n<div class=\"magic-9\"><span class=\"magic-8\">PPS<\/span><\/div>\n<\/td>\n<\/tr>\n<tr>\n<td colspan=\"1\" rowspan=\"1\">\n<div class=\"magic-7\"><span class=\"magic-8\">Couleur<\/span><\/div>\n<\/td>\n<td colspan=\"1\" rowspan=\"1\">\n<div class=\"magic-9\"><span class=\"magic-8\">Noir, jaune, etc.<\/span><\/div>\n<\/td>\n<\/tr>\n<tr>\n<td colspan=\"1\" rowspan=\"1\">MOQ<\/td>\n<td colspan=\"1\" rowspan=\"1\">500 pi\u00e8ces<\/td>\n<\/tr>\n<tr>\n<td colspan=\"1\" rowspan=\"1\">\n<div class=\"magic-7\"><span class=\"magic-8\">Fabricant\/puce<\/span><\/div>\n<\/td>\n<td colspan=\"1\" rowspan=\"1\">\n<div class=\"magic-9\"><span class=\"magic-8\">NXP Ntag213, Ntag215, Ntag216, Mifare ultral\u00e9ger ev1, etc.<\/span><\/div>\n<\/td>\n<\/tr>\n<tr>\n<td colspan=\"1\" rowspan=\"1\">\n<div class=\"magic-7\"><span class=\"magic-8\">Fr\u00e9quence<\/span><\/div>\n<\/td>\n<td colspan=\"1\" rowspan=\"1\">\n<div class=\"magic-9\"><span class=\"magic-8\">13,56 MHz<\/span><\/div>\n<\/td>\n<\/tr>\n<tr>\n<td colspan=\"1\" rowspan=\"1\">\n<div class=\"magic-7\"><span class=\"magic-8\">M\u00e9moire<\/span><\/div>\n<\/td>\n<td colspan=\"1\" rowspan=\"1\">\n<div class=\"magic-9\"><span class=\"magic-8\">144 octets, 504 octets, 888 octets, 64 octets, etc.<\/span><\/div>\n<\/td>\n<\/tr>\n<tr>\n<td colspan=\"1\" rowspan=\"1\">\n<div class=\"magic-7\"><span class=\"magic-8\">Lire la distance<\/span><\/div>\n<\/td>\n<td colspan=\"1\" rowspan=\"1\">\n<div class=\"magic-9\"><span class=\"magic-8\">1 ~ 5 cm<\/span><\/div>\n<\/td>\n<\/tr>\n<tr>\n<td colspan=\"1\" rowspan=\"1\">\n<div class=\"magic-7\"><span class=\"magic-8\">En mode travail<\/span><\/div>\n<\/td>\n<td colspan=\"1\" rowspan=\"1\">\n<div class=\"magic-9\"><span class=\"magic-8\">passif<\/span><\/div>\n<\/td>\n<\/tr>\n<tr>\n<td colspan=\"1\" rowspan=\"1\">\n<div class=\"magic-7\"><span class=\"magic-8\">Temp\u00e9rature de fonctionnement<\/span><\/div>\n<\/td>\n<td colspan=\"1\" rowspan=\"1\">\n<div class=\"magic-9\"><span class=\"magic-8\">-25 \u2103 ~ + 110 \u2103<\/span><\/div>\n<\/td>\n<\/tr>\n<tr>\n<td colspan=\"1\" rowspan=\"1\">\n<div class=\"magic-7\"><span class=\"magic-8\">Temp\u00e9rature de stockage<\/span><\/div>\n<\/td>\n<td colspan=\"1\" rowspan=\"1\">\n<div class=\"magic-9\"><span class=\"magic-8\">-40 \u2103 ~ + 85 \u2103<\/span><\/div>\n<\/td>\n<\/tr>\n<tr>\n<td colspan=\"1\" rowspan=\"1\">\n<div class=\"magic-7\">\n<div><span class=\"magic-8\">\u00a0<\/span><\/div>\n<p><span class=\"magic-8\">R\u00e9sistance \u00e0 la temp\u00e9rature \u00e0 court terme<\/span><\/p>\n<\/div>\n<\/td>\n<td colspan=\"1\" rowspan=\"1\">\n<div class=\"magic-9\"><span class=\"magic-8\">lavage : 90\u2103, 15 minutes\u00a0; pr\u00e9-s\u00e9chage du convertisseur\u00a0: 180 \u2103, 30 minutes, 200 fois\u00a0; repassage : 180 \u2103, 10 secondes, 200 fois ; haut<br \/>\nst\u00e9rilisation \u00e0 temp\u00e9rature\u00a0: 135 \u2103, 20 minutes<\/span><\/div>\n<\/td>\n<\/tr>\n<tr>\n<td colspan=\"1\" rowspan=\"1\">\n<div class=\"magic-7\"><span class=\"magic-8\">Caract\u00e9ristiques<\/span><\/div>\n<\/td>\n<td colspan=\"1\" rowspan=\"1\">\n<div class=\"magic-9\"><span class=\"magic-8\">imperm\u00e9able, lavable, r\u00e9sistance aux hautes temp\u00e9ratures<\/span><\/div>\n<\/td>\n<\/tr>\n<tr>\n<td colspan=\"1\" rowspan=\"1\">\n<div class=\"magic-7\"><span class=\"magic-8\">Vie<\/span><\/div>\n<\/td>\n<td colspan=\"1\" rowspan=\"1\">\n<div class=\"magic-9\"><span class=\"magic-8\">laver 200 fois ou 3 ans<\/span><\/div>\n<\/td>\n<\/tr>\n<tr>\n<td colspan=\"1\" rowspan=\"1\">\n<div class=\"magic-7\"><span class=\"magic-8\">Applications<\/span><\/div>\n<\/td>\n<td colspan=\"1\" rowspan=\"1\">\n<div class=\"magic-9\"><span class=\"magic-8\">gestion et suivi du linge<\/span><\/div>\n<\/td>\n<\/tr>\n<\/tbody>\n<\/table>\n<\/div>\n<\/div>\n<div class=\"J_module\">\n<div class=\"detail-decorate-json-renderer-container\">\n<div class=\"magic-1\">\n<div>\n<div><\/div>\n<\/div>\n<div class=\"magic-2\">\n<div class=\"auto-hide-last-sibling-br paragraph_1252f paragraph-element\">\n<div class=\"auto-hide-last-sibling-br paragraph_1252f paragraph-element\">\n<p>NTAG 213, NTAG 215 et NTAG 216 ont \u00e9t\u00e9 d\u00e9velopp\u00e9s par NXP<sup>\u00ae<\/sup>\u00a0Semi-conducteurs en tant que circuits int\u00e9gr\u00e9s d&#039;\u00e9tiquettes NFC standard destin\u00e9s \u00e0 \u00eatre utilis\u00e9s dans des applications grand public telles que la vente au d\u00e9tail, les jeux et l&#039;\u00e9lectronique grand public, en combinaison avec des dispositifs NFC ou des dispositifs de couplage de proximit\u00e9 compatibles NFC. NTAG 213, NTAG 215 et NTAG 216 (d\u00e9sormais g\u00e9n\u00e9ralement appel\u00e9s NTAG 21x) sont con\u00e7us pour \u00eatre enti\u00e8rement conformes aux sp\u00e9cifications NFC Forum Type 2 Tag et ISO\/IEC14443 Type A.<\/p>\n<p>Les applications cibles incluent la publicit\u00e9 intelligente hors domicile et dans les m\u00e9dias imprim\u00e9s, les applications SoLoMo, l&#039;authentification des produits, les \u00e9tiquettes d&#039;\u00e9tag\u00e8re NFC et les \u00e9tiquettes d&#039;accompagnement mobile.<\/p>\n<p>Les cas d&#039;utilisation cibles incluent la publicit\u00e9 intelligente hors domicile, l&#039;authentification de produits, les balises d&#039;accompagnement mobile, Bluetooth.<sup>\u00ae<\/sup>\u00a0ou couplage Wi-Fi, \u00e9tiquettes \u00e9lectroniques pour \u00e9tag\u00e8res et cartes de visite. La m\u00e9moire NTAG 21x peut \u00e9galement \u00eatre segment\u00e9e pour mettre en \u0153uvre plusieurs applications en m\u00eame temps.<\/p>\n<p>Gr\u00e2ce \u00e0 leur capacit\u00e9 d&#039;entr\u00e9e \u00e9lev\u00e9e, les circuits int\u00e9gr\u00e9s \u00e0 balises NTAG 21x sont particuli\u00e8rement adapt\u00e9s aux applications n\u00e9cessitant un faible encombrement, sans compromis sur les performances. Les petites balises NFC peuvent \u00eatre plus facilement int\u00e9gr\u00e9es, par exemple, aux \u00e9tiquettes de produits ou aux appareils \u00e9lectroniques.<\/p>\n<p>Les sp\u00e9cifications m\u00e9caniques et \u00e9lectriques du NTAG 21x sont adapt\u00e9es pour r\u00e9pondre aux exigences des fabricants d&#039;inlays et d&#039;\u00e9tiquettes.<\/p>\n<h3>Transfert d&#039;\u00e9nergie et de donn\u00e9es sans contact<\/h3>\n<p>La communication avec NTAG 21x ne peut \u00eatre \u00e9tablie que lorsque le CI est connect\u00e9 \u00e0 une antenne.<\/p>\n<p>Lorsque le NTAG 21x est positionn\u00e9 dans le domaine RF, l&#039;interface de communication RF \u00e0 haut d\u00e9bit permet la transmission des donn\u00e9es avec un d\u00e9bit en bauds de 106 kbit\/s.<\/p>\n<h3>D\u00e9ploiement simple et commodit\u00e9 pour l&#039;utilisateur<\/h3>\n<p>NTAG 21x offre des fonctionnalit\u00e9s sp\u00e9cifiques con\u00e7ues pour am\u00e9liorer l&#039;int\u00e9gration et le confort de l&#039;utilisateur\u00a0:<\/p>\n<ul>\n<li>La capacit\u00e9 de lecture rapide permet d&#039;analyser le message NDEF complet avec une seule commande FAST_READ, r\u00e9duisant ainsi la surcharge dans les environnements de production \u00e0 haut d\u00e9bit.<\/li>\n<li>Les performances RF am\u00e9lior\u00e9es permettent une plus grande flexibilit\u00e9 dans le choix de la forme, des dimensions et des mat\u00e9riaux<\/li>\n<li>L&#039;option pour une \u00e9paisseur de circuit int\u00e9gr\u00e9 de 75\u00a0\u03bcm permet la fabrication de tags ultrafins, pour une int\u00e9gration plus pratique, par exemple dans des magazines ou des cartes de jeu.<\/li>\n<\/ul>\n<h3>S\u00e9curit\u00e9<\/h3>\n<ul>\n<li>UID de 7 octets programm\u00e9 par le fabricant pour chaque appareil<\/li>\n<li>Conteneur de capacit\u00e9s pr\u00e9programm\u00e9 avec bits programmables une seule fois<\/li>\n<li>Fonction de verrouillage en lecture seule programmable sur site<\/li>\n<li>Signature d&#039;originalit\u00e9 bas\u00e9e sur ECC<\/li>\n<li>Protection par mot de passe 32 bits pour emp\u00eacher les op\u00e9rations de m\u00e9moire non autoris\u00e9es<\/li>\n<\/ul>\n<h3>Conformit\u00e9 au type NFC Forum Tag 2<\/h3>\n<p>NTAG 21x IC offre une conformit\u00e9 totale \u00e0 la sp\u00e9cification technique NFC Forum Tag 2 Type et permet les configurations de structure de donn\u00e9es NDEF.<\/p>\n<h3>Anti-collision<\/h3>\n<p>Une fonction anti-collision intelligente permet d&#039;utiliser simultan\u00e9ment plusieurs balises sur le terrain. L&#039;algorithme anti-collision s\u00e9lectionne chaque tag individuellement et garantit que l&#039;ex\u00e9cution d&#039;une transaction avec un tag s\u00e9lectionn\u00e9 s&#039;effectue correctement sans interf\u00e9rence d&#039;un autre tag sur le terrain.<\/p>\n<h3>Caract\u00e9ristiques<\/h3>\n<div id=\"featuresXsp\" class=\"features-list toggle-opacity in\">\n<div class=\"features-xsp\">\n<div class=\"collapse-mobile ste-list-ul\">\n<ul class=\"boxes\">\n<li>Transmission sans contact de donn\u00e9es et d&#039;\u00e9nergie d&#039;alimentation<\/li>\n<li>Fr\u00e9quence de fonctionnement de 13,56 MHz<\/li>\n<li>Transfert de donn\u00e9es de 106 kbit\/s<\/li>\n<li>Int\u00e9grit\u00e9 des donn\u00e9es CRC 16 bits, parit\u00e9, codage binaire, comptage de bits<\/li>\n<li>Distance de fonctionnement jusqu&#039;\u00e0 100 mm (en fonction de divers param\u00e8tres tels que, par exemple, l&#039;intensit\u00e9 du champ et la g\u00e9om\u00e9trie de l&#039;antenne)<\/li>\n<li>Num\u00e9ro de s\u00e9rie de 7 octets (niveau de cascade 2 selon ISO\/IEC 14443-3)<\/li>\n<li>Miroir ASCII UID pour la s\u00e9rialisation automatique des messages NDEF<\/li>\n<li>Compteur NFC automatique d\u00e9clench\u00e9 lors d&#039;une commande de lecture<\/li>\n<li>Miroir ASCII du compteur NFC pour l&#039;ajout automatique de la valeur du compteur NFC au message NDEF<\/li>\n<li>Signature d&#039;originalit\u00e9 bas\u00e9e sur ECC<\/li>\n<li>Commande de lecture rapide<\/li>\n<li>V\u00e9ritable anti-collision<\/li>\n<li>Capacit\u00e9 d&#039;entr\u00e9e de 50 pF<\/li>\n<\/ul>\n<\/div>\n<div class=\"collapse-mobile ste-list-ul\">\n<ul class=\"boxes\">\n<li>180, 540 ou 924 octets organis\u00e9s en 45, 135 ou 231 pages avec 4 octets par page<\/li>\n<li>Zone de lecture\/\u00e9criture utilisateur librement disponible de 144, 504 ou 888 octets (36, 126 ou 222 pages)<\/li>\n<li>Conteneur de capacit\u00e9 initialis\u00e9 de 4 octets avec bits d&#039;acc\u00e8s programmables \u00e0 usage unique<\/li>\n<li>Fonction de verrouillage en lecture seule programmable sur le terrain par page pour les 16 premi\u00e8res pages<\/li>\n<li>Fonction de verrouillage en lecture seule programmable sur le terrain au-dessus des 16 premi\u00e8res pages par double page pour NTAG 213 ou par 16 pages pour NTAG 215 et NTAG 216<\/li>\n<li>Protection par mot de passe configurable avec une limite facultative de tentatives infructueuses<\/li>\n<li>Prise en charge anti-d\u00e9chirure pour le conteneur de capacit\u00e9 (CC) et les bits de verrouillage<\/li>\n<li>V\u00e9rification d&#039;originalit\u00e9 prise en charge par ECC<\/li>\n<li>Dur\u00e9e de conservation des donn\u00e9es de 10 ans<\/li>\n<li>\u00c9crire l&#039;endurance 100 000 cycles<\/li>\n<\/ul>\n<\/div>\n<\/div>\n<\/div>\n<\/div>\n<p>&nbsp;<\/p>\n<div class=\"auto-hide-last-sibling-br paragraph_1252f paragraph-element\"><\/div>\n<div class=\"auto-hide-last-sibling-br paragraph_1252f paragraph-element\"><\/div>\n<\/div>\n<\/div>\n<\/div>\n<\/div>\n<\/div>","protected":false},"excerpt":{"rendered":"<p>Les jetons de blanchisserie NFC-NTAG216, \u00e9galement connus sous le nom d&#039;\u00e9tiquettes NFC lavables PPS, sont con\u00e7us pour les situations qui n\u00e9cessitent une \u00e9tiquette robuste capable de g\u00e9rer des environnements op\u00e9rationnels difficiles.<\/p>","protected":false},"featured_media":160,"template":"","meta":{"_kad_post_transparent":"default","_kad_post_title":"","_kad_post_layout":"default","_kad_post_sidebar_id":"","_kad_post_content_style":"default","_kad_post_vertical_padding":"default","_kad_post_feature":"","_kad_post_feature_position":"","_kad_post_header":false,"_kad_post_footer":false,"_kad_post_classname":""},"product_brand":[],"product_cat":[21,17],"product_tag":[37,74,42,45],"class_list":{"0":"post-159","1":"product","2":"type-product","3":"status-publish","4":"has-post-thumbnail","6":"product_cat-pps-rfid-laundry-tag","7":"product_cat-nfc-rfid-laundry-tag","8":"product_tag-nfc-button","9":"product_tag-nfc-laundry-token-ntag216","10":"product_tag-pps-nfc-laundry-tag","11":"product_tag-pps-washable-nfc-tags","13":"first","14":"instock","15":"shipping-taxable","16":"product-type-simple","17":"entry","18":"content-bg","19":"loop-entry"},"_links":{"self":[{"href":"https:\/\/rfid-laundry-tag.com\/fr\/wp-json\/wp\/v2\/product\/159","targetHints":{"allow":["GET"]}}],"collection":[{"href":"https:\/\/rfid-laundry-tag.com\/fr\/wp-json\/wp\/v2\/product"}],"about":[{"href":"https:\/\/rfid-laundry-tag.com\/fr\/wp-json\/wp\/v2\/types\/product"}],"version-history":[{"count":1,"href":"https:\/\/rfid-laundry-tag.com\/fr\/wp-json\/wp\/v2\/product\/159\/revisions"}],"predecessor-version":[{"id":1317,"href":"https:\/\/rfid-laundry-tag.com\/fr\/wp-json\/wp\/v2\/product\/159\/revisions\/1317"}],"wp:featuredmedia":[{"embeddable":true,"href":"https:\/\/rfid-laundry-tag.com\/fr\/wp-json\/wp\/v2\/media\/160"}],"wp:attachment":[{"href":"https:\/\/rfid-laundry-tag.com\/fr\/wp-json\/wp\/v2\/media?parent=159"}],"wp:term":[{"taxonomy":"product_brand","embeddable":true,"href":"https:\/\/rfid-laundry-tag.com\/fr\/wp-json\/wp\/v2\/product_brand?post=159"},{"taxonomy":"product_cat","embeddable":true,"href":"https:\/\/rfid-laundry-tag.com\/fr\/wp-json\/wp\/v2\/product_cat?post=159"},{"taxonomy":"product_tag","embeddable":true,"href":"https:\/\/rfid-laundry-tag.com\/fr\/wp-json\/wp\/v2\/product_tag?post=159"}],"curies":[{"name":"wp","href":"https:\/\/api.w.org\/{rel}","templated":true}]}}