{"id":148,"date":"2024-06-14T13:17:06","date_gmt":"2024-06-14T13:17:06","guid":{"rendered":"https:\/\/rfid-laundry-tag.com\/?post_type=product&#038;p=148"},"modified":"2024-06-14T13:36:44","modified_gmt":"2024-06-14T13:36:44","slug":"uhf-rfid-laundry-tag-button","status":"publish","type":"product","link":"https:\/\/rfid-laundry-tag.com\/fr\/uhf-rfid-laundry-tag-button\/","title":{"rendered":"Bouton d&#039;\u00e9tiquette de blanchisserie UHF RFID"},"content":{"rendered":"<div class=\"J_module\">\n<div class=\"ife-detail-decorate-table\">\n<table class=\"has-title all magic-6\">\n<tbody>\n<tr>\n<td colspan=\"1\" rowspan=\"1\">\n<div class=\"magic-7\" data-spm-anchor-id=\"a2700.details.0.i45.77607d98vZbcDU\"><span class=\"magic-8\" style=\"color: #363535;\">Nom de l&#039;article<\/span><\/div>\n<\/td>\n<td colspan=\"1\" rowspan=\"1\">\n<div class=\"magic-9\"><strong><span class=\"magic-8\">Bouton d&#039;\u00e9tiquette de blanchisserie UHF RFID<\/span><\/strong><\/div>\n<\/td>\n<\/tr>\n<tr>\n<td colspan=\"1\" rowspan=\"1\">\n<div class=\"magic-7\"><span class=\"magic-10\" data-spm-anchor-id=\"a2700.pc-decorate.0.i10.28d333330XLbTD\"><span class=\"magic-8\">Mat\u00e9riel<\/span><\/span><\/div>\n<\/td>\n<td colspan=\"1\" rowspan=\"1\">\n<div class=\"magic-9\"><span class=\"magic-8\">PPS<\/span><\/div>\n<\/td>\n<\/tr>\n<tr>\n<td colspan=\"1\" rowspan=\"1\">\n<div class=\"magic-7\"><span class=\"magic-8\">Couleur<\/span><\/div>\n<\/td>\n<td colspan=\"1\" rowspan=\"1\">\n<div class=\"magic-9\"><span class=\"magic-8\">Noir<\/span><\/div>\n<\/td>\n<\/tr>\n<tr>\n<td colspan=\"1\" rowspan=\"1\">MOQ<\/td>\n<td colspan=\"1\" rowspan=\"1\">500 pi\u00e8ces<\/td>\n<\/tr>\n<tr>\n<td colspan=\"1\" rowspan=\"1\">\n<div class=\"magic-7\"><span class=\"magic-8\">Fabricant\/puce<\/span><\/div>\n<\/td>\n<td colspan=\"1\" rowspan=\"1\">\n<div class=\"magic-9\"><span class=\"magic-8\">NXP UCODE 8, UCODE 9, Higgs extraterrestre 9<\/span><\/div>\n<\/td>\n<\/tr>\n<tr>\n<td colspan=\"1\" rowspan=\"1\">\n<div class=\"magic-7\"><span class=\"magic-8\">Fr\u00e9quence<\/span><\/div>\n<\/td>\n<td colspan=\"1\" rowspan=\"1\">\n<div class=\"magic-9\"><span class=\"magic-8\">860-960 MHz\/<\/span><\/div>\n<\/td>\n<\/tr>\n<tr>\n<td colspan=\"1\" rowspan=\"1\">\n<div class=\"magic-7\"><span class=\"magic-8\">M\u00e9moire<\/span><\/div>\n<\/td>\n<td colspan=\"1\" rowspan=\"1\">\n<div class=\"magic-9\"><span class=\"magic-8\">96 bits\/128 bits<\/span><\/div>\n<\/td>\n<\/tr>\n<tr>\n<td colspan=\"1\" rowspan=\"1\">\n<div class=\"magic-7\"><span class=\"magic-8\">Lire la distance<\/span><\/div>\n<\/td>\n<td colspan=\"1\" rowspan=\"1\">\n<div class=\"magic-9\"><span class=\"magic-8\">1-6m<\/span><\/div>\n<\/td>\n<\/tr>\n<tr>\n<td colspan=\"1\" rowspan=\"1\">\n<div class=\"magic-7\"><span class=\"magic-8\">En mode travail<\/span><\/div>\n<\/td>\n<td colspan=\"1\" rowspan=\"1\">\n<div class=\"magic-9\"><span class=\"magic-8\">passif<\/span><\/div>\n<\/td>\n<\/tr>\n<tr>\n<td colspan=\"1\" rowspan=\"1\">\n<div class=\"magic-7\"><span class=\"magic-8\">Temp\u00e9rature de fonctionnement<\/span><\/div>\n<\/td>\n<td colspan=\"1\" rowspan=\"1\">\n<div class=\"magic-9\"><span class=\"magic-8\">-25 \u2103 ~ + 110 \u2103<\/span><\/div>\n<\/td>\n<\/tr>\n<tr>\n<td colspan=\"1\" rowspan=\"1\">\n<div class=\"magic-7\"><span class=\"magic-8\">Temp\u00e9rature de stockage<\/span><\/div>\n<\/td>\n<td colspan=\"1\" rowspan=\"1\">\n<div class=\"magic-9\"><span class=\"magic-8\">-40 \u2103 ~ + 85 \u2103<\/span><\/div>\n<\/td>\n<\/tr>\n<tr>\n<td colspan=\"1\" rowspan=\"1\">\n<div class=\"magic-7\">\n<div><span class=\"magic-8\">\u00a0<\/span><\/div>\n<p><span class=\"magic-8\">R\u00e9sistance \u00e0 la temp\u00e9rature \u00e0 court terme<\/span><\/p>\n<\/div>\n<\/td>\n<td colspan=\"1\" rowspan=\"1\">\n<div class=\"magic-9\"><span class=\"magic-8\">lavage : 90\u2103, 15 minutes\u00a0; pr\u00e9-s\u00e9chage du convertisseur\u00a0: 180 \u2103, 30 minutes, 200 fois\u00a0; repassage : 180 \u2103, 10 secondes, 200 fois ; haut<br \/>\nst\u00e9rilisation \u00e0 temp\u00e9rature\u00a0: 135 \u2103, 20 minutes<\/span><\/div>\n<\/td>\n<\/tr>\n<tr>\n<td colspan=\"1\" rowspan=\"1\">\n<div class=\"magic-7\"><span class=\"magic-8\">Caract\u00e9ristiques<\/span><\/div>\n<\/td>\n<td colspan=\"1\" rowspan=\"1\">\n<div class=\"magic-9\"><span class=\"magic-8\">imperm\u00e9able, lavable, r\u00e9sistance aux hautes temp\u00e9ratures<\/span><\/div>\n<\/td>\n<\/tr>\n<tr>\n<td colspan=\"1\" rowspan=\"1\">\n<div class=\"magic-7\"><span class=\"magic-8\">Vie<\/span><\/div>\n<\/td>\n<td colspan=\"1\" rowspan=\"1\">\n<div class=\"magic-9\"><span class=\"magic-8\">laver 200 fois ou 3 ans<\/span><\/div>\n<\/td>\n<\/tr>\n<tr>\n<td colspan=\"1\" rowspan=\"1\">\n<div class=\"magic-7\"><span class=\"magic-8\">Applications<\/span><\/div>\n<\/td>\n<td colspan=\"1\" rowspan=\"1\">\n<div class=\"magic-9\"><span class=\"magic-8\">gestion et suivi du linge<\/span><\/div>\n<\/td>\n<\/tr>\n<\/tbody>\n<\/table>\n<\/div>\n<\/div>\n<div class=\"J_module\">\n<div class=\"detail-decorate-json-renderer-container\">\n<div class=\"magic-1\">\n<div class=\"magic-2\">\n<div class=\"magic-3\">\n<div><\/div>\n<div class=\"magic-4\">\n<div><strong>\u00c9tiquette de bouton RFID<\/strong><\/div>\n<div><\/div>\n<\/div>\n<\/div>\n<div>\n<div class=\"auto-hide-last-sibling-br paragraph_1252f paragraph-element\">Les \u00e9tiquettes de blanchisserie r\u00e9sistantes aux hautes temp\u00e9ratures PPS constituent une excellente solution de suivi pour les environnements commerciaux tels que les cantines et les restaurants o\u00f9 de grands volumes de vaisselle sont constamment manipul\u00e9s.<\/div>\n<\/div>\n<div>\n<div><\/div>\n<\/div>\n<\/div>\n<p><strong>Options de puce\u00a0:<\/strong><\/p>\n<p><strong>UCODE 8 de NXP<\/strong> Les circuits int\u00e9gr\u00e9s UCODE 8\/8m et UCODE 8m sont des produits de la famille UCODE. Les UCODE 8\/8m offrent des performances et des fonctionnalit\u00e9s \u00e9lev\u00e9es pour une utilisation dans les applications d&#039;\u00e9tiquetage RFID les plus exigeantes.<\/p>\n<p>Particuli\u00e8rement adapt\u00e9 aux applications de gestion des stocks, comme par exemple dans le commerce de d\u00e9tail et la mode, avec ses performances RF \u00e9prouv\u00e9es pour tout format donn\u00e9, UCODE 8\/8m permet une longue distance de lecture et un inventaire rapide d&#039;une population dense d&#039;\u00e9tiquettes RFID. Gr\u00e2ce \u00e0 sa conception \u00e0 large bande, il offre la possibilit\u00e9 de fabriquer de v\u00e9ritables \u00e9tiquettes RFID mondiales avec des performances \u00e9lev\u00e9es par rapport aux r\u00e9glementations mondiales.<\/p>\n<p>L&#039;appareil fournit \u00e9galement une fonction d&#039;auto-ajustement, un indicateur d&#039;\u00e9tat du produit pour l&#039;application de surveillance \u00e9lectronique des articles (EAS), un EPC 96 bits pr\u00e9-s\u00e9rialis\u00e9, un identifiant de marque et la commande de plainte EPC Gen2v2 Untraceable.<\/p>\n<div id=\"featuresXsp\" class=\"features-list toggle-opacity in\">\n<div class=\"features-xsp\">\n<div class=\"collapse-mobile ste-list\">\n<h3>Caract\u00e9ristiques principales<\/h3>\n<ul class=\"boxes\">\n<li>Sensibilit\u00e9 de lecture -23dBm<\/li>\n<li>Sensibilit\u00e9 d&#039;\u00e9criture -18 dBm<\/li>\n<li>Fonctionnalit\u00e9 innovante\n<ul>\n<li>Auto-ajustement<\/li>\n<li>Sauvegarde de la m\u00e9moire<\/li>\n<li>Introuvable<\/li>\n<li>Pr\u00e9-s\u00e9rialisation pour EPC 96 bits<\/li>\n<li>Indicateur d&#039;\u00e9tat du produit int\u00e9gr\u00e9 (PSF)<\/li>\n<\/ul>\n<\/li>\n<li>Compatible avec une antenne \u00e0 fente unique<\/li>\n<li>Jusqu&#039;\u00e0 128 bits EPC<\/li>\n<li>Identifiant d&#039;\u00e9tiquette unique (TID) de 96 bits verrouill\u00e9 en usine, y compris le num\u00e9ro de s\u00e9rie unique de 48 bits<\/li>\n<li>EPC Gen2v2<\/li>\n<\/ul>\n<\/div>\n<div class=\"collapse-mobile ste-list\">\n<h3>M\u00e9moire<\/h3>\n<ul class=\"boxes\">\n<li>M\u00e9moire EPC 128 bits\/96 bits (UCODE 8\/UCODE 8m)<\/li>\n<li>Prend en charge la pr\u00e9-s\u00e9rialisation pour EPC 96 bits<\/li>\n<li>Identifiant de balise 96 bits (TID) verrouill\u00e9 en usine<\/li>\n<li>Num\u00e9ro de s\u00e9rie unique de 48 bits cod\u00e9 en usine dans le TID<\/li>\n<li>M\u00e9moire utilisateur 0 bit\/32 bits (UCODE 8\/UCODE 8m)<\/li>\n<li>Mot de passe de 32 bits pour d\u00e9sactiver d\u00e9finitivement la balise<\/li>\n<li>Mot de passe d&#039;acc\u00e8s 32 bits<\/li>\n<li>Large plage de temp\u00e9rature de fonctionnement : -40\u00a0<sup>\u00b0<\/sup>C jusqu&#039;\u00e0 +85\u00a0<sup>\u00b0<\/sup>C<\/li>\n<li>EPC Gen2v2<\/li>\n<\/ul>\n<p><strong>UCODE 9 de NXP<\/strong><\/p>\n<p>Avec UCODE 9, les applications d&#039;\u00e9tiquetage RFID RAIN exigeantes b\u00e9n\u00e9ficient d&#039;un coup de pouce, permettant aux d\u00e9taillants et aux entreprises de logistique intelligente d&#039;acc\u00e9l\u00e9rer leur adoption de l&#039;IoT.<\/p>\n<p>Gr\u00e2ce \u00e0 ses performances accrues, UCODE 9 permet des inventaires plus efficaces. De plus, UCODE 9 permet de r\u00e9utiliser les conceptions d&#039;antennes int\u00e9gr\u00e9es UCODE 8 existantes, ce qui offre un chemin de migration facile de UCODE 8 \u00e0 UCODE 9.<\/p>\n<p>Ses performances de puce sup\u00e9rieures permettent des conceptions d&#039;incrustations plus petites, ce qui contribue \u00e0 r\u00e9duire l&#039;utilisation de plastique et d&#039;aluminium, favorisant ainsi la durabilit\u00e9 environnementale.<\/p>\n<div class=\"collapse-mobile ste-list\">\n<h3>Caract\u00e9ristiques principales<\/h3>\n<ul class=\"boxes\">\n<li>Sensibilit\u00e9 de lecture : -24 dBm<\/li>\n<li>Sensibilit\u00e9 d&#039;\u00e9criture : -22 dBm<\/li>\n<li>Vitesse d&#039;encodage : 32 bits en 0,96 ms<\/li>\n<li>Antenne de remplacement pour UCODE 8<\/li>\n<li>Auto-ajustement<\/li>\n<li>Sauvegarde de la m\u00e9moire<\/li>\n<li>Pr\u00e9-s\u00e9rialisation de l&#039;EPC 96 bits<\/li>\n<\/ul>\n<\/div>\n<div class=\"collapse-mobile ste-list\">\n<h3>M\u00e9moire<\/h3>\n<ul class=\"boxes\">\n<li>96 bits de m\u00e9moire EPC<\/li>\n<li>Prend en charge la pr\u00e9-s\u00e9rialisation de l&#039;EPC 96 bits<\/li>\n<li>Identifiant de balise 96 bits (TID) verrouill\u00e9 en usine<\/li>\n<li>Num\u00e9ro de s\u00e9rie unique de 48 bits cod\u00e9 en usine dans le TID<\/li>\n<li>Mot de passe de 32 bits pour d\u00e9sactiver d\u00e9finitivement la balise<\/li>\n<li>Large plage de temp\u00e9rature de fonctionnement : -40 \u00b0C \u00e0 +85 \u00b0C<\/li>\n<li>Endurance de 100\u00a0000 cycles d&#039;\u00e9criture<\/li>\n<li>Conservation des donn\u00e9es pendant 20 ans<\/li>\n<\/ul>\n<\/div>\n<\/div>\n<\/div>\n<\/div>\n<div class=\"magic-2\">\n<div>\n<div class=\"auto-hide-last-sibling-br paragraph_1252f paragraph-element\">\n<h2>Higgs extraterrestre<span class=\"sup\">\u2122<\/span>\u00a09<\/h2>\n<p>Circuit int\u00e9gr\u00e9 d&#039;\u00e9tiquette RFID haute capacit\u00e9 GS1 Classe 1 Gen 2<\/p>\n<h4 class=\"alternative\">Points forts<\/h4>\n<ul>\n<li>Conforme aux normes GS1 Classe 1 Gen 2 et ISO\/IEC 18000-6C<\/li>\n<li>Fonctionnement mondial dans les bandes RFID UHF (840-960 MHz)<\/li>\n<li>1024 bits de m\u00e9moire NVM\/RAM<\/li>\n<li>Jusqu&#039;\u00e0 496 bits EPC (nominalement 96 bits)<\/li>\n<li>Jusqu&#039;\u00e0 688 bits utilisateur<\/li>\n<li>TID unique de 48 bits<\/li>\n<li>Acc\u00e8s 32 bits et Kill Pass 32 bits-<br \/>\nmots<\/li>\n<li>Pr\u00e9programm\u00e9 avec un unique, inalt\u00e9rable-<br \/>\nnum\u00e9ro de s\u00e9rie 48 bits<\/li>\n<li>La m\u00e9moire utilisateur peut \u00eatre bloqu\u00e9e de mani\u00e8re permanente<br \/>\nMot de passe verrouill\u00e9 et lu pro-<br \/>\nprot\u00e9g\u00e9 dans des blocs de 256 bits<\/li>\n<li>Fonctionnement \u00e0 faible consommation pour la lecture et<br \/>\nprogramme<\/li>\n<li>QuickWrite\u2122 \/ BlastWrite\u2122 \u2013 Haute vitesse<br \/>\npuce et programmation de masse<\/li>\n<li>Authentification dynamiqueTM anti-clonage \/<br \/>\ntechnologie anti-contrefa\u00e7on<\/li>\n<li>Port\u00e9e de fonctionnement exceptionnelle, jusqu&#039;\u00e0 13 m<br \/>\navec antenne appropri\u00e9e.<\/li>\n<\/ul>\n<\/div>\n<div class=\"auto-hide-last-sibling-br paragraph_1252f paragraph-element\">Les \u00e9tiquettes de blanchisserie \u00e0 bouton UHF RFID PPS sont des identifiants compacts et l\u00e9gers con\u00e7us pour le suivi du linge. Elles peuvent \u00eatre appos\u00e9es sur divers objets textiles comme des chaussettes, des chemises et des serviettes, et peuvent \u00eatre d\u00e9tect\u00e9es \u00e0 plusieurs m\u00e8tres de distance par des scanners RFID UHF. Non seulement ces \u00e9tiquettes assurent un suivi efficace et minimisent la perte d&#039;articles au sein d&#039;un service de blanchisserie, mais leur style de bouton unique les rend faciles \u00e0 fixer aux v\u00eatements.<\/div>\n<div class=\"auto-hide-last-sibling-br paragraph_1252f paragraph-element\"><\/div>\n<\/div>\n<\/div>\n<\/div>\n<\/div>\n<\/div>","protected":false},"excerpt":{"rendered":"<p>Bouton d&#039;\u00e9tiquette de blanchisserie RFID UHF fonctionnant \u00e0 865-867 MHz. Ces \u00e9tiquettes sont petites, l\u00e9g\u00e8res et con\u00e7ues sp\u00e9cifiquement pour le suivi des articles de blanchisserie, ce qui les rend adapt\u00e9es \u00e0 la gestion des v\u00eatements. Les \u00e9tiquettes ont une port\u00e9e de lecture allant jusqu&#039;\u00e0 3 m, comme sp\u00e9cifi\u00e9.<\/p>","protected":false},"featured_media":149,"template":"","meta":{"_kad_post_transparent":"default","_kad_post_title":"","_kad_post_layout":"default","_kad_post_sidebar_id":"","_kad_post_content_style":"default","_kad_post_vertical_padding":"default","_kad_post_feature":"","_kad_post_feature_position":"","_kad_post_header":false,"_kad_post_footer":false,"_kad_post_classname":""},"product_brand":[],"product_cat":[21,16],"product_tag":[41,35,33,30],"class_list":{"0":"post-148","1":"product","2":"type-product","3":"status-publish","4":"has-post-thumbnail","6":"product_cat-pps-rfid-laundry-tag","7":"product_cat-uhf-rfid-laundry-tags","8":"product_tag-pps-uhf-rfid-laundry-tag","9":"product_tag-rfid-button","10":"product_tag-rfid-laundry-tag-button","11":"product_tag-uhf-rfid-laundry-tag","13":"first","14":"instock","15":"shipping-taxable","16":"product-type-simple","17":"entry","18":"content-bg","19":"loop-entry"},"_links":{"self":[{"href":"https:\/\/rfid-laundry-tag.com\/fr\/wp-json\/wp\/v2\/product\/148","targetHints":{"allow":["GET"]}}],"collection":[{"href":"https:\/\/rfid-laundry-tag.com\/fr\/wp-json\/wp\/v2\/product"}],"about":[{"href":"https:\/\/rfid-laundry-tag.com\/fr\/wp-json\/wp\/v2\/types\/product"}],"version-history":[{"count":0,"href":"https:\/\/rfid-laundry-tag.com\/fr\/wp-json\/wp\/v2\/product\/148\/revisions"}],"wp:featuredmedia":[{"embeddable":true,"href":"https:\/\/rfid-laundry-tag.com\/fr\/wp-json\/wp\/v2\/media\/149"}],"wp:attachment":[{"href":"https:\/\/rfid-laundry-tag.com\/fr\/wp-json\/wp\/v2\/media?parent=148"}],"wp:term":[{"taxonomy":"product_brand","embeddable":true,"href":"https:\/\/rfid-laundry-tag.com\/fr\/wp-json\/wp\/v2\/product_brand?post=148"},{"taxonomy":"product_cat","embeddable":true,"href":"https:\/\/rfid-laundry-tag.com\/fr\/wp-json\/wp\/v2\/product_cat?post=148"},{"taxonomy":"product_tag","embeddable":true,"href":"https:\/\/rfid-laundry-tag.com\/fr\/wp-json\/wp\/v2\/product_tag?post=148"}],"curies":[{"name":"wp","href":"https:\/\/api.w.org\/{rel}","templated":true}]}}