{"id":145,"date":"2024-06-14T10:04:26","date_gmt":"2024-06-14T10:04:26","guid":{"rendered":"https:\/\/rfid-laundry-tag.com\/?post_type=product&#038;p=145"},"modified":"2024-09-08T04:26:06","modified_gmt":"2024-09-08T04:26:06","slug":"uhf-rfid-textile-label","status":"publish","type":"product","link":"https:\/\/rfid-laundry-tag.com\/fr\/uhf-rfid-textile-label\/","title":{"rendered":"\u00c9tiquette textile RFID UHF"},"content":{"rendered":"<div>\n<div class=\"auto-hide-last-sibling-br paragraph_1252f paragraph-element\">\n<table width=\"637\">\n<tbody>\n<tr>\n<td width=\"328\">Nom de l&#039;article:<\/td>\n<td width=\"309\">\u00c9tiquette textile RFID UHF<\/td>\n<\/tr>\n<tr>\n<td width=\"328\">Norme RFID\u00a0:<\/td>\n<td width=\"309\">ISO\/IEC 18000-6 TypeC (EPC Gen2)<\/td>\n<\/tr>\n<tr>\n<td width=\"328\">Taille poids:<\/td>\n<td width=\"309\">70 \u00d7 15 mm, 0,6 g<\/td>\n<\/tr>\n<tr>\n<td width=\"328\">Type de puce\u00a0:<\/td>\n<td width=\"309\">Impinj Monza 4QT, NXP U CODE 8, NXP U CODE 9<\/td>\n<\/tr>\n<tr>\n<td width=\"328\">M\u00e9moire CPE\u00a0:<\/td>\n<td width=\"309\">128 bits<\/td>\n<\/tr>\n<tr>\n<td width=\"328\">M\u00e9moire utilisateur\u00a0:<\/td>\n<td width=\"309\">512 bits<\/td>\n<\/tr>\n<tr>\n<td width=\"328\">Plage de lecture (2 W ERP FCC)\u00a0:<\/td>\n<td width=\"309\">8m<\/td>\n<\/tr>\n<tr>\n<td width=\"328\">Plage de lecture (ERP ETSI 2 W)\u00a0:<\/td>\n<td width=\"309\">8m<\/td>\n<\/tr>\n<tr>\n<td width=\"328\">Marquage\u00a0:<\/td>\n<td width=\"309\">Couture, adh\u00e9sif de marquage \u00e0 chaud<\/td>\n<\/tr>\n<tr>\n<td width=\"328\">Dur\u00e9e de vie estim\u00e9e\u00a0:<\/td>\n<td width=\"309\">200 cycles de lavage ou 3 ans, selon la premi\u00e8re \u00e9ventualit\u00e9<\/td>\n<\/tr>\n<tr>\n<td width=\"328\">M\u00e9thode de lavage\u00a0:<\/td>\n<td width=\"309\">Blanchisserie, Nettoyage \u00e0 sec<\/td>\n<\/tr>\n<tr>\n<td width=\"328\">Pression d&#039;extraction d&#039;eau\u00a0:<\/td>\n<td width=\"309\">60 barres<\/td>\n<\/tr>\n<tr>\n<td width=\"328\">R\u00e9sistance \u00e0 l&#039;eau:<\/td>\n<td width=\"309\">R\u00e9sistant \u00e0 l&#039;eau<\/td>\n<\/tr>\n<tr>\n<td width=\"328\">R\u00e9sistance chimique:<\/td>\n<td width=\"309\">D\u00e9tergent, adoucissant, agent de blanchiment (oxyg\u00e8ne\/chlore), alcalin<\/td>\n<\/tr>\n<tr>\n<td width=\"328\">Pr\u00e9-s\u00e9chage au Tumbler :<\/td>\n<td width=\"309\">125 \u00baC pendant 15-20 minutes<\/td>\n<\/tr>\n<tr>\n<td width=\"328\">Temp\u00e9rature de st\u00e9rilisation\u00a0:<\/td>\n<td width=\"309\">135\u00b0C pendant 15-20 minutes<\/td>\n<\/tr>\n<tr>\n<td width=\"328\">Temp\u00e9rature de lavage\u00a0:<\/td>\n<td width=\"309\">90\u00b0C, jusqu&#039;\u00e0 15min.<\/td>\n<\/tr>\n<tr>\n<td width=\"328\">Humidit\u00e9\/temp\u00e9rature de fonctionnement\u00a0:<\/td>\n<td width=\"309\">-20 \u00e0 110\u00b0C, 8 \u00e0 95%RH<\/td>\n<\/tr>\n<tr>\n<td width=\"328\">Humidit\u00e9\/temp\u00e9rature-stockage\u00a0:<\/td>\n<td width=\"309\">-40 \u00e0 110\u00b0C, 8 \u00e0 95%RH<\/td>\n<\/tr>\n<\/tbody>\n<\/table>\n<\/div>\n<div class=\"auto-hide-last-sibling-br paragraph_1252f paragraph-element\"><\/div>\n<\/div>\n<div class=\"auto-hide-last-sibling-br paragraph_1252f paragraph-element\">\n<div data-spm-anchor-id=\"a2700.details.0.i57.23b419c7xXORP0\"><span data-spm-anchor-id=\"a2700.details.0.i75.23b419c7xXORP0\"><b>Fonctionnalit\u00e9:<\/b><br \/>\n1) Technologie UHF pour lire des centaines de tags simultan\u00e9ment.<br \/>\n2) Distance de lecture sup\u00e9rieure \u00e0 8 pieds.<br \/>\n3) Nouvelle conception m\u00e9canique pour des performances am\u00e9lior\u00e9es pour le linge plat.<br \/>\n4) Convient aux extracteurs haute pression jusqu&#039;\u00e0 60 bars.<br \/>\n5) Convient pour la st\u00e9rilisation en autoclave.<br \/>\n6) Mat\u00e9riau petit, doux et flexible, id\u00e9al pour les textiles, le linge de maison, les v\u00eatements et les accessoires.<\/span><\/div>\n<\/div>\n<div data-spm-anchor-id=\"a2700.details.0.i57.23b419c7xXORP0\"><\/div>\n<div data-spm-anchor-id=\"a2700.details.0.i57.23b419c7xXORP0\">\n<p><img fetchpriority=\"high\" decoding=\"async\" class=\"wp-image-55\" src=\"https:\/\/rfid-laundry-tag.com\/wp-content\/uploads\/2024\/06\/4-300x275.png\" alt=\"RFID Tag for linen laundry\" width=\"605\" height=\"555\" srcset=\"https:\/\/rfid-laundry-tag.com\/wp-content\/uploads\/2024\/06\/4-300x275.png 300w, https:\/\/rfid-laundry-tag.com\/wp-content\/uploads\/2024\/06\/4-600x550.png 600w, https:\/\/rfid-laundry-tag.com\/wp-content\/uploads\/2024\/06\/4-13x12.png 13w, https:\/\/rfid-laundry-tag.com\/wp-content\/uploads\/2024\/06\/4.png 750w\" sizes=\"(max-width: 605px) 100vw, 605px\" \/><\/p>\n<\/div>\n<h3 class=\"wp-block-heading\">Installation<\/h3>\n<p><strong>Marquage des points<\/strong>: A coudre dans l&#039;ourlet d&#039;un textile. Cousez l&#039;\u00e9tiquette de linge loin des lignes de pliage.<br \/>\n<strong>Thermoscellage<\/strong>: A thermosceller directement sur le textile \u00e0 +200\u00b0C (392\u00b0F), pendant 12~14s.<br \/>\n<strong>Dans une pochette<\/strong>: A coudre comme une \u00e9tiquette d&#039;entretien standard. Cousez l&#039;\u00e9tiquette de linge loin des lignes de pliage.<\/p>\n<div class=\"auto-hide-last-sibling-br paragraph_1252f paragraph-element\">\n<div class=\"auto-hide-last-sibling-br paragraph_1252f paragraph-element\">Les \u00e9tiquettes textiles RFID pour les uniformes de blanchisserie sont indispensables dans de nombreux secteurs, car elles favorisent un suivi efficace des actifs, une gestion des stocks et une am\u00e9lioration de l&#039;efficacit\u00e9 op\u00e9rationnelle globale. Voici un aper\u00e7u de leur application dans divers secteurs :<\/div>\n<\/div>\n<h1 id=\"hero-title\" class=\"sp-hero-title\">UCODE 9xe : UCODE 9 avec plus de m\u00e9moire EPC<\/h1>\n<p>Dot\u00e9e de 128 bits de m\u00e9moire EPC, cette variante UCODE 9 peut stocker des attributs importants, comme la date d&#039;expiration ou les informations de production, directement sur le circuit int\u00e9gr\u00e9. Cela permet aux applications IoT d&#039;\u00eatre encore plus intelligentes qu&#039;auparavant.<\/p>\n<p>Con\u00e7u comme un remplacement direct du UCODE 9 hautes performances, le UCODE 9xe offre les m\u00eames fonctionnalit\u00e9s, les m\u00eames performances RF et la m\u00eame compatibilit\u00e9 avec les antennes certifi\u00e9es Auburn ARC que le UCODE 9, mais avec 128 bits de m\u00e9moire EPC (Electronic Product Code) pour prendre en charge une plus large gamme de cas d&#039;utilisation IoT. Le r\u00e9sultat est une \u00e9tiquette RFID RAIN qui profite aussi bien aux propri\u00e9taires de marques, aux d\u00e9taillants qu&#039;aux consommateurs.<\/p>\n<h3>Caract\u00e9ristiques<\/h3>\n<div id=\"featuresXsp\" class=\"features-list\">\n<div class=\"features-xsp\">\n<div class=\"collapse-mobile ste-list-ul\">\n<ul class=\"boxes\">\n<li>Sensibilit\u00e9 de lecture : 24 dBm<\/li>\n<li>Sensibilit\u00e9 d&#039;\u00e9criture : 22 dBm<\/li>\n<li>M\u00e9moire EPC 128 bits<\/li>\n<li>Remplacement direct pour UCODE 9 \/ UCODE 8<\/li>\n<li>Auto-ajustement<\/li>\n<li>Sauvegarde de la m\u00e9moire<\/li>\n<li>Pr\u00e9-s\u00e9rialisation de l&#039;EPC 96 bits<\/li>\n<\/ul>\n<\/div>\n<\/div>\n<\/div>\n<div class=\"auto-hide-last-sibling-br paragraph_1252f paragraph-element\">\n<p>&nbsp;<\/p>\n<\/div>","protected":false},"excerpt":{"rendered":"<p>Les \u00e9tiquettes textiles RFID UHF sont con\u00e7ues pour fonctionner parfaitement malgr\u00e9 les processus de blanchisserie difficiles, notamment la st\u00e9rilisation, le lavage \u00e0 haute temp\u00e9rature, la purification, le s\u00e9chage et le pressage.<\/p>","protected":false},"featured_media":146,"template":"","meta":{"_kad_post_transparent":"default","_kad_post_title":"","_kad_post_layout":"default","_kad_post_sidebar_id":"","_kad_post_content_style":"default","_kad_post_vertical_padding":"default","_kad_post_feature":"","_kad_post_feature_position":"","_kad_post_header":false,"_kad_post_footer":false,"_kad_post_classname":""},"product_brand":[],"product_cat":[19,16],"product_tag":[65,30,68],"class_list":{"0":"post-145","1":"product","2":"type-product","3":"status-publish","4":"has-post-thumbnail","6":"product_cat-textile-rfid-laundry-tag","7":"product_cat-uhf-rfid-laundry-tags","8":"product_tag-textile-rfid-laundry-tags","9":"product_tag-uhf-rfid-laundry-tag","10":"product_tag-uhf-rfid-textile-label","12":"first","13":"instock","14":"featured","15":"shipping-taxable","16":"product-type-simple","17":"entry","18":"content-bg","19":"loop-entry"},"_links":{"self":[{"href":"https:\/\/rfid-laundry-tag.com\/fr\/wp-json\/wp\/v2\/product\/145","targetHints":{"allow":["GET"]}}],"collection":[{"href":"https:\/\/rfid-laundry-tag.com\/fr\/wp-json\/wp\/v2\/product"}],"about":[{"href":"https:\/\/rfid-laundry-tag.com\/fr\/wp-json\/wp\/v2\/types\/product"}],"version-history":[{"count":1,"href":"https:\/\/rfid-laundry-tag.com\/fr\/wp-json\/wp\/v2\/product\/145\/revisions"}],"predecessor-version":[{"id":1299,"href":"https:\/\/rfid-laundry-tag.com\/fr\/wp-json\/wp\/v2\/product\/145\/revisions\/1299"}],"wp:featuredmedia":[{"embeddable":true,"href":"https:\/\/rfid-laundry-tag.com\/fr\/wp-json\/wp\/v2\/media\/146"}],"wp:attachment":[{"href":"https:\/\/rfid-laundry-tag.com\/fr\/wp-json\/wp\/v2\/media?parent=145"}],"wp:term":[{"taxonomy":"product_brand","embeddable":true,"href":"https:\/\/rfid-laundry-tag.com\/fr\/wp-json\/wp\/v2\/product_brand?post=145"},{"taxonomy":"product_cat","embeddable":true,"href":"https:\/\/rfid-laundry-tag.com\/fr\/wp-json\/wp\/v2\/product_cat?post=145"},{"taxonomy":"product_tag","embeddable":true,"href":"https:\/\/rfid-laundry-tag.com\/fr\/wp-json\/wp\/v2\/product_tag?post=145"}],"curies":[{"name":"wp","href":"https:\/\/api.w.org\/{rel}","templated":true}]}}