{"id":143,"date":"2024-06-14T09:55:34","date_gmt":"2024-06-14T09:55:34","guid":{"rendered":"https:\/\/rfid-laundry-tag.com\/?post_type=product&#038;p=143"},"modified":"2024-09-26T04:10:00","modified_gmt":"2024-09-26T04:10:00","slug":"textile-rfid-tags-for-laundry","status":"publish","type":"product","link":"https:\/\/rfid-laundry-tag.com\/fr\/textile-rfid-tags-for-laundry\/","title":{"rendered":"\u00c9tiquettes RFID textiles pour le linge"},"content":{"rendered":"<div>\n<div class=\"auto-hide-last-sibling-br paragraph_1252f paragraph-element\">\n<h1>\u00c9tiquettes RFID textiles pour le linge<\/h1>\n<table width=\"593\">\n<tbody>\n<tr>\n<td width=\"233\">Protocole RF Air<\/td>\n<td colspan=\"4\" width=\"360\">EPC Classe 1 Gen2 mondiale ISO18000-6C<\/td>\n<\/tr>\n<tr>\n<td width=\"233\">Fr\u00e9quence de fonctionnement<\/td>\n<td colspan=\"4\" width=\"360\">UHF 866-868 MHz (ETSI) \/UHF 902-928 MHz (FCC)<\/td>\n<\/tr>\n<tr>\n<td width=\"233\">Compatibilit\u00e9 environnementale<\/td>\n<td colspan=\"4\" width=\"360\">Optimis\u00e9 dans l&#039;air<\/td>\n<\/tr>\n<tr>\n<td width=\"233\">Dur\u00e9e de conservation des donn\u00e9es<\/td>\n<td colspan=\"4\" width=\"360\">50 ans<\/td>\n<\/tr>\n<tr>\n<td width=\"233\">Plage de lecture<\/td>\n<td colspan=\"4\" width=\"360\">Jusqu&#039;\u00e0 5,5 m (hors m\u00e9tal)<\/td>\n<\/tr>\n<tr>\n<td width=\"233\">Polarisation<\/td>\n<td colspan=\"4\" width=\"360\">Lin\u00e9aire<\/td>\n<\/tr>\n<tr>\n<td width=\"233\">Type de CI<\/td>\n<td colspan=\"4\" width=\"360\">NXP U-CODE 8, U-CODE 9, etc.<\/td>\n<\/tr>\n<tr>\n<td width=\"233\">Configuration de la m\u00e9moire<\/td>\n<td colspan=\"4\" width=\"360\">EPC 128 bits TID 96 bits Utilisateur 32 bits<\/td>\n<\/tr>\n<tr>\n<td colspan=\"5\" width=\"593\">Sp\u00e9cifications m\u00e9caniques<\/td>\n<\/tr>\n<tr>\n<td width=\"233\">Mat\u00e9riaux de surface<\/td>\n<td colspan=\"4\" width=\"360\">Textile<\/td>\n<\/tr>\n<tr>\n<td width=\"233\">Dimensions (mm)<\/td>\n<td colspan=\"4\" width=\"360\">15*70*1,5 mm<\/td>\n<\/tr>\n<tr>\n<td width=\"233\">Poids (g)<\/td>\n<td colspan=\"4\" width=\"360\">0,7 g<\/td>\n<\/tr>\n<tr>\n<td rowspan=\"2\" width=\"233\">Pi\u00e8ce jointe<\/td>\n<td colspan=\"4\" width=\"360\">Coudre l&#039;ourlet ou l&#039;\u00e9tiquette tiss\u00e9e<\/td>\n<\/tr>\n<tr>\n<td colspan=\"4\" width=\"360\">Thermoscellage \u00e0 215\u2103@15 sec &amp; 4 bars<\/td>\n<\/tr>\n<tr>\n<td width=\"233\">Couleur<\/td>\n<td colspan=\"4\" width=\"360\">Blanc<\/td>\n<\/tr>\n<tr>\n<td colspan=\"5\" width=\"593\">Sp\u00e9cifications environnementales<\/td>\n<\/tr>\n<tr>\n<td width=\"233\">Temp\u00e9rature de fonctionnement<\/td>\n<td colspan=\"4\" width=\"360\">-30\u00b0C \u00e0 +85\u00b0C<\/td>\n<\/tr>\n<tr>\n<td width=\"233\">Temp\u00e9rature ambiante<\/td>\n<td colspan=\"4\" width=\"360\">-30\u00b0C \u00e0 +100\u00b0C<\/td>\n<\/tr>\n<tr>\n<td width=\"233\">R\u00e9sistance m\u00e9canique<\/td>\n<td colspan=\"4\" width=\"360\">60 barres<\/td>\n<\/tr>\n<tr>\n<td width=\"233\">R\u00e9sistance chimique<\/td>\n<td colspan=\"4\" width=\"360\">Produits chimiques courants dans les processus de lavage<\/td>\n<\/tr>\n<tr>\n<td rowspan=\"4\" width=\"233\">R\u00e9sistance \u00e0 la chaleur<\/td>\n<td colspan=\"4\" width=\"360\">Lavage : 90\u2103, 15 min, 200 cycles<\/td>\n<\/tr>\n<tr>\n<td colspan=\"4\" width=\"360\">Pr\u00e9-s\u00e9chage : 180\u2103, 30 min<\/td>\n<\/tr>\n<tr>\n<td colspan=\"4\" width=\"360\">Repassage : 180\u2103, 10 sec, 200 cycles<\/td>\n<\/tr>\n<tr>\n<td colspan=\"4\" width=\"360\">St\u00e9rilisation : 135\u2103, 20 min<\/td>\n<\/tr>\n<tr>\n<td width=\"233\">Classification IP<\/td>\n<td colspan=\"4\" width=\"360\">IP68<\/td>\n<\/tr>\n<tr>\n<td width=\"233\">Garantie<\/td>\n<td colspan=\"4\" width=\"360\">2 ans ou 200 lavages<\/td>\n<\/tr>\n<\/tbody>\n<\/table>\n<\/div>\n<\/div>\n<div>\n<div>\n<h2>Avantages des \u00e9tiquettes de blanchisserie RFID UHF<\/h2>\n<p>Investir dans\u00a0<strong>\u00c9tiquettes de blanchisserie RFID UHF<\/strong>\u00a0est une d\u00e9cision intelligente pour toute blanchisserie cherchant \u00e0 am\u00e9liorer sa productivit\u00e9 et sa pr\u00e9cision. Voici quelques avantages convaincants :<\/p>\n<ul>\n<li><strong>Suivi am\u00e9lior\u00e9<\/strong>:Gr\u00e2ce \u00e0 la technologie RFID, vous pouvez suivre chaque pi\u00e8ce de linge tout au long de son parcours, du lavage \u00e0 la livraison. Cela garantit qu&#039;aucun article ne se perd au cours du processus.<\/li>\n<li><strong>Durabilit\u00e9<\/strong>:Nos \u00e9tiquettes sont con\u00e7ues pour r\u00e9sister \u00e0 des temp\u00e9ratures \u00e9lev\u00e9es, \u00e0 de multiples lavages et m\u00eame aux rigueurs des blanchisseries industrielles, ce qui les rend id\u00e9ales pour une utilisation \u00e0 long terme.<\/li>\n<li><strong>Rentable<\/strong>:En r\u00e9duisant les pertes et en am\u00e9liorant la gestion des stocks, les \u00e9tiquettes de blanchisserie RFID permettent en fin de compte de r\u00e9aliser d\u2019importantes \u00e9conomies de co\u00fbts.<\/li>\n<\/ul>\n<h2>Principales caract\u00e9ristiques des \u00e9tiquettes de blanchisserie RFID UHF<\/h2>\n<h3>1.\u00a0<strong>Conception lavable pour une long\u00e9vit\u00e9 accrue<\/strong><\/h3>\n<p>Notre\u00a0<strong>\u00c9tiquettes RFID pour linge en tissu<\/strong>\u00a0sont con\u00e7ues pour r\u00e9sister \u00e0 plus de 200 cycles de lavage, garantissant fiabilit\u00e9 et durabilit\u00e9. Ces \u00e9tiquettes sont sp\u00e9cialement con\u00e7ues pour supporter des conditions de lavage extr\u00eames sans d\u00e9gradation des performances. Elles peuvent m\u00eame r\u00e9sister \u00e0 des temp\u00e9ratures \u00e9lev\u00e9es sans perdre leurs capacit\u00e9s de suivi, ce qui les rend parfaites pour tout environnement de blanchisserie commerciale.<\/p>\n<h3>2.\u00a0<strong>Polyvalence dans les applications<\/strong><\/h3>\n<p>Ces\u00a0<strong>\u00e9tiquettes RFID textiles<\/strong>\u00a0sont polyvalents et peuvent \u00eatre utilis\u00e9s pour diverses applications, du suivi des v\u00eatements dans les h\u00f4tels \u00e0 la gestion du linge dans les \u00e9tablissements de sant\u00e9. Leur conception robuste leur permet de g\u00e9rer divers environnements de blanchisserie tout en garantissant des performances constantes.<\/p>\n<h3>3.\u00a0<strong>Facilit\u00e9 d&#039;int\u00e9gration<\/strong><\/h3>\n<p>Int\u00e9gration\u00a0<strong>\u00c9tiquettes de blanchisserie RFID UHF<\/strong>\u00a0L&#039;int\u00e9gration dans vos syst\u00e8mes de suivi existants est simple. Les \u00e9tiquettes peuvent fonctionner de mani\u00e8re transparente avec les lecteurs RFID, offrant une visibilit\u00e9 en temps r\u00e9el sur votre inventaire de linge. Cela signifie des processus rationalis\u00e9s, une pr\u00e9cision am\u00e9lior\u00e9e et une meilleure gestion des actifs, id\u00e9ale pour g\u00e9rer de grands volumes d&#039;articles textiles.<\/p>\n<h3>4.\u00a0<strong>R\u00e9sistant \u00e0 l&#039;eau et \u00e0 la temp\u00e9rature<\/strong><\/h3>\n<p>Con\u00e7ues pour r\u00e9sister aux rigueurs des op\u00e9rations de blanchisserie industrielle, ces \u00e9tiquettes sont \u00e0 la fois imperm\u00e9ables et r\u00e9sistantes aux temp\u00e9ratures \u00e9lev\u00e9es. Cette durabilit\u00e9 garantit leur long\u00e9vit\u00e9, leur permettant de conserver leur fonctionnalit\u00e9 tout au long des nombreux cycles de lavage et de s\u00e9chage agressifs courants dans les blanchisseries commerciales.<\/p>\n<h3>5.\u00a0<strong>Gestion pr\u00e9cise des stocks<\/strong><\/h3>\n<p>Avec\u00a0<strong>Suivi du linge par RFID<\/strong>, la gestion de votre inventaire devient un jeu d&#039;enfant. Chaque \u00e9tiquette contient un identifiant unique qui permet un suivi automatis\u00e9 de chaque pi\u00e8ce de linge, \u00e9liminant ainsi le processus manuel d&#039;enregistrement\/de sortie. Cette fonctionnalit\u00e9 am\u00e9liore l&#039;efficacit\u00e9, vous permettant de toujours savoir o\u00f9 se trouvent vos actifs.<\/p>\n<h3>6.\u00a0<strong>Impact environnemental<\/strong><\/h3>\n<p>Promouvant une approche durable, notre\u00a0<strong>\u00e9tiquettes RFID lavables<\/strong>\u00a0sont con\u00e7ues dans un souci de respect de l&#039;environnement. Elles sont r\u00e9utilisables et fabriqu\u00e9es \u00e0 partir de mat\u00e9riaux qui r\u00e9duisent les d\u00e9chets par rapport aux \u00e9tiquettes \u00e0 usage unique. Cet aspect de durabilit\u00e9 est crucial car les organisations accordent de plus en plus d&#039;importance \u00e0 la responsabilit\u00e9 environnementale.<\/p>\n<\/div>\n<div><\/div>\n<div>\n<h2>Instructions d&#039;utilisation<\/h2>\n<ol>\n<li><strong>Pr\u00e9paration<\/strong>:Avant d&#039;appliquer les \u00e9tiquettes sur vos textiles, assurez-vous que la surface est propre et s\u00e8che.<\/li>\n<li><strong>Application<\/strong>:Les \u00e9tiquettes peuvent \u00eatre cousues sur le v\u00eatement ou coll\u00e9es sur du lin selon vos besoins.<\/li>\n<li><strong>Initialisation<\/strong>:Programmez chaque \u00e9tiquette \u00e0 l\u2019aide d\u2019un lecteur RFID pour attribuer un identifiant unique \u00e0 chaque pi\u00e8ce de linge.<\/li>\n<li><strong>Suivi<\/strong>:Utilisez un lecteur RFID pour surveiller et suivre les articles de lessive tout au long des cycles de lavage et de livraison de mani\u00e8re transparente.<\/li>\n<\/ol>\n<\/div>\n<div><\/div>\n<div class=\"auto-hide-last-sibling-br paragraph_1252f paragraph-element\"><strong>\u00c9tiquettes RFID textiles pour le linge<\/strong> servir d&#039;outil utile pour les \u00e9tablissements ayant besoin d&#039;un approvisionnement continu en linge propre, en uniformes de travail, en tenues m\u00e9dicales ou en produits de nettoyage, permettant aux syst\u00e8mes automatis\u00e9s de g\u00e9rer de grandes quantit\u00e9s d&#039;articles individuels de mani\u00e8re rapide et pr\u00e9cise.<\/div>\n<p>&nbsp;<\/p>\n<\/div>\n<div>\n<div class=\"auto-hide-last-sibling-br paragraph_1252f paragraph-element\"><strong>Etiquettes textiles RFID<\/strong> Fonctionne \u00e0 l&#039;aide d&#039;un processus sp\u00e9cialis\u00e9. Chaque \u00e9tiquette est \u00e9quip\u00e9e d&#039;une puce RFID qui contient des informations importantes sur le produit, telles que ses sp\u00e9cificit\u00e9s de fabrication, son identifiant unique, sa source, sa composition mat\u00e9rielle, etc.<\/div>\n<div class=\"auto-hide-last-sibling-br paragraph_1252f paragraph-element\">Le m\u00e9canisme d&#039;extraction de ces informations int\u00e9gr\u00e9es int\u00e8gre un outil appel\u00e9 \u00e9metteur RFID ou plus commun\u00e9ment lecteur. Cet appareil transmet des ondes radiofr\u00e9quences qui \u00e9tablissent une connexion avec la puce RFID qui se trouve \u00e0 l&#039;int\u00e9rieur de l&#039;\u00e9tiquette. Cette interaction permet au lecteur d&#039;acc\u00e9der aux donn\u00e9es s\u00e9curis\u00e9es sur la puce.<\/div>\n<\/div>\n<div><\/div>\n<div><\/div>\n<div>\n<div class=\"auto-hide-last-sibling-br paragraph_1252f paragraph-element\"><span style=\"font-family: inherit; font-size: 24px; font-weight: bold;\">Installation<\/span><\/div>\n<\/div>\n<p><strong>Marquage des points<\/strong>: A coudre dans l&#039;ourlet d&#039;un textile. Cousez l&#039;\u00e9tiquette de linge loin des lignes de pliage.<br \/>\n<strong>Thermoscellage<\/strong>: A thermosceller directement sur le textile \u00e0 +200\u00b0C (392\u00b0F), pendant 12~14s.<br \/>\n<strong>Dans une pochette<\/strong>: A coudre comme une \u00e9tiquette d&#039;entretien standard. Cousez l&#039;\u00e9tiquette de linge loin des lignes de pliage.<\/p>\n<div class=\"auto-hide-last-sibling-br paragraph_1252f paragraph-element\">\n<div class=\"auto-hide-last-sibling-br paragraph_1252f paragraph-element\"><\/div>\n<p style=\"font-weight: 400;\"><span style=\"font-style: inherit; font-weight: inherit;\" data-spm-anchor-id=\"a2700.details.0.i52.7e74253fSAfL7T\">Comment <\/span><b><strong style=\"font-style: inherit;\">FORT<\/strong><\/b><span style=\"font-style: inherit; font-weight: inherit;\"> ils sont ?<\/span><\/p>\n<p><b><strong>\u2460<\/strong><\/b>.Les puces RFID sont-elles endommag\u00e9es sous des temp\u00e9ratures \u00e9lev\u00e9es\u00a0?<span style=\"font-style: inherit; font-weight: inherit;\"> \u2013<\/span><b><strong>\u2714 Nos \u00e9tiquettes textiles RFID pour linge sont con\u00e7ues pour \u00eatre utilis\u00e9es \u00e0 200 \u00b0C<\/strong><\/b><span style=\"font-style: inherit; font-weight: inherit;\">.<\/span><\/p>\n<p style=\"font-weight: 400;\"><b><strong>\u2461<\/strong><\/b>Combien de fois pouvons-nous laver les \u00e9tiquettes attach\u00e9es aux produits textiles des uniformes\u00a0? <b><strong>\u2013 \u2714Notre \u00e9tiquette textile RFID peut \u00eatre lav\u00e9e plus de 200 fois, garantie 2 ans apr\u00e8s l&#039;exp\u00e9dition.<\/strong><\/b><\/p>\n<p style=\"font-weight: 400;\"><b><strong>\u2462<\/strong><\/b>Allons-nous d\u00e9penser des uniformes prestigieux en produits textiles, continuer \u00e0 travailler en cas d&#039;\u00e9crasement des copeaux ? <b><strong>\u2013 \u2714Nous avons con\u00e7u notre \u00e9tiquette \u00e0 linge textile pour r\u00e9sister \u00e0 60 bars de pression lors du processus de pressage de vos produits textiles.<\/strong><\/b><\/p>\n<p style=\"font-weight: 400;\"><b><strong>\u2463<\/strong><\/b>O\u00f9 placez-vous les \u00e9tiquettes RFID pour le linge textile sur les textiles des uniformes\u00a0? <b><strong>\u2013 \u2714Des \u00e9tiquettes RFID textiles pour le linge sont install\u00e9es selon la disponibilit\u00e9 des uniformes.<\/strong><\/b><\/p>\n<h2>Questions fr\u00e9quemment pos\u00e9es (FAQ)<\/h2>\n<h3>1.\u00a0<strong>Les \u00e9tiquettes de linge RFID sont-elles vraiment lavables ?<\/strong><\/h3>\n<p>Oui, nos \u00e9tiquettes de linge RFID sont con\u00e7ues pour r\u00e9sister \u00e0 plus de 200 cycles de lavage tout en conservant leurs performances.<\/p>\n<h3>2.\u00a0<strong>Ces \u00e9tiquettes peuvent-elles \u00eatre utilis\u00e9es dans des environnements \u00e0 haute temp\u00e9rature\u00a0?<\/strong><\/h3>\n<p>Absolument ! Nos \u00e9tiquettes sont r\u00e9sistantes \u00e0 la chaleur et peuvent supporter des temp\u00e9ratures allant jusqu&#039;\u00e0 85\u00b0C sans perdre leur fonctionnalit\u00e9.<\/p>\n<h3>3.\u00a0<strong>Est-il facile d\u2019int\u00e9grer ces balises dans les syst\u00e8mes existants ?<\/strong><\/h3>\n<p>L&#039;int\u00e9gration est simple car ces \u00e9tiquettes sont compatibles avec la plupart des lecteurs RFID disponibles sur le march\u00e9, garantissant une mise en \u0153uvre transparente.<\/p>\n<h3>4.\u00a0<strong>Quels mat\u00e9riaux sont utilis\u00e9s dans ces \u00e9tiquettes ?<\/strong><\/h3>\n<p>Les \u00e9tiquettes sont fabriqu\u00e9es \u00e0 partir d&#039;un tissu textile durable, offrant \u00e0 la fois r\u00e9sistance et flexibilit\u00e9.<\/p>\n<h2>Conclusion<\/h2>\n<p>Investir dans\u00a0<strong>\u00c9tiquettes de blanchisserie RFID UHF<\/strong>\u00a0Il ne s&#039;agit pas seulement d&#039;am\u00e9liorer l&#039;efficacit\u00e9 op\u00e9rationnelle ; il s&#039;agit de p\u00e9renniser vos processus de blanchisserie face aux d\u00e9fis du suivi, de la gestion des stocks et de la durabilit\u00e9. Avec des conceptions innovantes qui r\u00e9sistent au lavage industriel et une facilit\u00e9 d&#039;utilisation qui ne peut tout simplement pas \u00eatre \u00e9gal\u00e9e, ces \u00e9tiquettes sont essentielles pour toute organisation impliqu\u00e9e dans les services de blanchisserie. Si vous \u00eates pr\u00eat \u00e0 r\u00e9volutionner vos syst\u00e8mes de gestion des textiles,\u00a0<strong>Achetez des \u00e9tiquettes de blanchisserie RFID d\u00e8s aujourd&#039;hui et remplissez notre formulaire de demande pour plus d&#039;informations sur les prix et les \u00e9chantillons !<\/strong><\/p>\n<\/div>","protected":false},"excerpt":{"rendered":"<p>Suivez sans effort les articles de linge gr\u00e2ce aux \u00e9tiquettes RFID textiles durables ! Lavables et con\u00e7ues pour une utilisation industrielle, optimisez d\u00e8s aujourd&#039;hui la gestion de votre linge !<\/p>","protected":false},"featured_media":144,"template":"","meta":{"_kad_post_transparent":"default","_kad_post_title":"","_kad_post_layout":"default","_kad_post_sidebar_id":"","_kad_post_content_style":"default","_kad_post_vertical_padding":"default","_kad_post_feature":"","_kad_post_feature_position":"","_kad_post_header":false,"_kad_post_footer":false,"_kad_post_classname":""},"product_brand":[],"product_cat":[19],"product_tag":[67,31,312,65],"class_list":{"0":"post-143","1":"product","2":"type-product","3":"status-publish","4":"has-post-thumbnail","6":"product_cat-textile-rfid-laundry-tag","7":"product_tag-heating-seal-uhf-rfid-laundry-tags","8":"product_tag-rfid-tag-for-linen-laundry","9":"product_tag-rfid-tags","10":"product_tag-textile-rfid-laundry-tags","12":"first","13":"instock","14":"shipping-taxable","15":"product-type-simple","16":"entry","17":"content-bg","18":"loop-entry"},"_links":{"self":[{"href":"https:\/\/rfid-laundry-tag.com\/fr\/wp-json\/wp\/v2\/product\/143","targetHints":{"allow":["GET"]}}],"collection":[{"href":"https:\/\/rfid-laundry-tag.com\/fr\/wp-json\/wp\/v2\/product"}],"about":[{"href":"https:\/\/rfid-laundry-tag.com\/fr\/wp-json\/wp\/v2\/types\/product"}],"version-history":[{"count":3,"href":"https:\/\/rfid-laundry-tag.com\/fr\/wp-json\/wp\/v2\/product\/143\/revisions"}],"predecessor-version":[{"id":2682,"href":"https:\/\/rfid-laundry-tag.com\/fr\/wp-json\/wp\/v2\/product\/143\/revisions\/2682"}],"wp:featuredmedia":[{"embeddable":true,"href":"https:\/\/rfid-laundry-tag.com\/fr\/wp-json\/wp\/v2\/media\/144"}],"wp:attachment":[{"href":"https:\/\/rfid-laundry-tag.com\/fr\/wp-json\/wp\/v2\/media?parent=143"}],"wp:term":[{"taxonomy":"product_brand","embeddable":true,"href":"https:\/\/rfid-laundry-tag.com\/fr\/wp-json\/wp\/v2\/product_brand?post=143"},{"taxonomy":"product_cat","embeddable":true,"href":"https:\/\/rfid-laundry-tag.com\/fr\/wp-json\/wp\/v2\/product_cat?post=143"},{"taxonomy":"product_tag","embeddable":true,"href":"https:\/\/rfid-laundry-tag.com\/fr\/wp-json\/wp\/v2\/product_tag?post=143"}],"curies":[{"name":"wp","href":"https:\/\/api.w.org\/{rel}","templated":true}]}}