{"id":136,"date":"2024-06-14T07:33:05","date_gmt":"2024-06-14T07:33:05","guid":{"rendered":"https:\/\/rfid-laundry-tag.com\/?post_type=product&#038;p=136"},"modified":"2024-09-08T04:31:40","modified_gmt":"2024-09-08T04:31:40","slug":"heating-seal-uhf-rfid-laundry-tags","status":"publish","type":"product","link":"https:\/\/rfid-laundry-tag.com\/fr\/heating-seal-uhf-rfid-laundry-tags\/","title":{"rendered":"\u00c9tiquettes de blanchisserie RFID UHF thermoscell\u00e9es"},"content":{"rendered":"<div>\n<div class=\"auto-hide-last-sibling-br paragraph_1252f paragraph-element\">\n<h1>\u00c9tiquettes de blanchisserie RFID UHF thermoscell\u00e9es<\/h1>\n<table width=\"593\">\n<tbody>\n<tr>\n<td width=\"233\">Protocole RF Air<\/td>\n<td colspan=\"4\" width=\"360\">EPC Classe 1 Gen2 mondiale ISO18000-6C<\/td>\n<\/tr>\n<tr>\n<td width=\"233\">Fr\u00e9quence de fonctionnement<\/td>\n<td colspan=\"4\" width=\"360\">UHF 866-868 MHz (ETSI) \/UHF 902-928 MHz (FCC)<\/td>\n<\/tr>\n<tr>\n<td width=\"233\">Compatibilit\u00e9 environnementale<\/td>\n<td colspan=\"4\" width=\"360\">Optimis\u00e9 dans l&#039;air<\/td>\n<\/tr>\n<tr>\n<td width=\"233\">Dur\u00e9e de conservation des donn\u00e9es<\/td>\n<td colspan=\"4\" width=\"360\">50 ans<\/td>\n<\/tr>\n<tr>\n<td width=\"233\">Plage de lecture<\/td>\n<td colspan=\"4\" width=\"360\">Jusqu&#039;\u00e0 5,5 m (hors m\u00e9tal)<\/td>\n<\/tr>\n<tr>\n<td width=\"233\">Polarisation<\/td>\n<td colspan=\"4\" width=\"360\">Lin\u00e9aire<\/td>\n<\/tr>\n<tr>\n<td width=\"233\">Type de CI<\/td>\n<td colspan=\"4\" width=\"360\">NXP U-CODE 8, U-CODE 9, etc.<\/td>\n<\/tr>\n<tr>\n<td width=\"233\">Configuration de la m\u00e9moire<\/td>\n<td colspan=\"4\" width=\"360\">EPC 128 bits TID 96 bits Utilisateur 32 bits<\/td>\n<\/tr>\n<tr>\n<td colspan=\"5\" width=\"593\">Sp\u00e9cifications m\u00e9caniques<\/td>\n<\/tr>\n<tr>\n<td width=\"233\">Mat\u00e9riaux de surface<\/td>\n<td colspan=\"4\" width=\"360\">Textile<\/td>\n<\/tr>\n<tr>\n<td width=\"233\">Dimensions (mm)<\/td>\n<td colspan=\"4\" width=\"360\">15*70*1,5 mm<\/td>\n<\/tr>\n<tr>\n<td width=\"233\">Poids (g)<\/td>\n<td colspan=\"4\" width=\"360\">0,7 g<\/td>\n<\/tr>\n<tr>\n<td rowspan=\"2\" width=\"233\">Pi\u00e8ce jointe<\/td>\n<td colspan=\"4\" width=\"360\">Coudre l&#039;ourlet ou l&#039;\u00e9tiquette tiss\u00e9e<\/td>\n<\/tr>\n<tr>\n<td colspan=\"4\" width=\"360\">Thermoscellage \u00e0 215\u2103@15 sec &amp; 4 bars<\/td>\n<\/tr>\n<tr>\n<td width=\"233\">Couleur<\/td>\n<td colspan=\"4\" width=\"360\">Blanc<\/td>\n<\/tr>\n<tr>\n<td colspan=\"5\" width=\"593\">Sp\u00e9cifications environnementales<\/td>\n<\/tr>\n<tr>\n<td width=\"233\">Temp\u00e9rature de fonctionnement<\/td>\n<td colspan=\"4\" width=\"360\">-30\u00b0C \u00e0 +85\u00b0C<\/td>\n<\/tr>\n<tr>\n<td width=\"233\">Temp\u00e9rature ambiante<\/td>\n<td colspan=\"4\" width=\"360\">-30\u00b0C \u00e0 +100\u00b0C<\/td>\n<\/tr>\n<tr>\n<td width=\"233\">R\u00e9sistance m\u00e9canique<\/td>\n<td colspan=\"4\" width=\"360\">60 barres<\/td>\n<\/tr>\n<tr>\n<td width=\"233\">R\u00e9sistance chimique<\/td>\n<td colspan=\"4\" width=\"360\">Produits chimiques courants dans les processus de lavage<\/td>\n<\/tr>\n<tr>\n<td rowspan=\"4\" width=\"233\">R\u00e9sistance \u00e0 la chaleur<\/td>\n<td colspan=\"4\" width=\"360\">Lavage : 90\u2103, 15 min, 200 cycles<\/td>\n<\/tr>\n<tr>\n<td colspan=\"4\" width=\"360\">Pr\u00e9-s\u00e9chage : 180\u2103, 30 min<\/td>\n<\/tr>\n<tr>\n<td colspan=\"4\" width=\"360\">Repassage : 180\u2103, 10 sec, 200 cycles<\/td>\n<\/tr>\n<tr>\n<td colspan=\"4\" width=\"360\">St\u00e9rilisation : 135\u2103, 20 min<\/td>\n<\/tr>\n<tr>\n<td width=\"233\">Classification IP<\/td>\n<td colspan=\"4\" width=\"360\">IP68<\/td>\n<\/tr>\n<tr>\n<td width=\"233\">Garantie<\/td>\n<td colspan=\"4\" width=\"360\">2 ans ou 200 lavages<\/td>\n<\/tr>\n<\/tbody>\n<\/table>\n<\/div>\n<\/div>\n<div><\/div>\n<div>\n<div class=\"auto-hide-last-sibling-br paragraph_1252f paragraph-element\">Les \u00e9tiquettes de blanchisserie RFID constituent un outil utile pour les \u00e9tablissements ayant besoin d&#039;un approvisionnement continu en linge propre, en uniformes de travail, en tenues m\u00e9dicales ou en produits de nettoyage, permettant aux syst\u00e8mes automatis\u00e9s de g\u00e9rer de grandes quantit\u00e9s d&#039;articles individuels de mani\u00e8re rapide et pr\u00e9cise.<\/div>\n<p>&nbsp;<\/p>\n<div class=\"auto-hide-last-sibling-br paragraph_1252f paragraph-element\">Largement adopt\u00e9es par les fournisseurs d&#039;uniformes, les \u00e9tablissements d&#039;accueil, les services de nettoyage commerciaux et les \u00e9tablissements de sant\u00e9, ces \u00e9tiquettes de blanchisserie UHF RFID en tissu simplifient la proc\u00e9dure de suivi de divers actifs comme les v\u00eatements, le linge ou les chiffons. Cela contribue \u00e0 la pratique d&#039;une supervision efficace des stocks et d&#039;une gestion pr\u00e9cise des comptes, am\u00e9liorant ainsi l&#039;efficacit\u00e9 op\u00e9rationnelle globale. En fournissant des donn\u00e9es sans erreur et en automatisant le processus de suivi, ce syst\u00e8me contr\u00f4le le mauvais placement et le vol des articles, r\u00e9duisant ainsi les pertes. La nature durable de ces \u00e9tiquettes garantit qu&#039;elles r\u00e9sistent aux processus de lavage industriels. C&#039;est une solution optimale pour g\u00e9rer les stocks de mani\u00e8re syst\u00e9matique et organis\u00e9e.<\/div>\n<\/div>\n<div><\/div>\n<div><\/div>\n<div><\/div>\n<div>\n<div class=\"auto-hide-last-sibling-br paragraph_1252f paragraph-element\"><span style=\"font-family: inherit; font-size: 24px; font-weight: bold;\">Installation<\/span><\/div>\n<\/div>\n<p><strong>Marquage des points<\/strong>: A coudre dans l&#039;ourlet d&#039;un textile. Cousez l&#039;\u00e9tiquette de linge loin des lignes de pliage.<br \/>\n<strong>Thermoscellage<\/strong>: A thermosceller directement sur le textile \u00e0 +200\u00b0C (392\u00b0F), pendant 12~14s.<br \/>\n<strong>Dans une pochette<\/strong>: A coudre comme une \u00e9tiquette d&#039;entretien standard. Cousez l&#039;\u00e9tiquette de linge loin des lignes de pliage.<\/p>\n<p>&nbsp;<\/p>\n<div class=\"auto-hide-last-sibling-br paragraph_1252f paragraph-element\">\n<div class=\"auto-hide-last-sibling-br paragraph_1252f paragraph-element\">Les \u00e9tiquettes de blanchisserie RFID UHF adh\u00e9sives chauffantes pour le linge sont indispensables dans une myriade d&#039;industries, favorisant de mani\u00e8re cruciale un suivi efficace des actifs, une gestion des stocks et am\u00e9liorant l&#039;efficacit\u00e9 op\u00e9rationnelle globale. Voici un aper\u00e7u de leur application dans divers secteurs :<\/div>\n<div class=\"auto-hide-last-sibling-br paragraph_1252f paragraph-element\"><\/div>\n<p style=\"font-weight: 400;\"><span style=\"font-style: inherit; font-weight: inherit;\" data-spm-anchor-id=\"a2700.details.0.i52.7e74253fSAfL7T\">Comment <\/span><b><strong style=\"font-style: inherit;\">FORT<\/strong><\/b><span style=\"font-style: inherit; font-weight: inherit;\"> ils sont ?<\/span><\/p>\n<p><b><strong>\u2460<\/strong><\/b>.Les puces RFID sont-elles endommag\u00e9es sous des temp\u00e9ratures \u00e9lev\u00e9es\u00a0?<span style=\"font-style: inherit; font-weight: inherit;\"> \u2013<\/span><b><strong>\u2714 Nos \u00e9tiquettes textiles RFID pour linge sont con\u00e7ues pour \u00eatre utilis\u00e9es \u00e0 200 \u00b0C<\/strong><\/b><span style=\"font-style: inherit; font-weight: inherit;\">.<\/span><\/p>\n<p style=\"font-weight: 400;\"><b><strong>\u2461<\/strong><\/b>Combien de fois pouvons-nous laver les \u00e9tiquettes attach\u00e9es aux produits textiles des uniformes\u00a0? <b><strong>\u2013 \u2714Notre \u00e9tiquette textile RFID peut \u00eatre lav\u00e9e plus de 200 fois, garantie 2 ans apr\u00e8s l&#039;exp\u00e9dition.<\/strong><\/b><\/p>\n<p style=\"font-weight: 400;\"><b><strong>\u2462<\/strong><\/b>Allons-nous d\u00e9penser des uniformes prestigieux en produits textiles, continuer \u00e0 travailler en cas d&#039;\u00e9crasement des copeaux ? <b><strong>\u2013 \u2714Nous avons con\u00e7u notre \u00e9tiquette \u00e0 linge textile pour r\u00e9sister \u00e0 60 bars de pression lors du processus de pressage de vos produits textiles.<\/strong><\/b><\/p>\n<p style=\"font-weight: 400;\"><b><strong>\u2463<\/strong><\/b>O\u00f9 placez-vous les \u00e9tiquettes RFID pour le linge textile sur les textiles des uniformes\u00a0? <b><strong>\u2013 \u2714Des \u00e9tiquettes RFID textiles pour le linge sont install\u00e9es selon la disponibilit\u00e9 des uniformes.<\/strong><\/b><\/p>\n<\/div>","protected":false},"excerpt":{"rendered":"<p>Les \u00e9tiquettes de blanchisserie RFID UHF \u00e0 scellage par chauffage sont con\u00e7ues pour les applications textiles commerciales et industrielles. Cette \u00e9tiquette est extr\u00eamement flexible, elle peut \u00eatre lue sur une plage \u00e9tendue et fournit toujours les donn\u00e9es les plus pr\u00e9cises. Les clients peuvent l&#039;utiliser pour suivre une grande quantit\u00e9 d&#039;actifs textiles tout en r\u00e9duisant leurs co\u00fbts, am\u00e9liorant ainsi l&#039;efficacit\u00e9 de la gestion.<\/p>","protected":false},"featured_media":137,"template":"","meta":{"_kad_post_transparent":"default","_kad_post_title":"","_kad_post_layout":"default","_kad_post_sidebar_id":"","_kad_post_content_style":"default","_kad_post_vertical_padding":"default","_kad_post_feature":"","_kad_post_feature_position":"","_kad_post_header":false,"_kad_post_footer":false,"_kad_post_classname":""},"product_brand":[],"product_cat":[19,16],"product_tag":[67,31,65],"class_list":{"0":"post-136","1":"product","2":"type-product","3":"status-publish","4":"has-post-thumbnail","6":"product_cat-textile-rfid-laundry-tag","7":"product_cat-uhf-rfid-laundry-tags","8":"product_tag-heating-seal-uhf-rfid-laundry-tags","9":"product_tag-rfid-tag-for-linen-laundry","10":"product_tag-textile-rfid-laundry-tags","12":"first","13":"instock","14":"shipping-taxable","15":"product-type-simple","16":"entry","17":"content-bg","18":"loop-entry"},"_links":{"self":[{"href":"https:\/\/rfid-laundry-tag.com\/fr\/wp-json\/wp\/v2\/product\/136","targetHints":{"allow":["GET"]}}],"collection":[{"href":"https:\/\/rfid-laundry-tag.com\/fr\/wp-json\/wp\/v2\/product"}],"about":[{"href":"https:\/\/rfid-laundry-tag.com\/fr\/wp-json\/wp\/v2\/types\/product"}],"version-history":[{"count":1,"href":"https:\/\/rfid-laundry-tag.com\/fr\/wp-json\/wp\/v2\/product\/136\/revisions"}],"predecessor-version":[{"id":1938,"href":"https:\/\/rfid-laundry-tag.com\/fr\/wp-json\/wp\/v2\/product\/136\/revisions\/1938"}],"wp:featuredmedia":[{"embeddable":true,"href":"https:\/\/rfid-laundry-tag.com\/fr\/wp-json\/wp\/v2\/media\/137"}],"wp:attachment":[{"href":"https:\/\/rfid-laundry-tag.com\/fr\/wp-json\/wp\/v2\/media?parent=136"}],"wp:term":[{"taxonomy":"product_brand","embeddable":true,"href":"https:\/\/rfid-laundry-tag.com\/fr\/wp-json\/wp\/v2\/product_brand?post=136"},{"taxonomy":"product_cat","embeddable":true,"href":"https:\/\/rfid-laundry-tag.com\/fr\/wp-json\/wp\/v2\/product_cat?post=136"},{"taxonomy":"product_tag","embeddable":true,"href":"https:\/\/rfid-laundry-tag.com\/fr\/wp-json\/wp\/v2\/product_tag?post=136"}],"curies":[{"name":"wp","href":"https:\/\/api.w.org\/{rel}","templated":true}]}}