{"id":134,"date":"2024-06-12T06:46:42","date_gmt":"2024-06-12T06:46:42","guid":{"rendered":"https:\/\/rfid-laundry-tag.com\/?post_type=product&#038;p=134"},"modified":"2024-09-08T05:24:19","modified_gmt":"2024-09-08T05:24:19","slug":"heating-adhesive-uhf-rfid-laundry-tags-for-uniform","status":"publish","type":"product","link":"https:\/\/rfid-laundry-tag.com\/fr\/heating-adhesive-uhf-rfid-laundry-tags-for-uniform\/","title":{"rendered":"\u00c9tiquettes de blanchisserie UHF RFID adh\u00e9sives chauffantes pour uniforme"},"content":{"rendered":"<div>\n<div class=\"auto-hide-last-sibling-br paragraph_1252f paragraph-element\">\n<table width=\"637\">\n<tbody>\n<tr>\n<td width=\"328\">Nom de l&#039;article:<\/td>\n<td width=\"309\">\u00c9tiquettes de blanchisserie UHF RFID adh\u00e9sives chauffantes pour uniforme<\/td>\n<\/tr>\n<tr>\n<td width=\"328\">Norme RFID\u00a0:<\/td>\n<td width=\"309\">ISO\/IEC 18000-6 TypeC (EPC Gen2)<\/td>\n<\/tr>\n<tr>\n<td width=\"328\">Taille poids:<\/td>\n<td width=\"309\">70 \u00d7 15 mm, 0,6 g<\/td>\n<\/tr>\n<tr>\n<td width=\"328\">Type de puce\u00a0:<\/td>\n<td width=\"309\">Impinj Monza 4QT,NXP U CODE 9,U code 8 etc.<\/td>\n<\/tr>\n<tr>\n<td width=\"328\">M\u00e9moire CPE\u00a0:<\/td>\n<td width=\"309\">128 bits<\/td>\n<\/tr>\n<tr>\n<td width=\"328\">M\u00e9moire utilisateur\u00a0:<\/td>\n<td width=\"309\">512 bits<\/td>\n<\/tr>\n<tr>\n<td width=\"328\">Plage de lecture (2 W ERP FCC)\u00a0:<\/td>\n<td width=\"309\">8m<\/td>\n<\/tr>\n<tr>\n<td width=\"328\">Plage de lecture (ERP ETSI 2 W)\u00a0:<\/td>\n<td width=\"309\">8m<\/td>\n<\/tr>\n<tr>\n<td width=\"328\">Marquage\u00a0:<\/td>\n<td width=\"309\">Couture, adh\u00e9sif de marquage \u00e0 chaud<\/td>\n<\/tr>\n<tr>\n<td width=\"328\">Dur\u00e9e de vie estim\u00e9e\u00a0:<\/td>\n<td width=\"309\">200 cycles de lavage ou 3 ans, selon la premi\u00e8re \u00e9ventualit\u00e9<\/td>\n<\/tr>\n<tr>\n<td width=\"328\">M\u00e9thode de lavage\u00a0:<\/td>\n<td width=\"309\">Blanchisserie, Nettoyage \u00e0 sec<\/td>\n<\/tr>\n<tr>\n<td width=\"328\">Pression d&#039;extraction d&#039;eau\u00a0:<\/td>\n<td width=\"309\">60 barres<\/td>\n<\/tr>\n<tr>\n<td width=\"328\">R\u00e9sistance \u00e0 l&#039;eau:<\/td>\n<td width=\"309\">R\u00e9sistant \u00e0 l&#039;eau<\/td>\n<\/tr>\n<tr>\n<td width=\"328\">R\u00e9sistance chimique:<\/td>\n<td width=\"309\">D\u00e9tergent, adoucissant, agent de blanchiment (oxyg\u00e8ne\/chlore), alcalin<\/td>\n<\/tr>\n<tr>\n<td width=\"328\">Pr\u00e9-s\u00e9chage au Tumbler :<\/td>\n<td width=\"309\">125 \u00baC pendant 15-20 minutes<\/td>\n<\/tr>\n<tr>\n<td width=\"328\">Temp\u00e9rature de st\u00e9rilisation\u00a0:<\/td>\n<td width=\"309\">135\u00b0C pendant 15-20 minutes<\/td>\n<\/tr>\n<tr>\n<td width=\"328\">Temp\u00e9rature de lavage\u00a0:<\/td>\n<td width=\"309\">90\u00b0C, jusqu&#039;\u00e0 15min.<\/td>\n<\/tr>\n<tr>\n<td width=\"328\">Humidit\u00e9\/temp\u00e9rature de fonctionnement\u00a0:<\/td>\n<td width=\"309\">-20 \u00e0 110\u00b0C, 8 \u00e0 95%RH<\/td>\n<\/tr>\n<tr>\n<td width=\"328\">Humidit\u00e9\/temp\u00e9rature-stockage\u00a0:<\/td>\n<td width=\"309\">-40 \u00e0 110\u00b0C, 8 \u00e0 95%RH<\/td>\n<\/tr>\n<\/tbody>\n<\/table>\n<\/div>\n<div class=\"auto-hide-last-sibling-br paragraph_1252f paragraph-element\"><\/div>\n<\/div>\n<div><\/div>\n<div class=\"auto-hide-last-sibling-br paragraph_1252f paragraph-element\">\n<div data-spm-anchor-id=\"a2700.details.0.i57.23b419c7xXORP0\"><span data-spm-anchor-id=\"a2700.details.0.i75.23b419c7xXORP0\"><b>Fonctionnalit\u00e9:<\/b><br \/>\n1) Technologie UHF pour lire des centaines de tags simultan\u00e9ment.<br \/>\n2) Distance de lecture sup\u00e9rieure \u00e0 8 pieds.<br \/>\n3) Nouvelle conception m\u00e9canique pour des performances am\u00e9lior\u00e9es pour le linge plat.<br \/>\n4) Convient aux extracteurs haute pression jusqu&#039;\u00e0 60 bars.<br \/>\n5) Convient pour la st\u00e9rilisation en autoclave.<br \/>\n6) Mat\u00e9riau petit, doux et flexible, id\u00e9al pour les textiles, le linge de maison, les v\u00eatements et les accessoires.<\/span><\/div>\n<\/div>\n<div data-spm-anchor-id=\"a2700.details.0.i57.23b419c7xXORP0\"><\/div>\n<div data-spm-anchor-id=\"a2700.details.0.i57.23b419c7xXORP0\">\n<p><img fetchpriority=\"high\" decoding=\"async\" class=\"wp-image-55\" src=\"https:\/\/rfid-laundry-tag.com\/wp-content\/uploads\/2024\/06\/4-300x275.png\" alt=\"RFID Tag for linen laundry\" width=\"605\" height=\"555\" srcset=\"https:\/\/rfid-laundry-tag.com\/wp-content\/uploads\/2024\/06\/4-300x275.png 300w, https:\/\/rfid-laundry-tag.com\/wp-content\/uploads\/2024\/06\/4-600x550.png 600w, https:\/\/rfid-laundry-tag.com\/wp-content\/uploads\/2024\/06\/4-13x12.png 13w, https:\/\/rfid-laundry-tag.com\/wp-content\/uploads\/2024\/06\/4.png 750w\" sizes=\"(max-width: 605px) 100vw, 605px\" \/><\/p>\n<\/div>\n<h3 class=\"wp-block-heading\">Installation<\/h3>\n<p><strong>Marquage des points<\/strong>: A coudre dans l&#039;ourlet d&#039;un textile. Cousez l&#039;\u00e9tiquette de linge loin des lignes de pliage.<br \/>\n<strong>Thermoscellage<\/strong>: A thermosceller directement sur le textile \u00e0 +200\u00b0C (392\u00b0F), pendant 12~14s.<br \/>\n<strong>Dans une pochette<\/strong>: A coudre comme une \u00e9tiquette d&#039;entretien standard. Cousez l&#039;\u00e9tiquette de linge loin des lignes de pliage.<\/p>\n<div class=\"auto-hide-last-sibling-br paragraph_1252f paragraph-element\">\n<div class=\"auto-hide-last-sibling-br paragraph_1252f paragraph-element\">Les \u00e9tiquettes de blanchisserie RFID UHF adh\u00e9sives chauffantes pour le linge sont indispensables dans une myriade d&#039;industries, favorisant de mani\u00e8re cruciale un suivi efficace des actifs, une gestion des stocks et am\u00e9liorant l&#039;efficacit\u00e9 op\u00e9rationnelle globale. Voici un aper\u00e7u de leur application dans divers secteurs :<\/div>\n<div class=\"auto-hide-last-sibling-br paragraph_1252f paragraph-element\"><\/div>\n<p style=\"font-weight: 400;\"><span style=\"font-style: inherit; font-weight: inherit;\" data-spm-anchor-id=\"a2700.details.0.i52.7e74253fSAfL7T\">Comment <\/span><b><strong style=\"font-style: inherit;\">FORT<\/strong><\/b><span style=\"font-style: inherit; font-weight: inherit;\"> ils sont ?<\/span><\/p>\n<p><b><strong>\u2460<\/strong><\/b>.Les puces RFID sont-elles endommag\u00e9es sous des temp\u00e9ratures \u00e9lev\u00e9es\u00a0?<span style=\"font-style: inherit; font-weight: inherit;\"> \u2013<\/span><b><strong>\u2714 Nos \u00e9tiquettes textiles RFID pour linge sont con\u00e7ues pour \u00eatre utilis\u00e9es \u00e0 200 \u00b0C<\/strong><\/b><span style=\"font-style: inherit; font-weight: inherit;\">.<\/span><\/p>\n<p style=\"font-weight: 400;\"><b><strong>\u2461<\/strong><\/b>Combien de fois pouvons-nous laver les \u00e9tiquettes attach\u00e9es aux produits textiles des uniformes\u00a0? <b><strong>\u2013 \u2714Notre \u00e9tiquette textile RFID peut \u00eatre lav\u00e9e plus de 200 fois, garantie 2 ans apr\u00e8s l&#039;exp\u00e9dition.<\/strong><\/b><\/p>\n<p style=\"font-weight: 400;\"><b><strong>\u2462<\/strong><\/b>Allons-nous d\u00e9penser des uniformes prestigieux en produits textiles, continuer \u00e0 travailler en cas d&#039;\u00e9crasement des copeaux ? <b><strong>\u2013 \u2714Nous avons con\u00e7u notre \u00e9tiquette \u00e0 linge textile pour r\u00e9sister \u00e0 60 bars de pression lors du processus de pressage de vos produits textiles.<\/strong><\/b><\/p>\n<p style=\"font-weight: 400;\"><b><strong>\u2463<\/strong><\/b>O\u00f9 placez-vous les \u00e9tiquettes RFID pour le linge textile sur les textiles des uniformes\u00a0? <b><strong>\u2013 \u2714Des \u00e9tiquettes RFID textiles pour le linge sont install\u00e9es selon la disponibilit\u00e9 des uniformes.<\/strong><\/b><\/p>\n<\/div>","protected":false},"excerpt":{"rendered":"<p>Il existe une demande continue de linge de maison frais, de v\u00eatements de travail, de tenues m\u00e9dicales ou de mat\u00e9riel d&#039;entretien. Les \u00e9tiquettes de blanchisserie RFID facilitent les syst\u00e8mes automatis\u00e9s pour un suivi rapide et pr\u00e9cis de grandes quantit\u00e9s d&#039;articles uniques. Ces \u00e9tiquettes de blanchisserie RFID UHF \u00e0 base de textile permettent aux fournisseurs d&#039;uniformes, aux \u00e9tablissements h\u00f4teliers, aux services de nettoyage commerciaux et aux \u00e9tablissements de sant\u00e9 de surveiller de mani\u00e8re autonome les v\u00eatements, la literie, les tissus et d&#039;autres actifs. Cela permet une gestion pr\u00e9cise et efficace des processus d\u2019inventaire et de comptabilit\u00e9.<\/p>","protected":false},"featured_media":135,"template":"","meta":{"_kad_post_transparent":"default","_kad_post_title":"","_kad_post_layout":"default","_kad_post_sidebar_id":"","_kad_post_content_style":"default","_kad_post_vertical_padding":"default","_kad_post_feature":"","_kad_post_feature_position":"","_kad_post_header":false,"_kad_post_footer":false,"_kad_post_classname":""},"product_brand":[],"product_cat":[19,16],"product_tag":[66,31,65],"class_list":{"0":"post-134","1":"product","2":"type-product","3":"status-publish","4":"has-post-thumbnail","6":"product_cat-textile-rfid-laundry-tag","7":"product_cat-uhf-rfid-laundry-tags","8":"product_tag-heating-adhesive-uhf-rfid-laundry-tags","9":"product_tag-rfid-tag-for-linen-laundry","10":"product_tag-textile-rfid-laundry-tags","12":"first","13":"instock","14":"shipping-taxable","15":"product-type-simple","16":"entry","17":"content-bg","18":"loop-entry"},"_links":{"self":[{"href":"https:\/\/rfid-laundry-tag.com\/fr\/wp-json\/wp\/v2\/product\/134","targetHints":{"allow":["GET"]}}],"collection":[{"href":"https:\/\/rfid-laundry-tag.com\/fr\/wp-json\/wp\/v2\/product"}],"about":[{"href":"https:\/\/rfid-laundry-tag.com\/fr\/wp-json\/wp\/v2\/types\/product"}],"version-history":[{"count":1,"href":"https:\/\/rfid-laundry-tag.com\/fr\/wp-json\/wp\/v2\/product\/134\/revisions"}],"predecessor-version":[{"id":1942,"href":"https:\/\/rfid-laundry-tag.com\/fr\/wp-json\/wp\/v2\/product\/134\/revisions\/1942"}],"wp:featuredmedia":[{"embeddable":true,"href":"https:\/\/rfid-laundry-tag.com\/fr\/wp-json\/wp\/v2\/media\/135"}],"wp:attachment":[{"href":"https:\/\/rfid-laundry-tag.com\/fr\/wp-json\/wp\/v2\/media?parent=134"}],"wp:term":[{"taxonomy":"product_brand","embeddable":true,"href":"https:\/\/rfid-laundry-tag.com\/fr\/wp-json\/wp\/v2\/product_brand?post=134"},{"taxonomy":"product_cat","embeddable":true,"href":"https:\/\/rfid-laundry-tag.com\/fr\/wp-json\/wp\/v2\/product_cat?post=134"},{"taxonomy":"product_tag","embeddable":true,"href":"https:\/\/rfid-laundry-tag.com\/fr\/wp-json\/wp\/v2\/product_tag?post=134"}],"curies":[{"name":"wp","href":"https:\/\/api.w.org\/{rel}","templated":true}]}}