{"id":129,"date":"2024-06-12T06:22:28","date_gmt":"2024-06-12T06:22:28","guid":{"rendered":"https:\/\/rfid-laundry-tag.com\/?post_type=product&#038;p=129"},"modified":"2024-11-05T14:44:38","modified_gmt":"2024-11-05T14:44:38","slug":"textile-uhf-rfid-laundry-tags-for-uniform","status":"publish","type":"product","link":"https:\/\/rfid-laundry-tag.com\/fr\/textile-uhf-rfid-laundry-tags-for-uniform\/","title":{"rendered":"\u00c9tiquettes textiles UHF RFID pour uniforme"},"content":{"rendered":"<div>\n<div class=\"auto-hide-last-sibling-br paragraph_1252f paragraph-element\">\n<h2>\u00c9tiquettes textiles UHF RFID pour uniforme<\/h2>\n<table width=\"637\">\n<tbody>\n<tr>\n<td width=\"328\">Nom de l&#039;article:<\/td>\n<td width=\"309\">\u00c9tiquettes textiles UHF RFID pour uniforme<\/td>\n<\/tr>\n<tr>\n<td width=\"328\">Norme RFID\u00a0:<\/td>\n<td width=\"309\">ISO\/IEC 18000-6 TypeC (EPC Gen2)<\/td>\n<\/tr>\n<tr>\n<td width=\"328\">Taille poids:<\/td>\n<td width=\"309\">70 \u00d7 15 mm, 0,6 g<\/td>\n<\/tr>\n<tr>\n<td width=\"328\">Type de puce\u00a0:<\/td>\n<td width=\"309\">Impinj Monza 4QT,NXP U CODE 9<\/td>\n<\/tr>\n<tr>\n<td width=\"328\">M\u00e9moire CPE\u00a0:<\/td>\n<td width=\"309\">128 bits<\/td>\n<\/tr>\n<tr>\n<td width=\"328\">M\u00e9moire utilisateur\u00a0:<\/td>\n<td width=\"309\">512 bits<\/td>\n<\/tr>\n<tr>\n<td width=\"328\">Plage de lecture (2 W ERP FCC)\u00a0:<\/td>\n<td width=\"309\">8m<\/td>\n<\/tr>\n<tr>\n<td width=\"328\">Plage de lecture (ERP ETSI 2 W)\u00a0:<\/td>\n<td width=\"309\">8m<\/td>\n<\/tr>\n<tr>\n<td width=\"328\">Marquage\u00a0:<\/td>\n<td width=\"309\">Couture, adh\u00e9sif de marquage \u00e0 chaud<\/td>\n<\/tr>\n<tr>\n<td width=\"328\">Dur\u00e9e de vie estim\u00e9e\u00a0:<\/td>\n<td width=\"309\">200 cycles de lavage ou 3 ans, selon la premi\u00e8re \u00e9ventualit\u00e9<\/td>\n<\/tr>\n<tr>\n<td width=\"328\">M\u00e9thode de lavage\u00a0:<\/td>\n<td width=\"309\">Blanchisserie, Nettoyage \u00e0 sec<\/td>\n<\/tr>\n<tr>\n<td width=\"328\">Pression d&#039;extraction d&#039;eau\u00a0:<\/td>\n<td width=\"309\">60 barres<\/td>\n<\/tr>\n<tr>\n<td width=\"328\">R\u00e9sistance \u00e0 l&#039;eau:<\/td>\n<td width=\"309\">R\u00e9sistant \u00e0 l&#039;eau<\/td>\n<\/tr>\n<tr>\n<td width=\"328\">R\u00e9sistance chimique:<\/td>\n<td width=\"309\">D\u00e9tergent, adoucissant, agent de blanchiment (oxyg\u00e8ne\/chlore), alcalin<\/td>\n<\/tr>\n<tr>\n<td width=\"328\">Pr\u00e9-s\u00e9chage au Tumbler :<\/td>\n<td width=\"309\">125 \u00baC pendant 15-20 minutes<\/td>\n<\/tr>\n<tr>\n<td width=\"328\">Temp\u00e9rature de st\u00e9rilisation\u00a0:<\/td>\n<td width=\"309\">135\u00b0C pendant 15-20 minutes<\/td>\n<\/tr>\n<tr>\n<td width=\"328\">Temp\u00e9rature de lavage\u00a0:<\/td>\n<td width=\"309\">90\u00b0C, jusqu&#039;\u00e0 15min.<\/td>\n<\/tr>\n<tr>\n<td width=\"328\">Humidit\u00e9\/temp\u00e9rature de fonctionnement\u00a0:<\/td>\n<td width=\"309\">-20 \u00e0 110\u00b0C, 8 \u00e0 95%RH<\/td>\n<\/tr>\n<tr>\n<td width=\"328\">Humidit\u00e9\/temp\u00e9rature-stockage\u00a0:<\/td>\n<td width=\"309\">-40 \u00e0 110\u00b0C, 8 \u00e0 95%RH<\/td>\n<\/tr>\n<\/tbody>\n<\/table>\n<\/div>\n<div class=\"auto-hide-last-sibling-br paragraph_1252f paragraph-element\"><\/div>\n<\/div>\n<div><\/div>\n<div class=\"auto-hide-last-sibling-br paragraph_1252f paragraph-element\">\n<div data-spm-anchor-id=\"a2700.details.0.i57.23b419c7xXORP0\"><span data-spm-anchor-id=\"a2700.details.0.i75.23b419c7xXORP0\"><b>Fonctionnalit\u00e9:<\/b><br \/>\n1) Technologie UHF pour lire des centaines de tags simultan\u00e9ment.<br \/>\n2) Distance de lecture sup\u00e9rieure \u00e0 8 pieds.<br \/>\n3) Nouvelle conception m\u00e9canique pour des performances am\u00e9lior\u00e9es pour le linge plat.<br \/>\n4) Convient aux extracteurs haute pression jusqu&#039;\u00e0 60 bars.<br \/>\n5) Convient pour la st\u00e9rilisation en autoclave.<br \/>\n6) Mat\u00e9riau petit, doux et flexible, id\u00e9al pour les textiles, le linge de maison, les v\u00eatements et les accessoires.<\/span><\/div>\n<\/div>\n<div data-spm-anchor-id=\"a2700.details.0.i57.23b419c7xXORP0\"><\/div>\n<div data-spm-anchor-id=\"a2700.details.0.i57.23b419c7xXORP0\">\n<p><img fetchpriority=\"high\" decoding=\"async\" class=\"wp-image-55\" src=\"https:\/\/rfid-laundry-tag.com\/wp-content\/uploads\/2024\/06\/4-300x275.png\" alt=\"RFID Tag for linen laundry\" width=\"605\" height=\"555\" srcset=\"https:\/\/rfid-laundry-tag.com\/wp-content\/uploads\/2024\/06\/4-300x275.png 300w, https:\/\/rfid-laundry-tag.com\/wp-content\/uploads\/2024\/06\/4-600x550.png 600w, https:\/\/rfid-laundry-tag.com\/wp-content\/uploads\/2024\/06\/4-13x12.png 13w, https:\/\/rfid-laundry-tag.com\/wp-content\/uploads\/2024\/06\/4.png 750w\" sizes=\"(max-width: 605px) 100vw, 605px\" \/><\/p>\n<p><strong>\u00c9tiquettes RFID pour le linge<\/strong> sont con\u00e7us pour suivre les v\u00eatements tels que le linge et les uniformes dans des environnements tels que les h\u00f4pitaux et les h\u00f4tels. Ils sont g\u00e9n\u00e9ralement fabriqu\u00e9s avec un bo\u00eetier en caoutchouc souple, ce qui les rend r\u00e9sistants \u00e0 l&#039;eau, aux d\u00e9tergents et aux conditions de lavage difficiles. Ces \u00e9tiquettes sont tr\u00e8s durables, capables de r\u00e9sister \u00e0 une pression allant jusqu&#039;\u00e0 60 bars et de survivre \u00e0 plus de 50 cycles de lavage, garantissant une long\u00e9vit\u00e9 m\u00eame en cas d&#039;utilisation constante.<\/p>\n<p>La fonction premi\u00e8re de ces \u00e9tiquettes est d&#039;assurer un suivi et une gestion pr\u00e9cis des v\u00eatements, d&#039;\u00e9viter les confusions et de garantir que les articles sont correctement nettoy\u00e9s avant r\u00e9utilisation. Cela est particuli\u00e8rement important dans les secteurs o\u00f9 l&#039;hygi\u00e8ne et la salubrit\u00e9 sont essentielles, comme la sant\u00e9 et l&#039;h\u00f4tellerie.<\/p>\n<\/div>\n<h3 class=\"wp-block-heading\">Installation<\/h3>\n<p><strong>Marquage des points<\/strong>: A coudre dans l&#039;ourlet d&#039;un textile. Cousez l&#039;\u00e9tiquette de linge loin des lignes de pliage.<br \/>\n<strong>Thermoscellage<\/strong>: A thermosceller directement sur le textile \u00e0 +200\u00b0C (392\u00b0F), pendant 12~14s.<br \/>\n<strong>Dans une pochette<\/strong>: A coudre comme une \u00e9tiquette d&#039;entretien standard. Cousez l&#039;\u00e9tiquette de linge loin des lignes de pliage.<\/p>\n<div class=\"auto-hide-last-sibling-br paragraph_1252f paragraph-element\">\n<div class=\"auto-hide-last-sibling-br paragraph_1252f paragraph-element\">Les \u00e9tiquettes RFID pour le linge sont indispensables dans une myriade d&#039;industries, car elles assurent un suivi efficace des actifs, une gestion des stocks et am\u00e9liorent l&#039;efficacit\u00e9 op\u00e9rationnelle globale. Voici un aper\u00e7u de leur application dans divers secteurs :<\/div>\n<p>&nbsp;<\/p>\n<ul class=\"auto-hide-last-sibling-br\">\n<li>\n<div class=\"auto-hide-last-sibling-br paragraph_1252f paragraph-element\">Soins de sant\u00e9\u00a0: les h\u00f4pitaux et autres \u00e9tablissements m\u00e9dicaux utilisent des \u00e9tiquettes de linge RFID pour g\u00e9rer de vastes stocks de linge de lit, de serviettes, de blouses, d&#039;uniformes et de linge chirurgical. Cela permet de minimiser les pertes, de g\u00e9rer les cycles de lessive et de garantir que du linge propre et frais soit constamment disponible selon les besoins.<\/div>\n<\/li>\n<li>\n<div class=\"auto-hide-last-sibling-br paragraph_1252f paragraph-element\">H\u00f4tels : Dans l\u2019industrie h\u00f4teli\u00e8re, la gestion du linge de maison est une t\u00e2che colossale, avec des milliers d\u2019articles en circulation comme la literie, les serviettes, les rideaux et les peignoirs. Les \u00e9tiquettes de linge RFID aident \u00e0 rationaliser cette t\u00e2che, en garantissant un nettoyage et un remplacement en temps opportun, et en facilitant la d\u00e9tection et la pr\u00e9vention du vol.<\/div>\n<\/li>\n<li>\n<div class=\"auto-hide-last-sibling-br paragraph_1252f paragraph-element\">Restaurants\u00a0: dans le secteur de la restauration, les \u00e9tiquettes RFID aident \u00e0 surveiller l&#039;utilisation et la propret\u00e9 des uniformes, des nappes, des serviettes et des tabliers de chef. Cela peut \u00e9lever les normes de propret\u00e9 et aider \u00e0 maintenir une apparence soign\u00e9e et professionnelle.<\/div>\n<\/li>\n<li>\n<div class=\"auto-hide-last-sibling-br paragraph_1252f paragraph-element\">Industries du v\u00eatement de mode : Dans le bourdonnement de la mode, les \u00e9tiquettes RFID jouent un r\u00f4le important dans le suivi des articles tout au long de la cha\u00eene d&#039;approvisionnement, de la production \u00e0 l&#039;affichage au d\u00e9tail. Ils peuvent fournir des informations pr\u00e9cieuses telles que l\u2019origine, l\u2019historique des voyages et m\u00eame des d\u00e9tails complexes sur le tissu et les instructions d\u2019entretien.<\/div>\n<\/li>\n<li>\n<div class=\"auto-hide-last-sibling-br paragraph_1252f paragraph-element\">V\u00eatements de travail\/v\u00eatements ignifuges\u00a0: les \u00e9tiquettes RFID sont utilis\u00e9es par les entreprises pour suivre et g\u00e9rer les v\u00eatements sp\u00e9cialis\u00e9s. Cela implique de veiller \u00e0 ce que les v\u00eatements ignifuges ou autres v\u00eatements de protection soient r\u00e9guli\u00e8rement v\u00e9rifi\u00e9s, correctement nettoy\u00e9s et remplac\u00e9s si n\u00e9cessaire.<\/div>\n<\/li>\n<li>\n<div class=\"auto-hide-last-sibling-br paragraph_1252f paragraph-element\">Chaussures et masques\u00a0: tr\u00e8s important dans des secteurs comme la sant\u00e9 et la construction o\u00f9 la s\u00e9curit\u00e9 ne peut \u00eatre compromise, le suivi de l&#039;utilisation, de la propret\u00e9 et de l&#039;entretien d&#039;articles tels que les masques et les chaussures de s\u00e9curit\u00e9 est simplifi\u00e9 gr\u00e2ce \u00e0 l&#039;utilisation d&#039;\u00e9tiquettes RFID.<\/div>\n<\/li>\n<li>\n<div class=\"auto-hide-last-sibling-br paragraph_1252f paragraph-element\">Tapis et vadrouilles\u00a0: les entreprises fournissant des services de nettoyage ou g\u00e9rant de grandes installations peuvent b\u00e9n\u00e9ficier d&#039;\u00e9tiquettes RFID sur les tapis et les vadrouilles. Ils seront en mesure de suivre l&#039;utilisation et la maintenance, garantissant ainsi des outils propres et efficaces \u00e0 tout moment.<\/div>\n<\/li>\n<\/ul>\n<p style=\"font-weight: 400;\"><span style=\"font-style: inherit; font-weight: inherit;\" data-spm-anchor-id=\"a2700.details.0.i52.7e74253fSAfL7T\">Comment <\/span><b><strong style=\"font-style: inherit;\">FORT<\/strong><\/b><span style=\"font-style: inherit; font-weight: inherit;\"> ils sont ?<\/span><\/p>\n<p><b><strong>\u2460<\/strong><\/b>.Les puces RFID sont-elles endommag\u00e9es sous des temp\u00e9ratures \u00e9lev\u00e9es\u00a0?<span style=\"font-style: inherit; font-weight: inherit;\"> \u2013<\/span><b><strong>\u2714 Nos \u00e9tiquettes textiles RFID pour linge sont con\u00e7ues pour \u00eatre utilis\u00e9es \u00e0 200 \u00b0C<\/strong><\/b><span style=\"font-style: inherit; font-weight: inherit;\">.<\/span><\/p>\n<p style=\"font-weight: 400;\"><b><strong>\u2461<\/strong><\/b>Combien de fois pouvons-nous laver les \u00e9tiquettes attach\u00e9es aux produits textiles des uniformes\u00a0? <b><strong>\u2013 \u2714Notre \u00e9tiquette textile RFID peut \u00eatre lav\u00e9e plus de 200 fois, garantie 2 ans apr\u00e8s l&#039;exp\u00e9dition.<\/strong><\/b><\/p>\n<p style=\"font-weight: 400;\"><b><strong>\u2462<\/strong><\/b>Allons-nous d\u00e9penser des uniformes prestigieux en produits textiles, continuer \u00e0 travailler en cas d&#039;\u00e9crasement des copeaux ? <b><strong>\u2013 \u2714Nous avons con\u00e7u notre \u00e9tiquette \u00e0 linge textile pour r\u00e9sister \u00e0 60 bars de pression lors du processus de pressage de vos produits textiles.<\/strong><\/b><\/p>\n<p style=\"font-weight: 400;\"><b><strong>\u2463<\/strong><\/b>O\u00f9 placez-vous les \u00e9tiquettes RFID pour le linge textile sur les textiles des uniformes\u00a0? <b><strong>\u2013 \u2714Des \u00e9tiquettes RFID textiles pour le linge sont install\u00e9es selon la disponibilit\u00e9 des uniformes.<\/strong><\/b><\/p>\n<\/div>","protected":false},"excerpt":{"rendered":"<p><strong>\u00c9tiquettes de blanchisserie RFID UHF<\/strong> Con\u00e7ues pour les uniformes, elles sont con\u00e7ues pour fonctionner de mani\u00e8re fiable dans des conditions de lavage rigoureuses telles que la st\u00e9rilisation, le lavage \u00e0 haute temp\u00e9rature, le nettoyage, le s\u00e9chage et le repassage. Ces \u00e9tiquettes respectueuses des textiles peuvent r\u00e9sister \u00e0 des centaines de cycles de lavage tout en maintenant un niveau constant de performances RFID. M\u00eame apr\u00e8s des lavages r\u00e9p\u00e9t\u00e9s, elles garantissent des attributs de suivi et d&#039;inventaire exceptionnels, prolongeant ainsi la dur\u00e9e de vie du linge, des v\u00eatements et d&#039;autres articles textiles.<\/p>","protected":false},"featured_media":133,"template":"","meta":{"_kad_post_transparent":"default","_kad_post_title":"","_kad_post_layout":"default","_kad_post_sidebar_id":"","_kad_post_content_style":"default","_kad_post_vertical_padding":"default","_kad_post_feature":"","_kad_post_feature_position":"","_kad_post_header":false,"_kad_post_footer":false,"_kad_post_classname":""},"product_brand":[],"product_cat":[19,16],"product_tag":[31,65,30],"class_list":{"0":"post-129","1":"product","2":"type-product","3":"status-publish","4":"has-post-thumbnail","6":"product_cat-textile-rfid-laundry-tag","7":"product_cat-uhf-rfid-laundry-tags","8":"product_tag-rfid-tag-for-linen-laundry","9":"product_tag-textile-rfid-laundry-tags","10":"product_tag-uhf-rfid-laundry-tag","12":"first","13":"instock","14":"shipping-taxable","15":"product-type-simple","16":"entry","17":"content-bg","18":"loop-entry"},"_links":{"self":[{"href":"https:\/\/rfid-laundry-tag.com\/fr\/wp-json\/wp\/v2\/product\/129","targetHints":{"allow":["GET"]}}],"collection":[{"href":"https:\/\/rfid-laundry-tag.com\/fr\/wp-json\/wp\/v2\/product"}],"about":[{"href":"https:\/\/rfid-laundry-tag.com\/fr\/wp-json\/wp\/v2\/types\/product"}],"version-history":[{"count":1,"href":"https:\/\/rfid-laundry-tag.com\/fr\/wp-json\/wp\/v2\/product\/129\/revisions"}],"predecessor-version":[{"id":2871,"href":"https:\/\/rfid-laundry-tag.com\/fr\/wp-json\/wp\/v2\/product\/129\/revisions\/2871"}],"wp:featuredmedia":[{"embeddable":true,"href":"https:\/\/rfid-laundry-tag.com\/fr\/wp-json\/wp\/v2\/media\/133"}],"wp:attachment":[{"href":"https:\/\/rfid-laundry-tag.com\/fr\/wp-json\/wp\/v2\/media?parent=129"}],"wp:term":[{"taxonomy":"product_brand","embeddable":true,"href":"https:\/\/rfid-laundry-tag.com\/fr\/wp-json\/wp\/v2\/product_brand?post=129"},{"taxonomy":"product_cat","embeddable":true,"href":"https:\/\/rfid-laundry-tag.com\/fr\/wp-json\/wp\/v2\/product_cat?post=129"},{"taxonomy":"product_tag","embeddable":true,"href":"https:\/\/rfid-laundry-tag.com\/fr\/wp-json\/wp\/v2\/product_tag?post=129"}],"curies":[{"name":"wp","href":"https:\/\/api.w.org\/{rel}","templated":true}]}}