{"id":127,"date":"2024-06-12T06:15:43","date_gmt":"2024-06-12T06:15:43","guid":{"rendered":"https:\/\/rfid-laundry-tag.com\/?post_type=product&#038;p=127"},"modified":"2024-06-12T06:21:05","modified_gmt":"2024-06-12T06:21:05","slug":"silicone-rubber-uhf-rfid-laundry-tag","status":"publish","type":"product","link":"https:\/\/rfid-laundry-tag.com\/fr\/silicone-rubber-uhf-rfid-laundry-tag\/","title":{"rendered":"\u00c9tiquette de blanchisserie RFID UHF en caoutchouc de silicone"},"content":{"rendered":"<table style=\"border-collapse: collapse; width: 711px; height: 751px;\" border=\"0\" width=\"537\" cellspacing=\"0\" cellpadding=\"0\">\n<tbody>\n<tr style=\"height: 14.40pt;\">\n<td class=\"et2\" style=\"height: 14.40pt; width: 136.80pt;\" width=\"228\" height=\"24\">Mat\u00e9riel<\/td>\n<td class=\"et2\" style=\"width: 185.40pt;\" width=\"309\">Silicone<\/td>\n<\/tr>\n<tr style=\"height: 14.40pt;\">\n<td class=\"et3\" style=\"height: 14.40pt; width: 136.80pt;\" width=\"228\" height=\"24\">Taille<\/td>\n<td class=\"et3\" style=\"width: 185.40pt;\" width=\"309\">55x12mm, 56x20mm, 85x27mm<\/td>\n<\/tr>\n<tr style=\"height: 14.40pt;\">\n<td class=\"et3\" style=\"height: 14.40pt; width: 136.80pt;\" width=\"228\" height=\"24\">Fr\u00e9quence<\/td>\n<td class=\"et3\" style=\"width: 185.40pt;\" width=\"309\">860-960Mhz<\/td>\n<\/tr>\n<tr style=\"height: 27.60pt;\">\n<td class=\"et3\" style=\"height: 27.60pt; width: 136.80pt;\" width=\"228\" height=\"46\">Type de circuit int\u00e9gr\u00e9 (puce)<\/td>\n<td class=\"et3\" style=\"width: 185.40pt;\" width=\"309\">U7\/U8 (Alien H3 et Impinj Monza R6 sont disponibles)<\/td>\n<\/tr>\n<tr style=\"height: 27.60pt;\">\n<td class=\"et3\" style=\"height: 27.60pt; width: 136.80pt;\" width=\"228\" height=\"46\">Protocole<\/td>\n<td class=\"et3\" style=\"width: 185.40pt;\" width=\"309\">EPC Classe mondiale 1 Gen2 et ISO18000-6C<\/td>\n<\/tr>\n<tr style=\"height: 14.40pt;\">\n<td class=\"et3\" style=\"height: 14.40pt; width: 136.80pt;\" width=\"228\" height=\"24\">M\u00e9moire<\/td>\n<td class=\"et3\" style=\"width: 185.40pt;\" width=\"309\">128 bits<\/td>\n<\/tr>\n<tr style=\"height: 14.40pt;\">\n<td class=\"et3\" style=\"height: 14.40pt; width: 136.80pt;\" width=\"228\" height=\"24\">Facteur de forme de la balise<\/td>\n<td class=\"et3\" style=\"width: 185.40pt;\" width=\"309\">Flexible<\/td>\n<\/tr>\n<tr style=\"height: 14.40pt;\">\n<td class=\"et3\" style=\"height: 14.40pt; width: 136.80pt;\" width=\"228\" height=\"24\">Anti-collision<\/td>\n<td class=\"et3\" style=\"width: 185.40pt;\" width=\"309\">Oui<\/td>\n<\/tr>\n<tr style=\"height: 14.40pt;\">\n<td class=\"et3\" style=\"height: 14.40pt; width: 136.80pt;\" width=\"228\" height=\"24\">Temp\u00e9rature de fonctionnement<\/td>\n<td class=\"et3\" style=\"width: 185.40pt;\" width=\"309\">-25 \u00b0C \/ +200 \u00b0C<\/td>\n<\/tr>\n<tr style=\"height: 14.40pt;\">\n<td class=\"et3\" style=\"height: 14.40pt; width: 136.80pt;\" width=\"228\" height=\"24\">Lire la distance<\/td>\n<td class=\"et3\" style=\"width: 185.40pt;\" width=\"309\">1-7m<\/td>\n<\/tr>\n<tr style=\"height: 14.40pt;\">\n<td class=\"et3\" style=\"height: 14.40pt; width: 136.80pt;\" width=\"228\" height=\"24\">S&#039;applique \u00e0<\/td>\n<td class=\"et3\" style=\"width: 185.40pt;\" width=\"309\">Linges et v\u00eatements<\/td>\n<\/tr>\n<tr style=\"height: 14.40pt;\">\n<td class=\"et3\" style=\"height: 14.40pt; width: 136.80pt;\" width=\"228\" height=\"24\">Indice IP<\/td>\n<td class=\"et3\" style=\"width: 185.40pt;\" width=\"309\">IP68<\/td>\n<\/tr>\n<tr style=\"height: 14.40pt;\">\n<td class=\"et3\" style=\"height: 14.40pt; width: 136.80pt;\" width=\"228\" height=\"24\">Couleur<\/td>\n<td class=\"et3\" style=\"width: 185.40pt;\" width=\"309\">Blanc\/bleu ou personnalis\u00e9<\/td>\n<\/tr>\n<tr style=\"height: 17.40pt;\">\n<td class=\"et4\" style=\"height: 17.40pt; width: 322.20pt;\" colspan=\"2\" width=\"537\" height=\"29\">La lessive<\/td>\n<\/tr>\n<tr style=\"height: 27.60pt;\">\n<td class=\"et3\" style=\"height: 27.60pt; width: 136.80pt;\" width=\"228\" height=\"46\">R\u00e9siste \u00e0 l&#039;exposition \u00e0<\/td>\n<td class=\"et3\" style=\"width: 185.40pt;\" width=\"309\">l&#039;eau et tous les produits chimiques courants dans la blanchisserie commerciale et le nettoyage \u00e0 sec<\/td>\n<\/tr>\n<tr style=\"height: 14.40pt;\">\n<td class=\"et3\" style=\"height: 14.40pt; width: 136.80pt;\" width=\"228\" height=\"24\">Cycles de lavage<\/td>\n<td class=\"et3\" style=\"width: 185.40pt;\" width=\"309\">Jusqu&#039;\u00e0 200 cycles de lavage commercial<\/td>\n<\/tr>\n<tr style=\"height: 27.60pt;\">\n<td class=\"et3\" style=\"height: 27.60pt; width: 136.80pt;\" width=\"228\" height=\"46\">La lessive<\/td>\n<td class=\"et3\" style=\"width: 185.40pt;\" width=\"309\">150 \u00baC pendant 15-20 minutes \u2013 150 cycles<\/td>\n<\/tr>\n<tr style=\"height: 27.60pt;\">\n<td class=\"et3\" style=\"height: 27.60pt; width: 136.80pt;\" width=\"228\" height=\"46\">S\u00e9chage<\/td>\n<td class=\"et3\" style=\"width: 185.40pt;\" width=\"309\">95 \u00b0C (jusqu&#039;\u00e0 60 min.), 130 \u00b0C (jusqu&#039;\u00e0 30 min.)<\/td>\n<\/tr>\n<tr style=\"height: 14.40pt;\">\n<td class=\"et3\" style=\"height: 14.40pt; width: 136.80pt;\" width=\"228\" height=\"24\">Finisseur de tunnel<\/td>\n<td class=\"et3\" style=\"width: 185.40pt;\" width=\"309\">200\u00b0C pendant 30min<\/td>\n<\/tr>\n<tr style=\"height: 14.40pt;\">\n<td class=\"et3\" style=\"height: 14.40pt; width: 136.80pt;\" width=\"228\" height=\"24\">Repassage<\/td>\n<td class=\"et3\" style=\"width: 185.40pt;\" width=\"309\">250 \u00b0C (jusqu&#039;\u00e0 60 secondes)<\/td>\n<\/tr>\n<\/tbody>\n<\/table>\n<p data-spm-anchor-id=\"a2700.details.0.i116.60201a70jOXdOd\">\n<p data-spm-anchor-id=\"a2700.details.0.i116.60201a70jOXdOd\"><strong>\u00c9tiquette de blanchisserie RFID UHF en caoutchouc de silicone<\/strong>\u00a0repr\u00e9sente la derni\u00e8re innovation en mati\u00e8re de tra\u00e7age automatis\u00e9 et de gestion des stocks dans les services de blanchisserie. Ces \u00e9tiquettes fines, souples, douces et \u00e9l\u00e9gantes, r\u00e9sistantes aux liquides chimiques et \u00e0 la chaleur, sont \u00e9quip\u00e9es d&#039;un transpondeur RFID puissant capable de supporter jusqu&#039;\u00e0 200 cycles de lavage de tambour et de s\u00e9chage \u00e0 chaud, ainsi que de nettoyage et de repassage. Les \u00e9tiquettes de blanchisserie RFID en silicone 5512, souvent utilis\u00e9es pour le suivi dans le secteur de la blanchisserie industrielle, peuvent se fondre parfaitement dans divers mat\u00e9riaux textiles, notamment le linge de lit, les chemisiers, les serviettes, les uniformes m\u00e9dicaux et bien plus encore.<\/p>\n<p data-spm-anchor-id=\"a2700.details.0.i116.60201a70jOXdOd\"><strong>Application :<\/strong><\/p>\n<ul>\n<li>Gestion du suivi des draps d&#039;h\u00f4tel<\/li>\n<li>Usine\/entrep\u00f4t\/h\u00f4tel\/h\u00f4pital\/parc d&#039;attractions<\/li>\n<li data-spm-anchor-id=\"a2700.details.0.i115.60201a70jOXdOd\"><span data-spm-anchor-id=\"a2700.details.0.i120.60201a70jOXdOd\">Uniformes d&#039;h\u00f4pital<\/span><\/li>\n<li data-spm-anchor-id=\"a2700.details.0.i118.60201a70jOXdOd\">Linge de maison\/ Palettes\/ Sacs en toile<\/li>\n<li>Nettoyeurs \u00e0 sec<\/li>\n<li>Utilisation en drap d&#039;h\u00f4tel\/Fix\u00e9 sur textile\/V\u00eatement de travail.<\/li>\n<li>Usine de confection, usine de tissus.<\/li>\n<\/ul>\n<p>&nbsp;<\/p>","protected":false},"excerpt":{"rendered":"<p>L&#039;\u00e9tiquette de blanchisserie RFID UHF en caoutchouc de silicone est \u00e0 la fois souple et robuste, con\u00e7ue pour r\u00e9sister aux conditions de blanchisserie exigeantes telles que la d\u00e9shydratation continue \u00e0 haute pression et le repassage \u00e0 court terme. Utilisant la technologie UHF, ces \u00e9tiquettes de blanchisserie en silicone am\u00e9liorent consid\u00e9rablement les capacit\u00e9s de communication. Leur capacit\u00e9 \u00e0 lire simultan\u00e9ment des centaines d&#039;\u00e9tiquettes r\u00e9duit non seulement les co\u00fbts de main-d&#039;\u0153uvre associ\u00e9s \u00e0 la gestion des codes-barres ou des \u00e9tiquettes RFID HF (haute fr\u00e9quence), mais offre \u00e9galement une solution de suivi rentable.<\/p>","protected":false},"featured_media":128,"template":"","meta":{"_kad_post_transparent":"default","_kad_post_title":"","_kad_post_layout":"default","_kad_post_sidebar_id":"","_kad_post_content_style":"default","_kad_post_vertical_padding":"default","_kad_post_feature":"","_kad_post_feature_position":"","_kad_post_header":false,"_kad_post_footer":false,"_kad_post_classname":""},"product_brand":[],"product_cat":[20,16],"product_tag":[63,62,64,61],"class_list":{"0":"post-127","1":"product","2":"type-product","3":"status-publish","4":"has-post-thumbnail","6":"product_cat-silicone-rfid-laundry-tag","7":"product_cat-uhf-rfid-laundry-tags","8":"product_tag-rfid-washing-tag","9":"product_tag-silicone-rfid-laundry-tag","10":"product_tag-silicone-rubber-uhf-rfid-laundry-tag","11":"product_tag-silicone-washable-rfid-laundry-tag","13":"first","14":"instock","15":"shipping-taxable","16":"product-type-simple","17":"entry","18":"content-bg","19":"loop-entry"},"_links":{"self":[{"href":"https:\/\/rfid-laundry-tag.com\/fr\/wp-json\/wp\/v2\/product\/127","targetHints":{"allow":["GET"]}}],"collection":[{"href":"https:\/\/rfid-laundry-tag.com\/fr\/wp-json\/wp\/v2\/product"}],"about":[{"href":"https:\/\/rfid-laundry-tag.com\/fr\/wp-json\/wp\/v2\/types\/product"}],"version-history":[{"count":0,"href":"https:\/\/rfid-laundry-tag.com\/fr\/wp-json\/wp\/v2\/product\/127\/revisions"}],"wp:featuredmedia":[{"embeddable":true,"href":"https:\/\/rfid-laundry-tag.com\/fr\/wp-json\/wp\/v2\/media\/128"}],"wp:attachment":[{"href":"https:\/\/rfid-laundry-tag.com\/fr\/wp-json\/wp\/v2\/media?parent=127"}],"wp:term":[{"taxonomy":"product_brand","embeddable":true,"href":"https:\/\/rfid-laundry-tag.com\/fr\/wp-json\/wp\/v2\/product_brand?post=127"},{"taxonomy":"product_cat","embeddable":true,"href":"https:\/\/rfid-laundry-tag.com\/fr\/wp-json\/wp\/v2\/product_cat?post=127"},{"taxonomy":"product_tag","embeddable":true,"href":"https:\/\/rfid-laundry-tag.com\/fr\/wp-json\/wp\/v2\/product_tag?post=127"}],"curies":[{"name":"wp","href":"https:\/\/api.w.org\/{rel}","templated":true}]}}