{"id":122,"date":"2024-06-12T06:05:12","date_gmt":"2024-06-12T06:05:12","guid":{"rendered":"https:\/\/rfid-laundry-tag.com\/?post_type=product&#038;p=122"},"modified":"2024-06-12T06:05:12","modified_gmt":"2024-06-12T06:05:12","slug":"silicone-washable-rfid-laundry-tag","status":"publish","type":"product","link":"https:\/\/rfid-laundry-tag.com\/fr\/silicone-washable-rfid-laundry-tag\/","title":{"rendered":"\u00c9tiquette de blanchisserie RFID lavable en silicone"},"content":{"rendered":"<table style=\"font-family: var(--global-body-font-family);\" width=\"537\">\n<tbody>\n<tr>\n<td width=\"228\">Nom<\/td>\n<td width=\"309\">\u00c9tiquette de blanchisserie RFID lavable en silicone<\/td>\n<\/tr>\n<tr>\n<td width=\"228\">Mode<\/td>\n<td width=\"309\">SL-01<\/td>\n<\/tr>\n<tr>\n<td width=\"228\">Mat\u00e9riel<\/td>\n<td width=\"309\">Silicone<\/td>\n<\/tr>\n<tr>\n<td width=\"228\">Couleur<\/td>\n<td width=\"309\">Blanc (ou personnalis\u00e9)<\/td>\n<\/tr>\n<tr>\n<td width=\"228\">Taille<\/td>\n<td width=\"309\">55 mm * 12 mm, 2,5 mm d&#039;\u00e9paisseur<\/td>\n<\/tr>\n<tr>\n<td width=\"228\">\u00c9br\u00e9cher<\/td>\n<td width=\"309\">915 MHz NXP U code 9, Alien H3, H9, etc.<\/td>\n<\/tr>\n<tr>\n<td width=\"228\">Temp\u00e9rature de fonctionnement<\/td>\n<td width=\"309\">\u2013 25\u00baC \u00e0 +75\u00baC<\/td>\n<\/tr>\n<tr>\n<td width=\"228\">Cycle de lavage<\/td>\n<td width=\"309\">200 fois<\/td>\n<\/tr>\n<tr>\n<td width=\"228\">Imperm\u00e9able<\/td>\n<td width=\"309\">Oui<\/td>\n<\/tr>\n<tr>\n<td width=\"228\">R\u00e9sistance chimique<\/td>\n<td width=\"309\">Oui<\/td>\n<\/tr>\n<\/tbody>\n<\/table>\n<p data-spm-anchor-id=\"a2700.details.0.i116.60201a70jOXdOd\">\n<p data-spm-anchor-id=\"a2700.details.0.i116.60201a70jOXdOd\"><strong>Application :<\/strong><\/p>\n<ul>\n<li>Gestion du suivi des draps d&#039;h\u00f4tel<\/li>\n<li>Usine\/entrep\u00f4t\/h\u00f4tel\/h\u00f4pital\/parc d&#039;attractions<\/li>\n<li data-spm-anchor-id=\"a2700.details.0.i115.60201a70jOXdOd\"><span data-spm-anchor-id=\"a2700.details.0.i120.60201a70jOXdOd\">Uniformes d&#039;h\u00f4pital<\/span><\/li>\n<li data-spm-anchor-id=\"a2700.details.0.i118.60201a70jOXdOd\">Linge de maison\/ Palettes\/ Sacs en toile<\/li>\n<li>Nettoyeurs \u00e0 sec<\/li>\n<li>Utilisation en drap d&#039;h\u00f4tel\/Fix\u00e9 sur textile\/V\u00eatement de travail.<\/li>\n<li>Usine de confection, usine de tissus.<\/li>\n<\/ul>\n<p>&nbsp;<\/p>","protected":false},"excerpt":{"rendered":"<p>L&#039;\u00e9tiquette de blanchisserie RFID en silicone repr\u00e9sente une technologie de pointe pour la surveillance automatique et la gestion des stocks dans les op\u00e9rations de blanchisserie. Ces \u00e9tiquettes RFID, fines, flexibles et souples, sont con\u00e7ues pour r\u00e9sister aux produits chimiques, \u00e0 la chaleur et aux pressions physiques. \u00c9quip\u00e9s de transpondeurs RFID robustes, ils sont con\u00e7us pour supporter plus de 200 lavages \u00e0 tambour et cycles de s\u00e9chage \u00e0 chaud, sans parler du nettoyage et du repassage. G\u00e9n\u00e9ralement utilis\u00e9es dans le suivi du linge \u00e0 grande \u00e9chelle, nos \u00e9tiquettes de linge RFID en silicone peuvent \u00eatre int\u00e9gr\u00e9es sans effort sur une grande vari\u00e9t\u00e9 de mat\u00e9riaux textiles, tels que le linge de maison, les chemisiers, les serviettes et les v\u00eatements m\u00e9dicaux.<\/p>","protected":false},"featured_media":123,"template":"","meta":{"_kad_post_transparent":"default","_kad_post_title":"","_kad_post_layout":"default","_kad_post_sidebar_id":"","_kad_post_content_style":"default","_kad_post_vertical_padding":"default","_kad_post_feature":"","_kad_post_feature_position":"","_kad_post_header":false,"_kad_post_footer":false,"_kad_post_classname":""},"product_brand":[],"product_cat":[20],"product_tag":[62,61],"class_list":{"0":"post-122","1":"product","2":"type-product","3":"status-publish","4":"has-post-thumbnail","6":"product_cat-silicone-rfid-laundry-tag","7":"product_tag-silicone-rfid-laundry-tag","8":"product_tag-silicone-washable-rfid-laundry-tag","10":"first","11":"instock","12":"shipping-taxable","13":"product-type-simple","14":"entry","15":"content-bg","16":"loop-entry"},"_links":{"self":[{"href":"https:\/\/rfid-laundry-tag.com\/fr\/wp-json\/wp\/v2\/product\/122","targetHints":{"allow":["GET"]}}],"collection":[{"href":"https:\/\/rfid-laundry-tag.com\/fr\/wp-json\/wp\/v2\/product"}],"about":[{"href":"https:\/\/rfid-laundry-tag.com\/fr\/wp-json\/wp\/v2\/types\/product"}],"version-history":[{"count":0,"href":"https:\/\/rfid-laundry-tag.com\/fr\/wp-json\/wp\/v2\/product\/122\/revisions"}],"wp:featuredmedia":[{"embeddable":true,"href":"https:\/\/rfid-laundry-tag.com\/fr\/wp-json\/wp\/v2\/media\/123"}],"wp:attachment":[{"href":"https:\/\/rfid-laundry-tag.com\/fr\/wp-json\/wp\/v2\/media?parent=122"}],"wp:term":[{"taxonomy":"product_brand","embeddable":true,"href":"https:\/\/rfid-laundry-tag.com\/fr\/wp-json\/wp\/v2\/product_brand?post=122"},{"taxonomy":"product_cat","embeddable":true,"href":"https:\/\/rfid-laundry-tag.com\/fr\/wp-json\/wp\/v2\/product_cat?post=122"},{"taxonomy":"product_tag","embeddable":true,"href":"https:\/\/rfid-laundry-tag.com\/fr\/wp-json\/wp\/v2\/product_tag?post=122"}],"curies":[{"name":"wp","href":"https:\/\/api.w.org\/{rel}","templated":true}]}}