{"id":117,"date":"2024-06-12T05:06:31","date_gmt":"2024-06-12T05:06:31","guid":{"rendered":"https:\/\/rfid-laundry-tag.com\/?post_type=product&#038;p=117"},"modified":"2024-08-14T16:49:35","modified_gmt":"2024-08-14T16:49:35","slug":"rfid-laundry-tag-pps-em4305","status":"publish","type":"product","link":"https:\/\/rfid-laundry-tag.com\/fr\/rfid-laundry-tag-pps-em4305\/","title":{"rendered":"\u00c9tiquette de blanchisserie RFID-PPS-EM4305"},"content":{"rendered":"<div class=\"J_module\">\n<div class=\"ife-detail-decorate-table\">\n<table style=\"border-collapse: collapse; width: 451.23pt;\" border=\"0\" width=\"752\" cellspacing=\"0\" cellpadding=\"0\">\n<tbody>\n<tr style=\"height: 28.00pt;\">\n<td class=\"et2\" style=\"height: 28.00pt; width: 138.60pt;\" width=\"231\" height=\"46\">Nom de l&#039;article<\/td>\n<td class=\"et3\" style=\"width: 312.60pt;\" width=\"521\">\u00c9tiquette de blanchisserie RFID-PPS-EM4305<\/td>\n<\/tr>\n<tr style=\"height: 14.40pt;\">\n<td class=\"et3\" style=\"height: 14.40pt; width: 138.60pt;\" width=\"231\" height=\"24\">Mat\u00e9riel<\/td>\n<td class=\"et3\" style=\"width: 312.60pt;\" width=\"521\">PPS<\/td>\n<\/tr>\n<tr style=\"height: 14.40pt;\">\n<td class=\"et3\" style=\"height: 14.40pt; width: 138.60pt;\" width=\"231\" height=\"24\">Couleur<\/td>\n<td class=\"et3\" style=\"width: 312.60pt;\" width=\"521\">Noir<\/td>\n<\/tr>\n<tr style=\"height: 14.40pt;\">\n<td class=\"et3\" style=\"height: 14.40pt; width: 138.60pt;\" width=\"231\" height=\"24\">MOQ<\/td>\n<td class=\"et3\" style=\"width: 312.60pt;\" width=\"521\">500 pi\u00e8ces<\/td>\n<\/tr>\n<tr style=\"height: 42.00pt;\">\n<td class=\"et3\" style=\"height: 42.00pt; width: 138.60pt;\" width=\"231\" height=\"70\">Fabricant\/puce<\/td>\n<td class=\"et3\" style=\"width: 312.60pt;\" width=\"521\">EM4200, TK4100, EM4305, T5577, etc.<\/td>\n<\/tr>\n<tr style=\"height: 14.40pt;\">\n<td class=\"et3\" style=\"height: 14.40pt; width: 138.60pt;\" width=\"231\" height=\"24\">Fr\u00e9quence<\/td>\n<td class=\"et3\" style=\"width: 312.60pt;\" width=\"521\">125 kHz<\/td>\n<\/tr>\n<tr style=\"height: 70.00pt;\">\n<td class=\"et3\" style=\"height: 70.00pt; width: 138.60pt;\" width=\"231\" height=\"116\">Taille<\/td>\n<td class=\"et3\" style=\"width: 312.60pt;\" width=\"521\">Dia14mm, Dia15mm, Dia18mm, Dia20mm,<\/p>\n<p>Dia22mm, Dia24mm, Dia30mm etc.<\/td>\n<\/tr>\n<tr style=\"height: 14.40pt;\">\n<td class=\"et3\" style=\"height: 14.40pt; width: 138.60pt;\" width=\"231\" height=\"24\">Lire la distance<\/td>\n<td class=\"et3\" style=\"width: 312.60pt;\" width=\"521\">1 ~ 5 cm<\/td>\n<\/tr>\n<tr style=\"height: 14.40pt;\">\n<td class=\"et3\" style=\"height: 14.40pt; width: 138.60pt;\" width=\"231\" height=\"24\">En mode travail<\/td>\n<td class=\"et3\" style=\"width: 312.60pt;\" width=\"521\">passif<\/td>\n<\/tr>\n<tr style=\"height: 14.40pt;\">\n<td class=\"et3\" style=\"height: 14.40pt; width: 138.60pt;\" width=\"231\" height=\"24\">Temp\u00e9rature de fonctionnement<\/td>\n<td class=\"et3\" style=\"width: 312.60pt;\" width=\"521\">-25<span class=\"font0\">\u2103<\/span><span class=\"font2\">~+110<\/span><span class=\"font0\">\u2103<\/span><\/td>\n<\/tr>\n<tr style=\"height: 14.40pt;\">\n<td class=\"et3\" style=\"height: 14.40pt; width: 138.60pt;\" width=\"231\" height=\"24\">Temp\u00e9rature de stockage<\/td>\n<td class=\"et3\" style=\"width: 312.60pt;\" width=\"521\">-40<span class=\"font0\">\u2103<\/span><span class=\"font2\">~+85<\/span><span class=\"font0\">\u2103<\/span><\/td>\n<\/tr>\n<tr style=\"height: 73.00pt;\">\n<td class=\"et4\" style=\"height: 73.00pt;\" height=\"121\">Sp\u00e9cifications de fonctionnement<\/td>\n<td class=\"et3\" style=\"width: 312.60pt;\" width=\"521\">Imperm\u00e9able; r\u00e9sistant \u00e0 l&#039;immersion dans l&#039;eau sal\u00e9e, l&#039;alcool, l&#039;huile, 10%HCL\u00a0; Ammoniac; chocs et vibrations<\/td>\n<\/tr>\n<tr style=\"height: 14.40pt;\">\n<td class=\"et3\" style=\"height: 14.40pt; width: 138.60pt;\" width=\"231\" height=\"24\">Caract\u00e9ristiques<\/td>\n<td class=\"et3\" style=\"width: 312.60pt;\" width=\"521\">imperm\u00e9able, lavable, r\u00e9sistance aux hautes temp\u00e9ratures<\/td>\n<\/tr>\n<tr style=\"height: 14.40pt;\">\n<td class=\"et3\" style=\"height: 14.40pt; width: 138.60pt;\" width=\"231\" height=\"24\">Applications<\/td>\n<td class=\"et3\" style=\"width: 312.60pt;\" width=\"521\">gestion et suivi du linge<\/td>\n<\/tr>\n<\/tbody>\n<\/table>\n<\/div>\n<\/div>\n<div class=\"J_module\">\n<div class=\"detail-decorate-json-renderer-container\">\n<div class=\"magic-1\">\n<div>\n<div><\/div>\n<\/div>\n<div class=\"magic-2\">\n<div>\n<div class=\"auto-hide-last-sibling-br paragraph_1252f paragraph-element\">\n<div class=\"auto-hide-last-sibling-br paragraph_1252f paragraph-element\"><strong>\u00c9tiquettes de blanchisserie 125kHz PPS RFID<\/strong> offrent de nombreux avantages lorsqu\u2019ils sont int\u00e9gr\u00e9s dans des solutions d\u2019\u00e9tiquettes RFID pour le linge.<\/div>\n<div class=\"auto-hide-last-sibling-br paragraph_1252f paragraph-element\">Parmi ces avantages figurent :<\/div>\n<ol class=\"auto-hide-last-sibling-br\">\n<li>La tarification directe en usine garantit des solutions rentables.<\/li>\n<li>Qualit\u00e9 garantie, avec des tests 100% effectu\u00e9s avant exp\u00e9dition.<\/li>\n<li>Fiabilit\u00e9 durable, certifi\u00e9e pour d\u00e9passer 200 cycles de lavage ou b\u00e9n\u00e9ficiant d&#039;une garantie de dur\u00e9e de vie de 2 ans apr\u00e8s exp\u00e9dition.<\/li>\n<li>Durabilit\u00e9 exceptionnelle, avec r\u00e9sistance \u00e0 l\u2019eau, \u00e0 la chaleur, \u00e0 la pression et \u00e0 l\u2019exposition aux produits chimiques.<\/li>\n<li>Nous fournissons \u00e9galement un \u00e9chantillon gratuit pour l\u2019assurance qualit\u00e9 et les tests.<\/li>\n<\/ol>\n<div class=\"auto-hide-last-sibling-br paragraph_1252f paragraph-element\"><strong>\u00c9tiquette de blanchisserie RFID-PPS-EM4305 Applications :<\/strong><\/div>\n<ol class=\"auto-hide-last-sibling-br\">\n<li>\n<div class=\"auto-hide-last-sibling-br paragraph_1252f paragraph-element\">Blanchisseries industrielles\u00a0: dans le domaine industriel, l&#039;utilisation de boutons d&#039;\u00e9tiquettes RFID pour le linge facilite le suivi de quantit\u00e9s massives de linge.<\/div>\n<\/li>\n<li>\n<div class=\"auto-hide-last-sibling-br paragraph_1252f paragraph-element\">H\u00f4pitaux et h\u00f4tels\u00a0: ces institutions g\u00e8rent souvent des t\u00e2ches de blanchisserie \u00e0 volume important pour lesquelles ces \u00e9tiquettes se sont r\u00e9v\u00e9l\u00e9es essentielles pour am\u00e9liorer l&#039;efficacit\u00e9 et rationaliser la gestion des stocks.<\/div>\n<\/li>\n<li>\n<div class=\"auto-hide-last-sibling-br paragraph_1252f paragraph-element\">Location de linge : les entreprises qui proposent des services de location de linge adoptent ces \u00e9tiquettes pour simplifier la gestion des stocks et assurer le contr\u00f4le de la qualit\u00e9.<\/div>\n<\/li>\n<\/ol>\n<\/div>\n<\/div>\n<\/div>\n<\/div>\n<\/div>\n<\/div>","protected":false},"excerpt":{"rendered":"<div class=\"auto-hide-last-sibling-br paragraph_1252f paragraph-element\">L&#039;\u00e9tiquette de blanchisserie RFID PPS-EM4305 est con\u00e7ue pour r\u00e9sister \u00e0 l&#039;immersion dans l&#039;eau, au contact avec la chaleur, au stress et \u00e0 l&#039;exposition aux substances chimiques, ce qui la rend adapt\u00e9e aux conditions les plus difficiles. Ces \u00e9tiquettes trouvent une application principale dans le suivi et la validation des stocks dans un large \u00e9ventail d&#039;installations telles que les centres de sant\u00e9, les \u00e9tablissements d&#039;enseignement, les h\u00f4tels et les institutions similaires.<\/div>\n<div class=\"auto-hide-last-sibling-br paragraph_1252f paragraph-element\"><\/div>","protected":false},"featured_media":147,"template":"","meta":{"_kad_post_transparent":"default","_kad_post_title":"","_kad_post_layout":"default","_kad_post_sidebar_id":"","_kad_post_content_style":"default","_kad_post_vertical_padding":"default","_kad_post_feature":"","_kad_post_feature_position":"","_kad_post_header":false,"_kad_post_footer":false,"_kad_post_classname":""},"product_brand":[],"product_cat":[21,18],"product_tag":[52,49,70,71],"class_list":{"0":"post-117","1":"product","2":"type-product","3":"status-publish","4":"has-post-thumbnail","6":"product_cat-pps-rfid-laundry-tag","7":"product_cat-125khz-rfid-laundry-tag","8":"product_tag-125khz-pps-rfid-laundry-tag","9":"product_tag-button-rfid-tag","10":"product_tag-rfid-laundry-tag-pps-em4305","11":"product_tag-rfid-tag-pps","13":"first","14":"instock","15":"featured","16":"shipping-taxable","17":"product-type-simple","18":"entry","19":"content-bg","20":"loop-entry"},"_links":{"self":[{"href":"https:\/\/rfid-laundry-tag.com\/fr\/wp-json\/wp\/v2\/product\/117","targetHints":{"allow":["GET"]}}],"collection":[{"href":"https:\/\/rfid-laundry-tag.com\/fr\/wp-json\/wp\/v2\/product"}],"about":[{"href":"https:\/\/rfid-laundry-tag.com\/fr\/wp-json\/wp\/v2\/types\/product"}],"version-history":[{"count":2,"href":"https:\/\/rfid-laundry-tag.com\/fr\/wp-json\/wp\/v2\/product\/117\/revisions"}],"predecessor-version":[{"id":1339,"href":"https:\/\/rfid-laundry-tag.com\/fr\/wp-json\/wp\/v2\/product\/117\/revisions\/1339"}],"wp:featuredmedia":[{"embeddable":true,"href":"https:\/\/rfid-laundry-tag.com\/fr\/wp-json\/wp\/v2\/media\/147"}],"wp:attachment":[{"href":"https:\/\/rfid-laundry-tag.com\/fr\/wp-json\/wp\/v2\/media?parent=117"}],"wp:term":[{"taxonomy":"product_brand","embeddable":true,"href":"https:\/\/rfid-laundry-tag.com\/fr\/wp-json\/wp\/v2\/product_brand?post=117"},{"taxonomy":"product_cat","embeddable":true,"href":"https:\/\/rfid-laundry-tag.com\/fr\/wp-json\/wp\/v2\/product_cat?post=117"},{"taxonomy":"product_tag","embeddable":true,"href":"https:\/\/rfid-laundry-tag.com\/fr\/wp-json\/wp\/v2\/product_tag?post=117"}],"curies":[{"name":"wp","href":"https:\/\/api.w.org\/{rel}","templated":true}]}}