{"id":115,"date":"2024-06-12T04:52:26","date_gmt":"2024-06-12T04:52:26","guid":{"rendered":"https:\/\/rfid-laundry-tag.com\/?post_type=product&#038;p=115"},"modified":"2024-08-14T16:51:27","modified_gmt":"2024-08-14T16:51:27","slug":"rfid-laundry-tag-pps-t5577","status":"publish","type":"product","link":"https:\/\/rfid-laundry-tag.com\/fr\/rfid-laundry-tag-pps-t5577\/","title":{"rendered":"\u00c9tiquette de blanchisserie RFID-PPS -T5577"},"content":{"rendered":"<div class=\"J_module\">\n<div class=\"ife-detail-decorate-table\">\n<table style=\"border-collapse: collapse; width: 451.23pt;\" border=\"0\" width=\"752\" cellspacing=\"0\" cellpadding=\"0\">\n<tbody>\n<tr style=\"height: 28.00pt;\">\n<td class=\"et2\" style=\"height: 28.00pt; width: 138.60pt;\" width=\"231\" height=\"46\">Nom de l&#039;article<\/td>\n<td class=\"et3\" style=\"width: 312.60pt;\" width=\"521\">\u00c9tiquette de blanchisserie RFID-PPS -T5577<\/td>\n<\/tr>\n<tr style=\"height: 14.40pt;\">\n<td class=\"et3\" style=\"height: 14.40pt; width: 138.60pt;\" width=\"231\" height=\"24\">Mat\u00e9riel<\/td>\n<td class=\"et3\" style=\"width: 312.60pt;\" width=\"521\">PPS<\/td>\n<\/tr>\n<tr style=\"height: 14.40pt;\">\n<td class=\"et3\" style=\"height: 14.40pt; width: 138.60pt;\" width=\"231\" height=\"24\">Couleur<\/td>\n<td class=\"et3\" style=\"width: 312.60pt;\" width=\"521\">Noir<\/td>\n<\/tr>\n<tr style=\"height: 14.40pt;\">\n<td class=\"et3\" style=\"height: 14.40pt; width: 138.60pt;\" width=\"231\" height=\"24\">MOQ<\/td>\n<td class=\"et3\" style=\"width: 312.60pt;\" width=\"521\">500 pi\u00e8ces<\/td>\n<\/tr>\n<tr style=\"height: 42.00pt;\">\n<td class=\"et3\" style=\"height: 42.00pt; width: 138.60pt;\" width=\"231\" height=\"70\">Fabricant\/puce<\/td>\n<td class=\"et3\" style=\"width: 312.60pt;\" width=\"521\">EM4200, TK4100, EM4305, T5577, etc.<\/td>\n<\/tr>\n<tr style=\"height: 14.40pt;\">\n<td class=\"et3\" style=\"height: 14.40pt; width: 138.60pt;\" width=\"231\" height=\"24\">Fr\u00e9quence<\/td>\n<td class=\"et3\" style=\"width: 312.60pt;\" width=\"521\">125 kHz<\/td>\n<\/tr>\n<tr style=\"height: 70.00pt;\">\n<td class=\"et3\" style=\"height: 70.00pt; width: 138.60pt;\" width=\"231\" height=\"116\">Taille<\/td>\n<td class=\"et3\" style=\"width: 312.60pt;\" width=\"521\">Dia14mm, Dia15mm, Dia18mm, Dia20mm,<\/p>\n<p>Dia22mm, Dia24mm, Dia30mm etc.<\/td>\n<\/tr>\n<tr style=\"height: 14.40pt;\">\n<td class=\"et3\" style=\"height: 14.40pt; width: 138.60pt;\" width=\"231\" height=\"24\">Lire la distance<\/td>\n<td class=\"et3\" style=\"width: 312.60pt;\" width=\"521\">1 ~ 5 cm<\/td>\n<\/tr>\n<tr style=\"height: 14.40pt;\">\n<td class=\"et3\" style=\"height: 14.40pt; width: 138.60pt;\" width=\"231\" height=\"24\">En mode travail<\/td>\n<td class=\"et3\" style=\"width: 312.60pt;\" width=\"521\">passif<\/td>\n<\/tr>\n<tr style=\"height: 14.40pt;\">\n<td class=\"et3\" style=\"height: 14.40pt; width: 138.60pt;\" width=\"231\" height=\"24\">Temp\u00e9rature de fonctionnement<\/td>\n<td class=\"et3\" style=\"width: 312.60pt;\" width=\"521\">-25<span class=\"font0\">\u2103<\/span><span class=\"font2\">~+110<\/span><span class=\"font0\">\u2103<\/span><\/td>\n<\/tr>\n<tr style=\"height: 14.40pt;\">\n<td class=\"et3\" style=\"height: 14.40pt; width: 138.60pt;\" width=\"231\" height=\"24\">Temp\u00e9rature de stockage<\/td>\n<td class=\"et3\" style=\"width: 312.60pt;\" width=\"521\">-40<span class=\"font0\">\u2103<\/span><span class=\"font2\">~+85<\/span><span class=\"font0\">\u2103<\/span><\/td>\n<\/tr>\n<tr style=\"height: 73.00pt;\">\n<td class=\"et4\" style=\"height: 73.00pt;\" height=\"121\">Sp\u00e9cifications de fonctionnement<\/td>\n<td class=\"et3\" style=\"width: 312.60pt;\" width=\"521\">Imperm\u00e9able; r\u00e9sistant \u00e0 l&#039;immersion dans l&#039;eau sal\u00e9e, l&#039;alcool, l&#039;huile, 10%HCL\u00a0; Ammoniac; chocs et vibrations<\/td>\n<\/tr>\n<tr style=\"height: 14.40pt;\">\n<td class=\"et3\" style=\"height: 14.40pt; width: 138.60pt;\" width=\"231\" height=\"24\">Caract\u00e9ristiques<\/td>\n<td class=\"et3\" style=\"width: 312.60pt;\" width=\"521\">imperm\u00e9able, lavable, r\u00e9sistance aux hautes temp\u00e9ratures<\/td>\n<\/tr>\n<tr style=\"height: 14.40pt;\">\n<td class=\"et3\" style=\"height: 14.40pt; width: 138.60pt;\" width=\"231\" height=\"24\">Applications<\/td>\n<td class=\"et3\" style=\"width: 312.60pt;\" width=\"521\">gestion et suivi du linge<\/td>\n<\/tr>\n<\/tbody>\n<\/table>\n<\/div>\n<p>&nbsp;<\/p>\n<p><strong>Le circuit int\u00e9gr\u00e9 ATA5577<\/strong> est une puce int\u00e9gr\u00e9e d&#039;identification en lecture\/\u00e9criture sans contact (IDIC\u00ae<br \/>\n) pour les applications dans le 125 kHz ou 134<br \/>\nbande de fr\u00e9quence kHz. Une seule bobine connect\u00e9e \u00e0 la puce sert d&#039;alimentation \u00e9lectrique et bidirectionnelle au circuit int\u00e9gr\u00e9.<br \/>\nInterface de Communication. L&#039;antenne et la puce forment ensemble un transpondeur ou une \u00e9tiquette. L&#039;EEPROM 363 bits sur puce<br \/>\n(11 blocs de 33 bits chacun) est lu et \u00e9crit par blocs \u00e0 partir d&#039;une station de base (lecteur). Les donn\u00e9es sont transmises depuis le<br \/>\nIDIC (liaison montante) utilisant la modulation de charge. Ceci est r\u00e9alis\u00e9 en amortissant le champ RF avec une charge r\u00e9sistive entre les deux<br \/>\nbornes \u00ab Bobine 1 et Bobine 2 \u00bb. Le CI re\u00e7oit et d\u00e9code les commandes de la station de base s\u00e9rie (liaison descendante), qui sont<br \/>\ncod\u00e9 sous forme de flux binaires cod\u00e9s par intervalle d&#039;impulsion (PIE) \u00e0 modulation On-Off (OOK) modul\u00e9s en amplitude 100%.<\/p>\n<p><strong>Caract\u00e9ristiques du circuit int\u00e9gr\u00e9 ATA5577<\/strong><br \/>\nVoici les caract\u00e9ristiques suivantes de la lecture\/\u00e9criture LF RFID IDIC 100 kHz \u00e0 150 kHz\u00a0:<br \/>\n\u2022 Alimentation sans contact<br \/>\n\u2022 Transmission de donn\u00e9es en lecture\/\u00e9criture sans contact<br \/>\n\u2022 Fr\u00e9quence radio fRF de 100 kHz \u00e0 150 kHz<br \/>\n\u2022 Mode de base ou mode \u00e9tendu<br \/>\n\u2022 Compatible avec T5557, ATA5567<br \/>\n\u2022 Remplacement du e5551\/T5551 dans les modes de fonctionnement les plus courants.<br \/>\n\u2022 Configurable pour la compatibilit\u00e9 ISO\/IEC 11784\/785<br \/>\n\u2022 M\u00e9moire EEPROM totale de 363 bits\u00a0: 11 blocs (32 bits + 1 bit de verrouillage)\u00a0:<br \/>\n\u2013 M\u00e9moire utilisateur EEPROM 7 \u00d7 32 bits, y compris m\u00e9moire de mot de passe 32 bits<br \/>\n\u2013 2 \u00d7 32 bits pour un identifiant unique<br \/>\n\u2013 1 \u00d7 registre d&#039;option 32 bits dans l&#039;EEPROM pour configurer le frontal analogique\u00a0:<br \/>\n\u2022 Niveau de d\u00e9tection d&#039;horloge et d&#039;\u00e9cart<br \/>\n\u2022 Synchronisation de liaison descendante am\u00e9lior\u00e9e<br \/>\n\u2022 Tension de serrage et de modulation<br \/>\n\u2022 Commutation de modulation douce<br \/>\n\u2022 Amortissement \u00e9crit comme le T5557\/ATA5567 ou avec r\u00e9sistance<br \/>\n\u2022 Protocole de liaison descendante<br \/>\n\u2013 1 \u00d7 registre de configuration 32 bits en EEPROM pour configurer :<br \/>\n\u2022 D\u00e9bit de donn\u00e9es<br \/>\n\u2013 RF\/2 \u00e0 RF\/128, s\u00e9lectionnable en binaire ou<br \/>\n\u2013 Tarifs fixes du mode Basic<br \/>\n\u2022 Modulation\/codage<br \/>\n\u2013 Bi-phase, Manchester, modulation par d\u00e9placement de fr\u00e9quence (FSK), modulation par d\u00e9placement de phase (PSK), non-retour \u00e0 z\u00e9ro (NRZ)<br \/>\n\u2022 Autres options:<br \/>\n\u2013 Mode mot de passe<br \/>\n\u2013 Fonction de bloc maximum<br \/>\n\u2013 Mode acc\u00e8s direct<br \/>\n\u2013 Terminateurs de s\u00e9quence<\/p>\n<\/div>\n<div class=\"J_module\">\n<div class=\"detail-decorate-json-renderer-container\">\n<div class=\"magic-1\">\n<div>\n<div><\/div>\n<\/div>\n<div class=\"magic-2\">\n<div>\n<div class=\"auto-hide-last-sibling-br paragraph_1252f paragraph-element\">\n<div class=\"auto-hide-last-sibling-br paragraph_1252f paragraph-element\"><strong>\u00c9tiquettes de blanchisserie 125kHz PPS RFID<\/strong> offrent de nombreux avantages lorsqu\u2019ils sont int\u00e9gr\u00e9s dans des solutions d\u2019\u00e9tiquettes RFID pour le linge.<\/div>\n<div class=\"auto-hide-last-sibling-br paragraph_1252f paragraph-element\">Parmi ces avantages figurent :<\/div>\n<ol class=\"auto-hide-last-sibling-br\">\n<li>La tarification directe en usine garantit des solutions rentables.<\/li>\n<li>Qualit\u00e9 garantie, avec des tests 100% effectu\u00e9s avant exp\u00e9dition.<\/li>\n<li>Fiabilit\u00e9 durable, certifi\u00e9e pour d\u00e9passer 200 cycles de lavage ou b\u00e9n\u00e9ficiant d&#039;une garantie de dur\u00e9e de vie de 2 ans apr\u00e8s exp\u00e9dition.<\/li>\n<li>Durabilit\u00e9 exceptionnelle, avec r\u00e9sistance \u00e0 l\u2019eau, \u00e0 la chaleur, \u00e0 la pression et \u00e0 l\u2019exposition aux produits chimiques.<\/li>\n<li>Nous fournissons \u00e9galement un \u00e9chantillon gratuit pour l\u2019assurance qualit\u00e9 et les tests.<\/li>\n<\/ol>\n<div class=\"auto-hide-last-sibling-br paragraph_1252f paragraph-element\"><strong>\u00c9tiquette de blanchisserie RFID-PPS-T5577 Applications :<\/strong><\/div>\n<ol class=\"auto-hide-last-sibling-br\">\n<li>\n<div class=\"auto-hide-last-sibling-br paragraph_1252f paragraph-element\">Blanchisseries industrielles\u00a0: dans le domaine industriel, l&#039;utilisation de boutons d&#039;\u00e9tiquettes RFID pour le linge facilite le suivi de quantit\u00e9s massives de linge.<\/div>\n<\/li>\n<li>\n<div class=\"auto-hide-last-sibling-br paragraph_1252f paragraph-element\">H\u00f4pitaux et h\u00f4tels\u00a0: ces institutions g\u00e8rent souvent des t\u00e2ches de blanchisserie \u00e0 volume important pour lesquelles ces \u00e9tiquettes se sont r\u00e9v\u00e9l\u00e9es essentielles pour am\u00e9liorer l&#039;efficacit\u00e9 et rationaliser la gestion des stocks.<\/div>\n<\/li>\n<li>\n<div class=\"auto-hide-last-sibling-br paragraph_1252f paragraph-element\">Location de linge : les entreprises qui proposent des services de location de linge adoptent ces \u00e9tiquettes pour simplifier la gestion des stocks et assurer le contr\u00f4le de la qualit\u00e9.<\/div>\n<\/li>\n<\/ol>\n<\/div>\n<\/div>\n<\/div>\n<\/div>\n<\/div>\n<\/div>","protected":false},"excerpt":{"rendered":"<div class=\"auto-hide-last-sibling-br paragraph_1252f paragraph-element\">Les \u00e9tiquettes de blanchisserie RFID T5577 PPS, fabriqu\u00e9es \u00e0 partir d&#039;un mat\u00e9riau PPS r\u00e9silient, sont con\u00e7ues pour r\u00e9sister \u00e0 l&#039;immersion dans l&#039;eau, \u00e0 l&#039;exposition \u00e0 la chaleur, \u00e0 la pression et aux produits chimiques, ce qui les rend parfaites pour les environnements difficiles.<\/div>","protected":false},"featured_media":116,"template":"","meta":{"_kad_post_transparent":"default","_kad_post_title":"","_kad_post_layout":"default","_kad_post_sidebar_id":"","_kad_post_content_style":"default","_kad_post_vertical_padding":"default","_kad_post_feature":"","_kad_post_feature_position":"","_kad_post_header":false,"_kad_post_footer":false,"_kad_post_classname":""},"product_brand":[],"product_cat":[21,18],"product_tag":[52,49,58],"class_list":{"0":"post-115","1":"product","2":"type-product","3":"status-publish","4":"has-post-thumbnail","6":"product_cat-pps-rfid-laundry-tag","7":"product_cat-125khz-rfid-laundry-tag","8":"product_tag-125khz-pps-rfid-laundry-tag","9":"product_tag-button-rfid-tag","10":"product_tag-rfid-laundry-tag-pps-t5577","12":"first","13":"instock","14":"shipping-taxable","15":"product-type-simple","16":"entry","17":"content-bg","18":"loop-entry"},"_links":{"self":[{"href":"https:\/\/rfid-laundry-tag.com\/fr\/wp-json\/wp\/v2\/product\/115","targetHints":{"allow":["GET"]}}],"collection":[{"href":"https:\/\/rfid-laundry-tag.com\/fr\/wp-json\/wp\/v2\/product"}],"about":[{"href":"https:\/\/rfid-laundry-tag.com\/fr\/wp-json\/wp\/v2\/types\/product"}],"version-history":[{"count":1,"href":"https:\/\/rfid-laundry-tag.com\/fr\/wp-json\/wp\/v2\/product\/115\/revisions"}],"predecessor-version":[{"id":1340,"href":"https:\/\/rfid-laundry-tag.com\/fr\/wp-json\/wp\/v2\/product\/115\/revisions\/1340"}],"wp:featuredmedia":[{"embeddable":true,"href":"https:\/\/rfid-laundry-tag.com\/fr\/wp-json\/wp\/v2\/media\/116"}],"wp:attachment":[{"href":"https:\/\/rfid-laundry-tag.com\/fr\/wp-json\/wp\/v2\/media?parent=115"}],"wp:term":[{"taxonomy":"product_brand","embeddable":true,"href":"https:\/\/rfid-laundry-tag.com\/fr\/wp-json\/wp\/v2\/product_brand?post=115"},{"taxonomy":"product_cat","embeddable":true,"href":"https:\/\/rfid-laundry-tag.com\/fr\/wp-json\/wp\/v2\/product_cat?post=115"},{"taxonomy":"product_tag","embeddable":true,"href":"https:\/\/rfid-laundry-tag.com\/fr\/wp-json\/wp\/v2\/product_tag?post=115"}],"curies":[{"name":"wp","href":"https:\/\/api.w.org\/{rel}","templated":true}]}}