{"id":111,"date":"2024-06-12T04:33:57","date_gmt":"2024-06-12T04:33:57","guid":{"rendered":"https:\/\/rfid-laundry-tag.com\/?post_type=product&#038;p=111"},"modified":"2024-06-12T04:47:00","modified_gmt":"2024-06-12T04:47:00","slug":"hf-13-56-mhz-rfid-laundry-tags","status":"publish","type":"product","link":"https:\/\/rfid-laundry-tag.com\/fr\/hf-13-56-mhz-rfid-laundry-tags\/","title":{"rendered":"\u00c9TIQUETTES DE BUANDERIE RFID PPS 13,56 MHz"},"content":{"rendered":"<div class=\"J_module\">\n<div class=\"ife-detail-decorate-table\">\n<table class=\"has-title all magic-6\">\n<tbody>\n<tr>\n<td colspan=\"1\" rowspan=\"1\">\n<div class=\"magic-7\" data-spm-anchor-id=\"a2700.details.0.i45.77607d98vZbcDU\"><span class=\"magic-8\" style=\"color: #363535;\">Nom de l&#039;article<\/span><\/div>\n<\/td>\n<td colspan=\"1\" rowspan=\"1\">\n<div class=\"magic-9\">\u00c9TIQUETTES DE BUANDERIE RFID PPS 13,56 MHz<\/div>\n<\/td>\n<\/tr>\n<tr>\n<td colspan=\"1\" rowspan=\"1\">\n<div class=\"magic-7\"><span class=\"magic-10\" data-spm-anchor-id=\"a2700.pc-decorate.0.i10.28d333330XLbTD\"><span class=\"magic-8\">Mat\u00e9riel<\/span><\/span><\/div>\n<\/td>\n<td colspan=\"1\" rowspan=\"1\">\n<div class=\"magic-9\"><span class=\"magic-8\">PPS<\/span><\/div>\n<\/td>\n<\/tr>\n<tr>\n<td colspan=\"1\" rowspan=\"1\">\n<div class=\"magic-7\"><span class=\"magic-8\">Couleur<\/span><\/div>\n<\/td>\n<td colspan=\"1\" rowspan=\"1\">\n<div class=\"magic-9\"><span class=\"magic-8\">Noir, etc.<\/span><\/div>\n<\/td>\n<\/tr>\n<tr>\n<td colspan=\"1\" rowspan=\"1\">MOQ<\/td>\n<td colspan=\"1\" rowspan=\"1\">500 pi\u00e8ces<\/td>\n<\/tr>\n<tr>\n<td colspan=\"1\" rowspan=\"1\">\n<div class=\"magic-7\"><span class=\"magic-8\">Fabricant\/puce<\/span><\/div>\n<\/td>\n<td colspan=\"1\" rowspan=\"1\">\n<div class=\"magic-9\"><span class=\"magic-8\">ISO15693\u00a0:\u00a0NXP I Code Slix\u00a0; ISO14443A\u00a0: Ntag213, Ntag215, Ntag216, Mifare ultral\u00e9ger ev1, etc.<\/span><\/div>\n<\/td>\n<\/tr>\n<tr>\n<td colspan=\"1\" rowspan=\"1\">\n<div class=\"magic-7\"><span class=\"magic-8\">Fr\u00e9quence<\/span><\/div>\n<\/td>\n<td colspan=\"1\" rowspan=\"1\">\n<div class=\"magic-9\"><span class=\"magic-8\">13,56 MHz<\/span><\/div>\n<\/td>\n<\/tr>\n<tr>\n<td colspan=\"1\" rowspan=\"1\">\n<div class=\"magic-7\"><span class=\"magic-8\">M\u00e9moire<\/span><\/div>\n<\/td>\n<td colspan=\"1\" rowspan=\"1\">\n<div class=\"magic-9\"><span class=\"magic-8\">NXP I Code Slix fait 1\u00a0000\u00a0octets\u00a0; M\u00e9moire de l&#039;autre puce\u00a0: 144 octets, 504 octets, 888 octets, 64 octets, etc.<\/span><\/div>\n<\/td>\n<\/tr>\n<tr>\n<td colspan=\"1\" rowspan=\"1\">\n<div class=\"magic-7\"><span class=\"magic-8\">Lire la distance<\/span><\/div>\n<\/td>\n<td colspan=\"1\" rowspan=\"1\">\n<div class=\"magic-9\"><span class=\"magic-8\">1 ~ 5 cm<\/span><\/div>\n<\/td>\n<\/tr>\n<tr>\n<td colspan=\"1\" rowspan=\"1\">\n<div class=\"magic-7\"><span class=\"magic-8\">En mode travail<\/span><\/div>\n<\/td>\n<td colspan=\"1\" rowspan=\"1\">\n<div class=\"magic-9\"><span class=\"magic-8\">passif<\/span><\/div>\n<\/td>\n<\/tr>\n<tr>\n<td colspan=\"1\" rowspan=\"1\">\n<div class=\"magic-7\"><span class=\"magic-8\">Temp\u00e9rature de fonctionnement<\/span><\/div>\n<\/td>\n<td colspan=\"1\" rowspan=\"1\">\n<div class=\"magic-9\"><span class=\"magic-8\">-25 \u2103 ~ + 110 \u2103<\/span><\/div>\n<\/td>\n<\/tr>\n<tr>\n<td colspan=\"1\" rowspan=\"1\">\n<div class=\"magic-7\"><span class=\"magic-8\">Temp\u00e9rature de stockage<\/span><\/div>\n<\/td>\n<td colspan=\"1\" rowspan=\"1\">\n<div class=\"magic-9\"><span class=\"magic-8\">-40 \u2103 ~ + 85 \u2103<\/span><\/div>\n<\/td>\n<\/tr>\n<tr>\n<td colspan=\"1\" rowspan=\"1\">\n<div class=\"magic-7\">\n<div><span class=\"magic-8\">\u00a0<\/span><\/div>\n<p><span class=\"magic-8\">R\u00e9sistance \u00e0 la temp\u00e9rature \u00e0 court terme<\/span><\/p>\n<\/div>\n<\/td>\n<td colspan=\"1\" rowspan=\"1\">\n<div class=\"magic-9\"><span class=\"magic-8\">lavage : 90\u2103, 15 minutes\u00a0; pr\u00e9-s\u00e9chage du convertisseur\u00a0: 180 \u2103, 30 minutes, 200 fois\u00a0; repassage : 180 \u2103, 10 secondes, 200 fois ; haut<br \/>\nst\u00e9rilisation \u00e0 temp\u00e9rature\u00a0: 135 \u2103, 20 minutes<\/span><\/div>\n<\/td>\n<\/tr>\n<tr>\n<td colspan=\"1\" rowspan=\"1\">\n<div class=\"magic-7\"><span class=\"magic-8\">Caract\u00e9ristiques<\/span><\/div>\n<\/td>\n<td colspan=\"1\" rowspan=\"1\">\n<div class=\"magic-9\"><span class=\"magic-8\">imperm\u00e9able, lavable, r\u00e9sistance aux hautes temp\u00e9ratures<\/span><\/div>\n<\/td>\n<\/tr>\n<tr>\n<td colspan=\"1\" rowspan=\"1\">\n<div class=\"magic-7\"><span class=\"magic-8\">Vie<\/span><\/div>\n<\/td>\n<td colspan=\"1\" rowspan=\"1\">\n<div class=\"magic-9\"><span class=\"magic-8\">laver 200 fois ou 3 ans<\/span><\/div>\n<\/td>\n<\/tr>\n<tr>\n<td colspan=\"1\" rowspan=\"1\">\n<div class=\"magic-7\"><span class=\"magic-8\">Applications<\/span><\/div>\n<\/td>\n<td colspan=\"1\" rowspan=\"1\">\n<div class=\"magic-9\"><span class=\"magic-8\">gestion et suivi du linge<\/span><\/div>\n<\/td>\n<\/tr>\n<\/tbody>\n<\/table>\n<\/div>\n<\/div>\n<div class=\"J_module\">\n<div class=\"detail-decorate-json-renderer-container\">\n<div class=\"magic-1\">\n<div class=\"magic-2\">\n<div class=\"auto-hide-last-sibling-br paragraph_1252f paragraph-element\">\n<div class=\"auto-hide-last-sibling-br paragraph_1252f paragraph-element\"><\/div>\n<div class=\"auto-hide-last-sibling-br paragraph_1252f paragraph-element\">\n<p><b>Demande d&#039;\u00e9tiquette de blanchisserie RFID ISO 15693 \u2013 PPS-I Code Slix\u00a0:<\/b><br \/>\n\u2013 Lavage industriel.<br \/>\n\u2013 Gestion des uniformes.<br \/>\n\u2013 Gestion des v\u00eatements m\u00e9dicaux.<br \/>\n\u2013 Gestion des v\u00eatements EPI.<br \/>\n\u2013 Gestion des patrouilles du personnel.<br \/>\n\u2013 Gestion du mat\u00e9riel de lutte contre l\u2019incendie.<br \/>\n\u2013 Gestion du mat\u00e9riel de ski.<\/p>\n<\/div>\n<div><\/div>\n<\/div>\n<\/div>\n<div>\n<p>Le <strong>ICODE SLIX CI<\/strong> est une puce d\u00e9di\u00e9e aux applications d&#039;\u00e9tiquettes intelligentes telles que les biblioth\u00e8ques, l&#039;authentification de produits dans diff\u00e9rentes industries telles que les produits pharmaceutiques, les dispositifs m\u00e9dicaux et l&#039;alcool, ainsi que la gestion de la production dans diff\u00e9rents domaines de l&#039;industrie. Ce CI est la troisi\u00e8me g\u00e9n\u00e9ration d&#039;une famille de produits de CI d&#039;\u00e9tiquettes intelligentes bas\u00e9e sur les normes ISO ISO\/IEC 15693 et ISO\/IEC 18000-3, prolongeant l&#039;histoire r\u00e9ussie de NXP.<sup>\u00ae<\/sup>\u00a0dans le domaine des syst\u00e8mes d&#039;identification de proximit\u00e9.<\/p>\n<h3>Transfert d&#039;\u00e9nergie et de donn\u00e9es sans contact<\/h3>\n<p>Lorsqu&#039;il est connect\u00e9 \u00e0 un type d&#039;antenne tr\u00e8s simple et facile \u00e0 produire (gr\u00e2ce \u00e0 la fr\u00e9quence porteuse de 13,56 MHz) constitu\u00e9 de quelques enroulements imprim\u00e9s, enroul\u00e9s, grav\u00e9s ou perfor\u00e9s, l&#039;ICODE SLIX IC peut fonctionner sans visibilit\u00e9 directe jusqu&#039;\u00e0 une distance de 1,5 m (largeur du portail). Aucune batterie n&#039;est n\u00e9cessaire. Lorsque l&#039;\u00e9tiquette intelligente est positionn\u00e9e dans le champ d&#039;une antenne d&#039;interrogateur, l&#039;interface de communication RF \u00e0 haut d\u00e9bit permet de transmettre des donn\u00e9es jusqu&#039;\u00e0 53 kbit\/s.<\/p>\n<h3>Anti-collision<\/h3>\n<p>Une fonction anti-collision intelligente permet \u00e0 plusieurs tags de fonctionner simultan\u00e9ment sur le terrain. L&#039;algorithme anti-collision s\u00e9lectionne chaque balise individuellement et garantit que l&#039;ex\u00e9cution d&#039;une transaction avec une balise s\u00e9lectionn\u00e9e s&#039;effectue correctement sans corruption des donn\u00e9es r\u00e9sultant d&#039;autres balises sur le terrain.<\/p>\n<h3>Caract\u00e9ristiques<\/h3>\n<div id=\"featuresXsp\" class=\"features-list\">\n<div class=\"features-xsp\">\n<div class=\"collapse-mobile ste-list\">\n<h3>Interface RF ICODE SLIX (ISO\/CEI 15693)<\/h3>\n<ul class=\"boxes\">\n<li>Transmission sans contact des donn\u00e9es et alimentation en \u00e9nergie (pas besoin de batterie)<\/li>\n<li>Distance de fonctionnement : jusqu&#039;\u00e0 1,5 m (selon la g\u00e9om\u00e9trie de l&#039;antenne)<\/li>\n<li>Fr\u00e9quence de fonctionnement\u00a0: 13,56 MHz (ISM, licence mondiale disponible gratuitement)<\/li>\n<li>Transfert de donn\u00e9es rapide : jusqu&#039;\u00e0 53 kbit\/s<\/li>\n<li>Int\u00e9grit\u00e9 \u00e9lev\u00e9e des donn\u00e9es\u00a0: CRC 16\u00a0bits, cadrage<\/li>\n<li>V\u00e9ritable anti-collision<\/li>\n<li>Surveillance \u00e9lectronique des articles (EAS) prot\u00e9g\u00e9e par mot de passe<\/li>\n<li>Identifiant de famille d&#039;applications (AFI) prot\u00e9g\u00e9 par mot de passe<\/li>\n<li>Identificateur de format de stockage de donn\u00e9es (DSFID)<\/li>\n<li>Lecture anti-collision rapide suppl\u00e9mentaire<\/li>\n<li>Distance d&#039;\u00e9criture \u00e9gale \u00e0 la distance de lecture<\/li>\n<\/ul>\n<\/div>\n<div class=\"collapse-mobile ste-list\">\n<h3>EEPROM<\/h3>\n<ul class=\"boxes\">\n<li>1024 bits, organis\u00e9s en 32 blocs de 4 octets chacun<\/li>\n<li>50 ans de conservation des donn\u00e9es<\/li>\n<li>Endurance d&#039;\u00e9criture de 100 000 cycles<\/li>\n<\/ul>\n<\/div>\n<div class=\"collapse-mobile ste-list\">\n<h3>S\u00e9curit\u00e9<\/h3>\n<ul class=\"boxes\">\n<li>Identifiant unique pour chaque appareil<\/li>\n<li>M\u00e9canisme de verrouillage pour chaque bloc de m\u00e9moire utilisateur (protection en \u00e9criture)<\/li>\n<li>M\u00e9canisme de verrouillage pour DSFID, AFI, EAS<\/li>\n<li>Fonctionnalit\u00e9s EAS et AFI prot\u00e9g\u00e9es par mot de passe (32 bits)<\/li>\n<\/ul>\n<h1 id=\"hero-title\" class=\"sp-hero-title\">NTAG<sup>\u00ae<\/sup>\u00a0213\/215\/216\u00a0: CI compatible avec les balises NFC Forum Type 2 avec 144\/504\/888 octets de m\u00e9moire utilisateur<\/h1>\n<\/div>\n<\/div>\n<\/div>\n<\/div>\n<div class=\"magic-2\">\n<div class=\"auto-hide-last-sibling-br paragraph_1252f paragraph-element\">\n<p>NTAG 213, NTAG 215 et NTAG 216 ont \u00e9t\u00e9 d\u00e9velopp\u00e9s par NXP<sup>\u00ae<\/sup>\u00a0Semi-conducteurs en tant que circuits int\u00e9gr\u00e9s d&#039;\u00e9tiquettes NFC standard destin\u00e9s \u00e0 \u00eatre utilis\u00e9s dans des applications grand public telles que la vente au d\u00e9tail, les jeux et l&#039;\u00e9lectronique grand public, en combinaison avec des dispositifs NFC ou des dispositifs de couplage de proximit\u00e9 compatibles NFC. NTAG 213, NTAG 215 et NTAG 216 (d\u00e9sormais g\u00e9n\u00e9ralement appel\u00e9s NTAG 21x) sont con\u00e7us pour \u00eatre enti\u00e8rement conformes aux sp\u00e9cifications NFC Forum Type 2 Tag et ISO\/IEC14443 Type A.<\/p>\n<p>Les applications cibles incluent la publicit\u00e9 intelligente hors domicile et dans les m\u00e9dias imprim\u00e9s, les applications SoLoMo, l&#039;authentification des produits, les \u00e9tiquettes d&#039;\u00e9tag\u00e8re NFC et les \u00e9tiquettes d&#039;accompagnement mobile.<\/p>\n<p>Les cas d&#039;utilisation cibles incluent la publicit\u00e9 intelligente hors domicile, l&#039;authentification de produits, les balises d&#039;accompagnement mobile, Bluetooth.<sup>\u00ae<\/sup>\u00a0ou couplage Wi-Fi, \u00e9tiquettes \u00e9lectroniques pour \u00e9tag\u00e8res et cartes de visite. La m\u00e9moire NTAG 21x peut \u00e9galement \u00eatre segment\u00e9e pour mettre en \u0153uvre plusieurs applications en m\u00eame temps.<\/p>\n<p>Gr\u00e2ce \u00e0 leur capacit\u00e9 d&#039;entr\u00e9e \u00e9lev\u00e9e, les circuits int\u00e9gr\u00e9s \u00e0 balises NTAG 21x sont particuli\u00e8rement adapt\u00e9s aux applications n\u00e9cessitant un faible encombrement, sans compromis sur les performances. Les petites balises NFC peuvent \u00eatre plus facilement int\u00e9gr\u00e9es, par exemple, aux \u00e9tiquettes de produits ou aux appareils \u00e9lectroniques.<\/p>\n<p>Les sp\u00e9cifications m\u00e9caniques et \u00e9lectriques du NTAG 21x sont adapt\u00e9es pour r\u00e9pondre aux exigences des fabricants d&#039;inlays et d&#039;\u00e9tiquettes.<\/p>\n<h3>Transfert d&#039;\u00e9nergie et de donn\u00e9es sans contact<\/h3>\n<p>La communication avec NTAG 21x ne peut \u00eatre \u00e9tablie que lorsque le CI est connect\u00e9 \u00e0 une antenne.<\/p>\n<p>Lorsque le NTAG 21x est positionn\u00e9 dans le domaine RF, l&#039;interface de communication RF \u00e0 haut d\u00e9bit permet la transmission des donn\u00e9es avec un d\u00e9bit en bauds de 106 kbit\/s.<\/p>\n<h3>D\u00e9ploiement simple et commodit\u00e9 pour l&#039;utilisateur<\/h3>\n<p>NTAG 21x offre des fonctionnalit\u00e9s sp\u00e9cifiques con\u00e7ues pour am\u00e9liorer l&#039;int\u00e9gration et le confort de l&#039;utilisateur\u00a0:<\/p>\n<ul>\n<li>La capacit\u00e9 de lecture rapide permet d&#039;analyser le message NDEF complet avec une seule commande FAST_READ, r\u00e9duisant ainsi la surcharge dans les environnements de production \u00e0 haut d\u00e9bit.<\/li>\n<li>Les performances RF am\u00e9lior\u00e9es permettent une plus grande flexibilit\u00e9 dans le choix de la forme, des dimensions et des mat\u00e9riaux<\/li>\n<li>L&#039;option pour une \u00e9paisseur de circuit int\u00e9gr\u00e9 de 75\u00a0\u03bcm permet la fabrication de tags ultrafins, pour une int\u00e9gration plus pratique, par exemple dans des magazines ou des cartes de jeu.<\/li>\n<\/ul>\n<h3>S\u00e9curit\u00e9<\/h3>\n<ul>\n<li>UID de 7 octets programm\u00e9 par le fabricant pour chaque appareil<\/li>\n<li>Conteneur de capacit\u00e9s pr\u00e9programm\u00e9 avec bits programmables une seule fois<\/li>\n<li>Fonction de verrouillage en lecture seule programmable sur site<\/li>\n<li>Signature d&#039;originalit\u00e9 bas\u00e9e sur ECC<\/li>\n<li>Protection par mot de passe 32 bits pour emp\u00eacher les op\u00e9rations de m\u00e9moire non autoris\u00e9es<\/li>\n<\/ul>\n<h3>Conformit\u00e9 au type NFC Forum Tag 2<\/h3>\n<p>NTAG 21x IC offre une conformit\u00e9 totale \u00e0 la sp\u00e9cification technique NFC Forum Tag 2 Type et permet les configurations de structure de donn\u00e9es NDEF.<\/p>\n<h3>Anti-collision<\/h3>\n<p>Une fonction anti-collision intelligente permet d&#039;utiliser simultan\u00e9ment plusieurs balises sur le terrain. L&#039;algorithme anti-collision s\u00e9lectionne chaque tag individuellement et garantit que l&#039;ex\u00e9cution d&#039;une transaction avec un tag s\u00e9lectionn\u00e9 s&#039;effectue correctement sans interf\u00e9rence d&#039;un autre tag sur le terrain.<\/p>\n<div class=\"auto-hide-last-sibling-br paragraph_1252f paragraph-element\"><\/div>\n<div class=\"auto-hide-last-sibling-br paragraph_1252f paragraph-element\"><\/div>\n<\/div>\n<\/div>\n<\/div>\n<\/div>\n<\/div>","protected":false},"excerpt":{"rendered":"<p>Les \u00e9tiquettes de blanchisserie RFID PPS 13,56 MHz sont soigneusement con\u00e7ues pour \u00eatre int\u00e9gr\u00e9es ou attach\u00e9es aux draps, aux serviettes et aux blouses ou uniformes m\u00e9dicaux primaires qui n\u00e9cessitent une \u00e9tiquette RFID de diam\u00e8tre robuste mais compact. La conception PPS + \u00e9poxy de cette \u00e9tiquette garantit qu&#039;elle peut supporter des niveaux de contrainte \u00e9lev\u00e9s et des environnements \u00e0 haute temp\u00e9rature, ce qui la rend particuli\u00e8rement durable et adapt\u00e9e aux industries exigeantes. De plus, nos \u00e9tiquettes peuvent \u00eatre fournies avec des puces m\u00e9moire NFC ISO 15693 et 14443 pour r\u00e9pondre \u00e0 diverses exigences.<\/p>","protected":false},"featured_media":114,"template":"","meta":{"_kad_post_transparent":"default","_kad_post_title":"","_kad_post_layout":"default","_kad_post_sidebar_id":"","_kad_post_content_style":"default","_kad_post_vertical_padding":"default","_kad_post_feature":"","_kad_post_feature_position":"","_kad_post_header":false,"_kad_post_footer":false,"_kad_post_classname":""},"product_brand":[],"product_cat":[21,17],"product_tag":[39,57,45],"class_list":{"0":"post-111","1":"product","2":"type-product","3":"status-publish","4":"has-post-thumbnail","6":"product_cat-pps-rfid-laundry-tag","7":"product_cat-nfc-rfid-laundry-tag","8":"product_tag-nfc-laundry-tag","9":"product_tag-pps-rfid-laundry-tags","10":"product_tag-pps-washable-nfc-tags","12":"first","13":"instock","14":"shipping-taxable","15":"product-type-simple","16":"entry","17":"content-bg","18":"loop-entry"},"_links":{"self":[{"href":"https:\/\/rfid-laundry-tag.com\/fr\/wp-json\/wp\/v2\/product\/111","targetHints":{"allow":["GET"]}}],"collection":[{"href":"https:\/\/rfid-laundry-tag.com\/fr\/wp-json\/wp\/v2\/product"}],"about":[{"href":"https:\/\/rfid-laundry-tag.com\/fr\/wp-json\/wp\/v2\/types\/product"}],"version-history":[{"count":0,"href":"https:\/\/rfid-laundry-tag.com\/fr\/wp-json\/wp\/v2\/product\/111\/revisions"}],"wp:featuredmedia":[{"embeddable":true,"href":"https:\/\/rfid-laundry-tag.com\/fr\/wp-json\/wp\/v2\/media\/114"}],"wp:attachment":[{"href":"https:\/\/rfid-laundry-tag.com\/fr\/wp-json\/wp\/v2\/media?parent=111"}],"wp:term":[{"taxonomy":"product_brand","embeddable":true,"href":"https:\/\/rfid-laundry-tag.com\/fr\/wp-json\/wp\/v2\/product_brand?post=111"},{"taxonomy":"product_cat","embeddable":true,"href":"https:\/\/rfid-laundry-tag.com\/fr\/wp-json\/wp\/v2\/product_cat?post=111"},{"taxonomy":"product_tag","embeddable":true,"href":"https:\/\/rfid-laundry-tag.com\/fr\/wp-json\/wp\/v2\/product_tag?post=111"}],"curies":[{"name":"wp","href":"https:\/\/api.w.org\/{rel}","templated":true}]}}