{"id":109,"date":"2024-06-12T04:24:09","date_gmt":"2024-06-12T04:24:09","guid":{"rendered":"https:\/\/rfid-laundry-tag.com\/?post_type=product&#038;p=109"},"modified":"2024-06-12T04:31:34","modified_gmt":"2024-06-12T04:31:34","slug":"nfc-laundry-tag-pps-icode-slix","status":"publish","type":"product","link":"https:\/\/rfid-laundry-tag.com\/fr\/nfc-laundry-tag-pps-icode-slix\/","title":{"rendered":"\u00c9tiquette de blanchisserie NFC \u2013 PPS- ICODE SLIX"},"content":{"rendered":"<div class=\"J_module\">\n<div class=\"ife-detail-decorate-table\">\n<table class=\"has-title all magic-6\">\n<tbody>\n<tr>\n<td colspan=\"1\" rowspan=\"1\">\n<div class=\"magic-7\" data-spm-anchor-id=\"a2700.details.0.i45.77607d98vZbcDU\"><span class=\"magic-8\" style=\"color: #363535;\">Nom de l&#039;article<\/span><\/div>\n<\/td>\n<td colspan=\"1\" rowspan=\"1\">\n<div class=\"magic-9\">\u00c9tiquette de blanchisserie NFC \u2013 PPS- ICODE SLIX<\/div>\n<\/td>\n<\/tr>\n<tr>\n<td colspan=\"1\" rowspan=\"1\">\n<div class=\"magic-7\"><span class=\"magic-10\" data-spm-anchor-id=\"a2700.pc-decorate.0.i10.28d333330XLbTD\"><span class=\"magic-8\">Mat\u00e9riel<\/span><\/span><\/div>\n<\/td>\n<td colspan=\"1\" rowspan=\"1\">\n<div class=\"magic-9\"><span class=\"magic-8\">PPS<\/span><\/div>\n<\/td>\n<\/tr>\n<tr>\n<td colspan=\"1\" rowspan=\"1\">\n<div class=\"magic-7\"><span class=\"magic-8\">Couleur<\/span><\/div>\n<\/td>\n<td colspan=\"1\" rowspan=\"1\">\n<div class=\"magic-9\"><span class=\"magic-8\">Noir, etc.<\/span><\/div>\n<\/td>\n<\/tr>\n<tr>\n<td colspan=\"1\" rowspan=\"1\">MOQ<\/td>\n<td colspan=\"1\" rowspan=\"1\">500 pi\u00e8ces<\/td>\n<\/tr>\n<tr>\n<td colspan=\"1\" rowspan=\"1\">\n<div class=\"magic-7\"><span class=\"magic-8\">Fabricant\/puce<\/span><\/div>\n<\/td>\n<td colspan=\"1\" rowspan=\"1\">\n<div class=\"magic-9\"><span class=\"magic-8\">NXP I Code Slix\u00a0; autres options :Ntag213,Ntag215,Ntag216,Mifare Ultralight ev1 etc.<\/span><\/div>\n<\/td>\n<\/tr>\n<tr>\n<td colspan=\"1\" rowspan=\"1\">\n<div class=\"magic-7\"><span class=\"magic-8\">Fr\u00e9quence<\/span><\/div>\n<\/td>\n<td colspan=\"1\" rowspan=\"1\">\n<div class=\"magic-9\"><span class=\"magic-8\">13,56 MHz<\/span><\/div>\n<\/td>\n<\/tr>\n<tr>\n<td colspan=\"1\" rowspan=\"1\">\n<div class=\"magic-7\"><span class=\"magic-8\">M\u00e9moire<\/span><\/div>\n<\/td>\n<td colspan=\"1\" rowspan=\"1\">\n<div class=\"magic-9\"><span class=\"magic-8\">1 ko octet\u00a0; M\u00e9moire de l&#039;autre puce\u00a0: 144 octets, 504 octets, 888 octets, 64 octets, etc.<\/span><\/div>\n<\/td>\n<\/tr>\n<tr>\n<td colspan=\"1\" rowspan=\"1\">\n<div class=\"magic-7\"><span class=\"magic-8\">Lire la distance<\/span><\/div>\n<\/td>\n<td colspan=\"1\" rowspan=\"1\">\n<div class=\"magic-9\"><span class=\"magic-8\">1 ~ 5 cm<\/span><\/div>\n<\/td>\n<\/tr>\n<tr>\n<td colspan=\"1\" rowspan=\"1\">\n<div class=\"magic-7\"><span class=\"magic-8\">En mode travail<\/span><\/div>\n<\/td>\n<td colspan=\"1\" rowspan=\"1\">\n<div class=\"magic-9\"><span class=\"magic-8\">passif<\/span><\/div>\n<\/td>\n<\/tr>\n<tr>\n<td colspan=\"1\" rowspan=\"1\">\n<div class=\"magic-7\"><span class=\"magic-8\">Temp\u00e9rature de fonctionnement<\/span><\/div>\n<\/td>\n<td colspan=\"1\" rowspan=\"1\">\n<div class=\"magic-9\"><span class=\"magic-8\">-25 \u2103 ~ + 110 \u2103<\/span><\/div>\n<\/td>\n<\/tr>\n<tr>\n<td colspan=\"1\" rowspan=\"1\">\n<div class=\"magic-7\"><span class=\"magic-8\">Temp\u00e9rature de stockage<\/span><\/div>\n<\/td>\n<td colspan=\"1\" rowspan=\"1\">\n<div class=\"magic-9\"><span class=\"magic-8\">-40 \u2103 ~ + 85 \u2103<\/span><\/div>\n<\/td>\n<\/tr>\n<tr>\n<td colspan=\"1\" rowspan=\"1\">\n<div class=\"magic-7\">\n<div><span class=\"magic-8\">\u00a0<\/span><\/div>\n<p><span class=\"magic-8\">R\u00e9sistance \u00e0 la temp\u00e9rature \u00e0 court terme<\/span><\/p>\n<\/div>\n<\/td>\n<td colspan=\"1\" rowspan=\"1\">\n<div class=\"magic-9\"><span class=\"magic-8\">lavage : 90\u2103, 15 minutes\u00a0; pr\u00e9-s\u00e9chage du convertisseur\u00a0: 180 \u2103, 30 minutes, 200 fois\u00a0; repassage : 180 \u2103, 10 secondes, 200 fois ; haut<br \/>\nst\u00e9rilisation \u00e0 temp\u00e9rature\u00a0: 135 \u2103, 20 minutes<\/span><\/div>\n<\/td>\n<\/tr>\n<tr>\n<td colspan=\"1\" rowspan=\"1\">\n<div class=\"magic-7\"><span class=\"magic-8\">Caract\u00e9ristiques<\/span><\/div>\n<\/td>\n<td colspan=\"1\" rowspan=\"1\">\n<div class=\"magic-9\"><span class=\"magic-8\">imperm\u00e9able, lavable, r\u00e9sistance aux hautes temp\u00e9ratures<\/span><\/div>\n<\/td>\n<\/tr>\n<tr>\n<td colspan=\"1\" rowspan=\"1\">\n<div class=\"magic-7\"><span class=\"magic-8\">Vie<\/span><\/div>\n<\/td>\n<td colspan=\"1\" rowspan=\"1\">\n<div class=\"magic-9\"><span class=\"magic-8\">laver 200 fois ou 3 ans<\/span><\/div>\n<\/td>\n<\/tr>\n<tr>\n<td colspan=\"1\" rowspan=\"1\">\n<div class=\"magic-7\"><span class=\"magic-8\">Applications<\/span><\/div>\n<\/td>\n<td colspan=\"1\" rowspan=\"1\">\n<div class=\"magic-9\"><span class=\"magic-8\">gestion et suivi du linge<\/span><\/div>\n<\/td>\n<\/tr>\n<\/tbody>\n<\/table>\n<\/div>\n<\/div>\n<div class=\"J_module\">\n<div class=\"detail-decorate-json-renderer-container\">\n<div class=\"magic-1\">\n<div>\n<div><\/div>\n<\/div>\n<div class=\"magic-2\">\n<div class=\"auto-hide-last-sibling-br paragraph_1252f paragraph-element\">\n<div class=\"auto-hide-last-sibling-br paragraph_1252f paragraph-element\"><b>\u00c9tiquette de blanchisserie NFC \u2013 Installation PPS-I Code Slix\u00a0:<\/b><br \/>\nUne fois qu&#039;une entreprise d\u00e9cide qu&#039;un <b>Blanchisserie NFC<\/b> syst\u00e8me de suivi peut leur \u00eatre b\u00e9n\u00e9fique, l&#039;\u00e9tape suivante consiste \u00e0 d\u00e9cider d&#039;un <b>\u00c9tiquette de blanchisserie NFC<\/b>.<br \/>\nLe <b>\u00c9tiquette de blanchisserie NFC<\/b> peut \u00e9galement \u00eatre cousu sur vos v\u00eatements, dans ce cas, les fonctions NFC ou UHF sont disponibles o\u00f9 que vous soyez.<\/div>\n<div class=\"auto-hide-last-sibling-br paragraph_1252f paragraph-element\">\n<p>&nbsp;<\/p>\n<p><b>Demande d&#039;\u00e9tiquette de blanchisserie NFC \u2013 PPS-I Code Slix\u00a0:<\/b><br \/>\n\u2013 Lavage industriel.<br \/>\n\u2013 Gestion des uniformes.<br \/>\n\u2013 Gestion des v\u00eatements m\u00e9dicaux.<br \/>\n\u2013 Gestion des v\u00eatements EPI.<br \/>\n\u2013 Gestion des patrouilles du personnel.<br \/>\n\u2013 Gestion du mat\u00e9riel de lutte contre l\u2019incendie.<br \/>\n\u2013 Gestion du mat\u00e9riel de ski.<\/p>\n<\/div>\n<div><\/div>\n<\/div>\n<\/div>\n<div>\n<p>Le <strong>ICODE SLIX CI<\/strong> est une puce d\u00e9di\u00e9e aux applications d&#039;\u00e9tiquettes intelligentes telles que les biblioth\u00e8ques, l&#039;authentification de produits dans diff\u00e9rentes industries telles que les produits pharmaceutiques, les dispositifs m\u00e9dicaux et l&#039;alcool, ainsi que la gestion de la production dans diff\u00e9rents domaines de l&#039;industrie. Ce CI est la troisi\u00e8me g\u00e9n\u00e9ration d&#039;une famille de produits de CI d&#039;\u00e9tiquettes intelligentes bas\u00e9e sur les normes ISO ISO\/IEC 15693 et ISO\/IEC 18000-3, prolongeant l&#039;histoire r\u00e9ussie de NXP.<sup>\u00ae<\/sup>\u00a0dans le domaine des syst\u00e8mes d&#039;identification de proximit\u00e9.<\/p>\n<h3>Transfert d&#039;\u00e9nergie et de donn\u00e9es sans contact<\/h3>\n<p>Lorsqu&#039;il est connect\u00e9 \u00e0 un type d&#039;antenne tr\u00e8s simple et facile \u00e0 produire (gr\u00e2ce \u00e0 la fr\u00e9quence porteuse de 13,56 MHz) constitu\u00e9 de quelques enroulements imprim\u00e9s, enroul\u00e9s, grav\u00e9s ou perfor\u00e9s, l&#039;ICODE SLIX IC peut fonctionner sans visibilit\u00e9 directe jusqu&#039;\u00e0 une distance de 1,5 m (largeur du portail). Aucune batterie n&#039;est n\u00e9cessaire. Lorsque l&#039;\u00e9tiquette intelligente est positionn\u00e9e dans le champ d&#039;une antenne d&#039;interrogateur, l&#039;interface de communication RF \u00e0 haut d\u00e9bit permet de transmettre des donn\u00e9es jusqu&#039;\u00e0 53 kbit\/s.<\/p>\n<h3>Anti-collision<\/h3>\n<p>Une fonction anti-collision intelligente permet \u00e0 plusieurs tags de fonctionner simultan\u00e9ment sur le terrain. L&#039;algorithme anti-collision s\u00e9lectionne chaque balise individuellement et garantit que l&#039;ex\u00e9cution d&#039;une transaction avec une balise s\u00e9lectionn\u00e9e s&#039;effectue correctement sans corruption des donn\u00e9es r\u00e9sultant d&#039;autres balises sur le terrain.<\/p>\n<h3>Caract\u00e9ristiques<\/h3>\n<div id=\"featuresXsp\" class=\"features-list\">\n<div class=\"features-xsp\">\n<div class=\"collapse-mobile ste-list\">\n<h3>Interface RF ICODE SLIX (ISO\/CEI 15693)<\/h3>\n<ul class=\"boxes\">\n<li>Transmission sans contact des donn\u00e9es et alimentation en \u00e9nergie (pas besoin de batterie)<\/li>\n<li>Distance de fonctionnement : jusqu&#039;\u00e0 1,5 m (selon la g\u00e9om\u00e9trie de l&#039;antenne)<\/li>\n<li>Fr\u00e9quence de fonctionnement\u00a0: 13,56 MHz (ISM, licence mondiale disponible gratuitement)<\/li>\n<li>Transfert de donn\u00e9es rapide : jusqu&#039;\u00e0 53 kbit\/s<\/li>\n<li>Int\u00e9grit\u00e9 \u00e9lev\u00e9e des donn\u00e9es\u00a0: CRC 16\u00a0bits, cadrage<\/li>\n<li>V\u00e9ritable anti-collision<\/li>\n<li>Surveillance \u00e9lectronique des articles (EAS) prot\u00e9g\u00e9e par mot de passe<\/li>\n<li>Identifiant de famille d&#039;applications (AFI) prot\u00e9g\u00e9 par mot de passe<\/li>\n<li>Identificateur de format de stockage de donn\u00e9es (DSFID)<\/li>\n<li>Lecture anti-collision rapide suppl\u00e9mentaire<\/li>\n<li>Distance d&#039;\u00e9criture \u00e9gale \u00e0 la distance de lecture<\/li>\n<\/ul>\n<\/div>\n<div class=\"collapse-mobile ste-list\">\n<h3>EEPROM<\/h3>\n<ul class=\"boxes\">\n<li>1024 bits, organis\u00e9s en 32 blocs de 4 octets chacun<\/li>\n<li>50 ans de conservation des donn\u00e9es<\/li>\n<li>Endurance d&#039;\u00e9criture de 100 000 cycles<\/li>\n<\/ul>\n<\/div>\n<div class=\"collapse-mobile ste-list\">\n<h3>S\u00e9curit\u00e9<\/h3>\n<ul class=\"boxes\">\n<li>Identifiant unique pour chaque appareil<\/li>\n<li>M\u00e9canisme de verrouillage pour chaque bloc de m\u00e9moire utilisateur (protection en \u00e9criture)<\/li>\n<li>M\u00e9canisme de verrouillage pour DSFID, AFI, EAS<\/li>\n<li>Fonctionnalit\u00e9s EAS et AFI prot\u00e9g\u00e9es par mot de passe (32 bits)<\/li>\n<\/ul>\n<\/div>\n<\/div>\n<\/div>\n<\/div>\n<div class=\"magic-2\">\n<div class=\"auto-hide-last-sibling-br paragraph_1252f paragraph-element\">\n<p>&nbsp;<\/p>\n<div class=\"auto-hide-last-sibling-br paragraph_1252f paragraph-element\"><\/div>\n<div class=\"auto-hide-last-sibling-br paragraph_1252f paragraph-element\"><\/div>\n<\/div>\n<\/div>\n<\/div>\n<\/div>\n<\/div>","protected":false},"excerpt":{"rendered":"<p>Les \u00e9tiquettes de blanchisserie ICODE SLIX NFC, con\u00e7ues avec des fonctionnalit\u00e9s anti-collision et EAS, conviennent parfaitement aux secteurs de la blanchisserie. Ces \u00e9tiquettes de blanchisserie NFC sont con\u00e7ues pour r\u00e9sister \u00e0 la chaleur, \u00e0 la pression et \u00e0 l&#039;exposition aux produits chimiques g\u00e9n\u00e9ralement rencontr\u00e9es dans les secteurs de la blanchisserie et de la location de textiles. Compte tenu de ces caract\u00e9ristiques, ils constituent la solution ultime pour un suivi transparent et sans contact des v\u00eatements au sein de ces industries.<\/p>","protected":false},"featured_media":110,"template":"","meta":{"_kad_post_transparent":"default","_kad_post_title":"","_kad_post_layout":"default","_kad_post_sidebar_id":"","_kad_post_content_style":"default","_kad_post_vertical_padding":"default","_kad_post_feature":"","_kad_post_feature_position":"","_kad_post_header":false,"_kad_post_footer":false,"_kad_post_classname":""},"product_brand":[],"product_cat":[21,17],"product_tag":[37,39,56,45],"class_list":{"0":"post-109","1":"product","2":"type-product","3":"status-publish","4":"has-post-thumbnail","6":"product_cat-pps-rfid-laundry-tag","7":"product_cat-nfc-rfid-laundry-tag","8":"product_tag-nfc-button","9":"product_tag-nfc-laundry-tag","10":"product_tag-nfc-laundry-tag-pps-icode-slix","11":"product_tag-pps-washable-nfc-tags","13":"first","14":"instock","15":"shipping-taxable","16":"product-type-simple","17":"entry","18":"content-bg","19":"loop-entry"},"_links":{"self":[{"href":"https:\/\/rfid-laundry-tag.com\/fr\/wp-json\/wp\/v2\/product\/109","targetHints":{"allow":["GET"]}}],"collection":[{"href":"https:\/\/rfid-laundry-tag.com\/fr\/wp-json\/wp\/v2\/product"}],"about":[{"href":"https:\/\/rfid-laundry-tag.com\/fr\/wp-json\/wp\/v2\/types\/product"}],"version-history":[{"count":0,"href":"https:\/\/rfid-laundry-tag.com\/fr\/wp-json\/wp\/v2\/product\/109\/revisions"}],"wp:featuredmedia":[{"embeddable":true,"href":"https:\/\/rfid-laundry-tag.com\/fr\/wp-json\/wp\/v2\/media\/110"}],"wp:attachment":[{"href":"https:\/\/rfid-laundry-tag.com\/fr\/wp-json\/wp\/v2\/media?parent=109"}],"wp:term":[{"taxonomy":"product_brand","embeddable":true,"href":"https:\/\/rfid-laundry-tag.com\/fr\/wp-json\/wp\/v2\/product_brand?post=109"},{"taxonomy":"product_cat","embeddable":true,"href":"https:\/\/rfid-laundry-tag.com\/fr\/wp-json\/wp\/v2\/product_cat?post=109"},{"taxonomy":"product_tag","embeddable":true,"href":"https:\/\/rfid-laundry-tag.com\/fr\/wp-json\/wp\/v2\/product_tag?post=109"}],"curies":[{"name":"wp","href":"https:\/\/api.w.org\/{rel}","templated":true}]}}